{"id":4232,"date":"2022-03-18T14:40:12","date_gmt":"2022-03-18T12:40:12","guid":{"rendered":"https:\/\/inspiratio.ro\/?post_type=product&#038;p=4232"},"modified":"2026-04-30T15:22:54","modified_gmt":"2026-04-30T12:22:54","slug":"portofel-mare-pentru-femei","status":"publish","type":"product","link":"https:\/\/inspiratio.ro\/en\/produs\/portofel-mare-pentru-femei\/","title":{"rendered":"Portofel mare pentru femei"},"content":{"rendered":"<p>Culori \u00een armonie, purt\u0103toare de personalitate.<\/p>\n<p>Proiectate de noi, portofelele noastre practice sunt f\u0103cute pentru a fi partenerul t\u0103u de zi cu zi. Sunt confec\u021bionate din piele de vac\u0103 natural\u0103 de calitate, cu cus\u0103turi \u00eent\u0103rite, pentru a v\u0103 asigura c\u0103 \u00ee\u0219i vor \u00eendeplini bine rolul pentru mul\u021bi ani de acum \u00eencolo.<\/p>\n<h3>Descriere<\/h3>\n<p>Portofelele noastre pentru femei sunt realizate cu design propriu, cu o meticulozitate atent\u0103 \u0219i meticuloas\u0103, folosind materiale de calitate \u0219i piele de vac\u0103 natural\u0103. Concepute pentru utilizarea zilnic\u0103, acestea sunt u\u0219or de v\u0103zut \u0219i de folosit. Este loc pentru orice, bani ascun\u0219i, bani mari, m\u0103run\u021bi\u0219uri, carduri \u0219i chiar cartea de identitate rom\u00e2neasc\u0103.<\/p>\n<h3>Mai multe informa\u021bii<\/h3>\n<table class=\"woocommerce-product-attributes shop_attributes\" aria-label=\"Product Details\">\n<tbody>\n<tr class=\"woocommerce-product-attributes-item woocommerce-product-attributes-item--dimensions\">\n<th class=\"woocommerce-product-attributes-item__label\" scope=\"row\">Dimensiuni<\/th>\n<td class=\"woocommerce-product-attributes-item__value\">19,5 \u00d7 11 cm<\/td>\n<\/tr>\n<tr class=\"woocommerce-product-attributes-item woocommerce-product-attributes-item--attribute_pa_szin\">\n<th class=\"woocommerce-product-attributes-item__label\" scope=\"row\">Culoare<\/th>\n<td class=\"woocommerce-product-attributes-item__value\">Piersic, Maro, Burgundia, Galben l\u0103m\u00e2ie, Albastru, Albastru, Negru, Albastru, Ro\u0219u, Roz pudr\u0103, Maro \u00eenchis-maro deschis, Maro deschis-maro \u00eenchis<\/td>\n<\/tr>\n<\/tbody>\n<\/table>\n<hr \/>\n<p>La INSPIRATIO stocurile sunt mereu reduse pentru c\u0103 lucr\u0103m cu artizani \u0219i designeri care manufactureaz\u0103 fiecare produs \u00een parte.<\/p>\n<p>Av\u00e2nd \u00een vedere diversitatea modelelor \u0219i culorilor disponibile \u00een magazin, v\u0103 rug\u0103m s\u0103 ne contacta\u021bi telefonic\/Whatsapp pentru a v\u0103 putea sprijini \u00een alegerea produsului dorit.<\/p>\n","protected":false},"excerpt":{"rendered":"<p>Culori \u00een armonie, purt\u0103toare de personalitate. Proiectate de noi, portofelele noastre practice sunt f\u0103cute pentru a fi partenerul t\u0103u de zi cu zi. Sunt confec\u021bionate din piele de vac\u0103 natural\u0103 de calitate, cu cus\u0103turi \u00eent\u0103rite, pentru a v\u0103 asigura c\u0103 \u00ee\u0219i vor \u00eendeplini bine rolul pentru mul\u021bi ani de acum \u00eencolo. Descriere Portofelele noastre pentru [&hellip;]<\/p>\n","protected":false},"featured_media":10966,"comment_status":"open","ping_status":"closed","template":"","meta":[],"pwb-brand":[247],"product_brand":[246],"product_cat":[87,17],"product_tag":[],"class_list":{"0":"post-4232","1":"product","2":"type-product","3":"status-publish","4":"has-post-thumbnail","6":"pwb-brand-barabas","7":"product_brand-barabas","8":"product_cat-to-wear","9":"product_cat-haine-si-accesorii","11":"first","12":"instock","13":"taxable","14":"shipping-taxable","15":"purchasable","16":"product-type-simple"},"yoast_head":"<!-- This site is optimized with the Yoast SEO plugin v26.9 - https:\/\/yoast.com\/product\/yoast-seo-wordpress\/ -->\n<title>Portofel mare pentru femei<\/title>\n<meta name=\"description\" content=\"Portofel mare pentru femei\u2013 datorit\u0103 designului s\u0103u compact \u0219i practic, portofelul poate fi un accesoriu potrivit pentru oricine.\u00a0\" \/>\n<meta name=\"robots\" content=\"index, follow, max-snippet:-1, max-image-preview:large, max-video-preview:-1\" \/>\n<link rel=\"canonical\" href=\"https:\/\/inspiratio.ro\/produs\/portofel-mare-pentru-femei\/\" \/>\n<meta property=\"og:locale\" content=\"en_US\" \/>\n<meta property=\"og:type\" content=\"article\" \/>\n<meta property=\"og:title\" content=\"Portofel mare pentru femei\" \/>\n<meta property=\"og:description\" content=\"Portofel mare pentru femei\u2013 datorit\u0103 designului s\u0103u compact \u0219i practic, portofelul poate fi un accesoriu potrivit pentru oricine.\u00a0\" \/>\n<meta property=\"og:url\" content=\"https:\/\/inspiratio.ro\/produs\/portofel-mare-pentru-femei\/\" \/>\n<meta property=\"og:site_name\" content=\"Inspiratio\" \/>\n<meta property=\"article:publisher\" content=\"https:\/\/www.facebook.com\/inspiratiogiftstudio\/\" \/>\n<meta property=\"article:modified_time\" content=\"2026-04-30T12:22:54+00:00\" \/>\n<meta property=\"og:image\" content=\"https:\/\/inspiratio.ro\/wp-content\/uploads\/2022\/03\/241213955_377964346994712_446050505938232575_n.jpg\" \/>\n\t<meta property=\"og:image:width\" content=\"788\" \/>\n\t<meta property=\"og:image:height\" content=\"788\" \/>\n\t<meta property=\"og:image:type\" content=\"image\/jpeg\" \/>\n<meta name=\"twitter:card\" content=\"summary_large_image\" \/>\n<meta name=\"twitter:label1\" content=\"Est. reading time\" \/>\n\t<meta name=\"twitter:data1\" content=\"2 minutes\" \/>\n<script type=\"application\/ld+json\" class=\"yoast-schema-graph\">{\"@context\":\"https:\/\/schema.org\",\"@graph\":[{\"@type\":\"WebPage\",\"@id\":\"https:\/\/inspiratio.ro\/produs\/portofel-mare-pentru-femei\/\",\"url\":\"https:\/\/inspiratio.ro\/produs\/portofel-mare-pentru-femei\/\",\"name\":\"Portofel mare pentru femei\",\"isPartOf\":{\"@id\":\"https:\/\/inspiratio.ro\/#website\"},\"primaryImageOfPage\":{\"@id\":\"https:\/\/inspiratio.ro\/produs\/portofel-mare-pentru-femei\/#primaryimage\"},\"image\":{\"@id\":\"https:\/\/inspiratio.ro\/produs\/portofel-mare-pentru-femei\/#primaryimage\"},\"thumbnailUrl\":\"https:\/\/inspiratio.ro\/wp-content\/uploads\/2022\/03\/241213955_377964346994712_446050505938232575_n.jpg\",\"datePublished\":\"2022-03-18T12:40:12+00:00\",\"dateModified\":\"2026-04-30T12:22:54+00:00\",\"description\":\"Portofel mare pentru femei\u2013 datorit\u0103 designului s\u0103u compact \u0219i practic, portofelul poate fi un accesoriu potrivit pentru oricine.\u00a0\",\"breadcrumb\":{\"@id\":\"https:\/\/inspiratio.ro\/produs\/portofel-mare-pentru-femei\/#breadcrumb\"},\"inLanguage\":\"en-US\",\"potentialAction\":[{\"@type\":\"ReadAction\",\"target\":[\"https:\/\/inspiratio.ro\/produs\/portofel-mare-pentru-femei\/\"]}]},{\"@type\":\"ImageObject\",\"inLanguage\":\"en-US\",\"@id\":\"https:\/\/inspiratio.ro\/produs\/portofel-mare-pentru-femei\/#primaryimage\",\"url\":\"https:\/\/inspiratio.ro\/wp-content\/uploads\/2022\/03\/241213955_377964346994712_446050505938232575_n.jpg\",\"contentUrl\":\"https:\/\/inspiratio.ro\/wp-content\/uploads\/2022\/03\/241213955_377964346994712_446050505938232575_n.jpg\",\"width\":788,\"height\":788},{\"@type\":\"BreadcrumbList\",\"@id\":\"https:\/\/inspiratio.ro\/produs\/portofel-mare-pentru-femei\/#breadcrumb\",\"itemListElement\":[{\"@type\":\"ListItem\",\"position\":1,\"name\":\"Shop\",\"item\":\"https:\/\/inspiratio.ro\/magazin-cadouri\/\"},{\"@type\":\"ListItem\",\"position\":2,\"name\":\"BRB Portofel mare pentru femei\"}]},{\"@type\":\"WebSite\",\"@id\":\"https:\/\/inspiratio.ro\/#website\",\"url\":\"https:\/\/inspiratio.ro\/\",\"name\":\"Inspiratio\",\"description\":\"Las\u0103-te purtat de inspira\u021bie\",\"publisher\":{\"@id\":\"https:\/\/inspiratio.ro\/#organization\"},\"potentialAction\":[{\"@type\":\"SearchAction\",\"target\":{\"@type\":\"EntryPoint\",\"urlTemplate\":\"https:\/\/inspiratio.ro\/?s={search_term_string}\"},\"query-input\":{\"@type\":\"PropertyValueSpecification\",\"valueRequired\":true,\"valueName\":\"search_term_string\"}}],\"inLanguage\":\"en-US\"},{\"@type\":\"Organization\",\"@id\":\"https:\/\/inspiratio.ro\/#organization\",\"name\":\"Inspiratio\",\"url\":\"https:\/\/inspiratio.ro\/\",\"logo\":{\"@type\":\"ImageObject\",\"inLanguage\":\"en-US\",\"@id\":\"https:\/\/inspiratio.ro\/#\/schema\/logo\/image\/\",\"url\":\"https:\/\/inspiratio.ro\/wp-content\/uploads\/2020\/06\/logo-inspiratio.png\",\"contentUrl\":\"https:\/\/inspiratio.ro\/wp-content\/uploads\/2020\/06\/logo-inspiratio.png\",\"width\":232,\"height\":209,\"caption\":\"Inspiratio\"},\"image\":{\"@id\":\"https:\/\/inspiratio.ro\/#\/schema\/logo\/image\/\"},\"sameAs\":[\"https:\/\/www.facebook.com\/inspiratiogiftstudio\/\",\"https:\/\/www.instagram.com\/inspiratio_giftstudio\/\"]}]}<\/script>\n<!-- \/ Yoast SEO plugin. -->","yoast_head_json":{"title":"Portofel mare pentru femei","description":"Portofel mare pentru femei\u2013 datorit\u0103 designului s\u0103u compact \u0219i practic, portofelul poate fi un accesoriu potrivit pentru oricine.\u00a0","robots":{"index":"index","follow":"follow","max-snippet":"max-snippet:-1","max-image-preview":"max-image-preview:large","max-video-preview":"max-video-preview:-1"},"canonical":"https:\/\/inspiratio.ro\/produs\/portofel-mare-pentru-femei\/","og_locale":"en_US","og_type":"article","og_title":"Portofel mare pentru femei","og_description":"Portofel mare pentru femei\u2013 datorit\u0103 designului s\u0103u compact \u0219i practic, portofelul poate fi un accesoriu potrivit pentru oricine.\u00a0","og_url":"https:\/\/inspiratio.ro\/produs\/portofel-mare-pentru-femei\/","og_site_name":"Inspiratio","article_publisher":"https:\/\/www.facebook.com\/inspiratiogiftstudio\/","article_modified_time":"2026-04-30T12:22:54+00:00","og_image":[{"width":788,"height":788,"url":"https:\/\/inspiratio.ro\/wp-content\/uploads\/2022\/03\/241213955_377964346994712_446050505938232575_n.jpg","type":"image\/jpeg"}],"twitter_card":"summary_large_image","twitter_misc":{"Est. reading time":"2 minutes"},"schema":{"@context":"https:\/\/schema.org","@graph":[{"@type":"WebPage","@id":"https:\/\/inspiratio.ro\/produs\/portofel-mare-pentru-femei\/","url":"https:\/\/inspiratio.ro\/produs\/portofel-mare-pentru-femei\/","name":"Portofel mare pentru femei","isPartOf":{"@id":"https:\/\/inspiratio.ro\/#website"},"primaryImageOfPage":{"@id":"https:\/\/inspiratio.ro\/produs\/portofel-mare-pentru-femei\/#primaryimage"},"image":{"@id":"https:\/\/inspiratio.ro\/produs\/portofel-mare-pentru-femei\/#primaryimage"},"thumbnailUrl":"https:\/\/inspiratio.ro\/wp-content\/uploads\/2022\/03\/241213955_377964346994712_446050505938232575_n.jpg","datePublished":"2022-03-18T12:40:12+00:00","dateModified":"2026-04-30T12:22:54+00:00","description":"Portofel mare pentru femei\u2013 datorit\u0103 designului s\u0103u compact \u0219i practic, portofelul poate fi un accesoriu potrivit pentru oricine.\u00a0","breadcrumb":{"@id":"https:\/\/inspiratio.ro\/produs\/portofel-mare-pentru-femei\/#breadcrumb"},"inLanguage":"en-US","potentialAction":[{"@type":"ReadAction","target":["https:\/\/inspiratio.ro\/produs\/portofel-mare-pentru-femei\/"]}]},{"@type":"ImageObject","inLanguage":"en-US","@id":"https:\/\/inspiratio.ro\/produs\/portofel-mare-pentru-femei\/#primaryimage","url":"https:\/\/inspiratio.ro\/wp-content\/uploads\/2022\/03\/241213955_377964346994712_446050505938232575_n.jpg","contentUrl":"https:\/\/inspiratio.ro\/wp-content\/uploads\/2022\/03\/241213955_377964346994712_446050505938232575_n.jpg","width":788,"height":788},{"@type":"BreadcrumbList","@id":"https:\/\/inspiratio.ro\/produs\/portofel-mare-pentru-femei\/#breadcrumb","itemListElement":[{"@type":"ListItem","position":1,"name":"Shop","item":"https:\/\/inspiratio.ro\/magazin-cadouri\/"},{"@type":"ListItem","position":2,"name":"BRB Portofel mare pentru femei"}]},{"@type":"WebSite","@id":"https:\/\/inspiratio.ro\/#website","url":"https:\/\/inspiratio.ro\/","name":"Inspiratio","description":"Las\u0103-te purtat de inspira\u021bie","publisher":{"@id":"https:\/\/inspiratio.ro\/#organization"},"potentialAction":[{"@type":"SearchAction","target":{"@type":"EntryPoint","urlTemplate":"https:\/\/inspiratio.ro\/?s={search_term_string}"},"query-input":{"@type":"PropertyValueSpecification","valueRequired":true,"valueName":"search_term_string"}}],"inLanguage":"en-US"},{"@type":"Organization","@id":"https:\/\/inspiratio.ro\/#organization","name":"Inspiratio","url":"https:\/\/inspiratio.ro\/","logo":{"@type":"ImageObject","inLanguage":"en-US","@id":"https:\/\/inspiratio.ro\/#\/schema\/logo\/image\/","url":"https:\/\/inspiratio.ro\/wp-content\/uploads\/2020\/06\/logo-inspiratio.png","contentUrl":"https:\/\/inspiratio.ro\/wp-content\/uploads\/2020\/06\/logo-inspiratio.png","width":232,"height":209,"caption":"Inspiratio"},"image":{"@id":"https:\/\/inspiratio.ro\/#\/schema\/logo\/image\/"},"sameAs":["https:\/\/www.facebook.com\/inspiratiogiftstudio\/","https:\/\/www.instagram.com\/inspiratio_giftstudio\/"]}]}},"brands":[{"id":247,"name":"Barabas","slug":"barabas"}],"_links":{"self":[{"href":"https:\/\/inspiratio.ro\/en\/wp-json\/wp\/v2\/product\/4232","targetHints":{"allow":["GET"]}}],"collection":[{"href":"https:\/\/inspiratio.ro\/en\/wp-json\/wp\/v2\/product"}],"about":[{"href":"https:\/\/inspiratio.ro\/en\/wp-json\/wp\/v2\/types\/product"}],"replies":[{"embeddable":true,"href":"https:\/\/inspiratio.ro\/en\/wp-json\/wp\/v2\/comments?post=4232"}],"wp:featuredmedia":[{"embeddable":true,"href":"https:\/\/inspiratio.ro\/en\/wp-json\/wp\/v2\/media\/10966"}],"wp:attachment":[{"href":"https:\/\/inspiratio.ro\/en\/wp-json\/wp\/v2\/media?parent=4232"}],"wp:term":[{"taxonomy":"pwb-brand","embeddable":true,"href":"https:\/\/inspiratio.ro\/en\/wp-json\/wp\/v2\/pwb-brand?post=4232"},{"taxonomy":"product_brand","embeddable":true,"href":"https:\/\/inspiratio.ro\/en\/wp-json\/wp\/v2\/product_brand?post=4232"},{"taxonomy":"product_cat","embeddable":true,"href":"https:\/\/inspiratio.ro\/en\/wp-json\/wp\/v2\/product_cat?post=4232"},{"taxonomy":"product_tag","embeddable":true,"href":"https:\/\/inspiratio.ro\/en\/wp-json\/wp\/v2\/product_tag?post=4232"}],"curies":[{"name":"wp","href":"https:\/\/api.w.org\/{rel}","templated":true}]}}