{"id":4227,"date":"2022-03-18T14:25:25","date_gmt":"2022-03-18T12:25:25","guid":{"rendered":"https:\/\/inspiratio.ro\/?post_type=product&#038;p=4227"},"modified":"2026-04-30T15:24:33","modified_gmt":"2026-04-30T12:24:33","slug":"portofel-clasic-cu-design-compact","status":"publish","type":"product","link":"https:\/\/inspiratio.ro\/en\/produs\/portofel-clasic-cu-design-compact\/","title":{"rendered":"Portofel clasic cu design compact"},"content":{"rendered":"<p>Portofel clasic care datorit\u0103 designului s\u0103u compact, practic \u0219i sub\u021bire, poate fi un accesoriu potrivit pentru oricine. Este fabricat din piele natural\u0103 \u0219i are cus\u0103turi \u00eent\u0103rite pentru a rezista o lung\u0103 perioad\u0103 de timp.<\/p>\n<h3>Descriere<\/h3>\n<p>Portofelele noastre sunt realizate cu design propriu, cu aten\u021bie \u0219i meticulozitate, folosind materiale de calitate \u0219i piele de vac\u0103 natural\u0103 de calitate. Concepute pentru utilizarea zilnic\u0103, acestea sunt u\u0219or de folosit. Are o sec\u021biune separat\u0103 pentru bancnote, monede, carduri \u0219i cartea de identitate rom\u00e2neasc\u0103.<\/p>\n<h3>Mai multe informa\u021bii<\/h3>\n<table class=\"woocommerce-product-attributes shop_attributes\" style=\"height: 90px;\" width=\"858\" aria-label=\"Product Details\">\n<tbody>\n<tr class=\"woocommerce-product-attributes-item woocommerce-product-attributes-item--dimensions\">\n<th class=\"woocommerce-product-attributes-item__label\" scope=\"row\">Dimensiuni<\/th>\n<td class=\"woocommerce-product-attributes-item__value\">12,5 \u00d7 10 cm<\/td>\n<\/tr>\n<tr class=\"woocommerce-product-attributes-item woocommerce-product-attributes-item--attribute_pa_szin\">\n<th class=\"woocommerce-product-attributes-item__label\" scope=\"row\">Culoare<\/th>\n<td class=\"woocommerce-product-attributes-item__value\">Piersic, Maro, Galben l\u0103m\u00e2ie, Albastru, Alb, Negru, Albastru, Ro\u0219u, Ro\u0219u, Roz pudr\u0103<\/td>\n<\/tr>\n<\/tbody>\n<\/table>\n<hr \/>\n<p>La INSPIRATIO stocurile sunt mereu reduse pentru c\u0103 lucr\u0103m cu artizani \u0219i designeri care manufactureaz\u0103 fiecare produs \u00een parte.<\/p>\n<p>Av\u00e2nd \u00een vedere diversitatea modelelor \u0219i culorilor disponibile \u00een magazin, v\u0103 rug\u0103m s\u0103 ne contacta\u021bi telefonic\/Whatsapp pentru a v\u0103 putea sprijini \u00een alegerea produsului dorit.<\/p>\n","protected":false},"excerpt":{"rendered":"<p>Portofel clasic care datorit\u0103 designului s\u0103u compact, practic \u0219i sub\u021bire, poate fi un accesoriu potrivit pentru oricine. Este fabricat din piele natural\u0103 \u0219i are cus\u0103turi \u00eent\u0103rite pentru a rezista o lung\u0103 perioad\u0103 de timp. Descriere Portofelele noastre sunt realizate cu design propriu, cu aten\u021bie \u0219i meticulozitate, folosind materiale de calitate \u0219i piele de vac\u0103 natural\u0103 [&hellip;]<\/p>\n","protected":false},"featured_media":10940,"comment_status":"open","ping_status":"closed","template":"","meta":[],"pwb-brand":[247],"product_brand":[246],"product_cat":[87,17],"product_tag":[],"class_list":{"0":"post-4227","1":"product","2":"type-product","3":"status-publish","4":"has-post-thumbnail","6":"pwb-brand-barabas","7":"product_brand-barabas","8":"product_cat-to-wear","9":"product_cat-haine-si-accesorii","11":"first","12":"instock","13":"taxable","14":"shipping-taxable","15":"purchasable","16":"product-type-simple"},"yoast_head":"<!-- This site is optimized with the Yoast SEO plugin v26.9 - https:\/\/yoast.com\/product\/yoast-seo-wordpress\/ -->\n<title>Portofel clasic cu design compact, practic \u0219i sub\u021bire<\/title>\n<meta name=\"description\" content=\"Portofel clasic cu design compact, practic \u0219i sub\u021bire, fabricat din piele natural\u0103 pentru a rezista o lung\u0103 perioad\u0103 de timp.\" \/>\n<meta name=\"robots\" content=\"index, follow, max-snippet:-1, max-image-preview:large, max-video-preview:-1\" \/>\n<link rel=\"canonical\" href=\"https:\/\/inspiratio.ro\/produs\/portofel-clasic-cu-design-compact\/\" \/>\n<meta property=\"og:locale\" content=\"en_US\" \/>\n<meta property=\"og:type\" content=\"article\" \/>\n<meta property=\"og:title\" content=\"Portofel clasic cu design compact, practic \u0219i sub\u021bire\" \/>\n<meta property=\"og:description\" content=\"Portofel clasic cu design compact, practic \u0219i sub\u021bire, fabricat din piele natural\u0103 pentru a rezista o lung\u0103 perioad\u0103 de timp.\" \/>\n<meta property=\"og:url\" content=\"https:\/\/inspiratio.ro\/produs\/portofel-clasic-cu-design-compact\/\" \/>\n<meta property=\"og:site_name\" content=\"Inspiratio\" \/>\n<meta property=\"article:publisher\" content=\"https:\/\/www.facebook.com\/inspiratiogiftstudio\/\" \/>\n<meta property=\"article:modified_time\" content=\"2026-04-30T12:24:33+00:00\" \/>\n<meta property=\"og:image\" content=\"https:\/\/inspiratio.ro\/wp-content\/uploads\/2022\/03\/123048328_173050324152783_4096641806292845846_n.jpg\" \/>\n\t<meta property=\"og:image:width\" content=\"2048\" \/>\n\t<meta property=\"og:image:height\" content=\"1365\" \/>\n\t<meta property=\"og:image:type\" content=\"image\/jpeg\" \/>\n<meta name=\"twitter:card\" content=\"summary_large_image\" \/>\n<meta name=\"twitter:label1\" content=\"Est. reading time\" \/>\n\t<meta name=\"twitter:data1\" content=\"1 minute\" \/>\n<script type=\"application\/ld+json\" class=\"yoast-schema-graph\">{\"@context\":\"https:\/\/schema.org\",\"@graph\":[{\"@type\":\"WebPage\",\"@id\":\"https:\/\/inspiratio.ro\/produs\/portofel-clasic-cu-design-compact\/\",\"url\":\"https:\/\/inspiratio.ro\/produs\/portofel-clasic-cu-design-compact\/\",\"name\":\"Portofel clasic cu design compact, practic \u0219i sub\u021bire\",\"isPartOf\":{\"@id\":\"https:\/\/inspiratio.ro\/#website\"},\"primaryImageOfPage\":{\"@id\":\"https:\/\/inspiratio.ro\/produs\/portofel-clasic-cu-design-compact\/#primaryimage\"},\"image\":{\"@id\":\"https:\/\/inspiratio.ro\/produs\/portofel-clasic-cu-design-compact\/#primaryimage\"},\"thumbnailUrl\":\"https:\/\/inspiratio.ro\/wp-content\/uploads\/2022\/03\/123048328_173050324152783_4096641806292845846_n.jpg\",\"datePublished\":\"2022-03-18T12:25:25+00:00\",\"dateModified\":\"2026-04-30T12:24:33+00:00\",\"description\":\"Portofel clasic cu design compact, practic \u0219i sub\u021bire, fabricat din piele natural\u0103 pentru a rezista o lung\u0103 perioad\u0103 de timp.\",\"breadcrumb\":{\"@id\":\"https:\/\/inspiratio.ro\/produs\/portofel-clasic-cu-design-compact\/#breadcrumb\"},\"inLanguage\":\"en-US\",\"potentialAction\":[{\"@type\":\"ReadAction\",\"target\":[\"https:\/\/inspiratio.ro\/produs\/portofel-clasic-cu-design-compact\/\"]}]},{\"@type\":\"ImageObject\",\"inLanguage\":\"en-US\",\"@id\":\"https:\/\/inspiratio.ro\/produs\/portofel-clasic-cu-design-compact\/#primaryimage\",\"url\":\"https:\/\/inspiratio.ro\/wp-content\/uploads\/2022\/03\/123048328_173050324152783_4096641806292845846_n.jpg\",\"contentUrl\":\"https:\/\/inspiratio.ro\/wp-content\/uploads\/2022\/03\/123048328_173050324152783_4096641806292845846_n.jpg\",\"width\":2048,\"height\":1365},{\"@type\":\"BreadcrumbList\",\"@id\":\"https:\/\/inspiratio.ro\/produs\/portofel-clasic-cu-design-compact\/#breadcrumb\",\"itemListElement\":[{\"@type\":\"ListItem\",\"position\":1,\"name\":\"Shop\",\"item\":\"https:\/\/inspiratio.ro\/magazin-cadouri\/\"},{\"@type\":\"ListItem\",\"position\":2,\"name\":\"BRB Portofel clasic cu design compact\"}]},{\"@type\":\"WebSite\",\"@id\":\"https:\/\/inspiratio.ro\/#website\",\"url\":\"https:\/\/inspiratio.ro\/\",\"name\":\"Inspiratio\",\"description\":\"Las\u0103-te purtat de inspira\u021bie\",\"publisher\":{\"@id\":\"https:\/\/inspiratio.ro\/#organization\"},\"potentialAction\":[{\"@type\":\"SearchAction\",\"target\":{\"@type\":\"EntryPoint\",\"urlTemplate\":\"https:\/\/inspiratio.ro\/?s={search_term_string}\"},\"query-input\":{\"@type\":\"PropertyValueSpecification\",\"valueRequired\":true,\"valueName\":\"search_term_string\"}}],\"inLanguage\":\"en-US\"},{\"@type\":\"Organization\",\"@id\":\"https:\/\/inspiratio.ro\/#organization\",\"name\":\"Inspiratio\",\"url\":\"https:\/\/inspiratio.ro\/\",\"logo\":{\"@type\":\"ImageObject\",\"inLanguage\":\"en-US\",\"@id\":\"https:\/\/inspiratio.ro\/#\/schema\/logo\/image\/\",\"url\":\"https:\/\/inspiratio.ro\/wp-content\/uploads\/2020\/06\/logo-inspiratio.png\",\"contentUrl\":\"https:\/\/inspiratio.ro\/wp-content\/uploads\/2020\/06\/logo-inspiratio.png\",\"width\":232,\"height\":209,\"caption\":\"Inspiratio\"},\"image\":{\"@id\":\"https:\/\/inspiratio.ro\/#\/schema\/logo\/image\/\"},\"sameAs\":[\"https:\/\/www.facebook.com\/inspiratiogiftstudio\/\",\"https:\/\/www.instagram.com\/inspiratio_giftstudio\/\"]}]}<\/script>\n<!-- \/ Yoast SEO plugin. -->","yoast_head_json":{"title":"Portofel clasic cu design compact, practic \u0219i sub\u021bire","description":"Portofel clasic cu design compact, practic \u0219i sub\u021bire, fabricat din piele natural\u0103 pentru a rezista o lung\u0103 perioad\u0103 de timp.","robots":{"index":"index","follow":"follow","max-snippet":"max-snippet:-1","max-image-preview":"max-image-preview:large","max-video-preview":"max-video-preview:-1"},"canonical":"https:\/\/inspiratio.ro\/produs\/portofel-clasic-cu-design-compact\/","og_locale":"en_US","og_type":"article","og_title":"Portofel clasic cu design compact, practic \u0219i sub\u021bire","og_description":"Portofel clasic cu design compact, practic \u0219i sub\u021bire, fabricat din piele natural\u0103 pentru a rezista o lung\u0103 perioad\u0103 de timp.","og_url":"https:\/\/inspiratio.ro\/produs\/portofel-clasic-cu-design-compact\/","og_site_name":"Inspiratio","article_publisher":"https:\/\/www.facebook.com\/inspiratiogiftstudio\/","article_modified_time":"2026-04-30T12:24:33+00:00","og_image":[{"width":2048,"height":1365,"url":"https:\/\/inspiratio.ro\/wp-content\/uploads\/2022\/03\/123048328_173050324152783_4096641806292845846_n.jpg","type":"image\/jpeg"}],"twitter_card":"summary_large_image","twitter_misc":{"Est. reading time":"1 minute"},"schema":{"@context":"https:\/\/schema.org","@graph":[{"@type":"WebPage","@id":"https:\/\/inspiratio.ro\/produs\/portofel-clasic-cu-design-compact\/","url":"https:\/\/inspiratio.ro\/produs\/portofel-clasic-cu-design-compact\/","name":"Portofel clasic cu design compact, practic \u0219i sub\u021bire","isPartOf":{"@id":"https:\/\/inspiratio.ro\/#website"},"primaryImageOfPage":{"@id":"https:\/\/inspiratio.ro\/produs\/portofel-clasic-cu-design-compact\/#primaryimage"},"image":{"@id":"https:\/\/inspiratio.ro\/produs\/portofel-clasic-cu-design-compact\/#primaryimage"},"thumbnailUrl":"https:\/\/inspiratio.ro\/wp-content\/uploads\/2022\/03\/123048328_173050324152783_4096641806292845846_n.jpg","datePublished":"2022-03-18T12:25:25+00:00","dateModified":"2026-04-30T12:24:33+00:00","description":"Portofel clasic cu design compact, practic \u0219i sub\u021bire, fabricat din piele natural\u0103 pentru a rezista o lung\u0103 perioad\u0103 de timp.","breadcrumb":{"@id":"https:\/\/inspiratio.ro\/produs\/portofel-clasic-cu-design-compact\/#breadcrumb"},"inLanguage":"en-US","potentialAction":[{"@type":"ReadAction","target":["https:\/\/inspiratio.ro\/produs\/portofel-clasic-cu-design-compact\/"]}]},{"@type":"ImageObject","inLanguage":"en-US","@id":"https:\/\/inspiratio.ro\/produs\/portofel-clasic-cu-design-compact\/#primaryimage","url":"https:\/\/inspiratio.ro\/wp-content\/uploads\/2022\/03\/123048328_173050324152783_4096641806292845846_n.jpg","contentUrl":"https:\/\/inspiratio.ro\/wp-content\/uploads\/2022\/03\/123048328_173050324152783_4096641806292845846_n.jpg","width":2048,"height":1365},{"@type":"BreadcrumbList","@id":"https:\/\/inspiratio.ro\/produs\/portofel-clasic-cu-design-compact\/#breadcrumb","itemListElement":[{"@type":"ListItem","position":1,"name":"Shop","item":"https:\/\/inspiratio.ro\/magazin-cadouri\/"},{"@type":"ListItem","position":2,"name":"BRB Portofel clasic cu design compact"}]},{"@type":"WebSite","@id":"https:\/\/inspiratio.ro\/#website","url":"https:\/\/inspiratio.ro\/","name":"Inspiratio","description":"Las\u0103-te purtat de inspira\u021bie","publisher":{"@id":"https:\/\/inspiratio.ro\/#organization"},"potentialAction":[{"@type":"SearchAction","target":{"@type":"EntryPoint","urlTemplate":"https:\/\/inspiratio.ro\/?s={search_term_string}"},"query-input":{"@type":"PropertyValueSpecification","valueRequired":true,"valueName":"search_term_string"}}],"inLanguage":"en-US"},{"@type":"Organization","@id":"https:\/\/inspiratio.ro\/#organization","name":"Inspiratio","url":"https:\/\/inspiratio.ro\/","logo":{"@type":"ImageObject","inLanguage":"en-US","@id":"https:\/\/inspiratio.ro\/#\/schema\/logo\/image\/","url":"https:\/\/inspiratio.ro\/wp-content\/uploads\/2020\/06\/logo-inspiratio.png","contentUrl":"https:\/\/inspiratio.ro\/wp-content\/uploads\/2020\/06\/logo-inspiratio.png","width":232,"height":209,"caption":"Inspiratio"},"image":{"@id":"https:\/\/inspiratio.ro\/#\/schema\/logo\/image\/"},"sameAs":["https:\/\/www.facebook.com\/inspiratiogiftstudio\/","https:\/\/www.instagram.com\/inspiratio_giftstudio\/"]}]}},"brands":[{"id":247,"name":"Barabas","slug":"barabas"}],"_links":{"self":[{"href":"https:\/\/inspiratio.ro\/en\/wp-json\/wp\/v2\/product\/4227","targetHints":{"allow":["GET"]}}],"collection":[{"href":"https:\/\/inspiratio.ro\/en\/wp-json\/wp\/v2\/product"}],"about":[{"href":"https:\/\/inspiratio.ro\/en\/wp-json\/wp\/v2\/types\/product"}],"replies":[{"embeddable":true,"href":"https:\/\/inspiratio.ro\/en\/wp-json\/wp\/v2\/comments?post=4227"}],"wp:featuredmedia":[{"embeddable":true,"href":"https:\/\/inspiratio.ro\/en\/wp-json\/wp\/v2\/media\/10940"}],"wp:attachment":[{"href":"https:\/\/inspiratio.ro\/en\/wp-json\/wp\/v2\/media?parent=4227"}],"wp:term":[{"taxonomy":"pwb-brand","embeddable":true,"href":"https:\/\/inspiratio.ro\/en\/wp-json\/wp\/v2\/pwb-brand?post=4227"},{"taxonomy":"product_brand","embeddable":true,"href":"https:\/\/inspiratio.ro\/en\/wp-json\/wp\/v2\/product_brand?post=4227"},{"taxonomy":"product_cat","embeddable":true,"href":"https:\/\/inspiratio.ro\/en\/wp-json\/wp\/v2\/product_cat?post=4227"},{"taxonomy":"product_tag","embeddable":true,"href":"https:\/\/inspiratio.ro\/en\/wp-json\/wp\/v2\/product_tag?post=4227"}],"curies":[{"name":"wp","href":"https:\/\/api.w.org\/{rel}","templated":true}]}}