{"id":4222,"date":"2022-03-18T14:11:17","date_gmt":"2022-03-18T12:11:17","guid":{"rendered":"https:\/\/inspiratio.ro\/?post_type=product&#038;p=4222"},"modified":"2025-05-28T19:52:21","modified_gmt":"2025-05-28T16:52:21","slug":"portofel-mic","status":"publish","type":"product","link":"https:\/\/inspiratio.ro\/en\/produs\/portofel-mic\/","title":{"rendered":"Portofel buletin cu fa\u021b\u0103"},"content":{"rendered":"<p>Portofel mic \u2013 datorit\u0103 designului s\u0103u compact, practic \u0219i sub\u021bire, portofelul poate fi un accesoriu potrivit pentru oricine. Se potrive\u0219te dimensiunii buletinului, permisului de conducere, cinci carduri \u0219i bani. Este fabricat din piele natural\u0103 \u0219i are cus\u0103turi \u00eent\u0103rite pentru a rezista o lung\u0103 perioad\u0103 de timp.<\/p>\n<p>Dimensiune: 12 cm x 8 cm<\/p>\n","protected":false},"excerpt":{"rendered":"<p>Portofel mic \u2013 datorit\u0103 designului s\u0103u compact, practic \u0219i sub\u021bire, portofelul poate fi un accesoriu potrivit pentru oricine. Se potrive\u0219te dimensiunii buletinului, permisului de conducere, cinci carduri \u0219i bani. Este fabricat din piele natural\u0103 \u0219i are cus\u0103turi \u00eent\u0103rite pentru a rezista o lung\u0103 perioad\u0103 de timp. Dimensiune: 12 cm x 8 cm<\/p>\n","protected":false},"featured_media":4223,"comment_status":"open","ping_status":"closed","template":"","meta":[],"pwb-brand":[247],"product_brand":[246],"product_cat":[87],"product_tag":[],"class_list":{"0":"post-4222","1":"product","2":"type-product","3":"status-publish","4":"has-post-thumbnail","6":"pwb-brand-barabas","7":"product_brand-barabas","8":"product_cat-to-wear","10":"first","11":"outofstock","12":"taxable","13":"shipping-taxable","14":"purchasable","15":"product-type-simple"},"yoast_head":"<!-- This site is optimized with the Yoast SEO plugin v26.9 - https:\/\/yoast.com\/product\/yoast-seo-wordpress\/ -->\n<title>Portofel mic \u2013 practic \u0219i sub\u021bire, un accesoriu potrivit pentru oricine.<\/title>\n<meta name=\"description\" content=\"Portofel mic, practic - se potrive\u0219te dimensiunii buletinului, permisului de conducere, cinci carduri \u0219i bani.\" \/>\n<meta name=\"robots\" content=\"index, follow, max-snippet:-1, max-image-preview:large, max-video-preview:-1\" \/>\n<link rel=\"canonical\" href=\"https:\/\/inspiratio.ro\/produs\/portofel-mic\/\" \/>\n<meta property=\"og:locale\" content=\"en_US\" \/>\n<meta property=\"og:type\" content=\"article\" \/>\n<meta property=\"og:title\" content=\"Portofel mic \u2013 practic \u0219i sub\u021bire, un accesoriu potrivit pentru oricine.\" \/>\n<meta property=\"og:description\" content=\"Portofel mic, practic - se potrive\u0219te dimensiunii buletinului, permisului de conducere, cinci carduri \u0219i bani.\" \/>\n<meta property=\"og:url\" content=\"https:\/\/inspiratio.ro\/produs\/portofel-mic\/\" \/>\n<meta property=\"og:site_name\" content=\"Inspiratio\" \/>\n<meta property=\"article:publisher\" content=\"https:\/\/www.facebook.com\/inspiratiogiftstudio\/\" \/>\n<meta property=\"article:modified_time\" content=\"2025-05-28T16:52:21+00:00\" \/>\n<meta property=\"og:image\" content=\"https:\/\/inspiratio.ro\/wp-content\/uploads\/2022\/03\/IMG_20201116_125809.jpeg\" \/>\n\t<meta property=\"og:image:width\" content=\"450\" \/>\n\t<meta property=\"og:image:height\" content=\"368\" \/>\n\t<meta property=\"og:image:type\" content=\"image\/jpeg\" \/>\n<meta name=\"twitter:card\" content=\"summary_large_image\" \/>\n<meta name=\"twitter:label1\" content=\"Est. reading time\" \/>\n\t<meta name=\"twitter:data1\" content=\"1 minute\" \/>\n<script type=\"application\/ld+json\" class=\"yoast-schema-graph\">{\"@context\":\"https:\/\/schema.org\",\"@graph\":[{\"@type\":\"WebPage\",\"@id\":\"https:\/\/inspiratio.ro\/produs\/portofel-mic\/\",\"url\":\"https:\/\/inspiratio.ro\/produs\/portofel-mic\/\",\"name\":\"Portofel mic \u2013 practic \u0219i sub\u021bire, un accesoriu potrivit pentru oricine.\",\"isPartOf\":{\"@id\":\"https:\/\/inspiratio.ro\/#website\"},\"primaryImageOfPage\":{\"@id\":\"https:\/\/inspiratio.ro\/produs\/portofel-mic\/#primaryimage\"},\"image\":{\"@id\":\"https:\/\/inspiratio.ro\/produs\/portofel-mic\/#primaryimage\"},\"thumbnailUrl\":\"https:\/\/inspiratio.ro\/wp-content\/uploads\/2022\/03\/IMG_20201116_125809.jpeg\",\"datePublished\":\"2022-03-18T12:11:17+00:00\",\"dateModified\":\"2025-05-28T16:52:21+00:00\",\"description\":\"Portofel mic, practic - se potrive\u0219te dimensiunii buletinului, permisului de conducere, cinci carduri \u0219i bani.\",\"breadcrumb\":{\"@id\":\"https:\/\/inspiratio.ro\/produs\/portofel-mic\/#breadcrumb\"},\"inLanguage\":\"en-US\",\"potentialAction\":[{\"@type\":\"ReadAction\",\"target\":[\"https:\/\/inspiratio.ro\/produs\/portofel-mic\/\"]}]},{\"@type\":\"ImageObject\",\"inLanguage\":\"en-US\",\"@id\":\"https:\/\/inspiratio.ro\/produs\/portofel-mic\/#primaryimage\",\"url\":\"https:\/\/inspiratio.ro\/wp-content\/uploads\/2022\/03\/IMG_20201116_125809.jpeg\",\"contentUrl\":\"https:\/\/inspiratio.ro\/wp-content\/uploads\/2022\/03\/IMG_20201116_125809.jpeg\",\"width\":450,\"height\":368,\"caption\":\"portofel mic\"},{\"@type\":\"BreadcrumbList\",\"@id\":\"https:\/\/inspiratio.ro\/produs\/portofel-mic\/#breadcrumb\",\"itemListElement\":[{\"@type\":\"ListItem\",\"position\":1,\"name\":\"Shop\",\"item\":\"https:\/\/inspiratio.ro\/magazin-cadouri\/\"},{\"@type\":\"ListItem\",\"position\":2,\"name\":\"BRB Portofel buletin cu fa\u021b\u0103\"}]},{\"@type\":\"WebSite\",\"@id\":\"https:\/\/inspiratio.ro\/#website\",\"url\":\"https:\/\/inspiratio.ro\/\",\"name\":\"Inspiratio\",\"description\":\"Las\u0103-te purtat de inspira\u021bie\",\"publisher\":{\"@id\":\"https:\/\/inspiratio.ro\/#organization\"},\"potentialAction\":[{\"@type\":\"SearchAction\",\"target\":{\"@type\":\"EntryPoint\",\"urlTemplate\":\"https:\/\/inspiratio.ro\/?s={search_term_string}\"},\"query-input\":{\"@type\":\"PropertyValueSpecification\",\"valueRequired\":true,\"valueName\":\"search_term_string\"}}],\"inLanguage\":\"en-US\"},{\"@type\":\"Organization\",\"@id\":\"https:\/\/inspiratio.ro\/#organization\",\"name\":\"Inspiratio\",\"url\":\"https:\/\/inspiratio.ro\/\",\"logo\":{\"@type\":\"ImageObject\",\"inLanguage\":\"en-US\",\"@id\":\"https:\/\/inspiratio.ro\/#\/schema\/logo\/image\/\",\"url\":\"https:\/\/inspiratio.ro\/wp-content\/uploads\/2020\/06\/logo-inspiratio.png\",\"contentUrl\":\"https:\/\/inspiratio.ro\/wp-content\/uploads\/2020\/06\/logo-inspiratio.png\",\"width\":232,\"height\":209,\"caption\":\"Inspiratio\"},\"image\":{\"@id\":\"https:\/\/inspiratio.ro\/#\/schema\/logo\/image\/\"},\"sameAs\":[\"https:\/\/www.facebook.com\/inspiratiogiftstudio\/\",\"https:\/\/www.instagram.com\/inspiratio_giftstudio\/\"]}]}<\/script>\n<!-- \/ Yoast SEO plugin. -->","yoast_head_json":{"title":"Portofel mic \u2013 practic \u0219i sub\u021bire, un accesoriu potrivit pentru oricine.","description":"Portofel mic, practic - se potrive\u0219te dimensiunii buletinului, permisului de conducere, cinci carduri \u0219i bani.","robots":{"index":"index","follow":"follow","max-snippet":"max-snippet:-1","max-image-preview":"max-image-preview:large","max-video-preview":"max-video-preview:-1"},"canonical":"https:\/\/inspiratio.ro\/produs\/portofel-mic\/","og_locale":"en_US","og_type":"article","og_title":"Portofel mic \u2013 practic \u0219i sub\u021bire, un accesoriu potrivit pentru oricine.","og_description":"Portofel mic, practic - se potrive\u0219te dimensiunii buletinului, permisului de conducere, cinci carduri \u0219i bani.","og_url":"https:\/\/inspiratio.ro\/produs\/portofel-mic\/","og_site_name":"Inspiratio","article_publisher":"https:\/\/www.facebook.com\/inspiratiogiftstudio\/","article_modified_time":"2025-05-28T16:52:21+00:00","og_image":[{"width":450,"height":368,"url":"https:\/\/inspiratio.ro\/wp-content\/uploads\/2022\/03\/IMG_20201116_125809.jpeg","type":"image\/jpeg"}],"twitter_card":"summary_large_image","twitter_misc":{"Est. reading time":"1 minute"},"schema":{"@context":"https:\/\/schema.org","@graph":[{"@type":"WebPage","@id":"https:\/\/inspiratio.ro\/produs\/portofel-mic\/","url":"https:\/\/inspiratio.ro\/produs\/portofel-mic\/","name":"Portofel mic \u2013 practic \u0219i sub\u021bire, un accesoriu potrivit pentru oricine.","isPartOf":{"@id":"https:\/\/inspiratio.ro\/#website"},"primaryImageOfPage":{"@id":"https:\/\/inspiratio.ro\/produs\/portofel-mic\/#primaryimage"},"image":{"@id":"https:\/\/inspiratio.ro\/produs\/portofel-mic\/#primaryimage"},"thumbnailUrl":"https:\/\/inspiratio.ro\/wp-content\/uploads\/2022\/03\/IMG_20201116_125809.jpeg","datePublished":"2022-03-18T12:11:17+00:00","dateModified":"2025-05-28T16:52:21+00:00","description":"Portofel mic, practic - se potrive\u0219te dimensiunii buletinului, permisului de conducere, cinci carduri \u0219i bani.","breadcrumb":{"@id":"https:\/\/inspiratio.ro\/produs\/portofel-mic\/#breadcrumb"},"inLanguage":"en-US","potentialAction":[{"@type":"ReadAction","target":["https:\/\/inspiratio.ro\/produs\/portofel-mic\/"]}]},{"@type":"ImageObject","inLanguage":"en-US","@id":"https:\/\/inspiratio.ro\/produs\/portofel-mic\/#primaryimage","url":"https:\/\/inspiratio.ro\/wp-content\/uploads\/2022\/03\/IMG_20201116_125809.jpeg","contentUrl":"https:\/\/inspiratio.ro\/wp-content\/uploads\/2022\/03\/IMG_20201116_125809.jpeg","width":450,"height":368,"caption":"portofel mic"},{"@type":"BreadcrumbList","@id":"https:\/\/inspiratio.ro\/produs\/portofel-mic\/#breadcrumb","itemListElement":[{"@type":"ListItem","position":1,"name":"Shop","item":"https:\/\/inspiratio.ro\/magazin-cadouri\/"},{"@type":"ListItem","position":2,"name":"BRB Portofel buletin cu fa\u021b\u0103"}]},{"@type":"WebSite","@id":"https:\/\/inspiratio.ro\/#website","url":"https:\/\/inspiratio.ro\/","name":"Inspiratio","description":"Las\u0103-te purtat de inspira\u021bie","publisher":{"@id":"https:\/\/inspiratio.ro\/#organization"},"potentialAction":[{"@type":"SearchAction","target":{"@type":"EntryPoint","urlTemplate":"https:\/\/inspiratio.ro\/?s={search_term_string}"},"query-input":{"@type":"PropertyValueSpecification","valueRequired":true,"valueName":"search_term_string"}}],"inLanguage":"en-US"},{"@type":"Organization","@id":"https:\/\/inspiratio.ro\/#organization","name":"Inspiratio","url":"https:\/\/inspiratio.ro\/","logo":{"@type":"ImageObject","inLanguage":"en-US","@id":"https:\/\/inspiratio.ro\/#\/schema\/logo\/image\/","url":"https:\/\/inspiratio.ro\/wp-content\/uploads\/2020\/06\/logo-inspiratio.png","contentUrl":"https:\/\/inspiratio.ro\/wp-content\/uploads\/2020\/06\/logo-inspiratio.png","width":232,"height":209,"caption":"Inspiratio"},"image":{"@id":"https:\/\/inspiratio.ro\/#\/schema\/logo\/image\/"},"sameAs":["https:\/\/www.facebook.com\/inspiratiogiftstudio\/","https:\/\/www.instagram.com\/inspiratio_giftstudio\/"]}]}},"brands":[{"id":247,"name":"Barabas","slug":"barabas"}],"_links":{"self":[{"href":"https:\/\/inspiratio.ro\/en\/wp-json\/wp\/v2\/product\/4222","targetHints":{"allow":["GET"]}}],"collection":[{"href":"https:\/\/inspiratio.ro\/en\/wp-json\/wp\/v2\/product"}],"about":[{"href":"https:\/\/inspiratio.ro\/en\/wp-json\/wp\/v2\/types\/product"}],"replies":[{"embeddable":true,"href":"https:\/\/inspiratio.ro\/en\/wp-json\/wp\/v2\/comments?post=4222"}],"wp:featuredmedia":[{"embeddable":true,"href":"https:\/\/inspiratio.ro\/en\/wp-json\/wp\/v2\/media\/4223"}],"wp:attachment":[{"href":"https:\/\/inspiratio.ro\/en\/wp-json\/wp\/v2\/media?parent=4222"}],"wp:term":[{"taxonomy":"pwb-brand","embeddable":true,"href":"https:\/\/inspiratio.ro\/en\/wp-json\/wp\/v2\/pwb-brand?post=4222"},{"taxonomy":"product_brand","embeddable":true,"href":"https:\/\/inspiratio.ro\/en\/wp-json\/wp\/v2\/product_brand?post=4222"},{"taxonomy":"product_cat","embeddable":true,"href":"https:\/\/inspiratio.ro\/en\/wp-json\/wp\/v2\/product_cat?post=4222"},{"taxonomy":"product_tag","embeddable":true,"href":"https:\/\/inspiratio.ro\/en\/wp-json\/wp\/v2\/product_tag?post=4222"}],"curies":[{"name":"wp","href":"https:\/\/api.w.org\/{rel}","templated":true}]}}