{"id":4205,"date":"2022-03-16T17:57:00","date_gmt":"2022-03-16T15:57:00","guid":{"rendered":"https:\/\/inspiratio.ro\/?post_type=product&#038;p=4205"},"modified":"2025-09-06T10:58:22","modified_gmt":"2025-09-06T07:58:22","slug":"ach-balsam-b-strawberry","status":"publish","type":"product","link":"https:\/\/inspiratio.ro\/en\/produs\/ach-balsam-b-strawberry\/","title":{"rendered":"Balsam B. Strawberry"},"content":{"rendered":"<p>Balsam Natural Buze Strawberry cu extract natural de c\u0103p\u0219uni. Balsamul de buze contribuie la repararea, protejarea \u0219i emolierea buzelor, ajut\u0103 la prevenirea usc\u0103rii \u0219i cr\u0103p\u0103rii buzelor.<\/p>\n<p><strong>Greutate<\/strong><br \/>\n5 g<br \/>\n<strong>Propriet\u0103\u021bi<\/strong><br \/>\nCalmant, Emolient, Nutritiv, Protector, Regenerator<\/p>\n<h3>Balsam Natural Buze Strawberry<\/h3>\n<p>Balsam Natural Buze Strawberry cu extract aronatic natural de c\u0103p\u0219uni. Fie soare, fie v\u00e2nt, pentru buzele uscate \u015fi cr\u0103pate am preg\u0103tit acest Balsam Natural Buze Strawberry. Balsamul este reparator, protector, emolient, previne uscarea \u0219i cr\u0103parea buzelor, d\u0103 luciu buzelor. Potrivit pentru copii \u0219i adul\u021bi. Dac\u0103 e\u0219ti trist, pune mai mult balsam de buze \u0219i z\u00e2mbe\u0219te.<\/p>\n<h4>Principalele ingrediente active pentru Balsam Natural Buze Strawberry:<\/h4>\n<p>Deodorantul este realizat cu Unt Cacao, Ulei de Jojoba, Ulei Migdale, Cear\u0103 de Albine, Vitamina E \u0219i Extract Natural Aromatic de C\u0103p\u0219uni.<\/p>\n<h4>Unt cacao<\/h4>\n<p>Untul de cacao are propriet\u0103\u021bi antioxidante \u0219i de regenerare pentru piele. Bogat \u00een substan\u021be nutritive, polifenoli, antioxidan\u021bi \u0219i vitamine, untul de cacao se reg\u0103se\u0219te \u00een compozi\u021bia nenum\u0103ratelor produse cosmetice.<br \/>\nUntului de cacao este emolient, nutritiv \u0219i reparator, ajut\u0103 la regenerarea filmului hidrolipidic al pielii, \u00eent\u0103rind bariera protectoare a pielii \u0219i prevenind deshidratarea. Untului de cacao are \u0219i calit\u0103\u021bi antioxidante, \u00eencetine\u0219te procesul de \u00eemb\u0103tr\u00e2nire cutanat\u0103, \u00eent\u00e2rzie apari\u0163ia ridurilor \u015fi a altor semne de \u00eemb\u0103tr\u00e2nire.<\/p>\n<h4>Ulei Jojoba Bio Virgin<\/h4>\n<p>Uleiul de jojoba este cunoscut pentru faptul c\u0103 are o compozi\u021bie asem\u0103n\u0103toare sebumului uman av\u00e2nd o compatibilitate foarte bun\u0103 cu pielea \u0219i p\u0103rul. Uleiul de jojoba p\u0103trunde u\u0219or \u00een piele \u0219i nu las\u0103 pielea gras\u0103, acesta fiind potrivit pentru toate tipurile de piele\/ten. Uleiul de jojoba protejeaz\u0103 \u00eempotriva deshidrat\u0103rii, este emolient, \u00eent\u0103re\u0219te bariera hidrolipidic\u0103 a pielii, \u00eembun\u0103t\u0103\u021be\u0219te vitalitatea \u0219i aspectul p\u0103rului.<\/p>\n<h4 dir=\"auto\">Cear\u0103 Albine<\/h4>\n<p>Ceara de albine este un produs 100% natural. Ceara este con\u021bine un amestec complex de esteri gra\u0219i, acizi gra\u0219i \u0219i compu\u0219i hidrocarbona\u021bi. Se \u00eengroa\u0219\u0103 \u0219i cre\u0219te puterea de formare a unui film protector la balsamurile \u0219i rujurile naturale. Are efect calmant \u0219i ajut\u0103 pielea s\u0103-\u0219i men\u021bin\u0103 hidratarea. Are \u0219i rol de barier\u0103 de protec\u021bie, form\u00e2nd un strat fin protector pe piele.<\/p>\n<p>Aceast\u0103 cear\u0103 de albine organic\u0103, de o calitate excep\u021bional\u0103 care te seduce prin moliciune \u0219i mirosul s\u0103u delicios de miere.<\/p>\n<h4 dir=\"auto\">Extract Natural Aromatic C\u0103p\u0219uni<\/h4>\n<p>Extrasul de c\u0103p\u0219uni are un miros dulce fructat de c\u0103p\u0219uni proaspete.<\/p>\n<h4>Mod de Utilizare\/Aplicare Balsam Natural Buze Strawberry<\/h4>\n<p>Aplic\u0103 cu o glisare u\u0219oar\u0103 o cantitate mic\u0103 pe buzele curate. Repet\u0103 procedura imediat ce buzele sunt iar uscate.<\/p>\n<p>Ingredientele folosite \u00een acest deodorant nu afecteaz\u0103 negativ flora natural\u0103 a pielii.<\/p>\n","protected":false},"excerpt":{"rendered":"<p>Balsam Natural Buze Strawberry cu extract natural de c\u0103p\u0219uni. Balsamul de buze contribuie la repararea, protejarea \u0219i emolierea buzelor, ajut\u0103 la prevenirea usc\u0103rii \u0219i cr\u0103p\u0103rii buzelor. Greutate 5 g Propriet\u0103\u021bi Calmant, Emolient, Nutritiv, Protector, Regenerator Balsam Natural Buze Strawberry Balsam Natural Buze Strawberry cu extract aronatic natural de c\u0103p\u0219uni. Fie soare, fie v\u00e2nt, pentru buzele [&hellip;]<\/p>\n","protected":false},"featured_media":4206,"comment_status":"open","ping_status":"closed","template":"","meta":[],"pwb-brand":[142],"product_brand":[],"product_cat":[77],"product_tag":[],"class_list":{"0":"post-4205","1":"product","2":"type-product","3":"status-publish","4":"has-post-thumbnail","6":"pwb-brand-green-bubble","7":"product_cat-cosmetice-naturale","9":"first","10":"instock","11":"taxable","12":"shipping-taxable","13":"purchasable","14":"product-type-simple"},"yoast_head":"<!-- This site is optimized with the Yoast SEO plugin v26.9 - https:\/\/yoast.com\/product\/yoast-seo-wordpress\/ -->\n<title>ACH Balsam B. Strawberry - Inspiratio<\/title>\n<meta name=\"description\" content=\"ACH Balsam B. Strawberry\" \/>\n<meta name=\"robots\" content=\"index, follow, max-snippet:-1, max-image-preview:large, max-video-preview:-1\" \/>\n<link rel=\"canonical\" href=\"https:\/\/inspiratio.ro\/produs\/ach-balsam-b-strawberry\/\" \/>\n<meta property=\"og:locale\" content=\"en_US\" \/>\n<meta property=\"og:type\" content=\"article\" \/>\n<meta property=\"og:title\" content=\"ACH Balsam B. Strawberry - Inspiratio\" \/>\n<meta property=\"og:description\" content=\"ACH Balsam B. Strawberry\" \/>\n<meta property=\"og:url\" content=\"https:\/\/inspiratio.ro\/produs\/ach-balsam-b-strawberry\/\" \/>\n<meta property=\"og:site_name\" content=\"Inspiratio\" \/>\n<meta property=\"article:publisher\" content=\"https:\/\/www.facebook.com\/inspiratiogiftstudio\/\" \/>\n<meta property=\"article:modified_time\" content=\"2025-09-06T07:58:22+00:00\" \/>\n<meta property=\"og:image\" content=\"https:\/\/inspiratio.ro\/wp-content\/uploads\/2022\/03\/Balsam-Natural-Buze-Strawberry.webp\" \/>\n\t<meta property=\"og:image:width\" content=\"1000\" \/>\n\t<meta property=\"og:image:height\" content=\"1000\" \/>\n\t<meta property=\"og:image:type\" content=\"image\/webp\" \/>\n<meta name=\"twitter:card\" content=\"summary_large_image\" \/>\n<meta name=\"twitter:label1\" content=\"Est. reading time\" \/>\n\t<meta name=\"twitter:data1\" content=\"3 minutes\" \/>\n<script type=\"application\/ld+json\" class=\"yoast-schema-graph\">{\"@context\":\"https:\/\/schema.org\",\"@graph\":[{\"@type\":\"WebPage\",\"@id\":\"https:\/\/inspiratio.ro\/produs\/ach-balsam-b-strawberry\/\",\"url\":\"https:\/\/inspiratio.ro\/produs\/ach-balsam-b-strawberry\/\",\"name\":\"ACH Balsam B. Strawberry - Inspiratio\",\"isPartOf\":{\"@id\":\"https:\/\/inspiratio.ro\/#website\"},\"primaryImageOfPage\":{\"@id\":\"https:\/\/inspiratio.ro\/produs\/ach-balsam-b-strawberry\/#primaryimage\"},\"image\":{\"@id\":\"https:\/\/inspiratio.ro\/produs\/ach-balsam-b-strawberry\/#primaryimage\"},\"thumbnailUrl\":\"https:\/\/inspiratio.ro\/wp-content\/uploads\/2022\/03\/Balsam-Natural-Buze-Strawberry.webp\",\"datePublished\":\"2022-03-16T15:57:00+00:00\",\"dateModified\":\"2025-09-06T07:58:22+00:00\",\"description\":\"ACH Balsam B. Strawberry\",\"breadcrumb\":{\"@id\":\"https:\/\/inspiratio.ro\/produs\/ach-balsam-b-strawberry\/#breadcrumb\"},\"inLanguage\":\"en-US\",\"potentialAction\":[{\"@type\":\"ReadAction\",\"target\":[\"https:\/\/inspiratio.ro\/produs\/ach-balsam-b-strawberry\/\"]}]},{\"@type\":\"ImageObject\",\"inLanguage\":\"en-US\",\"@id\":\"https:\/\/inspiratio.ro\/produs\/ach-balsam-b-strawberry\/#primaryimage\",\"url\":\"https:\/\/inspiratio.ro\/wp-content\/uploads\/2022\/03\/Balsam-Natural-Buze-Strawberry.webp\",\"contentUrl\":\"https:\/\/inspiratio.ro\/wp-content\/uploads\/2022\/03\/Balsam-Natural-Buze-Strawberry.webp\",\"width\":1000,\"height\":1000},{\"@type\":\"BreadcrumbList\",\"@id\":\"https:\/\/inspiratio.ro\/produs\/ach-balsam-b-strawberry\/#breadcrumb\",\"itemListElement\":[{\"@type\":\"ListItem\",\"position\":1,\"name\":\"Shop\",\"item\":\"https:\/\/inspiratio.ro\/magazin-cadouri\/\"},{\"@type\":\"ListItem\",\"position\":2,\"name\":\"ACH Balsam B. Strawberry\"}]},{\"@type\":\"WebSite\",\"@id\":\"https:\/\/inspiratio.ro\/#website\",\"url\":\"https:\/\/inspiratio.ro\/\",\"name\":\"Inspiratio\",\"description\":\"Las\u0103-te purtat de inspira\u021bie\",\"publisher\":{\"@id\":\"https:\/\/inspiratio.ro\/#organization\"},\"potentialAction\":[{\"@type\":\"SearchAction\",\"target\":{\"@type\":\"EntryPoint\",\"urlTemplate\":\"https:\/\/inspiratio.ro\/?s={search_term_string}\"},\"query-input\":{\"@type\":\"PropertyValueSpecification\",\"valueRequired\":true,\"valueName\":\"search_term_string\"}}],\"inLanguage\":\"en-US\"},{\"@type\":\"Organization\",\"@id\":\"https:\/\/inspiratio.ro\/#organization\",\"name\":\"Inspiratio\",\"url\":\"https:\/\/inspiratio.ro\/\",\"logo\":{\"@type\":\"ImageObject\",\"inLanguage\":\"en-US\",\"@id\":\"https:\/\/inspiratio.ro\/#\/schema\/logo\/image\/\",\"url\":\"https:\/\/inspiratio.ro\/wp-content\/uploads\/2020\/06\/logo-inspiratio.png\",\"contentUrl\":\"https:\/\/inspiratio.ro\/wp-content\/uploads\/2020\/06\/logo-inspiratio.png\",\"width\":232,\"height\":209,\"caption\":\"Inspiratio\"},\"image\":{\"@id\":\"https:\/\/inspiratio.ro\/#\/schema\/logo\/image\/\"},\"sameAs\":[\"https:\/\/www.facebook.com\/inspiratiogiftstudio\/\",\"https:\/\/www.instagram.com\/inspiratio_giftstudio\/\"]}]}<\/script>\n<!-- \/ Yoast SEO plugin. -->","yoast_head_json":{"title":"ACH Balsam B. Strawberry - Inspiratio","description":"ACH Balsam B. Strawberry","robots":{"index":"index","follow":"follow","max-snippet":"max-snippet:-1","max-image-preview":"max-image-preview:large","max-video-preview":"max-video-preview:-1"},"canonical":"https:\/\/inspiratio.ro\/produs\/ach-balsam-b-strawberry\/","og_locale":"en_US","og_type":"article","og_title":"ACH Balsam B. Strawberry - Inspiratio","og_description":"ACH Balsam B. Strawberry","og_url":"https:\/\/inspiratio.ro\/produs\/ach-balsam-b-strawberry\/","og_site_name":"Inspiratio","article_publisher":"https:\/\/www.facebook.com\/inspiratiogiftstudio\/","article_modified_time":"2025-09-06T07:58:22+00:00","og_image":[{"width":1000,"height":1000,"url":"https:\/\/inspiratio.ro\/wp-content\/uploads\/2022\/03\/Balsam-Natural-Buze-Strawberry.webp","type":"image\/webp"}],"twitter_card":"summary_large_image","twitter_misc":{"Est. reading time":"3 minutes"},"schema":{"@context":"https:\/\/schema.org","@graph":[{"@type":"WebPage","@id":"https:\/\/inspiratio.ro\/produs\/ach-balsam-b-strawberry\/","url":"https:\/\/inspiratio.ro\/produs\/ach-balsam-b-strawberry\/","name":"ACH Balsam B. Strawberry - Inspiratio","isPartOf":{"@id":"https:\/\/inspiratio.ro\/#website"},"primaryImageOfPage":{"@id":"https:\/\/inspiratio.ro\/produs\/ach-balsam-b-strawberry\/#primaryimage"},"image":{"@id":"https:\/\/inspiratio.ro\/produs\/ach-balsam-b-strawberry\/#primaryimage"},"thumbnailUrl":"https:\/\/inspiratio.ro\/wp-content\/uploads\/2022\/03\/Balsam-Natural-Buze-Strawberry.webp","datePublished":"2022-03-16T15:57:00+00:00","dateModified":"2025-09-06T07:58:22+00:00","description":"ACH Balsam B. Strawberry","breadcrumb":{"@id":"https:\/\/inspiratio.ro\/produs\/ach-balsam-b-strawberry\/#breadcrumb"},"inLanguage":"en-US","potentialAction":[{"@type":"ReadAction","target":["https:\/\/inspiratio.ro\/produs\/ach-balsam-b-strawberry\/"]}]},{"@type":"ImageObject","inLanguage":"en-US","@id":"https:\/\/inspiratio.ro\/produs\/ach-balsam-b-strawberry\/#primaryimage","url":"https:\/\/inspiratio.ro\/wp-content\/uploads\/2022\/03\/Balsam-Natural-Buze-Strawberry.webp","contentUrl":"https:\/\/inspiratio.ro\/wp-content\/uploads\/2022\/03\/Balsam-Natural-Buze-Strawberry.webp","width":1000,"height":1000},{"@type":"BreadcrumbList","@id":"https:\/\/inspiratio.ro\/produs\/ach-balsam-b-strawberry\/#breadcrumb","itemListElement":[{"@type":"ListItem","position":1,"name":"Shop","item":"https:\/\/inspiratio.ro\/magazin-cadouri\/"},{"@type":"ListItem","position":2,"name":"ACH Balsam B. Strawberry"}]},{"@type":"WebSite","@id":"https:\/\/inspiratio.ro\/#website","url":"https:\/\/inspiratio.ro\/","name":"Inspiratio","description":"Las\u0103-te purtat de inspira\u021bie","publisher":{"@id":"https:\/\/inspiratio.ro\/#organization"},"potentialAction":[{"@type":"SearchAction","target":{"@type":"EntryPoint","urlTemplate":"https:\/\/inspiratio.ro\/?s={search_term_string}"},"query-input":{"@type":"PropertyValueSpecification","valueRequired":true,"valueName":"search_term_string"}}],"inLanguage":"en-US"},{"@type":"Organization","@id":"https:\/\/inspiratio.ro\/#organization","name":"Inspiratio","url":"https:\/\/inspiratio.ro\/","logo":{"@type":"ImageObject","inLanguage":"en-US","@id":"https:\/\/inspiratio.ro\/#\/schema\/logo\/image\/","url":"https:\/\/inspiratio.ro\/wp-content\/uploads\/2020\/06\/logo-inspiratio.png","contentUrl":"https:\/\/inspiratio.ro\/wp-content\/uploads\/2020\/06\/logo-inspiratio.png","width":232,"height":209,"caption":"Inspiratio"},"image":{"@id":"https:\/\/inspiratio.ro\/#\/schema\/logo\/image\/"},"sameAs":["https:\/\/www.facebook.com\/inspiratiogiftstudio\/","https:\/\/www.instagram.com\/inspiratio_giftstudio\/"]}]}},"brands":[{"id":142,"name":"Green Bubble","slug":"green-bubble"}],"_links":{"self":[{"href":"https:\/\/inspiratio.ro\/en\/wp-json\/wp\/v2\/product\/4205","targetHints":{"allow":["GET"]}}],"collection":[{"href":"https:\/\/inspiratio.ro\/en\/wp-json\/wp\/v2\/product"}],"about":[{"href":"https:\/\/inspiratio.ro\/en\/wp-json\/wp\/v2\/types\/product"}],"replies":[{"embeddable":true,"href":"https:\/\/inspiratio.ro\/en\/wp-json\/wp\/v2\/comments?post=4205"}],"wp:featuredmedia":[{"embeddable":true,"href":"https:\/\/inspiratio.ro\/en\/wp-json\/wp\/v2\/media\/4206"}],"wp:attachment":[{"href":"https:\/\/inspiratio.ro\/en\/wp-json\/wp\/v2\/media?parent=4205"}],"wp:term":[{"taxonomy":"pwb-brand","embeddable":true,"href":"https:\/\/inspiratio.ro\/en\/wp-json\/wp\/v2\/pwb-brand?post=4205"},{"taxonomy":"product_brand","embeddable":true,"href":"https:\/\/inspiratio.ro\/en\/wp-json\/wp\/v2\/product_brand?post=4205"},{"taxonomy":"product_cat","embeddable":true,"href":"https:\/\/inspiratio.ro\/en\/wp-json\/wp\/v2\/product_cat?post=4205"},{"taxonomy":"product_tag","embeddable":true,"href":"https:\/\/inspiratio.ro\/en\/wp-json\/wp\/v2\/product_tag?post=4205"}],"curies":[{"name":"wp","href":"https:\/\/api.w.org\/{rel}","templated":true}]}}