{"id":4177,"date":"2022-03-16T11:18:16","date_gmt":"2022-03-16T09:18:16","guid":{"rendered":"https:\/\/inspiratio.ro\/?post_type=product&#038;p=4177"},"modified":"2025-05-28T20:41:34","modified_gmt":"2025-05-28T17:41:34","slug":"din-sirop-muguri-brad-si-pin-250-ml","status":"publish","type":"product","link":"https:\/\/inspiratio.ro\/en\/produs\/din-sirop-muguri-brad-si-pin-250-ml\/","title":{"rendered":"Sirop muguri brad \u0219i pin 250 ml"},"content":{"rendered":"<p>Mugurii de brad \u0219i pin trateaz\u0103 afec\u021biunile sistemului respirator (astm, tuse, bron\u0219it\u0103, pneumonie), amelioreaz\u0103 durerile reumatice, \u00eent\u0103resc sistemul imunitar, ajut\u0103 \u00een cazul tulbur\u0103rilor circulatorii \u0219i de metabolism, au efect diuretic, combat st\u0103rile de stres \u0219i insomnia.<\/p>\n<p><strong>Ingrediente<\/strong><\/p>\n<p>Muguri de brad \u0219i pin, ap\u0103 de izvor, zah\u0103r din sfecl\u0103 invertit, zeam\u0103 de l\u0103m\u00e2ie BIO, acid salicilic<\/p>\n<p><strong>Gramaj<\/strong><\/p>\n<p>250ml<\/p>\n<p><strong>Origine<\/strong><\/p>\n<p>Mugurii de brad \u0219i pin sunt cule\u0219i manual din flora spontan\u0103 a Mun\u021bilor C\u0103p\u0103\u021b\u00e2nii \u0219i Par\u00e2ng.<\/p>\n<p><strong>Beneficii<\/strong><\/p>\n<p>Mugurii de brad \u0219i pin trateaz\u0103 afec\u021biunile sistemului respirator (astm, tuse, bron\u0219it\u0103, pneumonie), amelioreaz\u0103 durerile reumatice, \u00eent\u0103resc sistemul imunitar, ajut\u0103 \u00een cazul tulbur\u0103rilor circulatorii \u0219i de metabolism, au efect diuretic, combat st\u0103rile de stres \u0219i insomnia.<\/p>\n<p><strong>Mod administrare<\/strong><\/p>\n<p>Se poate consum ca atare (2-3 linguri\/zi) sau diluat cu ap\u0103 plat\u0103\/carbogazoas\u0103 (1:5).<br \/>\nSe poate utiliza \u00een diferite cocktailuri alcoolice \u0219i non-alcoolice, pe post de topping pentru deserturi sau ca b\u0103utur\u0103 cald\u0103, diluat cu ap\u0103 fierbinte (1:5).<\/p>\n<p><strong>Indica\u021bii<\/strong><\/p>\n<p>Se agit\u0103 bine \u00eenainte de folosire \u0219i se p\u0103streaz\u0103 la loc r\u0103coros, ferit de \u00eenghe\u021b, umiditate sau de razele soarelui.<\/p>\n<p><strong>Valabilitate<\/strong><\/p>\n<p>10 luni<\/p>\n","protected":false},"excerpt":{"rendered":"<p>Mugurii de brad \u0219i pin trateaz\u0103 afec\u021biunile sistemului respirator (astm, tuse, bron\u0219it\u0103, pneumonie), amelioreaz\u0103 durerile reumatice, \u00eent\u0103resc sistemul imunitar, ajut\u0103 \u00een cazul tulbur\u0103rilor circulatorii \u0219i de metabolism, au efect diuretic, combat st\u0103rile de stres \u0219i insomnia. Ingrediente Muguri de brad \u0219i pin, ap\u0103 de izvor, zah\u0103r din sfecl\u0103 invertit, zeam\u0103 de l\u0103m\u00e2ie BIO, acid salicilic [&hellip;]<\/p>\n","protected":false},"featured_media":4178,"comment_status":"open","ping_status":"closed","template":"","meta":[],"pwb-brand":[141],"product_brand":[253],"product_cat":[117],"product_tag":[],"class_list":{"0":"post-4177","1":"product","2":"type-product","3":"status-publish","4":"has-post-thumbnail","6":"pwb-brand-din-eden","7":"product_brand-din-eden","8":"product_cat-specialitati-gourmet","10":"first","11":"instock","12":"taxable","13":"shipping-taxable","14":"purchasable","15":"product-type-simple"},"yoast_head":"<!-- This site is optimized with the Yoast SEO plugin v26.9 - https:\/\/yoast.com\/product\/yoast-seo-wordpress\/ -->\n<title>DIN Sirop muguri brad \u0219i pin 250 ml - Inspiratio<\/title>\n<meta name=\"robots\" content=\"index, follow, max-snippet:-1, max-image-preview:large, max-video-preview:-1\" \/>\n<link rel=\"canonical\" href=\"https:\/\/inspiratio.ro\/produs\/din-sirop-muguri-brad-si-pin-250-ml\/\" \/>\n<meta property=\"og:locale\" content=\"en_US\" \/>\n<meta property=\"og:type\" content=\"article\" \/>\n<meta property=\"og:title\" content=\"DIN Sirop muguri brad \u0219i pin 250 ml - Inspiratio\" \/>\n<meta property=\"og:description\" content=\"Mugurii de brad \u0219i pin trateaz\u0103 afec\u021biunile sistemului respirator (astm, tuse, bron\u0219it\u0103, pneumonie), amelioreaz\u0103 durerile reumatice, \u00eent\u0103resc sistemul imunitar, ajut\u0103 \u00een cazul tulbur\u0103rilor circulatorii \u0219i de metabolism, au efect diuretic, combat st\u0103rile de stres \u0219i insomnia. Ingrediente Muguri de brad \u0219i pin, ap\u0103 de izvor, zah\u0103r din sfecl\u0103 invertit, zeam\u0103 de l\u0103m\u00e2ie BIO, acid salicilic [&hellip;]\" \/>\n<meta property=\"og:url\" content=\"https:\/\/inspiratio.ro\/produs\/din-sirop-muguri-brad-si-pin-250-ml\/\" \/>\n<meta property=\"og:site_name\" content=\"Inspiratio\" \/>\n<meta property=\"article:publisher\" content=\"https:\/\/www.facebook.com\/inspiratiogiftstudio\/\" \/>\n<meta property=\"article:modified_time\" content=\"2025-05-28T17:41:34+00:00\" \/>\n<meta property=\"og:image\" content=\"https:\/\/inspiratio.ro\/wp-content\/uploads\/2022\/03\/0000s_0001s_0008_brad.png\" \/>\n\t<meta property=\"og:image:width\" content=\"450\" \/>\n\t<meta property=\"og:image:height\" content=\"778\" \/>\n\t<meta property=\"og:image:type\" content=\"image\/png\" \/>\n<meta name=\"twitter:card\" content=\"summary_large_image\" \/>\n<meta name=\"twitter:label1\" content=\"Est. reading time\" \/>\n\t<meta name=\"twitter:data1\" content=\"1 minute\" \/>\n<script type=\"application\/ld+json\" class=\"yoast-schema-graph\">{\"@context\":\"https:\/\/schema.org\",\"@graph\":[{\"@type\":\"WebPage\",\"@id\":\"https:\/\/inspiratio.ro\/produs\/din-sirop-muguri-brad-si-pin-250-ml\/\",\"url\":\"https:\/\/inspiratio.ro\/produs\/din-sirop-muguri-brad-si-pin-250-ml\/\",\"name\":\"DIN Sirop muguri brad \u0219i pin 250 ml - Inspiratio\",\"isPartOf\":{\"@id\":\"https:\/\/inspiratio.ro\/#website\"},\"primaryImageOfPage\":{\"@id\":\"https:\/\/inspiratio.ro\/produs\/din-sirop-muguri-brad-si-pin-250-ml\/#primaryimage\"},\"image\":{\"@id\":\"https:\/\/inspiratio.ro\/produs\/din-sirop-muguri-brad-si-pin-250-ml\/#primaryimage\"},\"thumbnailUrl\":\"https:\/\/inspiratio.ro\/wp-content\/uploads\/2022\/03\/0000s_0001s_0008_brad.png\",\"datePublished\":\"2022-03-16T09:18:16+00:00\",\"dateModified\":\"2025-05-28T17:41:34+00:00\",\"breadcrumb\":{\"@id\":\"https:\/\/inspiratio.ro\/produs\/din-sirop-muguri-brad-si-pin-250-ml\/#breadcrumb\"},\"inLanguage\":\"en-US\",\"potentialAction\":[{\"@type\":\"ReadAction\",\"target\":[\"https:\/\/inspiratio.ro\/produs\/din-sirop-muguri-brad-si-pin-250-ml\/\"]}]},{\"@type\":\"ImageObject\",\"inLanguage\":\"en-US\",\"@id\":\"https:\/\/inspiratio.ro\/produs\/din-sirop-muguri-brad-si-pin-250-ml\/#primaryimage\",\"url\":\"https:\/\/inspiratio.ro\/wp-content\/uploads\/2022\/03\/0000s_0001s_0008_brad.png\",\"contentUrl\":\"https:\/\/inspiratio.ro\/wp-content\/uploads\/2022\/03\/0000s_0001s_0008_brad.png\",\"width\":450,\"height\":778},{\"@type\":\"BreadcrumbList\",\"@id\":\"https:\/\/inspiratio.ro\/produs\/din-sirop-muguri-brad-si-pin-250-ml\/#breadcrumb\",\"itemListElement\":[{\"@type\":\"ListItem\",\"position\":1,\"name\":\"Shop\",\"item\":\"https:\/\/inspiratio.ro\/magazin-cadouri\/\"},{\"@type\":\"ListItem\",\"position\":2,\"name\":\"DIN Sirop muguri brad \u0219i pin 250 ml\"}]},{\"@type\":\"WebSite\",\"@id\":\"https:\/\/inspiratio.ro\/#website\",\"url\":\"https:\/\/inspiratio.ro\/\",\"name\":\"Inspiratio\",\"description\":\"Las\u0103-te purtat de inspira\u021bie\",\"publisher\":{\"@id\":\"https:\/\/inspiratio.ro\/#organization\"},\"potentialAction\":[{\"@type\":\"SearchAction\",\"target\":{\"@type\":\"EntryPoint\",\"urlTemplate\":\"https:\/\/inspiratio.ro\/?s={search_term_string}\"},\"query-input\":{\"@type\":\"PropertyValueSpecification\",\"valueRequired\":true,\"valueName\":\"search_term_string\"}}],\"inLanguage\":\"en-US\"},{\"@type\":\"Organization\",\"@id\":\"https:\/\/inspiratio.ro\/#organization\",\"name\":\"Inspiratio\",\"url\":\"https:\/\/inspiratio.ro\/\",\"logo\":{\"@type\":\"ImageObject\",\"inLanguage\":\"en-US\",\"@id\":\"https:\/\/inspiratio.ro\/#\/schema\/logo\/image\/\",\"url\":\"https:\/\/inspiratio.ro\/wp-content\/uploads\/2020\/06\/logo-inspiratio.png\",\"contentUrl\":\"https:\/\/inspiratio.ro\/wp-content\/uploads\/2020\/06\/logo-inspiratio.png\",\"width\":232,\"height\":209,\"caption\":\"Inspiratio\"},\"image\":{\"@id\":\"https:\/\/inspiratio.ro\/#\/schema\/logo\/image\/\"},\"sameAs\":[\"https:\/\/www.facebook.com\/inspiratiogiftstudio\/\",\"https:\/\/www.instagram.com\/inspiratio_giftstudio\/\"]}]}<\/script>\n<!-- \/ Yoast SEO plugin. -->","yoast_head_json":{"title":"DIN Sirop muguri brad \u0219i pin 250 ml - Inspiratio","robots":{"index":"index","follow":"follow","max-snippet":"max-snippet:-1","max-image-preview":"max-image-preview:large","max-video-preview":"max-video-preview:-1"},"canonical":"https:\/\/inspiratio.ro\/produs\/din-sirop-muguri-brad-si-pin-250-ml\/","og_locale":"en_US","og_type":"article","og_title":"DIN Sirop muguri brad \u0219i pin 250 ml - Inspiratio","og_description":"Mugurii de brad \u0219i pin trateaz\u0103 afec\u021biunile sistemului respirator (astm, tuse, bron\u0219it\u0103, pneumonie), amelioreaz\u0103 durerile reumatice, \u00eent\u0103resc sistemul imunitar, ajut\u0103 \u00een cazul tulbur\u0103rilor circulatorii \u0219i de metabolism, au efect diuretic, combat st\u0103rile de stres \u0219i insomnia. Ingrediente Muguri de brad \u0219i pin, ap\u0103 de izvor, zah\u0103r din sfecl\u0103 invertit, zeam\u0103 de l\u0103m\u00e2ie BIO, acid salicilic [&hellip;]","og_url":"https:\/\/inspiratio.ro\/produs\/din-sirop-muguri-brad-si-pin-250-ml\/","og_site_name":"Inspiratio","article_publisher":"https:\/\/www.facebook.com\/inspiratiogiftstudio\/","article_modified_time":"2025-05-28T17:41:34+00:00","og_image":[{"width":450,"height":778,"url":"https:\/\/inspiratio.ro\/wp-content\/uploads\/2022\/03\/0000s_0001s_0008_brad.png","type":"image\/png"}],"twitter_card":"summary_large_image","twitter_misc":{"Est. reading time":"1 minute"},"schema":{"@context":"https:\/\/schema.org","@graph":[{"@type":"WebPage","@id":"https:\/\/inspiratio.ro\/produs\/din-sirop-muguri-brad-si-pin-250-ml\/","url":"https:\/\/inspiratio.ro\/produs\/din-sirop-muguri-brad-si-pin-250-ml\/","name":"DIN Sirop muguri brad \u0219i pin 250 ml - Inspiratio","isPartOf":{"@id":"https:\/\/inspiratio.ro\/#website"},"primaryImageOfPage":{"@id":"https:\/\/inspiratio.ro\/produs\/din-sirop-muguri-brad-si-pin-250-ml\/#primaryimage"},"image":{"@id":"https:\/\/inspiratio.ro\/produs\/din-sirop-muguri-brad-si-pin-250-ml\/#primaryimage"},"thumbnailUrl":"https:\/\/inspiratio.ro\/wp-content\/uploads\/2022\/03\/0000s_0001s_0008_brad.png","datePublished":"2022-03-16T09:18:16+00:00","dateModified":"2025-05-28T17:41:34+00:00","breadcrumb":{"@id":"https:\/\/inspiratio.ro\/produs\/din-sirop-muguri-brad-si-pin-250-ml\/#breadcrumb"},"inLanguage":"en-US","potentialAction":[{"@type":"ReadAction","target":["https:\/\/inspiratio.ro\/produs\/din-sirop-muguri-brad-si-pin-250-ml\/"]}]},{"@type":"ImageObject","inLanguage":"en-US","@id":"https:\/\/inspiratio.ro\/produs\/din-sirop-muguri-brad-si-pin-250-ml\/#primaryimage","url":"https:\/\/inspiratio.ro\/wp-content\/uploads\/2022\/03\/0000s_0001s_0008_brad.png","contentUrl":"https:\/\/inspiratio.ro\/wp-content\/uploads\/2022\/03\/0000s_0001s_0008_brad.png","width":450,"height":778},{"@type":"BreadcrumbList","@id":"https:\/\/inspiratio.ro\/produs\/din-sirop-muguri-brad-si-pin-250-ml\/#breadcrumb","itemListElement":[{"@type":"ListItem","position":1,"name":"Shop","item":"https:\/\/inspiratio.ro\/magazin-cadouri\/"},{"@type":"ListItem","position":2,"name":"DIN Sirop muguri brad \u0219i pin 250 ml"}]},{"@type":"WebSite","@id":"https:\/\/inspiratio.ro\/#website","url":"https:\/\/inspiratio.ro\/","name":"Inspiratio","description":"Las\u0103-te purtat de inspira\u021bie","publisher":{"@id":"https:\/\/inspiratio.ro\/#organization"},"potentialAction":[{"@type":"SearchAction","target":{"@type":"EntryPoint","urlTemplate":"https:\/\/inspiratio.ro\/?s={search_term_string}"},"query-input":{"@type":"PropertyValueSpecification","valueRequired":true,"valueName":"search_term_string"}}],"inLanguage":"en-US"},{"@type":"Organization","@id":"https:\/\/inspiratio.ro\/#organization","name":"Inspiratio","url":"https:\/\/inspiratio.ro\/","logo":{"@type":"ImageObject","inLanguage":"en-US","@id":"https:\/\/inspiratio.ro\/#\/schema\/logo\/image\/","url":"https:\/\/inspiratio.ro\/wp-content\/uploads\/2020\/06\/logo-inspiratio.png","contentUrl":"https:\/\/inspiratio.ro\/wp-content\/uploads\/2020\/06\/logo-inspiratio.png","width":232,"height":209,"caption":"Inspiratio"},"image":{"@id":"https:\/\/inspiratio.ro\/#\/schema\/logo\/image\/"},"sameAs":["https:\/\/www.facebook.com\/inspiratiogiftstudio\/","https:\/\/www.instagram.com\/inspiratio_giftstudio\/"]}]}},"brands":[{"id":141,"name":"Din Eden","slug":"din-eden"}],"_links":{"self":[{"href":"https:\/\/inspiratio.ro\/en\/wp-json\/wp\/v2\/product\/4177","targetHints":{"allow":["GET"]}}],"collection":[{"href":"https:\/\/inspiratio.ro\/en\/wp-json\/wp\/v2\/product"}],"about":[{"href":"https:\/\/inspiratio.ro\/en\/wp-json\/wp\/v2\/types\/product"}],"replies":[{"embeddable":true,"href":"https:\/\/inspiratio.ro\/en\/wp-json\/wp\/v2\/comments?post=4177"}],"wp:featuredmedia":[{"embeddable":true,"href":"https:\/\/inspiratio.ro\/en\/wp-json\/wp\/v2\/media\/4178"}],"wp:attachment":[{"href":"https:\/\/inspiratio.ro\/en\/wp-json\/wp\/v2\/media?parent=4177"}],"wp:term":[{"taxonomy":"pwb-brand","embeddable":true,"href":"https:\/\/inspiratio.ro\/en\/wp-json\/wp\/v2\/pwb-brand?post=4177"},{"taxonomy":"product_brand","embeddable":true,"href":"https:\/\/inspiratio.ro\/en\/wp-json\/wp\/v2\/product_brand?post=4177"},{"taxonomy":"product_cat","embeddable":true,"href":"https:\/\/inspiratio.ro\/en\/wp-json\/wp\/v2\/product_cat?post=4177"},{"taxonomy":"product_tag","embeddable":true,"href":"https:\/\/inspiratio.ro\/en\/wp-json\/wp\/v2\/product_tag?post=4177"}],"curies":[{"name":"wp","href":"https:\/\/api.w.org\/{rel}","templated":true}]}}