{"id":4164,"date":"2022-03-08T17:47:54","date_gmt":"2022-03-08T15:47:54","guid":{"rendered":"https:\/\/inspiratio.ro\/?post_type=product&#038;p=4164"},"modified":"2025-05-28T20:42:11","modified_gmt":"2025-05-28T17:42:11","slug":"din-sirop-catina-250-ml","status":"publish","type":"product","link":"https:\/\/inspiratio.ro\/en\/produs\/din-sirop-catina-250-ml\/","title":{"rendered":"Sirop catina 250 ml"},"content":{"rendered":"<h4>CE ESTE C\u0102TINA?<\/h4>\n<p>Sub numele ei original\u00a0<em>Hippophae Rhamnoides<\/em>, c\u0103tina este o plant\u0103 ale c\u0103rei fructe se consumau \u00eenc\u0103 din perioada r\u0103zboiului. Cu alte cuvinte, este o surs\u0103 bogat\u0103 de vitamine, care ajut\u0103 organismul at\u00e2t consumat\u0103 ca atare, c\u00e2t \u0219i sub form\u0103 de sirop de c\u0103tin\u0103 concentrat.<\/p>\n<p>Cu foarte mult timp \u00een urm\u0103, catina se num\u0103ra printre pu\u021binele fructe accesibile, aflate \u00een inima mun\u021bilor sau pe terenuri mai pu\u021bin cunoscute. Era doza de energie de care orice persoan\u0103 avea nevoie. Ce crezi, \u00eens\u0103, \u0219i-a p\u0103strat p\u00e2n\u0103 \u00een prezent acelea\u0219i propriet\u0103\u021bi? Mai este perceput\u0103 c\u0103tina ca atare, dar \u0219i siropul de catina ca fiind un energizant demn de luat \u00een considerare?<\/p>\n<p>Cu siguran\u021b\u0103, mai mult dec\u00e2t niciodat\u0103, c\u0103tina este apreciat\u0103 pentru ceea ce ofer\u0103!<\/p>\n<h4>Sub ce form\u0103 se g\u0103se\u0219te catina?<\/h4>\n<p>C\u0103tina poate fi consumat\u0103 ca atare, cu sub form\u0103 de diferite preparate. Echipa noastr\u0103, \u00eens\u0103, s-a axat \u0219i se axeaz\u0103 \u00een continuare pe valorificarea c\u00e2t mai organic\u0103 a beneficiilor c\u0103tinii. Tocmai din acest motiv, echipa Din Eden a luat decizia de a-\u021bi pune la dispozi\u021bie o variant\u0103 extrem de benefic\u0103, dar \u0219i accesibil\u0103 care are la baz\u0103 c\u0103tin\u0103 presat\u0103 la rece. Am prelucrat \u0219i prelucr\u0103m \u00een continuare c\u0103tina, ob\u021bin\u00e2nd unul dintre cele mai bune siropuri de catina de pe pia\u021b\u0103!<\/p>\n<p>Nu e\u0219ti obi\u0219nuit cu tratamente precum siropul de catina? \u00ce\u021bi garant\u0103m faptul c\u0103-l vei \u00eendr\u0103gi! Nu uita s\u0103 ne dai de \u0219tire dup\u0103 ce \u00eel \u00eencerci!<\/p>\n<h2><img loading=\"lazy\" decoding=\"async\" class=\"alignnone size-full wp-image-6586\" src=\"https:\/\/dineden.ro\/wp-content\/uploads\/2021\/11\/sirop-de-catina.jpg\" alt=\"sirop de catina\" width=\"1200\" height=\"540\" \/><\/h2>\n<h4>Sirop de catina \u2013 top cele mai cunoscute beneficii ale acestuia<\/h4>\n<p>C\u0103tina este, \u00eentr-adev\u0103r, un mare rezervor de substan\u021be active fundamentale, care contribuie la o mai bun\u0103 func\u021bionare a organismului. Simplu spus, \u00een ceea ce prive\u0219te siropul de catina, acesta poate ie\u0219i \u00een eviden\u021b\u0103, \u00eentruc\u00e2t este cunoscut pentru:<\/p>\n<ul>\n<li>Nivelul ridicat de vitamina C;<\/li>\n<li>Flavonoide;<\/li>\n<li>Concentra\u021bii ridicate de vitamina A, B, respectiv E;<\/li>\n<li>Nivel remarcabil de minerale precum fierul, fosforul, calciul, magneziul \u0219i potasiul;<\/li>\n<li>Acizi gra\u0219i;<\/li>\n<li>Fitosteroli;<\/li>\n<li>Aminoacizi esen\u021biali;<\/li>\n<\/ul>\n<h4>Siropul de catina este un puternic antioxidant (con\u021bine cantit\u0103\u021bi mari de vitamina C)<\/h4>\n<p>Poate c\u0103 \u00eenc\u0103 nu \u0219tii, dar siropul de catina este un puternic antioxidant, \u00eensemn\u00e2nd c\u0103, \u00een compozi\u021bia sa, are o cantitate mare de vitamina C. La ce folositoare aceasta? Ei bine, vitamina C este renumit\u0103 pentru faptul c\u0103 ajut\u0103 organismul s\u0103 se protejeze, dar \u0219i s\u0103 lupte mai eficient \u00eempotriva r\u0103celilor.<\/p>\n<p>De c\u00e2te ori nu ai administrat vitamina C c\u00e2nd ai fost r\u0103cit? Majoritatea dintre noi ne g\u00e2ndim la aceasta ca fiind prima solu\u021bie atunci c\u00e2nd ne confrunt\u0103m cu vreo r\u0103ceal\u0103. Echipa Din Eden \u00ee\u021bi ofer\u0103, de acum \u00eencolo, posibilitatea de a consuma sirop de catina, de la cei mai buni de pe pia\u021b\u0103!<\/p>\n<p>\u00ce\u021bi oferim posibilitatea de a intra \u00een posesia unui sirop de catina prelucrat cu drag, f\u0103r\u0103 nicio urm\u0103 de compu\u0219i chimici sau de alte procese chimice. Siropul de catina pe care \u021bi-l punem la dispozi\u021bie este sirop de catina presat la rece.<\/p>\n<p>Doar \u00een acest fel, c\u0103tina \u2013 principalul ingredient al sucului de catina, \u00ee\u0219i p\u0103streaz\u0103 propriet\u0103\u021bile \u00een propor\u021bie de 100%.<\/p>\n<h4>Siropul de catina fortifiaz\u0103 imunitatea<\/h4>\n<p>Privim siropul de catina ca fiind un fortificator al imunit\u0103\u021bii. Dac\u0103 \u0219i tu ai probleme cu imunitatea, r\u0103ce\u0219ti repede \u0219i de foarte multe ori, \u00een urma unei r\u0103celi, ajungi s\u0103 suferi foarte mult, nu uita c\u0103 avem un sirop de catina care te a\u0219teapt\u0103 la noi pe site!<\/p>\n<p>Spune adio tuturor problemelor care vin odat\u0103 cu imunitatea sc\u0103zut\u0103! Alege s\u0103 consumi zilnic 2-3 linguri de sirop de catina, fie ca atare, fie dizolvat \u00een ap\u0103. Cu timpul, rezultatele vor fi cele a\u0219teptate!<\/p>\n<h4>Siropul de catina este un puternic detoxifiant<\/h4>\n<p>Fructele atent culese, exact din inima mun\u021bilor, folosite pentru a produce cel mai bun sirop de catina, sunt cele care ofer\u0103 siropului proprietatea de detoxifiere. Astfel, dac\u0103 ai nevoie de un stimulent, dar \u0219i de un ajutor \u00een care s\u0103 te \u00eencrezi \u00een totalitate \u00een procesul de detoxifiere, \u0219tii ce ai de f\u0103cut!<\/p>\n<p>Mai mult dec\u00e2t niciodat\u0103, siropul de catina a ajuns s\u0103 fie din ce \u00een ce mai achizi\u021bionat datorit\u0103 propriet\u0103\u021bilor pe care le are.<\/p>\n<p>C\u00e2t despre\u00a0<strong><em>rolul s\u0103u energizant<\/em><\/strong>, \u021bi-am vorbit deja! Siropul de catina a fost \u0219i va r\u0103m\u00e2ne un adev\u0103rat energizant natural! Este, cu alte cuvinte, doza zilnic\u0103 de energie de care fiecare dintre noi avem nevoie!<\/p>\n<p>Opteaz\u0103 \u0219i tu pentru sirop de catina Din Eden \u2013 unul dintre cele mai simple siropuri, dar \u0219i unul dintre cele mai concentrate \u0219i mai benefice!<\/p>\n<h4>Siropul de catina este un produs fitoterapeutic<\/h4>\n<p>Siropul de catina este un produs fitoterapeutic, rolul s\u0103u de\u00a0<strong><em>remineralizare<\/em><\/strong>,\u00a0<strong><em>vitaminizare<\/em><\/strong>,\u00a0<strong><em>tonifiere<\/em><\/strong>\u00a0\u0219i\u00a0<strong><em>imunostimulare<\/em><\/strong>\u00a0contribuind la:<\/p>\n<ul>\n<li>Combaterea tuturor simptomelor de r\u0103ceal\u0103, respectiv grip\u0103;<\/li>\n<li>Tratarea infec\u021biilor respiratorii (acestea sunt cauzate, \u00een majoritatea cazurilor, de c\u0103tre viru\u0219i);<\/li>\n<li>Protejarea organismului predispus la viroze;<\/li>\n<li>Cre\u0219terea imunit\u0103\u021bii organismului, precum \u0219i completarea caren\u021belor pe care acesta le are (deficit de vitamina A, vitamina B, vitamina C sau alte minerale, precum fier, potasiu, magneziu);<\/li>\n<li>Refacerea organismului;<\/li>\n<li>Vindecarea accelerat\u0103 a organismului;<\/li>\n<li>Evitarea stresului oxidativ;<\/li>\n<li>\u00cembun\u0103t\u0103\u021birea considerabil\u0103 a nivelului de energie din organism;<\/li>\n<\/ul>\n<p>Siropul de catina poate trata, de altfel, din punct de vedere medical \u0219i:<\/p>\n<ul>\n<li>Afec\u021biunile hepatice;<\/li>\n<li>Anemia;<\/li>\n<li>Depresia;<\/li>\n<li>Hipertensiunea arterial\u0103;<\/li>\n<li>Alergiile;<\/li>\n<li>Reumatismul;<\/li>\n<li>Tuberculoza;<\/li>\n<li>Ciroza;<\/li>\n<li>Cancerul;<\/li>\n<li>Hepatita cronic\u0103;<\/li>\n<li>Hepatita epidermic\u0103;<\/li>\n<\/ul>\n<h4>Ce contraindica\u0163ii are siropul de catina?<\/h4>\n<p>\u0218i nu \u00een ultimul r\u00e2nd, sim\u021bim nevoia de a oferi c\u00e2teva contraindica\u021bii. Ne dorim s\u0103 \u00ee\u021bi oferim posibilitatea nu doar de a fi con\u0219tient de beneficiile pe care le are acest sirop de catina, ci \u0219i de problemele care pot ap\u0103rea, \u00een anumite cazuri.<\/p>\n<p>Astfel, siropul de catina:<\/p>\n<ul>\n<li>Nu este recomandat a se consuma \u00een paralel cu alte medicamente cu rol anticoagulator;<\/li>\n<li>\u00centruc\u00e2t \u00eencurajeaz\u0103 hemoragia, este strict interzis persoanelor care sufer\u0103 de probleme de hemofilie;<\/li>\n<li>Nu este recomandat a se consuma \u00een cazul \u00een care persoana \u00een cauz\u0103 se confrunt\u0103 cu diaree cronic\u0103 sau pancreatit\u0103 cronic\u0103;<\/li>\n<li>Trebuie evitat de c\u0103tre persoanele hipertensive;<\/li>\n<li>Administrarea la copii mici (1-3 ani) se face doar dup\u0103 un consult la medicul specialist;<\/li>\n<li>Femeile \u00eens\u0103rcinate, dar \u0219i cele care al\u0103pteaz\u0103 trebuie, de altfel, s\u0103 consulte un medic \u00eenainte de a administra sirop de catina.<\/li>\n<\/ul>\n<p><strong>Ingrediente<\/strong><\/p>\n<p>C\u0103tin\u0103 (70%), zah\u0103r din sfecl\u0103 invertit, zeam\u0103 de l\u0103m\u00e2ie BIO, acid salicilic<\/p>\n<p><strong>Gramaj<\/strong><\/p>\n<p>250ml<\/p>\n<p><strong>Origine<\/strong><\/p>\n<p>Fructele de c\u0103tin\u0103 folosite provin din culturi ecologice locale certificate, unde se folose\u0219te doar \u00eengr\u0103\u0219\u0103m\u00e2nt natural.<\/p>\n<p><strong>Beneficii<\/strong><\/p>\n<p>\u00cent\u0103re\u0219te sistemul imunitar, protejeaz\u0103 s\u0103n\u0103tatea inimii, eficient \u00een afec\u021biunile hepatice, combate starea de anemie, ajut\u0103 \u00een cazul depresiilor, este un bun aliat al sistemului digestiv, are rol antioxidant, rol detoxifiant \u0219i con\u021bine o doz\u0103 uria\u0219\u0103 de vitamina C.<\/p>\n<p><strong>Mod administrare<\/strong><\/p>\n<p>Se poate consum ca atare (2-3 linguri\/zi) sau diluat cu ap\u0103 plat\u0103\/carbogazoas\u0103 (1:5).<br \/>\nSe poate utiliza \u00een diferite cocktailuri alcoolice \u0219i non-alcoolice sau ca b\u0103utur\u0103 cald\u0103, diluat cu ap\u0103 fierbinte (1:5).<\/p>\n<p><strong>Indica\u021bii<\/strong><\/p>\n<p>Se agit\u0103 bine \u00eenainte de folosire \u0219i se p\u0103streaz\u0103 la loc r\u0103coros (8\u00b0C), ferit de \u00eenghe\u021b, umiditate sau de razele soarelui.<\/p>\n<p><strong>Valabilitate<\/strong><\/p>\n<p>3 luni<\/p>\n","protected":false},"excerpt":{"rendered":"<p>CE ESTE C\u0102TINA? Sub numele ei original\u00a0Hippophae Rhamnoides, c\u0103tina este o plant\u0103 ale c\u0103rei fructe se consumau \u00eenc\u0103 din perioada r\u0103zboiului. Cu alte cuvinte, este o surs\u0103 bogat\u0103 de vitamine, care ajut\u0103 organismul at\u00e2t consumat\u0103 ca atare, c\u00e2t \u0219i sub form\u0103 de sirop de c\u0103tin\u0103 concentrat. Cu foarte mult timp \u00een urm\u0103, catina se num\u0103ra [&hellip;]<\/p>\n","protected":false},"featured_media":4166,"comment_status":"open","ping_status":"closed","template":"","meta":[],"pwb-brand":[141],"product_brand":[253],"product_cat":[117],"product_tag":[],"class_list":{"0":"post-4164","1":"product","2":"type-product","3":"status-publish","4":"has-post-thumbnail","6":"pwb-brand-din-eden","7":"product_brand-din-eden","8":"product_cat-specialitati-gourmet","10":"first","11":"instock","12":"taxable","13":"shipping-taxable","14":"purchasable","15":"product-type-simple"},"yoast_head":"<!-- This site is optimized with the Yoast SEO plugin v26.9 - https:\/\/yoast.com\/product\/yoast-seo-wordpress\/ -->\n<title>DIN Sirop catina 250 ml - Inspiratio<\/title>\n<meta name=\"robots\" content=\"index, follow, max-snippet:-1, max-image-preview:large, max-video-preview:-1\" \/>\n<link rel=\"canonical\" href=\"https:\/\/inspiratio.ro\/produs\/din-sirop-catina-250-ml\/\" \/>\n<meta property=\"og:locale\" content=\"en_US\" \/>\n<meta property=\"og:type\" content=\"article\" \/>\n<meta property=\"og:title\" content=\"DIN Sirop catina 250 ml - Inspiratio\" \/>\n<meta property=\"og:description\" content=\"CE ESTE C\u0102TINA? Sub numele ei original\u00a0Hippophae Rhamnoides, c\u0103tina este o plant\u0103 ale c\u0103rei fructe se consumau \u00eenc\u0103 din perioada r\u0103zboiului. Cu alte cuvinte, este o surs\u0103 bogat\u0103 de vitamine, care ajut\u0103 organismul at\u00e2t consumat\u0103 ca atare, c\u00e2t \u0219i sub form\u0103 de sirop de c\u0103tin\u0103 concentrat. Cu foarte mult timp \u00een urm\u0103, catina se num\u0103ra [&hellip;]\" \/>\n<meta property=\"og:url\" content=\"https:\/\/inspiratio.ro\/produs\/din-sirop-catina-250-ml\/\" \/>\n<meta property=\"og:site_name\" content=\"Inspiratio\" \/>\n<meta property=\"article:publisher\" content=\"https:\/\/www.facebook.com\/inspiratiogiftstudio\/\" \/>\n<meta property=\"article:modified_time\" content=\"2025-05-28T17:42:11+00:00\" \/>\n<meta property=\"og:image\" content=\"https:\/\/inspiratio.ro\/wp-content\/uploads\/2022\/03\/0000s_0000s_0006_catina.png\" \/>\n\t<meta property=\"og:image:width\" content=\"450\" \/>\n\t<meta property=\"og:image:height\" content=\"778\" \/>\n\t<meta property=\"og:image:type\" content=\"image\/png\" \/>\n<meta name=\"twitter:card\" content=\"summary_large_image\" \/>\n<meta name=\"twitter:label1\" content=\"Est. reading time\" \/>\n\t<meta name=\"twitter:data1\" content=\"7 minutes\" \/>\n<script type=\"application\/ld+json\" class=\"yoast-schema-graph\">{\"@context\":\"https:\/\/schema.org\",\"@graph\":[{\"@type\":\"WebPage\",\"@id\":\"https:\/\/inspiratio.ro\/produs\/din-sirop-catina-250-ml\/\",\"url\":\"https:\/\/inspiratio.ro\/produs\/din-sirop-catina-250-ml\/\",\"name\":\"DIN Sirop catina 250 ml - Inspiratio\",\"isPartOf\":{\"@id\":\"https:\/\/inspiratio.ro\/#website\"},\"primaryImageOfPage\":{\"@id\":\"https:\/\/inspiratio.ro\/produs\/din-sirop-catina-250-ml\/#primaryimage\"},\"image\":{\"@id\":\"https:\/\/inspiratio.ro\/produs\/din-sirop-catina-250-ml\/#primaryimage\"},\"thumbnailUrl\":\"https:\/\/inspiratio.ro\/wp-content\/uploads\/2022\/03\/0000s_0000s_0006_catina.png\",\"datePublished\":\"2022-03-08T15:47:54+00:00\",\"dateModified\":\"2025-05-28T17:42:11+00:00\",\"breadcrumb\":{\"@id\":\"https:\/\/inspiratio.ro\/produs\/din-sirop-catina-250-ml\/#breadcrumb\"},\"inLanguage\":\"en-US\",\"potentialAction\":[{\"@type\":\"ReadAction\",\"target\":[\"https:\/\/inspiratio.ro\/produs\/din-sirop-catina-250-ml\/\"]}]},{\"@type\":\"ImageObject\",\"inLanguage\":\"en-US\",\"@id\":\"https:\/\/inspiratio.ro\/produs\/din-sirop-catina-250-ml\/#primaryimage\",\"url\":\"https:\/\/inspiratio.ro\/wp-content\/uploads\/2022\/03\/0000s_0000s_0006_catina.png\",\"contentUrl\":\"https:\/\/inspiratio.ro\/wp-content\/uploads\/2022\/03\/0000s_0000s_0006_catina.png\",\"width\":450,\"height\":778},{\"@type\":\"BreadcrumbList\",\"@id\":\"https:\/\/inspiratio.ro\/produs\/din-sirop-catina-250-ml\/#breadcrumb\",\"itemListElement\":[{\"@type\":\"ListItem\",\"position\":1,\"name\":\"Shop\",\"item\":\"https:\/\/inspiratio.ro\/magazin-cadouri\/\"},{\"@type\":\"ListItem\",\"position\":2,\"name\":\"DIN Sirop catina 250 ml\"}]},{\"@type\":\"WebSite\",\"@id\":\"https:\/\/inspiratio.ro\/#website\",\"url\":\"https:\/\/inspiratio.ro\/\",\"name\":\"Inspiratio\",\"description\":\"Las\u0103-te purtat de inspira\u021bie\",\"publisher\":{\"@id\":\"https:\/\/inspiratio.ro\/#organization\"},\"potentialAction\":[{\"@type\":\"SearchAction\",\"target\":{\"@type\":\"EntryPoint\",\"urlTemplate\":\"https:\/\/inspiratio.ro\/?s={search_term_string}\"},\"query-input\":{\"@type\":\"PropertyValueSpecification\",\"valueRequired\":true,\"valueName\":\"search_term_string\"}}],\"inLanguage\":\"en-US\"},{\"@type\":\"Organization\",\"@id\":\"https:\/\/inspiratio.ro\/#organization\",\"name\":\"Inspiratio\",\"url\":\"https:\/\/inspiratio.ro\/\",\"logo\":{\"@type\":\"ImageObject\",\"inLanguage\":\"en-US\",\"@id\":\"https:\/\/inspiratio.ro\/#\/schema\/logo\/image\/\",\"url\":\"https:\/\/inspiratio.ro\/wp-content\/uploads\/2020\/06\/logo-inspiratio.png\",\"contentUrl\":\"https:\/\/inspiratio.ro\/wp-content\/uploads\/2020\/06\/logo-inspiratio.png\",\"width\":232,\"height\":209,\"caption\":\"Inspiratio\"},\"image\":{\"@id\":\"https:\/\/inspiratio.ro\/#\/schema\/logo\/image\/\"},\"sameAs\":[\"https:\/\/www.facebook.com\/inspiratiogiftstudio\/\",\"https:\/\/www.instagram.com\/inspiratio_giftstudio\/\"]}]}<\/script>\n<!-- \/ Yoast SEO plugin. -->","yoast_head_json":{"title":"DIN Sirop catina 250 ml - Inspiratio","robots":{"index":"index","follow":"follow","max-snippet":"max-snippet:-1","max-image-preview":"max-image-preview:large","max-video-preview":"max-video-preview:-1"},"canonical":"https:\/\/inspiratio.ro\/produs\/din-sirop-catina-250-ml\/","og_locale":"en_US","og_type":"article","og_title":"DIN Sirop catina 250 ml - Inspiratio","og_description":"CE ESTE C\u0102TINA? Sub numele ei original\u00a0Hippophae Rhamnoides, c\u0103tina este o plant\u0103 ale c\u0103rei fructe se consumau \u00eenc\u0103 din perioada r\u0103zboiului. Cu alte cuvinte, este o surs\u0103 bogat\u0103 de vitamine, care ajut\u0103 organismul at\u00e2t consumat\u0103 ca atare, c\u00e2t \u0219i sub form\u0103 de sirop de c\u0103tin\u0103 concentrat. Cu foarte mult timp \u00een urm\u0103, catina se num\u0103ra [&hellip;]","og_url":"https:\/\/inspiratio.ro\/produs\/din-sirop-catina-250-ml\/","og_site_name":"Inspiratio","article_publisher":"https:\/\/www.facebook.com\/inspiratiogiftstudio\/","article_modified_time":"2025-05-28T17:42:11+00:00","og_image":[{"width":450,"height":778,"url":"https:\/\/inspiratio.ro\/wp-content\/uploads\/2022\/03\/0000s_0000s_0006_catina.png","type":"image\/png"}],"twitter_card":"summary_large_image","twitter_misc":{"Est. reading time":"7 minutes"},"schema":{"@context":"https:\/\/schema.org","@graph":[{"@type":"WebPage","@id":"https:\/\/inspiratio.ro\/produs\/din-sirop-catina-250-ml\/","url":"https:\/\/inspiratio.ro\/produs\/din-sirop-catina-250-ml\/","name":"DIN Sirop catina 250 ml - Inspiratio","isPartOf":{"@id":"https:\/\/inspiratio.ro\/#website"},"primaryImageOfPage":{"@id":"https:\/\/inspiratio.ro\/produs\/din-sirop-catina-250-ml\/#primaryimage"},"image":{"@id":"https:\/\/inspiratio.ro\/produs\/din-sirop-catina-250-ml\/#primaryimage"},"thumbnailUrl":"https:\/\/inspiratio.ro\/wp-content\/uploads\/2022\/03\/0000s_0000s_0006_catina.png","datePublished":"2022-03-08T15:47:54+00:00","dateModified":"2025-05-28T17:42:11+00:00","breadcrumb":{"@id":"https:\/\/inspiratio.ro\/produs\/din-sirop-catina-250-ml\/#breadcrumb"},"inLanguage":"en-US","potentialAction":[{"@type":"ReadAction","target":["https:\/\/inspiratio.ro\/produs\/din-sirop-catina-250-ml\/"]}]},{"@type":"ImageObject","inLanguage":"en-US","@id":"https:\/\/inspiratio.ro\/produs\/din-sirop-catina-250-ml\/#primaryimage","url":"https:\/\/inspiratio.ro\/wp-content\/uploads\/2022\/03\/0000s_0000s_0006_catina.png","contentUrl":"https:\/\/inspiratio.ro\/wp-content\/uploads\/2022\/03\/0000s_0000s_0006_catina.png","width":450,"height":778},{"@type":"BreadcrumbList","@id":"https:\/\/inspiratio.ro\/produs\/din-sirop-catina-250-ml\/#breadcrumb","itemListElement":[{"@type":"ListItem","position":1,"name":"Shop","item":"https:\/\/inspiratio.ro\/magazin-cadouri\/"},{"@type":"ListItem","position":2,"name":"DIN Sirop catina 250 ml"}]},{"@type":"WebSite","@id":"https:\/\/inspiratio.ro\/#website","url":"https:\/\/inspiratio.ro\/","name":"Inspiratio","description":"Las\u0103-te purtat de inspira\u021bie","publisher":{"@id":"https:\/\/inspiratio.ro\/#organization"},"potentialAction":[{"@type":"SearchAction","target":{"@type":"EntryPoint","urlTemplate":"https:\/\/inspiratio.ro\/?s={search_term_string}"},"query-input":{"@type":"PropertyValueSpecification","valueRequired":true,"valueName":"search_term_string"}}],"inLanguage":"en-US"},{"@type":"Organization","@id":"https:\/\/inspiratio.ro\/#organization","name":"Inspiratio","url":"https:\/\/inspiratio.ro\/","logo":{"@type":"ImageObject","inLanguage":"en-US","@id":"https:\/\/inspiratio.ro\/#\/schema\/logo\/image\/","url":"https:\/\/inspiratio.ro\/wp-content\/uploads\/2020\/06\/logo-inspiratio.png","contentUrl":"https:\/\/inspiratio.ro\/wp-content\/uploads\/2020\/06\/logo-inspiratio.png","width":232,"height":209,"caption":"Inspiratio"},"image":{"@id":"https:\/\/inspiratio.ro\/#\/schema\/logo\/image\/"},"sameAs":["https:\/\/www.facebook.com\/inspiratiogiftstudio\/","https:\/\/www.instagram.com\/inspiratio_giftstudio\/"]}]}},"brands":[{"id":141,"name":"Din Eden","slug":"din-eden"}],"_links":{"self":[{"href":"https:\/\/inspiratio.ro\/en\/wp-json\/wp\/v2\/product\/4164","targetHints":{"allow":["GET"]}}],"collection":[{"href":"https:\/\/inspiratio.ro\/en\/wp-json\/wp\/v2\/product"}],"about":[{"href":"https:\/\/inspiratio.ro\/en\/wp-json\/wp\/v2\/types\/product"}],"replies":[{"embeddable":true,"href":"https:\/\/inspiratio.ro\/en\/wp-json\/wp\/v2\/comments?post=4164"}],"wp:featuredmedia":[{"embeddable":true,"href":"https:\/\/inspiratio.ro\/en\/wp-json\/wp\/v2\/media\/4166"}],"wp:attachment":[{"href":"https:\/\/inspiratio.ro\/en\/wp-json\/wp\/v2\/media?parent=4164"}],"wp:term":[{"taxonomy":"pwb-brand","embeddable":true,"href":"https:\/\/inspiratio.ro\/en\/wp-json\/wp\/v2\/pwb-brand?post=4164"},{"taxonomy":"product_brand","embeddable":true,"href":"https:\/\/inspiratio.ro\/en\/wp-json\/wp\/v2\/product_brand?post=4164"},{"taxonomy":"product_cat","embeddable":true,"href":"https:\/\/inspiratio.ro\/en\/wp-json\/wp\/v2\/product_cat?post=4164"},{"taxonomy":"product_tag","embeddable":true,"href":"https:\/\/inspiratio.ro\/en\/wp-json\/wp\/v2\/product_tag?post=4164"}],"curies":[{"name":"wp","href":"https:\/\/api.w.org\/{rel}","templated":true}]}}