{"id":4097,"date":"2022-02-28T18:04:57","date_gmt":"2022-02-28T16:04:57","guid":{"rendered":"https:\/\/inspiratio.ro\/?post_type=product&#038;p=4097"},"modified":"2024-08-06T11:39:34","modified_gmt":"2024-08-06T08:39:34","slug":"ana-geanta-balon-cu-aer-cald","status":"publish","type":"product","link":"https:\/\/inspiratio.ro\/en\/produs\/ana-geanta-balon-cu-aer-cald\/","title":{"rendered":"Geant\u0103 Balon cu aer cald"},"content":{"rendered":"<p><strong>Despre produs<\/strong><\/p>\n<p>Lucrarea face parte din seria cu baloane cu aer cald &#8220;Zbor cu Dor&#8221; \u0219i este realizat\u0103 de ilustratoarea Ana-Maria G\u0103le\u021beanu. \u00a0 \u00a0 \u00a0 \u00a0 \u00a0 \u00a0 \u00a0 \u00a0 \u00a0 \u00a0 \u00a0 \u00a0 \u00a0 Tote bag-ul este croit din bumbac gros, are o culoare deschis\u0103 (natur) \u0219i print-ul este realizat direct \u00een \u021bes\u0103tur\u0103.<\/p>\n<p>Dimensiuni tote bag: 39 cm x 37 cm<\/p>\n<p>Dimensiuni m\u00e2nere: 65 cm<\/p>\n<p>#ZborCuDor este invita\u021bia \u00eentr-o lume vis\u0103toare \u0219i adev\u0103rat\u0103. Ca atunci c\u00e2nd vis\u0103m cu ochii deschi\u0219i \u0219i &#8220;vedem&#8221; acele detalii care ne bucur\u0103 sufletele \u0219i dup\u0103 ce z\u00e2mbim, sim\u021bim c\u0103 suntem \u00eemplini\u021bi.<\/p>\n<p>Dac\u0103 ai decis s\u0103 fie un cadou, po\u021bi ad\u0103uga \u0219i o felicitare din aceea\u0219i colec\u021bie cu lucr\u0103ri &#8220;Zbor cu Dor&#8221; realizate de ilustratoarea Ana-Maria Gale\u021beanu.<\/p>\n<p>*Culorile tote bag-ului pot s\u0103 difere pu\u021bin fa\u021b\u0103 de fotografiile existente pe site.<\/p>\n<p>La INSPIRATIO stocurile sunt mereu reduse pentru c\u0103 lucr\u0103m cu artizani \u0219i designeri care manufactureaz\u0103 fiecare produs \u00een parte.<\/p>\n<p>Av\u00e2nd \u00een vedere diversitatea modelelor disponibile \u00een magazin, v\u0103 rug\u0103m s\u0103 ne contacta\u021bi telefonic\/Whatsapp pentru a v\u0103 putea sprijini \u00een alegerea produsului dorit.<\/p>\n<p><strong>Despre concept<\/strong><\/p>\n<p>Balonul cu aer cald este elementul pe care aleg s\u0103 \u00eel includ des \u00een lucr\u0103rile mele datorit\u0103 semnifica\u021biei pe care o are pentru mine: bucurie, visare, zbor, nu exist\u0103 limite, \u00eemplinire, curiozitate, plutire, iubire.<\/p>\n<p>C\u00e2nd pictez un balon cu aer cald \u00eemi imaginez deseori c\u0103 stau \u00een nacela balonului \u0219i observ natura, locurile pe deasupra c\u0103rora trec \u0219i am o stare interioar\u0103 de lini\u0219te.<\/p>\n<p>M\u0103 bucur de timpul meu cu mine \u0219i savurez fiecare clip\u0103 de la prima linie trasat\u0103 cu creionul \u0219i p\u00e2n\u0103 la ultimele detalii f\u0103cute cu pensula.<\/p>\n<p>#ZborCuDor este invita\u021bia mea pentru voi \u00eentr-o lume vis\u0103toare \u0219i adev\u0103rat\u0103. Ca atunci c\u00e2nd vis\u0103m cu ochii deschi\u0219i \u0219i \u201dvedem\u201d acele detalii care ne bucur\u0103 sufletele \u0219i dup\u0103 ce z\u00e2mbim sim\u021bim c\u0103 suntem \u00eemplini\u021bi.<\/p>\n<p>Am ales s\u0103 p\u0103strez, \u00een aceste forme \u0219i culori, amintirea lucrurilor bune \u0219i frumoase care au venit c\u0103tre mine cu lec\u021bii, provoc\u0103ri \u0219i oameni buni.<\/p>\n<p><strong>Despre artist<\/strong><\/p>\n<p>Sunt Ana-Maria G\u0103le\u021beanu &#8211; artist vizual, ilustratoare \u0219i pedagog de arte plastice.\u00a0 Am absolvit Facultatea de Arte Plastice din Bucure\u0219ti, sec\u021bia Art\u0103 Mural\u0103 \u0219i modulul 1 \u00een Pedagogia Artei. Am predat \u00een \u0219coli particulare \u0219i a organizat activit\u0103\u021bi artistice \u0219i creative pentru copii \u00een Bucure\u0219ti, Bra\u0219ov \u0219i alte ora\u0219e din Rom\u00e2nia. \u00cen continuare \u00eenv\u0103\u021b \u0219i urmez cursuri pentru perfec\u021bionare at\u00e2t \u00een educa\u021bia copiilor, c\u00e2t \u0219i \u00een dezvoltarea mea personal\u0103 \u0219i artistic\u0103.<\/p>\n<p>Arta este o lume generoas\u0103 de frumos \u0219i imagina\u021bie. Sunt recunosc\u0103toare \u0219i bucuroas\u0103 pentru c\u0103 pot s\u0103 pictez \u0219i s\u0103 ofer interpret\u0103rile realit\u0103\u021bii \u00een culori vesele a\u0219a cum o simt \u0219i v\u0103d.<\/p>\n<p>Consider c\u0103 \u00een fa\u021ba artei suntem culori, st\u0103ri de spirit, expresivitate \u0219i pasiune. Cu aceast\u0103 convingere m\u0103 dedic \u0219i m\u0103 exprim \u00een proiectele de ilustra\u021bie (c\u0103r\u021bi pentru copii, coperte de c\u0103r\u021bi, logo-uri, ilustra\u021bii personalizate) \u0219i \u00een cursurile pe care le coordonez.<\/p>\n<p>Mi-a pl\u0103cut mereu s\u0103 descop\u0103r locuri noi, s\u0103 vizitez, s\u0103 plec din atelier si s\u0103 cunosc lumea din afara lui. A\u0219a am ajuns s\u0103 iau decizia s\u0103 plec din Bucure\u0219ti (ora\u0219ul natal) \u0219i s\u0103 explorez Bra\u0219ovul. Dac\u0103 \u00eenainte ajungeam \u00een vizit\u0103 \u0219i m\u0103 plimbam cu bucurie pe str\u0103zile din Bra\u0219ov, acum, ca locuitor la ora\u0219ului sunt \u00eenc\u00e2ntat\u0103 \u0219i m\u0103 felicit pentru alegerea f\u0103cut\u0103.<\/p>\n<p>M\u0103 simt inspirat\u0103 de oamenii din Bra\u0219ov \u0219i datorit\u0103 lor, v\u0103d ora\u0219ul c\u00e2t este de \u00eenc\u00e2nt\u0103tor \u0219i minunat. Observ c\u0103 pictez altfel \u0219i simt c\u0103 are sens toat\u0103 activitatea mea artistic\u0103 \u0219i pedagogic\u0103 datorit\u0103 oamenilor din ora\u0219.<\/p>\n<p>Eu sunt aici s\u0103 ofer bucurie ochilor \u0219i sufletelor noastre prin lucr\u0103rile pe care le realizez.<\/p>\n<p>Bine ai venit \u00een lumea mea,\u00a0 unde totul este posibil \u00een pictur\u0103 \u0219i desen!<\/p>\n<p>Te imbratisez cititorule!<\/p>\n<p>Ana-Maria G\u0103le\u021beanu &#8211; ilustratoare.<\/p>\n","protected":false},"excerpt":{"rendered":"<p>Despre produs Lucrarea face parte din seria cu baloane cu aer cald &#8220;Zbor cu Dor&#8221; \u0219i este realizat\u0103 de ilustratoarea Ana-Maria G\u0103le\u021beanu. \u00a0 \u00a0 \u00a0 \u00a0 \u00a0 \u00a0 \u00a0 \u00a0 \u00a0 \u00a0 \u00a0 \u00a0 \u00a0 Tote bag-ul este croit din bumbac gros, are o culoare deschis\u0103 (natur) \u0219i print-ul este realizat direct \u00een \u021bes\u0103tur\u0103. Dimensiuni [&hellip;]<\/p>\n","protected":false},"featured_media":4098,"comment_status":"open","ping_status":"closed","template":"","meta":[],"pwb-brand":[140],"product_brand":[],"product_cat":[116],"product_tag":[],"class_list":{"0":"post-4097","1":"product","2":"type-product","3":"status-publish","4":"has-post-thumbnail","6":"pwb-brand-ana-maria-galeteanu","7":"product_cat-seturi-cadou","9":"first","10":"instock","11":"taxable","12":"shipping-taxable","13":"purchasable","14":"product-type-simple"},"yoast_head":"<!-- This site is optimized with the Yoast SEO plugin v26.9 - https:\/\/yoast.com\/product\/yoast-seo-wordpress\/ -->\n<title>ANA Geant\u0103 Balon cu aer cald - Inspiratio<\/title>\n<meta name=\"robots\" content=\"index, follow, max-snippet:-1, max-image-preview:large, max-video-preview:-1\" \/>\n<link rel=\"canonical\" href=\"https:\/\/inspiratio.ro\/produs\/ana-geanta-balon-cu-aer-cald\/\" \/>\n<meta property=\"og:locale\" content=\"en_US\" \/>\n<meta property=\"og:type\" content=\"article\" \/>\n<meta property=\"og:title\" content=\"ANA Geant\u0103 Balon cu aer cald - Inspiratio\" \/>\n<meta property=\"og:description\" content=\"Despre produs Lucrarea face parte din seria cu baloane cu aer cald &#8220;Zbor cu Dor&#8221; \u0219i este realizat\u0103 de ilustratoarea Ana-Maria G\u0103le\u021beanu. \u00a0 \u00a0 \u00a0 \u00a0 \u00a0 \u00a0 \u00a0 \u00a0 \u00a0 \u00a0 \u00a0 \u00a0 \u00a0 Tote bag-ul este croit din bumbac gros, are o culoare deschis\u0103 (natur) \u0219i print-ul este realizat direct \u00een \u021bes\u0103tur\u0103. Dimensiuni [&hellip;]\" \/>\n<meta property=\"og:url\" content=\"https:\/\/inspiratio.ro\/produs\/ana-geanta-balon-cu-aer-cald\/\" \/>\n<meta property=\"og:site_name\" content=\"Inspiratio\" \/>\n<meta property=\"article:publisher\" content=\"https:\/\/www.facebook.com\/inspiratiogiftstudio\/\" \/>\n<meta property=\"article:modified_time\" content=\"2024-08-06T08:39:34+00:00\" \/>\n<meta property=\"og:image\" content=\"https:\/\/inspiratio.ro\/wp-content\/uploads\/2022\/02\/Geanta-Decembrie-in-zbor.jpg\" \/>\n\t<meta property=\"og:image:width\" content=\"625\" \/>\n\t<meta property=\"og:image:height\" content=\"648\" \/>\n\t<meta property=\"og:image:type\" content=\"image\/jpeg\" \/>\n<meta name=\"twitter:card\" content=\"summary_large_image\" \/>\n<meta name=\"twitter:label1\" content=\"Est. reading time\" \/>\n\t<meta name=\"twitter:data1\" content=\"4 minutes\" \/>\n<script type=\"application\/ld+json\" class=\"yoast-schema-graph\">{\"@context\":\"https:\/\/schema.org\",\"@graph\":[{\"@type\":\"WebPage\",\"@id\":\"https:\/\/inspiratio.ro\/produs\/ana-geanta-balon-cu-aer-cald\/\",\"url\":\"https:\/\/inspiratio.ro\/produs\/ana-geanta-balon-cu-aer-cald\/\",\"name\":\"ANA Geant\u0103 Balon cu aer cald - Inspiratio\",\"isPartOf\":{\"@id\":\"https:\/\/inspiratio.ro\/#website\"},\"primaryImageOfPage\":{\"@id\":\"https:\/\/inspiratio.ro\/produs\/ana-geanta-balon-cu-aer-cald\/#primaryimage\"},\"image\":{\"@id\":\"https:\/\/inspiratio.ro\/produs\/ana-geanta-balon-cu-aer-cald\/#primaryimage\"},\"thumbnailUrl\":\"https:\/\/inspiratio.ro\/wp-content\/uploads\/2022\/02\/Geanta-Decembrie-in-zbor.jpg\",\"datePublished\":\"2022-02-28T16:04:57+00:00\",\"dateModified\":\"2024-08-06T08:39:34+00:00\",\"breadcrumb\":{\"@id\":\"https:\/\/inspiratio.ro\/produs\/ana-geanta-balon-cu-aer-cald\/#breadcrumb\"},\"inLanguage\":\"en-US\",\"potentialAction\":[{\"@type\":\"ReadAction\",\"target\":[\"https:\/\/inspiratio.ro\/produs\/ana-geanta-balon-cu-aer-cald\/\"]}]},{\"@type\":\"ImageObject\",\"inLanguage\":\"en-US\",\"@id\":\"https:\/\/inspiratio.ro\/produs\/ana-geanta-balon-cu-aer-cald\/#primaryimage\",\"url\":\"https:\/\/inspiratio.ro\/wp-content\/uploads\/2022\/02\/Geanta-Decembrie-in-zbor.jpg\",\"contentUrl\":\"https:\/\/inspiratio.ro\/wp-content\/uploads\/2022\/02\/Geanta-Decembrie-in-zbor.jpg\",\"width\":625,\"height\":648},{\"@type\":\"BreadcrumbList\",\"@id\":\"https:\/\/inspiratio.ro\/produs\/ana-geanta-balon-cu-aer-cald\/#breadcrumb\",\"itemListElement\":[{\"@type\":\"ListItem\",\"position\":1,\"name\":\"Shop\",\"item\":\"https:\/\/inspiratio.ro\/magazin-cadouri\/\"},{\"@type\":\"ListItem\",\"position\":2,\"name\":\"ANA Geant\u0103 Balon cu aer cald\"}]},{\"@type\":\"WebSite\",\"@id\":\"https:\/\/inspiratio.ro\/#website\",\"url\":\"https:\/\/inspiratio.ro\/\",\"name\":\"Inspiratio\",\"description\":\"Las\u0103-te purtat de inspira\u021bie\",\"publisher\":{\"@id\":\"https:\/\/inspiratio.ro\/#organization\"},\"potentialAction\":[{\"@type\":\"SearchAction\",\"target\":{\"@type\":\"EntryPoint\",\"urlTemplate\":\"https:\/\/inspiratio.ro\/?s={search_term_string}\"},\"query-input\":{\"@type\":\"PropertyValueSpecification\",\"valueRequired\":true,\"valueName\":\"search_term_string\"}}],\"inLanguage\":\"en-US\"},{\"@type\":\"Organization\",\"@id\":\"https:\/\/inspiratio.ro\/#organization\",\"name\":\"Inspiratio\",\"url\":\"https:\/\/inspiratio.ro\/\",\"logo\":{\"@type\":\"ImageObject\",\"inLanguage\":\"en-US\",\"@id\":\"https:\/\/inspiratio.ro\/#\/schema\/logo\/image\/\",\"url\":\"https:\/\/inspiratio.ro\/wp-content\/uploads\/2020\/06\/logo-inspiratio.png\",\"contentUrl\":\"https:\/\/inspiratio.ro\/wp-content\/uploads\/2020\/06\/logo-inspiratio.png\",\"width\":232,\"height\":209,\"caption\":\"Inspiratio\"},\"image\":{\"@id\":\"https:\/\/inspiratio.ro\/#\/schema\/logo\/image\/\"},\"sameAs\":[\"https:\/\/www.facebook.com\/inspiratiogiftstudio\/\",\"https:\/\/www.instagram.com\/inspiratio_giftstudio\/\"]}]}<\/script>\n<!-- \/ Yoast SEO plugin. -->","yoast_head_json":{"title":"ANA Geant\u0103 Balon cu aer cald - Inspiratio","robots":{"index":"index","follow":"follow","max-snippet":"max-snippet:-1","max-image-preview":"max-image-preview:large","max-video-preview":"max-video-preview:-1"},"canonical":"https:\/\/inspiratio.ro\/produs\/ana-geanta-balon-cu-aer-cald\/","og_locale":"en_US","og_type":"article","og_title":"ANA Geant\u0103 Balon cu aer cald - Inspiratio","og_description":"Despre produs Lucrarea face parte din seria cu baloane cu aer cald &#8220;Zbor cu Dor&#8221; \u0219i este realizat\u0103 de ilustratoarea Ana-Maria G\u0103le\u021beanu. \u00a0 \u00a0 \u00a0 \u00a0 \u00a0 \u00a0 \u00a0 \u00a0 \u00a0 \u00a0 \u00a0 \u00a0 \u00a0 Tote bag-ul este croit din bumbac gros, are o culoare deschis\u0103 (natur) \u0219i print-ul este realizat direct \u00een \u021bes\u0103tur\u0103. Dimensiuni [&hellip;]","og_url":"https:\/\/inspiratio.ro\/produs\/ana-geanta-balon-cu-aer-cald\/","og_site_name":"Inspiratio","article_publisher":"https:\/\/www.facebook.com\/inspiratiogiftstudio\/","article_modified_time":"2024-08-06T08:39:34+00:00","og_image":[{"width":625,"height":648,"url":"https:\/\/inspiratio.ro\/wp-content\/uploads\/2022\/02\/Geanta-Decembrie-in-zbor.jpg","type":"image\/jpeg"}],"twitter_card":"summary_large_image","twitter_misc":{"Est. reading time":"4 minutes"},"schema":{"@context":"https:\/\/schema.org","@graph":[{"@type":"WebPage","@id":"https:\/\/inspiratio.ro\/produs\/ana-geanta-balon-cu-aer-cald\/","url":"https:\/\/inspiratio.ro\/produs\/ana-geanta-balon-cu-aer-cald\/","name":"ANA Geant\u0103 Balon cu aer cald - Inspiratio","isPartOf":{"@id":"https:\/\/inspiratio.ro\/#website"},"primaryImageOfPage":{"@id":"https:\/\/inspiratio.ro\/produs\/ana-geanta-balon-cu-aer-cald\/#primaryimage"},"image":{"@id":"https:\/\/inspiratio.ro\/produs\/ana-geanta-balon-cu-aer-cald\/#primaryimage"},"thumbnailUrl":"https:\/\/inspiratio.ro\/wp-content\/uploads\/2022\/02\/Geanta-Decembrie-in-zbor.jpg","datePublished":"2022-02-28T16:04:57+00:00","dateModified":"2024-08-06T08:39:34+00:00","breadcrumb":{"@id":"https:\/\/inspiratio.ro\/produs\/ana-geanta-balon-cu-aer-cald\/#breadcrumb"},"inLanguage":"en-US","potentialAction":[{"@type":"ReadAction","target":["https:\/\/inspiratio.ro\/produs\/ana-geanta-balon-cu-aer-cald\/"]}]},{"@type":"ImageObject","inLanguage":"en-US","@id":"https:\/\/inspiratio.ro\/produs\/ana-geanta-balon-cu-aer-cald\/#primaryimage","url":"https:\/\/inspiratio.ro\/wp-content\/uploads\/2022\/02\/Geanta-Decembrie-in-zbor.jpg","contentUrl":"https:\/\/inspiratio.ro\/wp-content\/uploads\/2022\/02\/Geanta-Decembrie-in-zbor.jpg","width":625,"height":648},{"@type":"BreadcrumbList","@id":"https:\/\/inspiratio.ro\/produs\/ana-geanta-balon-cu-aer-cald\/#breadcrumb","itemListElement":[{"@type":"ListItem","position":1,"name":"Shop","item":"https:\/\/inspiratio.ro\/magazin-cadouri\/"},{"@type":"ListItem","position":2,"name":"ANA Geant\u0103 Balon cu aer cald"}]},{"@type":"WebSite","@id":"https:\/\/inspiratio.ro\/#website","url":"https:\/\/inspiratio.ro\/","name":"Inspiratio","description":"Las\u0103-te purtat de inspira\u021bie","publisher":{"@id":"https:\/\/inspiratio.ro\/#organization"},"potentialAction":[{"@type":"SearchAction","target":{"@type":"EntryPoint","urlTemplate":"https:\/\/inspiratio.ro\/?s={search_term_string}"},"query-input":{"@type":"PropertyValueSpecification","valueRequired":true,"valueName":"search_term_string"}}],"inLanguage":"en-US"},{"@type":"Organization","@id":"https:\/\/inspiratio.ro\/#organization","name":"Inspiratio","url":"https:\/\/inspiratio.ro\/","logo":{"@type":"ImageObject","inLanguage":"en-US","@id":"https:\/\/inspiratio.ro\/#\/schema\/logo\/image\/","url":"https:\/\/inspiratio.ro\/wp-content\/uploads\/2020\/06\/logo-inspiratio.png","contentUrl":"https:\/\/inspiratio.ro\/wp-content\/uploads\/2020\/06\/logo-inspiratio.png","width":232,"height":209,"caption":"Inspiratio"},"image":{"@id":"https:\/\/inspiratio.ro\/#\/schema\/logo\/image\/"},"sameAs":["https:\/\/www.facebook.com\/inspiratiogiftstudio\/","https:\/\/www.instagram.com\/inspiratio_giftstudio\/"]}]}},"brands":[{"id":140,"name":"Ana-Maria G\u0103le\u021beanu","slug":"ana-maria-galeteanu"}],"_links":{"self":[{"href":"https:\/\/inspiratio.ro\/en\/wp-json\/wp\/v2\/product\/4097","targetHints":{"allow":["GET"]}}],"collection":[{"href":"https:\/\/inspiratio.ro\/en\/wp-json\/wp\/v2\/product"}],"about":[{"href":"https:\/\/inspiratio.ro\/en\/wp-json\/wp\/v2\/types\/product"}],"replies":[{"embeddable":true,"href":"https:\/\/inspiratio.ro\/en\/wp-json\/wp\/v2\/comments?post=4097"}],"wp:featuredmedia":[{"embeddable":true,"href":"https:\/\/inspiratio.ro\/en\/wp-json\/wp\/v2\/media\/4098"}],"wp:attachment":[{"href":"https:\/\/inspiratio.ro\/en\/wp-json\/wp\/v2\/media?parent=4097"}],"wp:term":[{"taxonomy":"pwb-brand","embeddable":true,"href":"https:\/\/inspiratio.ro\/en\/wp-json\/wp\/v2\/pwb-brand?post=4097"},{"taxonomy":"product_brand","embeddable":true,"href":"https:\/\/inspiratio.ro\/en\/wp-json\/wp\/v2\/product_brand?post=4097"},{"taxonomy":"product_cat","embeddable":true,"href":"https:\/\/inspiratio.ro\/en\/wp-json\/wp\/v2\/product_cat?post=4097"},{"taxonomy":"product_tag","embeddable":true,"href":"https:\/\/inspiratio.ro\/en\/wp-json\/wp\/v2\/product_tag?post=4097"}],"curies":[{"name":"wp","href":"https:\/\/api.w.org\/{rel}","templated":true}]}}