{"id":4040,"date":"2022-02-24T18:56:22","date_gmt":"2022-02-24T16:56:22","guid":{"rendered":"https:\/\/inspiratio.ro\/?post_type=product&#038;p=4040"},"modified":"2026-02-19T14:48:21","modified_gmt":"2026-02-19T12:48:21","slug":"nat-trusa-plantare-floare-de-colt","status":"publish","type":"product","link":"https:\/\/inspiratio.ro\/en\/produs\/nat-trusa-plantare-floare-de-colt\/","title":{"rendered":"Trus\u0103 plantare floare de col\u021b"},"content":{"rendered":"<div class=\"rte product-single__description\">\n<p><span style=\"font-weight: 400;\">Setul con\u021bine: ghid de utilizare, sticlu\u021b\u0103 cu semin\u021be, un s\u0103cule\u021b cu p\u0103m\u00e2nt, un ghiveci \u0219i o pipet\u0103. Tot ce trebuie s\u0103 adaugi este ap\u0103 \u0219i mult\u0103 dragoste.<\/span><\/p>\n<p><span style=\"font-weight: 400;\">Trusa este destinat\u0103 at\u00e2t copiilor c\u00e2t \u0219i adul\u021bilor \u0219i permite cre\u0219terea acestei flori \u00een c\u00e2\u021biva pa\u0219i simpli.<\/span><\/p>\n<p><span style=\"font-weight: 400;\">Regina zonei alpine, floarea de col\u021b este ocrotit\u0103 \u00een arealul natural. Iat\u0103 o ocazie inedit\u0103 s\u0103 o ai la tine acas\u0103.<\/span><\/p>\n<\/div>\n","protected":false},"excerpt":{"rendered":"<p>Setul con\u021bine: ghid de utilizare, sticlu\u021b\u0103 cu semin\u021be, un s\u0103cule\u021b cu p\u0103m\u00e2nt, un ghiveci \u0219i o pipet\u0103. Tot ce trebuie s\u0103 adaugi este ap\u0103 \u0219i mult\u0103 dragoste. Trusa este destinat\u0103 at\u00e2t copiilor c\u00e2t \u0219i adul\u021bilor \u0219i permite cre\u0219terea acestei flori \u00een c\u00e2\u021biva pa\u0219i simpli. Regina zonei alpine, floarea de col\u021b este ocrotit\u0103 \u00een arealul natural. [&hellip;]<\/p>\n","protected":false},"featured_media":4041,"comment_status":"open","ping_status":"closed","template":"","meta":[],"pwb-brand":[139],"product_brand":[],"product_cat":[116,49],"product_tag":[],"class_list":{"0":"post-4040","1":"product","2":"type-product","3":"status-publish","4":"has-post-thumbnail","6":"pwb-brand-natura-la-pachet","7":"product_cat-seturi-cadou","8":"product_cat-home-and-deco","10":"first","11":"instock","12":"taxable","13":"shipping-taxable","14":"purchasable","15":"product-type-simple"},"yoast_head":"<!-- This site is optimized with the Yoast SEO plugin v26.9 - https:\/\/yoast.com\/product\/yoast-seo-wordpress\/ -->\n<title>NAT Trus\u0103 plantare floare de col\u021b - Inspiratio<\/title>\n<meta name=\"description\" content=\"NAT Trus\u0103 plantare floare de col\u021b\" \/>\n<meta name=\"robots\" content=\"index, follow, max-snippet:-1, max-image-preview:large, max-video-preview:-1\" \/>\n<link rel=\"canonical\" href=\"https:\/\/inspiratio.ro\/produs\/nat-trusa-plantare-floare-de-colt\/\" \/>\n<meta property=\"og:locale\" content=\"en_US\" \/>\n<meta property=\"og:type\" content=\"article\" \/>\n<meta property=\"og:title\" content=\"NAT Trus\u0103 plantare floare de col\u021b - Inspiratio\" \/>\n<meta property=\"og:description\" content=\"NAT Trus\u0103 plantare floare de col\u021b\" \/>\n<meta property=\"og:url\" content=\"https:\/\/inspiratio.ro\/produs\/nat-trusa-plantare-floare-de-colt\/\" \/>\n<meta property=\"og:site_name\" content=\"Inspiratio\" \/>\n<meta property=\"article:publisher\" content=\"https:\/\/www.facebook.com\/inspiratiogiftstudio\/\" \/>\n<meta property=\"article:modified_time\" content=\"2026-02-19T12:48:21+00:00\" \/>\n<meta property=\"og:image\" content=\"https:\/\/inspiratio.ro\/wp-content\/uploads\/2022\/02\/floare-de-colt-1.jpg\" \/>\n\t<meta property=\"og:image:width\" content=\"480\" \/>\n\t<meta property=\"og:image:height\" content=\"320\" \/>\n\t<meta property=\"og:image:type\" content=\"image\/jpeg\" \/>\n<meta name=\"twitter:card\" content=\"summary_large_image\" \/>\n<meta name=\"twitter:label1\" content=\"Est. reading time\" \/>\n\t<meta name=\"twitter:data1\" content=\"1 minute\" \/>\n<script type=\"application\/ld+json\" class=\"yoast-schema-graph\">{\"@context\":\"https:\/\/schema.org\",\"@graph\":[{\"@type\":\"WebPage\",\"@id\":\"https:\/\/inspiratio.ro\/produs\/nat-trusa-plantare-floare-de-colt\/\",\"url\":\"https:\/\/inspiratio.ro\/produs\/nat-trusa-plantare-floare-de-colt\/\",\"name\":\"NAT Trus\u0103 plantare floare de col\u021b - Inspiratio\",\"isPartOf\":{\"@id\":\"https:\/\/inspiratio.ro\/#website\"},\"primaryImageOfPage\":{\"@id\":\"https:\/\/inspiratio.ro\/produs\/nat-trusa-plantare-floare-de-colt\/#primaryimage\"},\"image\":{\"@id\":\"https:\/\/inspiratio.ro\/produs\/nat-trusa-plantare-floare-de-colt\/#primaryimage\"},\"thumbnailUrl\":\"https:\/\/inspiratio.ro\/wp-content\/uploads\/2022\/02\/floare-de-colt-1.jpg\",\"datePublished\":\"2022-02-24T16:56:22+00:00\",\"dateModified\":\"2026-02-19T12:48:21+00:00\",\"description\":\"NAT Trus\u0103 plantare floare de col\u021b\",\"breadcrumb\":{\"@id\":\"https:\/\/inspiratio.ro\/produs\/nat-trusa-plantare-floare-de-colt\/#breadcrumb\"},\"inLanguage\":\"en-US\",\"potentialAction\":[{\"@type\":\"ReadAction\",\"target\":[\"https:\/\/inspiratio.ro\/produs\/nat-trusa-plantare-floare-de-colt\/\"]}]},{\"@type\":\"ImageObject\",\"inLanguage\":\"en-US\",\"@id\":\"https:\/\/inspiratio.ro\/produs\/nat-trusa-plantare-floare-de-colt\/#primaryimage\",\"url\":\"https:\/\/inspiratio.ro\/wp-content\/uploads\/2022\/02\/floare-de-colt-1.jpg\",\"contentUrl\":\"https:\/\/inspiratio.ro\/wp-content\/uploads\/2022\/02\/floare-de-colt-1.jpg\",\"width\":480,\"height\":320},{\"@type\":\"BreadcrumbList\",\"@id\":\"https:\/\/inspiratio.ro\/produs\/nat-trusa-plantare-floare-de-colt\/#breadcrumb\",\"itemListElement\":[{\"@type\":\"ListItem\",\"position\":1,\"name\":\"Shop\",\"item\":\"https:\/\/inspiratio.ro\/magazin-cadouri\/\"},{\"@type\":\"ListItem\",\"position\":2,\"name\":\"NAT Trus\u0103 plantare floare de col\u021b\"}]},{\"@type\":\"WebSite\",\"@id\":\"https:\/\/inspiratio.ro\/#website\",\"url\":\"https:\/\/inspiratio.ro\/\",\"name\":\"Inspiratio\",\"description\":\"Las\u0103-te purtat de inspira\u021bie\",\"publisher\":{\"@id\":\"https:\/\/inspiratio.ro\/#organization\"},\"potentialAction\":[{\"@type\":\"SearchAction\",\"target\":{\"@type\":\"EntryPoint\",\"urlTemplate\":\"https:\/\/inspiratio.ro\/?s={search_term_string}\"},\"query-input\":{\"@type\":\"PropertyValueSpecification\",\"valueRequired\":true,\"valueName\":\"search_term_string\"}}],\"inLanguage\":\"en-US\"},{\"@type\":\"Organization\",\"@id\":\"https:\/\/inspiratio.ro\/#organization\",\"name\":\"Inspiratio\",\"url\":\"https:\/\/inspiratio.ro\/\",\"logo\":{\"@type\":\"ImageObject\",\"inLanguage\":\"en-US\",\"@id\":\"https:\/\/inspiratio.ro\/#\/schema\/logo\/image\/\",\"url\":\"https:\/\/inspiratio.ro\/wp-content\/uploads\/2020\/06\/logo-inspiratio.png\",\"contentUrl\":\"https:\/\/inspiratio.ro\/wp-content\/uploads\/2020\/06\/logo-inspiratio.png\",\"width\":232,\"height\":209,\"caption\":\"Inspiratio\"},\"image\":{\"@id\":\"https:\/\/inspiratio.ro\/#\/schema\/logo\/image\/\"},\"sameAs\":[\"https:\/\/www.facebook.com\/inspiratiogiftstudio\/\",\"https:\/\/www.instagram.com\/inspiratio_giftstudio\/\"]}]}<\/script>\n<!-- \/ Yoast SEO plugin. -->","yoast_head_json":{"title":"NAT Trus\u0103 plantare floare de col\u021b - Inspiratio","description":"NAT Trus\u0103 plantare floare de col\u021b","robots":{"index":"index","follow":"follow","max-snippet":"max-snippet:-1","max-image-preview":"max-image-preview:large","max-video-preview":"max-video-preview:-1"},"canonical":"https:\/\/inspiratio.ro\/produs\/nat-trusa-plantare-floare-de-colt\/","og_locale":"en_US","og_type":"article","og_title":"NAT Trus\u0103 plantare floare de col\u021b - Inspiratio","og_description":"NAT Trus\u0103 plantare floare de col\u021b","og_url":"https:\/\/inspiratio.ro\/produs\/nat-trusa-plantare-floare-de-colt\/","og_site_name":"Inspiratio","article_publisher":"https:\/\/www.facebook.com\/inspiratiogiftstudio\/","article_modified_time":"2026-02-19T12:48:21+00:00","og_image":[{"width":480,"height":320,"url":"https:\/\/inspiratio.ro\/wp-content\/uploads\/2022\/02\/floare-de-colt-1.jpg","type":"image\/jpeg"}],"twitter_card":"summary_large_image","twitter_misc":{"Est. reading time":"1 minute"},"schema":{"@context":"https:\/\/schema.org","@graph":[{"@type":"WebPage","@id":"https:\/\/inspiratio.ro\/produs\/nat-trusa-plantare-floare-de-colt\/","url":"https:\/\/inspiratio.ro\/produs\/nat-trusa-plantare-floare-de-colt\/","name":"NAT Trus\u0103 plantare floare de col\u021b - Inspiratio","isPartOf":{"@id":"https:\/\/inspiratio.ro\/#website"},"primaryImageOfPage":{"@id":"https:\/\/inspiratio.ro\/produs\/nat-trusa-plantare-floare-de-colt\/#primaryimage"},"image":{"@id":"https:\/\/inspiratio.ro\/produs\/nat-trusa-plantare-floare-de-colt\/#primaryimage"},"thumbnailUrl":"https:\/\/inspiratio.ro\/wp-content\/uploads\/2022\/02\/floare-de-colt-1.jpg","datePublished":"2022-02-24T16:56:22+00:00","dateModified":"2026-02-19T12:48:21+00:00","description":"NAT Trus\u0103 plantare floare de col\u021b","breadcrumb":{"@id":"https:\/\/inspiratio.ro\/produs\/nat-trusa-plantare-floare-de-colt\/#breadcrumb"},"inLanguage":"en-US","potentialAction":[{"@type":"ReadAction","target":["https:\/\/inspiratio.ro\/produs\/nat-trusa-plantare-floare-de-colt\/"]}]},{"@type":"ImageObject","inLanguage":"en-US","@id":"https:\/\/inspiratio.ro\/produs\/nat-trusa-plantare-floare-de-colt\/#primaryimage","url":"https:\/\/inspiratio.ro\/wp-content\/uploads\/2022\/02\/floare-de-colt-1.jpg","contentUrl":"https:\/\/inspiratio.ro\/wp-content\/uploads\/2022\/02\/floare-de-colt-1.jpg","width":480,"height":320},{"@type":"BreadcrumbList","@id":"https:\/\/inspiratio.ro\/produs\/nat-trusa-plantare-floare-de-colt\/#breadcrumb","itemListElement":[{"@type":"ListItem","position":1,"name":"Shop","item":"https:\/\/inspiratio.ro\/magazin-cadouri\/"},{"@type":"ListItem","position":2,"name":"NAT Trus\u0103 plantare floare de col\u021b"}]},{"@type":"WebSite","@id":"https:\/\/inspiratio.ro\/#website","url":"https:\/\/inspiratio.ro\/","name":"Inspiratio","description":"Las\u0103-te purtat de inspira\u021bie","publisher":{"@id":"https:\/\/inspiratio.ro\/#organization"},"potentialAction":[{"@type":"SearchAction","target":{"@type":"EntryPoint","urlTemplate":"https:\/\/inspiratio.ro\/?s={search_term_string}"},"query-input":{"@type":"PropertyValueSpecification","valueRequired":true,"valueName":"search_term_string"}}],"inLanguage":"en-US"},{"@type":"Organization","@id":"https:\/\/inspiratio.ro\/#organization","name":"Inspiratio","url":"https:\/\/inspiratio.ro\/","logo":{"@type":"ImageObject","inLanguage":"en-US","@id":"https:\/\/inspiratio.ro\/#\/schema\/logo\/image\/","url":"https:\/\/inspiratio.ro\/wp-content\/uploads\/2020\/06\/logo-inspiratio.png","contentUrl":"https:\/\/inspiratio.ro\/wp-content\/uploads\/2020\/06\/logo-inspiratio.png","width":232,"height":209,"caption":"Inspiratio"},"image":{"@id":"https:\/\/inspiratio.ro\/#\/schema\/logo\/image\/"},"sameAs":["https:\/\/www.facebook.com\/inspiratiogiftstudio\/","https:\/\/www.instagram.com\/inspiratio_giftstudio\/"]}]}},"brands":[{"id":139,"name":"Natura la pachet","slug":"natura-la-pachet"}],"_links":{"self":[{"href":"https:\/\/inspiratio.ro\/en\/wp-json\/wp\/v2\/product\/4040","targetHints":{"allow":["GET"]}}],"collection":[{"href":"https:\/\/inspiratio.ro\/en\/wp-json\/wp\/v2\/product"}],"about":[{"href":"https:\/\/inspiratio.ro\/en\/wp-json\/wp\/v2\/types\/product"}],"replies":[{"embeddable":true,"href":"https:\/\/inspiratio.ro\/en\/wp-json\/wp\/v2\/comments?post=4040"}],"wp:featuredmedia":[{"embeddable":true,"href":"https:\/\/inspiratio.ro\/en\/wp-json\/wp\/v2\/media\/4041"}],"wp:attachment":[{"href":"https:\/\/inspiratio.ro\/en\/wp-json\/wp\/v2\/media?parent=4040"}],"wp:term":[{"taxonomy":"pwb-brand","embeddable":true,"href":"https:\/\/inspiratio.ro\/en\/wp-json\/wp\/v2\/pwb-brand?post=4040"},{"taxonomy":"product_brand","embeddable":true,"href":"https:\/\/inspiratio.ro\/en\/wp-json\/wp\/v2\/product_brand?post=4040"},{"taxonomy":"product_cat","embeddable":true,"href":"https:\/\/inspiratio.ro\/en\/wp-json\/wp\/v2\/product_cat?post=4040"},{"taxonomy":"product_tag","embeddable":true,"href":"https:\/\/inspiratio.ro\/en\/wp-json\/wp\/v2\/product_tag?post=4040"}],"curies":[{"name":"wp","href":"https:\/\/api.w.org\/{rel}","templated":true}]}}