{"id":4017,"date":"2022-02-24T14:01:58","date_gmt":"2022-02-24T12:01:58","guid":{"rendered":"https:\/\/inspiratio.ro\/?post_type=product&#038;p=4017"},"modified":"2023-11-26T02:02:07","modified_gmt":"2023-11-26T00:02:07","slug":"uni-lumanare-30-cl-diverse-arome","status":"publish","type":"product","link":"https:\/\/inspiratio.ro\/en\/produs\/uni-lumanare-30-cl-diverse-arome\/","title":{"rendered":"Lumanare 30 cl \u2013 diverse arome"},"content":{"rendered":"<p><span style=\"font-weight: 400;\">Lum\u00e2narea<\/span><b> Moods\u00a0<\/b><span style=\"font-weight: 400;\">este o variant\u0103 s\u0103n\u0103toas\u0103, non-toxic\u0103, a lum\u00e2n\u0103rilor parfumate. Le turn\u0103m \u00eentr-un recipient elegant \u0219i delicat care s\u0103 ne inspire \u00eentr-o zi oarecare, un mic imbold al st\u0103rii suflete\u0219ti care implic\u0103 cele mai importante\u00a0 sim\u021buri.<\/span><\/p>\n<p><span style=\"font-weight: 400;\">Indiferent de arom\u0103, momentul pe care \u021bi-l poate oferi este unul unic, \u00een care te po\u021bi relaxa, te po\u021bi conecta mai u\u0219or cu tine sau te poate energiza, depinde doar de tine, este momentul t\u0103u. \u00cenchide ochii \u0219i las\u0103-te purtat de aroma aleas\u0103, \u00een locurile pline de amintiri sau descoper\u0103 unele noi.<\/span><\/p>\n<p><span style=\"font-weight: 400;\">M\u0103rime recipient: \u00een\u0103l\u021bime 9cm, diametru 8cm<\/span><\/p>\n<p><span style=\"font-weight: 400;\">Ingrediente: cear\u0103 natural\u0103 soia, parfumuri acreditate IFRA<\/span><\/p>\n<p>Arome:<\/p>\n<p><span style=\"font-weight: 400;\">Lum\u00e2narea <strong>Espresso Martini<\/strong> te va surprinde cu:<\/span><\/p>\n<ul>\n<li><span style=\"font-weight: 400;\">Note de v\u00e2rf: cafea, vodca, rom<\/span><\/li>\n<li>Note de mijloc: lichior de cafea, cacao<\/li>\n<li>Note de baz\u0103: Caramel, Vanilie<\/li>\n<\/ul>\n<p><span style=\"font-weight: 400;\">Lum\u00e2narea <strong>Jasmine&amp;Patchouli<\/strong> te va surprinde cu:<\/span><\/p>\n<ul>\n<li><span style=\"font-weight: 400;\">Note de v\u00e2rf: iasomie \u0219i crin<\/span><\/li>\n<li>Note de mijloc: mu\u0219cat\u0103<\/li>\n<li>Note de baz\u0103: patchouli<\/li>\n<\/ul>\n<p><span style=\"font-weight: 400;\">Lum\u00e2narea <strong>Marine<\/strong> te va surprinde cu:<\/span><\/p>\n<ul>\n<li><span style=\"font-weight: 400;\">Note de v\u00e2rf: marine, mu\u0219cat\u0103, trandafir<\/span><\/li>\n<li>Note de mijloc: iasomie, ciclamen<\/li>\n<li>Note de baz\u0103: lemn de cedru, vetivert<\/li>\n<\/ul>\n<p><span style=\"font-weight: 400;\">Lum\u00e2narea <strong>Cuban Tabacco &amp; Oak<\/strong> te va surprinde cu:<\/span><\/p>\n<ul>\n<li><span style=\"font-weight: 400;\">Note de v\u00e2rf: l\u0103m\u00e2ie, lime, ment\u0103, coniac<\/span><\/li>\n<li>Note de mijloc: iasomie, cui\u0219oare<\/li>\n<li>Note de baza: stejar, tamaie, tabac, mosc<\/li>\n<\/ul>\n<p><span style=\"font-weight: 400;\">Lum\u00e2narea <strong>Pumpkin\u00a0 Spice<\/strong> te va surprinde cu:<\/span><\/p>\n<ul>\n<li><span style=\"font-weight: 400;\">Note de v\u00e2rf: nucu\u0219oara, portocalam, l\u0103m\u00e2ie<\/span><\/li>\n<li>Note de mijloc: ghimbir, cui\u0219oare<\/li>\n<li>Note de baz\u0103: caramel, tonka, vanilie<\/li>\n<\/ul>\n<p>&nbsp;<\/p>\n<p>La INSPIRATIO stocurile sunt mereu reduse pentru c\u0103 lucr\u0103m cu artizani \u0219i designeri care manufactureaz\u0103 fiecare produs \u00een parte.<\/p>\n<p>Av\u00e2nd \u00een vedere diversitatea aromelor disponibile \u00een magazin, v\u0103 rug\u0103m s\u0103 ne contacta\u021bi telefonic\/Whatsapp pentru a v\u0103 putea sprijini \u00een alegerea produsului dorit.<\/p>\n","protected":false},"excerpt":{"rendered":"<p>Lum\u00e2narea Moods\u00a0este o variant\u0103 s\u0103n\u0103toas\u0103, non-toxic\u0103, a lum\u00e2n\u0103rilor parfumate. Le turn\u0103m \u00eentr-un recipient elegant \u0219i delicat care s\u0103 ne inspire \u00eentr-o zi oarecare, un mic imbold al st\u0103rii suflete\u0219ti care implic\u0103 cele mai importante\u00a0 sim\u021buri. Indiferent de arom\u0103, momentul pe care \u021bi-l poate oferi este unul unic, \u00een care te po\u021bi relaxa, te po\u021bi conecta [&hellip;]<\/p>\n","protected":false},"featured_media":4016,"comment_status":"open","ping_status":"closed","template":"","meta":[],"pwb-brand":[138],"product_brand":[],"product_cat":[49],"product_tag":[],"class_list":{"0":"post-4017","1":"product","2":"type-product","3":"status-publish","4":"has-post-thumbnail","6":"pwb-brand-moods","7":"product_cat-home-and-deco","9":"first","10":"instock","11":"taxable","12":"shipping-taxable","13":"purchasable","14":"product-type-simple"},"yoast_head":"<!-- This site is optimized with the Yoast SEO plugin v26.9 - https:\/\/yoast.com\/product\/yoast-seo-wordpress\/ -->\n<title>Uni Lumanare 30 cl \u2013 diverse arome - Inspiratio<\/title>\n<meta name=\"robots\" content=\"index, follow, max-snippet:-1, max-image-preview:large, max-video-preview:-1\" \/>\n<link rel=\"canonical\" href=\"https:\/\/inspiratio.ro\/produs\/uni-lumanare-30-cl-diverse-arome\/\" \/>\n<meta property=\"og:locale\" content=\"en_US\" \/>\n<meta property=\"og:type\" content=\"article\" \/>\n<meta property=\"og:title\" content=\"Uni Lumanare 30 cl \u2013 diverse arome - Inspiratio\" \/>\n<meta property=\"og:description\" content=\"Lum\u00e2narea Moods\u00a0este o variant\u0103 s\u0103n\u0103toas\u0103, non-toxic\u0103, a lum\u00e2n\u0103rilor parfumate. Le turn\u0103m \u00eentr-un recipient elegant \u0219i delicat care s\u0103 ne inspire \u00eentr-o zi oarecare, un mic imbold al st\u0103rii suflete\u0219ti care implic\u0103 cele mai importante\u00a0 sim\u021buri. Indiferent de arom\u0103, momentul pe care \u021bi-l poate oferi este unul unic, \u00een care te po\u021bi relaxa, te po\u021bi conecta [&hellip;]\" \/>\n<meta property=\"og:url\" content=\"https:\/\/inspiratio.ro\/produs\/uni-lumanare-30-cl-diverse-arome\/\" \/>\n<meta property=\"og:site_name\" content=\"Inspiratio\" \/>\n<meta property=\"article:publisher\" content=\"https:\/\/www.facebook.com\/inspiratiogiftstudio\/\" \/>\n<meta property=\"article:modified_time\" content=\"2023-11-26T00:02:07+00:00\" \/>\n<meta property=\"og:image\" content=\"https:\/\/inspiratio.ro\/wp-content\/uploads\/2022\/02\/Moods_L_White_2-scaled.jpg\" \/>\n\t<meta property=\"og:image:width\" content=\"2560\" \/>\n\t<meta property=\"og:image:height\" content=\"2560\" \/>\n\t<meta property=\"og:image:type\" content=\"image\/jpeg\" \/>\n<meta name=\"twitter:card\" content=\"summary_large_image\" \/>\n<meta name=\"twitter:label1\" content=\"Est. reading time\" \/>\n\t<meta name=\"twitter:data1\" content=\"2 minutes\" \/>\n<script type=\"application\/ld+json\" class=\"yoast-schema-graph\">{\"@context\":\"https:\/\/schema.org\",\"@graph\":[{\"@type\":\"WebPage\",\"@id\":\"https:\/\/inspiratio.ro\/produs\/uni-lumanare-30-cl-diverse-arome\/\",\"url\":\"https:\/\/inspiratio.ro\/produs\/uni-lumanare-30-cl-diverse-arome\/\",\"name\":\"Uni Lumanare 30 cl \u2013 diverse arome - Inspiratio\",\"isPartOf\":{\"@id\":\"https:\/\/inspiratio.ro\/#website\"},\"primaryImageOfPage\":{\"@id\":\"https:\/\/inspiratio.ro\/produs\/uni-lumanare-30-cl-diverse-arome\/#primaryimage\"},\"image\":{\"@id\":\"https:\/\/inspiratio.ro\/produs\/uni-lumanare-30-cl-diverse-arome\/#primaryimage\"},\"thumbnailUrl\":\"https:\/\/inspiratio.ro\/wp-content\/uploads\/2022\/02\/Moods_L_White_2-scaled.jpg\",\"datePublished\":\"2022-02-24T12:01:58+00:00\",\"dateModified\":\"2023-11-26T00:02:07+00:00\",\"breadcrumb\":{\"@id\":\"https:\/\/inspiratio.ro\/produs\/uni-lumanare-30-cl-diverse-arome\/#breadcrumb\"},\"inLanguage\":\"en-US\",\"potentialAction\":[{\"@type\":\"ReadAction\",\"target\":[\"https:\/\/inspiratio.ro\/produs\/uni-lumanare-30-cl-diverse-arome\/\"]}]},{\"@type\":\"ImageObject\",\"inLanguage\":\"en-US\",\"@id\":\"https:\/\/inspiratio.ro\/produs\/uni-lumanare-30-cl-diverse-arome\/#primaryimage\",\"url\":\"https:\/\/inspiratio.ro\/wp-content\/uploads\/2022\/02\/Moods_L_White_2-scaled.jpg\",\"contentUrl\":\"https:\/\/inspiratio.ro\/wp-content\/uploads\/2022\/02\/Moods_L_White_2-scaled.jpg\",\"width\":2560,\"height\":2560},{\"@type\":\"BreadcrumbList\",\"@id\":\"https:\/\/inspiratio.ro\/produs\/uni-lumanare-30-cl-diverse-arome\/#breadcrumb\",\"itemListElement\":[{\"@type\":\"ListItem\",\"position\":1,\"name\":\"Shop\",\"item\":\"https:\/\/inspiratio.ro\/magazin-cadouri\/\"},{\"@type\":\"ListItem\",\"position\":2,\"name\":\"Uni Lumanare 30 cl \u2013 diverse arome\"}]},{\"@type\":\"WebSite\",\"@id\":\"https:\/\/inspiratio.ro\/#website\",\"url\":\"https:\/\/inspiratio.ro\/\",\"name\":\"Inspiratio\",\"description\":\"Las\u0103-te purtat de inspira\u021bie\",\"publisher\":{\"@id\":\"https:\/\/inspiratio.ro\/#organization\"},\"potentialAction\":[{\"@type\":\"SearchAction\",\"target\":{\"@type\":\"EntryPoint\",\"urlTemplate\":\"https:\/\/inspiratio.ro\/?s={search_term_string}\"},\"query-input\":{\"@type\":\"PropertyValueSpecification\",\"valueRequired\":true,\"valueName\":\"search_term_string\"}}],\"inLanguage\":\"en-US\"},{\"@type\":\"Organization\",\"@id\":\"https:\/\/inspiratio.ro\/#organization\",\"name\":\"Inspiratio\",\"url\":\"https:\/\/inspiratio.ro\/\",\"logo\":{\"@type\":\"ImageObject\",\"inLanguage\":\"en-US\",\"@id\":\"https:\/\/inspiratio.ro\/#\/schema\/logo\/image\/\",\"url\":\"https:\/\/inspiratio.ro\/wp-content\/uploads\/2020\/06\/logo-inspiratio.png\",\"contentUrl\":\"https:\/\/inspiratio.ro\/wp-content\/uploads\/2020\/06\/logo-inspiratio.png\",\"width\":232,\"height\":209,\"caption\":\"Inspiratio\"},\"image\":{\"@id\":\"https:\/\/inspiratio.ro\/#\/schema\/logo\/image\/\"},\"sameAs\":[\"https:\/\/www.facebook.com\/inspiratiogiftstudio\/\",\"https:\/\/www.instagram.com\/inspiratio_giftstudio\/\"]}]}<\/script>\n<!-- \/ Yoast SEO plugin. -->","yoast_head_json":{"title":"Uni Lumanare 30 cl \u2013 diverse arome - Inspiratio","robots":{"index":"index","follow":"follow","max-snippet":"max-snippet:-1","max-image-preview":"max-image-preview:large","max-video-preview":"max-video-preview:-1"},"canonical":"https:\/\/inspiratio.ro\/produs\/uni-lumanare-30-cl-diverse-arome\/","og_locale":"en_US","og_type":"article","og_title":"Uni Lumanare 30 cl \u2013 diverse arome - Inspiratio","og_description":"Lum\u00e2narea Moods\u00a0este o variant\u0103 s\u0103n\u0103toas\u0103, non-toxic\u0103, a lum\u00e2n\u0103rilor parfumate. Le turn\u0103m \u00eentr-un recipient elegant \u0219i delicat care s\u0103 ne inspire \u00eentr-o zi oarecare, un mic imbold al st\u0103rii suflete\u0219ti care implic\u0103 cele mai importante\u00a0 sim\u021buri. Indiferent de arom\u0103, momentul pe care \u021bi-l poate oferi este unul unic, \u00een care te po\u021bi relaxa, te po\u021bi conecta [&hellip;]","og_url":"https:\/\/inspiratio.ro\/produs\/uni-lumanare-30-cl-diverse-arome\/","og_site_name":"Inspiratio","article_publisher":"https:\/\/www.facebook.com\/inspiratiogiftstudio\/","article_modified_time":"2023-11-26T00:02:07+00:00","og_image":[{"width":2560,"height":2560,"url":"https:\/\/inspiratio.ro\/wp-content\/uploads\/2022\/02\/Moods_L_White_2-scaled.jpg","type":"image\/jpeg"}],"twitter_card":"summary_large_image","twitter_misc":{"Est. reading time":"2 minutes"},"schema":{"@context":"https:\/\/schema.org","@graph":[{"@type":"WebPage","@id":"https:\/\/inspiratio.ro\/produs\/uni-lumanare-30-cl-diverse-arome\/","url":"https:\/\/inspiratio.ro\/produs\/uni-lumanare-30-cl-diverse-arome\/","name":"Uni Lumanare 30 cl \u2013 diverse arome - Inspiratio","isPartOf":{"@id":"https:\/\/inspiratio.ro\/#website"},"primaryImageOfPage":{"@id":"https:\/\/inspiratio.ro\/produs\/uni-lumanare-30-cl-diverse-arome\/#primaryimage"},"image":{"@id":"https:\/\/inspiratio.ro\/produs\/uni-lumanare-30-cl-diverse-arome\/#primaryimage"},"thumbnailUrl":"https:\/\/inspiratio.ro\/wp-content\/uploads\/2022\/02\/Moods_L_White_2-scaled.jpg","datePublished":"2022-02-24T12:01:58+00:00","dateModified":"2023-11-26T00:02:07+00:00","breadcrumb":{"@id":"https:\/\/inspiratio.ro\/produs\/uni-lumanare-30-cl-diverse-arome\/#breadcrumb"},"inLanguage":"en-US","potentialAction":[{"@type":"ReadAction","target":["https:\/\/inspiratio.ro\/produs\/uni-lumanare-30-cl-diverse-arome\/"]}]},{"@type":"ImageObject","inLanguage":"en-US","@id":"https:\/\/inspiratio.ro\/produs\/uni-lumanare-30-cl-diverse-arome\/#primaryimage","url":"https:\/\/inspiratio.ro\/wp-content\/uploads\/2022\/02\/Moods_L_White_2-scaled.jpg","contentUrl":"https:\/\/inspiratio.ro\/wp-content\/uploads\/2022\/02\/Moods_L_White_2-scaled.jpg","width":2560,"height":2560},{"@type":"BreadcrumbList","@id":"https:\/\/inspiratio.ro\/produs\/uni-lumanare-30-cl-diverse-arome\/#breadcrumb","itemListElement":[{"@type":"ListItem","position":1,"name":"Shop","item":"https:\/\/inspiratio.ro\/magazin-cadouri\/"},{"@type":"ListItem","position":2,"name":"Uni Lumanare 30 cl \u2013 diverse arome"}]},{"@type":"WebSite","@id":"https:\/\/inspiratio.ro\/#website","url":"https:\/\/inspiratio.ro\/","name":"Inspiratio","description":"Las\u0103-te purtat de inspira\u021bie","publisher":{"@id":"https:\/\/inspiratio.ro\/#organization"},"potentialAction":[{"@type":"SearchAction","target":{"@type":"EntryPoint","urlTemplate":"https:\/\/inspiratio.ro\/?s={search_term_string}"},"query-input":{"@type":"PropertyValueSpecification","valueRequired":true,"valueName":"search_term_string"}}],"inLanguage":"en-US"},{"@type":"Organization","@id":"https:\/\/inspiratio.ro\/#organization","name":"Inspiratio","url":"https:\/\/inspiratio.ro\/","logo":{"@type":"ImageObject","inLanguage":"en-US","@id":"https:\/\/inspiratio.ro\/#\/schema\/logo\/image\/","url":"https:\/\/inspiratio.ro\/wp-content\/uploads\/2020\/06\/logo-inspiratio.png","contentUrl":"https:\/\/inspiratio.ro\/wp-content\/uploads\/2020\/06\/logo-inspiratio.png","width":232,"height":209,"caption":"Inspiratio"},"image":{"@id":"https:\/\/inspiratio.ro\/#\/schema\/logo\/image\/"},"sameAs":["https:\/\/www.facebook.com\/inspiratiogiftstudio\/","https:\/\/www.instagram.com\/inspiratio_giftstudio\/"]}]}},"brands":[{"id":138,"name":"Moods","slug":"moods"}],"_links":{"self":[{"href":"https:\/\/inspiratio.ro\/en\/wp-json\/wp\/v2\/product\/4017","targetHints":{"allow":["GET"]}}],"collection":[{"href":"https:\/\/inspiratio.ro\/en\/wp-json\/wp\/v2\/product"}],"about":[{"href":"https:\/\/inspiratio.ro\/en\/wp-json\/wp\/v2\/types\/product"}],"replies":[{"embeddable":true,"href":"https:\/\/inspiratio.ro\/en\/wp-json\/wp\/v2\/comments?post=4017"}],"wp:featuredmedia":[{"embeddable":true,"href":"https:\/\/inspiratio.ro\/en\/wp-json\/wp\/v2\/media\/4016"}],"wp:attachment":[{"href":"https:\/\/inspiratio.ro\/en\/wp-json\/wp\/v2\/media?parent=4017"}],"wp:term":[{"taxonomy":"pwb-brand","embeddable":true,"href":"https:\/\/inspiratio.ro\/en\/wp-json\/wp\/v2\/pwb-brand?post=4017"},{"taxonomy":"product_brand","embeddable":true,"href":"https:\/\/inspiratio.ro\/en\/wp-json\/wp\/v2\/product_brand?post=4017"},{"taxonomy":"product_cat","embeddable":true,"href":"https:\/\/inspiratio.ro\/en\/wp-json\/wp\/v2\/product_cat?post=4017"},{"taxonomy":"product_tag","embeddable":true,"href":"https:\/\/inspiratio.ro\/en\/wp-json\/wp\/v2\/product_tag?post=4017"}],"curies":[{"name":"wp","href":"https:\/\/api.w.org\/{rel}","templated":true}]}}