{"id":3974,"date":"2022-02-07T18:23:42","date_gmt":"2022-02-07T16:23:42","guid":{"rendered":"https:\/\/inspiratio.ro\/?post_type=product&#038;p=3974"},"modified":"2024-12-26T14:03:02","modified_gmt":"2024-12-26T12:03:02","slug":"stf-poster-inramat-visitez-la-roumanie-en-auto","status":"publish","type":"product","link":"https:\/\/inspiratio.ro\/en\/produs\/stf-poster-inramat-visitez-la-roumanie-en-auto\/","title":{"rendered":"Poster inramat Visitez la Roumanie en auto"},"content":{"rendered":"<p><strong>Didier Ionesco, fotograf din Lyon<\/strong>\u00a0\u0219i Louise Garrel, doi tineri francezi la \u00eenceputul vie\u021bii, s-au \u00eent\u00e2lnit la o petrecere a ambasadei Suediei din Paris \u0219i s-<span class=\"poster_item-contentmore\">au \u00eendr\u0103gostit la prima vedere. \u00cen miezul petrecerii Didier i-a propus Luizei s\u0103 o prezinte p\u0103rin\u021bilor lui. \u00cenfl\u0103c\u0103ra\u021bi de amorul subit cei doi tineri au \u201e\u00eemprumutat\u201d o ma\u0219in\u0103 a lega\u021biei suedeze \u0219i au purces spre locuin\u021ba t\u00e2n\u0103rului Didier. Un singur lucru a uitat s\u0103 spun\u0103 Didier, c\u0103 locuin\u021ba p\u0103rin\u021bilor lui se afla la Bucure\u0219ti. La \u00eenceputul toamnei, dup\u0103 luni \u00eentregi de c\u0103ut\u0103ri, ma\u0219ina suedezilor a fost g\u0103sit\u0103 intact\u0103 pe o strad\u0103 din Montmartre. Pe bancheta din spate au putut fi g\u0103site o serie de fotografii alb-negru \u00een care ap\u0103reau castele rom\u00e2ne\u0219ti \u0219i diverse peisajii cu mun\u021bi pe care nimeni din Ambasada Suediei nu le mai v\u0103zuse p\u00e2n\u0103 atunci.<\/span><\/p>\n<div class=\"poster_item-title\">Visitez la Roumanie en Auto<\/div>\n<div class=\"poster_item-size\">Dimensiune poster 44\/67cm<\/div>\n","protected":false},"excerpt":{"rendered":"<p>Poster<\/p>\n","protected":false},"featured_media":3975,"comment_status":"open","ping_status":"closed","template":"","meta":[],"pwb-brand":[136],"product_brand":[],"product_cat":[49,55,85],"product_tag":[],"class_list":{"0":"post-3974","1":"product","2":"type-product","3":"status-publish","4":"has-post-thumbnail","6":"pwb-brand-atelier-trebo","7":"product_cat-home-and-deco","8":"product_cat-hobby-and-travel","9":"product_cat-papetarie","11":"first","12":"instock","13":"taxable","14":"shipping-taxable","15":"purchasable","16":"product-type-simple"},"yoast_head":"<!-- This site is optimized with the Yoast SEO plugin v26.9 - https:\/\/yoast.com\/product\/yoast-seo-wordpress\/ -->\n<title>STF Poster inramat Visitez la Roumanie en auto - Inspiratio<\/title>\n<meta name=\"robots\" content=\"index, follow, max-snippet:-1, max-image-preview:large, max-video-preview:-1\" \/>\n<link rel=\"canonical\" href=\"https:\/\/inspiratio.ro\/produs\/stf-poster-inramat-visitez-la-roumanie-en-auto\/\" \/>\n<meta property=\"og:locale\" content=\"en_US\" \/>\n<meta property=\"og:type\" content=\"article\" \/>\n<meta property=\"og:title\" content=\"STF Poster inramat Visitez la Roumanie en auto - Inspiratio\" \/>\n<meta property=\"og:description\" content=\"Poster\" \/>\n<meta property=\"og:url\" content=\"https:\/\/inspiratio.ro\/produs\/stf-poster-inramat-visitez-la-roumanie-en-auto\/\" \/>\n<meta property=\"og:site_name\" content=\"Inspiratio\" \/>\n<meta property=\"article:publisher\" content=\"https:\/\/www.facebook.com\/inspiratiogiftstudio\/\" \/>\n<meta property=\"article:modified_time\" content=\"2024-12-26T12:03:02+00:00\" \/>\n<meta property=\"og:image\" content=\"https:\/\/inspiratio.ro\/wp-content\/uploads\/2022\/02\/Visitez-la-Roumanie-en-Auto-1-364x550-1.jpg\" \/>\n\t<meta property=\"og:image:width\" content=\"364\" \/>\n\t<meta property=\"og:image:height\" content=\"550\" \/>\n\t<meta property=\"og:image:type\" content=\"image\/jpeg\" \/>\n<meta name=\"twitter:card\" content=\"summary_large_image\" \/>\n<meta name=\"twitter:label1\" content=\"Est. reading time\" \/>\n\t<meta name=\"twitter:data1\" content=\"1 minute\" \/>\n<script type=\"application\/ld+json\" class=\"yoast-schema-graph\">{\"@context\":\"https:\/\/schema.org\",\"@graph\":[{\"@type\":\"WebPage\",\"@id\":\"https:\/\/inspiratio.ro\/produs\/stf-poster-inramat-visitez-la-roumanie-en-auto\/\",\"url\":\"https:\/\/inspiratio.ro\/produs\/stf-poster-inramat-visitez-la-roumanie-en-auto\/\",\"name\":\"STF Poster inramat Visitez la Roumanie en auto - Inspiratio\",\"isPartOf\":{\"@id\":\"https:\/\/inspiratio.ro\/#website\"},\"primaryImageOfPage\":{\"@id\":\"https:\/\/inspiratio.ro\/produs\/stf-poster-inramat-visitez-la-roumanie-en-auto\/#primaryimage\"},\"image\":{\"@id\":\"https:\/\/inspiratio.ro\/produs\/stf-poster-inramat-visitez-la-roumanie-en-auto\/#primaryimage\"},\"thumbnailUrl\":\"https:\/\/inspiratio.ro\/wp-content\/uploads\/2022\/02\/Visitez-la-Roumanie-en-Auto-1-364x550-1.jpg\",\"datePublished\":\"2022-02-07T16:23:42+00:00\",\"dateModified\":\"2024-12-26T12:03:02+00:00\",\"breadcrumb\":{\"@id\":\"https:\/\/inspiratio.ro\/produs\/stf-poster-inramat-visitez-la-roumanie-en-auto\/#breadcrumb\"},\"inLanguage\":\"en-US\",\"potentialAction\":[{\"@type\":\"ReadAction\",\"target\":[\"https:\/\/inspiratio.ro\/produs\/stf-poster-inramat-visitez-la-roumanie-en-auto\/\"]}]},{\"@type\":\"ImageObject\",\"inLanguage\":\"en-US\",\"@id\":\"https:\/\/inspiratio.ro\/produs\/stf-poster-inramat-visitez-la-roumanie-en-auto\/#primaryimage\",\"url\":\"https:\/\/inspiratio.ro\/wp-content\/uploads\/2022\/02\/Visitez-la-Roumanie-en-Auto-1-364x550-1.jpg\",\"contentUrl\":\"https:\/\/inspiratio.ro\/wp-content\/uploads\/2022\/02\/Visitez-la-Roumanie-en-Auto-1-364x550-1.jpg\",\"width\":364,\"height\":550},{\"@type\":\"BreadcrumbList\",\"@id\":\"https:\/\/inspiratio.ro\/produs\/stf-poster-inramat-visitez-la-roumanie-en-auto\/#breadcrumb\",\"itemListElement\":[{\"@type\":\"ListItem\",\"position\":1,\"name\":\"Shop\",\"item\":\"https:\/\/inspiratio.ro\/magazin-cadouri\/\"},{\"@type\":\"ListItem\",\"position\":2,\"name\":\"STF Poster inramat Visitez la Roumanie en auto\"}]},{\"@type\":\"WebSite\",\"@id\":\"https:\/\/inspiratio.ro\/#website\",\"url\":\"https:\/\/inspiratio.ro\/\",\"name\":\"Inspiratio\",\"description\":\"Las\u0103-te purtat de inspira\u021bie\",\"publisher\":{\"@id\":\"https:\/\/inspiratio.ro\/#organization\"},\"potentialAction\":[{\"@type\":\"SearchAction\",\"target\":{\"@type\":\"EntryPoint\",\"urlTemplate\":\"https:\/\/inspiratio.ro\/?s={search_term_string}\"},\"query-input\":{\"@type\":\"PropertyValueSpecification\",\"valueRequired\":true,\"valueName\":\"search_term_string\"}}],\"inLanguage\":\"en-US\"},{\"@type\":\"Organization\",\"@id\":\"https:\/\/inspiratio.ro\/#organization\",\"name\":\"Inspiratio\",\"url\":\"https:\/\/inspiratio.ro\/\",\"logo\":{\"@type\":\"ImageObject\",\"inLanguage\":\"en-US\",\"@id\":\"https:\/\/inspiratio.ro\/#\/schema\/logo\/image\/\",\"url\":\"https:\/\/inspiratio.ro\/wp-content\/uploads\/2020\/06\/logo-inspiratio.png\",\"contentUrl\":\"https:\/\/inspiratio.ro\/wp-content\/uploads\/2020\/06\/logo-inspiratio.png\",\"width\":232,\"height\":209,\"caption\":\"Inspiratio\"},\"image\":{\"@id\":\"https:\/\/inspiratio.ro\/#\/schema\/logo\/image\/\"},\"sameAs\":[\"https:\/\/www.facebook.com\/inspiratiogiftstudio\/\",\"https:\/\/www.instagram.com\/inspiratio_giftstudio\/\"]}]}<\/script>\n<!-- \/ Yoast SEO plugin. -->","yoast_head_json":{"title":"STF Poster inramat Visitez la Roumanie en auto - Inspiratio","robots":{"index":"index","follow":"follow","max-snippet":"max-snippet:-1","max-image-preview":"max-image-preview:large","max-video-preview":"max-video-preview:-1"},"canonical":"https:\/\/inspiratio.ro\/produs\/stf-poster-inramat-visitez-la-roumanie-en-auto\/","og_locale":"en_US","og_type":"article","og_title":"STF Poster inramat Visitez la Roumanie en auto - Inspiratio","og_description":"Poster","og_url":"https:\/\/inspiratio.ro\/produs\/stf-poster-inramat-visitez-la-roumanie-en-auto\/","og_site_name":"Inspiratio","article_publisher":"https:\/\/www.facebook.com\/inspiratiogiftstudio\/","article_modified_time":"2024-12-26T12:03:02+00:00","og_image":[{"width":364,"height":550,"url":"https:\/\/inspiratio.ro\/wp-content\/uploads\/2022\/02\/Visitez-la-Roumanie-en-Auto-1-364x550-1.jpg","type":"image\/jpeg"}],"twitter_card":"summary_large_image","twitter_misc":{"Est. reading time":"1 minute"},"schema":{"@context":"https:\/\/schema.org","@graph":[{"@type":"WebPage","@id":"https:\/\/inspiratio.ro\/produs\/stf-poster-inramat-visitez-la-roumanie-en-auto\/","url":"https:\/\/inspiratio.ro\/produs\/stf-poster-inramat-visitez-la-roumanie-en-auto\/","name":"STF Poster inramat Visitez la Roumanie en auto - Inspiratio","isPartOf":{"@id":"https:\/\/inspiratio.ro\/#website"},"primaryImageOfPage":{"@id":"https:\/\/inspiratio.ro\/produs\/stf-poster-inramat-visitez-la-roumanie-en-auto\/#primaryimage"},"image":{"@id":"https:\/\/inspiratio.ro\/produs\/stf-poster-inramat-visitez-la-roumanie-en-auto\/#primaryimage"},"thumbnailUrl":"https:\/\/inspiratio.ro\/wp-content\/uploads\/2022\/02\/Visitez-la-Roumanie-en-Auto-1-364x550-1.jpg","datePublished":"2022-02-07T16:23:42+00:00","dateModified":"2024-12-26T12:03:02+00:00","breadcrumb":{"@id":"https:\/\/inspiratio.ro\/produs\/stf-poster-inramat-visitez-la-roumanie-en-auto\/#breadcrumb"},"inLanguage":"en-US","potentialAction":[{"@type":"ReadAction","target":["https:\/\/inspiratio.ro\/produs\/stf-poster-inramat-visitez-la-roumanie-en-auto\/"]}]},{"@type":"ImageObject","inLanguage":"en-US","@id":"https:\/\/inspiratio.ro\/produs\/stf-poster-inramat-visitez-la-roumanie-en-auto\/#primaryimage","url":"https:\/\/inspiratio.ro\/wp-content\/uploads\/2022\/02\/Visitez-la-Roumanie-en-Auto-1-364x550-1.jpg","contentUrl":"https:\/\/inspiratio.ro\/wp-content\/uploads\/2022\/02\/Visitez-la-Roumanie-en-Auto-1-364x550-1.jpg","width":364,"height":550},{"@type":"BreadcrumbList","@id":"https:\/\/inspiratio.ro\/produs\/stf-poster-inramat-visitez-la-roumanie-en-auto\/#breadcrumb","itemListElement":[{"@type":"ListItem","position":1,"name":"Shop","item":"https:\/\/inspiratio.ro\/magazin-cadouri\/"},{"@type":"ListItem","position":2,"name":"STF Poster inramat Visitez la Roumanie en auto"}]},{"@type":"WebSite","@id":"https:\/\/inspiratio.ro\/#website","url":"https:\/\/inspiratio.ro\/","name":"Inspiratio","description":"Las\u0103-te purtat de inspira\u021bie","publisher":{"@id":"https:\/\/inspiratio.ro\/#organization"},"potentialAction":[{"@type":"SearchAction","target":{"@type":"EntryPoint","urlTemplate":"https:\/\/inspiratio.ro\/?s={search_term_string}"},"query-input":{"@type":"PropertyValueSpecification","valueRequired":true,"valueName":"search_term_string"}}],"inLanguage":"en-US"},{"@type":"Organization","@id":"https:\/\/inspiratio.ro\/#organization","name":"Inspiratio","url":"https:\/\/inspiratio.ro\/","logo":{"@type":"ImageObject","inLanguage":"en-US","@id":"https:\/\/inspiratio.ro\/#\/schema\/logo\/image\/","url":"https:\/\/inspiratio.ro\/wp-content\/uploads\/2020\/06\/logo-inspiratio.png","contentUrl":"https:\/\/inspiratio.ro\/wp-content\/uploads\/2020\/06\/logo-inspiratio.png","width":232,"height":209,"caption":"Inspiratio"},"image":{"@id":"https:\/\/inspiratio.ro\/#\/schema\/logo\/image\/"},"sameAs":["https:\/\/www.facebook.com\/inspiratiogiftstudio\/","https:\/\/www.instagram.com\/inspiratio_giftstudio\/"]}]}},"brands":[{"id":136,"name":"Atelier Trebo","slug":"atelier-trebo"}],"_links":{"self":[{"href":"https:\/\/inspiratio.ro\/en\/wp-json\/wp\/v2\/product\/3974","targetHints":{"allow":["GET"]}}],"collection":[{"href":"https:\/\/inspiratio.ro\/en\/wp-json\/wp\/v2\/product"}],"about":[{"href":"https:\/\/inspiratio.ro\/en\/wp-json\/wp\/v2\/types\/product"}],"replies":[{"embeddable":true,"href":"https:\/\/inspiratio.ro\/en\/wp-json\/wp\/v2\/comments?post=3974"}],"wp:featuredmedia":[{"embeddable":true,"href":"https:\/\/inspiratio.ro\/en\/wp-json\/wp\/v2\/media\/3975"}],"wp:attachment":[{"href":"https:\/\/inspiratio.ro\/en\/wp-json\/wp\/v2\/media?parent=3974"}],"wp:term":[{"taxonomy":"pwb-brand","embeddable":true,"href":"https:\/\/inspiratio.ro\/en\/wp-json\/wp\/v2\/pwb-brand?post=3974"},{"taxonomy":"product_brand","embeddable":true,"href":"https:\/\/inspiratio.ro\/en\/wp-json\/wp\/v2\/product_brand?post=3974"},{"taxonomy":"product_cat","embeddable":true,"href":"https:\/\/inspiratio.ro\/en\/wp-json\/wp\/v2\/product_cat?post=3974"},{"taxonomy":"product_tag","embeddable":true,"href":"https:\/\/inspiratio.ro\/en\/wp-json\/wp\/v2\/product_tag?post=3974"}],"curies":[{"name":"wp","href":"https:\/\/api.w.org\/{rel}","templated":true}]}}