{"id":3973,"date":"2022-02-07T18:16:34","date_gmt":"2022-02-07T16:16:34","guid":{"rendered":"https:\/\/inspiratio.ro\/?post_type=product&#038;p=3973"},"modified":"2023-03-11T14:48:41","modified_gmt":"2023-03-11T12:48:41","slug":"stf-poster-tub-sezonul-alb","status":"publish","type":"product","link":"https:\/\/inspiratio.ro\/en\/produs\/stf-poster-tub-sezonul-alb\/","title":{"rendered":"Poster tub Sezonul alb"},"content":{"rendered":"<p><strong>La apartamentul 103<\/strong>, doamna Protopopescu se caza \u00een fiecare iarn\u0103 timp de 2 s\u0103pt\u0103m\u00e2ni, \u00een acelea\u0219i condi\u021biuni: vedere spre munte, serviciu \u00een camer\u0103 perm<span class=\"poster_item-contentmore\">anent \u0219i cafea la nisip \u00een fiecare diminea\u021b\u0103 pentru dou\u0103 persoane. Majordomul Costel era preferatul ei. Asta p\u00e2n\u0103 c\u00e2nd s-a stricat aparatul de pr\u0103jit cafea al hotelului, iar Costel a \u00eenaintat demisia dumisale conducerii supt motivul c\u0103 \u201ceu nu \u00eemi pun s\u0103n\u0103tatea \u00een primejdie pentru doamna Protopopescu doar pentru c\u0103 ea serve\u015fte cafeaua doar proasp\u0103t pr\u0103jit\u0103\u201d. Ulterior, Costel suit pe schiurile proprietate personal\u0103 a fost surprins de o avalan\u0219\u0103 \u00een drum spre cas\u0103. Costurile \u00eenmorm\u00e2nt\u0103rii au fost suportate de doamna Protopopescu. Mul\u0163i oameni cu dare de m\u00e2n\u0103 au stat la hotel Alpin pentru aerul curat \u015fi cafeaua servit\u0103 la nisip.<\/span><\/p>\n<div class=\"poster_item-title\">Hotel Alpin Cota 1400<\/div>\n<div class=\"poster_item-size\">Dimensiune poster 43\/62 cm<\/div>\n","protected":false},"excerpt":{"rendered":"<p>Poster<\/p>\n","protected":false},"featured_media":3972,"comment_status":"open","ping_status":"closed","template":"","meta":[],"pwb-brand":[136],"product_brand":[],"product_cat":[49,55,85],"product_tag":[],"class_list":{"0":"post-3973","1":"product","2":"type-product","3":"status-publish","4":"has-post-thumbnail","6":"pwb-brand-atelier-trebo","7":"product_cat-home-and-deco","8":"product_cat-hobby-and-travel","9":"product_cat-papetarie","11":"first","12":"instock","13":"taxable","14":"shipping-taxable","15":"purchasable","16":"product-type-simple"},"yoast_head":"<!-- This site is optimized with the Yoast SEO plugin v26.9 - https:\/\/yoast.com\/product\/yoast-seo-wordpress\/ -->\n<title>STF Poster tub Sezonul alb - Inspiratio<\/title>\n<meta name=\"robots\" content=\"index, follow, max-snippet:-1, max-image-preview:large, max-video-preview:-1\" \/>\n<link rel=\"canonical\" href=\"https:\/\/inspiratio.ro\/produs\/stf-poster-tub-sezonul-alb\/\" \/>\n<meta property=\"og:locale\" content=\"en_US\" \/>\n<meta property=\"og:type\" content=\"article\" \/>\n<meta property=\"og:title\" content=\"STF Poster tub Sezonul alb - Inspiratio\" \/>\n<meta property=\"og:description\" content=\"Poster\" \/>\n<meta property=\"og:url\" content=\"https:\/\/inspiratio.ro\/produs\/stf-poster-tub-sezonul-alb\/\" \/>\n<meta property=\"og:site_name\" content=\"Inspiratio\" \/>\n<meta property=\"article:publisher\" content=\"https:\/\/www.facebook.com\/inspiratiogiftstudio\/\" \/>\n<meta property=\"article:modified_time\" content=\"2023-03-11T12:48:41+00:00\" \/>\n<meta property=\"og:image\" content=\"https:\/\/inspiratio.ro\/wp-content\/uploads\/2022\/02\/Hotel-Alpin-14001-364x529-1.jpg\" \/>\n\t<meta property=\"og:image:width\" content=\"364\" \/>\n\t<meta property=\"og:image:height\" content=\"529\" \/>\n\t<meta property=\"og:image:type\" content=\"image\/jpeg\" \/>\n<meta name=\"twitter:card\" content=\"summary_large_image\" \/>\n<meta name=\"twitter:label1\" content=\"Est. reading time\" \/>\n\t<meta name=\"twitter:data1\" content=\"1 minute\" \/>\n<script type=\"application\/ld+json\" class=\"yoast-schema-graph\">{\"@context\":\"https:\/\/schema.org\",\"@graph\":[{\"@type\":\"WebPage\",\"@id\":\"https:\/\/inspiratio.ro\/produs\/stf-poster-tub-sezonul-alb\/\",\"url\":\"https:\/\/inspiratio.ro\/produs\/stf-poster-tub-sezonul-alb\/\",\"name\":\"STF Poster tub Sezonul alb - Inspiratio\",\"isPartOf\":{\"@id\":\"https:\/\/inspiratio.ro\/#website\"},\"primaryImageOfPage\":{\"@id\":\"https:\/\/inspiratio.ro\/produs\/stf-poster-tub-sezonul-alb\/#primaryimage\"},\"image\":{\"@id\":\"https:\/\/inspiratio.ro\/produs\/stf-poster-tub-sezonul-alb\/#primaryimage\"},\"thumbnailUrl\":\"https:\/\/inspiratio.ro\/wp-content\/uploads\/2022\/02\/Hotel-Alpin-14001-364x529-1.jpg\",\"datePublished\":\"2022-02-07T16:16:34+00:00\",\"dateModified\":\"2023-03-11T12:48:41+00:00\",\"breadcrumb\":{\"@id\":\"https:\/\/inspiratio.ro\/produs\/stf-poster-tub-sezonul-alb\/#breadcrumb\"},\"inLanguage\":\"en-US\",\"potentialAction\":[{\"@type\":\"ReadAction\",\"target\":[\"https:\/\/inspiratio.ro\/produs\/stf-poster-tub-sezonul-alb\/\"]}]},{\"@type\":\"ImageObject\",\"inLanguage\":\"en-US\",\"@id\":\"https:\/\/inspiratio.ro\/produs\/stf-poster-tub-sezonul-alb\/#primaryimage\",\"url\":\"https:\/\/inspiratio.ro\/wp-content\/uploads\/2022\/02\/Hotel-Alpin-14001-364x529-1.jpg\",\"contentUrl\":\"https:\/\/inspiratio.ro\/wp-content\/uploads\/2022\/02\/Hotel-Alpin-14001-364x529-1.jpg\",\"width\":364,\"height\":529},{\"@type\":\"BreadcrumbList\",\"@id\":\"https:\/\/inspiratio.ro\/produs\/stf-poster-tub-sezonul-alb\/#breadcrumb\",\"itemListElement\":[{\"@type\":\"ListItem\",\"position\":1,\"name\":\"Shop\",\"item\":\"https:\/\/inspiratio.ro\/magazin-cadouri\/\"},{\"@type\":\"ListItem\",\"position\":2,\"name\":\"STF Poster tub Sezonul alb\"}]},{\"@type\":\"WebSite\",\"@id\":\"https:\/\/inspiratio.ro\/#website\",\"url\":\"https:\/\/inspiratio.ro\/\",\"name\":\"Inspiratio\",\"description\":\"Las\u0103-te purtat de inspira\u021bie\",\"publisher\":{\"@id\":\"https:\/\/inspiratio.ro\/#organization\"},\"potentialAction\":[{\"@type\":\"SearchAction\",\"target\":{\"@type\":\"EntryPoint\",\"urlTemplate\":\"https:\/\/inspiratio.ro\/?s={search_term_string}\"},\"query-input\":{\"@type\":\"PropertyValueSpecification\",\"valueRequired\":true,\"valueName\":\"search_term_string\"}}],\"inLanguage\":\"en-US\"},{\"@type\":\"Organization\",\"@id\":\"https:\/\/inspiratio.ro\/#organization\",\"name\":\"Inspiratio\",\"url\":\"https:\/\/inspiratio.ro\/\",\"logo\":{\"@type\":\"ImageObject\",\"inLanguage\":\"en-US\",\"@id\":\"https:\/\/inspiratio.ro\/#\/schema\/logo\/image\/\",\"url\":\"https:\/\/inspiratio.ro\/wp-content\/uploads\/2020\/06\/logo-inspiratio.png\",\"contentUrl\":\"https:\/\/inspiratio.ro\/wp-content\/uploads\/2020\/06\/logo-inspiratio.png\",\"width\":232,\"height\":209,\"caption\":\"Inspiratio\"},\"image\":{\"@id\":\"https:\/\/inspiratio.ro\/#\/schema\/logo\/image\/\"},\"sameAs\":[\"https:\/\/www.facebook.com\/inspiratiogiftstudio\/\",\"https:\/\/www.instagram.com\/inspiratio_giftstudio\/\"]}]}<\/script>\n<!-- \/ Yoast SEO plugin. -->","yoast_head_json":{"title":"STF Poster tub Sezonul alb - Inspiratio","robots":{"index":"index","follow":"follow","max-snippet":"max-snippet:-1","max-image-preview":"max-image-preview:large","max-video-preview":"max-video-preview:-1"},"canonical":"https:\/\/inspiratio.ro\/produs\/stf-poster-tub-sezonul-alb\/","og_locale":"en_US","og_type":"article","og_title":"STF Poster tub Sezonul alb - Inspiratio","og_description":"Poster","og_url":"https:\/\/inspiratio.ro\/produs\/stf-poster-tub-sezonul-alb\/","og_site_name":"Inspiratio","article_publisher":"https:\/\/www.facebook.com\/inspiratiogiftstudio\/","article_modified_time":"2023-03-11T12:48:41+00:00","og_image":[{"width":364,"height":529,"url":"https:\/\/inspiratio.ro\/wp-content\/uploads\/2022\/02\/Hotel-Alpin-14001-364x529-1.jpg","type":"image\/jpeg"}],"twitter_card":"summary_large_image","twitter_misc":{"Est. reading time":"1 minute"},"schema":{"@context":"https:\/\/schema.org","@graph":[{"@type":"WebPage","@id":"https:\/\/inspiratio.ro\/produs\/stf-poster-tub-sezonul-alb\/","url":"https:\/\/inspiratio.ro\/produs\/stf-poster-tub-sezonul-alb\/","name":"STF Poster tub Sezonul alb - Inspiratio","isPartOf":{"@id":"https:\/\/inspiratio.ro\/#website"},"primaryImageOfPage":{"@id":"https:\/\/inspiratio.ro\/produs\/stf-poster-tub-sezonul-alb\/#primaryimage"},"image":{"@id":"https:\/\/inspiratio.ro\/produs\/stf-poster-tub-sezonul-alb\/#primaryimage"},"thumbnailUrl":"https:\/\/inspiratio.ro\/wp-content\/uploads\/2022\/02\/Hotel-Alpin-14001-364x529-1.jpg","datePublished":"2022-02-07T16:16:34+00:00","dateModified":"2023-03-11T12:48:41+00:00","breadcrumb":{"@id":"https:\/\/inspiratio.ro\/produs\/stf-poster-tub-sezonul-alb\/#breadcrumb"},"inLanguage":"en-US","potentialAction":[{"@type":"ReadAction","target":["https:\/\/inspiratio.ro\/produs\/stf-poster-tub-sezonul-alb\/"]}]},{"@type":"ImageObject","inLanguage":"en-US","@id":"https:\/\/inspiratio.ro\/produs\/stf-poster-tub-sezonul-alb\/#primaryimage","url":"https:\/\/inspiratio.ro\/wp-content\/uploads\/2022\/02\/Hotel-Alpin-14001-364x529-1.jpg","contentUrl":"https:\/\/inspiratio.ro\/wp-content\/uploads\/2022\/02\/Hotel-Alpin-14001-364x529-1.jpg","width":364,"height":529},{"@type":"BreadcrumbList","@id":"https:\/\/inspiratio.ro\/produs\/stf-poster-tub-sezonul-alb\/#breadcrumb","itemListElement":[{"@type":"ListItem","position":1,"name":"Shop","item":"https:\/\/inspiratio.ro\/magazin-cadouri\/"},{"@type":"ListItem","position":2,"name":"STF Poster tub Sezonul alb"}]},{"@type":"WebSite","@id":"https:\/\/inspiratio.ro\/#website","url":"https:\/\/inspiratio.ro\/","name":"Inspiratio","description":"Las\u0103-te purtat de inspira\u021bie","publisher":{"@id":"https:\/\/inspiratio.ro\/#organization"},"potentialAction":[{"@type":"SearchAction","target":{"@type":"EntryPoint","urlTemplate":"https:\/\/inspiratio.ro\/?s={search_term_string}"},"query-input":{"@type":"PropertyValueSpecification","valueRequired":true,"valueName":"search_term_string"}}],"inLanguage":"en-US"},{"@type":"Organization","@id":"https:\/\/inspiratio.ro\/#organization","name":"Inspiratio","url":"https:\/\/inspiratio.ro\/","logo":{"@type":"ImageObject","inLanguage":"en-US","@id":"https:\/\/inspiratio.ro\/#\/schema\/logo\/image\/","url":"https:\/\/inspiratio.ro\/wp-content\/uploads\/2020\/06\/logo-inspiratio.png","contentUrl":"https:\/\/inspiratio.ro\/wp-content\/uploads\/2020\/06\/logo-inspiratio.png","width":232,"height":209,"caption":"Inspiratio"},"image":{"@id":"https:\/\/inspiratio.ro\/#\/schema\/logo\/image\/"},"sameAs":["https:\/\/www.facebook.com\/inspiratiogiftstudio\/","https:\/\/www.instagram.com\/inspiratio_giftstudio\/"]}]}},"brands":[{"id":136,"name":"Atelier Trebo","slug":"atelier-trebo"}],"_links":{"self":[{"href":"https:\/\/inspiratio.ro\/en\/wp-json\/wp\/v2\/product\/3973","targetHints":{"allow":["GET"]}}],"collection":[{"href":"https:\/\/inspiratio.ro\/en\/wp-json\/wp\/v2\/product"}],"about":[{"href":"https:\/\/inspiratio.ro\/en\/wp-json\/wp\/v2\/types\/product"}],"replies":[{"embeddable":true,"href":"https:\/\/inspiratio.ro\/en\/wp-json\/wp\/v2\/comments?post=3973"}],"wp:featuredmedia":[{"embeddable":true,"href":"https:\/\/inspiratio.ro\/en\/wp-json\/wp\/v2\/media\/3972"}],"wp:attachment":[{"href":"https:\/\/inspiratio.ro\/en\/wp-json\/wp\/v2\/media?parent=3973"}],"wp:term":[{"taxonomy":"pwb-brand","embeddable":true,"href":"https:\/\/inspiratio.ro\/en\/wp-json\/wp\/v2\/pwb-brand?post=3973"},{"taxonomy":"product_brand","embeddable":true,"href":"https:\/\/inspiratio.ro\/en\/wp-json\/wp\/v2\/product_brand?post=3973"},{"taxonomy":"product_cat","embeddable":true,"href":"https:\/\/inspiratio.ro\/en\/wp-json\/wp\/v2\/product_cat?post=3973"},{"taxonomy":"product_tag","embeddable":true,"href":"https:\/\/inspiratio.ro\/en\/wp-json\/wp\/v2\/product_tag?post=3973"}],"curies":[{"name":"wp","href":"https:\/\/api.w.org\/{rel}","templated":true}]}}