{"id":3949,"date":"2022-02-07T16:54:16","date_gmt":"2022-02-07T14:54:16","guid":{"rendered":"https:\/\/inspiratio.ro\/?post_type=product&#038;p=3949"},"modified":"2024-05-29T13:02:27","modified_gmt":"2024-05-29T10:02:27","slug":"cel-cutie-cadou-palinca-250-ml-si-doua-cescute-traditionale","status":"publish","type":"product","link":"https:\/\/inspiratio.ro\/en\/produs\/cel-cutie-cadou-palinca-250-ml-si-doua-cescute-traditionale\/","title":{"rendered":"Cutie cadou Palinca 250 ml \u0219i doua cescute traditionale"},"content":{"rendered":"<p>Un cadou artizanal potrivit pentru cei care apreciaz\u0103 adev\u0103ratul gust al b\u0103uturilor autentice rom\u00e2ne\u0219ti.<\/p>\n<p>Cutia cadou con\u021bine<\/p>\n<ul>\n<li>Cutie din lemn cu dimensiunea aproximativ\u0103: 21 x 16 x 8.5 cm<\/li>\n<li>1 Sticlu\u021b\u0103 de 250ml cu P\u0103linc\u0103 Premium 100% Natural\u0103, de 50% concentra\u021bie alcoolic\u0103<\/li>\n<li>2 Ce\u0219cu\u021be tradi\u021bionale din ceramic\u0103 de Baia Mare cu volumul aproximativ de 50ml. Ce\u0219cu\u021bele din ceramic\u0103 sunt realizate, pictate \u0219i glazurate manual de me\u0219terii populari din Baia Mare care au \u00eembinat armonios me\u0219te\u0219ugul \u0219i arta tradi\u021bional\u0103, rezult\u00e2nd obiecte unice. Imaginea este cu titlu de prezentare iar culorile pot varia \u00een func\u021bie de produsele disponibile pe stoc: alb, verde, albastru.<\/li>\n<\/ul>\n<p>&nbsp;<\/p>\n<p>Aceste distilate sunt realizate la fel ca acum sute de ani, complet natural. Produsele noastre sunt b\u0103uturi 100% naturale, extrem de fine, cu o arom\u0103 unic\u0103, intens\u0103, datorit\u0103 soiului de prune, foarte dulci \u0219i zemoase, culese cu mare grij\u0103 din livezile situate pe dealurile din comuna\u00a0<strong><em>Bogati<\/em><\/strong>, jude\u021bul\u00a0<strong><em>Arge\u0219<\/em><\/strong>.<\/p>\n<p>Pentru ob\u021binerea unei b\u0103uturi cu o savoare aparte \u0219i un gust echilibrat, este foarte important ca fructele bine coapte, culese \u0219i alese cu m\u00e2na, s\u0103 fie fermentate lent \u0219i distilate la timp. Apoi distilatul se \u00eenveche\u0219te \u00een lemn de salc\u00e2m, respect\u00e2nd re\u021bete tradi\u021bionale mo\u0219tenite din genera\u021bie \u00een genera\u021bie.<\/p>\n","protected":false},"excerpt":{"rendered":"<p>Un cadou artizanal potrivit pentru cei care apreciaz\u0103 adev\u0103ratul gust al b\u0103uturilor autentice rom\u00e2ne\u0219ti. Cutia cadou con\u021bine Cutie din lemn cu dimensiunea aproximativ\u0103: 21 x 16 x 8.5 cm 1 Sticlu\u021b\u0103 de 250ml cu P\u0103linc\u0103 Premium 100% Natural\u0103, de 50% concentra\u021bie alcoolic\u0103 2 Ce\u0219cu\u021be tradi\u021bionale din ceramic\u0103 de Baia Mare cu volumul aproximativ de 50ml. [&hellip;]<\/p>\n","protected":false},"featured_media":3950,"comment_status":"open","ping_status":"closed","template":"","meta":[],"pwb-brand":[128],"product_brand":[],"product_cat":[116,117],"product_tag":[],"class_list":{"0":"post-3949","1":"product","2":"type-product","3":"status-publish","4":"has-post-thumbnail","6":"pwb-brand-celar","7":"product_cat-seturi-cadou","8":"product_cat-specialitati-gourmet","10":"first","11":"instock","12":"taxable","13":"shipping-taxable","14":"purchasable","15":"product-type-simple"},"yoast_head":"<!-- This site is optimized with the Yoast SEO plugin v26.9 - https:\/\/yoast.com\/product\/yoast-seo-wordpress\/ -->\n<title>CEL Cutie cadou Palinca 250 ml \u0219i doua cescute traditionale - Inspiratio<\/title>\n<meta name=\"robots\" content=\"index, follow, max-snippet:-1, max-image-preview:large, max-video-preview:-1\" \/>\n<link rel=\"canonical\" href=\"https:\/\/inspiratio.ro\/produs\/cel-cutie-cadou-palinca-250-ml-si-doua-cescute-traditionale\/\" \/>\n<meta property=\"og:locale\" content=\"en_US\" \/>\n<meta property=\"og:type\" content=\"article\" \/>\n<meta property=\"og:title\" content=\"CEL Cutie cadou Palinca 250 ml \u0219i doua cescute traditionale - Inspiratio\" \/>\n<meta property=\"og:description\" content=\"Un cadou artizanal potrivit pentru cei care apreciaz\u0103 adev\u0103ratul gust al b\u0103uturilor autentice rom\u00e2ne\u0219ti. Cutia cadou con\u021bine Cutie din lemn cu dimensiunea aproximativ\u0103: 21 x 16 x 8.5 cm 1 Sticlu\u021b\u0103 de 250ml cu P\u0103linc\u0103 Premium 100% Natural\u0103, de 50% concentra\u021bie alcoolic\u0103 2 Ce\u0219cu\u021be tradi\u021bionale din ceramic\u0103 de Baia Mare cu volumul aproximativ de 50ml. [&hellip;]\" \/>\n<meta property=\"og:url\" content=\"https:\/\/inspiratio.ro\/produs\/cel-cutie-cadou-palinca-250-ml-si-doua-cescute-traditionale\/\" \/>\n<meta property=\"og:site_name\" content=\"Inspiratio\" \/>\n<meta property=\"article:publisher\" content=\"https:\/\/www.facebook.com\/inspiratiogiftstudio\/\" \/>\n<meta property=\"article:modified_time\" content=\"2024-05-29T10:02:27+00:00\" \/>\n<meta property=\"og:image\" content=\"https:\/\/inspiratio.ro\/wp-content\/uploads\/2022\/02\/Cutie-cadou-Palinca-250ml-50-alc.-by-CELAR-2.jpg\" \/>\n\t<meta property=\"og:image:width\" content=\"1080\" \/>\n\t<meta property=\"og:image:height\" content=\"1080\" \/>\n\t<meta property=\"og:image:type\" content=\"image\/jpeg\" \/>\n<meta name=\"twitter:card\" content=\"summary_large_image\" \/>\n<meta name=\"twitter:label1\" content=\"Est. reading time\" \/>\n\t<meta name=\"twitter:data1\" content=\"2 minutes\" \/>\n<script type=\"application\/ld+json\" class=\"yoast-schema-graph\">{\"@context\":\"https:\/\/schema.org\",\"@graph\":[{\"@type\":\"WebPage\",\"@id\":\"https:\/\/inspiratio.ro\/produs\/cel-cutie-cadou-palinca-250-ml-si-doua-cescute-traditionale\/\",\"url\":\"https:\/\/inspiratio.ro\/produs\/cel-cutie-cadou-palinca-250-ml-si-doua-cescute-traditionale\/\",\"name\":\"CEL Cutie cadou Palinca 250 ml \u0219i doua cescute traditionale - Inspiratio\",\"isPartOf\":{\"@id\":\"https:\/\/inspiratio.ro\/#website\"},\"primaryImageOfPage\":{\"@id\":\"https:\/\/inspiratio.ro\/produs\/cel-cutie-cadou-palinca-250-ml-si-doua-cescute-traditionale\/#primaryimage\"},\"image\":{\"@id\":\"https:\/\/inspiratio.ro\/produs\/cel-cutie-cadou-palinca-250-ml-si-doua-cescute-traditionale\/#primaryimage\"},\"thumbnailUrl\":\"https:\/\/inspiratio.ro\/wp-content\/uploads\/2022\/02\/Cutie-cadou-Palinca-250ml-50-alc.-by-CELAR-2.jpg\",\"datePublished\":\"2022-02-07T14:54:16+00:00\",\"dateModified\":\"2024-05-29T10:02:27+00:00\",\"breadcrumb\":{\"@id\":\"https:\/\/inspiratio.ro\/produs\/cel-cutie-cadou-palinca-250-ml-si-doua-cescute-traditionale\/#breadcrumb\"},\"inLanguage\":\"en-US\",\"potentialAction\":[{\"@type\":\"ReadAction\",\"target\":[\"https:\/\/inspiratio.ro\/produs\/cel-cutie-cadou-palinca-250-ml-si-doua-cescute-traditionale\/\"]}]},{\"@type\":\"ImageObject\",\"inLanguage\":\"en-US\",\"@id\":\"https:\/\/inspiratio.ro\/produs\/cel-cutie-cadou-palinca-250-ml-si-doua-cescute-traditionale\/#primaryimage\",\"url\":\"https:\/\/inspiratio.ro\/wp-content\/uploads\/2022\/02\/Cutie-cadou-Palinca-250ml-50-alc.-by-CELAR-2.jpg\",\"contentUrl\":\"https:\/\/inspiratio.ro\/wp-content\/uploads\/2022\/02\/Cutie-cadou-Palinca-250ml-50-alc.-by-CELAR-2.jpg\",\"width\":1080,\"height\":1080},{\"@type\":\"BreadcrumbList\",\"@id\":\"https:\/\/inspiratio.ro\/produs\/cel-cutie-cadou-palinca-250-ml-si-doua-cescute-traditionale\/#breadcrumb\",\"itemListElement\":[{\"@type\":\"ListItem\",\"position\":1,\"name\":\"Shop\",\"item\":\"https:\/\/inspiratio.ro\/magazin-cadouri\/\"},{\"@type\":\"ListItem\",\"position\":2,\"name\":\"CEL Cutie cadou Palinca 250 ml \u0219i doua cescute traditionale\"}]},{\"@type\":\"WebSite\",\"@id\":\"https:\/\/inspiratio.ro\/#website\",\"url\":\"https:\/\/inspiratio.ro\/\",\"name\":\"Inspiratio\",\"description\":\"Las\u0103-te purtat de inspira\u021bie\",\"publisher\":{\"@id\":\"https:\/\/inspiratio.ro\/#organization\"},\"potentialAction\":[{\"@type\":\"SearchAction\",\"target\":{\"@type\":\"EntryPoint\",\"urlTemplate\":\"https:\/\/inspiratio.ro\/?s={search_term_string}\"},\"query-input\":{\"@type\":\"PropertyValueSpecification\",\"valueRequired\":true,\"valueName\":\"search_term_string\"}}],\"inLanguage\":\"en-US\"},{\"@type\":\"Organization\",\"@id\":\"https:\/\/inspiratio.ro\/#organization\",\"name\":\"Inspiratio\",\"url\":\"https:\/\/inspiratio.ro\/\",\"logo\":{\"@type\":\"ImageObject\",\"inLanguage\":\"en-US\",\"@id\":\"https:\/\/inspiratio.ro\/#\/schema\/logo\/image\/\",\"url\":\"https:\/\/inspiratio.ro\/wp-content\/uploads\/2020\/06\/logo-inspiratio.png\",\"contentUrl\":\"https:\/\/inspiratio.ro\/wp-content\/uploads\/2020\/06\/logo-inspiratio.png\",\"width\":232,\"height\":209,\"caption\":\"Inspiratio\"},\"image\":{\"@id\":\"https:\/\/inspiratio.ro\/#\/schema\/logo\/image\/\"},\"sameAs\":[\"https:\/\/www.facebook.com\/inspiratiogiftstudio\/\",\"https:\/\/www.instagram.com\/inspiratio_giftstudio\/\"]}]}<\/script>\n<!-- \/ Yoast SEO plugin. -->","yoast_head_json":{"title":"CEL Cutie cadou Palinca 250 ml \u0219i doua cescute traditionale - Inspiratio","robots":{"index":"index","follow":"follow","max-snippet":"max-snippet:-1","max-image-preview":"max-image-preview:large","max-video-preview":"max-video-preview:-1"},"canonical":"https:\/\/inspiratio.ro\/produs\/cel-cutie-cadou-palinca-250-ml-si-doua-cescute-traditionale\/","og_locale":"en_US","og_type":"article","og_title":"CEL Cutie cadou Palinca 250 ml \u0219i doua cescute traditionale - Inspiratio","og_description":"Un cadou artizanal potrivit pentru cei care apreciaz\u0103 adev\u0103ratul gust al b\u0103uturilor autentice rom\u00e2ne\u0219ti. Cutia cadou con\u021bine Cutie din lemn cu dimensiunea aproximativ\u0103: 21 x 16 x 8.5 cm 1 Sticlu\u021b\u0103 de 250ml cu P\u0103linc\u0103 Premium 100% Natural\u0103, de 50% concentra\u021bie alcoolic\u0103 2 Ce\u0219cu\u021be tradi\u021bionale din ceramic\u0103 de Baia Mare cu volumul aproximativ de 50ml. [&hellip;]","og_url":"https:\/\/inspiratio.ro\/produs\/cel-cutie-cadou-palinca-250-ml-si-doua-cescute-traditionale\/","og_site_name":"Inspiratio","article_publisher":"https:\/\/www.facebook.com\/inspiratiogiftstudio\/","article_modified_time":"2024-05-29T10:02:27+00:00","og_image":[{"width":1080,"height":1080,"url":"https:\/\/inspiratio.ro\/wp-content\/uploads\/2022\/02\/Cutie-cadou-Palinca-250ml-50-alc.-by-CELAR-2.jpg","type":"image\/jpeg"}],"twitter_card":"summary_large_image","twitter_misc":{"Est. reading time":"2 minutes"},"schema":{"@context":"https:\/\/schema.org","@graph":[{"@type":"WebPage","@id":"https:\/\/inspiratio.ro\/produs\/cel-cutie-cadou-palinca-250-ml-si-doua-cescute-traditionale\/","url":"https:\/\/inspiratio.ro\/produs\/cel-cutie-cadou-palinca-250-ml-si-doua-cescute-traditionale\/","name":"CEL Cutie cadou Palinca 250 ml \u0219i doua cescute traditionale - Inspiratio","isPartOf":{"@id":"https:\/\/inspiratio.ro\/#website"},"primaryImageOfPage":{"@id":"https:\/\/inspiratio.ro\/produs\/cel-cutie-cadou-palinca-250-ml-si-doua-cescute-traditionale\/#primaryimage"},"image":{"@id":"https:\/\/inspiratio.ro\/produs\/cel-cutie-cadou-palinca-250-ml-si-doua-cescute-traditionale\/#primaryimage"},"thumbnailUrl":"https:\/\/inspiratio.ro\/wp-content\/uploads\/2022\/02\/Cutie-cadou-Palinca-250ml-50-alc.-by-CELAR-2.jpg","datePublished":"2022-02-07T14:54:16+00:00","dateModified":"2024-05-29T10:02:27+00:00","breadcrumb":{"@id":"https:\/\/inspiratio.ro\/produs\/cel-cutie-cadou-palinca-250-ml-si-doua-cescute-traditionale\/#breadcrumb"},"inLanguage":"en-US","potentialAction":[{"@type":"ReadAction","target":["https:\/\/inspiratio.ro\/produs\/cel-cutie-cadou-palinca-250-ml-si-doua-cescute-traditionale\/"]}]},{"@type":"ImageObject","inLanguage":"en-US","@id":"https:\/\/inspiratio.ro\/produs\/cel-cutie-cadou-palinca-250-ml-si-doua-cescute-traditionale\/#primaryimage","url":"https:\/\/inspiratio.ro\/wp-content\/uploads\/2022\/02\/Cutie-cadou-Palinca-250ml-50-alc.-by-CELAR-2.jpg","contentUrl":"https:\/\/inspiratio.ro\/wp-content\/uploads\/2022\/02\/Cutie-cadou-Palinca-250ml-50-alc.-by-CELAR-2.jpg","width":1080,"height":1080},{"@type":"BreadcrumbList","@id":"https:\/\/inspiratio.ro\/produs\/cel-cutie-cadou-palinca-250-ml-si-doua-cescute-traditionale\/#breadcrumb","itemListElement":[{"@type":"ListItem","position":1,"name":"Shop","item":"https:\/\/inspiratio.ro\/magazin-cadouri\/"},{"@type":"ListItem","position":2,"name":"CEL Cutie cadou Palinca 250 ml \u0219i doua cescute traditionale"}]},{"@type":"WebSite","@id":"https:\/\/inspiratio.ro\/#website","url":"https:\/\/inspiratio.ro\/","name":"Inspiratio","description":"Las\u0103-te purtat de inspira\u021bie","publisher":{"@id":"https:\/\/inspiratio.ro\/#organization"},"potentialAction":[{"@type":"SearchAction","target":{"@type":"EntryPoint","urlTemplate":"https:\/\/inspiratio.ro\/?s={search_term_string}"},"query-input":{"@type":"PropertyValueSpecification","valueRequired":true,"valueName":"search_term_string"}}],"inLanguage":"en-US"},{"@type":"Organization","@id":"https:\/\/inspiratio.ro\/#organization","name":"Inspiratio","url":"https:\/\/inspiratio.ro\/","logo":{"@type":"ImageObject","inLanguage":"en-US","@id":"https:\/\/inspiratio.ro\/#\/schema\/logo\/image\/","url":"https:\/\/inspiratio.ro\/wp-content\/uploads\/2020\/06\/logo-inspiratio.png","contentUrl":"https:\/\/inspiratio.ro\/wp-content\/uploads\/2020\/06\/logo-inspiratio.png","width":232,"height":209,"caption":"Inspiratio"},"image":{"@id":"https:\/\/inspiratio.ro\/#\/schema\/logo\/image\/"},"sameAs":["https:\/\/www.facebook.com\/inspiratiogiftstudio\/","https:\/\/www.instagram.com\/inspiratio_giftstudio\/"]}]}},"brands":[{"id":128,"name":"Celar","slug":"celar"}],"_links":{"self":[{"href":"https:\/\/inspiratio.ro\/en\/wp-json\/wp\/v2\/product\/3949","targetHints":{"allow":["GET"]}}],"collection":[{"href":"https:\/\/inspiratio.ro\/en\/wp-json\/wp\/v2\/product"}],"about":[{"href":"https:\/\/inspiratio.ro\/en\/wp-json\/wp\/v2\/types\/product"}],"replies":[{"embeddable":true,"href":"https:\/\/inspiratio.ro\/en\/wp-json\/wp\/v2\/comments?post=3949"}],"wp:featuredmedia":[{"embeddable":true,"href":"https:\/\/inspiratio.ro\/en\/wp-json\/wp\/v2\/media\/3950"}],"wp:attachment":[{"href":"https:\/\/inspiratio.ro\/en\/wp-json\/wp\/v2\/media?parent=3949"}],"wp:term":[{"taxonomy":"pwb-brand","embeddable":true,"href":"https:\/\/inspiratio.ro\/en\/wp-json\/wp\/v2\/pwb-brand?post=3949"},{"taxonomy":"product_brand","embeddable":true,"href":"https:\/\/inspiratio.ro\/en\/wp-json\/wp\/v2\/product_brand?post=3949"},{"taxonomy":"product_cat","embeddable":true,"href":"https:\/\/inspiratio.ro\/en\/wp-json\/wp\/v2\/product_cat?post=3949"},{"taxonomy":"product_tag","embeddable":true,"href":"https:\/\/inspiratio.ro\/en\/wp-json\/wp\/v2\/product_tag?post=3949"}],"curies":[{"name":"wp","href":"https:\/\/api.w.org\/{rel}","templated":true}]}}