{"id":3866,"date":"2021-07-22T20:10:23","date_gmt":"2021-07-22T17:10:23","guid":{"rendered":"https:\/\/inspiratio.ro\/?post_type=product&#038;p=3866"},"modified":"2025-07-30T16:22:51","modified_gmt":"2025-07-30T13:22:51","slug":"album-foto-romania-salbatica","status":"publish","type":"product","link":"https:\/\/inspiratio.ro\/en\/produs\/album-foto-romania-salbatica\/","title":{"rendered":"Album de fotografie Rom\u00e2nia S\u0103lbatic\u0103"},"content":{"rendered":"<p>Albumul foto ROM\u00c2NIA S\u0102LBATIC\u0102 s-a compus \u00een decursul a 10 ani \u0219i cuprinde peisaje \u0219i momente unice surprinse \u00een 28 de arii naturale protejate.<br \/>\nPeste 45.000 de km parcur\u0219i cu ma\u0219ina \u0219i sute de kilometrii parcur\u0219i pe jos.<\/p>\n<p>Albumul este un cadou deosebit pentru cei mici \u0219i cei mari, cei ce \u00eendr\u0103gesc natura \u0219i nu numai. El poate fi terapie pentru ochi \u0219i suflet, a\u0219adar v\u0103 invit\u0103m s\u0103 porni\u021bi \u00eentr-o c\u0103l\u0103torie pe poteci neumblate.<br \/>\n\u00cen Bra\u0219ov exclusiv, \u00een Giftstudio INSPIRATIO!<\/p>\n<p>La INSPIRATIO, stocurile sunt mereu reduse, pentru c\u0103 lucr\u0103m cu artizani \u0219i designeri care manufactureaz\u0103 fiecare produs \u00een parte. A\u0219adar, v\u0103 mul\u021bumim de pe acum c\u0103 ne permite\u021bi s\u0103 v\u0103 contact\u0103m, \u00een cazul \u00een care produsele din pachet nu sunt momentan pe stoc sau unde poate avem \u0219i alte op\u021biuni.<\/p>\n<p>Pachetele-cadou vor fi ambalate \u00een cutii de carton \u0219i \u00een h\u00e2rtie de ambalat. V\u0103 vom ruga s\u0103 ne specifica\u021bi\u00a0dac\u0103 dori\u021bi s\u0103 ad\u0103ug\u0103m o felicitare, pe care o putem scrie pentru voi, astfel \u00eenc\u00e2t pachetul ales s\u0103 devin\u0103 cea mai frumoas\u0103 surpriz\u0103.<\/p>\n","protected":false},"excerpt":{"rendered":"<p>Albumul foto ROM\u00c2NIA S\u0102LBATIC\u0102 s-a compus \u00een decursul a 10 ani \u0219i cuprinde peisaje \u0219i momente unice surprinse \u00een 28 de arii naturale protejate. Peste 45.000 de km parcur\u0219i cu ma\u0219ina \u0219i sute de kilometrii parcur\u0219i pe jos. Albumul este un cadou deosebit pentru cei mici \u0219i cei mari, cei ce \u00eendr\u0103gesc natura \u0219i nu [&hellip;]<\/p>\n","protected":false},"featured_media":3868,"comment_status":"open","ping_status":"closed","template":"","meta":[],"pwb-brand":[],"product_brand":[],"product_cat":[116,88,71],"product_tag":[],"class_list":{"0":"post-3866","1":"product","2":"type-product","3":"status-publish","4":"has-post-thumbnail","6":"product_cat-seturi-cadou","7":"product_cat-categorie-carte","8":"product_cat-carte","10":"first","11":"instock","12":"taxable","13":"shipping-taxable","14":"purchasable","15":"product-type-simple"},"yoast_head":"<!-- This site is optimized with the Yoast SEO plugin v26.9 - https:\/\/yoast.com\/product\/yoast-seo-wordpress\/ -->\n<title>DAN Album de fotografie Rom\u00e2nia S\u0103lbatic\u0103<\/title>\n<meta name=\"description\" content=\"Peste 45.000 de km parcur\u0219i cu ma\u0219ina \u0219i sute de kilometrii parcur\u0219i pe jos, timp de 10 ani - a\u0219a a luat na\u0219tere Albumul ROM\u00c2NIA S\u0102LBATIC\u0102\" \/>\n<meta name=\"robots\" content=\"index, follow, max-snippet:-1, max-image-preview:large, max-video-preview:-1\" \/>\n<link rel=\"canonical\" href=\"https:\/\/inspiratio.ro\/produs\/album-foto-romania-salbatica\/\" \/>\n<meta property=\"og:locale\" content=\"en_US\" \/>\n<meta property=\"og:type\" content=\"article\" \/>\n<meta property=\"og:title\" content=\"DAN Album de fotografie Rom\u00e2nia S\u0103lbatic\u0103\" \/>\n<meta property=\"og:description\" content=\"Peste 45.000 de km parcur\u0219i cu ma\u0219ina \u0219i sute de kilometrii parcur\u0219i pe jos, timp de 10 ani - a\u0219a a luat na\u0219tere Albumul ROM\u00c2NIA S\u0102LBATIC\u0102\" \/>\n<meta property=\"og:url\" content=\"https:\/\/inspiratio.ro\/produs\/album-foto-romania-salbatica\/\" \/>\n<meta property=\"og:site_name\" content=\"Inspiratio\" \/>\n<meta property=\"article:publisher\" content=\"https:\/\/www.facebook.com\/inspiratiogiftstudio\/\" \/>\n<meta property=\"article:modified_time\" content=\"2025-07-30T13:22:51+00:00\" \/>\n<meta property=\"og:image\" content=\"https:\/\/inspiratio.ro\/wp-content\/uploads\/2021\/07\/Image-22.07.2021-at-19.55.jpeg\" \/>\n\t<meta property=\"og:image:width\" content=\"1115\" \/>\n\t<meta property=\"og:image:height\" content=\"708\" \/>\n\t<meta property=\"og:image:type\" content=\"image\/jpeg\" \/>\n<meta name=\"twitter:card\" content=\"summary_large_image\" \/>\n<meta name=\"twitter:label1\" content=\"Est. reading time\" \/>\n\t<meta name=\"twitter:data1\" content=\"2 minutes\" \/>\n<script type=\"application\/ld+json\" class=\"yoast-schema-graph\">{\"@context\":\"https:\/\/schema.org\",\"@graph\":[{\"@type\":\"WebPage\",\"@id\":\"https:\/\/inspiratio.ro\/produs\/album-foto-romania-salbatica\/\",\"url\":\"https:\/\/inspiratio.ro\/produs\/album-foto-romania-salbatica\/\",\"name\":\"DAN Album de fotografie Rom\u00e2nia S\u0103lbatic\u0103\",\"isPartOf\":{\"@id\":\"https:\/\/inspiratio.ro\/#website\"},\"primaryImageOfPage\":{\"@id\":\"https:\/\/inspiratio.ro\/produs\/album-foto-romania-salbatica\/#primaryimage\"},\"image\":{\"@id\":\"https:\/\/inspiratio.ro\/produs\/album-foto-romania-salbatica\/#primaryimage\"},\"thumbnailUrl\":\"https:\/\/inspiratio.ro\/wp-content\/uploads\/2021\/07\/Image-22.07.2021-at-19.55.jpeg\",\"datePublished\":\"2021-07-22T17:10:23+00:00\",\"dateModified\":\"2025-07-30T13:22:51+00:00\",\"description\":\"Peste 45.000 de km parcur\u0219i cu ma\u0219ina \u0219i sute de kilometrii parcur\u0219i pe jos, timp de 10 ani - a\u0219a a luat na\u0219tere Albumul ROM\u00c2NIA S\u0102LBATIC\u0102\",\"breadcrumb\":{\"@id\":\"https:\/\/inspiratio.ro\/produs\/album-foto-romania-salbatica\/#breadcrumb\"},\"inLanguage\":\"en-US\",\"potentialAction\":[{\"@type\":\"ReadAction\",\"target\":[\"https:\/\/inspiratio.ro\/produs\/album-foto-romania-salbatica\/\"]}]},{\"@type\":\"ImageObject\",\"inLanguage\":\"en-US\",\"@id\":\"https:\/\/inspiratio.ro\/produs\/album-foto-romania-salbatica\/#primaryimage\",\"url\":\"https:\/\/inspiratio.ro\/wp-content\/uploads\/2021\/07\/Image-22.07.2021-at-19.55.jpeg\",\"contentUrl\":\"https:\/\/inspiratio.ro\/wp-content\/uploads\/2021\/07\/Image-22.07.2021-at-19.55.jpeg\",\"width\":1115,\"height\":708,\"caption\":\"Album foto Romania salbatica\"},{\"@type\":\"BreadcrumbList\",\"@id\":\"https:\/\/inspiratio.ro\/produs\/album-foto-romania-salbatica\/#breadcrumb\",\"itemListElement\":[{\"@type\":\"ListItem\",\"position\":1,\"name\":\"Shop\",\"item\":\"https:\/\/inspiratio.ro\/magazin-cadouri\/\"},{\"@type\":\"ListItem\",\"position\":2,\"name\":\"DAN Album de fotografie Rom\u00e2nia S\u0103lbatic\u0103\"}]},{\"@type\":\"WebSite\",\"@id\":\"https:\/\/inspiratio.ro\/#website\",\"url\":\"https:\/\/inspiratio.ro\/\",\"name\":\"Inspiratio\",\"description\":\"Las\u0103-te purtat de inspira\u021bie\",\"publisher\":{\"@id\":\"https:\/\/inspiratio.ro\/#organization\"},\"potentialAction\":[{\"@type\":\"SearchAction\",\"target\":{\"@type\":\"EntryPoint\",\"urlTemplate\":\"https:\/\/inspiratio.ro\/?s={search_term_string}\"},\"query-input\":{\"@type\":\"PropertyValueSpecification\",\"valueRequired\":true,\"valueName\":\"search_term_string\"}}],\"inLanguage\":\"en-US\"},{\"@type\":\"Organization\",\"@id\":\"https:\/\/inspiratio.ro\/#organization\",\"name\":\"Inspiratio\",\"url\":\"https:\/\/inspiratio.ro\/\",\"logo\":{\"@type\":\"ImageObject\",\"inLanguage\":\"en-US\",\"@id\":\"https:\/\/inspiratio.ro\/#\/schema\/logo\/image\/\",\"url\":\"https:\/\/inspiratio.ro\/wp-content\/uploads\/2020\/06\/logo-inspiratio.png\",\"contentUrl\":\"https:\/\/inspiratio.ro\/wp-content\/uploads\/2020\/06\/logo-inspiratio.png\",\"width\":232,\"height\":209,\"caption\":\"Inspiratio\"},\"image\":{\"@id\":\"https:\/\/inspiratio.ro\/#\/schema\/logo\/image\/\"},\"sameAs\":[\"https:\/\/www.facebook.com\/inspiratiogiftstudio\/\",\"https:\/\/www.instagram.com\/inspiratio_giftstudio\/\"]}]}<\/script>\n<!-- \/ Yoast SEO plugin. -->","yoast_head_json":{"title":"DAN Album de fotografie Rom\u00e2nia S\u0103lbatic\u0103","description":"Peste 45.000 de km parcur\u0219i cu ma\u0219ina \u0219i sute de kilometrii parcur\u0219i pe jos, timp de 10 ani - a\u0219a a luat na\u0219tere Albumul ROM\u00c2NIA S\u0102LBATIC\u0102","robots":{"index":"index","follow":"follow","max-snippet":"max-snippet:-1","max-image-preview":"max-image-preview:large","max-video-preview":"max-video-preview:-1"},"canonical":"https:\/\/inspiratio.ro\/produs\/album-foto-romania-salbatica\/","og_locale":"en_US","og_type":"article","og_title":"DAN Album de fotografie Rom\u00e2nia S\u0103lbatic\u0103","og_description":"Peste 45.000 de km parcur\u0219i cu ma\u0219ina \u0219i sute de kilometrii parcur\u0219i pe jos, timp de 10 ani - a\u0219a a luat na\u0219tere Albumul ROM\u00c2NIA S\u0102LBATIC\u0102","og_url":"https:\/\/inspiratio.ro\/produs\/album-foto-romania-salbatica\/","og_site_name":"Inspiratio","article_publisher":"https:\/\/www.facebook.com\/inspiratiogiftstudio\/","article_modified_time":"2025-07-30T13:22:51+00:00","og_image":[{"width":1115,"height":708,"url":"https:\/\/inspiratio.ro\/wp-content\/uploads\/2021\/07\/Image-22.07.2021-at-19.55.jpeg","type":"image\/jpeg"}],"twitter_card":"summary_large_image","twitter_misc":{"Est. reading time":"2 minutes"},"schema":{"@context":"https:\/\/schema.org","@graph":[{"@type":"WebPage","@id":"https:\/\/inspiratio.ro\/produs\/album-foto-romania-salbatica\/","url":"https:\/\/inspiratio.ro\/produs\/album-foto-romania-salbatica\/","name":"DAN Album de fotografie Rom\u00e2nia S\u0103lbatic\u0103","isPartOf":{"@id":"https:\/\/inspiratio.ro\/#website"},"primaryImageOfPage":{"@id":"https:\/\/inspiratio.ro\/produs\/album-foto-romania-salbatica\/#primaryimage"},"image":{"@id":"https:\/\/inspiratio.ro\/produs\/album-foto-romania-salbatica\/#primaryimage"},"thumbnailUrl":"https:\/\/inspiratio.ro\/wp-content\/uploads\/2021\/07\/Image-22.07.2021-at-19.55.jpeg","datePublished":"2021-07-22T17:10:23+00:00","dateModified":"2025-07-30T13:22:51+00:00","description":"Peste 45.000 de km parcur\u0219i cu ma\u0219ina \u0219i sute de kilometrii parcur\u0219i pe jos, timp de 10 ani - a\u0219a a luat na\u0219tere Albumul ROM\u00c2NIA S\u0102LBATIC\u0102","breadcrumb":{"@id":"https:\/\/inspiratio.ro\/produs\/album-foto-romania-salbatica\/#breadcrumb"},"inLanguage":"en-US","potentialAction":[{"@type":"ReadAction","target":["https:\/\/inspiratio.ro\/produs\/album-foto-romania-salbatica\/"]}]},{"@type":"ImageObject","inLanguage":"en-US","@id":"https:\/\/inspiratio.ro\/produs\/album-foto-romania-salbatica\/#primaryimage","url":"https:\/\/inspiratio.ro\/wp-content\/uploads\/2021\/07\/Image-22.07.2021-at-19.55.jpeg","contentUrl":"https:\/\/inspiratio.ro\/wp-content\/uploads\/2021\/07\/Image-22.07.2021-at-19.55.jpeg","width":1115,"height":708,"caption":"Album foto Romania salbatica"},{"@type":"BreadcrumbList","@id":"https:\/\/inspiratio.ro\/produs\/album-foto-romania-salbatica\/#breadcrumb","itemListElement":[{"@type":"ListItem","position":1,"name":"Shop","item":"https:\/\/inspiratio.ro\/magazin-cadouri\/"},{"@type":"ListItem","position":2,"name":"DAN Album de fotografie Rom\u00e2nia S\u0103lbatic\u0103"}]},{"@type":"WebSite","@id":"https:\/\/inspiratio.ro\/#website","url":"https:\/\/inspiratio.ro\/","name":"Inspiratio","description":"Las\u0103-te purtat de inspira\u021bie","publisher":{"@id":"https:\/\/inspiratio.ro\/#organization"},"potentialAction":[{"@type":"SearchAction","target":{"@type":"EntryPoint","urlTemplate":"https:\/\/inspiratio.ro\/?s={search_term_string}"},"query-input":{"@type":"PropertyValueSpecification","valueRequired":true,"valueName":"search_term_string"}}],"inLanguage":"en-US"},{"@type":"Organization","@id":"https:\/\/inspiratio.ro\/#organization","name":"Inspiratio","url":"https:\/\/inspiratio.ro\/","logo":{"@type":"ImageObject","inLanguage":"en-US","@id":"https:\/\/inspiratio.ro\/#\/schema\/logo\/image\/","url":"https:\/\/inspiratio.ro\/wp-content\/uploads\/2020\/06\/logo-inspiratio.png","contentUrl":"https:\/\/inspiratio.ro\/wp-content\/uploads\/2020\/06\/logo-inspiratio.png","width":232,"height":209,"caption":"Inspiratio"},"image":{"@id":"https:\/\/inspiratio.ro\/#\/schema\/logo\/image\/"},"sameAs":["https:\/\/www.facebook.com\/inspiratiogiftstudio\/","https:\/\/www.instagram.com\/inspiratio_giftstudio\/"]}]}},"brands":[],"_links":{"self":[{"href":"https:\/\/inspiratio.ro\/en\/wp-json\/wp\/v2\/product\/3866","targetHints":{"allow":["GET"]}}],"collection":[{"href":"https:\/\/inspiratio.ro\/en\/wp-json\/wp\/v2\/product"}],"about":[{"href":"https:\/\/inspiratio.ro\/en\/wp-json\/wp\/v2\/types\/product"}],"replies":[{"embeddable":true,"href":"https:\/\/inspiratio.ro\/en\/wp-json\/wp\/v2\/comments?post=3866"}],"wp:featuredmedia":[{"embeddable":true,"href":"https:\/\/inspiratio.ro\/en\/wp-json\/wp\/v2\/media\/3868"}],"wp:attachment":[{"href":"https:\/\/inspiratio.ro\/en\/wp-json\/wp\/v2\/media?parent=3866"}],"wp:term":[{"taxonomy":"pwb-brand","embeddable":true,"href":"https:\/\/inspiratio.ro\/en\/wp-json\/wp\/v2\/pwb-brand?post=3866"},{"taxonomy":"product_brand","embeddable":true,"href":"https:\/\/inspiratio.ro\/en\/wp-json\/wp\/v2\/product_brand?post=3866"},{"taxonomy":"product_cat","embeddable":true,"href":"https:\/\/inspiratio.ro\/en\/wp-json\/wp\/v2\/product_cat?post=3866"},{"taxonomy":"product_tag","embeddable":true,"href":"https:\/\/inspiratio.ro\/en\/wp-json\/wp\/v2\/product_tag?post=3866"}],"curies":[{"name":"wp","href":"https:\/\/api.w.org\/{rel}","templated":true}]}}