{"id":3785,"date":"2021-04-29T13:00:19","date_gmt":"2021-04-29T13:00:19","guid":{"rendered":"https:\/\/inspiratio.ro\/?post_type=product&#038;p=3785"},"modified":"2025-12-02T18:54:49","modified_gmt":"2025-12-02T16:54:49","slug":"set-cadou-exploratorul-urban","status":"publish","type":"product","link":"https:\/\/inspiratio.ro\/en\/produs\/set-cadou-exploratorul-urban\/","title":{"rendered":"cadou \u201dExploratorul urban\u201d"},"content":{"rendered":"<p>El este! Vesel, colorat, dar \u00een acela\u0219i timp clasic \u0219i stilat. Pentru exploratorul urban, fie acesta un el, sau o ea, plin(\u0103) de g\u00e2nduri nostime, idei m\u0103re\u021be, umor \u0219i talent, am preg\u0103tit cadoul perfect.<\/p>\n<p>Setul cadou \u201dExploratorul urban\u201d con\u021bine:<\/p>\n<ul>\n<li>o borset\u0103 clasic\u0103 de la <a href=\"https:\/\/barabas.design\/ro\/termekkategoria\/penztarcak\/page\/4\/\">Barabas Design<\/a>;<\/li>\n<li>un set de trei jocuri logice, din Einstein Collection \u2013 E = mc2 metal puzzle, de la Professor Puzzle;<\/li>\n<li>o ciocolat\u0103 cu lapte, bean to bar, cu 50% cacao, de la <a href=\"https:\/\/kokowa.ro\/?srsltid=AfmBOorUH8xrzv7ES1eTrgnwwHgybArOebOZXxKcz8nRmFag5RfhO9Y3\">Kokowa<\/a>.<\/li>\n<\/ul>\n<div>\n<p>La INSPIRATIO, stocurile sunt mereu reduse, pentru c\u0103 lucr\u0103m cu artizani \u0219i designeri care manufactureaz\u0103 fiecare produs \u00een parte. A\u0219adar, v\u0103 mul\u021bumim de pe acum c\u0103 ne permite\u021bi s\u0103 v\u0103 contact\u0103m, \u00een cazul \u00een care produsele din pachet nu sunt momentan pe stoc sau unde poate avem \u0219i alte op\u021biuni.<\/p>\n<p>Pachetele-cadou vor fi ambalate \u00een cutii de carton \u0219i \u00een h\u00e2rtie de ambalat. V\u0103 vom ruga s\u0103 ne specifica\u021bi\u00a0dac\u0103 dori\u021bi s\u0103 ad\u0103ug\u0103m o felicitare, pe care o putem scrie pentru voi, astfel \u00eenc\u00e2t pachetul ales s\u0103 devin\u0103 cea mai frumoas\u0103 surpriz\u0103.<\/p>\n<\/div>\n","protected":false},"excerpt":{"rendered":"<p>El este! Vesel, colorat, dar \u00een acela\u0219i timp clasic \u0219i stilat. Pentru exploratorul urban, fie acesta un el, sau o ea, plin(\u0103) de g\u00e2nduri nostime, idei m\u0103re\u021be, umor \u0219i talent, am preg\u0103tit cadoul perfect. Setul cadou \u201dExploratorul urban\u201d con\u021bine: o borset\u0103 clasic\u0103 de la Barabas Design; un set de trei jocuri logice, din Einstein Collection [&hellip;]<\/p>\n","protected":false},"featured_media":10284,"comment_status":"open","ping_status":"closed","template":"","meta":[],"pwb-brand":[],"product_brand":[],"product_cat":[116],"product_tag":[264],"class_list":{"0":"post-3785","1":"product","2":"type-product","3":"status-publish","4":"has-post-thumbnail","6":"product_cat-seturi-cadou","7":"product_tag-cadou","9":"first","10":"instock","11":"featured","12":"taxable","13":"shipping-taxable","14":"purchasable","15":"product-type-simple"},"yoast_head":"<!-- This site is optimized with the Yoast SEO plugin v26.9 - https:\/\/yoast.com\/product\/yoast-seo-wordpress\/ -->\n<title>Set cadou \u201dExploratorul urban\u201d - Inspiratio Set cadou exploratorul urban<\/title>\n<meta name=\"description\" content=\"Pentru exploratorul urban, fie acesta un el, sau o ea, plin(\u0103) de g\u00e2nduri nostime, idei m\u0103re\u021be, umor \u0219i talent, am preg\u0103tit cadoul perfect.\" \/>\n<meta name=\"robots\" content=\"index, follow, max-snippet:-1, max-image-preview:large, max-video-preview:-1\" \/>\n<link rel=\"canonical\" href=\"https:\/\/inspiratio.ro\/produs\/set-cadou-exploratorul-urban\/\" \/>\n<meta property=\"og:locale\" content=\"en_US\" \/>\n<meta property=\"og:type\" content=\"article\" \/>\n<meta property=\"og:title\" content=\"Set cadou \u201dExploratorul urban\u201d - Inspiratio Set cadou exploratorul urban\" \/>\n<meta property=\"og:description\" content=\"Pentru exploratorul urban, fie acesta un el, sau o ea, plin(\u0103) de g\u00e2nduri nostime, idei m\u0103re\u021be, umor \u0219i talent, am preg\u0103tit cadoul perfect.\" \/>\n<meta property=\"og:url\" content=\"https:\/\/inspiratio.ro\/produs\/set-cadou-exploratorul-urban\/\" \/>\n<meta property=\"og:site_name\" content=\"Inspiratio\" \/>\n<meta property=\"article:publisher\" content=\"https:\/\/www.facebook.com\/inspiratiogiftstudio\/\" \/>\n<meta property=\"article:modified_time\" content=\"2025-12-02T16:54:49+00:00\" \/>\n<meta property=\"og:image\" content=\"https:\/\/inspiratio.ro\/wp-content\/uploads\/2021\/04\/IMG_0313-scaled.jpeg\" \/>\n\t<meta property=\"og:image:width\" content=\"2048\" \/>\n\t<meta property=\"og:image:height\" content=\"2560\" \/>\n\t<meta property=\"og:image:type\" content=\"image\/jpeg\" \/>\n<meta name=\"twitter:card\" content=\"summary_large_image\" \/>\n<meta name=\"twitter:label1\" content=\"Est. reading time\" \/>\n\t<meta name=\"twitter:data1\" content=\"2 minutes\" \/>\n<script type=\"application\/ld+json\" class=\"yoast-schema-graph\">{\"@context\":\"https:\/\/schema.org\",\"@graph\":[{\"@type\":\"WebPage\",\"@id\":\"https:\/\/inspiratio.ro\/produs\/set-cadou-exploratorul-urban\/\",\"url\":\"https:\/\/inspiratio.ro\/produs\/set-cadou-exploratorul-urban\/\",\"name\":\"Set cadou \u201dExploratorul urban\u201d - Inspiratio Set cadou exploratorul urban\",\"isPartOf\":{\"@id\":\"https:\/\/inspiratio.ro\/#website\"},\"primaryImageOfPage\":{\"@id\":\"https:\/\/inspiratio.ro\/produs\/set-cadou-exploratorul-urban\/#primaryimage\"},\"image\":{\"@id\":\"https:\/\/inspiratio.ro\/produs\/set-cadou-exploratorul-urban\/#primaryimage\"},\"thumbnailUrl\":\"https:\/\/inspiratio.ro\/wp-content\/uploads\/2021\/04\/IMG_0313-scaled.jpeg\",\"datePublished\":\"2021-04-29T13:00:19+00:00\",\"dateModified\":\"2025-12-02T16:54:49+00:00\",\"description\":\"Pentru exploratorul urban, fie acesta un el, sau o ea, plin(\u0103) de g\u00e2nduri nostime, idei m\u0103re\u021be, umor \u0219i talent, am preg\u0103tit cadoul perfect.\",\"breadcrumb\":{\"@id\":\"https:\/\/inspiratio.ro\/produs\/set-cadou-exploratorul-urban\/#breadcrumb\"},\"inLanguage\":\"en-US\",\"potentialAction\":[{\"@type\":\"ReadAction\",\"target\":[\"https:\/\/inspiratio.ro\/produs\/set-cadou-exploratorul-urban\/\"]}]},{\"@type\":\"ImageObject\",\"inLanguage\":\"en-US\",\"@id\":\"https:\/\/inspiratio.ro\/produs\/set-cadou-exploratorul-urban\/#primaryimage\",\"url\":\"https:\/\/inspiratio.ro\/wp-content\/uploads\/2021\/04\/IMG_0313-scaled.jpeg\",\"contentUrl\":\"https:\/\/inspiratio.ro\/wp-content\/uploads\/2021\/04\/IMG_0313-scaled.jpeg\",\"width\":2048,\"height\":2560},{\"@type\":\"BreadcrumbList\",\"@id\":\"https:\/\/inspiratio.ro\/produs\/set-cadou-exploratorul-urban\/#breadcrumb\",\"itemListElement\":[{\"@type\":\"ListItem\",\"position\":1,\"name\":\"Shop\",\"item\":\"https:\/\/inspiratio.ro\/magazin-cadouri\/\"},{\"@type\":\"ListItem\",\"position\":2,\"name\":\"Set cadou \u201dExploratorul urban\u201d\"}]},{\"@type\":\"WebSite\",\"@id\":\"https:\/\/inspiratio.ro\/#website\",\"url\":\"https:\/\/inspiratio.ro\/\",\"name\":\"Inspiratio\",\"description\":\"Las\u0103-te purtat de inspira\u021bie\",\"publisher\":{\"@id\":\"https:\/\/inspiratio.ro\/#organization\"},\"potentialAction\":[{\"@type\":\"SearchAction\",\"target\":{\"@type\":\"EntryPoint\",\"urlTemplate\":\"https:\/\/inspiratio.ro\/?s={search_term_string}\"},\"query-input\":{\"@type\":\"PropertyValueSpecification\",\"valueRequired\":true,\"valueName\":\"search_term_string\"}}],\"inLanguage\":\"en-US\"},{\"@type\":\"Organization\",\"@id\":\"https:\/\/inspiratio.ro\/#organization\",\"name\":\"Inspiratio\",\"url\":\"https:\/\/inspiratio.ro\/\",\"logo\":{\"@type\":\"ImageObject\",\"inLanguage\":\"en-US\",\"@id\":\"https:\/\/inspiratio.ro\/#\/schema\/logo\/image\/\",\"url\":\"https:\/\/inspiratio.ro\/wp-content\/uploads\/2020\/06\/logo-inspiratio.png\",\"contentUrl\":\"https:\/\/inspiratio.ro\/wp-content\/uploads\/2020\/06\/logo-inspiratio.png\",\"width\":232,\"height\":209,\"caption\":\"Inspiratio\"},\"image\":{\"@id\":\"https:\/\/inspiratio.ro\/#\/schema\/logo\/image\/\"},\"sameAs\":[\"https:\/\/www.facebook.com\/inspiratiogiftstudio\/\",\"https:\/\/www.instagram.com\/inspiratio_giftstudio\/\"]}]}<\/script>\n<!-- \/ Yoast SEO plugin. -->","yoast_head_json":{"title":"Set cadou \u201dExploratorul urban\u201d - Inspiratio Set cadou exploratorul urban","description":"Pentru exploratorul urban, fie acesta un el, sau o ea, plin(\u0103) de g\u00e2nduri nostime, idei m\u0103re\u021be, umor \u0219i talent, am preg\u0103tit cadoul perfect.","robots":{"index":"index","follow":"follow","max-snippet":"max-snippet:-1","max-image-preview":"max-image-preview:large","max-video-preview":"max-video-preview:-1"},"canonical":"https:\/\/inspiratio.ro\/produs\/set-cadou-exploratorul-urban\/","og_locale":"en_US","og_type":"article","og_title":"Set cadou \u201dExploratorul urban\u201d - Inspiratio Set cadou exploratorul urban","og_description":"Pentru exploratorul urban, fie acesta un el, sau o ea, plin(\u0103) de g\u00e2nduri nostime, idei m\u0103re\u021be, umor \u0219i talent, am preg\u0103tit cadoul perfect.","og_url":"https:\/\/inspiratio.ro\/produs\/set-cadou-exploratorul-urban\/","og_site_name":"Inspiratio","article_publisher":"https:\/\/www.facebook.com\/inspiratiogiftstudio\/","article_modified_time":"2025-12-02T16:54:49+00:00","og_image":[{"width":2048,"height":2560,"url":"https:\/\/inspiratio.ro\/wp-content\/uploads\/2021\/04\/IMG_0313-scaled.jpeg","type":"image\/jpeg"}],"twitter_card":"summary_large_image","twitter_misc":{"Est. reading time":"2 minutes"},"schema":{"@context":"https:\/\/schema.org","@graph":[{"@type":"WebPage","@id":"https:\/\/inspiratio.ro\/produs\/set-cadou-exploratorul-urban\/","url":"https:\/\/inspiratio.ro\/produs\/set-cadou-exploratorul-urban\/","name":"Set cadou \u201dExploratorul urban\u201d - Inspiratio Set cadou exploratorul urban","isPartOf":{"@id":"https:\/\/inspiratio.ro\/#website"},"primaryImageOfPage":{"@id":"https:\/\/inspiratio.ro\/produs\/set-cadou-exploratorul-urban\/#primaryimage"},"image":{"@id":"https:\/\/inspiratio.ro\/produs\/set-cadou-exploratorul-urban\/#primaryimage"},"thumbnailUrl":"https:\/\/inspiratio.ro\/wp-content\/uploads\/2021\/04\/IMG_0313-scaled.jpeg","datePublished":"2021-04-29T13:00:19+00:00","dateModified":"2025-12-02T16:54:49+00:00","description":"Pentru exploratorul urban, fie acesta un el, sau o ea, plin(\u0103) de g\u00e2nduri nostime, idei m\u0103re\u021be, umor \u0219i talent, am preg\u0103tit cadoul perfect.","breadcrumb":{"@id":"https:\/\/inspiratio.ro\/produs\/set-cadou-exploratorul-urban\/#breadcrumb"},"inLanguage":"en-US","potentialAction":[{"@type":"ReadAction","target":["https:\/\/inspiratio.ro\/produs\/set-cadou-exploratorul-urban\/"]}]},{"@type":"ImageObject","inLanguage":"en-US","@id":"https:\/\/inspiratio.ro\/produs\/set-cadou-exploratorul-urban\/#primaryimage","url":"https:\/\/inspiratio.ro\/wp-content\/uploads\/2021\/04\/IMG_0313-scaled.jpeg","contentUrl":"https:\/\/inspiratio.ro\/wp-content\/uploads\/2021\/04\/IMG_0313-scaled.jpeg","width":2048,"height":2560},{"@type":"BreadcrumbList","@id":"https:\/\/inspiratio.ro\/produs\/set-cadou-exploratorul-urban\/#breadcrumb","itemListElement":[{"@type":"ListItem","position":1,"name":"Shop","item":"https:\/\/inspiratio.ro\/magazin-cadouri\/"},{"@type":"ListItem","position":2,"name":"Set cadou \u201dExploratorul urban\u201d"}]},{"@type":"WebSite","@id":"https:\/\/inspiratio.ro\/#website","url":"https:\/\/inspiratio.ro\/","name":"Inspiratio","description":"Las\u0103-te purtat de inspira\u021bie","publisher":{"@id":"https:\/\/inspiratio.ro\/#organization"},"potentialAction":[{"@type":"SearchAction","target":{"@type":"EntryPoint","urlTemplate":"https:\/\/inspiratio.ro\/?s={search_term_string}"},"query-input":{"@type":"PropertyValueSpecification","valueRequired":true,"valueName":"search_term_string"}}],"inLanguage":"en-US"},{"@type":"Organization","@id":"https:\/\/inspiratio.ro\/#organization","name":"Inspiratio","url":"https:\/\/inspiratio.ro\/","logo":{"@type":"ImageObject","inLanguage":"en-US","@id":"https:\/\/inspiratio.ro\/#\/schema\/logo\/image\/","url":"https:\/\/inspiratio.ro\/wp-content\/uploads\/2020\/06\/logo-inspiratio.png","contentUrl":"https:\/\/inspiratio.ro\/wp-content\/uploads\/2020\/06\/logo-inspiratio.png","width":232,"height":209,"caption":"Inspiratio"},"image":{"@id":"https:\/\/inspiratio.ro\/#\/schema\/logo\/image\/"},"sameAs":["https:\/\/www.facebook.com\/inspiratiogiftstudio\/","https:\/\/www.instagram.com\/inspiratio_giftstudio\/"]}]}},"brands":[],"_links":{"self":[{"href":"https:\/\/inspiratio.ro\/en\/wp-json\/wp\/v2\/product\/3785","targetHints":{"allow":["GET"]}}],"collection":[{"href":"https:\/\/inspiratio.ro\/en\/wp-json\/wp\/v2\/product"}],"about":[{"href":"https:\/\/inspiratio.ro\/en\/wp-json\/wp\/v2\/types\/product"}],"replies":[{"embeddable":true,"href":"https:\/\/inspiratio.ro\/en\/wp-json\/wp\/v2\/comments?post=3785"}],"wp:featuredmedia":[{"embeddable":true,"href":"https:\/\/inspiratio.ro\/en\/wp-json\/wp\/v2\/media\/10284"}],"wp:attachment":[{"href":"https:\/\/inspiratio.ro\/en\/wp-json\/wp\/v2\/media?parent=3785"}],"wp:term":[{"taxonomy":"pwb-brand","embeddable":true,"href":"https:\/\/inspiratio.ro\/en\/wp-json\/wp\/v2\/pwb-brand?post=3785"},{"taxonomy":"product_brand","embeddable":true,"href":"https:\/\/inspiratio.ro\/en\/wp-json\/wp\/v2\/product_brand?post=3785"},{"taxonomy":"product_cat","embeddable":true,"href":"https:\/\/inspiratio.ro\/en\/wp-json\/wp\/v2\/product_cat?post=3785"},{"taxonomy":"product_tag","embeddable":true,"href":"https:\/\/inspiratio.ro\/en\/wp-json\/wp\/v2\/product_tag?post=3785"}],"curies":[{"name":"wp","href":"https:\/\/api.w.org\/{rel}","templated":true}]}}