{"id":3772,"date":"2021-04-29T12:48:38","date_gmt":"2021-04-29T12:48:38","guid":{"rendered":"https:\/\/inspiratio.ro\/?post_type=product&#038;p=3772"},"modified":"2025-11-24T15:03:05","modified_gmt":"2025-11-24T13:03:05","slug":"set-cadou-domnisoara-bunny-rosa","status":"publish","type":"product","link":"https:\/\/inspiratio.ro\/en\/produs\/set-cadou-domnisoara-bunny-rosa\/","title":{"rendered":"cadou Domni\u0219oara Bunny-Rosa"},"content":{"rendered":"<p>Pentru domni\u0219oare rafinate, care iubesc prim\u0103vara, s\u0103rb\u0103torile \u0219i surprizele, am preg\u0103tit un cadou simpatic &#8220;Domni\u0219oara Bunny-Rosa&#8221;, compus din:<\/p>\n<ul>\n<li>Un iepura\u0219 de plu\u0219 de la Little Dots Family;<\/li>\n<li>Un joc de c\u0103r\u021bi de memorie cu animale s\u0103lbatice, de la editura Gutenberg;<\/li>\n<li>O felicitare print dup\u0103 o ilustra\u021bie \u00een acuarel\u0103, de la Handeco;<\/li>\n<li>O turt\u0103 dulce artizanal\u0103.<\/li>\n<\/ul>\n<p>La INSPIRATIO, stocurile sunt reduse, pentru c\u0103 lucr\u0103m cu artizani \u0219i designeri care manufactureaz\u0103 fiecare produs \u00een parte. A\u0219adar, v\u0103 mul\u021bumim de pe acum c\u0103 ne permite\u021bi s\u0103 v\u0103 contact\u0103m, \u00een cazul \u00een care produsele din pachet nu sunt momentan pe stoc sau pentru a v\u0103 oferi alternative.<\/p>\n<p>Pachetele-cadou vor fi ambalate \u00een cutii de carton \u0219i \u00een h\u00e2rtie de ambalat. V\u0103 vom ruga s\u0103 ne specifica\u021bi dac\u0103 dori\u021bi s\u0103 ad\u0103ug\u0103m o felicitare, pe care o putem scrie pentru dvs., astfel \u00eenc\u00e2t pachetul ales s\u0103 devin\u0103 cea mai frumoas\u0103 surpriz\u0103.<\/p>\n","protected":false},"excerpt":{"rendered":"<p>Pentru domni\u0219oare rafinate, care iubesc prim\u0103vara, s\u0103rb\u0103torile \u0219i surprizele, am preg\u0103tit un cadou simpatic &#8220;Domni\u0219oara Bunny-Rosa&#8221;, compus din: Un iepura\u0219 de plu\u0219 de la Little Dots Family; Un joc de c\u0103r\u021bi de memorie cu animale s\u0103lbatice, de la editura Gutenberg; O felicitare print dup\u0103 o ilustra\u021bie \u00een acuarel\u0103, de la Handeco; O turt\u0103 dulce artizanal\u0103. [&hellip;]<\/p>\n","protected":false},"featured_media":3773,"comment_status":"open","ping_status":"closed","template":"","meta":[],"pwb-brand":[],"product_brand":[],"product_cat":[116],"product_tag":[],"class_list":{"0":"post-3772","1":"product","2":"type-product","3":"status-publish","4":"has-post-thumbnail","6":"product_cat-seturi-cadou","8":"first","9":"instock","10":"taxable","11":"shipping-taxable","12":"purchasable","13":"product-type-simple"},"yoast_head":"<!-- This site is optimized with the Yoast SEO plugin v26.9 - https:\/\/yoast.com\/product\/yoast-seo-wordpress\/ -->\n<title>Set cadou pentru domni\u0219oare, marca INSPIRATIO<\/title>\n<meta name=\"description\" content=\"Pentru domni\u0219oare simandicoase, care iubesc prim\u0103vara, s\u0103rb\u0103torile \u0219i surprizele, am preg\u0103tit un set cadou simpatic.\" \/>\n<meta name=\"robots\" content=\"index, follow, max-snippet:-1, max-image-preview:large, max-video-preview:-1\" \/>\n<link rel=\"canonical\" href=\"https:\/\/inspiratio.ro\/produs\/set-cadou-domnisoara-bunny-rosa\/\" \/>\n<meta property=\"og:locale\" content=\"en_US\" \/>\n<meta property=\"og:type\" content=\"article\" \/>\n<meta property=\"og:title\" content=\"Set cadou pentru domni\u0219oare, marca INSPIRATIO\" \/>\n<meta property=\"og:description\" content=\"Pentru domni\u0219oare simandicoase, care iubesc prim\u0103vara, s\u0103rb\u0103torile \u0219i surprizele, am preg\u0103tit un set cadou simpatic.\" \/>\n<meta property=\"og:url\" content=\"https:\/\/inspiratio.ro\/produs\/set-cadou-domnisoara-bunny-rosa\/\" \/>\n<meta property=\"og:site_name\" content=\"Inspiratio\" \/>\n<meta property=\"article:publisher\" content=\"https:\/\/www.facebook.com\/inspiratiogiftstudio\/\" \/>\n<meta property=\"article:modified_time\" content=\"2025-11-24T13:03:05+00:00\" \/>\n<meta property=\"og:image\" content=\"https:\/\/inspiratio.ro\/wp-content\/uploads\/2021\/04\/bunny.jpeg\" \/>\n\t<meta property=\"og:image:width\" content=\"1600\" \/>\n\t<meta property=\"og:image:height\" content=\"1600\" \/>\n\t<meta property=\"og:image:type\" content=\"image\/jpeg\" \/>\n<meta name=\"twitter:card\" content=\"summary_large_image\" \/>\n<meta name=\"twitter:label1\" content=\"Est. reading time\" \/>\n\t<meta name=\"twitter:data1\" content=\"1 minute\" \/>\n<script type=\"application\/ld+json\" class=\"yoast-schema-graph\">{\"@context\":\"https:\/\/schema.org\",\"@graph\":[{\"@type\":\"WebPage\",\"@id\":\"https:\/\/inspiratio.ro\/produs\/set-cadou-domnisoara-bunny-rosa\/\",\"url\":\"https:\/\/inspiratio.ro\/produs\/set-cadou-domnisoara-bunny-rosa\/\",\"name\":\"Set cadou pentru domni\u0219oare, marca INSPIRATIO\",\"isPartOf\":{\"@id\":\"https:\/\/inspiratio.ro\/#website\"},\"primaryImageOfPage\":{\"@id\":\"https:\/\/inspiratio.ro\/produs\/set-cadou-domnisoara-bunny-rosa\/#primaryimage\"},\"image\":{\"@id\":\"https:\/\/inspiratio.ro\/produs\/set-cadou-domnisoara-bunny-rosa\/#primaryimage\"},\"thumbnailUrl\":\"https:\/\/inspiratio.ro\/wp-content\/uploads\/2021\/04\/bunny.jpeg\",\"datePublished\":\"2021-04-29T12:48:38+00:00\",\"dateModified\":\"2025-11-24T13:03:05+00:00\",\"description\":\"Pentru domni\u0219oare simandicoase, care iubesc prim\u0103vara, s\u0103rb\u0103torile \u0219i surprizele, am preg\u0103tit un set cadou simpatic.\",\"breadcrumb\":{\"@id\":\"https:\/\/inspiratio.ro\/produs\/set-cadou-domnisoara-bunny-rosa\/#breadcrumb\"},\"inLanguage\":\"en-US\",\"potentialAction\":[{\"@type\":\"ReadAction\",\"target\":[\"https:\/\/inspiratio.ro\/produs\/set-cadou-domnisoara-bunny-rosa\/\"]}]},{\"@type\":\"ImageObject\",\"inLanguage\":\"en-US\",\"@id\":\"https:\/\/inspiratio.ro\/produs\/set-cadou-domnisoara-bunny-rosa\/#primaryimage\",\"url\":\"https:\/\/inspiratio.ro\/wp-content\/uploads\/2021\/04\/bunny.jpeg\",\"contentUrl\":\"https:\/\/inspiratio.ro\/wp-content\/uploads\/2021\/04\/bunny.jpeg\",\"width\":1600,\"height\":1600,\"caption\":\"Set cadou pentru domni\u0219oare\"},{\"@type\":\"BreadcrumbList\",\"@id\":\"https:\/\/inspiratio.ro\/produs\/set-cadou-domnisoara-bunny-rosa\/#breadcrumb\",\"itemListElement\":[{\"@type\":\"ListItem\",\"position\":1,\"name\":\"Shop\",\"item\":\"https:\/\/inspiratio.ro\/magazin-cadouri\/\"},{\"@type\":\"ListItem\",\"position\":2,\"name\":\"Set cadou Domni\u0219oara Bunny-Rosa\"}]},{\"@type\":\"WebSite\",\"@id\":\"https:\/\/inspiratio.ro\/#website\",\"url\":\"https:\/\/inspiratio.ro\/\",\"name\":\"Inspiratio\",\"description\":\"Las\u0103-te purtat de inspira\u021bie\",\"publisher\":{\"@id\":\"https:\/\/inspiratio.ro\/#organization\"},\"potentialAction\":[{\"@type\":\"SearchAction\",\"target\":{\"@type\":\"EntryPoint\",\"urlTemplate\":\"https:\/\/inspiratio.ro\/?s={search_term_string}\"},\"query-input\":{\"@type\":\"PropertyValueSpecification\",\"valueRequired\":true,\"valueName\":\"search_term_string\"}}],\"inLanguage\":\"en-US\"},{\"@type\":\"Organization\",\"@id\":\"https:\/\/inspiratio.ro\/#organization\",\"name\":\"Inspiratio\",\"url\":\"https:\/\/inspiratio.ro\/\",\"logo\":{\"@type\":\"ImageObject\",\"inLanguage\":\"en-US\",\"@id\":\"https:\/\/inspiratio.ro\/#\/schema\/logo\/image\/\",\"url\":\"https:\/\/inspiratio.ro\/wp-content\/uploads\/2020\/06\/logo-inspiratio.png\",\"contentUrl\":\"https:\/\/inspiratio.ro\/wp-content\/uploads\/2020\/06\/logo-inspiratio.png\",\"width\":232,\"height\":209,\"caption\":\"Inspiratio\"},\"image\":{\"@id\":\"https:\/\/inspiratio.ro\/#\/schema\/logo\/image\/\"},\"sameAs\":[\"https:\/\/www.facebook.com\/inspiratiogiftstudio\/\",\"https:\/\/www.instagram.com\/inspiratio_giftstudio\/\"]}]}<\/script>\n<!-- \/ Yoast SEO plugin. -->","yoast_head_json":{"title":"Set cadou pentru domni\u0219oare, marca INSPIRATIO","description":"Pentru domni\u0219oare simandicoase, care iubesc prim\u0103vara, s\u0103rb\u0103torile \u0219i surprizele, am preg\u0103tit un set cadou simpatic.","robots":{"index":"index","follow":"follow","max-snippet":"max-snippet:-1","max-image-preview":"max-image-preview:large","max-video-preview":"max-video-preview:-1"},"canonical":"https:\/\/inspiratio.ro\/produs\/set-cadou-domnisoara-bunny-rosa\/","og_locale":"en_US","og_type":"article","og_title":"Set cadou pentru domni\u0219oare, marca INSPIRATIO","og_description":"Pentru domni\u0219oare simandicoase, care iubesc prim\u0103vara, s\u0103rb\u0103torile \u0219i surprizele, am preg\u0103tit un set cadou simpatic.","og_url":"https:\/\/inspiratio.ro\/produs\/set-cadou-domnisoara-bunny-rosa\/","og_site_name":"Inspiratio","article_publisher":"https:\/\/www.facebook.com\/inspiratiogiftstudio\/","article_modified_time":"2025-11-24T13:03:05+00:00","og_image":[{"width":1600,"height":1600,"url":"https:\/\/inspiratio.ro\/wp-content\/uploads\/2021\/04\/bunny.jpeg","type":"image\/jpeg"}],"twitter_card":"summary_large_image","twitter_misc":{"Est. reading time":"1 minute"},"schema":{"@context":"https:\/\/schema.org","@graph":[{"@type":"WebPage","@id":"https:\/\/inspiratio.ro\/produs\/set-cadou-domnisoara-bunny-rosa\/","url":"https:\/\/inspiratio.ro\/produs\/set-cadou-domnisoara-bunny-rosa\/","name":"Set cadou pentru domni\u0219oare, marca INSPIRATIO","isPartOf":{"@id":"https:\/\/inspiratio.ro\/#website"},"primaryImageOfPage":{"@id":"https:\/\/inspiratio.ro\/produs\/set-cadou-domnisoara-bunny-rosa\/#primaryimage"},"image":{"@id":"https:\/\/inspiratio.ro\/produs\/set-cadou-domnisoara-bunny-rosa\/#primaryimage"},"thumbnailUrl":"https:\/\/inspiratio.ro\/wp-content\/uploads\/2021\/04\/bunny.jpeg","datePublished":"2021-04-29T12:48:38+00:00","dateModified":"2025-11-24T13:03:05+00:00","description":"Pentru domni\u0219oare simandicoase, care iubesc prim\u0103vara, s\u0103rb\u0103torile \u0219i surprizele, am preg\u0103tit un set cadou simpatic.","breadcrumb":{"@id":"https:\/\/inspiratio.ro\/produs\/set-cadou-domnisoara-bunny-rosa\/#breadcrumb"},"inLanguage":"en-US","potentialAction":[{"@type":"ReadAction","target":["https:\/\/inspiratio.ro\/produs\/set-cadou-domnisoara-bunny-rosa\/"]}]},{"@type":"ImageObject","inLanguage":"en-US","@id":"https:\/\/inspiratio.ro\/produs\/set-cadou-domnisoara-bunny-rosa\/#primaryimage","url":"https:\/\/inspiratio.ro\/wp-content\/uploads\/2021\/04\/bunny.jpeg","contentUrl":"https:\/\/inspiratio.ro\/wp-content\/uploads\/2021\/04\/bunny.jpeg","width":1600,"height":1600,"caption":"Set cadou pentru domni\u0219oare"},{"@type":"BreadcrumbList","@id":"https:\/\/inspiratio.ro\/produs\/set-cadou-domnisoara-bunny-rosa\/#breadcrumb","itemListElement":[{"@type":"ListItem","position":1,"name":"Shop","item":"https:\/\/inspiratio.ro\/magazin-cadouri\/"},{"@type":"ListItem","position":2,"name":"Set cadou Domni\u0219oara Bunny-Rosa"}]},{"@type":"WebSite","@id":"https:\/\/inspiratio.ro\/#website","url":"https:\/\/inspiratio.ro\/","name":"Inspiratio","description":"Las\u0103-te purtat de inspira\u021bie","publisher":{"@id":"https:\/\/inspiratio.ro\/#organization"},"potentialAction":[{"@type":"SearchAction","target":{"@type":"EntryPoint","urlTemplate":"https:\/\/inspiratio.ro\/?s={search_term_string}"},"query-input":{"@type":"PropertyValueSpecification","valueRequired":true,"valueName":"search_term_string"}}],"inLanguage":"en-US"},{"@type":"Organization","@id":"https:\/\/inspiratio.ro\/#organization","name":"Inspiratio","url":"https:\/\/inspiratio.ro\/","logo":{"@type":"ImageObject","inLanguage":"en-US","@id":"https:\/\/inspiratio.ro\/#\/schema\/logo\/image\/","url":"https:\/\/inspiratio.ro\/wp-content\/uploads\/2020\/06\/logo-inspiratio.png","contentUrl":"https:\/\/inspiratio.ro\/wp-content\/uploads\/2020\/06\/logo-inspiratio.png","width":232,"height":209,"caption":"Inspiratio"},"image":{"@id":"https:\/\/inspiratio.ro\/#\/schema\/logo\/image\/"},"sameAs":["https:\/\/www.facebook.com\/inspiratiogiftstudio\/","https:\/\/www.instagram.com\/inspiratio_giftstudio\/"]}]}},"brands":[],"_links":{"self":[{"href":"https:\/\/inspiratio.ro\/en\/wp-json\/wp\/v2\/product\/3772","targetHints":{"allow":["GET"]}}],"collection":[{"href":"https:\/\/inspiratio.ro\/en\/wp-json\/wp\/v2\/product"}],"about":[{"href":"https:\/\/inspiratio.ro\/en\/wp-json\/wp\/v2\/types\/product"}],"replies":[{"embeddable":true,"href":"https:\/\/inspiratio.ro\/en\/wp-json\/wp\/v2\/comments?post=3772"}],"wp:featuredmedia":[{"embeddable":true,"href":"https:\/\/inspiratio.ro\/en\/wp-json\/wp\/v2\/media\/3773"}],"wp:attachment":[{"href":"https:\/\/inspiratio.ro\/en\/wp-json\/wp\/v2\/media?parent=3772"}],"wp:term":[{"taxonomy":"pwb-brand","embeddable":true,"href":"https:\/\/inspiratio.ro\/en\/wp-json\/wp\/v2\/pwb-brand?post=3772"},{"taxonomy":"product_brand","embeddable":true,"href":"https:\/\/inspiratio.ro\/en\/wp-json\/wp\/v2\/product_brand?post=3772"},{"taxonomy":"product_cat","embeddable":true,"href":"https:\/\/inspiratio.ro\/en\/wp-json\/wp\/v2\/product_cat?post=3772"},{"taxonomy":"product_tag","embeddable":true,"href":"https:\/\/inspiratio.ro\/en\/wp-json\/wp\/v2\/product_tag?post=3772"}],"curies":[{"name":"wp","href":"https:\/\/api.w.org\/{rel}","templated":true}]}}