{"id":3746,"date":"2021-04-16T13:05:42","date_gmt":"2021-04-16T10:05:42","guid":{"rendered":"https:\/\/inspiratio.ro\/?post_type=product&#038;p=3746"},"modified":"2023-09-04T11:17:51","modified_gmt":"2023-09-04T08:17:51","slug":"pap-set-cadou-nostalgia-cu-trandafir-din-lemn-balsa-si-pana-de-scris","status":"publish","type":"product","link":"https:\/\/inspiratio.ro\/en\/produs\/pap-set-cadou-nostalgia-cu-trandafir-din-lemn-balsa-si-pana-de-scris\/","title":{"rendered":"Set cadou &#8220;Nostalgia&#8221; cu trandafir din lemn balsa \u0219i pan\u0103 de scris"},"content":{"rendered":"<p>Setul con\u021bine:<\/p>\n<p>10 coli pentru scrisori, din h\u00e2rtie creativ\u0103 texturat\u0103 de 100 g\/mp<br \/>\n10 plicuri din h\u00e2rtie creativ\u0103 texturat\u0103 de 100 g\/mp<br \/>\n3 sticlu\u021be cu cerneal\u0103 divers colorat\u0103<br \/>\n1 trandafir balsa<br \/>\n1 pan\u0103 de g\u00e2sc\u0103 cu peni\u021b\u0103 pentru scris (culori variate)<\/p>\n<p>Dimensiunea\u00a0setului: 4,3 x 28 x 23 cm<\/p>\n","protected":false},"excerpt":{"rendered":"<p>Set cadou<\/p>\n","protected":false},"featured_media":3749,"comment_status":"open","ping_status":"closed","template":"","meta":[],"pwb-brand":[132],"product_brand":[],"product_cat":[116,85],"product_tag":[],"class_list":{"0":"post-3746","1":"product","2":"type-product","3":"status-publish","4":"has-post-thumbnail","6":"pwb-brand-paper-art","7":"product_cat-seturi-cadou","8":"product_cat-papetarie","10":"first","11":"outofstock","12":"taxable","13":"shipping-taxable","14":"purchasable","15":"product-type-simple"},"yoast_head":"<!-- This site is optimized with the Yoast SEO plugin v26.9 - https:\/\/yoast.com\/product\/yoast-seo-wordpress\/ -->\n<title>PAP Set cadou &quot;Nostalgia&quot; cu trandafir din lemn balsa \u0219i pan\u0103 de scris - Inspiratio<\/title>\n<meta name=\"robots\" content=\"index, follow, max-snippet:-1, max-image-preview:large, max-video-preview:-1\" \/>\n<link rel=\"canonical\" href=\"https:\/\/inspiratio.ro\/produs\/pap-set-cadou-nostalgia-cu-trandafir-din-lemn-balsa-si-pana-de-scris\/\" \/>\n<meta property=\"og:locale\" content=\"en_US\" \/>\n<meta property=\"og:type\" content=\"article\" \/>\n<meta property=\"og:title\" content=\"PAP Set cadou &quot;Nostalgia&quot; cu trandafir din lemn balsa \u0219i pan\u0103 de scris - Inspiratio\" \/>\n<meta property=\"og:description\" content=\"Set cadou\" \/>\n<meta property=\"og:url\" content=\"https:\/\/inspiratio.ro\/produs\/pap-set-cadou-nostalgia-cu-trandafir-din-lemn-balsa-si-pana-de-scris\/\" \/>\n<meta property=\"og:site_name\" content=\"Inspiratio\" \/>\n<meta property=\"article:publisher\" content=\"https:\/\/www.facebook.com\/inspiratiogiftstudio\/\" \/>\n<meta property=\"article:modified_time\" content=\"2023-09-04T08:17:51+00:00\" \/>\n<meta property=\"og:image\" content=\"https:\/\/inspiratio.ro\/wp-content\/uploads\/2021\/04\/set-nostalgia3.jpg\" \/>\n\t<meta property=\"og:image:width\" content=\"2000\" \/>\n\t<meta property=\"og:image:height\" content=\"1500\" \/>\n\t<meta property=\"og:image:type\" content=\"image\/jpeg\" \/>\n<meta name=\"twitter:card\" content=\"summary_large_image\" \/>\n<meta name=\"twitter:label1\" content=\"Est. reading time\" \/>\n\t<meta name=\"twitter:data1\" content=\"1 minute\" \/>\n<script type=\"application\/ld+json\" class=\"yoast-schema-graph\">{\"@context\":\"https:\/\/schema.org\",\"@graph\":[{\"@type\":\"WebPage\",\"@id\":\"https:\/\/inspiratio.ro\/produs\/pap-set-cadou-nostalgia-cu-trandafir-din-lemn-balsa-si-pana-de-scris\/\",\"url\":\"https:\/\/inspiratio.ro\/produs\/pap-set-cadou-nostalgia-cu-trandafir-din-lemn-balsa-si-pana-de-scris\/\",\"name\":\"PAP Set cadou \\\"Nostalgia\\\" cu trandafir din lemn balsa \u0219i pan\u0103 de scris - Inspiratio\",\"isPartOf\":{\"@id\":\"https:\/\/inspiratio.ro\/#website\"},\"primaryImageOfPage\":{\"@id\":\"https:\/\/inspiratio.ro\/produs\/pap-set-cadou-nostalgia-cu-trandafir-din-lemn-balsa-si-pana-de-scris\/#primaryimage\"},\"image\":{\"@id\":\"https:\/\/inspiratio.ro\/produs\/pap-set-cadou-nostalgia-cu-trandafir-din-lemn-balsa-si-pana-de-scris\/#primaryimage\"},\"thumbnailUrl\":\"https:\/\/inspiratio.ro\/wp-content\/uploads\/2021\/04\/set-nostalgia3.jpg\",\"datePublished\":\"2021-04-16T10:05:42+00:00\",\"dateModified\":\"2023-09-04T08:17:51+00:00\",\"breadcrumb\":{\"@id\":\"https:\/\/inspiratio.ro\/produs\/pap-set-cadou-nostalgia-cu-trandafir-din-lemn-balsa-si-pana-de-scris\/#breadcrumb\"},\"inLanguage\":\"en-US\",\"potentialAction\":[{\"@type\":\"ReadAction\",\"target\":[\"https:\/\/inspiratio.ro\/produs\/pap-set-cadou-nostalgia-cu-trandafir-din-lemn-balsa-si-pana-de-scris\/\"]}]},{\"@type\":\"ImageObject\",\"inLanguage\":\"en-US\",\"@id\":\"https:\/\/inspiratio.ro\/produs\/pap-set-cadou-nostalgia-cu-trandafir-din-lemn-balsa-si-pana-de-scris\/#primaryimage\",\"url\":\"https:\/\/inspiratio.ro\/wp-content\/uploads\/2021\/04\/set-nostalgia3.jpg\",\"contentUrl\":\"https:\/\/inspiratio.ro\/wp-content\/uploads\/2021\/04\/set-nostalgia3.jpg\",\"width\":2000,\"height\":1500},{\"@type\":\"BreadcrumbList\",\"@id\":\"https:\/\/inspiratio.ro\/produs\/pap-set-cadou-nostalgia-cu-trandafir-din-lemn-balsa-si-pana-de-scris\/#breadcrumb\",\"itemListElement\":[{\"@type\":\"ListItem\",\"position\":1,\"name\":\"Shop\",\"item\":\"https:\/\/inspiratio.ro\/magazin-cadouri\/\"},{\"@type\":\"ListItem\",\"position\":2,\"name\":\"PAP Set cadou &#8220;Nostalgia&#8221; cu trandafir din lemn balsa \u0219i pan\u0103 de scris\"}]},{\"@type\":\"WebSite\",\"@id\":\"https:\/\/inspiratio.ro\/#website\",\"url\":\"https:\/\/inspiratio.ro\/\",\"name\":\"Inspiratio\",\"description\":\"Las\u0103-te purtat de inspira\u021bie\",\"publisher\":{\"@id\":\"https:\/\/inspiratio.ro\/#organization\"},\"potentialAction\":[{\"@type\":\"SearchAction\",\"target\":{\"@type\":\"EntryPoint\",\"urlTemplate\":\"https:\/\/inspiratio.ro\/?s={search_term_string}\"},\"query-input\":{\"@type\":\"PropertyValueSpecification\",\"valueRequired\":true,\"valueName\":\"search_term_string\"}}],\"inLanguage\":\"en-US\"},{\"@type\":\"Organization\",\"@id\":\"https:\/\/inspiratio.ro\/#organization\",\"name\":\"Inspiratio\",\"url\":\"https:\/\/inspiratio.ro\/\",\"logo\":{\"@type\":\"ImageObject\",\"inLanguage\":\"en-US\",\"@id\":\"https:\/\/inspiratio.ro\/#\/schema\/logo\/image\/\",\"url\":\"https:\/\/inspiratio.ro\/wp-content\/uploads\/2020\/06\/logo-inspiratio.png\",\"contentUrl\":\"https:\/\/inspiratio.ro\/wp-content\/uploads\/2020\/06\/logo-inspiratio.png\",\"width\":232,\"height\":209,\"caption\":\"Inspiratio\"},\"image\":{\"@id\":\"https:\/\/inspiratio.ro\/#\/schema\/logo\/image\/\"},\"sameAs\":[\"https:\/\/www.facebook.com\/inspiratiogiftstudio\/\",\"https:\/\/www.instagram.com\/inspiratio_giftstudio\/\"]}]}<\/script>\n<!-- \/ Yoast SEO plugin. -->","yoast_head_json":{"title":"PAP Set cadou \"Nostalgia\" cu trandafir din lemn balsa \u0219i pan\u0103 de scris - Inspiratio","robots":{"index":"index","follow":"follow","max-snippet":"max-snippet:-1","max-image-preview":"max-image-preview:large","max-video-preview":"max-video-preview:-1"},"canonical":"https:\/\/inspiratio.ro\/produs\/pap-set-cadou-nostalgia-cu-trandafir-din-lemn-balsa-si-pana-de-scris\/","og_locale":"en_US","og_type":"article","og_title":"PAP Set cadou \"Nostalgia\" cu trandafir din lemn balsa \u0219i pan\u0103 de scris - Inspiratio","og_description":"Set cadou","og_url":"https:\/\/inspiratio.ro\/produs\/pap-set-cadou-nostalgia-cu-trandafir-din-lemn-balsa-si-pana-de-scris\/","og_site_name":"Inspiratio","article_publisher":"https:\/\/www.facebook.com\/inspiratiogiftstudio\/","article_modified_time":"2023-09-04T08:17:51+00:00","og_image":[{"width":2000,"height":1500,"url":"https:\/\/inspiratio.ro\/wp-content\/uploads\/2021\/04\/set-nostalgia3.jpg","type":"image\/jpeg"}],"twitter_card":"summary_large_image","twitter_misc":{"Est. reading time":"1 minute"},"schema":{"@context":"https:\/\/schema.org","@graph":[{"@type":"WebPage","@id":"https:\/\/inspiratio.ro\/produs\/pap-set-cadou-nostalgia-cu-trandafir-din-lemn-balsa-si-pana-de-scris\/","url":"https:\/\/inspiratio.ro\/produs\/pap-set-cadou-nostalgia-cu-trandafir-din-lemn-balsa-si-pana-de-scris\/","name":"PAP Set cadou \"Nostalgia\" cu trandafir din lemn balsa \u0219i pan\u0103 de scris - Inspiratio","isPartOf":{"@id":"https:\/\/inspiratio.ro\/#website"},"primaryImageOfPage":{"@id":"https:\/\/inspiratio.ro\/produs\/pap-set-cadou-nostalgia-cu-trandafir-din-lemn-balsa-si-pana-de-scris\/#primaryimage"},"image":{"@id":"https:\/\/inspiratio.ro\/produs\/pap-set-cadou-nostalgia-cu-trandafir-din-lemn-balsa-si-pana-de-scris\/#primaryimage"},"thumbnailUrl":"https:\/\/inspiratio.ro\/wp-content\/uploads\/2021\/04\/set-nostalgia3.jpg","datePublished":"2021-04-16T10:05:42+00:00","dateModified":"2023-09-04T08:17:51+00:00","breadcrumb":{"@id":"https:\/\/inspiratio.ro\/produs\/pap-set-cadou-nostalgia-cu-trandafir-din-lemn-balsa-si-pana-de-scris\/#breadcrumb"},"inLanguage":"en-US","potentialAction":[{"@type":"ReadAction","target":["https:\/\/inspiratio.ro\/produs\/pap-set-cadou-nostalgia-cu-trandafir-din-lemn-balsa-si-pana-de-scris\/"]}]},{"@type":"ImageObject","inLanguage":"en-US","@id":"https:\/\/inspiratio.ro\/produs\/pap-set-cadou-nostalgia-cu-trandafir-din-lemn-balsa-si-pana-de-scris\/#primaryimage","url":"https:\/\/inspiratio.ro\/wp-content\/uploads\/2021\/04\/set-nostalgia3.jpg","contentUrl":"https:\/\/inspiratio.ro\/wp-content\/uploads\/2021\/04\/set-nostalgia3.jpg","width":2000,"height":1500},{"@type":"BreadcrumbList","@id":"https:\/\/inspiratio.ro\/produs\/pap-set-cadou-nostalgia-cu-trandafir-din-lemn-balsa-si-pana-de-scris\/#breadcrumb","itemListElement":[{"@type":"ListItem","position":1,"name":"Shop","item":"https:\/\/inspiratio.ro\/magazin-cadouri\/"},{"@type":"ListItem","position":2,"name":"PAP Set cadou &#8220;Nostalgia&#8221; cu trandafir din lemn balsa \u0219i pan\u0103 de scris"}]},{"@type":"WebSite","@id":"https:\/\/inspiratio.ro\/#website","url":"https:\/\/inspiratio.ro\/","name":"Inspiratio","description":"Las\u0103-te purtat de inspira\u021bie","publisher":{"@id":"https:\/\/inspiratio.ro\/#organization"},"potentialAction":[{"@type":"SearchAction","target":{"@type":"EntryPoint","urlTemplate":"https:\/\/inspiratio.ro\/?s={search_term_string}"},"query-input":{"@type":"PropertyValueSpecification","valueRequired":true,"valueName":"search_term_string"}}],"inLanguage":"en-US"},{"@type":"Organization","@id":"https:\/\/inspiratio.ro\/#organization","name":"Inspiratio","url":"https:\/\/inspiratio.ro\/","logo":{"@type":"ImageObject","inLanguage":"en-US","@id":"https:\/\/inspiratio.ro\/#\/schema\/logo\/image\/","url":"https:\/\/inspiratio.ro\/wp-content\/uploads\/2020\/06\/logo-inspiratio.png","contentUrl":"https:\/\/inspiratio.ro\/wp-content\/uploads\/2020\/06\/logo-inspiratio.png","width":232,"height":209,"caption":"Inspiratio"},"image":{"@id":"https:\/\/inspiratio.ro\/#\/schema\/logo\/image\/"},"sameAs":["https:\/\/www.facebook.com\/inspiratiogiftstudio\/","https:\/\/www.instagram.com\/inspiratio_giftstudio\/"]}]}},"brands":[{"id":132,"name":"Paper Art","slug":"paper-art"}],"_links":{"self":[{"href":"https:\/\/inspiratio.ro\/en\/wp-json\/wp\/v2\/product\/3746","targetHints":{"allow":["GET"]}}],"collection":[{"href":"https:\/\/inspiratio.ro\/en\/wp-json\/wp\/v2\/product"}],"about":[{"href":"https:\/\/inspiratio.ro\/en\/wp-json\/wp\/v2\/types\/product"}],"replies":[{"embeddable":true,"href":"https:\/\/inspiratio.ro\/en\/wp-json\/wp\/v2\/comments?post=3746"}],"wp:featuredmedia":[{"embeddable":true,"href":"https:\/\/inspiratio.ro\/en\/wp-json\/wp\/v2\/media\/3749"}],"wp:attachment":[{"href":"https:\/\/inspiratio.ro\/en\/wp-json\/wp\/v2\/media?parent=3746"}],"wp:term":[{"taxonomy":"pwb-brand","embeddable":true,"href":"https:\/\/inspiratio.ro\/en\/wp-json\/wp\/v2\/pwb-brand?post=3746"},{"taxonomy":"product_brand","embeddable":true,"href":"https:\/\/inspiratio.ro\/en\/wp-json\/wp\/v2\/product_brand?post=3746"},{"taxonomy":"product_cat","embeddable":true,"href":"https:\/\/inspiratio.ro\/en\/wp-json\/wp\/v2\/product_cat?post=3746"},{"taxonomy":"product_tag","embeddable":true,"href":"https:\/\/inspiratio.ro\/en\/wp-json\/wp\/v2\/product_tag?post=3746"}],"curies":[{"name":"wp","href":"https:\/\/api.w.org\/{rel}","templated":true}]}}