{"id":3742,"date":"2021-04-16T13:00:09","date_gmt":"2021-04-16T13:00:09","guid":{"rendered":"https:\/\/inspiratio.ro\/?post_type=product&#038;p=3742"},"modified":"2024-12-15T16:23:12","modified_gmt":"2024-12-15T14:23:12","slug":"pap-set-cadou-schedule-cu-planner-si-pix-metalic","status":"publish","type":"product","link":"https:\/\/inspiratio.ro\/en\/produs\/pap-set-cadou-schedule-cu-planner-si-pix-metalic\/","title":{"rendered":"Set cadou &#8220;Schedule&#8221; cu planner \u0219i pix metalic"},"content":{"rendered":"<p>Acest set cadou este format dintr-o agend\u0103 s\u0103pt\u0103m\u00e2nal\u0103, cu o copert\u0103 din piele natural\u0103 reciclat\u0103, cu \u00eenchidere cu caps\u0103 metalic\u0103, \u0219i un pix cu corp metalic (import Germania), acoperit cu un grip catifelat, de culoare gri, ce \u00eempiedic\u0103 alunecarea.<\/p>\n<p>Elementele setului de cadou sunt lucrate manual \u00een Rom\u00e2nia, din materiale sustenabile, prietenoase cu mediul, fiind executate cu o mare aten\u021bie la detalii.<\/p>\n","protected":false},"excerpt":{"rendered":"<p>Set cadou<\/p>\n","protected":false},"featured_media":3743,"comment_status":"open","ping_status":"closed","template":"","meta":[],"pwb-brand":[132],"product_brand":[],"product_cat":[116,85],"product_tag":[],"class_list":{"0":"post-3742","1":"product","2":"type-product","3":"status-publish","4":"has-post-thumbnail","6":"pwb-brand-paper-art","7":"product_cat-seturi-cadou","8":"product_cat-papetarie","10":"first","11":"instock","12":"taxable","13":"shipping-taxable","14":"purchasable","15":"product-type-simple"},"yoast_head":"<!-- This site is optimized with the Yoast SEO plugin v26.9 - https:\/\/yoast.com\/product\/yoast-seo-wordpress\/ -->\n<title>PAP Set cadou &quot;Schedule&quot; cu planner \u0219i pix metalic - Inspiratio<\/title>\n<meta name=\"robots\" content=\"index, follow, max-snippet:-1, max-image-preview:large, max-video-preview:-1\" \/>\n<link rel=\"canonical\" href=\"https:\/\/inspiratio.ro\/produs\/pap-set-cadou-schedule-cu-planner-si-pix-metalic\/\" \/>\n<meta property=\"og:locale\" content=\"en_US\" \/>\n<meta property=\"og:type\" content=\"article\" \/>\n<meta property=\"og:title\" content=\"PAP Set cadou &quot;Schedule&quot; cu planner \u0219i pix metalic - Inspiratio\" \/>\n<meta property=\"og:description\" content=\"Set cadou\" \/>\n<meta property=\"og:url\" content=\"https:\/\/inspiratio.ro\/produs\/pap-set-cadou-schedule-cu-planner-si-pix-metalic\/\" \/>\n<meta property=\"og:site_name\" content=\"Inspiratio\" \/>\n<meta property=\"article:publisher\" content=\"https:\/\/www.facebook.com\/inspiratiogiftstudio\/\" \/>\n<meta property=\"article:modified_time\" content=\"2024-12-15T14:23:12+00:00\" \/>\n<meta property=\"og:image\" content=\"https:\/\/inspiratio.ro\/wp-content\/uploads\/2021\/04\/set-schedule.jpg\" \/>\n\t<meta property=\"og:image:width\" content=\"2000\" \/>\n\t<meta property=\"og:image:height\" content=\"1500\" \/>\n\t<meta property=\"og:image:type\" content=\"image\/jpeg\" \/>\n<meta name=\"twitter:card\" content=\"summary_large_image\" \/>\n<meta name=\"twitter:label1\" content=\"Est. reading time\" \/>\n\t<meta name=\"twitter:data1\" content=\"1 minute\" \/>\n<script type=\"application\/ld+json\" class=\"yoast-schema-graph\">{\"@context\":\"https:\/\/schema.org\",\"@graph\":[{\"@type\":\"WebPage\",\"@id\":\"https:\/\/inspiratio.ro\/produs\/pap-set-cadou-schedule-cu-planner-si-pix-metalic\/\",\"url\":\"https:\/\/inspiratio.ro\/produs\/pap-set-cadou-schedule-cu-planner-si-pix-metalic\/\",\"name\":\"PAP Set cadou \\\"Schedule\\\" cu planner \u0219i pix metalic - Inspiratio\",\"isPartOf\":{\"@id\":\"https:\/\/inspiratio.ro\/#website\"},\"primaryImageOfPage\":{\"@id\":\"https:\/\/inspiratio.ro\/produs\/pap-set-cadou-schedule-cu-planner-si-pix-metalic\/#primaryimage\"},\"image\":{\"@id\":\"https:\/\/inspiratio.ro\/produs\/pap-set-cadou-schedule-cu-planner-si-pix-metalic\/#primaryimage\"},\"thumbnailUrl\":\"https:\/\/inspiratio.ro\/wp-content\/uploads\/2021\/04\/set-schedule.jpg\",\"datePublished\":\"2021-04-16T13:00:09+00:00\",\"dateModified\":\"2024-12-15T14:23:12+00:00\",\"breadcrumb\":{\"@id\":\"https:\/\/inspiratio.ro\/produs\/pap-set-cadou-schedule-cu-planner-si-pix-metalic\/#breadcrumb\"},\"inLanguage\":\"en-US\",\"potentialAction\":[{\"@type\":\"ReadAction\",\"target\":[\"https:\/\/inspiratio.ro\/produs\/pap-set-cadou-schedule-cu-planner-si-pix-metalic\/\"]}]},{\"@type\":\"ImageObject\",\"inLanguage\":\"en-US\",\"@id\":\"https:\/\/inspiratio.ro\/produs\/pap-set-cadou-schedule-cu-planner-si-pix-metalic\/#primaryimage\",\"url\":\"https:\/\/inspiratio.ro\/wp-content\/uploads\/2021\/04\/set-schedule.jpg\",\"contentUrl\":\"https:\/\/inspiratio.ro\/wp-content\/uploads\/2021\/04\/set-schedule.jpg\",\"width\":2000,\"height\":1500},{\"@type\":\"BreadcrumbList\",\"@id\":\"https:\/\/inspiratio.ro\/produs\/pap-set-cadou-schedule-cu-planner-si-pix-metalic\/#breadcrumb\",\"itemListElement\":[{\"@type\":\"ListItem\",\"position\":1,\"name\":\"Shop\",\"item\":\"https:\/\/inspiratio.ro\/magazin-cadouri\/\"},{\"@type\":\"ListItem\",\"position\":2,\"name\":\"PAP Set cadou &#8220;Schedule&#8221; cu planner \u0219i pix metalic\"}]},{\"@type\":\"WebSite\",\"@id\":\"https:\/\/inspiratio.ro\/#website\",\"url\":\"https:\/\/inspiratio.ro\/\",\"name\":\"Inspiratio\",\"description\":\"Las\u0103-te purtat de inspira\u021bie\",\"publisher\":{\"@id\":\"https:\/\/inspiratio.ro\/#organization\"},\"potentialAction\":[{\"@type\":\"SearchAction\",\"target\":{\"@type\":\"EntryPoint\",\"urlTemplate\":\"https:\/\/inspiratio.ro\/?s={search_term_string}\"},\"query-input\":{\"@type\":\"PropertyValueSpecification\",\"valueRequired\":true,\"valueName\":\"search_term_string\"}}],\"inLanguage\":\"en-US\"},{\"@type\":\"Organization\",\"@id\":\"https:\/\/inspiratio.ro\/#organization\",\"name\":\"Inspiratio\",\"url\":\"https:\/\/inspiratio.ro\/\",\"logo\":{\"@type\":\"ImageObject\",\"inLanguage\":\"en-US\",\"@id\":\"https:\/\/inspiratio.ro\/#\/schema\/logo\/image\/\",\"url\":\"https:\/\/inspiratio.ro\/wp-content\/uploads\/2020\/06\/logo-inspiratio.png\",\"contentUrl\":\"https:\/\/inspiratio.ro\/wp-content\/uploads\/2020\/06\/logo-inspiratio.png\",\"width\":232,\"height\":209,\"caption\":\"Inspiratio\"},\"image\":{\"@id\":\"https:\/\/inspiratio.ro\/#\/schema\/logo\/image\/\"},\"sameAs\":[\"https:\/\/www.facebook.com\/inspiratiogiftstudio\/\",\"https:\/\/www.instagram.com\/inspiratio_giftstudio\/\"]}]}<\/script>\n<!-- \/ Yoast SEO plugin. -->","yoast_head_json":{"title":"PAP Set cadou \"Schedule\" cu planner \u0219i pix metalic - Inspiratio","robots":{"index":"index","follow":"follow","max-snippet":"max-snippet:-1","max-image-preview":"max-image-preview:large","max-video-preview":"max-video-preview:-1"},"canonical":"https:\/\/inspiratio.ro\/produs\/pap-set-cadou-schedule-cu-planner-si-pix-metalic\/","og_locale":"en_US","og_type":"article","og_title":"PAP Set cadou \"Schedule\" cu planner \u0219i pix metalic - Inspiratio","og_description":"Set cadou","og_url":"https:\/\/inspiratio.ro\/produs\/pap-set-cadou-schedule-cu-planner-si-pix-metalic\/","og_site_name":"Inspiratio","article_publisher":"https:\/\/www.facebook.com\/inspiratiogiftstudio\/","article_modified_time":"2024-12-15T14:23:12+00:00","og_image":[{"width":2000,"height":1500,"url":"https:\/\/inspiratio.ro\/wp-content\/uploads\/2021\/04\/set-schedule.jpg","type":"image\/jpeg"}],"twitter_card":"summary_large_image","twitter_misc":{"Est. reading time":"1 minute"},"schema":{"@context":"https:\/\/schema.org","@graph":[{"@type":"WebPage","@id":"https:\/\/inspiratio.ro\/produs\/pap-set-cadou-schedule-cu-planner-si-pix-metalic\/","url":"https:\/\/inspiratio.ro\/produs\/pap-set-cadou-schedule-cu-planner-si-pix-metalic\/","name":"PAP Set cadou \"Schedule\" cu planner \u0219i pix metalic - Inspiratio","isPartOf":{"@id":"https:\/\/inspiratio.ro\/#website"},"primaryImageOfPage":{"@id":"https:\/\/inspiratio.ro\/produs\/pap-set-cadou-schedule-cu-planner-si-pix-metalic\/#primaryimage"},"image":{"@id":"https:\/\/inspiratio.ro\/produs\/pap-set-cadou-schedule-cu-planner-si-pix-metalic\/#primaryimage"},"thumbnailUrl":"https:\/\/inspiratio.ro\/wp-content\/uploads\/2021\/04\/set-schedule.jpg","datePublished":"2021-04-16T13:00:09+00:00","dateModified":"2024-12-15T14:23:12+00:00","breadcrumb":{"@id":"https:\/\/inspiratio.ro\/produs\/pap-set-cadou-schedule-cu-planner-si-pix-metalic\/#breadcrumb"},"inLanguage":"en-US","potentialAction":[{"@type":"ReadAction","target":["https:\/\/inspiratio.ro\/produs\/pap-set-cadou-schedule-cu-planner-si-pix-metalic\/"]}]},{"@type":"ImageObject","inLanguage":"en-US","@id":"https:\/\/inspiratio.ro\/produs\/pap-set-cadou-schedule-cu-planner-si-pix-metalic\/#primaryimage","url":"https:\/\/inspiratio.ro\/wp-content\/uploads\/2021\/04\/set-schedule.jpg","contentUrl":"https:\/\/inspiratio.ro\/wp-content\/uploads\/2021\/04\/set-schedule.jpg","width":2000,"height":1500},{"@type":"BreadcrumbList","@id":"https:\/\/inspiratio.ro\/produs\/pap-set-cadou-schedule-cu-planner-si-pix-metalic\/#breadcrumb","itemListElement":[{"@type":"ListItem","position":1,"name":"Shop","item":"https:\/\/inspiratio.ro\/magazin-cadouri\/"},{"@type":"ListItem","position":2,"name":"PAP Set cadou &#8220;Schedule&#8221; cu planner \u0219i pix metalic"}]},{"@type":"WebSite","@id":"https:\/\/inspiratio.ro\/#website","url":"https:\/\/inspiratio.ro\/","name":"Inspiratio","description":"Las\u0103-te purtat de inspira\u021bie","publisher":{"@id":"https:\/\/inspiratio.ro\/#organization"},"potentialAction":[{"@type":"SearchAction","target":{"@type":"EntryPoint","urlTemplate":"https:\/\/inspiratio.ro\/?s={search_term_string}"},"query-input":{"@type":"PropertyValueSpecification","valueRequired":true,"valueName":"search_term_string"}}],"inLanguage":"en-US"},{"@type":"Organization","@id":"https:\/\/inspiratio.ro\/#organization","name":"Inspiratio","url":"https:\/\/inspiratio.ro\/","logo":{"@type":"ImageObject","inLanguage":"en-US","@id":"https:\/\/inspiratio.ro\/#\/schema\/logo\/image\/","url":"https:\/\/inspiratio.ro\/wp-content\/uploads\/2020\/06\/logo-inspiratio.png","contentUrl":"https:\/\/inspiratio.ro\/wp-content\/uploads\/2020\/06\/logo-inspiratio.png","width":232,"height":209,"caption":"Inspiratio"},"image":{"@id":"https:\/\/inspiratio.ro\/#\/schema\/logo\/image\/"},"sameAs":["https:\/\/www.facebook.com\/inspiratiogiftstudio\/","https:\/\/www.instagram.com\/inspiratio_giftstudio\/"]}]}},"brands":[{"id":132,"name":"Paper Art","slug":"paper-art"}],"_links":{"self":[{"href":"https:\/\/inspiratio.ro\/en\/wp-json\/wp\/v2\/product\/3742","targetHints":{"allow":["GET"]}}],"collection":[{"href":"https:\/\/inspiratio.ro\/en\/wp-json\/wp\/v2\/product"}],"about":[{"href":"https:\/\/inspiratio.ro\/en\/wp-json\/wp\/v2\/types\/product"}],"replies":[{"embeddable":true,"href":"https:\/\/inspiratio.ro\/en\/wp-json\/wp\/v2\/comments?post=3742"}],"wp:featuredmedia":[{"embeddable":true,"href":"https:\/\/inspiratio.ro\/en\/wp-json\/wp\/v2\/media\/3743"}],"wp:attachment":[{"href":"https:\/\/inspiratio.ro\/en\/wp-json\/wp\/v2\/media?parent=3742"}],"wp:term":[{"taxonomy":"pwb-brand","embeddable":true,"href":"https:\/\/inspiratio.ro\/en\/wp-json\/wp\/v2\/pwb-brand?post=3742"},{"taxonomy":"product_brand","embeddable":true,"href":"https:\/\/inspiratio.ro\/en\/wp-json\/wp\/v2\/product_brand?post=3742"},{"taxonomy":"product_cat","embeddable":true,"href":"https:\/\/inspiratio.ro\/en\/wp-json\/wp\/v2\/product_cat?post=3742"},{"taxonomy":"product_tag","embeddable":true,"href":"https:\/\/inspiratio.ro\/en\/wp-json\/wp\/v2\/product_tag?post=3742"}],"curies":[{"name":"wp","href":"https:\/\/api.w.org\/{rel}","templated":true}]}}