{"id":3733,"date":"2021-04-16T12:24:42","date_gmt":"2021-04-16T09:24:42","guid":{"rendered":"https:\/\/inspiratio.ro\/?post_type=product&#038;p=3733"},"modified":"2023-12-19T12:12:42","modified_gmt":"2023-12-19T10:12:42","slug":"pap-sketchbook-cu-coperta-din-piele-naturala-reciclata-si-creion-grafit","status":"publish","type":"product","link":"https:\/\/inspiratio.ro\/en\/produs\/pap-sketchbook-cu-coperta-din-piele-naturala-reciclata-si-creion-grafit\/","title":{"rendered":"Sketchbook cu copert\u0103 din piele natural\u0103 reciclat\u0103 \u0219i creion grafit"},"content":{"rendered":"<p>Sketchbook-ul con\u021bine 200 pagini din h\u00e2rtie creativ\u0103 de 120 g\/mp, mat satinat\u0103, f\u0103r\u0103 liniatur\u0103, de culoare crem, \u0219i un creion din grafit, u\u0219or de p\u0103strat \u00een gaica din p\u00e2sl\u0103 natural\u0103. Accentele de culoare sunt realizare cu ajutorul p\u00e2slei naturale \u00een nuan\u021be de ro\u0219u, portocaliu, verde sau bleu.<\/p>\n","protected":false},"excerpt":{"rendered":"<p>Sketchbook<\/p>\n","protected":false},"featured_media":3734,"comment_status":"open","ping_status":"closed","template":"","meta":[],"pwb-brand":[132],"product_brand":[],"product_cat":[85],"product_tag":[],"class_list":{"0":"post-3733","1":"product","2":"type-product","3":"status-publish","4":"has-post-thumbnail","6":"pwb-brand-paper-art","7":"product_cat-papetarie","9":"first","10":"instock","11":"taxable","12":"shipping-taxable","13":"purchasable","14":"product-type-simple"},"yoast_head":"<!-- This site is optimized with the Yoast SEO plugin v26.9 - https:\/\/yoast.com\/product\/yoast-seo-wordpress\/ -->\n<title>PAP Sketchbook cu copert\u0103 din piele natural\u0103 reciclat\u0103 \u0219i creion grafit - Inspiratio<\/title>\n<meta name=\"robots\" content=\"index, follow, max-snippet:-1, max-image-preview:large, max-video-preview:-1\" \/>\n<link rel=\"canonical\" href=\"https:\/\/inspiratio.ro\/produs\/pap-sketchbook-cu-coperta-din-piele-naturala-reciclata-si-creion-grafit\/\" \/>\n<meta property=\"og:locale\" content=\"en_US\" \/>\n<meta property=\"og:type\" content=\"article\" \/>\n<meta property=\"og:title\" content=\"PAP Sketchbook cu copert\u0103 din piele natural\u0103 reciclat\u0103 \u0219i creion grafit - Inspiratio\" \/>\n<meta property=\"og:description\" content=\"Sketchbook\" \/>\n<meta property=\"og:url\" content=\"https:\/\/inspiratio.ro\/produs\/pap-sketchbook-cu-coperta-din-piele-naturala-reciclata-si-creion-grafit\/\" \/>\n<meta property=\"og:site_name\" content=\"Inspiratio\" \/>\n<meta property=\"article:publisher\" content=\"https:\/\/www.facebook.com\/inspiratiogiftstudio\/\" \/>\n<meta property=\"article:modified_time\" content=\"2023-12-19T10:12:42+00:00\" \/>\n<meta property=\"og:image\" content=\"https:\/\/inspiratio.ro\/wp-content\/uploads\/2021\/04\/sketchbook-creion-grafit_1.jpg\" \/>\n\t<meta property=\"og:image:width\" content=\"2000\" \/>\n\t<meta property=\"og:image:height\" content=\"1500\" \/>\n\t<meta property=\"og:image:type\" content=\"image\/jpeg\" \/>\n<meta name=\"twitter:card\" content=\"summary_large_image\" \/>\n<meta name=\"twitter:label1\" content=\"Est. reading time\" \/>\n\t<meta name=\"twitter:data1\" content=\"1 minute\" \/>\n<script type=\"application\/ld+json\" class=\"yoast-schema-graph\">{\"@context\":\"https:\/\/schema.org\",\"@graph\":[{\"@type\":\"WebPage\",\"@id\":\"https:\/\/inspiratio.ro\/produs\/pap-sketchbook-cu-coperta-din-piele-naturala-reciclata-si-creion-grafit\/\",\"url\":\"https:\/\/inspiratio.ro\/produs\/pap-sketchbook-cu-coperta-din-piele-naturala-reciclata-si-creion-grafit\/\",\"name\":\"PAP Sketchbook cu copert\u0103 din piele natural\u0103 reciclat\u0103 \u0219i creion grafit - Inspiratio\",\"isPartOf\":{\"@id\":\"https:\/\/inspiratio.ro\/#website\"},\"primaryImageOfPage\":{\"@id\":\"https:\/\/inspiratio.ro\/produs\/pap-sketchbook-cu-coperta-din-piele-naturala-reciclata-si-creion-grafit\/#primaryimage\"},\"image\":{\"@id\":\"https:\/\/inspiratio.ro\/produs\/pap-sketchbook-cu-coperta-din-piele-naturala-reciclata-si-creion-grafit\/#primaryimage\"},\"thumbnailUrl\":\"https:\/\/inspiratio.ro\/wp-content\/uploads\/2021\/04\/sketchbook-creion-grafit_1.jpg\",\"datePublished\":\"2021-04-16T09:24:42+00:00\",\"dateModified\":\"2023-12-19T10:12:42+00:00\",\"breadcrumb\":{\"@id\":\"https:\/\/inspiratio.ro\/produs\/pap-sketchbook-cu-coperta-din-piele-naturala-reciclata-si-creion-grafit\/#breadcrumb\"},\"inLanguage\":\"en-US\",\"potentialAction\":[{\"@type\":\"ReadAction\",\"target\":[\"https:\/\/inspiratio.ro\/produs\/pap-sketchbook-cu-coperta-din-piele-naturala-reciclata-si-creion-grafit\/\"]}]},{\"@type\":\"ImageObject\",\"inLanguage\":\"en-US\",\"@id\":\"https:\/\/inspiratio.ro\/produs\/pap-sketchbook-cu-coperta-din-piele-naturala-reciclata-si-creion-grafit\/#primaryimage\",\"url\":\"https:\/\/inspiratio.ro\/wp-content\/uploads\/2021\/04\/sketchbook-creion-grafit_1.jpg\",\"contentUrl\":\"https:\/\/inspiratio.ro\/wp-content\/uploads\/2021\/04\/sketchbook-creion-grafit_1.jpg\",\"width\":2000,\"height\":1500},{\"@type\":\"BreadcrumbList\",\"@id\":\"https:\/\/inspiratio.ro\/produs\/pap-sketchbook-cu-coperta-din-piele-naturala-reciclata-si-creion-grafit\/#breadcrumb\",\"itemListElement\":[{\"@type\":\"ListItem\",\"position\":1,\"name\":\"Shop\",\"item\":\"https:\/\/inspiratio.ro\/magazin-cadouri\/\"},{\"@type\":\"ListItem\",\"position\":2,\"name\":\"PAP Sketchbook cu copert\u0103 din piele natural\u0103 reciclat\u0103 \u0219i creion grafit\"}]},{\"@type\":\"WebSite\",\"@id\":\"https:\/\/inspiratio.ro\/#website\",\"url\":\"https:\/\/inspiratio.ro\/\",\"name\":\"Inspiratio\",\"description\":\"Las\u0103-te purtat de inspira\u021bie\",\"publisher\":{\"@id\":\"https:\/\/inspiratio.ro\/#organization\"},\"potentialAction\":[{\"@type\":\"SearchAction\",\"target\":{\"@type\":\"EntryPoint\",\"urlTemplate\":\"https:\/\/inspiratio.ro\/?s={search_term_string}\"},\"query-input\":{\"@type\":\"PropertyValueSpecification\",\"valueRequired\":true,\"valueName\":\"search_term_string\"}}],\"inLanguage\":\"en-US\"},{\"@type\":\"Organization\",\"@id\":\"https:\/\/inspiratio.ro\/#organization\",\"name\":\"Inspiratio\",\"url\":\"https:\/\/inspiratio.ro\/\",\"logo\":{\"@type\":\"ImageObject\",\"inLanguage\":\"en-US\",\"@id\":\"https:\/\/inspiratio.ro\/#\/schema\/logo\/image\/\",\"url\":\"https:\/\/inspiratio.ro\/wp-content\/uploads\/2020\/06\/logo-inspiratio.png\",\"contentUrl\":\"https:\/\/inspiratio.ro\/wp-content\/uploads\/2020\/06\/logo-inspiratio.png\",\"width\":232,\"height\":209,\"caption\":\"Inspiratio\"},\"image\":{\"@id\":\"https:\/\/inspiratio.ro\/#\/schema\/logo\/image\/\"},\"sameAs\":[\"https:\/\/www.facebook.com\/inspiratiogiftstudio\/\",\"https:\/\/www.instagram.com\/inspiratio_giftstudio\/\"]}]}<\/script>\n<!-- \/ Yoast SEO plugin. -->","yoast_head_json":{"title":"PAP Sketchbook cu copert\u0103 din piele natural\u0103 reciclat\u0103 \u0219i creion grafit - Inspiratio","robots":{"index":"index","follow":"follow","max-snippet":"max-snippet:-1","max-image-preview":"max-image-preview:large","max-video-preview":"max-video-preview:-1"},"canonical":"https:\/\/inspiratio.ro\/produs\/pap-sketchbook-cu-coperta-din-piele-naturala-reciclata-si-creion-grafit\/","og_locale":"en_US","og_type":"article","og_title":"PAP Sketchbook cu copert\u0103 din piele natural\u0103 reciclat\u0103 \u0219i creion grafit - Inspiratio","og_description":"Sketchbook","og_url":"https:\/\/inspiratio.ro\/produs\/pap-sketchbook-cu-coperta-din-piele-naturala-reciclata-si-creion-grafit\/","og_site_name":"Inspiratio","article_publisher":"https:\/\/www.facebook.com\/inspiratiogiftstudio\/","article_modified_time":"2023-12-19T10:12:42+00:00","og_image":[{"width":2000,"height":1500,"url":"https:\/\/inspiratio.ro\/wp-content\/uploads\/2021\/04\/sketchbook-creion-grafit_1.jpg","type":"image\/jpeg"}],"twitter_card":"summary_large_image","twitter_misc":{"Est. reading time":"1 minute"},"schema":{"@context":"https:\/\/schema.org","@graph":[{"@type":"WebPage","@id":"https:\/\/inspiratio.ro\/produs\/pap-sketchbook-cu-coperta-din-piele-naturala-reciclata-si-creion-grafit\/","url":"https:\/\/inspiratio.ro\/produs\/pap-sketchbook-cu-coperta-din-piele-naturala-reciclata-si-creion-grafit\/","name":"PAP Sketchbook cu copert\u0103 din piele natural\u0103 reciclat\u0103 \u0219i creion grafit - Inspiratio","isPartOf":{"@id":"https:\/\/inspiratio.ro\/#website"},"primaryImageOfPage":{"@id":"https:\/\/inspiratio.ro\/produs\/pap-sketchbook-cu-coperta-din-piele-naturala-reciclata-si-creion-grafit\/#primaryimage"},"image":{"@id":"https:\/\/inspiratio.ro\/produs\/pap-sketchbook-cu-coperta-din-piele-naturala-reciclata-si-creion-grafit\/#primaryimage"},"thumbnailUrl":"https:\/\/inspiratio.ro\/wp-content\/uploads\/2021\/04\/sketchbook-creion-grafit_1.jpg","datePublished":"2021-04-16T09:24:42+00:00","dateModified":"2023-12-19T10:12:42+00:00","breadcrumb":{"@id":"https:\/\/inspiratio.ro\/produs\/pap-sketchbook-cu-coperta-din-piele-naturala-reciclata-si-creion-grafit\/#breadcrumb"},"inLanguage":"en-US","potentialAction":[{"@type":"ReadAction","target":["https:\/\/inspiratio.ro\/produs\/pap-sketchbook-cu-coperta-din-piele-naturala-reciclata-si-creion-grafit\/"]}]},{"@type":"ImageObject","inLanguage":"en-US","@id":"https:\/\/inspiratio.ro\/produs\/pap-sketchbook-cu-coperta-din-piele-naturala-reciclata-si-creion-grafit\/#primaryimage","url":"https:\/\/inspiratio.ro\/wp-content\/uploads\/2021\/04\/sketchbook-creion-grafit_1.jpg","contentUrl":"https:\/\/inspiratio.ro\/wp-content\/uploads\/2021\/04\/sketchbook-creion-grafit_1.jpg","width":2000,"height":1500},{"@type":"BreadcrumbList","@id":"https:\/\/inspiratio.ro\/produs\/pap-sketchbook-cu-coperta-din-piele-naturala-reciclata-si-creion-grafit\/#breadcrumb","itemListElement":[{"@type":"ListItem","position":1,"name":"Shop","item":"https:\/\/inspiratio.ro\/magazin-cadouri\/"},{"@type":"ListItem","position":2,"name":"PAP Sketchbook cu copert\u0103 din piele natural\u0103 reciclat\u0103 \u0219i creion grafit"}]},{"@type":"WebSite","@id":"https:\/\/inspiratio.ro\/#website","url":"https:\/\/inspiratio.ro\/","name":"Inspiratio","description":"Las\u0103-te purtat de inspira\u021bie","publisher":{"@id":"https:\/\/inspiratio.ro\/#organization"},"potentialAction":[{"@type":"SearchAction","target":{"@type":"EntryPoint","urlTemplate":"https:\/\/inspiratio.ro\/?s={search_term_string}"},"query-input":{"@type":"PropertyValueSpecification","valueRequired":true,"valueName":"search_term_string"}}],"inLanguage":"en-US"},{"@type":"Organization","@id":"https:\/\/inspiratio.ro\/#organization","name":"Inspiratio","url":"https:\/\/inspiratio.ro\/","logo":{"@type":"ImageObject","inLanguage":"en-US","@id":"https:\/\/inspiratio.ro\/#\/schema\/logo\/image\/","url":"https:\/\/inspiratio.ro\/wp-content\/uploads\/2020\/06\/logo-inspiratio.png","contentUrl":"https:\/\/inspiratio.ro\/wp-content\/uploads\/2020\/06\/logo-inspiratio.png","width":232,"height":209,"caption":"Inspiratio"},"image":{"@id":"https:\/\/inspiratio.ro\/#\/schema\/logo\/image\/"},"sameAs":["https:\/\/www.facebook.com\/inspiratiogiftstudio\/","https:\/\/www.instagram.com\/inspiratio_giftstudio\/"]}]}},"brands":[{"id":132,"name":"Paper Art","slug":"paper-art"}],"_links":{"self":[{"href":"https:\/\/inspiratio.ro\/en\/wp-json\/wp\/v2\/product\/3733","targetHints":{"allow":["GET"]}}],"collection":[{"href":"https:\/\/inspiratio.ro\/en\/wp-json\/wp\/v2\/product"}],"about":[{"href":"https:\/\/inspiratio.ro\/en\/wp-json\/wp\/v2\/types\/product"}],"replies":[{"embeddable":true,"href":"https:\/\/inspiratio.ro\/en\/wp-json\/wp\/v2\/comments?post=3733"}],"wp:featuredmedia":[{"embeddable":true,"href":"https:\/\/inspiratio.ro\/en\/wp-json\/wp\/v2\/media\/3734"}],"wp:attachment":[{"href":"https:\/\/inspiratio.ro\/en\/wp-json\/wp\/v2\/media?parent=3733"}],"wp:term":[{"taxonomy":"pwb-brand","embeddable":true,"href":"https:\/\/inspiratio.ro\/en\/wp-json\/wp\/v2\/pwb-brand?post=3733"},{"taxonomy":"product_brand","embeddable":true,"href":"https:\/\/inspiratio.ro\/en\/wp-json\/wp\/v2\/product_brand?post=3733"},{"taxonomy":"product_cat","embeddable":true,"href":"https:\/\/inspiratio.ro\/en\/wp-json\/wp\/v2\/product_cat?post=3733"},{"taxonomy":"product_tag","embeddable":true,"href":"https:\/\/inspiratio.ro\/en\/wp-json\/wp\/v2\/product_tag?post=3733"}],"curies":[{"name":"wp","href":"https:\/\/api.w.org\/{rel}","templated":true}]}}