{"id":3719,"date":"2021-04-16T11:51:23","date_gmt":"2021-04-16T08:51:23","guid":{"rendered":"https:\/\/inspiratio.ro\/?post_type=product&#038;p=3719"},"modified":"2023-05-22T11:21:06","modified_gmt":"2023-05-22T08:21:06","slug":"pap-set-caligrafie-memories-cu-pana-de-fazan","status":"publish","type":"product","link":"https:\/\/inspiratio.ro\/en\/produs\/pap-set-caligrafie-memories-cu-pana-de-fazan\/","title":{"rendered":"Set Caligrafie Memories cu pan\u0103 de fazan"},"content":{"rendered":"<p>Set cadou, format din: agend\u0103\/caiet cu copert\u0103 din piele natural\u0103 reciclat\u0103, pan\u0103 natural\u0103 de fazan, cu peni\u021b\u0103, \u0219i o sticlu\u021b\u0103 cu cerneal\u0103 de culoare neagr\u0103<\/p>\n<p>Agenda\/caietul are coperta din piele natural\u0103 reciclat\u0103, cu o textur\u0103 moale \u0219i delicat\u0103 la atingere, interiorul av\u00e2nd 80 file (160 pagini) din h\u00e2rtie ivoire certificat\u0103 FSC (Forest Stewardship Council), iar \u00eenchiderea p\u0103streaz\u0103 elegan\u021ba produsului, fiind prev\u0103zut\u0103 cu o caps\u0103. Interiorul agendei\/caietului p\u0103streaz\u0103\u00a0aspectul vintage, filele av\u00e2nd culoarea ivoire.<\/p>\n<p>Setul este ambalat \u00eentr-o cutie din carton negru, fiind gata preg\u0103tit pentru a fi oferit drept cadou.<\/p>\n","protected":false},"excerpt":{"rendered":"<p>Set caligrafie<\/p>\n","protected":false},"featured_media":3720,"comment_status":"open","ping_status":"closed","template":"","meta":[],"pwb-brand":[132],"product_brand":[],"product_cat":[116,85],"product_tag":[],"class_list":{"0":"post-3719","1":"product","2":"type-product","3":"status-publish","4":"has-post-thumbnail","6":"pwb-brand-paper-art","7":"product_cat-seturi-cadou","8":"product_cat-papetarie","10":"first","11":"instock","12":"taxable","13":"shipping-taxable","14":"purchasable","15":"product-type-simple"},"yoast_head":"<!-- This site is optimized with the Yoast SEO plugin v26.9 - https:\/\/yoast.com\/product\/yoast-seo-wordpress\/ -->\n<title>PAP Set Caligrafie Memories cu pan\u0103 de fazan - Inspiratio<\/title>\n<meta name=\"robots\" content=\"index, follow, max-snippet:-1, max-image-preview:large, max-video-preview:-1\" \/>\n<link rel=\"canonical\" href=\"https:\/\/inspiratio.ro\/produs\/pap-set-caligrafie-memories-cu-pana-de-fazan\/\" \/>\n<meta property=\"og:locale\" content=\"en_US\" \/>\n<meta property=\"og:type\" content=\"article\" \/>\n<meta property=\"og:title\" content=\"PAP Set Caligrafie Memories cu pan\u0103 de fazan - Inspiratio\" \/>\n<meta property=\"og:description\" content=\"Set caligrafie\" \/>\n<meta property=\"og:url\" content=\"https:\/\/inspiratio.ro\/produs\/pap-set-caligrafie-memories-cu-pana-de-fazan\/\" \/>\n<meta property=\"og:site_name\" content=\"Inspiratio\" \/>\n<meta property=\"article:publisher\" content=\"https:\/\/www.facebook.com\/inspiratiogiftstudio\/\" \/>\n<meta property=\"article:modified_time\" content=\"2023-05-22T08:21:06+00:00\" \/>\n<meta property=\"og:image\" content=\"https:\/\/inspiratio.ro\/wp-content\/uploads\/2021\/04\/set-memories-cu-pana-de-fazan.jpg\" \/>\n\t<meta property=\"og:image:width\" content=\"2000\" \/>\n\t<meta property=\"og:image:height\" content=\"1500\" \/>\n\t<meta property=\"og:image:type\" content=\"image\/jpeg\" \/>\n<meta name=\"twitter:card\" content=\"summary_large_image\" \/>\n<meta name=\"twitter:label1\" content=\"Est. reading time\" \/>\n\t<meta name=\"twitter:data1\" content=\"1 minute\" \/>\n<script type=\"application\/ld+json\" class=\"yoast-schema-graph\">{\"@context\":\"https:\/\/schema.org\",\"@graph\":[{\"@type\":\"WebPage\",\"@id\":\"https:\/\/inspiratio.ro\/produs\/pap-set-caligrafie-memories-cu-pana-de-fazan\/\",\"url\":\"https:\/\/inspiratio.ro\/produs\/pap-set-caligrafie-memories-cu-pana-de-fazan\/\",\"name\":\"PAP Set Caligrafie Memories cu pan\u0103 de fazan - Inspiratio\",\"isPartOf\":{\"@id\":\"https:\/\/inspiratio.ro\/#website\"},\"primaryImageOfPage\":{\"@id\":\"https:\/\/inspiratio.ro\/produs\/pap-set-caligrafie-memories-cu-pana-de-fazan\/#primaryimage\"},\"image\":{\"@id\":\"https:\/\/inspiratio.ro\/produs\/pap-set-caligrafie-memories-cu-pana-de-fazan\/#primaryimage\"},\"thumbnailUrl\":\"https:\/\/inspiratio.ro\/wp-content\/uploads\/2021\/04\/set-memories-cu-pana-de-fazan.jpg\",\"datePublished\":\"2021-04-16T08:51:23+00:00\",\"dateModified\":\"2023-05-22T08:21:06+00:00\",\"breadcrumb\":{\"@id\":\"https:\/\/inspiratio.ro\/produs\/pap-set-caligrafie-memories-cu-pana-de-fazan\/#breadcrumb\"},\"inLanguage\":\"en-US\",\"potentialAction\":[{\"@type\":\"ReadAction\",\"target\":[\"https:\/\/inspiratio.ro\/produs\/pap-set-caligrafie-memories-cu-pana-de-fazan\/\"]}]},{\"@type\":\"ImageObject\",\"inLanguage\":\"en-US\",\"@id\":\"https:\/\/inspiratio.ro\/produs\/pap-set-caligrafie-memories-cu-pana-de-fazan\/#primaryimage\",\"url\":\"https:\/\/inspiratio.ro\/wp-content\/uploads\/2021\/04\/set-memories-cu-pana-de-fazan.jpg\",\"contentUrl\":\"https:\/\/inspiratio.ro\/wp-content\/uploads\/2021\/04\/set-memories-cu-pana-de-fazan.jpg\",\"width\":2000,\"height\":1500},{\"@type\":\"BreadcrumbList\",\"@id\":\"https:\/\/inspiratio.ro\/produs\/pap-set-caligrafie-memories-cu-pana-de-fazan\/#breadcrumb\",\"itemListElement\":[{\"@type\":\"ListItem\",\"position\":1,\"name\":\"Shop\",\"item\":\"https:\/\/inspiratio.ro\/magazin-cadouri\/\"},{\"@type\":\"ListItem\",\"position\":2,\"name\":\"PAP Set Caligrafie Memories cu pan\u0103 de fazan\"}]},{\"@type\":\"WebSite\",\"@id\":\"https:\/\/inspiratio.ro\/#website\",\"url\":\"https:\/\/inspiratio.ro\/\",\"name\":\"Inspiratio\",\"description\":\"Las\u0103-te purtat de inspira\u021bie\",\"publisher\":{\"@id\":\"https:\/\/inspiratio.ro\/#organization\"},\"potentialAction\":[{\"@type\":\"SearchAction\",\"target\":{\"@type\":\"EntryPoint\",\"urlTemplate\":\"https:\/\/inspiratio.ro\/?s={search_term_string}\"},\"query-input\":{\"@type\":\"PropertyValueSpecification\",\"valueRequired\":true,\"valueName\":\"search_term_string\"}}],\"inLanguage\":\"en-US\"},{\"@type\":\"Organization\",\"@id\":\"https:\/\/inspiratio.ro\/#organization\",\"name\":\"Inspiratio\",\"url\":\"https:\/\/inspiratio.ro\/\",\"logo\":{\"@type\":\"ImageObject\",\"inLanguage\":\"en-US\",\"@id\":\"https:\/\/inspiratio.ro\/#\/schema\/logo\/image\/\",\"url\":\"https:\/\/inspiratio.ro\/wp-content\/uploads\/2020\/06\/logo-inspiratio.png\",\"contentUrl\":\"https:\/\/inspiratio.ro\/wp-content\/uploads\/2020\/06\/logo-inspiratio.png\",\"width\":232,\"height\":209,\"caption\":\"Inspiratio\"},\"image\":{\"@id\":\"https:\/\/inspiratio.ro\/#\/schema\/logo\/image\/\"},\"sameAs\":[\"https:\/\/www.facebook.com\/inspiratiogiftstudio\/\",\"https:\/\/www.instagram.com\/inspiratio_giftstudio\/\"]}]}<\/script>\n<!-- \/ Yoast SEO plugin. -->","yoast_head_json":{"title":"PAP Set Caligrafie Memories cu pan\u0103 de fazan - Inspiratio","robots":{"index":"index","follow":"follow","max-snippet":"max-snippet:-1","max-image-preview":"max-image-preview:large","max-video-preview":"max-video-preview:-1"},"canonical":"https:\/\/inspiratio.ro\/produs\/pap-set-caligrafie-memories-cu-pana-de-fazan\/","og_locale":"en_US","og_type":"article","og_title":"PAP Set Caligrafie Memories cu pan\u0103 de fazan - Inspiratio","og_description":"Set caligrafie","og_url":"https:\/\/inspiratio.ro\/produs\/pap-set-caligrafie-memories-cu-pana-de-fazan\/","og_site_name":"Inspiratio","article_publisher":"https:\/\/www.facebook.com\/inspiratiogiftstudio\/","article_modified_time":"2023-05-22T08:21:06+00:00","og_image":[{"width":2000,"height":1500,"url":"https:\/\/inspiratio.ro\/wp-content\/uploads\/2021\/04\/set-memories-cu-pana-de-fazan.jpg","type":"image\/jpeg"}],"twitter_card":"summary_large_image","twitter_misc":{"Est. reading time":"1 minute"},"schema":{"@context":"https:\/\/schema.org","@graph":[{"@type":"WebPage","@id":"https:\/\/inspiratio.ro\/produs\/pap-set-caligrafie-memories-cu-pana-de-fazan\/","url":"https:\/\/inspiratio.ro\/produs\/pap-set-caligrafie-memories-cu-pana-de-fazan\/","name":"PAP Set Caligrafie Memories cu pan\u0103 de fazan - Inspiratio","isPartOf":{"@id":"https:\/\/inspiratio.ro\/#website"},"primaryImageOfPage":{"@id":"https:\/\/inspiratio.ro\/produs\/pap-set-caligrafie-memories-cu-pana-de-fazan\/#primaryimage"},"image":{"@id":"https:\/\/inspiratio.ro\/produs\/pap-set-caligrafie-memories-cu-pana-de-fazan\/#primaryimage"},"thumbnailUrl":"https:\/\/inspiratio.ro\/wp-content\/uploads\/2021\/04\/set-memories-cu-pana-de-fazan.jpg","datePublished":"2021-04-16T08:51:23+00:00","dateModified":"2023-05-22T08:21:06+00:00","breadcrumb":{"@id":"https:\/\/inspiratio.ro\/produs\/pap-set-caligrafie-memories-cu-pana-de-fazan\/#breadcrumb"},"inLanguage":"en-US","potentialAction":[{"@type":"ReadAction","target":["https:\/\/inspiratio.ro\/produs\/pap-set-caligrafie-memories-cu-pana-de-fazan\/"]}]},{"@type":"ImageObject","inLanguage":"en-US","@id":"https:\/\/inspiratio.ro\/produs\/pap-set-caligrafie-memories-cu-pana-de-fazan\/#primaryimage","url":"https:\/\/inspiratio.ro\/wp-content\/uploads\/2021\/04\/set-memories-cu-pana-de-fazan.jpg","contentUrl":"https:\/\/inspiratio.ro\/wp-content\/uploads\/2021\/04\/set-memories-cu-pana-de-fazan.jpg","width":2000,"height":1500},{"@type":"BreadcrumbList","@id":"https:\/\/inspiratio.ro\/produs\/pap-set-caligrafie-memories-cu-pana-de-fazan\/#breadcrumb","itemListElement":[{"@type":"ListItem","position":1,"name":"Shop","item":"https:\/\/inspiratio.ro\/magazin-cadouri\/"},{"@type":"ListItem","position":2,"name":"PAP Set Caligrafie Memories cu pan\u0103 de fazan"}]},{"@type":"WebSite","@id":"https:\/\/inspiratio.ro\/#website","url":"https:\/\/inspiratio.ro\/","name":"Inspiratio","description":"Las\u0103-te purtat de inspira\u021bie","publisher":{"@id":"https:\/\/inspiratio.ro\/#organization"},"potentialAction":[{"@type":"SearchAction","target":{"@type":"EntryPoint","urlTemplate":"https:\/\/inspiratio.ro\/?s={search_term_string}"},"query-input":{"@type":"PropertyValueSpecification","valueRequired":true,"valueName":"search_term_string"}}],"inLanguage":"en-US"},{"@type":"Organization","@id":"https:\/\/inspiratio.ro\/#organization","name":"Inspiratio","url":"https:\/\/inspiratio.ro\/","logo":{"@type":"ImageObject","inLanguage":"en-US","@id":"https:\/\/inspiratio.ro\/#\/schema\/logo\/image\/","url":"https:\/\/inspiratio.ro\/wp-content\/uploads\/2020\/06\/logo-inspiratio.png","contentUrl":"https:\/\/inspiratio.ro\/wp-content\/uploads\/2020\/06\/logo-inspiratio.png","width":232,"height":209,"caption":"Inspiratio"},"image":{"@id":"https:\/\/inspiratio.ro\/#\/schema\/logo\/image\/"},"sameAs":["https:\/\/www.facebook.com\/inspiratiogiftstudio\/","https:\/\/www.instagram.com\/inspiratio_giftstudio\/"]}]}},"brands":[{"id":132,"name":"Paper Art","slug":"paper-art"}],"_links":{"self":[{"href":"https:\/\/inspiratio.ro\/en\/wp-json\/wp\/v2\/product\/3719","targetHints":{"allow":["GET"]}}],"collection":[{"href":"https:\/\/inspiratio.ro\/en\/wp-json\/wp\/v2\/product"}],"about":[{"href":"https:\/\/inspiratio.ro\/en\/wp-json\/wp\/v2\/types\/product"}],"replies":[{"embeddable":true,"href":"https:\/\/inspiratio.ro\/en\/wp-json\/wp\/v2\/comments?post=3719"}],"wp:featuredmedia":[{"embeddable":true,"href":"https:\/\/inspiratio.ro\/en\/wp-json\/wp\/v2\/media\/3720"}],"wp:attachment":[{"href":"https:\/\/inspiratio.ro\/en\/wp-json\/wp\/v2\/media?parent=3719"}],"wp:term":[{"taxonomy":"pwb-brand","embeddable":true,"href":"https:\/\/inspiratio.ro\/en\/wp-json\/wp\/v2\/pwb-brand?post=3719"},{"taxonomy":"product_brand","embeddable":true,"href":"https:\/\/inspiratio.ro\/en\/wp-json\/wp\/v2\/product_brand?post=3719"},{"taxonomy":"product_cat","embeddable":true,"href":"https:\/\/inspiratio.ro\/en\/wp-json\/wp\/v2\/product_cat?post=3719"},{"taxonomy":"product_tag","embeddable":true,"href":"https:\/\/inspiratio.ro\/en\/wp-json\/wp\/v2\/product_tag?post=3719"}],"curies":[{"name":"wp","href":"https:\/\/api.w.org\/{rel}","templated":true}]}}