{"id":3696,"date":"2021-04-06T14:26:56","date_gmt":"2021-04-06T14:26:56","guid":{"rendered":"https:\/\/inspiratio.ro\/?post_type=product&#038;p=3696"},"modified":"2025-11-24T17:45:52","modified_gmt":"2025-11-24T15:45:52","slug":"set-tihna-si-odihna","status":"publish","type":"product","link":"https:\/\/inspiratio.ro\/en\/produs\/set-tihna-si-odihna\/","title":{"rendered":"cadou &#8220;Tihn\u0103 \u0219i odihn\u0103&#8221;"},"content":{"rendered":"<p>Voi la ce v\u0103 g\u00e2ndi\u021bi atunci c\u00e2nd zice\u021bi \u201etihn\u0103\u201d? Noi ne g\u00e2ndim la \u021bes\u0103turi naturale \u0219i lejere, la ierburi \u0219i palmieri, pe care numai \u00een vacan\u021b\u0103 \u00eei \u00eent\u00e2lnim, la un pahar de vorb\u0103 cu prietenii \u0219i la bucuria de a vedea totul \u00een jurul nostru ca pe o mare oper\u0103 de art\u0103.<\/p>\n<p><strong>Setul cadou &#8220;Tihn\u0103 \u0219i odihn\u0103&#8221;con\u021bine:<\/strong><\/p>\n<ul>\n<li>un print de art\u0103 format A4, de la Irina Neac\u0219u;<\/li>\n<li>ceai no. 1, de Savour Transylvania.<\/li>\n<\/ul>\n<p>La INSPIRATIO, stocurile sunt mereu reduse, pentru c\u0103 lucr\u0103m cu artizani \u0219i designeri care manufactureaz\u0103 fiecare produs \u00een parte. A\u0219adar, v\u0103 mul\u021bumim de pe acum c\u0103 ne permite\u021bi s\u0103 v\u0103 contact\u0103m, \u00een cazul \u00een care produsele din pachet nu sunt momentan pe stoc sau unde poate avem \u0219i alte op\u021biuni.<\/p>\n<p>Pachetele-cadou vor fi ambalate \u00een cutii de carton \u0219i \u00een h\u00e2rtie de ambalat. V\u0103 vom ruga s\u0103 ne specifica\u021bi\u00a0dac\u0103 dori\u021bi s\u0103 ad\u0103ug\u0103m o felicitare, pe care o putem scrie pentru voi, astfel \u00eenc\u00e2t pachetul ales s\u0103 devin\u0103 cea mai frumoas\u0103 surpriz\u0103.<\/p>\n","protected":false},"excerpt":{"rendered":"<p>Set cadou<\/p>\n","protected":false},"featured_media":10192,"comment_status":"open","ping_status":"closed","template":"","meta":[],"pwb-brand":[61],"product_brand":[],"product_cat":[116],"product_tag":[],"class_list":{"0":"post-3696","1":"product","2":"type-product","3":"status-publish","4":"has-post-thumbnail","6":"pwb-brand-atelier-irina-neacsu","7":"product_cat-seturi-cadou","9":"first","10":"instock","11":"taxable","12":"shipping-taxable","13":"purchasable","14":"product-type-simple"},"yoast_head":"<!-- This site is optimized with the Yoast SEO plugin v26.9 - https:\/\/yoast.com\/product\/yoast-seo-wordpress\/ -->\n<title>Set cadou &quot;Tihn\u0103 \u0219i odihn\u0103&quot; - Inspiratio<\/title>\n<meta name=\"description\" content=\"Set cadou &quot;Tihn\u0103 \u0219i odihn\u0103&quot;\" \/>\n<meta name=\"robots\" content=\"index, follow, max-snippet:-1, max-image-preview:large, max-video-preview:-1\" \/>\n<link rel=\"canonical\" href=\"https:\/\/inspiratio.ro\/produs\/set-tihna-si-odihna\/\" \/>\n<meta property=\"og:locale\" content=\"en_US\" \/>\n<meta property=\"og:type\" content=\"article\" \/>\n<meta property=\"og:title\" content=\"Set cadou &quot;Tihn\u0103 \u0219i odihn\u0103&quot; - Inspiratio\" \/>\n<meta property=\"og:description\" content=\"Set cadou &quot;Tihn\u0103 \u0219i odihn\u0103&quot;\" \/>\n<meta property=\"og:url\" content=\"https:\/\/inspiratio.ro\/produs\/set-tihna-si-odihna\/\" \/>\n<meta property=\"og:site_name\" content=\"Inspiratio\" \/>\n<meta property=\"article:publisher\" content=\"https:\/\/www.facebook.com\/inspiratiogiftstudio\/\" \/>\n<meta property=\"article:modified_time\" content=\"2025-11-24T15:45:52+00:00\" \/>\n<meta property=\"og:image\" content=\"https:\/\/inspiratio.ro\/wp-content\/uploads\/2021\/04\/Inlocuit_Tihna-si-odihna.jpg\" \/>\n\t<meta property=\"og:image:width\" content=\"1232\" \/>\n\t<meta property=\"og:image:height\" content=\"1540\" \/>\n\t<meta property=\"og:image:type\" content=\"image\/jpeg\" \/>\n<meta name=\"twitter:card\" content=\"summary_large_image\" \/>\n<meta name=\"twitter:label1\" content=\"Est. reading time\" \/>\n\t<meta name=\"twitter:data1\" content=\"2 minutes\" \/>\n<script type=\"application\/ld+json\" class=\"yoast-schema-graph\">{\"@context\":\"https:\/\/schema.org\",\"@graph\":[{\"@type\":\"WebPage\",\"@id\":\"https:\/\/inspiratio.ro\/produs\/set-tihna-si-odihna\/\",\"url\":\"https:\/\/inspiratio.ro\/produs\/set-tihna-si-odihna\/\",\"name\":\"Set cadou \\\"Tihn\u0103 \u0219i odihn\u0103\\\" - Inspiratio\",\"isPartOf\":{\"@id\":\"https:\/\/inspiratio.ro\/#website\"},\"primaryImageOfPage\":{\"@id\":\"https:\/\/inspiratio.ro\/produs\/set-tihna-si-odihna\/#primaryimage\"},\"image\":{\"@id\":\"https:\/\/inspiratio.ro\/produs\/set-tihna-si-odihna\/#primaryimage\"},\"thumbnailUrl\":\"https:\/\/inspiratio.ro\/wp-content\/uploads\/2021\/04\/Inlocuit_Tihna-si-odihna.jpg\",\"datePublished\":\"2021-04-06T14:26:56+00:00\",\"dateModified\":\"2025-11-24T15:45:52+00:00\",\"description\":\"Set cadou \\\"Tihn\u0103 \u0219i odihn\u0103\\\"\",\"breadcrumb\":{\"@id\":\"https:\/\/inspiratio.ro\/produs\/set-tihna-si-odihna\/#breadcrumb\"},\"inLanguage\":\"en-US\",\"potentialAction\":[{\"@type\":\"ReadAction\",\"target\":[\"https:\/\/inspiratio.ro\/produs\/set-tihna-si-odihna\/\"]}]},{\"@type\":\"ImageObject\",\"inLanguage\":\"en-US\",\"@id\":\"https:\/\/inspiratio.ro\/produs\/set-tihna-si-odihna\/#primaryimage\",\"url\":\"https:\/\/inspiratio.ro\/wp-content\/uploads\/2021\/04\/Inlocuit_Tihna-si-odihna.jpg\",\"contentUrl\":\"https:\/\/inspiratio.ro\/wp-content\/uploads\/2021\/04\/Inlocuit_Tihna-si-odihna.jpg\",\"width\":1232,\"height\":1540},{\"@type\":\"BreadcrumbList\",\"@id\":\"https:\/\/inspiratio.ro\/produs\/set-tihna-si-odihna\/#breadcrumb\",\"itemListElement\":[{\"@type\":\"ListItem\",\"position\":1,\"name\":\"Shop\",\"item\":\"https:\/\/inspiratio.ro\/magazin-cadouri\/\"},{\"@type\":\"ListItem\",\"position\":2,\"name\":\"Set cadou &#8222;Tihn\u0103 \u0219i odihn\u0103&#8221;\"}]},{\"@type\":\"WebSite\",\"@id\":\"https:\/\/inspiratio.ro\/#website\",\"url\":\"https:\/\/inspiratio.ro\/\",\"name\":\"Inspiratio\",\"description\":\"Las\u0103-te purtat de inspira\u021bie\",\"publisher\":{\"@id\":\"https:\/\/inspiratio.ro\/#organization\"},\"potentialAction\":[{\"@type\":\"SearchAction\",\"target\":{\"@type\":\"EntryPoint\",\"urlTemplate\":\"https:\/\/inspiratio.ro\/?s={search_term_string}\"},\"query-input\":{\"@type\":\"PropertyValueSpecification\",\"valueRequired\":true,\"valueName\":\"search_term_string\"}}],\"inLanguage\":\"en-US\"},{\"@type\":\"Organization\",\"@id\":\"https:\/\/inspiratio.ro\/#organization\",\"name\":\"Inspiratio\",\"url\":\"https:\/\/inspiratio.ro\/\",\"logo\":{\"@type\":\"ImageObject\",\"inLanguage\":\"en-US\",\"@id\":\"https:\/\/inspiratio.ro\/#\/schema\/logo\/image\/\",\"url\":\"https:\/\/inspiratio.ro\/wp-content\/uploads\/2020\/06\/logo-inspiratio.png\",\"contentUrl\":\"https:\/\/inspiratio.ro\/wp-content\/uploads\/2020\/06\/logo-inspiratio.png\",\"width\":232,\"height\":209,\"caption\":\"Inspiratio\"},\"image\":{\"@id\":\"https:\/\/inspiratio.ro\/#\/schema\/logo\/image\/\"},\"sameAs\":[\"https:\/\/www.facebook.com\/inspiratiogiftstudio\/\",\"https:\/\/www.instagram.com\/inspiratio_giftstudio\/\"]}]}<\/script>\n<!-- \/ Yoast SEO plugin. -->","yoast_head_json":{"title":"Set cadou \"Tihn\u0103 \u0219i odihn\u0103\" - Inspiratio","description":"Set cadou \"Tihn\u0103 \u0219i odihn\u0103\"","robots":{"index":"index","follow":"follow","max-snippet":"max-snippet:-1","max-image-preview":"max-image-preview:large","max-video-preview":"max-video-preview:-1"},"canonical":"https:\/\/inspiratio.ro\/produs\/set-tihna-si-odihna\/","og_locale":"en_US","og_type":"article","og_title":"Set cadou \"Tihn\u0103 \u0219i odihn\u0103\" - Inspiratio","og_description":"Set cadou \"Tihn\u0103 \u0219i odihn\u0103\"","og_url":"https:\/\/inspiratio.ro\/produs\/set-tihna-si-odihna\/","og_site_name":"Inspiratio","article_publisher":"https:\/\/www.facebook.com\/inspiratiogiftstudio\/","article_modified_time":"2025-11-24T15:45:52+00:00","og_image":[{"width":1232,"height":1540,"url":"https:\/\/inspiratio.ro\/wp-content\/uploads\/2021\/04\/Inlocuit_Tihna-si-odihna.jpg","type":"image\/jpeg"}],"twitter_card":"summary_large_image","twitter_misc":{"Est. reading time":"2 minutes"},"schema":{"@context":"https:\/\/schema.org","@graph":[{"@type":"WebPage","@id":"https:\/\/inspiratio.ro\/produs\/set-tihna-si-odihna\/","url":"https:\/\/inspiratio.ro\/produs\/set-tihna-si-odihna\/","name":"Set cadou \"Tihn\u0103 \u0219i odihn\u0103\" - Inspiratio","isPartOf":{"@id":"https:\/\/inspiratio.ro\/#website"},"primaryImageOfPage":{"@id":"https:\/\/inspiratio.ro\/produs\/set-tihna-si-odihna\/#primaryimage"},"image":{"@id":"https:\/\/inspiratio.ro\/produs\/set-tihna-si-odihna\/#primaryimage"},"thumbnailUrl":"https:\/\/inspiratio.ro\/wp-content\/uploads\/2021\/04\/Inlocuit_Tihna-si-odihna.jpg","datePublished":"2021-04-06T14:26:56+00:00","dateModified":"2025-11-24T15:45:52+00:00","description":"Set cadou \"Tihn\u0103 \u0219i odihn\u0103\"","breadcrumb":{"@id":"https:\/\/inspiratio.ro\/produs\/set-tihna-si-odihna\/#breadcrumb"},"inLanguage":"en-US","potentialAction":[{"@type":"ReadAction","target":["https:\/\/inspiratio.ro\/produs\/set-tihna-si-odihna\/"]}]},{"@type":"ImageObject","inLanguage":"en-US","@id":"https:\/\/inspiratio.ro\/produs\/set-tihna-si-odihna\/#primaryimage","url":"https:\/\/inspiratio.ro\/wp-content\/uploads\/2021\/04\/Inlocuit_Tihna-si-odihna.jpg","contentUrl":"https:\/\/inspiratio.ro\/wp-content\/uploads\/2021\/04\/Inlocuit_Tihna-si-odihna.jpg","width":1232,"height":1540},{"@type":"BreadcrumbList","@id":"https:\/\/inspiratio.ro\/produs\/set-tihna-si-odihna\/#breadcrumb","itemListElement":[{"@type":"ListItem","position":1,"name":"Shop","item":"https:\/\/inspiratio.ro\/magazin-cadouri\/"},{"@type":"ListItem","position":2,"name":"Set cadou &#8222;Tihn\u0103 \u0219i odihn\u0103&#8221;"}]},{"@type":"WebSite","@id":"https:\/\/inspiratio.ro\/#website","url":"https:\/\/inspiratio.ro\/","name":"Inspiratio","description":"Las\u0103-te purtat de inspira\u021bie","publisher":{"@id":"https:\/\/inspiratio.ro\/#organization"},"potentialAction":[{"@type":"SearchAction","target":{"@type":"EntryPoint","urlTemplate":"https:\/\/inspiratio.ro\/?s={search_term_string}"},"query-input":{"@type":"PropertyValueSpecification","valueRequired":true,"valueName":"search_term_string"}}],"inLanguage":"en-US"},{"@type":"Organization","@id":"https:\/\/inspiratio.ro\/#organization","name":"Inspiratio","url":"https:\/\/inspiratio.ro\/","logo":{"@type":"ImageObject","inLanguage":"en-US","@id":"https:\/\/inspiratio.ro\/#\/schema\/logo\/image\/","url":"https:\/\/inspiratio.ro\/wp-content\/uploads\/2020\/06\/logo-inspiratio.png","contentUrl":"https:\/\/inspiratio.ro\/wp-content\/uploads\/2020\/06\/logo-inspiratio.png","width":232,"height":209,"caption":"Inspiratio"},"image":{"@id":"https:\/\/inspiratio.ro\/#\/schema\/logo\/image\/"},"sameAs":["https:\/\/www.facebook.com\/inspiratiogiftstudio\/","https:\/\/www.instagram.com\/inspiratio_giftstudio\/"]}]}},"brands":[{"id":61,"name":"Atelier Irina Neac\u0219u","slug":"atelier-irina-neacsu"}],"_links":{"self":[{"href":"https:\/\/inspiratio.ro\/en\/wp-json\/wp\/v2\/product\/3696","targetHints":{"allow":["GET"]}}],"collection":[{"href":"https:\/\/inspiratio.ro\/en\/wp-json\/wp\/v2\/product"}],"about":[{"href":"https:\/\/inspiratio.ro\/en\/wp-json\/wp\/v2\/types\/product"}],"replies":[{"embeddable":true,"href":"https:\/\/inspiratio.ro\/en\/wp-json\/wp\/v2\/comments?post=3696"}],"wp:featuredmedia":[{"embeddable":true,"href":"https:\/\/inspiratio.ro\/en\/wp-json\/wp\/v2\/media\/10192"}],"wp:attachment":[{"href":"https:\/\/inspiratio.ro\/en\/wp-json\/wp\/v2\/media?parent=3696"}],"wp:term":[{"taxonomy":"pwb-brand","embeddable":true,"href":"https:\/\/inspiratio.ro\/en\/wp-json\/wp\/v2\/pwb-brand?post=3696"},{"taxonomy":"product_brand","embeddable":true,"href":"https:\/\/inspiratio.ro\/en\/wp-json\/wp\/v2\/product_brand?post=3696"},{"taxonomy":"product_cat","embeddable":true,"href":"https:\/\/inspiratio.ro\/en\/wp-json\/wp\/v2\/product_cat?post=3696"},{"taxonomy":"product_tag","embeddable":true,"href":"https:\/\/inspiratio.ro\/en\/wp-json\/wp\/v2\/product_tag?post=3696"}],"curies":[{"name":"wp","href":"https:\/\/api.w.org\/{rel}","templated":true}]}}