{"id":3677,"date":"2021-04-06T13:37:40","date_gmt":"2021-04-06T13:37:40","guid":{"rendered":"https:\/\/inspiratio.ro\/?post_type=product&#038;p=3677"},"modified":"2025-11-24T18:35:40","modified_gmt":"2025-11-24T16:35:40","slug":"set-bun-venit-acasa","status":"publish","type":"product","link":"https:\/\/inspiratio.ro\/en\/produs\/set-bun-venit-acasa\/","title":{"rendered":"cadou Bun venit acas\u0103!"},"content":{"rendered":"<p>Voi cum v\u0103 primi\u021bi oaspe\u021bii acas\u0103? Noi v\u0103 suger\u0103m un dulce artizanal, un pahar de t\u0103rie de la munte \u0219i o fr\u00e2ntur\u0103 de pictur\u0103 transilv\u0103nean\u0103, de asezonat cu bucate alese.<\/p>\n<p>Setul cadou \u201dBun venit acas\u0103!\u201d con\u021bine:<\/p>\n<p>&#8211; o sticl\u0103 de zmeurat\u0103, produs\u0103 artizanal \u00een satul M\u0103gura, l\u00e2ng\u0103 Bra\u0219ov;<\/p>\n<p>&#8211; un borcan de gem, produs artizanal \u00een satul M\u0103gura, l\u00e2ng\u0103 Bra\u0219ov;<\/p>\n<p>&#8211; un toc\u0103tor de ceramic\u0103, pictat manual de Raluca \u021ainc\u0103 de la Little Houses.<\/p>\n<p>La INSPIRATIO, stocurile sunt mereu reduse, pentru c\u0103 lucr\u0103m cu artizani \u0219i designeri care manufactureaz\u0103 fiecare produs \u00een parte. A\u0219adar, v\u0103 mul\u021bumim de pe acum c\u0103 ne permite\u021bi s\u0103 v\u0103 contact\u0103m, \u00een cazul \u00een care produsele din pachet nu sunt momentan pe stoc sau unde poate avem \u0219i alte op\u021biuni.<\/p>\n<p>Pachetele-cadou vor fi ambalate \u00een cutii de carton \u0219i \u00een h\u00e2rtie de ambalat. V\u0103 vom ruga s\u0103 ne specifica\u021bi\u00a0dac\u0103 dori\u021bi s\u0103 ad\u0103ug\u0103m o felicitare, pe care o putem scrie pentru voi, astfel \u00eenc\u00e2t pachetul ales s\u0103 devin\u0103 cea mai frumoas\u0103 surpriz\u0103.<\/p>\n","protected":false},"excerpt":{"rendered":"<p>Set cadou<\/p>\n","protected":false},"featured_media":3678,"comment_status":"open","ping_status":"closed","template":"","meta":[],"pwb-brand":[129,44],"product_brand":[],"product_cat":[116],"product_tag":[],"class_list":{"0":"post-3677","1":"product","2":"type-product","3":"status-publish","4":"has-post-thumbnail","6":"pwb-brand-hermann-kurmes","7":"pwb-brand-little-houses","8":"product_cat-seturi-cadou","10":"first","11":"instock","12":"taxable","13":"shipping-taxable","14":"purchasable","15":"product-type-simple"},"yoast_head":"<!-- This site is optimized with the Yoast SEO plugin v26.9 - https:\/\/yoast.com\/product\/yoast-seo-wordpress\/ -->\n<title>Set cadou Bun venit acas\u0103! - Inspiratio<\/title>\n<meta name=\"description\" content=\"Set Bun venit acas\u0103!\" \/>\n<meta name=\"robots\" content=\"index, follow, max-snippet:-1, max-image-preview:large, max-video-preview:-1\" \/>\n<link rel=\"canonical\" href=\"https:\/\/inspiratio.ro\/produs\/set-bun-venit-acasa\/\" \/>\n<meta property=\"og:locale\" content=\"en_US\" \/>\n<meta property=\"og:type\" content=\"article\" \/>\n<meta property=\"og:title\" content=\"Set cadou Bun venit acas\u0103! - Inspiratio\" \/>\n<meta property=\"og:description\" content=\"Set Bun venit acas\u0103!\" \/>\n<meta property=\"og:url\" content=\"https:\/\/inspiratio.ro\/produs\/set-bun-venit-acasa\/\" \/>\n<meta property=\"og:site_name\" content=\"Inspiratio\" \/>\n<meta property=\"article:publisher\" content=\"https:\/\/www.facebook.com\/inspiratiogiftstudio\/\" \/>\n<meta property=\"article:modified_time\" content=\"2025-11-24T16:35:40+00:00\" \/>\n<meta property=\"og:image\" content=\"https:\/\/inspiratio.ro\/wp-content\/uploads\/2021\/04\/Bun-venit-acasa.jpg\" \/>\n\t<meta property=\"og:image:width\" content=\"2000\" \/>\n\t<meta property=\"og:image:height\" content=\"2000\" \/>\n\t<meta property=\"og:image:type\" content=\"image\/jpeg\" \/>\n<meta name=\"twitter:card\" content=\"summary_large_image\" \/>\n<meta name=\"twitter:label1\" content=\"Est. reading time\" \/>\n\t<meta name=\"twitter:data1\" content=\"2 minutes\" \/>\n<script type=\"application\/ld+json\" class=\"yoast-schema-graph\">{\"@context\":\"https:\/\/schema.org\",\"@graph\":[{\"@type\":\"WebPage\",\"@id\":\"https:\/\/inspiratio.ro\/produs\/set-bun-venit-acasa\/\",\"url\":\"https:\/\/inspiratio.ro\/produs\/set-bun-venit-acasa\/\",\"name\":\"Set cadou Bun venit acas\u0103! - Inspiratio\",\"isPartOf\":{\"@id\":\"https:\/\/inspiratio.ro\/#website\"},\"primaryImageOfPage\":{\"@id\":\"https:\/\/inspiratio.ro\/produs\/set-bun-venit-acasa\/#primaryimage\"},\"image\":{\"@id\":\"https:\/\/inspiratio.ro\/produs\/set-bun-venit-acasa\/#primaryimage\"},\"thumbnailUrl\":\"https:\/\/inspiratio.ro\/wp-content\/uploads\/2021\/04\/Bun-venit-acasa.jpg\",\"datePublished\":\"2021-04-06T13:37:40+00:00\",\"dateModified\":\"2025-11-24T16:35:40+00:00\",\"description\":\"Set Bun venit acas\u0103!\",\"breadcrumb\":{\"@id\":\"https:\/\/inspiratio.ro\/produs\/set-bun-venit-acasa\/#breadcrumb\"},\"inLanguage\":\"en-US\",\"potentialAction\":[{\"@type\":\"ReadAction\",\"target\":[\"https:\/\/inspiratio.ro\/produs\/set-bun-venit-acasa\/\"]}]},{\"@type\":\"ImageObject\",\"inLanguage\":\"en-US\",\"@id\":\"https:\/\/inspiratio.ro\/produs\/set-bun-venit-acasa\/#primaryimage\",\"url\":\"https:\/\/inspiratio.ro\/wp-content\/uploads\/2021\/04\/Bun-venit-acasa.jpg\",\"contentUrl\":\"https:\/\/inspiratio.ro\/wp-content\/uploads\/2021\/04\/Bun-venit-acasa.jpg\",\"width\":2000,\"height\":2000,\"caption\":\"cadou\"},{\"@type\":\"BreadcrumbList\",\"@id\":\"https:\/\/inspiratio.ro\/produs\/set-bun-venit-acasa\/#breadcrumb\",\"itemListElement\":[{\"@type\":\"ListItem\",\"position\":1,\"name\":\"Shop\",\"item\":\"https:\/\/inspiratio.ro\/magazin-cadouri\/\"},{\"@type\":\"ListItem\",\"position\":2,\"name\":\"Set cadou Bun venit acas\u0103!\"}]},{\"@type\":\"WebSite\",\"@id\":\"https:\/\/inspiratio.ro\/#website\",\"url\":\"https:\/\/inspiratio.ro\/\",\"name\":\"Inspiratio\",\"description\":\"Las\u0103-te purtat de inspira\u021bie\",\"publisher\":{\"@id\":\"https:\/\/inspiratio.ro\/#organization\"},\"potentialAction\":[{\"@type\":\"SearchAction\",\"target\":{\"@type\":\"EntryPoint\",\"urlTemplate\":\"https:\/\/inspiratio.ro\/?s={search_term_string}\"},\"query-input\":{\"@type\":\"PropertyValueSpecification\",\"valueRequired\":true,\"valueName\":\"search_term_string\"}}],\"inLanguage\":\"en-US\"},{\"@type\":\"Organization\",\"@id\":\"https:\/\/inspiratio.ro\/#organization\",\"name\":\"Inspiratio\",\"url\":\"https:\/\/inspiratio.ro\/\",\"logo\":{\"@type\":\"ImageObject\",\"inLanguage\":\"en-US\",\"@id\":\"https:\/\/inspiratio.ro\/#\/schema\/logo\/image\/\",\"url\":\"https:\/\/inspiratio.ro\/wp-content\/uploads\/2020\/06\/logo-inspiratio.png\",\"contentUrl\":\"https:\/\/inspiratio.ro\/wp-content\/uploads\/2020\/06\/logo-inspiratio.png\",\"width\":232,\"height\":209,\"caption\":\"Inspiratio\"},\"image\":{\"@id\":\"https:\/\/inspiratio.ro\/#\/schema\/logo\/image\/\"},\"sameAs\":[\"https:\/\/www.facebook.com\/inspiratiogiftstudio\/\",\"https:\/\/www.instagram.com\/inspiratio_giftstudio\/\"]}]}<\/script>\n<!-- \/ Yoast SEO plugin. -->","yoast_head_json":{"title":"Set cadou Bun venit acas\u0103! - Inspiratio","description":"Set Bun venit acas\u0103!","robots":{"index":"index","follow":"follow","max-snippet":"max-snippet:-1","max-image-preview":"max-image-preview:large","max-video-preview":"max-video-preview:-1"},"canonical":"https:\/\/inspiratio.ro\/produs\/set-bun-venit-acasa\/","og_locale":"en_US","og_type":"article","og_title":"Set cadou Bun venit acas\u0103! - Inspiratio","og_description":"Set Bun venit acas\u0103!","og_url":"https:\/\/inspiratio.ro\/produs\/set-bun-venit-acasa\/","og_site_name":"Inspiratio","article_publisher":"https:\/\/www.facebook.com\/inspiratiogiftstudio\/","article_modified_time":"2025-11-24T16:35:40+00:00","og_image":[{"width":2000,"height":2000,"url":"https:\/\/inspiratio.ro\/wp-content\/uploads\/2021\/04\/Bun-venit-acasa.jpg","type":"image\/jpeg"}],"twitter_card":"summary_large_image","twitter_misc":{"Est. reading time":"2 minutes"},"schema":{"@context":"https:\/\/schema.org","@graph":[{"@type":"WebPage","@id":"https:\/\/inspiratio.ro\/produs\/set-bun-venit-acasa\/","url":"https:\/\/inspiratio.ro\/produs\/set-bun-venit-acasa\/","name":"Set cadou Bun venit acas\u0103! - Inspiratio","isPartOf":{"@id":"https:\/\/inspiratio.ro\/#website"},"primaryImageOfPage":{"@id":"https:\/\/inspiratio.ro\/produs\/set-bun-venit-acasa\/#primaryimage"},"image":{"@id":"https:\/\/inspiratio.ro\/produs\/set-bun-venit-acasa\/#primaryimage"},"thumbnailUrl":"https:\/\/inspiratio.ro\/wp-content\/uploads\/2021\/04\/Bun-venit-acasa.jpg","datePublished":"2021-04-06T13:37:40+00:00","dateModified":"2025-11-24T16:35:40+00:00","description":"Set Bun venit acas\u0103!","breadcrumb":{"@id":"https:\/\/inspiratio.ro\/produs\/set-bun-venit-acasa\/#breadcrumb"},"inLanguage":"en-US","potentialAction":[{"@type":"ReadAction","target":["https:\/\/inspiratio.ro\/produs\/set-bun-venit-acasa\/"]}]},{"@type":"ImageObject","inLanguage":"en-US","@id":"https:\/\/inspiratio.ro\/produs\/set-bun-venit-acasa\/#primaryimage","url":"https:\/\/inspiratio.ro\/wp-content\/uploads\/2021\/04\/Bun-venit-acasa.jpg","contentUrl":"https:\/\/inspiratio.ro\/wp-content\/uploads\/2021\/04\/Bun-venit-acasa.jpg","width":2000,"height":2000,"caption":"cadou"},{"@type":"BreadcrumbList","@id":"https:\/\/inspiratio.ro\/produs\/set-bun-venit-acasa\/#breadcrumb","itemListElement":[{"@type":"ListItem","position":1,"name":"Shop","item":"https:\/\/inspiratio.ro\/magazin-cadouri\/"},{"@type":"ListItem","position":2,"name":"Set cadou Bun venit acas\u0103!"}]},{"@type":"WebSite","@id":"https:\/\/inspiratio.ro\/#website","url":"https:\/\/inspiratio.ro\/","name":"Inspiratio","description":"Las\u0103-te purtat de inspira\u021bie","publisher":{"@id":"https:\/\/inspiratio.ro\/#organization"},"potentialAction":[{"@type":"SearchAction","target":{"@type":"EntryPoint","urlTemplate":"https:\/\/inspiratio.ro\/?s={search_term_string}"},"query-input":{"@type":"PropertyValueSpecification","valueRequired":true,"valueName":"search_term_string"}}],"inLanguage":"en-US"},{"@type":"Organization","@id":"https:\/\/inspiratio.ro\/#organization","name":"Inspiratio","url":"https:\/\/inspiratio.ro\/","logo":{"@type":"ImageObject","inLanguage":"en-US","@id":"https:\/\/inspiratio.ro\/#\/schema\/logo\/image\/","url":"https:\/\/inspiratio.ro\/wp-content\/uploads\/2020\/06\/logo-inspiratio.png","contentUrl":"https:\/\/inspiratio.ro\/wp-content\/uploads\/2020\/06\/logo-inspiratio.png","width":232,"height":209,"caption":"Inspiratio"},"image":{"@id":"https:\/\/inspiratio.ro\/#\/schema\/logo\/image\/"},"sameAs":["https:\/\/www.facebook.com\/inspiratiogiftstudio\/","https:\/\/www.instagram.com\/inspiratio_giftstudio\/"]}]}},"brands":[{"id":129,"name":"Hermann Kurmes","slug":"hermann-kurmes"},{"id":44,"name":"Little Houses","slug":"little-houses"}],"_links":{"self":[{"href":"https:\/\/inspiratio.ro\/en\/wp-json\/wp\/v2\/product\/3677","targetHints":{"allow":["GET"]}}],"collection":[{"href":"https:\/\/inspiratio.ro\/en\/wp-json\/wp\/v2\/product"}],"about":[{"href":"https:\/\/inspiratio.ro\/en\/wp-json\/wp\/v2\/types\/product"}],"replies":[{"embeddable":true,"href":"https:\/\/inspiratio.ro\/en\/wp-json\/wp\/v2\/comments?post=3677"}],"wp:featuredmedia":[{"embeddable":true,"href":"https:\/\/inspiratio.ro\/en\/wp-json\/wp\/v2\/media\/3678"}],"wp:attachment":[{"href":"https:\/\/inspiratio.ro\/en\/wp-json\/wp\/v2\/media?parent=3677"}],"wp:term":[{"taxonomy":"pwb-brand","embeddable":true,"href":"https:\/\/inspiratio.ro\/en\/wp-json\/wp\/v2\/pwb-brand?post=3677"},{"taxonomy":"product_brand","embeddable":true,"href":"https:\/\/inspiratio.ro\/en\/wp-json\/wp\/v2\/product_brand?post=3677"},{"taxonomy":"product_cat","embeddable":true,"href":"https:\/\/inspiratio.ro\/en\/wp-json\/wp\/v2\/product_cat?post=3677"},{"taxonomy":"product_tag","embeddable":true,"href":"https:\/\/inspiratio.ro\/en\/wp-json\/wp\/v2\/product_tag?post=3677"}],"curies":[{"name":"wp","href":"https:\/\/api.w.org\/{rel}","templated":true}]}}