{"id":3588,"date":"2021-03-04T12:00:59","date_gmt":"2021-03-04T12:00:59","guid":{"rendered":"https:\/\/inspiratio.ro\/?post_type=product&#038;p=3588"},"modified":"2024-08-06T13:25:45","modified_gmt":"2024-08-06T10:25:45","slug":"lit-decoratiune-perete-alba-mare","status":"publish","type":"product","link":"https:\/\/inspiratio.ro\/en\/produs\/lit-decoratiune-perete-alba-mare\/","title":{"rendered":"Decora\u021biune perete"},"content":{"rendered":"<p>Decora\u021biune din l\u00e2n\u0103 \u021bigaie \u0219i merinos, \u00eemp\u00e2slit\u0103 manual cu acul, ap\u0103 \u0219i s\u0103pun. Se spal\u0103 cu ap\u0103 rece \u0219i detergent lichid, f\u0103r\u0103 balsam.<\/p>\n<p>Dimensiune: 79 x 96 cm<\/p>\n","protected":false},"excerpt":{"rendered":"<p>Decora\u021biune perete<\/p>\n","protected":false},"featured_media":8713,"comment_status":"open","ping_status":"closed","template":"","meta":[],"pwb-brand":[44],"product_brand":[],"product_cat":[49],"product_tag":[],"class_list":{"0":"post-3588","1":"product","2":"type-product","3":"status-publish","4":"has-post-thumbnail","6":"pwb-brand-little-houses","7":"product_cat-home-and-deco","9":"first","10":"instock","11":"taxable","12":"shipping-taxable","13":"purchasable","14":"product-type-simple"},"yoast_head":"<!-- This site is optimized with the Yoast SEO plugin v26.9 - https:\/\/yoast.com\/product\/yoast-seo-wordpress\/ -->\n<title>LIT Decora\u021biune perete - Inspiratio<\/title>\n<meta name=\"description\" content=\"LIT Decora\u021biune perete\" \/>\n<meta name=\"robots\" content=\"index, follow, max-snippet:-1, max-image-preview:large, max-video-preview:-1\" \/>\n<link rel=\"canonical\" href=\"https:\/\/inspiratio.ro\/produs\/lit-decoratiune-perete-alba-mare\/\" \/>\n<meta property=\"og:locale\" content=\"en_US\" \/>\n<meta property=\"og:type\" content=\"article\" \/>\n<meta property=\"og:title\" content=\"LIT Decora\u021biune perete - Inspiratio\" \/>\n<meta property=\"og:description\" content=\"LIT Decora\u021biune perete\" \/>\n<meta property=\"og:url\" content=\"https:\/\/inspiratio.ro\/produs\/lit-decoratiune-perete-alba-mare\/\" \/>\n<meta property=\"og:site_name\" content=\"Inspiratio\" \/>\n<meta property=\"article:publisher\" content=\"https:\/\/www.facebook.com\/inspiratiogiftstudio\/\" \/>\n<meta property=\"article:modified_time\" content=\"2024-08-06T10:25:45+00:00\" \/>\n<meta property=\"og:image\" content=\"https:\/\/inspiratio.ro\/wp-content\/uploads\/2021\/03\/fe09f182-cf93-4bd9-a1d6-3893560852cb.jpeg\" \/>\n\t<meta property=\"og:image:width\" content=\"1536\" \/>\n\t<meta property=\"og:image:height\" content=\"2048\" \/>\n\t<meta property=\"og:image:type\" content=\"image\/jpeg\" \/>\n<meta name=\"twitter:card\" content=\"summary_large_image\" \/>\n<meta name=\"twitter:label1\" content=\"Est. reading time\" \/>\n\t<meta name=\"twitter:data1\" content=\"1 minute\" \/>\n<script type=\"application\/ld+json\" class=\"yoast-schema-graph\">{\"@context\":\"https:\/\/schema.org\",\"@graph\":[{\"@type\":\"WebPage\",\"@id\":\"https:\/\/inspiratio.ro\/produs\/lit-decoratiune-perete-alba-mare\/\",\"url\":\"https:\/\/inspiratio.ro\/produs\/lit-decoratiune-perete-alba-mare\/\",\"name\":\"LIT Decora\u021biune perete - Inspiratio\",\"isPartOf\":{\"@id\":\"https:\/\/inspiratio.ro\/#website\"},\"primaryImageOfPage\":{\"@id\":\"https:\/\/inspiratio.ro\/produs\/lit-decoratiune-perete-alba-mare\/#primaryimage\"},\"image\":{\"@id\":\"https:\/\/inspiratio.ro\/produs\/lit-decoratiune-perete-alba-mare\/#primaryimage\"},\"thumbnailUrl\":\"https:\/\/inspiratio.ro\/wp-content\/uploads\/2021\/03\/fe09f182-cf93-4bd9-a1d6-3893560852cb.jpeg\",\"datePublished\":\"2021-03-04T12:00:59+00:00\",\"dateModified\":\"2024-08-06T10:25:45+00:00\",\"description\":\"LIT Decora\u021biune perete\",\"breadcrumb\":{\"@id\":\"https:\/\/inspiratio.ro\/produs\/lit-decoratiune-perete-alba-mare\/#breadcrumb\"},\"inLanguage\":\"en-US\",\"potentialAction\":[{\"@type\":\"ReadAction\",\"target\":[\"https:\/\/inspiratio.ro\/produs\/lit-decoratiune-perete-alba-mare\/\"]}]},{\"@type\":\"ImageObject\",\"inLanguage\":\"en-US\",\"@id\":\"https:\/\/inspiratio.ro\/produs\/lit-decoratiune-perete-alba-mare\/#primaryimage\",\"url\":\"https:\/\/inspiratio.ro\/wp-content\/uploads\/2021\/03\/fe09f182-cf93-4bd9-a1d6-3893560852cb.jpeg\",\"contentUrl\":\"https:\/\/inspiratio.ro\/wp-content\/uploads\/2021\/03\/fe09f182-cf93-4bd9-a1d6-3893560852cb.jpeg\",\"width\":1536,\"height\":2048},{\"@type\":\"BreadcrumbList\",\"@id\":\"https:\/\/inspiratio.ro\/produs\/lit-decoratiune-perete-alba-mare\/#breadcrumb\",\"itemListElement\":[{\"@type\":\"ListItem\",\"position\":1,\"name\":\"Shop\",\"item\":\"https:\/\/inspiratio.ro\/magazin-cadouri\/\"},{\"@type\":\"ListItem\",\"position\":2,\"name\":\"LIT Decora\u021biune perete\"}]},{\"@type\":\"WebSite\",\"@id\":\"https:\/\/inspiratio.ro\/#website\",\"url\":\"https:\/\/inspiratio.ro\/\",\"name\":\"Inspiratio\",\"description\":\"Las\u0103-te purtat de inspira\u021bie\",\"publisher\":{\"@id\":\"https:\/\/inspiratio.ro\/#organization\"},\"potentialAction\":[{\"@type\":\"SearchAction\",\"target\":{\"@type\":\"EntryPoint\",\"urlTemplate\":\"https:\/\/inspiratio.ro\/?s={search_term_string}\"},\"query-input\":{\"@type\":\"PropertyValueSpecification\",\"valueRequired\":true,\"valueName\":\"search_term_string\"}}],\"inLanguage\":\"en-US\"},{\"@type\":\"Organization\",\"@id\":\"https:\/\/inspiratio.ro\/#organization\",\"name\":\"Inspiratio\",\"url\":\"https:\/\/inspiratio.ro\/\",\"logo\":{\"@type\":\"ImageObject\",\"inLanguage\":\"en-US\",\"@id\":\"https:\/\/inspiratio.ro\/#\/schema\/logo\/image\/\",\"url\":\"https:\/\/inspiratio.ro\/wp-content\/uploads\/2020\/06\/logo-inspiratio.png\",\"contentUrl\":\"https:\/\/inspiratio.ro\/wp-content\/uploads\/2020\/06\/logo-inspiratio.png\",\"width\":232,\"height\":209,\"caption\":\"Inspiratio\"},\"image\":{\"@id\":\"https:\/\/inspiratio.ro\/#\/schema\/logo\/image\/\"},\"sameAs\":[\"https:\/\/www.facebook.com\/inspiratiogiftstudio\/\",\"https:\/\/www.instagram.com\/inspiratio_giftstudio\/\"]}]}<\/script>\n<!-- \/ Yoast SEO plugin. -->","yoast_head_json":{"title":"LIT Decora\u021biune perete - Inspiratio","description":"LIT Decora\u021biune perete","robots":{"index":"index","follow":"follow","max-snippet":"max-snippet:-1","max-image-preview":"max-image-preview:large","max-video-preview":"max-video-preview:-1"},"canonical":"https:\/\/inspiratio.ro\/produs\/lit-decoratiune-perete-alba-mare\/","og_locale":"en_US","og_type":"article","og_title":"LIT Decora\u021biune perete - Inspiratio","og_description":"LIT Decora\u021biune perete","og_url":"https:\/\/inspiratio.ro\/produs\/lit-decoratiune-perete-alba-mare\/","og_site_name":"Inspiratio","article_publisher":"https:\/\/www.facebook.com\/inspiratiogiftstudio\/","article_modified_time":"2024-08-06T10:25:45+00:00","og_image":[{"width":1536,"height":2048,"url":"https:\/\/inspiratio.ro\/wp-content\/uploads\/2021\/03\/fe09f182-cf93-4bd9-a1d6-3893560852cb.jpeg","type":"image\/jpeg"}],"twitter_card":"summary_large_image","twitter_misc":{"Est. reading time":"1 minute"},"schema":{"@context":"https:\/\/schema.org","@graph":[{"@type":"WebPage","@id":"https:\/\/inspiratio.ro\/produs\/lit-decoratiune-perete-alba-mare\/","url":"https:\/\/inspiratio.ro\/produs\/lit-decoratiune-perete-alba-mare\/","name":"LIT Decora\u021biune perete - Inspiratio","isPartOf":{"@id":"https:\/\/inspiratio.ro\/#website"},"primaryImageOfPage":{"@id":"https:\/\/inspiratio.ro\/produs\/lit-decoratiune-perete-alba-mare\/#primaryimage"},"image":{"@id":"https:\/\/inspiratio.ro\/produs\/lit-decoratiune-perete-alba-mare\/#primaryimage"},"thumbnailUrl":"https:\/\/inspiratio.ro\/wp-content\/uploads\/2021\/03\/fe09f182-cf93-4bd9-a1d6-3893560852cb.jpeg","datePublished":"2021-03-04T12:00:59+00:00","dateModified":"2024-08-06T10:25:45+00:00","description":"LIT Decora\u021biune perete","breadcrumb":{"@id":"https:\/\/inspiratio.ro\/produs\/lit-decoratiune-perete-alba-mare\/#breadcrumb"},"inLanguage":"en-US","potentialAction":[{"@type":"ReadAction","target":["https:\/\/inspiratio.ro\/produs\/lit-decoratiune-perete-alba-mare\/"]}]},{"@type":"ImageObject","inLanguage":"en-US","@id":"https:\/\/inspiratio.ro\/produs\/lit-decoratiune-perete-alba-mare\/#primaryimage","url":"https:\/\/inspiratio.ro\/wp-content\/uploads\/2021\/03\/fe09f182-cf93-4bd9-a1d6-3893560852cb.jpeg","contentUrl":"https:\/\/inspiratio.ro\/wp-content\/uploads\/2021\/03\/fe09f182-cf93-4bd9-a1d6-3893560852cb.jpeg","width":1536,"height":2048},{"@type":"BreadcrumbList","@id":"https:\/\/inspiratio.ro\/produs\/lit-decoratiune-perete-alba-mare\/#breadcrumb","itemListElement":[{"@type":"ListItem","position":1,"name":"Shop","item":"https:\/\/inspiratio.ro\/magazin-cadouri\/"},{"@type":"ListItem","position":2,"name":"LIT Decora\u021biune perete"}]},{"@type":"WebSite","@id":"https:\/\/inspiratio.ro\/#website","url":"https:\/\/inspiratio.ro\/","name":"Inspiratio","description":"Las\u0103-te purtat de inspira\u021bie","publisher":{"@id":"https:\/\/inspiratio.ro\/#organization"},"potentialAction":[{"@type":"SearchAction","target":{"@type":"EntryPoint","urlTemplate":"https:\/\/inspiratio.ro\/?s={search_term_string}"},"query-input":{"@type":"PropertyValueSpecification","valueRequired":true,"valueName":"search_term_string"}}],"inLanguage":"en-US"},{"@type":"Organization","@id":"https:\/\/inspiratio.ro\/#organization","name":"Inspiratio","url":"https:\/\/inspiratio.ro\/","logo":{"@type":"ImageObject","inLanguage":"en-US","@id":"https:\/\/inspiratio.ro\/#\/schema\/logo\/image\/","url":"https:\/\/inspiratio.ro\/wp-content\/uploads\/2020\/06\/logo-inspiratio.png","contentUrl":"https:\/\/inspiratio.ro\/wp-content\/uploads\/2020\/06\/logo-inspiratio.png","width":232,"height":209,"caption":"Inspiratio"},"image":{"@id":"https:\/\/inspiratio.ro\/#\/schema\/logo\/image\/"},"sameAs":["https:\/\/www.facebook.com\/inspiratiogiftstudio\/","https:\/\/www.instagram.com\/inspiratio_giftstudio\/"]}]}},"brands":[{"id":44,"name":"Little Houses","slug":"little-houses"}],"_links":{"self":[{"href":"https:\/\/inspiratio.ro\/en\/wp-json\/wp\/v2\/product\/3588","targetHints":{"allow":["GET"]}}],"collection":[{"href":"https:\/\/inspiratio.ro\/en\/wp-json\/wp\/v2\/product"}],"about":[{"href":"https:\/\/inspiratio.ro\/en\/wp-json\/wp\/v2\/types\/product"}],"replies":[{"embeddable":true,"href":"https:\/\/inspiratio.ro\/en\/wp-json\/wp\/v2\/comments?post=3588"}],"wp:featuredmedia":[{"embeddable":true,"href":"https:\/\/inspiratio.ro\/en\/wp-json\/wp\/v2\/media\/8713"}],"wp:attachment":[{"href":"https:\/\/inspiratio.ro\/en\/wp-json\/wp\/v2\/media?parent=3588"}],"wp:term":[{"taxonomy":"pwb-brand","embeddable":true,"href":"https:\/\/inspiratio.ro\/en\/wp-json\/wp\/v2\/pwb-brand?post=3588"},{"taxonomy":"product_brand","embeddable":true,"href":"https:\/\/inspiratio.ro\/en\/wp-json\/wp\/v2\/product_brand?post=3588"},{"taxonomy":"product_cat","embeddable":true,"href":"https:\/\/inspiratio.ro\/en\/wp-json\/wp\/v2\/product_cat?post=3588"},{"taxonomy":"product_tag","embeddable":true,"href":"https:\/\/inspiratio.ro\/en\/wp-json\/wp\/v2\/product_tag?post=3588"}],"curies":[{"name":"wp","href":"https:\/\/api.w.org\/{rel}","templated":true}]}}