{"id":3579,"date":"2021-03-01T12:51:33","date_gmt":"2021-03-01T10:51:33","guid":{"rendered":"https:\/\/inspiratio.ro\/?post_type=product&#038;p=3579"},"modified":"2024-07-19T15:25:40","modified_gmt":"2024-07-19T12:25:40","slug":"mon-mon-cercei-alphabet-strenght","status":"publish","type":"product","link":"https:\/\/inspiratio.ro\/en\/produs\/mon-mon-cercei-alphabet-strenght\/","title":{"rendered":"Cercei Alphabet Strenght"},"content":{"rendered":"<p>Supravie\u021buire, rezisten\u021b\u0103, putere.<\/p>\n<p>Nu uita niciodat\u0103, nu renun\u021ba niciodat\u0103.<\/p>\n<p>Produs realizat din\u00a0<strong><a href=\"https:\/\/monom.studio\/ro\/content\/41-argentium-silver\">Argentium Silver 960<\/a>\u00a0<\/strong><strong>acoperit cu un\u00a0strat antioxidare<\/strong><strong>\u00a0\/\/\u00a0<a href=\"https:\/\/monom.studio\/ro\/content\/25-vermeil\">Vermeil [ver-mei] de 18K<\/a><\/strong>\u00a0peste\u00a0<a href=\"https:\/\/monom.studio\/ro\/content\/41-argentium-silver\">Argentium Silver 960<\/a>\u00a0(un strat de minim 2.5 microni de aur de 18 k aplicat peste\u00a0<a href=\"https:\/\/monom.studio\/ro\/content\/41-argentium-silver\">Argentium Silver 960<\/a>, de cel pu\u021bin 5 ori mai gros dec\u00e2t placarea cu aur normal\u0103, care asigur\u0103 o mai buna rezisten\u021b\u0103 a plac\u0103rii \u0219i o mai bun\u0103 protec\u021bie \u00eempotriva oxid\u0103rii). Peste stratul de <a href=\"https:\/\/monom.studio\/ro\/content\/25-vermeil\">vermeil<\/a> se aplic\u0103 un film antioxidare.<\/p>\n<p>Dimensiune aproximativ\u0103 &#8211; 3\/2 cm.<\/p>\n<p>Piesele sunt lucrate manual, \u00een atelierul nostru. Micile imperfec\u021biuni fac fiecare bijuterie unic\u0103.<\/p>\n","protected":false},"excerpt":{"rendered":"<p>Cercei<\/p>\n","protected":false},"featured_media":8655,"comment_status":"open","ping_status":"closed","template":"","meta":[],"pwb-brand":[47],"product_brand":[],"product_cat":[87,18],"product_tag":[],"class_list":{"0":"post-3579","1":"product","2":"type-product","3":"status-publish","4":"has-post-thumbnail","6":"pwb-brand-monom-studio","7":"product_cat-to-wear","8":"product_cat-bijuterie-contemporana","10":"first","11":"instock","12":"taxable","13":"shipping-taxable","14":"purchasable","15":"product-type-simple"},"yoast_head":"<!-- This site is optimized with the Yoast SEO plugin v26.9 - https:\/\/yoast.com\/product\/yoast-seo-wordpress\/ -->\n<title>MON Cercei Alphabet Strenght - Inspiratio<\/title>\n<meta name=\"description\" content=\"MON Cercei Alphabet Strenght\" \/>\n<meta name=\"robots\" content=\"index, follow, max-snippet:-1, max-image-preview:large, max-video-preview:-1\" \/>\n<link rel=\"canonical\" href=\"https:\/\/inspiratio.ro\/produs\/mon-mon-cercei-alphabet-strenght\/\" \/>\n<meta property=\"og:locale\" content=\"en_US\" \/>\n<meta property=\"og:type\" content=\"article\" \/>\n<meta property=\"og:title\" content=\"MON Cercei Alphabet Strenght - Inspiratio\" \/>\n<meta property=\"og:description\" content=\"MON Cercei Alphabet Strenght\" \/>\n<meta property=\"og:url\" content=\"https:\/\/inspiratio.ro\/produs\/mon-mon-cercei-alphabet-strenght\/\" \/>\n<meta property=\"og:site_name\" content=\"Inspiratio\" \/>\n<meta property=\"article:publisher\" content=\"https:\/\/www.facebook.com\/inspiratiogiftstudio\/\" \/>\n<meta property=\"article:modified_time\" content=\"2024-07-19T12:25:40+00:00\" \/>\n<meta property=\"og:image\" content=\"https:\/\/inspiratio.ro\/wp-content\/uploads\/2021\/03\/983-large_default.webp\" \/>\n\t<meta property=\"og:image:width\" content=\"1200\" \/>\n\t<meta property=\"og:image:height\" content=\"1200\" \/>\n\t<meta property=\"og:image:type\" content=\"image\/webp\" \/>\n<meta name=\"twitter:card\" content=\"summary_large_image\" \/>\n<meta name=\"twitter:label1\" content=\"Est. reading time\" \/>\n\t<meta name=\"twitter:data1\" content=\"1 minute\" \/>\n<script type=\"application\/ld+json\" class=\"yoast-schema-graph\">{\"@context\":\"https:\/\/schema.org\",\"@graph\":[{\"@type\":\"WebPage\",\"@id\":\"https:\/\/inspiratio.ro\/produs\/mon-mon-cercei-alphabet-strenght\/\",\"url\":\"https:\/\/inspiratio.ro\/produs\/mon-mon-cercei-alphabet-strenght\/\",\"name\":\"MON Cercei Alphabet Strenght - Inspiratio\",\"isPartOf\":{\"@id\":\"https:\/\/inspiratio.ro\/#website\"},\"primaryImageOfPage\":{\"@id\":\"https:\/\/inspiratio.ro\/produs\/mon-mon-cercei-alphabet-strenght\/#primaryimage\"},\"image\":{\"@id\":\"https:\/\/inspiratio.ro\/produs\/mon-mon-cercei-alphabet-strenght\/#primaryimage\"},\"thumbnailUrl\":\"https:\/\/inspiratio.ro\/wp-content\/uploads\/2021\/03\/983-large_default.webp\",\"datePublished\":\"2021-03-01T10:51:33+00:00\",\"dateModified\":\"2024-07-19T12:25:40+00:00\",\"description\":\"MON Cercei Alphabet Strenght\",\"breadcrumb\":{\"@id\":\"https:\/\/inspiratio.ro\/produs\/mon-mon-cercei-alphabet-strenght\/#breadcrumb\"},\"inLanguage\":\"en-US\",\"potentialAction\":[{\"@type\":\"ReadAction\",\"target\":[\"https:\/\/inspiratio.ro\/produs\/mon-mon-cercei-alphabet-strenght\/\"]}]},{\"@type\":\"ImageObject\",\"inLanguage\":\"en-US\",\"@id\":\"https:\/\/inspiratio.ro\/produs\/mon-mon-cercei-alphabet-strenght\/#primaryimage\",\"url\":\"https:\/\/inspiratio.ro\/wp-content\/uploads\/2021\/03\/983-large_default.webp\",\"contentUrl\":\"https:\/\/inspiratio.ro\/wp-content\/uploads\/2021\/03\/983-large_default.webp\",\"width\":1200,\"height\":1200},{\"@type\":\"BreadcrumbList\",\"@id\":\"https:\/\/inspiratio.ro\/produs\/mon-mon-cercei-alphabet-strenght\/#breadcrumb\",\"itemListElement\":[{\"@type\":\"ListItem\",\"position\":1,\"name\":\"Shop\",\"item\":\"https:\/\/inspiratio.ro\/magazin-cadouri\/\"},{\"@type\":\"ListItem\",\"position\":2,\"name\":\"MON Cercei Alphabet Strenght\"}]},{\"@type\":\"WebSite\",\"@id\":\"https:\/\/inspiratio.ro\/#website\",\"url\":\"https:\/\/inspiratio.ro\/\",\"name\":\"Inspiratio\",\"description\":\"Las\u0103-te purtat de inspira\u021bie\",\"publisher\":{\"@id\":\"https:\/\/inspiratio.ro\/#organization\"},\"potentialAction\":[{\"@type\":\"SearchAction\",\"target\":{\"@type\":\"EntryPoint\",\"urlTemplate\":\"https:\/\/inspiratio.ro\/?s={search_term_string}\"},\"query-input\":{\"@type\":\"PropertyValueSpecification\",\"valueRequired\":true,\"valueName\":\"search_term_string\"}}],\"inLanguage\":\"en-US\"},{\"@type\":\"Organization\",\"@id\":\"https:\/\/inspiratio.ro\/#organization\",\"name\":\"Inspiratio\",\"url\":\"https:\/\/inspiratio.ro\/\",\"logo\":{\"@type\":\"ImageObject\",\"inLanguage\":\"en-US\",\"@id\":\"https:\/\/inspiratio.ro\/#\/schema\/logo\/image\/\",\"url\":\"https:\/\/inspiratio.ro\/wp-content\/uploads\/2020\/06\/logo-inspiratio.png\",\"contentUrl\":\"https:\/\/inspiratio.ro\/wp-content\/uploads\/2020\/06\/logo-inspiratio.png\",\"width\":232,\"height\":209,\"caption\":\"Inspiratio\"},\"image\":{\"@id\":\"https:\/\/inspiratio.ro\/#\/schema\/logo\/image\/\"},\"sameAs\":[\"https:\/\/www.facebook.com\/inspiratiogiftstudio\/\",\"https:\/\/www.instagram.com\/inspiratio_giftstudio\/\"]}]}<\/script>\n<!-- \/ Yoast SEO plugin. -->","yoast_head_json":{"title":"MON Cercei Alphabet Strenght - Inspiratio","description":"MON Cercei Alphabet Strenght","robots":{"index":"index","follow":"follow","max-snippet":"max-snippet:-1","max-image-preview":"max-image-preview:large","max-video-preview":"max-video-preview:-1"},"canonical":"https:\/\/inspiratio.ro\/produs\/mon-mon-cercei-alphabet-strenght\/","og_locale":"en_US","og_type":"article","og_title":"MON Cercei Alphabet Strenght - Inspiratio","og_description":"MON Cercei Alphabet Strenght","og_url":"https:\/\/inspiratio.ro\/produs\/mon-mon-cercei-alphabet-strenght\/","og_site_name":"Inspiratio","article_publisher":"https:\/\/www.facebook.com\/inspiratiogiftstudio\/","article_modified_time":"2024-07-19T12:25:40+00:00","og_image":[{"width":1200,"height":1200,"url":"https:\/\/inspiratio.ro\/wp-content\/uploads\/2021\/03\/983-large_default.webp","type":"image\/webp"}],"twitter_card":"summary_large_image","twitter_misc":{"Est. reading time":"1 minute"},"schema":{"@context":"https:\/\/schema.org","@graph":[{"@type":"WebPage","@id":"https:\/\/inspiratio.ro\/produs\/mon-mon-cercei-alphabet-strenght\/","url":"https:\/\/inspiratio.ro\/produs\/mon-mon-cercei-alphabet-strenght\/","name":"MON Cercei Alphabet Strenght - Inspiratio","isPartOf":{"@id":"https:\/\/inspiratio.ro\/#website"},"primaryImageOfPage":{"@id":"https:\/\/inspiratio.ro\/produs\/mon-mon-cercei-alphabet-strenght\/#primaryimage"},"image":{"@id":"https:\/\/inspiratio.ro\/produs\/mon-mon-cercei-alphabet-strenght\/#primaryimage"},"thumbnailUrl":"https:\/\/inspiratio.ro\/wp-content\/uploads\/2021\/03\/983-large_default.webp","datePublished":"2021-03-01T10:51:33+00:00","dateModified":"2024-07-19T12:25:40+00:00","description":"MON Cercei Alphabet Strenght","breadcrumb":{"@id":"https:\/\/inspiratio.ro\/produs\/mon-mon-cercei-alphabet-strenght\/#breadcrumb"},"inLanguage":"en-US","potentialAction":[{"@type":"ReadAction","target":["https:\/\/inspiratio.ro\/produs\/mon-mon-cercei-alphabet-strenght\/"]}]},{"@type":"ImageObject","inLanguage":"en-US","@id":"https:\/\/inspiratio.ro\/produs\/mon-mon-cercei-alphabet-strenght\/#primaryimage","url":"https:\/\/inspiratio.ro\/wp-content\/uploads\/2021\/03\/983-large_default.webp","contentUrl":"https:\/\/inspiratio.ro\/wp-content\/uploads\/2021\/03\/983-large_default.webp","width":1200,"height":1200},{"@type":"BreadcrumbList","@id":"https:\/\/inspiratio.ro\/produs\/mon-mon-cercei-alphabet-strenght\/#breadcrumb","itemListElement":[{"@type":"ListItem","position":1,"name":"Shop","item":"https:\/\/inspiratio.ro\/magazin-cadouri\/"},{"@type":"ListItem","position":2,"name":"MON Cercei Alphabet Strenght"}]},{"@type":"WebSite","@id":"https:\/\/inspiratio.ro\/#website","url":"https:\/\/inspiratio.ro\/","name":"Inspiratio","description":"Las\u0103-te purtat de inspira\u021bie","publisher":{"@id":"https:\/\/inspiratio.ro\/#organization"},"potentialAction":[{"@type":"SearchAction","target":{"@type":"EntryPoint","urlTemplate":"https:\/\/inspiratio.ro\/?s={search_term_string}"},"query-input":{"@type":"PropertyValueSpecification","valueRequired":true,"valueName":"search_term_string"}}],"inLanguage":"en-US"},{"@type":"Organization","@id":"https:\/\/inspiratio.ro\/#organization","name":"Inspiratio","url":"https:\/\/inspiratio.ro\/","logo":{"@type":"ImageObject","inLanguage":"en-US","@id":"https:\/\/inspiratio.ro\/#\/schema\/logo\/image\/","url":"https:\/\/inspiratio.ro\/wp-content\/uploads\/2020\/06\/logo-inspiratio.png","contentUrl":"https:\/\/inspiratio.ro\/wp-content\/uploads\/2020\/06\/logo-inspiratio.png","width":232,"height":209,"caption":"Inspiratio"},"image":{"@id":"https:\/\/inspiratio.ro\/#\/schema\/logo\/image\/"},"sameAs":["https:\/\/www.facebook.com\/inspiratiogiftstudio\/","https:\/\/www.instagram.com\/inspiratio_giftstudio\/"]}]}},"brands":[{"id":47,"name":"Monom Studio","slug":"monom-studio"}],"_links":{"self":[{"href":"https:\/\/inspiratio.ro\/en\/wp-json\/wp\/v2\/product\/3579","targetHints":{"allow":["GET"]}}],"collection":[{"href":"https:\/\/inspiratio.ro\/en\/wp-json\/wp\/v2\/product"}],"about":[{"href":"https:\/\/inspiratio.ro\/en\/wp-json\/wp\/v2\/types\/product"}],"replies":[{"embeddable":true,"href":"https:\/\/inspiratio.ro\/en\/wp-json\/wp\/v2\/comments?post=3579"}],"wp:featuredmedia":[{"embeddable":true,"href":"https:\/\/inspiratio.ro\/en\/wp-json\/wp\/v2\/media\/8655"}],"wp:attachment":[{"href":"https:\/\/inspiratio.ro\/en\/wp-json\/wp\/v2\/media?parent=3579"}],"wp:term":[{"taxonomy":"pwb-brand","embeddable":true,"href":"https:\/\/inspiratio.ro\/en\/wp-json\/wp\/v2\/pwb-brand?post=3579"},{"taxonomy":"product_brand","embeddable":true,"href":"https:\/\/inspiratio.ro\/en\/wp-json\/wp\/v2\/product_brand?post=3579"},{"taxonomy":"product_cat","embeddable":true,"href":"https:\/\/inspiratio.ro\/en\/wp-json\/wp\/v2\/product_cat?post=3579"},{"taxonomy":"product_tag","embeddable":true,"href":"https:\/\/inspiratio.ro\/en\/wp-json\/wp\/v2\/product_tag?post=3579"}],"curies":[{"name":"wp","href":"https:\/\/api.w.org\/{rel}","templated":true}]}}