{"id":3564,"date":"2021-03-01T12:11:11","date_gmt":"2021-03-01T12:11:11","guid":{"rendered":"https:\/\/inspiratio.ro\/?post_type=product&#038;p=3564"},"modified":"2024-07-19T16:20:11","modified_gmt":"2024-07-19T13:20:11","slug":"mon-forma-rhea-earrings","status":"publish","type":"product","link":"https:\/\/inspiratio.ro\/en\/produs\/mon-forma-rhea-earrings\/","title":{"rendered":"Cercei Tectonica Duo Silver"},"content":{"rendered":"<p>G\u0103sim inspira\u021bia pretutindeni. Uneori ne g\u0103se\u0219te ea pe noi. Iar alteori g\u00e2ndurile noastre de azi \u00eencheie g\u00e2nduri z\u0103mislite cu ani \u00een urm\u0103.<\/p>\n<p>Tectonica s-a n\u0103scut din mai multe izvoare. Mai multe pl\u0103ci venite \u00eempreun\u0103, ca o nou\u0103\u00a0 colec\u021bie de arhitecturi de purtat \u0219i de \u021binut aproape.<\/p>\n<p>Fractali \u0219i o fa\u021bad\u0103 modernist\u0103, un mineral care sfideaz\u0103 geaometria \u0219i un hotel metabolist al anilor \u201970.<\/p>\n<p>Produs realizat din\u00a0<strong><a href=\"https:\/\/monom.studio\/ro\/content\/41-argentium-silver\">Argentium Silver 960 intr-un strat antioxidare<\/a>\u00a0\/\/\u00a0<a href=\"https:\/\/monom.studio\/ro\/content\/25-vermeil\">Vermeil [ver-mei] de 18K<\/a>\u00a0<\/strong>peste Argentium Silver 960 (un strat de minim 2.5 microni de aur de 18 k aplicat peste Argentium Silver 960, de cel putin 5 ori mai gros decat placarea cu aur normala, care asigur\u0103 o mai bun\u0103 rezisten\u021b\u0103 a plac\u0103rii \u0219i o mai bun\u0103 protec\u021bie \u00eempotriva oxid\u0103rii). Peste stratul de vermeil se aplic\u0103 un film antioxidare.<\/p>\n<p>Dimensiune aproximativ\u0103: 15\/42 mm.<\/p>\n<p>Greutate aproximativ\u0103: 6 gr.<\/p>\n<p>Piesele sunt lucrate manual, \u00een atelierul celor de la MONOM. Micile imperfec\u021biuni fac fiecare bijuterie unic\u0103.<\/p>\n","protected":false},"excerpt":{"rendered":"<p>Cercei<\/p>\n","protected":false},"featured_media":8687,"comment_status":"open","ping_status":"closed","template":"","meta":[],"pwb-brand":[47],"product_brand":[],"product_cat":[18],"product_tag":[],"class_list":{"0":"post-3564","1":"product","2":"type-product","3":"status-publish","4":"has-post-thumbnail","6":"pwb-brand-monom-studio","7":"product_cat-bijuterie-contemporana","9":"first","10":"instock","11":"taxable","12":"shipping-taxable","13":"purchasable","14":"product-type-simple"},"yoast_head":"<!-- This site is optimized with the Yoast SEO plugin v26.9 - https:\/\/yoast.com\/product\/yoast-seo-wordpress\/ -->\n<title>MON Cercei Tectonica Duo Silver - Inspiratio<\/title>\n<meta name=\"description\" content=\"MON Cercei Tectonica Duo Silver\" \/>\n<meta name=\"robots\" content=\"index, follow, max-snippet:-1, max-image-preview:large, max-video-preview:-1\" \/>\n<link rel=\"canonical\" href=\"https:\/\/inspiratio.ro\/produs\/mon-forma-rhea-earrings\/\" \/>\n<meta property=\"og:locale\" content=\"en_US\" \/>\n<meta property=\"og:type\" content=\"article\" \/>\n<meta property=\"og:title\" content=\"MON Cercei Tectonica Duo Silver - Inspiratio\" \/>\n<meta property=\"og:description\" content=\"MON Cercei Tectonica Duo Silver\" \/>\n<meta property=\"og:url\" content=\"https:\/\/inspiratio.ro\/produs\/mon-forma-rhea-earrings\/\" \/>\n<meta property=\"og:site_name\" content=\"Inspiratio\" \/>\n<meta property=\"article:publisher\" content=\"https:\/\/www.facebook.com\/inspiratiogiftstudio\/\" \/>\n<meta property=\"article:modified_time\" content=\"2024-07-19T13:20:11+00:00\" \/>\n<meta property=\"og:image\" content=\"https:\/\/inspiratio.ro\/wp-content\/uploads\/2021\/03\/cercei-tectonica-duo-3.jpg\" \/>\n\t<meta property=\"og:image:width\" content=\"1200\" \/>\n\t<meta property=\"og:image:height\" content=\"1200\" \/>\n\t<meta property=\"og:image:type\" content=\"image\/jpeg\" \/>\n<meta name=\"twitter:card\" content=\"summary_large_image\" \/>\n<meta name=\"twitter:label1\" content=\"Est. reading time\" \/>\n\t<meta name=\"twitter:data1\" content=\"2 minutes\" \/>\n<script type=\"application\/ld+json\" class=\"yoast-schema-graph\">{\"@context\":\"https:\/\/schema.org\",\"@graph\":[{\"@type\":\"WebPage\",\"@id\":\"https:\/\/inspiratio.ro\/produs\/mon-forma-rhea-earrings\/\",\"url\":\"https:\/\/inspiratio.ro\/produs\/mon-forma-rhea-earrings\/\",\"name\":\"MON Cercei Tectonica Duo Silver - Inspiratio\",\"isPartOf\":{\"@id\":\"https:\/\/inspiratio.ro\/#website\"},\"primaryImageOfPage\":{\"@id\":\"https:\/\/inspiratio.ro\/produs\/mon-forma-rhea-earrings\/#primaryimage\"},\"image\":{\"@id\":\"https:\/\/inspiratio.ro\/produs\/mon-forma-rhea-earrings\/#primaryimage\"},\"thumbnailUrl\":\"https:\/\/inspiratio.ro\/wp-content\/uploads\/2021\/03\/cercei-tectonica-duo-3.jpg\",\"datePublished\":\"2021-03-01T12:11:11+00:00\",\"dateModified\":\"2024-07-19T13:20:11+00:00\",\"description\":\"MON Cercei Tectonica Duo Silver\",\"breadcrumb\":{\"@id\":\"https:\/\/inspiratio.ro\/produs\/mon-forma-rhea-earrings\/#breadcrumb\"},\"inLanguage\":\"en-US\",\"potentialAction\":[{\"@type\":\"ReadAction\",\"target\":[\"https:\/\/inspiratio.ro\/produs\/mon-forma-rhea-earrings\/\"]}]},{\"@type\":\"ImageObject\",\"inLanguage\":\"en-US\",\"@id\":\"https:\/\/inspiratio.ro\/produs\/mon-forma-rhea-earrings\/#primaryimage\",\"url\":\"https:\/\/inspiratio.ro\/wp-content\/uploads\/2021\/03\/cercei-tectonica-duo-3.jpg\",\"contentUrl\":\"https:\/\/inspiratio.ro\/wp-content\/uploads\/2021\/03\/cercei-tectonica-duo-3.jpg\",\"width\":1200,\"height\":1200},{\"@type\":\"BreadcrumbList\",\"@id\":\"https:\/\/inspiratio.ro\/produs\/mon-forma-rhea-earrings\/#breadcrumb\",\"itemListElement\":[{\"@type\":\"ListItem\",\"position\":1,\"name\":\"Shop\",\"item\":\"https:\/\/inspiratio.ro\/magazin-cadouri\/\"},{\"@type\":\"ListItem\",\"position\":2,\"name\":\"MON Cercei Tectonica Duo Silver\"}]},{\"@type\":\"WebSite\",\"@id\":\"https:\/\/inspiratio.ro\/#website\",\"url\":\"https:\/\/inspiratio.ro\/\",\"name\":\"Inspiratio\",\"description\":\"Las\u0103-te purtat de inspira\u021bie\",\"publisher\":{\"@id\":\"https:\/\/inspiratio.ro\/#organization\"},\"potentialAction\":[{\"@type\":\"SearchAction\",\"target\":{\"@type\":\"EntryPoint\",\"urlTemplate\":\"https:\/\/inspiratio.ro\/?s={search_term_string}\"},\"query-input\":{\"@type\":\"PropertyValueSpecification\",\"valueRequired\":true,\"valueName\":\"search_term_string\"}}],\"inLanguage\":\"en-US\"},{\"@type\":\"Organization\",\"@id\":\"https:\/\/inspiratio.ro\/#organization\",\"name\":\"Inspiratio\",\"url\":\"https:\/\/inspiratio.ro\/\",\"logo\":{\"@type\":\"ImageObject\",\"inLanguage\":\"en-US\",\"@id\":\"https:\/\/inspiratio.ro\/#\/schema\/logo\/image\/\",\"url\":\"https:\/\/inspiratio.ro\/wp-content\/uploads\/2020\/06\/logo-inspiratio.png\",\"contentUrl\":\"https:\/\/inspiratio.ro\/wp-content\/uploads\/2020\/06\/logo-inspiratio.png\",\"width\":232,\"height\":209,\"caption\":\"Inspiratio\"},\"image\":{\"@id\":\"https:\/\/inspiratio.ro\/#\/schema\/logo\/image\/\"},\"sameAs\":[\"https:\/\/www.facebook.com\/inspiratiogiftstudio\/\",\"https:\/\/www.instagram.com\/inspiratio_giftstudio\/\"]}]}<\/script>\n<!-- \/ Yoast SEO plugin. -->","yoast_head_json":{"title":"MON Cercei Tectonica Duo Silver - Inspiratio","description":"MON Cercei Tectonica Duo Silver","robots":{"index":"index","follow":"follow","max-snippet":"max-snippet:-1","max-image-preview":"max-image-preview:large","max-video-preview":"max-video-preview:-1"},"canonical":"https:\/\/inspiratio.ro\/produs\/mon-forma-rhea-earrings\/","og_locale":"en_US","og_type":"article","og_title":"MON Cercei Tectonica Duo Silver - Inspiratio","og_description":"MON Cercei Tectonica Duo Silver","og_url":"https:\/\/inspiratio.ro\/produs\/mon-forma-rhea-earrings\/","og_site_name":"Inspiratio","article_publisher":"https:\/\/www.facebook.com\/inspiratiogiftstudio\/","article_modified_time":"2024-07-19T13:20:11+00:00","og_image":[{"width":1200,"height":1200,"url":"https:\/\/inspiratio.ro\/wp-content\/uploads\/2021\/03\/cercei-tectonica-duo-3.jpg","type":"image\/jpeg"}],"twitter_card":"summary_large_image","twitter_misc":{"Est. reading time":"2 minutes"},"schema":{"@context":"https:\/\/schema.org","@graph":[{"@type":"WebPage","@id":"https:\/\/inspiratio.ro\/produs\/mon-forma-rhea-earrings\/","url":"https:\/\/inspiratio.ro\/produs\/mon-forma-rhea-earrings\/","name":"MON Cercei Tectonica Duo Silver - Inspiratio","isPartOf":{"@id":"https:\/\/inspiratio.ro\/#website"},"primaryImageOfPage":{"@id":"https:\/\/inspiratio.ro\/produs\/mon-forma-rhea-earrings\/#primaryimage"},"image":{"@id":"https:\/\/inspiratio.ro\/produs\/mon-forma-rhea-earrings\/#primaryimage"},"thumbnailUrl":"https:\/\/inspiratio.ro\/wp-content\/uploads\/2021\/03\/cercei-tectonica-duo-3.jpg","datePublished":"2021-03-01T12:11:11+00:00","dateModified":"2024-07-19T13:20:11+00:00","description":"MON Cercei Tectonica Duo Silver","breadcrumb":{"@id":"https:\/\/inspiratio.ro\/produs\/mon-forma-rhea-earrings\/#breadcrumb"},"inLanguage":"en-US","potentialAction":[{"@type":"ReadAction","target":["https:\/\/inspiratio.ro\/produs\/mon-forma-rhea-earrings\/"]}]},{"@type":"ImageObject","inLanguage":"en-US","@id":"https:\/\/inspiratio.ro\/produs\/mon-forma-rhea-earrings\/#primaryimage","url":"https:\/\/inspiratio.ro\/wp-content\/uploads\/2021\/03\/cercei-tectonica-duo-3.jpg","contentUrl":"https:\/\/inspiratio.ro\/wp-content\/uploads\/2021\/03\/cercei-tectonica-duo-3.jpg","width":1200,"height":1200},{"@type":"BreadcrumbList","@id":"https:\/\/inspiratio.ro\/produs\/mon-forma-rhea-earrings\/#breadcrumb","itemListElement":[{"@type":"ListItem","position":1,"name":"Shop","item":"https:\/\/inspiratio.ro\/magazin-cadouri\/"},{"@type":"ListItem","position":2,"name":"MON Cercei Tectonica Duo Silver"}]},{"@type":"WebSite","@id":"https:\/\/inspiratio.ro\/#website","url":"https:\/\/inspiratio.ro\/","name":"Inspiratio","description":"Las\u0103-te purtat de inspira\u021bie","publisher":{"@id":"https:\/\/inspiratio.ro\/#organization"},"potentialAction":[{"@type":"SearchAction","target":{"@type":"EntryPoint","urlTemplate":"https:\/\/inspiratio.ro\/?s={search_term_string}"},"query-input":{"@type":"PropertyValueSpecification","valueRequired":true,"valueName":"search_term_string"}}],"inLanguage":"en-US"},{"@type":"Organization","@id":"https:\/\/inspiratio.ro\/#organization","name":"Inspiratio","url":"https:\/\/inspiratio.ro\/","logo":{"@type":"ImageObject","inLanguage":"en-US","@id":"https:\/\/inspiratio.ro\/#\/schema\/logo\/image\/","url":"https:\/\/inspiratio.ro\/wp-content\/uploads\/2020\/06\/logo-inspiratio.png","contentUrl":"https:\/\/inspiratio.ro\/wp-content\/uploads\/2020\/06\/logo-inspiratio.png","width":232,"height":209,"caption":"Inspiratio"},"image":{"@id":"https:\/\/inspiratio.ro\/#\/schema\/logo\/image\/"},"sameAs":["https:\/\/www.facebook.com\/inspiratiogiftstudio\/","https:\/\/www.instagram.com\/inspiratio_giftstudio\/"]}]}},"brands":[{"id":47,"name":"Monom Studio","slug":"monom-studio"}],"_links":{"self":[{"href":"https:\/\/inspiratio.ro\/en\/wp-json\/wp\/v2\/product\/3564","targetHints":{"allow":["GET"]}}],"collection":[{"href":"https:\/\/inspiratio.ro\/en\/wp-json\/wp\/v2\/product"}],"about":[{"href":"https:\/\/inspiratio.ro\/en\/wp-json\/wp\/v2\/types\/product"}],"replies":[{"embeddable":true,"href":"https:\/\/inspiratio.ro\/en\/wp-json\/wp\/v2\/comments?post=3564"}],"wp:featuredmedia":[{"embeddable":true,"href":"https:\/\/inspiratio.ro\/en\/wp-json\/wp\/v2\/media\/8687"}],"wp:attachment":[{"href":"https:\/\/inspiratio.ro\/en\/wp-json\/wp\/v2\/media?parent=3564"}],"wp:term":[{"taxonomy":"pwb-brand","embeddable":true,"href":"https:\/\/inspiratio.ro\/en\/wp-json\/wp\/v2\/pwb-brand?post=3564"},{"taxonomy":"product_brand","embeddable":true,"href":"https:\/\/inspiratio.ro\/en\/wp-json\/wp\/v2\/product_brand?post=3564"},{"taxonomy":"product_cat","embeddable":true,"href":"https:\/\/inspiratio.ro\/en\/wp-json\/wp\/v2\/product_cat?post=3564"},{"taxonomy":"product_tag","embeddable":true,"href":"https:\/\/inspiratio.ro\/en\/wp-json\/wp\/v2\/product_tag?post=3564"}],"curies":[{"name":"wp","href":"https:\/\/api.w.org\/{rel}","templated":true}]}}