{"id":3526,"date":"2021-03-01T09:45:57","date_gmt":"2021-03-01T07:45:57","guid":{"rendered":"https:\/\/inspiratio.ro\/?post_type=product&#038;p=3526"},"modified":"2024-08-06T16:52:03","modified_gmt":"2024-08-06T13:52:03","slug":"van-vin-zaig-sauvignon-blanc","status":"publish","type":"product","link":"https:\/\/inspiratio.ro\/en\/produs\/van-vin-zaig-sauvignon-blanc\/","title":{"rendered":"Vin Zaig Sauvignon Blanc"},"content":{"rendered":"<p><strong>Sauvignon Blanc, DOC-CMD Lechin\u021ba-Teaca, alb sec 2019<\/strong><\/p>\n<p>Soi: 100% SAUVIGNON\u00a0 BLANC<\/p>\n<p>Anul recoltei: 2019<\/p>\n<p>V\u00e2rsta planta\u021biei: anul 6<\/p>\n<p>Grade alcoolice: 12,5 %<\/p>\n<p>Zah\u0103r rezidual: 1,4 g\/L<\/p>\n<p>Aciditate total\u0103: 7,35 g\/L<\/p>\n<p>ASPECT:\u00a0galben verzui<\/p>\n<p>MIROS:\u00a0vinul f\u0103cut 100 % din Sauvignon Blanc, recoltat din via proprie, dezv\u0103luie arome pl\u0103cute de citrice \u0219i note de flori de soc. Aromele sunt simple \u0219i directe, care cuceresc de la prima \u00eenghi\u021bitur\u0103.<\/p>\n<p>GUST: gustativ, este un vin sec, cu un atac de aciditate bun\u0103, ce \u00eenvigoreaz\u0103 palatul, stimul\u00e2nd apetitul. \u00cen gust apar acelea\u0219i fructe cu tonuri de citrice \u0219i cu o u\u0219oar\u0103 am\u0103real\u0103 tonic\u0103 \u00een post gust.<\/p>\n","protected":false},"excerpt":{"rendered":"<p>Vin<\/p>\n","protected":false},"featured_media":3527,"comment_status":"open","ping_status":"closed","template":"","meta":[],"pwb-brand":[118],"product_brand":[],"product_cat":[117,63],"product_tag":[],"class_list":{"0":"post-3526","1":"product","2":"type-product","3":"status-publish","4":"has-post-thumbnail","6":"pwb-brand-vanilla-rausch","7":"product_cat-specialitati-gourmet","8":"product_cat-suveniruri-transilvania","10":"first","11":"instock","12":"taxable","13":"shipping-taxable","14":"purchasable","15":"product-type-simple"},"yoast_head":"<!-- This site is optimized with the Yoast SEO plugin v26.9 - https:\/\/yoast.com\/product\/yoast-seo-wordpress\/ -->\n<title>VAN Vin Zaig Sauvignon Blanc - Inspiratio<\/title>\n<meta name=\"description\" content=\"VAN Vin Zaig Sauvignon Blanc\" \/>\n<meta name=\"robots\" content=\"index, follow, max-snippet:-1, max-image-preview:large, max-video-preview:-1\" \/>\n<link rel=\"canonical\" href=\"https:\/\/inspiratio.ro\/produs\/van-vin-zaig-sauvignon-blanc\/\" \/>\n<meta property=\"og:locale\" content=\"en_US\" \/>\n<meta property=\"og:type\" content=\"article\" \/>\n<meta property=\"og:title\" content=\"VAN Vin Zaig Sauvignon Blanc - Inspiratio\" \/>\n<meta property=\"og:description\" content=\"VAN Vin Zaig Sauvignon Blanc\" \/>\n<meta property=\"og:url\" content=\"https:\/\/inspiratio.ro\/produs\/van-vin-zaig-sauvignon-blanc\/\" \/>\n<meta property=\"og:site_name\" content=\"Inspiratio\" \/>\n<meta property=\"article:publisher\" content=\"https:\/\/www.facebook.com\/inspiratiogiftstudio\/\" \/>\n<meta property=\"article:modified_time\" content=\"2024-08-06T13:52:03+00:00\" \/>\n<meta property=\"og:image\" content=\"https:\/\/inspiratio.ro\/wp-content\/uploads\/2021\/03\/DSC_1020-scaled.jpg\" \/>\n\t<meta property=\"og:image:width\" content=\"2560\" \/>\n\t<meta property=\"og:image:height\" content=\"2560\" \/>\n\t<meta property=\"og:image:type\" content=\"image\/jpeg\" \/>\n<meta name=\"twitter:card\" content=\"summary_large_image\" \/>\n<meta name=\"twitter:label1\" content=\"Est. reading time\" \/>\n\t<meta name=\"twitter:data1\" content=\"1 minute\" \/>\n<script type=\"application\/ld+json\" class=\"yoast-schema-graph\">{\"@context\":\"https:\/\/schema.org\",\"@graph\":[{\"@type\":\"WebPage\",\"@id\":\"https:\/\/inspiratio.ro\/produs\/van-vin-zaig-sauvignon-blanc\/\",\"url\":\"https:\/\/inspiratio.ro\/produs\/van-vin-zaig-sauvignon-blanc\/\",\"name\":\"VAN Vin Zaig Sauvignon Blanc - Inspiratio\",\"isPartOf\":{\"@id\":\"https:\/\/inspiratio.ro\/#website\"},\"primaryImageOfPage\":{\"@id\":\"https:\/\/inspiratio.ro\/produs\/van-vin-zaig-sauvignon-blanc\/#primaryimage\"},\"image\":{\"@id\":\"https:\/\/inspiratio.ro\/produs\/van-vin-zaig-sauvignon-blanc\/#primaryimage\"},\"thumbnailUrl\":\"https:\/\/inspiratio.ro\/wp-content\/uploads\/2021\/03\/DSC_1020-scaled.jpg\",\"datePublished\":\"2021-03-01T07:45:57+00:00\",\"dateModified\":\"2024-08-06T13:52:03+00:00\",\"description\":\"VAN Vin Zaig Sauvignon Blanc\",\"breadcrumb\":{\"@id\":\"https:\/\/inspiratio.ro\/produs\/van-vin-zaig-sauvignon-blanc\/#breadcrumb\"},\"inLanguage\":\"en-US\",\"potentialAction\":[{\"@type\":\"ReadAction\",\"target\":[\"https:\/\/inspiratio.ro\/produs\/van-vin-zaig-sauvignon-blanc\/\"]}]},{\"@type\":\"ImageObject\",\"inLanguage\":\"en-US\",\"@id\":\"https:\/\/inspiratio.ro\/produs\/van-vin-zaig-sauvignon-blanc\/#primaryimage\",\"url\":\"https:\/\/inspiratio.ro\/wp-content\/uploads\/2021\/03\/DSC_1020-scaled.jpg\",\"contentUrl\":\"https:\/\/inspiratio.ro\/wp-content\/uploads\/2021\/03\/DSC_1020-scaled.jpg\",\"width\":2560,\"height\":2560},{\"@type\":\"BreadcrumbList\",\"@id\":\"https:\/\/inspiratio.ro\/produs\/van-vin-zaig-sauvignon-blanc\/#breadcrumb\",\"itemListElement\":[{\"@type\":\"ListItem\",\"position\":1,\"name\":\"Shop\",\"item\":\"https:\/\/inspiratio.ro\/magazin-cadouri\/\"},{\"@type\":\"ListItem\",\"position\":2,\"name\":\"VAN Vin Zaig Sauvignon Blanc\"}]},{\"@type\":\"WebSite\",\"@id\":\"https:\/\/inspiratio.ro\/#website\",\"url\":\"https:\/\/inspiratio.ro\/\",\"name\":\"Inspiratio\",\"description\":\"Las\u0103-te purtat de inspira\u021bie\",\"publisher\":{\"@id\":\"https:\/\/inspiratio.ro\/#organization\"},\"potentialAction\":[{\"@type\":\"SearchAction\",\"target\":{\"@type\":\"EntryPoint\",\"urlTemplate\":\"https:\/\/inspiratio.ro\/?s={search_term_string}\"},\"query-input\":{\"@type\":\"PropertyValueSpecification\",\"valueRequired\":true,\"valueName\":\"search_term_string\"}}],\"inLanguage\":\"en-US\"},{\"@type\":\"Organization\",\"@id\":\"https:\/\/inspiratio.ro\/#organization\",\"name\":\"Inspiratio\",\"url\":\"https:\/\/inspiratio.ro\/\",\"logo\":{\"@type\":\"ImageObject\",\"inLanguage\":\"en-US\",\"@id\":\"https:\/\/inspiratio.ro\/#\/schema\/logo\/image\/\",\"url\":\"https:\/\/inspiratio.ro\/wp-content\/uploads\/2020\/06\/logo-inspiratio.png\",\"contentUrl\":\"https:\/\/inspiratio.ro\/wp-content\/uploads\/2020\/06\/logo-inspiratio.png\",\"width\":232,\"height\":209,\"caption\":\"Inspiratio\"},\"image\":{\"@id\":\"https:\/\/inspiratio.ro\/#\/schema\/logo\/image\/\"},\"sameAs\":[\"https:\/\/www.facebook.com\/inspiratiogiftstudio\/\",\"https:\/\/www.instagram.com\/inspiratio_giftstudio\/\"]}]}<\/script>\n<!-- \/ Yoast SEO plugin. -->","yoast_head_json":{"title":"VAN Vin Zaig Sauvignon Blanc - Inspiratio","description":"VAN Vin Zaig Sauvignon Blanc","robots":{"index":"index","follow":"follow","max-snippet":"max-snippet:-1","max-image-preview":"max-image-preview:large","max-video-preview":"max-video-preview:-1"},"canonical":"https:\/\/inspiratio.ro\/produs\/van-vin-zaig-sauvignon-blanc\/","og_locale":"en_US","og_type":"article","og_title":"VAN Vin Zaig Sauvignon Blanc - Inspiratio","og_description":"VAN Vin Zaig Sauvignon Blanc","og_url":"https:\/\/inspiratio.ro\/produs\/van-vin-zaig-sauvignon-blanc\/","og_site_name":"Inspiratio","article_publisher":"https:\/\/www.facebook.com\/inspiratiogiftstudio\/","article_modified_time":"2024-08-06T13:52:03+00:00","og_image":[{"width":2560,"height":2560,"url":"https:\/\/inspiratio.ro\/wp-content\/uploads\/2021\/03\/DSC_1020-scaled.jpg","type":"image\/jpeg"}],"twitter_card":"summary_large_image","twitter_misc":{"Est. reading time":"1 minute"},"schema":{"@context":"https:\/\/schema.org","@graph":[{"@type":"WebPage","@id":"https:\/\/inspiratio.ro\/produs\/van-vin-zaig-sauvignon-blanc\/","url":"https:\/\/inspiratio.ro\/produs\/van-vin-zaig-sauvignon-blanc\/","name":"VAN Vin Zaig Sauvignon Blanc - Inspiratio","isPartOf":{"@id":"https:\/\/inspiratio.ro\/#website"},"primaryImageOfPage":{"@id":"https:\/\/inspiratio.ro\/produs\/van-vin-zaig-sauvignon-blanc\/#primaryimage"},"image":{"@id":"https:\/\/inspiratio.ro\/produs\/van-vin-zaig-sauvignon-blanc\/#primaryimage"},"thumbnailUrl":"https:\/\/inspiratio.ro\/wp-content\/uploads\/2021\/03\/DSC_1020-scaled.jpg","datePublished":"2021-03-01T07:45:57+00:00","dateModified":"2024-08-06T13:52:03+00:00","description":"VAN Vin Zaig Sauvignon Blanc","breadcrumb":{"@id":"https:\/\/inspiratio.ro\/produs\/van-vin-zaig-sauvignon-blanc\/#breadcrumb"},"inLanguage":"en-US","potentialAction":[{"@type":"ReadAction","target":["https:\/\/inspiratio.ro\/produs\/van-vin-zaig-sauvignon-blanc\/"]}]},{"@type":"ImageObject","inLanguage":"en-US","@id":"https:\/\/inspiratio.ro\/produs\/van-vin-zaig-sauvignon-blanc\/#primaryimage","url":"https:\/\/inspiratio.ro\/wp-content\/uploads\/2021\/03\/DSC_1020-scaled.jpg","contentUrl":"https:\/\/inspiratio.ro\/wp-content\/uploads\/2021\/03\/DSC_1020-scaled.jpg","width":2560,"height":2560},{"@type":"BreadcrumbList","@id":"https:\/\/inspiratio.ro\/produs\/van-vin-zaig-sauvignon-blanc\/#breadcrumb","itemListElement":[{"@type":"ListItem","position":1,"name":"Shop","item":"https:\/\/inspiratio.ro\/magazin-cadouri\/"},{"@type":"ListItem","position":2,"name":"VAN Vin Zaig Sauvignon Blanc"}]},{"@type":"WebSite","@id":"https:\/\/inspiratio.ro\/#website","url":"https:\/\/inspiratio.ro\/","name":"Inspiratio","description":"Las\u0103-te purtat de inspira\u021bie","publisher":{"@id":"https:\/\/inspiratio.ro\/#organization"},"potentialAction":[{"@type":"SearchAction","target":{"@type":"EntryPoint","urlTemplate":"https:\/\/inspiratio.ro\/?s={search_term_string}"},"query-input":{"@type":"PropertyValueSpecification","valueRequired":true,"valueName":"search_term_string"}}],"inLanguage":"en-US"},{"@type":"Organization","@id":"https:\/\/inspiratio.ro\/#organization","name":"Inspiratio","url":"https:\/\/inspiratio.ro\/","logo":{"@type":"ImageObject","inLanguage":"en-US","@id":"https:\/\/inspiratio.ro\/#\/schema\/logo\/image\/","url":"https:\/\/inspiratio.ro\/wp-content\/uploads\/2020\/06\/logo-inspiratio.png","contentUrl":"https:\/\/inspiratio.ro\/wp-content\/uploads\/2020\/06\/logo-inspiratio.png","width":232,"height":209,"caption":"Inspiratio"},"image":{"@id":"https:\/\/inspiratio.ro\/#\/schema\/logo\/image\/"},"sameAs":["https:\/\/www.facebook.com\/inspiratiogiftstudio\/","https:\/\/www.instagram.com\/inspiratio_giftstudio\/"]}]}},"brands":[{"id":118,"name":"Vanilla Rausch","slug":"vanilla-rausch"}],"_links":{"self":[{"href":"https:\/\/inspiratio.ro\/en\/wp-json\/wp\/v2\/product\/3526","targetHints":{"allow":["GET"]}}],"collection":[{"href":"https:\/\/inspiratio.ro\/en\/wp-json\/wp\/v2\/product"}],"about":[{"href":"https:\/\/inspiratio.ro\/en\/wp-json\/wp\/v2\/types\/product"}],"replies":[{"embeddable":true,"href":"https:\/\/inspiratio.ro\/en\/wp-json\/wp\/v2\/comments?post=3526"}],"wp:featuredmedia":[{"embeddable":true,"href":"https:\/\/inspiratio.ro\/en\/wp-json\/wp\/v2\/media\/3527"}],"wp:attachment":[{"href":"https:\/\/inspiratio.ro\/en\/wp-json\/wp\/v2\/media?parent=3526"}],"wp:term":[{"taxonomy":"pwb-brand","embeddable":true,"href":"https:\/\/inspiratio.ro\/en\/wp-json\/wp\/v2\/pwb-brand?post=3526"},{"taxonomy":"product_brand","embeddable":true,"href":"https:\/\/inspiratio.ro\/en\/wp-json\/wp\/v2\/product_brand?post=3526"},{"taxonomy":"product_cat","embeddable":true,"href":"https:\/\/inspiratio.ro\/en\/wp-json\/wp\/v2\/product_cat?post=3526"},{"taxonomy":"product_tag","embeddable":true,"href":"https:\/\/inspiratio.ro\/en\/wp-json\/wp\/v2\/product_tag?post=3526"}],"curies":[{"name":"wp","href":"https:\/\/api.w.org\/{rel}","templated":true}]}}