{"id":3394,"date":"2021-02-08T12:30:09","date_gmt":"2021-02-08T10:30:09","guid":{"rendered":"https:\/\/inspiratio.ro\/?post_type=product&#038;p=3394"},"modified":"2026-05-01T09:57:07","modified_gmt":"2026-05-01T06:57:07","slug":"wil-miere-de-rapita-250-g","status":"publish","type":"product","link":"https:\/\/inspiratio.ro\/en\/produs\/wil-miere-de-rapita-250-g\/","title":{"rendered":"Miere de rapi\u021b\u0103 250g"},"content":{"rendered":"<p>O miere de culoare alb\u0103, bl\u00e2nd\u0103 la gust, cremoas\u0103, fin\u0103 la consisten\u021b\u0103 \u0219i tartinabil\u0103. Preferat\u0103 de copii. Pentru acest sortiment de miere, familiile de albine sunt transportate deja la mijlocul lunii aprilie \u00een zonele agricole din sudul \u021b\u0103rii sau din Banat. Recoltarea se face la \u00eenceputul lunii mai, \u00eenainte de culesul salc\u00e2mului.<\/p>\n<p>Beneficii:<\/p>\n<ul>\n<li>\u00eent\u0103rirea sistemului osos<\/li>\n<li>regenerarea \u0219i men\u021binerea elasticit\u0103\u021bii pere\u021bilor vasculari<\/li>\n<li>\u00eembun\u0103t\u0103\u021birea func\u021biei hepatice<\/li>\n<\/ul>\n<h3 style=\"font-weight: 400;\">Despre noi<\/h3>\n<p style=\"font-weight: 400;\">Locuim in satul Hamba, jude\u021bul Sibiu si ne ocupam de aproximativ 300 de familii de albine care sunt \u00eemp\u0103r\u021bite pe 6 vetre fixe in raza de 40 km. Albinele noastre tr\u0103iesc in zone retrase, in mediul lor natural, aproape de p\u0103duri. In a\u0219a fel asiguram s\u0103n\u0103tatea albinelor dar si calitatea produselor apicole ob\u021binute.<\/p>\n<p style=\"font-weight: 400;\">Producem diferite sortimente de miere, polen, propolis, p\u0103stur\u0103 si hidromel. Pentru diversificarea sortimentului ne deplas\u0103m cu o parte din stupi la culesul de rapi\u021ba in Banat, la salc\u00e2m in Oltenia si in jude\u021bul V\u00e2lcea, la floarea soarelui in Dobrogea sau Banat si la munte pentru mierea de man\u0103.<\/p>\n<p style=\"font-weight: 400;\">Realizarea unor produse apicole s\u0103n\u0103toase si curate este secretul nostru pentru sustenabilitatea acestei \u00eendeletniciri. Doar cu produse apicole de cea mai buna calitate, f\u0103r\u0103 reziduri de chimicale, antibiotice sau alte substan\u021be nedorite putem tr\u0103ii cu si din albine.<\/p>\n<p style=\"font-weight: 400;\">De 15 ani familiile noastre de albine sunt certificate ecologic de organismul de certificare ECOINSPECT din Cluj.<\/p>\n<p style=\"font-weight: 400;\">\n<h3 style=\"font-weight: 400;\">Despre miere<\/h3>\n<p style=\"font-weight: 400;\">Dup\u0103 cum a\u021bi observat, o mare parte din mierea noastr\u0103 este cristalizata.<\/p>\n<p style=\"font-weight: 400;\">Cristalizarea este un proces specific fiec\u0103rui sortiment de miere, \u00een urma c\u0103ruia dup\u0103 un anumit timp de p\u0103strare, mierea trece din starea lichida \u00een starea mai mult sau mai pu\u021bin consistenta, \u00een func\u021bie de m\u0103rimea cristalelor.<\/p>\n<p style=\"font-weight: 400;\">Mierea cristalizata se mai nume\u0219te popular si miere zaharisita, \u00eensa aceasta expresie nu este corecta.<\/p>\n<p style=\"font-weight: 400;\">Cristalizarea (granularea sau \u00eent\u0103rirea) mierii de albine este un proces fizic natural, specific acestui produs si care nu \u00eenr\u0103ut\u0103\u021be\u0219te calitatea ei.<\/p>\n<p style=\"font-weight: 400;\">Cauzele cristaliz\u0103rii mierii nu au fost p\u00e2n\u0103 \u00een prezent pe deplin elucidate. \u00cen mod frecvent, con\u021binutul mai ridicat de glucoza, mai mic de apa, precum si<\/p>\n<p style=\"font-weight: 400;\">temperaturile mai sc\u0103zute favorizeaz\u0103 cristalizarea.<\/p>\n<p style=\"font-weight: 400;\">\u00cen general, mierea provenita de la salc\u00e2m, mana, salvie, zbur\u0103toare, lucerna, castan comestibil si altele, datorita con\u021binutului ridicat \u00een fructoza nu cristalizeaz\u0103 timp \u00eendelungat, \u00een timp ce mierea de rapi\u021ba, floarea soarelui sau tei, ce au un procent mai ridicat de glucoza, cristalizeaz\u0103 foarte repede, uneori chiar \u00een faguri.<\/p>\n<p style=\"font-weight: 400;\">Dup\u0103 caz, mierea poate cristaliza cu cristale mari (mierea poliflora) sau cu cristale fine. Prin amestecare mierea cristalizeaz\u0103 cu cristale fine (ca mierea noastr\u0103 de rapi\u021ba si floarea soarelui) devenind astfel cremoasa, pl\u0103cuta la consum.<\/p>\n<p style=\"font-weight: 400;\">Procesul de cristalizare poate fi \u00eentrerupt doar prin supra\u00eenc\u0103lzirea mierii cea ce duce la pierderea propriet\u0103\u021bilor terapeutice.<\/p>\n<p style=\"font-weight: 400;\">Noi nu supra\u00eenc\u0103lzim mierea noastr\u0103, mierea noastr\u0103 are voie s\u0103 cristalizeze, pentru s\u0103n\u0103tatea clien\u021bilor no\u0219tri.<\/p>\n","protected":false},"excerpt":{"rendered":"<p>Miere<\/p>\n","protected":false},"featured_media":11213,"comment_status":"open","ping_status":"closed","template":"","meta":[],"pwb-brand":[114],"product_brand":[285],"product_cat":[117],"product_tag":[],"class_list":{"0":"post-3394","1":"product","2":"type-product","3":"status-publish","4":"has-post-thumbnail","6":"pwb-brand-wilhelm-tartler","7":"product_brand-wilhelm-tartler","8":"product_cat-specialitati-gourmet","10":"first","11":"instock","12":"taxable","13":"shipping-taxable","14":"purchasable","15":"product-type-simple"},"yoast_head":"<!-- This site is optimized with the Yoast SEO plugin v26.9 - https:\/\/yoast.com\/product\/yoast-seo-wordpress\/ -->\n<title>WIL Miere de rapi\u021b\u0103 250g - Inspiratio<\/title>\n<meta name=\"description\" content=\"WIL Miere de rapi\u021b\u0103 250g\" \/>\n<meta name=\"robots\" content=\"index, follow, max-snippet:-1, max-image-preview:large, max-video-preview:-1\" \/>\n<link rel=\"canonical\" href=\"https:\/\/inspiratio.ro\/produs\/wil-miere-de-rapita-250-g\/\" \/>\n<meta property=\"og:locale\" content=\"en_US\" \/>\n<meta property=\"og:type\" content=\"article\" \/>\n<meta property=\"og:title\" content=\"WIL Miere de rapi\u021b\u0103 250g - Inspiratio\" \/>\n<meta property=\"og:description\" content=\"WIL Miere de rapi\u021b\u0103 250g\" \/>\n<meta property=\"og:url\" content=\"https:\/\/inspiratio.ro\/produs\/wil-miere-de-rapita-250-g\/\" \/>\n<meta property=\"og:site_name\" content=\"Inspiratio\" \/>\n<meta property=\"article:publisher\" content=\"https:\/\/www.facebook.com\/inspiratiogiftstudio\/\" \/>\n<meta property=\"article:modified_time\" content=\"2026-05-01T06:57:07+00:00\" \/>\n<meta property=\"og:image\" content=\"https:\/\/inspiratio.ro\/wp-content\/uploads\/2021\/02\/de-rapita-600x600-1.png\" \/>\n\t<meta property=\"og:image:width\" content=\"600\" \/>\n\t<meta property=\"og:image:height\" content=\"600\" \/>\n\t<meta property=\"og:image:type\" content=\"image\/png\" \/>\n<meta name=\"twitter:card\" content=\"summary_large_image\" \/>\n<meta name=\"twitter:label1\" content=\"Est. reading time\" \/>\n\t<meta name=\"twitter:data1\" content=\"3 minutes\" \/>\n<script type=\"application\/ld+json\" class=\"yoast-schema-graph\">{\"@context\":\"https:\/\/schema.org\",\"@graph\":[{\"@type\":\"WebPage\",\"@id\":\"https:\/\/inspiratio.ro\/produs\/wil-miere-de-rapita-250-g\/\",\"url\":\"https:\/\/inspiratio.ro\/produs\/wil-miere-de-rapita-250-g\/\",\"name\":\"WIL Miere de rapi\u021b\u0103 250g - Inspiratio\",\"isPartOf\":{\"@id\":\"https:\/\/inspiratio.ro\/#website\"},\"primaryImageOfPage\":{\"@id\":\"https:\/\/inspiratio.ro\/produs\/wil-miere-de-rapita-250-g\/#primaryimage\"},\"image\":{\"@id\":\"https:\/\/inspiratio.ro\/produs\/wil-miere-de-rapita-250-g\/#primaryimage\"},\"thumbnailUrl\":\"https:\/\/inspiratio.ro\/wp-content\/uploads\/2021\/02\/de-rapita-600x600-1.png\",\"datePublished\":\"2021-02-08T10:30:09+00:00\",\"dateModified\":\"2026-05-01T06:57:07+00:00\",\"description\":\"WIL Miere de rapi\u021b\u0103 250g\",\"breadcrumb\":{\"@id\":\"https:\/\/inspiratio.ro\/produs\/wil-miere-de-rapita-250-g\/#breadcrumb\"},\"inLanguage\":\"en-US\",\"potentialAction\":[{\"@type\":\"ReadAction\",\"target\":[\"https:\/\/inspiratio.ro\/produs\/wil-miere-de-rapita-250-g\/\"]}]},{\"@type\":\"ImageObject\",\"inLanguage\":\"en-US\",\"@id\":\"https:\/\/inspiratio.ro\/produs\/wil-miere-de-rapita-250-g\/#primaryimage\",\"url\":\"https:\/\/inspiratio.ro\/wp-content\/uploads\/2021\/02\/de-rapita-600x600-1.png\",\"contentUrl\":\"https:\/\/inspiratio.ro\/wp-content\/uploads\/2021\/02\/de-rapita-600x600-1.png\",\"width\":600,\"height\":600},{\"@type\":\"BreadcrumbList\",\"@id\":\"https:\/\/inspiratio.ro\/produs\/wil-miere-de-rapita-250-g\/#breadcrumb\",\"itemListElement\":[{\"@type\":\"ListItem\",\"position\":1,\"name\":\"Shop\",\"item\":\"https:\/\/inspiratio.ro\/magazin-cadouri\/\"},{\"@type\":\"ListItem\",\"position\":2,\"name\":\"WIL Miere de rapi\u021b\u0103 250g\"}]},{\"@type\":\"WebSite\",\"@id\":\"https:\/\/inspiratio.ro\/#website\",\"url\":\"https:\/\/inspiratio.ro\/\",\"name\":\"Inspiratio\",\"description\":\"Las\u0103-te purtat de inspira\u021bie\",\"publisher\":{\"@id\":\"https:\/\/inspiratio.ro\/#organization\"},\"potentialAction\":[{\"@type\":\"SearchAction\",\"target\":{\"@type\":\"EntryPoint\",\"urlTemplate\":\"https:\/\/inspiratio.ro\/?s={search_term_string}\"},\"query-input\":{\"@type\":\"PropertyValueSpecification\",\"valueRequired\":true,\"valueName\":\"search_term_string\"}}],\"inLanguage\":\"en-US\"},{\"@type\":\"Organization\",\"@id\":\"https:\/\/inspiratio.ro\/#organization\",\"name\":\"Inspiratio\",\"url\":\"https:\/\/inspiratio.ro\/\",\"logo\":{\"@type\":\"ImageObject\",\"inLanguage\":\"en-US\",\"@id\":\"https:\/\/inspiratio.ro\/#\/schema\/logo\/image\/\",\"url\":\"https:\/\/inspiratio.ro\/wp-content\/uploads\/2020\/06\/logo-inspiratio.png\",\"contentUrl\":\"https:\/\/inspiratio.ro\/wp-content\/uploads\/2020\/06\/logo-inspiratio.png\",\"width\":232,\"height\":209,\"caption\":\"Inspiratio\"},\"image\":{\"@id\":\"https:\/\/inspiratio.ro\/#\/schema\/logo\/image\/\"},\"sameAs\":[\"https:\/\/www.facebook.com\/inspiratiogiftstudio\/\",\"https:\/\/www.instagram.com\/inspiratio_giftstudio\/\"]}]}<\/script>\n<!-- \/ Yoast SEO plugin. -->","yoast_head_json":{"title":"WIL Miere de rapi\u021b\u0103 250g - Inspiratio","description":"WIL Miere de rapi\u021b\u0103 250g","robots":{"index":"index","follow":"follow","max-snippet":"max-snippet:-1","max-image-preview":"max-image-preview:large","max-video-preview":"max-video-preview:-1"},"canonical":"https:\/\/inspiratio.ro\/produs\/wil-miere-de-rapita-250-g\/","og_locale":"en_US","og_type":"article","og_title":"WIL Miere de rapi\u021b\u0103 250g - Inspiratio","og_description":"WIL Miere de rapi\u021b\u0103 250g","og_url":"https:\/\/inspiratio.ro\/produs\/wil-miere-de-rapita-250-g\/","og_site_name":"Inspiratio","article_publisher":"https:\/\/www.facebook.com\/inspiratiogiftstudio\/","article_modified_time":"2026-05-01T06:57:07+00:00","og_image":[{"width":600,"height":600,"url":"https:\/\/inspiratio.ro\/wp-content\/uploads\/2021\/02\/de-rapita-600x600-1.png","type":"image\/png"}],"twitter_card":"summary_large_image","twitter_misc":{"Est. reading time":"3 minutes"},"schema":{"@context":"https:\/\/schema.org","@graph":[{"@type":"WebPage","@id":"https:\/\/inspiratio.ro\/produs\/wil-miere-de-rapita-250-g\/","url":"https:\/\/inspiratio.ro\/produs\/wil-miere-de-rapita-250-g\/","name":"WIL Miere de rapi\u021b\u0103 250g - Inspiratio","isPartOf":{"@id":"https:\/\/inspiratio.ro\/#website"},"primaryImageOfPage":{"@id":"https:\/\/inspiratio.ro\/produs\/wil-miere-de-rapita-250-g\/#primaryimage"},"image":{"@id":"https:\/\/inspiratio.ro\/produs\/wil-miere-de-rapita-250-g\/#primaryimage"},"thumbnailUrl":"https:\/\/inspiratio.ro\/wp-content\/uploads\/2021\/02\/de-rapita-600x600-1.png","datePublished":"2021-02-08T10:30:09+00:00","dateModified":"2026-05-01T06:57:07+00:00","description":"WIL Miere de rapi\u021b\u0103 250g","breadcrumb":{"@id":"https:\/\/inspiratio.ro\/produs\/wil-miere-de-rapita-250-g\/#breadcrumb"},"inLanguage":"en-US","potentialAction":[{"@type":"ReadAction","target":["https:\/\/inspiratio.ro\/produs\/wil-miere-de-rapita-250-g\/"]}]},{"@type":"ImageObject","inLanguage":"en-US","@id":"https:\/\/inspiratio.ro\/produs\/wil-miere-de-rapita-250-g\/#primaryimage","url":"https:\/\/inspiratio.ro\/wp-content\/uploads\/2021\/02\/de-rapita-600x600-1.png","contentUrl":"https:\/\/inspiratio.ro\/wp-content\/uploads\/2021\/02\/de-rapita-600x600-1.png","width":600,"height":600},{"@type":"BreadcrumbList","@id":"https:\/\/inspiratio.ro\/produs\/wil-miere-de-rapita-250-g\/#breadcrumb","itemListElement":[{"@type":"ListItem","position":1,"name":"Shop","item":"https:\/\/inspiratio.ro\/magazin-cadouri\/"},{"@type":"ListItem","position":2,"name":"WIL Miere de rapi\u021b\u0103 250g"}]},{"@type":"WebSite","@id":"https:\/\/inspiratio.ro\/#website","url":"https:\/\/inspiratio.ro\/","name":"Inspiratio","description":"Las\u0103-te purtat de inspira\u021bie","publisher":{"@id":"https:\/\/inspiratio.ro\/#organization"},"potentialAction":[{"@type":"SearchAction","target":{"@type":"EntryPoint","urlTemplate":"https:\/\/inspiratio.ro\/?s={search_term_string}"},"query-input":{"@type":"PropertyValueSpecification","valueRequired":true,"valueName":"search_term_string"}}],"inLanguage":"en-US"},{"@type":"Organization","@id":"https:\/\/inspiratio.ro\/#organization","name":"Inspiratio","url":"https:\/\/inspiratio.ro\/","logo":{"@type":"ImageObject","inLanguage":"en-US","@id":"https:\/\/inspiratio.ro\/#\/schema\/logo\/image\/","url":"https:\/\/inspiratio.ro\/wp-content\/uploads\/2020\/06\/logo-inspiratio.png","contentUrl":"https:\/\/inspiratio.ro\/wp-content\/uploads\/2020\/06\/logo-inspiratio.png","width":232,"height":209,"caption":"Inspiratio"},"image":{"@id":"https:\/\/inspiratio.ro\/#\/schema\/logo\/image\/"},"sameAs":["https:\/\/www.facebook.com\/inspiratiogiftstudio\/","https:\/\/www.instagram.com\/inspiratio_giftstudio\/"]}]}},"brands":[{"id":114,"name":"Wilhelm Tartler","slug":"wilhelm-tartler"}],"_links":{"self":[{"href":"https:\/\/inspiratio.ro\/en\/wp-json\/wp\/v2\/product\/3394","targetHints":{"allow":["GET"]}}],"collection":[{"href":"https:\/\/inspiratio.ro\/en\/wp-json\/wp\/v2\/product"}],"about":[{"href":"https:\/\/inspiratio.ro\/en\/wp-json\/wp\/v2\/types\/product"}],"replies":[{"embeddable":true,"href":"https:\/\/inspiratio.ro\/en\/wp-json\/wp\/v2\/comments?post=3394"}],"wp:featuredmedia":[{"embeddable":true,"href":"https:\/\/inspiratio.ro\/en\/wp-json\/wp\/v2\/media\/11213"}],"wp:attachment":[{"href":"https:\/\/inspiratio.ro\/en\/wp-json\/wp\/v2\/media?parent=3394"}],"wp:term":[{"taxonomy":"pwb-brand","embeddable":true,"href":"https:\/\/inspiratio.ro\/en\/wp-json\/wp\/v2\/pwb-brand?post=3394"},{"taxonomy":"product_brand","embeddable":true,"href":"https:\/\/inspiratio.ro\/en\/wp-json\/wp\/v2\/product_brand?post=3394"},{"taxonomy":"product_cat","embeddable":true,"href":"https:\/\/inspiratio.ro\/en\/wp-json\/wp\/v2\/product_cat?post=3394"},{"taxonomy":"product_tag","embeddable":true,"href":"https:\/\/inspiratio.ro\/en\/wp-json\/wp\/v2\/product_tag?post=3394"}],"curies":[{"name":"wp","href":"https:\/\/api.w.org\/{rel}","templated":true}]}}