{"id":3311,"date":"2021-02-04T13:20:53","date_gmt":"2021-02-04T13:20:53","guid":{"rendered":"https:\/\/inspiratio.ro\/?post_type=product&#038;p=3311"},"modified":"2021-03-01T08:48:53","modified_gmt":"2021-03-01T08:48:53","slug":"vel-micul-print-agnes-de-lestrade","status":"publish","type":"product","link":"https:\/\/inspiratio.ro\/en\/produs\/vel-micul-print-agnes-de-lestrade\/","title":{"rendered":"Micul Prin\u021b \u2013 Agn\u00e8s de Lestrade"},"content":{"rendered":"<p>\u201cOchii nu pot p\u0103trunde \u00een miezul lucrurilor. Limpede nu vedem dec\u00e2t cu inima&#8221;, \u00eei spune vulpea micului prin\u021b. O poveste atemporal\u0103, extraordinar de emo\u021bionant\u0103, despre iubire, prietenie \u0219i promisiuni, despre cum s\u0103 cre\u0219ti f\u0103r\u0103 s\u0103 pierzi misterul \u0219i curajul copil\u0103riei. Minunatele aventuri ale micului prin\u021b, \u00eent\u00e2lnirile lui memorabile \u0219i concluziile pline de prospe\u021bime sunt acum scrise pe \u00een\u021belesul &#8211; \u0219i spre deliciul &#8211; celor mai mici cititori.<\/p>\n<p>Autoarele de succes interna\u021bional Agn\u00e8s de Lestrade \u0219i Valeria Docampo reinterpreteaz\u0103 capodopera lui Antoine de Saint-Exup\u00e9ry \u00eentr-un fel unic \u0219i spectaculos.<\/p>\n","protected":false},"excerpt":{"rendered":"<p>Carte<\/p>\n","protected":false},"featured_media":3312,"comment_status":"open","ping_status":"closed","template":"","meta":[],"pwb-brand":[84],"product_brand":[],"product_cat":[89,88,71],"product_tag":[],"class_list":{"0":"post-3311","1":"product","2":"type-product","3":"status-publish","4":"has-post-thumbnail","6":"pwb-brand-editura-vellant","7":"product_cat-cadouri-pentru-copii","8":"product_cat-categorie-carte","9":"product_cat-carte","11":"first","12":"instock","13":"taxable","14":"shipping-taxable","15":"purchasable","16":"product-type-simple"},"yoast_head":"<!-- This site is optimized with the Yoast SEO plugin v26.9 - https:\/\/yoast.com\/product\/yoast-seo-wordpress\/ -->\n<title>VEL Micul Prin\u021b \u2013 Agn\u00e8s de Lestrade - Inspiratio<\/title>\n<meta name=\"robots\" content=\"index, follow, max-snippet:-1, max-image-preview:large, max-video-preview:-1\" \/>\n<link rel=\"canonical\" href=\"https:\/\/inspiratio.ro\/produs\/vel-micul-print-agnes-de-lestrade\/\" \/>\n<meta property=\"og:locale\" content=\"en_US\" \/>\n<meta property=\"og:type\" content=\"article\" \/>\n<meta property=\"og:title\" content=\"VEL Micul Prin\u021b \u2013 Agn\u00e8s de Lestrade - Inspiratio\" \/>\n<meta property=\"og:description\" content=\"Carte\" \/>\n<meta property=\"og:url\" content=\"https:\/\/inspiratio.ro\/produs\/vel-micul-print-agnes-de-lestrade\/\" \/>\n<meta property=\"og:site_name\" content=\"Inspiratio\" \/>\n<meta property=\"article:publisher\" content=\"https:\/\/www.facebook.com\/inspiratiogiftstudio\/\" \/>\n<meta property=\"article:modified_time\" content=\"2021-03-01T08:48:53+00:00\" \/>\n<meta property=\"og:image\" content=\"https:\/\/inspiratio.ro\/wp-content\/uploads\/2021\/02\/micul-print.png\" \/>\n\t<meta property=\"og:image:width\" content=\"600\" \/>\n\t<meta property=\"og:image:height\" content=\"763\" \/>\n\t<meta property=\"og:image:type\" content=\"image\/png\" \/>\n<meta name=\"twitter:card\" content=\"summary_large_image\" \/>\n<meta name=\"twitter:label1\" content=\"Est. reading time\" \/>\n\t<meta name=\"twitter:data1\" content=\"1 minute\" \/>\n<script type=\"application\/ld+json\" class=\"yoast-schema-graph\">{\"@context\":\"https:\/\/schema.org\",\"@graph\":[{\"@type\":\"WebPage\",\"@id\":\"https:\/\/inspiratio.ro\/produs\/vel-micul-print-agnes-de-lestrade\/\",\"url\":\"https:\/\/inspiratio.ro\/produs\/vel-micul-print-agnes-de-lestrade\/\",\"name\":\"VEL Micul Prin\u021b \u2013 Agn\u00e8s de Lestrade - Inspiratio\",\"isPartOf\":{\"@id\":\"https:\/\/inspiratio.ro\/#website\"},\"primaryImageOfPage\":{\"@id\":\"https:\/\/inspiratio.ro\/produs\/vel-micul-print-agnes-de-lestrade\/#primaryimage\"},\"image\":{\"@id\":\"https:\/\/inspiratio.ro\/produs\/vel-micul-print-agnes-de-lestrade\/#primaryimage\"},\"thumbnailUrl\":\"https:\/\/inspiratio.ro\/wp-content\/uploads\/2021\/02\/micul-print.png\",\"datePublished\":\"2021-02-04T13:20:53+00:00\",\"dateModified\":\"2021-03-01T08:48:53+00:00\",\"breadcrumb\":{\"@id\":\"https:\/\/inspiratio.ro\/produs\/vel-micul-print-agnes-de-lestrade\/#breadcrumb\"},\"inLanguage\":\"en-US\",\"potentialAction\":[{\"@type\":\"ReadAction\",\"target\":[\"https:\/\/inspiratio.ro\/produs\/vel-micul-print-agnes-de-lestrade\/\"]}]},{\"@type\":\"ImageObject\",\"inLanguage\":\"en-US\",\"@id\":\"https:\/\/inspiratio.ro\/produs\/vel-micul-print-agnes-de-lestrade\/#primaryimage\",\"url\":\"https:\/\/inspiratio.ro\/wp-content\/uploads\/2021\/02\/micul-print.png\",\"contentUrl\":\"https:\/\/inspiratio.ro\/wp-content\/uploads\/2021\/02\/micul-print.png\",\"width\":600,\"height\":763},{\"@type\":\"BreadcrumbList\",\"@id\":\"https:\/\/inspiratio.ro\/produs\/vel-micul-print-agnes-de-lestrade\/#breadcrumb\",\"itemListElement\":[{\"@type\":\"ListItem\",\"position\":1,\"name\":\"Shop\",\"item\":\"https:\/\/inspiratio.ro\/magazin-cadouri\/\"},{\"@type\":\"ListItem\",\"position\":2,\"name\":\"Micul Prin\u021b \u2013 Agn\u00e8s de Lestrade\"}]},{\"@type\":\"WebSite\",\"@id\":\"https:\/\/inspiratio.ro\/#website\",\"url\":\"https:\/\/inspiratio.ro\/\",\"name\":\"Inspiratio\",\"description\":\"Las\u0103-te purtat de inspira\u021bie\",\"publisher\":{\"@id\":\"https:\/\/inspiratio.ro\/#organization\"},\"potentialAction\":[{\"@type\":\"SearchAction\",\"target\":{\"@type\":\"EntryPoint\",\"urlTemplate\":\"https:\/\/inspiratio.ro\/?s={search_term_string}\"},\"query-input\":{\"@type\":\"PropertyValueSpecification\",\"valueRequired\":true,\"valueName\":\"search_term_string\"}}],\"inLanguage\":\"en-US\"},{\"@type\":\"Organization\",\"@id\":\"https:\/\/inspiratio.ro\/#organization\",\"name\":\"Inspiratio\",\"url\":\"https:\/\/inspiratio.ro\/\",\"logo\":{\"@type\":\"ImageObject\",\"inLanguage\":\"en-US\",\"@id\":\"https:\/\/inspiratio.ro\/#\/schema\/logo\/image\/\",\"url\":\"https:\/\/inspiratio.ro\/wp-content\/uploads\/2020\/06\/logo-inspiratio.png\",\"contentUrl\":\"https:\/\/inspiratio.ro\/wp-content\/uploads\/2020\/06\/logo-inspiratio.png\",\"width\":232,\"height\":209,\"caption\":\"Inspiratio\"},\"image\":{\"@id\":\"https:\/\/inspiratio.ro\/#\/schema\/logo\/image\/\"},\"sameAs\":[\"https:\/\/www.facebook.com\/inspiratiogiftstudio\/\",\"https:\/\/www.instagram.com\/inspiratio_giftstudio\/\"]}]}<\/script>\n<!-- \/ Yoast SEO plugin. -->","yoast_head_json":{"title":"VEL Micul Prin\u021b \u2013 Agn\u00e8s de Lestrade - Inspiratio","robots":{"index":"index","follow":"follow","max-snippet":"max-snippet:-1","max-image-preview":"max-image-preview:large","max-video-preview":"max-video-preview:-1"},"canonical":"https:\/\/inspiratio.ro\/produs\/vel-micul-print-agnes-de-lestrade\/","og_locale":"en_US","og_type":"article","og_title":"VEL Micul Prin\u021b \u2013 Agn\u00e8s de Lestrade - Inspiratio","og_description":"Carte","og_url":"https:\/\/inspiratio.ro\/produs\/vel-micul-print-agnes-de-lestrade\/","og_site_name":"Inspiratio","article_publisher":"https:\/\/www.facebook.com\/inspiratiogiftstudio\/","article_modified_time":"2021-03-01T08:48:53+00:00","og_image":[{"width":600,"height":763,"url":"https:\/\/inspiratio.ro\/wp-content\/uploads\/2021\/02\/micul-print.png","type":"image\/png"}],"twitter_card":"summary_large_image","twitter_misc":{"Est. reading time":"1 minute"},"schema":{"@context":"https:\/\/schema.org","@graph":[{"@type":"WebPage","@id":"https:\/\/inspiratio.ro\/produs\/vel-micul-print-agnes-de-lestrade\/","url":"https:\/\/inspiratio.ro\/produs\/vel-micul-print-agnes-de-lestrade\/","name":"VEL Micul Prin\u021b \u2013 Agn\u00e8s de Lestrade - Inspiratio","isPartOf":{"@id":"https:\/\/inspiratio.ro\/#website"},"primaryImageOfPage":{"@id":"https:\/\/inspiratio.ro\/produs\/vel-micul-print-agnes-de-lestrade\/#primaryimage"},"image":{"@id":"https:\/\/inspiratio.ro\/produs\/vel-micul-print-agnes-de-lestrade\/#primaryimage"},"thumbnailUrl":"https:\/\/inspiratio.ro\/wp-content\/uploads\/2021\/02\/micul-print.png","datePublished":"2021-02-04T13:20:53+00:00","dateModified":"2021-03-01T08:48:53+00:00","breadcrumb":{"@id":"https:\/\/inspiratio.ro\/produs\/vel-micul-print-agnes-de-lestrade\/#breadcrumb"},"inLanguage":"en-US","potentialAction":[{"@type":"ReadAction","target":["https:\/\/inspiratio.ro\/produs\/vel-micul-print-agnes-de-lestrade\/"]}]},{"@type":"ImageObject","inLanguage":"en-US","@id":"https:\/\/inspiratio.ro\/produs\/vel-micul-print-agnes-de-lestrade\/#primaryimage","url":"https:\/\/inspiratio.ro\/wp-content\/uploads\/2021\/02\/micul-print.png","contentUrl":"https:\/\/inspiratio.ro\/wp-content\/uploads\/2021\/02\/micul-print.png","width":600,"height":763},{"@type":"BreadcrumbList","@id":"https:\/\/inspiratio.ro\/produs\/vel-micul-print-agnes-de-lestrade\/#breadcrumb","itemListElement":[{"@type":"ListItem","position":1,"name":"Shop","item":"https:\/\/inspiratio.ro\/magazin-cadouri\/"},{"@type":"ListItem","position":2,"name":"Micul Prin\u021b \u2013 Agn\u00e8s de Lestrade"}]},{"@type":"WebSite","@id":"https:\/\/inspiratio.ro\/#website","url":"https:\/\/inspiratio.ro\/","name":"Inspiratio","description":"Las\u0103-te purtat de inspira\u021bie","publisher":{"@id":"https:\/\/inspiratio.ro\/#organization"},"potentialAction":[{"@type":"SearchAction","target":{"@type":"EntryPoint","urlTemplate":"https:\/\/inspiratio.ro\/?s={search_term_string}"},"query-input":{"@type":"PropertyValueSpecification","valueRequired":true,"valueName":"search_term_string"}}],"inLanguage":"en-US"},{"@type":"Organization","@id":"https:\/\/inspiratio.ro\/#organization","name":"Inspiratio","url":"https:\/\/inspiratio.ro\/","logo":{"@type":"ImageObject","inLanguage":"en-US","@id":"https:\/\/inspiratio.ro\/#\/schema\/logo\/image\/","url":"https:\/\/inspiratio.ro\/wp-content\/uploads\/2020\/06\/logo-inspiratio.png","contentUrl":"https:\/\/inspiratio.ro\/wp-content\/uploads\/2020\/06\/logo-inspiratio.png","width":232,"height":209,"caption":"Inspiratio"},"image":{"@id":"https:\/\/inspiratio.ro\/#\/schema\/logo\/image\/"},"sameAs":["https:\/\/www.facebook.com\/inspiratiogiftstudio\/","https:\/\/www.instagram.com\/inspiratio_giftstudio\/"]}]}},"brands":[{"id":84,"name":"Editura Vellant","slug":"editura-vellant"}],"_links":{"self":[{"href":"https:\/\/inspiratio.ro\/en\/wp-json\/wp\/v2\/product\/3311","targetHints":{"allow":["GET"]}}],"collection":[{"href":"https:\/\/inspiratio.ro\/en\/wp-json\/wp\/v2\/product"}],"about":[{"href":"https:\/\/inspiratio.ro\/en\/wp-json\/wp\/v2\/types\/product"}],"replies":[{"embeddable":true,"href":"https:\/\/inspiratio.ro\/en\/wp-json\/wp\/v2\/comments?post=3311"}],"wp:featuredmedia":[{"embeddable":true,"href":"https:\/\/inspiratio.ro\/en\/wp-json\/wp\/v2\/media\/3312"}],"wp:attachment":[{"href":"https:\/\/inspiratio.ro\/en\/wp-json\/wp\/v2\/media?parent=3311"}],"wp:term":[{"taxonomy":"pwb-brand","embeddable":true,"href":"https:\/\/inspiratio.ro\/en\/wp-json\/wp\/v2\/pwb-brand?post=3311"},{"taxonomy":"product_brand","embeddable":true,"href":"https:\/\/inspiratio.ro\/en\/wp-json\/wp\/v2\/product_brand?post=3311"},{"taxonomy":"product_cat","embeddable":true,"href":"https:\/\/inspiratio.ro\/en\/wp-json\/wp\/v2\/product_cat?post=3311"},{"taxonomy":"product_tag","embeddable":true,"href":"https:\/\/inspiratio.ro\/en\/wp-json\/wp\/v2\/product_tag?post=3311"}],"curies":[{"name":"wp","href":"https:\/\/api.w.org\/{rel}","templated":true}]}}