{"id":3290,"date":"2021-02-04T12:00:15","date_gmt":"2021-02-04T12:00:15","guid":{"rendered":"https:\/\/inspiratio.ro\/?post_type=product&#038;p=3290"},"modified":"2025-08-27T10:18:17","modified_gmt":"2025-08-27T07:18:17","slug":"irn-ceai-lost-mountain-100-g","status":"publish","type":"product","link":"https:\/\/inspiratio.ro\/en\/produs\/irn-ceai-lost-mountain-100-g\/","title":{"rendered":"Ceai Lost Mountain \u2013 100 g"},"content":{"rendered":"<p><strong>Lost Mountain \u2013 amestec pentru ceai din plante<\/strong><\/p>\n<p><strong>Izm\u0103, soc \u0219i muguri de pin<\/strong><\/p>\n<p>Uneori, p\u00e2n\u0103 \u0219i cel mai \u00eenalt munte \u00ee\u0219i pierde cump\u0103tul printre ce\u021buri dese. Se spune c\u0103 fie aroma fragil\u0103 a cimbri\u0219orului s\u0103lbatic sau prospe\u021bimea pinilor t\u0103cu\u021bi, fie mireasma bogat\u0103 a florilor de soc \u00eei red\u0103 puterile \u0219i \u00eei restabile\u0219te spiritul zdrobit.<\/p>\n<p>Toate ingredientele sunt culese, uscate \u0219i amestecate cu grij\u0103 \u00een Transilvania. Acest amestec con\u021bine at\u00e2t plante s\u0103lbatice, c\u00e2t \u0219i cultivate, alese din zone nepoluate, cu respect pentru colectare s\u0103n\u0103toas\u0103. Cu responsabilitate at\u00e2t pentru natur\u0103, c\u00e2t \u0219i pentru consumatori, se asigur\u0103 cea mai bun\u0103 calitate a materiei brute, care este apoi ambalat\u0103 manual, \u00een atelierul din sudul Transilvaniei.<\/p>\n","protected":false},"excerpt":{"rendered":"<p>Ceai<\/p>\n","protected":false},"featured_media":3291,"comment_status":"open","ping_status":"closed","template":"","meta":[],"pwb-brand":[61],"product_brand":[254],"product_cat":[117,63],"product_tag":[],"class_list":{"0":"post-3290","1":"product","2":"type-product","3":"status-publish","4":"has-post-thumbnail","6":"pwb-brand-atelier-irina-neacsu","7":"product_brand-atelier-irina-neacsu","8":"product_cat-specialitati-gourmet","9":"product_cat-suveniruri-transilvania","11":"first","12":"instock","13":"taxable","14":"shipping-taxable","15":"purchasable","16":"product-type-simple"},"yoast_head":"<!-- This site is optimized with the Yoast SEO plugin v26.9 - https:\/\/yoast.com\/product\/yoast-seo-wordpress\/ -->\n<title>IRN Ceai Lost Mountain \u2013 100 g - Inspiratio<\/title>\n<meta name=\"description\" content=\"IRN Ceai Lost Mountain \u2013 100 g\" \/>\n<meta name=\"robots\" content=\"index, follow, max-snippet:-1, max-image-preview:large, max-video-preview:-1\" \/>\n<link rel=\"canonical\" href=\"https:\/\/inspiratio.ro\/produs\/irn-ceai-lost-mountain-100-g\/\" \/>\n<meta property=\"og:locale\" content=\"en_US\" \/>\n<meta property=\"og:type\" content=\"article\" \/>\n<meta property=\"og:title\" content=\"IRN Ceai Lost Mountain \u2013 100 g - Inspiratio\" \/>\n<meta property=\"og:description\" content=\"IRN Ceai Lost Mountain \u2013 100 g\" \/>\n<meta property=\"og:url\" content=\"https:\/\/inspiratio.ro\/produs\/irn-ceai-lost-mountain-100-g\/\" \/>\n<meta property=\"og:site_name\" content=\"Inspiratio\" \/>\n<meta property=\"article:publisher\" content=\"https:\/\/www.facebook.com\/inspiratiogiftstudio\/\" \/>\n<meta property=\"article:modified_time\" content=\"2025-08-27T07:18:17+00:00\" \/>\n<meta property=\"og:image\" content=\"https:\/\/inspiratio.ro\/wp-content\/uploads\/2021\/02\/lost-mountain_punga02-scaled.jpg\" \/>\n\t<meta property=\"og:image:width\" content=\"2560\" \/>\n\t<meta property=\"og:image:height\" content=\"2328\" \/>\n\t<meta property=\"og:image:type\" content=\"image\/jpeg\" \/>\n<meta name=\"twitter:card\" content=\"summary_large_image\" \/>\n<meta name=\"twitter:label1\" content=\"Est. reading time\" \/>\n\t<meta name=\"twitter:data1\" content=\"1 minute\" \/>\n<script type=\"application\/ld+json\" class=\"yoast-schema-graph\">{\"@context\":\"https:\/\/schema.org\",\"@graph\":[{\"@type\":\"WebPage\",\"@id\":\"https:\/\/inspiratio.ro\/produs\/irn-ceai-lost-mountain-100-g\/\",\"url\":\"https:\/\/inspiratio.ro\/produs\/irn-ceai-lost-mountain-100-g\/\",\"name\":\"IRN Ceai Lost Mountain \u2013 100 g - Inspiratio\",\"isPartOf\":{\"@id\":\"https:\/\/inspiratio.ro\/#website\"},\"primaryImageOfPage\":{\"@id\":\"https:\/\/inspiratio.ro\/produs\/irn-ceai-lost-mountain-100-g\/#primaryimage\"},\"image\":{\"@id\":\"https:\/\/inspiratio.ro\/produs\/irn-ceai-lost-mountain-100-g\/#primaryimage\"},\"thumbnailUrl\":\"https:\/\/inspiratio.ro\/wp-content\/uploads\/2021\/02\/lost-mountain_punga02-scaled.jpg\",\"datePublished\":\"2021-02-04T12:00:15+00:00\",\"dateModified\":\"2025-08-27T07:18:17+00:00\",\"description\":\"IRN Ceai Lost Mountain \u2013 100 g\",\"breadcrumb\":{\"@id\":\"https:\/\/inspiratio.ro\/produs\/irn-ceai-lost-mountain-100-g\/#breadcrumb\"},\"inLanguage\":\"en-US\",\"potentialAction\":[{\"@type\":\"ReadAction\",\"target\":[\"https:\/\/inspiratio.ro\/produs\/irn-ceai-lost-mountain-100-g\/\"]}]},{\"@type\":\"ImageObject\",\"inLanguage\":\"en-US\",\"@id\":\"https:\/\/inspiratio.ro\/produs\/irn-ceai-lost-mountain-100-g\/#primaryimage\",\"url\":\"https:\/\/inspiratio.ro\/wp-content\/uploads\/2021\/02\/lost-mountain_punga02-scaled.jpg\",\"contentUrl\":\"https:\/\/inspiratio.ro\/wp-content\/uploads\/2021\/02\/lost-mountain_punga02-scaled.jpg\",\"width\":2560,\"height\":2328},{\"@type\":\"BreadcrumbList\",\"@id\":\"https:\/\/inspiratio.ro\/produs\/irn-ceai-lost-mountain-100-g\/#breadcrumb\",\"itemListElement\":[{\"@type\":\"ListItem\",\"position\":1,\"name\":\"Shop\",\"item\":\"https:\/\/inspiratio.ro\/magazin-cadouri\/\"},{\"@type\":\"ListItem\",\"position\":2,\"name\":\"IRN Ceai Lost Mountain \u2013 100 g\"}]},{\"@type\":\"WebSite\",\"@id\":\"https:\/\/inspiratio.ro\/#website\",\"url\":\"https:\/\/inspiratio.ro\/\",\"name\":\"Inspiratio\",\"description\":\"Las\u0103-te purtat de inspira\u021bie\",\"publisher\":{\"@id\":\"https:\/\/inspiratio.ro\/#organization\"},\"potentialAction\":[{\"@type\":\"SearchAction\",\"target\":{\"@type\":\"EntryPoint\",\"urlTemplate\":\"https:\/\/inspiratio.ro\/?s={search_term_string}\"},\"query-input\":{\"@type\":\"PropertyValueSpecification\",\"valueRequired\":true,\"valueName\":\"search_term_string\"}}],\"inLanguage\":\"en-US\"},{\"@type\":\"Organization\",\"@id\":\"https:\/\/inspiratio.ro\/#organization\",\"name\":\"Inspiratio\",\"url\":\"https:\/\/inspiratio.ro\/\",\"logo\":{\"@type\":\"ImageObject\",\"inLanguage\":\"en-US\",\"@id\":\"https:\/\/inspiratio.ro\/#\/schema\/logo\/image\/\",\"url\":\"https:\/\/inspiratio.ro\/wp-content\/uploads\/2020\/06\/logo-inspiratio.png\",\"contentUrl\":\"https:\/\/inspiratio.ro\/wp-content\/uploads\/2020\/06\/logo-inspiratio.png\",\"width\":232,\"height\":209,\"caption\":\"Inspiratio\"},\"image\":{\"@id\":\"https:\/\/inspiratio.ro\/#\/schema\/logo\/image\/\"},\"sameAs\":[\"https:\/\/www.facebook.com\/inspiratiogiftstudio\/\",\"https:\/\/www.instagram.com\/inspiratio_giftstudio\/\"]}]}<\/script>\n<!-- \/ Yoast SEO plugin. -->","yoast_head_json":{"title":"IRN Ceai Lost Mountain \u2013 100 g - Inspiratio","description":"IRN Ceai Lost Mountain \u2013 100 g","robots":{"index":"index","follow":"follow","max-snippet":"max-snippet:-1","max-image-preview":"max-image-preview:large","max-video-preview":"max-video-preview:-1"},"canonical":"https:\/\/inspiratio.ro\/produs\/irn-ceai-lost-mountain-100-g\/","og_locale":"en_US","og_type":"article","og_title":"IRN Ceai Lost Mountain \u2013 100 g - Inspiratio","og_description":"IRN Ceai Lost Mountain \u2013 100 g","og_url":"https:\/\/inspiratio.ro\/produs\/irn-ceai-lost-mountain-100-g\/","og_site_name":"Inspiratio","article_publisher":"https:\/\/www.facebook.com\/inspiratiogiftstudio\/","article_modified_time":"2025-08-27T07:18:17+00:00","og_image":[{"width":2560,"height":2328,"url":"https:\/\/inspiratio.ro\/wp-content\/uploads\/2021\/02\/lost-mountain_punga02-scaled.jpg","type":"image\/jpeg"}],"twitter_card":"summary_large_image","twitter_misc":{"Est. reading time":"1 minute"},"schema":{"@context":"https:\/\/schema.org","@graph":[{"@type":"WebPage","@id":"https:\/\/inspiratio.ro\/produs\/irn-ceai-lost-mountain-100-g\/","url":"https:\/\/inspiratio.ro\/produs\/irn-ceai-lost-mountain-100-g\/","name":"IRN Ceai Lost Mountain \u2013 100 g - Inspiratio","isPartOf":{"@id":"https:\/\/inspiratio.ro\/#website"},"primaryImageOfPage":{"@id":"https:\/\/inspiratio.ro\/produs\/irn-ceai-lost-mountain-100-g\/#primaryimage"},"image":{"@id":"https:\/\/inspiratio.ro\/produs\/irn-ceai-lost-mountain-100-g\/#primaryimage"},"thumbnailUrl":"https:\/\/inspiratio.ro\/wp-content\/uploads\/2021\/02\/lost-mountain_punga02-scaled.jpg","datePublished":"2021-02-04T12:00:15+00:00","dateModified":"2025-08-27T07:18:17+00:00","description":"IRN Ceai Lost Mountain \u2013 100 g","breadcrumb":{"@id":"https:\/\/inspiratio.ro\/produs\/irn-ceai-lost-mountain-100-g\/#breadcrumb"},"inLanguage":"en-US","potentialAction":[{"@type":"ReadAction","target":["https:\/\/inspiratio.ro\/produs\/irn-ceai-lost-mountain-100-g\/"]}]},{"@type":"ImageObject","inLanguage":"en-US","@id":"https:\/\/inspiratio.ro\/produs\/irn-ceai-lost-mountain-100-g\/#primaryimage","url":"https:\/\/inspiratio.ro\/wp-content\/uploads\/2021\/02\/lost-mountain_punga02-scaled.jpg","contentUrl":"https:\/\/inspiratio.ro\/wp-content\/uploads\/2021\/02\/lost-mountain_punga02-scaled.jpg","width":2560,"height":2328},{"@type":"BreadcrumbList","@id":"https:\/\/inspiratio.ro\/produs\/irn-ceai-lost-mountain-100-g\/#breadcrumb","itemListElement":[{"@type":"ListItem","position":1,"name":"Shop","item":"https:\/\/inspiratio.ro\/magazin-cadouri\/"},{"@type":"ListItem","position":2,"name":"IRN Ceai Lost Mountain \u2013 100 g"}]},{"@type":"WebSite","@id":"https:\/\/inspiratio.ro\/#website","url":"https:\/\/inspiratio.ro\/","name":"Inspiratio","description":"Las\u0103-te purtat de inspira\u021bie","publisher":{"@id":"https:\/\/inspiratio.ro\/#organization"},"potentialAction":[{"@type":"SearchAction","target":{"@type":"EntryPoint","urlTemplate":"https:\/\/inspiratio.ro\/?s={search_term_string}"},"query-input":{"@type":"PropertyValueSpecification","valueRequired":true,"valueName":"search_term_string"}}],"inLanguage":"en-US"},{"@type":"Organization","@id":"https:\/\/inspiratio.ro\/#organization","name":"Inspiratio","url":"https:\/\/inspiratio.ro\/","logo":{"@type":"ImageObject","inLanguage":"en-US","@id":"https:\/\/inspiratio.ro\/#\/schema\/logo\/image\/","url":"https:\/\/inspiratio.ro\/wp-content\/uploads\/2020\/06\/logo-inspiratio.png","contentUrl":"https:\/\/inspiratio.ro\/wp-content\/uploads\/2020\/06\/logo-inspiratio.png","width":232,"height":209,"caption":"Inspiratio"},"image":{"@id":"https:\/\/inspiratio.ro\/#\/schema\/logo\/image\/"},"sameAs":["https:\/\/www.facebook.com\/inspiratiogiftstudio\/","https:\/\/www.instagram.com\/inspiratio_giftstudio\/"]}]}},"brands":[{"id":61,"name":"Atelier Irina Neac\u0219u","slug":"atelier-irina-neacsu"}],"_links":{"self":[{"href":"https:\/\/inspiratio.ro\/en\/wp-json\/wp\/v2\/product\/3290","targetHints":{"allow":["GET"]}}],"collection":[{"href":"https:\/\/inspiratio.ro\/en\/wp-json\/wp\/v2\/product"}],"about":[{"href":"https:\/\/inspiratio.ro\/en\/wp-json\/wp\/v2\/types\/product"}],"replies":[{"embeddable":true,"href":"https:\/\/inspiratio.ro\/en\/wp-json\/wp\/v2\/comments?post=3290"}],"wp:featuredmedia":[{"embeddable":true,"href":"https:\/\/inspiratio.ro\/en\/wp-json\/wp\/v2\/media\/3291"}],"wp:attachment":[{"href":"https:\/\/inspiratio.ro\/en\/wp-json\/wp\/v2\/media?parent=3290"}],"wp:term":[{"taxonomy":"pwb-brand","embeddable":true,"href":"https:\/\/inspiratio.ro\/en\/wp-json\/wp\/v2\/pwb-brand?post=3290"},{"taxonomy":"product_brand","embeddable":true,"href":"https:\/\/inspiratio.ro\/en\/wp-json\/wp\/v2\/product_brand?post=3290"},{"taxonomy":"product_cat","embeddable":true,"href":"https:\/\/inspiratio.ro\/en\/wp-json\/wp\/v2\/product_cat?post=3290"},{"taxonomy":"product_tag","embeddable":true,"href":"https:\/\/inspiratio.ro\/en\/wp-json\/wp\/v2\/product_tag?post=3290"}],"curies":[{"name":"wp","href":"https:\/\/api.w.org\/{rel}","templated":true}]}}