{"id":3283,"date":"2021-02-04T11:41:47","date_gmt":"2021-02-04T11:41:47","guid":{"rendered":"https:\/\/inspiratio.ro\/?post_type=product&#038;p=3283"},"modified":"2025-08-27T10:18:29","modified_gmt":"2025-08-27T07:18:29","slug":"irn-ceai-starry-night-100-g","status":"publish","type":"product","link":"https:\/\/inspiratio.ro\/en\/produs\/irn-ceai-starry-night-100-g\/","title":{"rendered":"Ceai Starry Night \u2013 100 g"},"content":{"rendered":"<h3><strong>Starry Night \u2013 amestec pentru ceai din plante<\/strong><\/h3>\n<h4><strong>Mu\u0219e\u021bel, lavand\u0103 \u0219i roini\u021b\u0103<\/strong><\/h4>\n<p>Noaptea t\u00e2rziu, cele mai str\u0103lucitoare stele privesc p\u0103durile \u0219i p\u0103\u0219unile, vis\u00e2nd s\u0103 devin\u0103 floricele parfumate, care s\u0103 aduc\u0103 bucurie oamenilor \u00een zilele lor lungi. Uneori, chiar se desprind din cer, doar ca s\u0103 renasc\u0103 ca flori privind spre cer, vis\u00e2nd s\u0103 devin\u0103 stele str\u0103lucitoare, care s\u0103 aduc\u0103 bucurie oamenilor \u00een nop\u021bile lor lungi.<\/p>\n<p>Toate ingredientele sunt culese, uscate \u0219i amestecate cu grij\u0103 \u00een Transilvania. Acest amestec con\u021bine at\u00e2t plante s\u0103lbatice, c\u00e2t \u0219i cultivate, alese din zone nepoluate, cu respect pentru colectare s\u0103n\u0103toas\u0103. Cu responsabilitate at\u00e2t pentru natur\u0103, c\u00e2t \u0219i pentru consumatori, se asigur\u0103 cea mai bun\u0103 calitate a materiei brute, care este apoi ambalat\u0103 manual, \u00een atelierul din sudul Transilvaniei.<\/p>\n","protected":false},"excerpt":{"rendered":"<p>Ceai<\/p>\n","protected":false},"featured_media":3284,"comment_status":"open","ping_status":"closed","template":"","meta":[],"pwb-brand":[61],"product_brand":[254],"product_cat":[117,63],"product_tag":[],"class_list":{"0":"post-3283","1":"product","2":"type-product","3":"status-publish","4":"has-post-thumbnail","6":"pwb-brand-atelier-irina-neacsu","7":"product_brand-atelier-irina-neacsu","8":"product_cat-specialitati-gourmet","9":"product_cat-suveniruri-transilvania","11":"first","12":"instock","13":"taxable","14":"shipping-taxable","15":"purchasable","16":"product-type-simple"},"yoast_head":"<!-- This site is optimized with the Yoast SEO plugin v26.9 - https:\/\/yoast.com\/product\/yoast-seo-wordpress\/ -->\n<title>IRN Ceai Starry Night \u2013 100 g - Inspiratio<\/title>\n<meta name=\"description\" content=\"IRN Ceai Starry Night \u2013 100 g\" \/>\n<meta name=\"robots\" content=\"index, follow, max-snippet:-1, max-image-preview:large, max-video-preview:-1\" \/>\n<link rel=\"canonical\" href=\"https:\/\/inspiratio.ro\/produs\/irn-ceai-starry-night-100-g\/\" \/>\n<meta property=\"og:locale\" content=\"en_US\" \/>\n<meta property=\"og:type\" content=\"article\" \/>\n<meta property=\"og:title\" content=\"IRN Ceai Starry Night \u2013 100 g - Inspiratio\" \/>\n<meta property=\"og:description\" content=\"IRN Ceai Starry Night \u2013 100 g\" \/>\n<meta property=\"og:url\" content=\"https:\/\/inspiratio.ro\/produs\/irn-ceai-starry-night-100-g\/\" \/>\n<meta property=\"og:site_name\" content=\"Inspiratio\" \/>\n<meta property=\"article:publisher\" content=\"https:\/\/www.facebook.com\/inspiratiogiftstudio\/\" \/>\n<meta property=\"article:modified_time\" content=\"2025-08-27T07:18:29+00:00\" \/>\n<meta property=\"og:image\" content=\"https:\/\/inspiratio.ro\/wp-content\/uploads\/2021\/02\/starrynight_punga02-scaled.jpg\" \/>\n\t<meta property=\"og:image:width\" content=\"2560\" \/>\n\t<meta property=\"og:image:height\" content=\"2328\" \/>\n\t<meta property=\"og:image:type\" content=\"image\/jpeg\" \/>\n<meta name=\"twitter:card\" content=\"summary_large_image\" \/>\n<meta name=\"twitter:label1\" content=\"Est. reading time\" \/>\n\t<meta name=\"twitter:data1\" content=\"1 minute\" \/>\n<script type=\"application\/ld+json\" class=\"yoast-schema-graph\">{\"@context\":\"https:\/\/schema.org\",\"@graph\":[{\"@type\":\"WebPage\",\"@id\":\"https:\/\/inspiratio.ro\/produs\/irn-ceai-starry-night-100-g\/\",\"url\":\"https:\/\/inspiratio.ro\/produs\/irn-ceai-starry-night-100-g\/\",\"name\":\"IRN Ceai Starry Night \u2013 100 g - Inspiratio\",\"isPartOf\":{\"@id\":\"https:\/\/inspiratio.ro\/#website\"},\"primaryImageOfPage\":{\"@id\":\"https:\/\/inspiratio.ro\/produs\/irn-ceai-starry-night-100-g\/#primaryimage\"},\"image\":{\"@id\":\"https:\/\/inspiratio.ro\/produs\/irn-ceai-starry-night-100-g\/#primaryimage\"},\"thumbnailUrl\":\"https:\/\/inspiratio.ro\/wp-content\/uploads\/2021\/02\/starrynight_punga02-scaled.jpg\",\"datePublished\":\"2021-02-04T11:41:47+00:00\",\"dateModified\":\"2025-08-27T07:18:29+00:00\",\"description\":\"IRN Ceai Starry Night \u2013 100 g\",\"breadcrumb\":{\"@id\":\"https:\/\/inspiratio.ro\/produs\/irn-ceai-starry-night-100-g\/#breadcrumb\"},\"inLanguage\":\"en-US\",\"potentialAction\":[{\"@type\":\"ReadAction\",\"target\":[\"https:\/\/inspiratio.ro\/produs\/irn-ceai-starry-night-100-g\/\"]}]},{\"@type\":\"ImageObject\",\"inLanguage\":\"en-US\",\"@id\":\"https:\/\/inspiratio.ro\/produs\/irn-ceai-starry-night-100-g\/#primaryimage\",\"url\":\"https:\/\/inspiratio.ro\/wp-content\/uploads\/2021\/02\/starrynight_punga02-scaled.jpg\",\"contentUrl\":\"https:\/\/inspiratio.ro\/wp-content\/uploads\/2021\/02\/starrynight_punga02-scaled.jpg\",\"width\":2560,\"height\":2328},{\"@type\":\"BreadcrumbList\",\"@id\":\"https:\/\/inspiratio.ro\/produs\/irn-ceai-starry-night-100-g\/#breadcrumb\",\"itemListElement\":[{\"@type\":\"ListItem\",\"position\":1,\"name\":\"Shop\",\"item\":\"https:\/\/inspiratio.ro\/magazin-cadouri\/\"},{\"@type\":\"ListItem\",\"position\":2,\"name\":\"IRN Ceai Starry Night \u2013 100 g\"}]},{\"@type\":\"WebSite\",\"@id\":\"https:\/\/inspiratio.ro\/#website\",\"url\":\"https:\/\/inspiratio.ro\/\",\"name\":\"Inspiratio\",\"description\":\"Las\u0103-te purtat de inspira\u021bie\",\"publisher\":{\"@id\":\"https:\/\/inspiratio.ro\/#organization\"},\"potentialAction\":[{\"@type\":\"SearchAction\",\"target\":{\"@type\":\"EntryPoint\",\"urlTemplate\":\"https:\/\/inspiratio.ro\/?s={search_term_string}\"},\"query-input\":{\"@type\":\"PropertyValueSpecification\",\"valueRequired\":true,\"valueName\":\"search_term_string\"}}],\"inLanguage\":\"en-US\"},{\"@type\":\"Organization\",\"@id\":\"https:\/\/inspiratio.ro\/#organization\",\"name\":\"Inspiratio\",\"url\":\"https:\/\/inspiratio.ro\/\",\"logo\":{\"@type\":\"ImageObject\",\"inLanguage\":\"en-US\",\"@id\":\"https:\/\/inspiratio.ro\/#\/schema\/logo\/image\/\",\"url\":\"https:\/\/inspiratio.ro\/wp-content\/uploads\/2020\/06\/logo-inspiratio.png\",\"contentUrl\":\"https:\/\/inspiratio.ro\/wp-content\/uploads\/2020\/06\/logo-inspiratio.png\",\"width\":232,\"height\":209,\"caption\":\"Inspiratio\"},\"image\":{\"@id\":\"https:\/\/inspiratio.ro\/#\/schema\/logo\/image\/\"},\"sameAs\":[\"https:\/\/www.facebook.com\/inspiratiogiftstudio\/\",\"https:\/\/www.instagram.com\/inspiratio_giftstudio\/\"]}]}<\/script>\n<!-- \/ Yoast SEO plugin. -->","yoast_head_json":{"title":"IRN Ceai Starry Night \u2013 100 g - Inspiratio","description":"IRN Ceai Starry Night \u2013 100 g","robots":{"index":"index","follow":"follow","max-snippet":"max-snippet:-1","max-image-preview":"max-image-preview:large","max-video-preview":"max-video-preview:-1"},"canonical":"https:\/\/inspiratio.ro\/produs\/irn-ceai-starry-night-100-g\/","og_locale":"en_US","og_type":"article","og_title":"IRN Ceai Starry Night \u2013 100 g - Inspiratio","og_description":"IRN Ceai Starry Night \u2013 100 g","og_url":"https:\/\/inspiratio.ro\/produs\/irn-ceai-starry-night-100-g\/","og_site_name":"Inspiratio","article_publisher":"https:\/\/www.facebook.com\/inspiratiogiftstudio\/","article_modified_time":"2025-08-27T07:18:29+00:00","og_image":[{"width":2560,"height":2328,"url":"https:\/\/inspiratio.ro\/wp-content\/uploads\/2021\/02\/starrynight_punga02-scaled.jpg","type":"image\/jpeg"}],"twitter_card":"summary_large_image","twitter_misc":{"Est. reading time":"1 minute"},"schema":{"@context":"https:\/\/schema.org","@graph":[{"@type":"WebPage","@id":"https:\/\/inspiratio.ro\/produs\/irn-ceai-starry-night-100-g\/","url":"https:\/\/inspiratio.ro\/produs\/irn-ceai-starry-night-100-g\/","name":"IRN Ceai Starry Night \u2013 100 g - Inspiratio","isPartOf":{"@id":"https:\/\/inspiratio.ro\/#website"},"primaryImageOfPage":{"@id":"https:\/\/inspiratio.ro\/produs\/irn-ceai-starry-night-100-g\/#primaryimage"},"image":{"@id":"https:\/\/inspiratio.ro\/produs\/irn-ceai-starry-night-100-g\/#primaryimage"},"thumbnailUrl":"https:\/\/inspiratio.ro\/wp-content\/uploads\/2021\/02\/starrynight_punga02-scaled.jpg","datePublished":"2021-02-04T11:41:47+00:00","dateModified":"2025-08-27T07:18:29+00:00","description":"IRN Ceai Starry Night \u2013 100 g","breadcrumb":{"@id":"https:\/\/inspiratio.ro\/produs\/irn-ceai-starry-night-100-g\/#breadcrumb"},"inLanguage":"en-US","potentialAction":[{"@type":"ReadAction","target":["https:\/\/inspiratio.ro\/produs\/irn-ceai-starry-night-100-g\/"]}]},{"@type":"ImageObject","inLanguage":"en-US","@id":"https:\/\/inspiratio.ro\/produs\/irn-ceai-starry-night-100-g\/#primaryimage","url":"https:\/\/inspiratio.ro\/wp-content\/uploads\/2021\/02\/starrynight_punga02-scaled.jpg","contentUrl":"https:\/\/inspiratio.ro\/wp-content\/uploads\/2021\/02\/starrynight_punga02-scaled.jpg","width":2560,"height":2328},{"@type":"BreadcrumbList","@id":"https:\/\/inspiratio.ro\/produs\/irn-ceai-starry-night-100-g\/#breadcrumb","itemListElement":[{"@type":"ListItem","position":1,"name":"Shop","item":"https:\/\/inspiratio.ro\/magazin-cadouri\/"},{"@type":"ListItem","position":2,"name":"IRN Ceai Starry Night \u2013 100 g"}]},{"@type":"WebSite","@id":"https:\/\/inspiratio.ro\/#website","url":"https:\/\/inspiratio.ro\/","name":"Inspiratio","description":"Las\u0103-te purtat de inspira\u021bie","publisher":{"@id":"https:\/\/inspiratio.ro\/#organization"},"potentialAction":[{"@type":"SearchAction","target":{"@type":"EntryPoint","urlTemplate":"https:\/\/inspiratio.ro\/?s={search_term_string}"},"query-input":{"@type":"PropertyValueSpecification","valueRequired":true,"valueName":"search_term_string"}}],"inLanguage":"en-US"},{"@type":"Organization","@id":"https:\/\/inspiratio.ro\/#organization","name":"Inspiratio","url":"https:\/\/inspiratio.ro\/","logo":{"@type":"ImageObject","inLanguage":"en-US","@id":"https:\/\/inspiratio.ro\/#\/schema\/logo\/image\/","url":"https:\/\/inspiratio.ro\/wp-content\/uploads\/2020\/06\/logo-inspiratio.png","contentUrl":"https:\/\/inspiratio.ro\/wp-content\/uploads\/2020\/06\/logo-inspiratio.png","width":232,"height":209,"caption":"Inspiratio"},"image":{"@id":"https:\/\/inspiratio.ro\/#\/schema\/logo\/image\/"},"sameAs":["https:\/\/www.facebook.com\/inspiratiogiftstudio\/","https:\/\/www.instagram.com\/inspiratio_giftstudio\/"]}]}},"brands":[{"id":61,"name":"Atelier Irina Neac\u0219u","slug":"atelier-irina-neacsu"}],"_links":{"self":[{"href":"https:\/\/inspiratio.ro\/en\/wp-json\/wp\/v2\/product\/3283","targetHints":{"allow":["GET"]}}],"collection":[{"href":"https:\/\/inspiratio.ro\/en\/wp-json\/wp\/v2\/product"}],"about":[{"href":"https:\/\/inspiratio.ro\/en\/wp-json\/wp\/v2\/types\/product"}],"replies":[{"embeddable":true,"href":"https:\/\/inspiratio.ro\/en\/wp-json\/wp\/v2\/comments?post=3283"}],"wp:featuredmedia":[{"embeddable":true,"href":"https:\/\/inspiratio.ro\/en\/wp-json\/wp\/v2\/media\/3284"}],"wp:attachment":[{"href":"https:\/\/inspiratio.ro\/en\/wp-json\/wp\/v2\/media?parent=3283"}],"wp:term":[{"taxonomy":"pwb-brand","embeddable":true,"href":"https:\/\/inspiratio.ro\/en\/wp-json\/wp\/v2\/pwb-brand?post=3283"},{"taxonomy":"product_brand","embeddable":true,"href":"https:\/\/inspiratio.ro\/en\/wp-json\/wp\/v2\/product_brand?post=3283"},{"taxonomy":"product_cat","embeddable":true,"href":"https:\/\/inspiratio.ro\/en\/wp-json\/wp\/v2\/product_cat?post=3283"},{"taxonomy":"product_tag","embeddable":true,"href":"https:\/\/inspiratio.ro\/en\/wp-json\/wp\/v2\/product_tag?post=3283"}],"curies":[{"name":"wp","href":"https:\/\/api.w.org\/{rel}","templated":true}]}}