{"id":2613,"date":"2020-11-24T12:00:14","date_gmt":"2020-11-24T10:00:14","guid":{"rendered":"http:\/\/emiralmedia.ro\/site\/inspiratio\/produs\/issa-charm-vin-spumant-alb\/"},"modified":"2023-03-31T19:17:13","modified_gmt":"2023-03-31T16:17:13","slug":"issa-charm-vin-spumant-alb","status":"publish","type":"product","link":"https:\/\/inspiratio.ro\/en\/produs\/issa-charm-vin-spumant-alb\/","title":{"rendered":"Issa Charm, vin spumant alb"},"content":{"rendered":"<p>Vin spumant brut.<\/p>\n<p>Charm brut este un vin spumant nou \u00een portofoliul La Salina \u0219i are, cel pu\u021bin \u00een parte, origini italiene. Spumantul este ob\u021binut din soiul Chardonnay, fermentat prima dat\u0103 \u00een crama din Transilvania. A doua fermentare este realizat\u0103 \u00een Valdobbiadene, de c\u0103tre vinificatorul Foss Marai.<\/p>\n<p>Crama La Salina este un proiect realizat de doi iubitori de vinuri nobile, care \u0219i-au folosit pasiunea \u0219i resursele pentru a reface arealul viticol din jude\u021bul Cluj, dealurile Durg\u0103u, \u00eencep\u00e2nd cu anul 2011. Dup\u0103 zeci ani \u00een care p\u0103m\u00e2ntul a fost neexploatat, \u00een 2012 antreprenorii au plantat vi\u021b\u0103 de vie \u0219i au investit \u00een utilaje de ultim\u0103 genera\u021bie.<\/p>\n<p>Pe mai bine de 70 de hectare, La Salina cultiv\u0103 soiuri cu tradi\u021bie \u00een Lumea Veche, pentru cele mai pre\u021bioase monosoiuri din Chardonnay, Sauvignon Blanc, Pinot Noir, Rhein Riesling \u0219i Muscat Ottonel.<\/p>\n<p>Soiul: Chardonnay<\/p>\n<p>Aspect: galben-pai, cu aciditate fin\u0103 \u0219i persistent\u0103<\/p>\n<p>Miros: fructat \u0219i vegetal<\/p>\n<p>Gust: note fructate, dominate u\u0219or de mere \u0219i pere coapte, urmate de flori \u0219i vegetale (f\u00e2n). Post gust mediu, r\u0103coritor<\/p>\n<p>Temperatura de servire: 6 &#8211; 8 \u00b0C<\/p>\n<p>Alcool: 11,5%<\/p>\n","protected":false},"excerpt":{"rendered":"<p>Vin spumant<\/p>\n","protected":false},"featured_media":2198,"comment_status":"closed","ping_status":"closed","template":"","meta":[],"pwb-brand":[104],"product_brand":[],"product_cat":[117,63],"product_tag":[],"class_list":{"0":"post-2613","1":"product","2":"type-product","3":"status-publish","4":"has-post-thumbnail","6":"pwb-brand-cobo-horeca","7":"product_cat-specialitati-gourmet","8":"product_cat-suveniruri-transilvania","10":"first","11":"instock","12":"taxable","13":"shipping-taxable","14":"purchasable","15":"product-type-simple"},"yoast_head":"<!-- This site is optimized with the Yoast SEO plugin v26.9 - https:\/\/yoast.com\/product\/yoast-seo-wordpress\/ -->\n<title>VIN Issa Charm, vin spumant alb - Inspiratio<\/title>\n<meta name=\"robots\" content=\"index, follow, max-snippet:-1, max-image-preview:large, max-video-preview:-1\" \/>\n<link rel=\"canonical\" href=\"https:\/\/inspiratio.ro\/produs\/issa-charm-vin-spumant-alb\/\" \/>\n<meta property=\"og:locale\" content=\"en_US\" \/>\n<meta property=\"og:type\" content=\"article\" \/>\n<meta property=\"og:title\" content=\"VIN Issa Charm, vin spumant alb - Inspiratio\" \/>\n<meta property=\"og:description\" content=\"Vin spumant\" \/>\n<meta property=\"og:url\" content=\"https:\/\/inspiratio.ro\/produs\/issa-charm-vin-spumant-alb\/\" \/>\n<meta property=\"og:site_name\" content=\"Inspiratio\" \/>\n<meta property=\"article:publisher\" content=\"https:\/\/www.facebook.com\/inspiratiogiftstudio\/\" \/>\n<meta property=\"article:modified_time\" content=\"2023-03-31T16:17:13+00:00\" \/>\n<meta property=\"og:image\" content=\"https:\/\/inspiratio.ro\/wp-content\/uploads\/2020\/11\/498.jpg\" \/>\n\t<meta property=\"og:image:width\" content=\"1200\" \/>\n\t<meta property=\"og:image:height\" content=\"1600\" \/>\n\t<meta property=\"og:image:type\" content=\"image\/jpeg\" \/>\n<meta name=\"twitter:card\" content=\"summary_large_image\" \/>\n<meta name=\"twitter:label1\" content=\"Est. reading time\" \/>\n\t<meta name=\"twitter:data1\" content=\"1 minute\" \/>\n<script type=\"application\/ld+json\" class=\"yoast-schema-graph\">{\"@context\":\"https:\/\/schema.org\",\"@graph\":[{\"@type\":\"WebPage\",\"@id\":\"https:\/\/inspiratio.ro\/produs\/issa-charm-vin-spumant-alb\/\",\"url\":\"https:\/\/inspiratio.ro\/produs\/issa-charm-vin-spumant-alb\/\",\"name\":\"VIN Issa Charm, vin spumant alb - Inspiratio\",\"isPartOf\":{\"@id\":\"https:\/\/inspiratio.ro\/#website\"},\"primaryImageOfPage\":{\"@id\":\"https:\/\/inspiratio.ro\/produs\/issa-charm-vin-spumant-alb\/#primaryimage\"},\"image\":{\"@id\":\"https:\/\/inspiratio.ro\/produs\/issa-charm-vin-spumant-alb\/#primaryimage\"},\"thumbnailUrl\":\"https:\/\/inspiratio.ro\/wp-content\/uploads\/2020\/11\/498.jpg\",\"datePublished\":\"2020-11-24T10:00:14+00:00\",\"dateModified\":\"2023-03-31T16:17:13+00:00\",\"breadcrumb\":{\"@id\":\"https:\/\/inspiratio.ro\/produs\/issa-charm-vin-spumant-alb\/#breadcrumb\"},\"inLanguage\":\"en-US\",\"potentialAction\":[{\"@type\":\"ReadAction\",\"target\":[\"https:\/\/inspiratio.ro\/produs\/issa-charm-vin-spumant-alb\/\"]}]},{\"@type\":\"ImageObject\",\"inLanguage\":\"en-US\",\"@id\":\"https:\/\/inspiratio.ro\/produs\/issa-charm-vin-spumant-alb\/#primaryimage\",\"url\":\"https:\/\/inspiratio.ro\/wp-content\/uploads\/2020\/11\/498.jpg\",\"contentUrl\":\"https:\/\/inspiratio.ro\/wp-content\/uploads\/2020\/11\/498.jpg\",\"width\":1200,\"height\":1600},{\"@type\":\"BreadcrumbList\",\"@id\":\"https:\/\/inspiratio.ro\/produs\/issa-charm-vin-spumant-alb\/#breadcrumb\",\"itemListElement\":[{\"@type\":\"ListItem\",\"position\":1,\"name\":\"Shop\",\"item\":\"https:\/\/inspiratio.ro\/magazin-cadouri\/\"},{\"@type\":\"ListItem\",\"position\":2,\"name\":\"VIN Issa Charm, vin spumant alb\"}]},{\"@type\":\"WebSite\",\"@id\":\"https:\/\/inspiratio.ro\/#website\",\"url\":\"https:\/\/inspiratio.ro\/\",\"name\":\"Inspiratio\",\"description\":\"Las\u0103-te purtat de inspira\u021bie\",\"publisher\":{\"@id\":\"https:\/\/inspiratio.ro\/#organization\"},\"potentialAction\":[{\"@type\":\"SearchAction\",\"target\":{\"@type\":\"EntryPoint\",\"urlTemplate\":\"https:\/\/inspiratio.ro\/?s={search_term_string}\"},\"query-input\":{\"@type\":\"PropertyValueSpecification\",\"valueRequired\":true,\"valueName\":\"search_term_string\"}}],\"inLanguage\":\"en-US\"},{\"@type\":\"Organization\",\"@id\":\"https:\/\/inspiratio.ro\/#organization\",\"name\":\"Inspiratio\",\"url\":\"https:\/\/inspiratio.ro\/\",\"logo\":{\"@type\":\"ImageObject\",\"inLanguage\":\"en-US\",\"@id\":\"https:\/\/inspiratio.ro\/#\/schema\/logo\/image\/\",\"url\":\"https:\/\/inspiratio.ro\/wp-content\/uploads\/2020\/06\/logo-inspiratio.png\",\"contentUrl\":\"https:\/\/inspiratio.ro\/wp-content\/uploads\/2020\/06\/logo-inspiratio.png\",\"width\":232,\"height\":209,\"caption\":\"Inspiratio\"},\"image\":{\"@id\":\"https:\/\/inspiratio.ro\/#\/schema\/logo\/image\/\"},\"sameAs\":[\"https:\/\/www.facebook.com\/inspiratiogiftstudio\/\",\"https:\/\/www.instagram.com\/inspiratio_giftstudio\/\"]}]}<\/script>\n<!-- \/ Yoast SEO plugin. -->","yoast_head_json":{"title":"VIN Issa Charm, vin spumant alb - Inspiratio","robots":{"index":"index","follow":"follow","max-snippet":"max-snippet:-1","max-image-preview":"max-image-preview:large","max-video-preview":"max-video-preview:-1"},"canonical":"https:\/\/inspiratio.ro\/produs\/issa-charm-vin-spumant-alb\/","og_locale":"en_US","og_type":"article","og_title":"VIN Issa Charm, vin spumant alb - Inspiratio","og_description":"Vin spumant","og_url":"https:\/\/inspiratio.ro\/produs\/issa-charm-vin-spumant-alb\/","og_site_name":"Inspiratio","article_publisher":"https:\/\/www.facebook.com\/inspiratiogiftstudio\/","article_modified_time":"2023-03-31T16:17:13+00:00","og_image":[{"width":1200,"height":1600,"url":"https:\/\/inspiratio.ro\/wp-content\/uploads\/2020\/11\/498.jpg","type":"image\/jpeg"}],"twitter_card":"summary_large_image","twitter_misc":{"Est. reading time":"1 minute"},"schema":{"@context":"https:\/\/schema.org","@graph":[{"@type":"WebPage","@id":"https:\/\/inspiratio.ro\/produs\/issa-charm-vin-spumant-alb\/","url":"https:\/\/inspiratio.ro\/produs\/issa-charm-vin-spumant-alb\/","name":"VIN Issa Charm, vin spumant alb - Inspiratio","isPartOf":{"@id":"https:\/\/inspiratio.ro\/#website"},"primaryImageOfPage":{"@id":"https:\/\/inspiratio.ro\/produs\/issa-charm-vin-spumant-alb\/#primaryimage"},"image":{"@id":"https:\/\/inspiratio.ro\/produs\/issa-charm-vin-spumant-alb\/#primaryimage"},"thumbnailUrl":"https:\/\/inspiratio.ro\/wp-content\/uploads\/2020\/11\/498.jpg","datePublished":"2020-11-24T10:00:14+00:00","dateModified":"2023-03-31T16:17:13+00:00","breadcrumb":{"@id":"https:\/\/inspiratio.ro\/produs\/issa-charm-vin-spumant-alb\/#breadcrumb"},"inLanguage":"en-US","potentialAction":[{"@type":"ReadAction","target":["https:\/\/inspiratio.ro\/produs\/issa-charm-vin-spumant-alb\/"]}]},{"@type":"ImageObject","inLanguage":"en-US","@id":"https:\/\/inspiratio.ro\/produs\/issa-charm-vin-spumant-alb\/#primaryimage","url":"https:\/\/inspiratio.ro\/wp-content\/uploads\/2020\/11\/498.jpg","contentUrl":"https:\/\/inspiratio.ro\/wp-content\/uploads\/2020\/11\/498.jpg","width":1200,"height":1600},{"@type":"BreadcrumbList","@id":"https:\/\/inspiratio.ro\/produs\/issa-charm-vin-spumant-alb\/#breadcrumb","itemListElement":[{"@type":"ListItem","position":1,"name":"Shop","item":"https:\/\/inspiratio.ro\/magazin-cadouri\/"},{"@type":"ListItem","position":2,"name":"VIN Issa Charm, vin spumant alb"}]},{"@type":"WebSite","@id":"https:\/\/inspiratio.ro\/#website","url":"https:\/\/inspiratio.ro\/","name":"Inspiratio","description":"Las\u0103-te purtat de inspira\u021bie","publisher":{"@id":"https:\/\/inspiratio.ro\/#organization"},"potentialAction":[{"@type":"SearchAction","target":{"@type":"EntryPoint","urlTemplate":"https:\/\/inspiratio.ro\/?s={search_term_string}"},"query-input":{"@type":"PropertyValueSpecification","valueRequired":true,"valueName":"search_term_string"}}],"inLanguage":"en-US"},{"@type":"Organization","@id":"https:\/\/inspiratio.ro\/#organization","name":"Inspiratio","url":"https:\/\/inspiratio.ro\/","logo":{"@type":"ImageObject","inLanguage":"en-US","@id":"https:\/\/inspiratio.ro\/#\/schema\/logo\/image\/","url":"https:\/\/inspiratio.ro\/wp-content\/uploads\/2020\/06\/logo-inspiratio.png","contentUrl":"https:\/\/inspiratio.ro\/wp-content\/uploads\/2020\/06\/logo-inspiratio.png","width":232,"height":209,"caption":"Inspiratio"},"image":{"@id":"https:\/\/inspiratio.ro\/#\/schema\/logo\/image\/"},"sameAs":["https:\/\/www.facebook.com\/inspiratiogiftstudio\/","https:\/\/www.instagram.com\/inspiratio_giftstudio\/"]}]}},"brands":[{"id":104,"name":"Cobo Horeca","slug":"cobo-horeca"}],"_links":{"self":[{"href":"https:\/\/inspiratio.ro\/en\/wp-json\/wp\/v2\/product\/2613","targetHints":{"allow":["GET"]}}],"collection":[{"href":"https:\/\/inspiratio.ro\/en\/wp-json\/wp\/v2\/product"}],"about":[{"href":"https:\/\/inspiratio.ro\/en\/wp-json\/wp\/v2\/types\/product"}],"replies":[{"embeddable":true,"href":"https:\/\/inspiratio.ro\/en\/wp-json\/wp\/v2\/comments?post=2613"}],"wp:featuredmedia":[{"embeddable":true,"href":"https:\/\/inspiratio.ro\/en\/wp-json\/wp\/v2\/media\/2198"}],"wp:attachment":[{"href":"https:\/\/inspiratio.ro\/en\/wp-json\/wp\/v2\/media?parent=2613"}],"wp:term":[{"taxonomy":"pwb-brand","embeddable":true,"href":"https:\/\/inspiratio.ro\/en\/wp-json\/wp\/v2\/pwb-brand?post=2613"},{"taxonomy":"product_brand","embeddable":true,"href":"https:\/\/inspiratio.ro\/en\/wp-json\/wp\/v2\/product_brand?post=2613"},{"taxonomy":"product_cat","embeddable":true,"href":"https:\/\/inspiratio.ro\/en\/wp-json\/wp\/v2\/product_cat?post=2613"},{"taxonomy":"product_tag","embeddable":true,"href":"https:\/\/inspiratio.ro\/en\/wp-json\/wp\/v2\/product_tag?post=2613"}],"curies":[{"name":"wp","href":"https:\/\/api.w.org\/{rel}","templated":true}]}}