{"id":2599,"date":"2020-11-24T12:00:10","date_gmt":"2020-11-24T12:00:10","guid":{"rendered":"http:\/\/emiralmedia.ro\/site\/inspiratio\/produs\/carti-memorie-animale-salbatice\/"},"modified":"2025-05-28T20:35:19","modified_gmt":"2025-05-28T17:35:19","slug":"carti-memorie-animale-salbatice","status":"publish","type":"product","link":"https:\/\/inspiratio.ro\/en\/produs\/carti-memorie-animale-salbatice\/","title":{"rendered":"C\u0103r\u021bi memorie &#8211; animale s\u0103lbatice"},"content":{"rendered":"<p>Un joc logic excelent, ce dezvolt\u0103 creativitatea, memoria \u0219i spiritul de observa\u021bie al copiilor, oferindu-le \u00een acela\u0219i timp \u0219i distrac\u021bie.<br \/>\nC\u0103r\u021bile trebuie g\u0103site \u00een perechi dintre c\u0103r\u021bile \u00eentoarse. Doar dou\u0103 c\u0103r\u021bi pot fi v\u0103zute simultan. Dac\u0103 un juc\u0103tor nu a reu\u0219it s\u0103 g\u0103seasc\u0103 perechea, \u00eentoarce cartea \u0219i \u00eencearc\u0103 urm\u0103torul juc\u0103tor. C\u00e2\u0219tig\u0103torul va fi cel care memoreaz\u0103 cel mai bine \u0219i adun\u0103 \u00een final cele mai multe c\u0103r\u021bi.<\/p>\n<p>Setul con\u021bine: 18 perechi de c\u0103r\u021bi (8 x 12 cm), reguli de joc, cutie (9 x 13 x 4,5 cm)<\/p>\n<p>Categoria de v\u00e2rst\u0103: 3+<\/p>\n<p>Ilustrator: Andrea K\u00fcrti<\/p>\n","protected":false},"excerpt":{"rendered":"<p>C\u0103r\u021bi memorie<\/p>\n","protected":false},"featured_media":2170,"comment_status":"closed","ping_status":"closed","template":"","meta":[],"pwb-brand":[103],"product_brand":[252],"product_cat":[89,88,110],"product_tag":[],"class_list":{"0":"post-2599","1":"product","2":"type-product","3":"status-publish","4":"has-post-thumbnail","6":"pwb-brand-editura-gutenberg","7":"product_brand-editura-gutenberg","8":"product_cat-cadouri-pentru-copii","9":"product_cat-categorie-carte","10":"product_cat-carte-de-joc","12":"first","13":"instock","14":"taxable","15":"shipping-taxable","16":"purchasable","17":"product-type-simple"},"yoast_head":"<!-- This site is optimized with the Yoast SEO plugin v26.9 - https:\/\/yoast.com\/product\/yoast-seo-wordpress\/ -->\n<title>GUT C\u0103r\u021bi memorie - animale s\u0103lbatice - Inspiratio<\/title>\n<meta name=\"description\" content=\"GUT C\u0103r\u021bi memorie - animale s\u0103lbatice\" \/>\n<meta name=\"robots\" content=\"index, follow, max-snippet:-1, max-image-preview:large, max-video-preview:-1\" \/>\n<link rel=\"canonical\" href=\"https:\/\/inspiratio.ro\/produs\/carti-memorie-animale-salbatice\/\" \/>\n<meta property=\"og:locale\" content=\"en_US\" \/>\n<meta property=\"og:type\" content=\"article\" \/>\n<meta property=\"og:title\" content=\"GUT C\u0103r\u021bi memorie - animale s\u0103lbatice - Inspiratio\" \/>\n<meta property=\"og:description\" content=\"GUT C\u0103r\u021bi memorie - animale s\u0103lbatice\" \/>\n<meta property=\"og:url\" content=\"https:\/\/inspiratio.ro\/produs\/carti-memorie-animale-salbatice\/\" \/>\n<meta property=\"og:site_name\" content=\"Inspiratio\" \/>\n<meta property=\"article:publisher\" content=\"https:\/\/www.facebook.com\/inspiratiogiftstudio\/\" \/>\n<meta property=\"article:modified_time\" content=\"2025-05-28T17:35:19+00:00\" \/>\n<meta property=\"og:image\" content=\"https:\/\/inspiratio.ro\/wp-content\/uploads\/2020\/11\/382.jpg\" \/>\n\t<meta property=\"og:image:width\" content=\"600\" \/>\n\t<meta property=\"og:image:height\" content=\"600\" \/>\n\t<meta property=\"og:image:type\" content=\"image\/jpeg\" \/>\n<meta name=\"twitter:card\" content=\"summary_large_image\" \/>\n<meta name=\"twitter:label1\" content=\"Est. reading time\" \/>\n\t<meta name=\"twitter:data1\" content=\"1 minute\" \/>\n<script type=\"application\/ld+json\" class=\"yoast-schema-graph\">{\"@context\":\"https:\/\/schema.org\",\"@graph\":[{\"@type\":\"WebPage\",\"@id\":\"https:\/\/inspiratio.ro\/produs\/carti-memorie-animale-salbatice\/\",\"url\":\"https:\/\/inspiratio.ro\/produs\/carti-memorie-animale-salbatice\/\",\"name\":\"GUT C\u0103r\u021bi memorie - animale s\u0103lbatice - Inspiratio\",\"isPartOf\":{\"@id\":\"https:\/\/inspiratio.ro\/#website\"},\"primaryImageOfPage\":{\"@id\":\"https:\/\/inspiratio.ro\/produs\/carti-memorie-animale-salbatice\/#primaryimage\"},\"image\":{\"@id\":\"https:\/\/inspiratio.ro\/produs\/carti-memorie-animale-salbatice\/#primaryimage\"},\"thumbnailUrl\":\"https:\/\/inspiratio.ro\/wp-content\/uploads\/2020\/11\/382.jpg\",\"datePublished\":\"2020-11-24T12:00:10+00:00\",\"dateModified\":\"2025-05-28T17:35:19+00:00\",\"description\":\"GUT C\u0103r\u021bi memorie - animale s\u0103lbatice\",\"breadcrumb\":{\"@id\":\"https:\/\/inspiratio.ro\/produs\/carti-memorie-animale-salbatice\/#breadcrumb\"},\"inLanguage\":\"en-US\",\"potentialAction\":[{\"@type\":\"ReadAction\",\"target\":[\"https:\/\/inspiratio.ro\/produs\/carti-memorie-animale-salbatice\/\"]}]},{\"@type\":\"ImageObject\",\"inLanguage\":\"en-US\",\"@id\":\"https:\/\/inspiratio.ro\/produs\/carti-memorie-animale-salbatice\/#primaryimage\",\"url\":\"https:\/\/inspiratio.ro\/wp-content\/uploads\/2020\/11\/382.jpg\",\"contentUrl\":\"https:\/\/inspiratio.ro\/wp-content\/uploads\/2020\/11\/382.jpg\",\"width\":600,\"height\":600},{\"@type\":\"BreadcrumbList\",\"@id\":\"https:\/\/inspiratio.ro\/produs\/carti-memorie-animale-salbatice\/#breadcrumb\",\"itemListElement\":[{\"@type\":\"ListItem\",\"position\":1,\"name\":\"Shop\",\"item\":\"https:\/\/inspiratio.ro\/magazin-cadouri\/\"},{\"@type\":\"ListItem\",\"position\":2,\"name\":\"GUT C\u0103r\u021bi memorie &#8211; animale s\u0103lbatice\"}]},{\"@type\":\"WebSite\",\"@id\":\"https:\/\/inspiratio.ro\/#website\",\"url\":\"https:\/\/inspiratio.ro\/\",\"name\":\"Inspiratio\",\"description\":\"Las\u0103-te purtat de inspira\u021bie\",\"publisher\":{\"@id\":\"https:\/\/inspiratio.ro\/#organization\"},\"potentialAction\":[{\"@type\":\"SearchAction\",\"target\":{\"@type\":\"EntryPoint\",\"urlTemplate\":\"https:\/\/inspiratio.ro\/?s={search_term_string}\"},\"query-input\":{\"@type\":\"PropertyValueSpecification\",\"valueRequired\":true,\"valueName\":\"search_term_string\"}}],\"inLanguage\":\"en-US\"},{\"@type\":\"Organization\",\"@id\":\"https:\/\/inspiratio.ro\/#organization\",\"name\":\"Inspiratio\",\"url\":\"https:\/\/inspiratio.ro\/\",\"logo\":{\"@type\":\"ImageObject\",\"inLanguage\":\"en-US\",\"@id\":\"https:\/\/inspiratio.ro\/#\/schema\/logo\/image\/\",\"url\":\"https:\/\/inspiratio.ro\/wp-content\/uploads\/2020\/06\/logo-inspiratio.png\",\"contentUrl\":\"https:\/\/inspiratio.ro\/wp-content\/uploads\/2020\/06\/logo-inspiratio.png\",\"width\":232,\"height\":209,\"caption\":\"Inspiratio\"},\"image\":{\"@id\":\"https:\/\/inspiratio.ro\/#\/schema\/logo\/image\/\"},\"sameAs\":[\"https:\/\/www.facebook.com\/inspiratiogiftstudio\/\",\"https:\/\/www.instagram.com\/inspiratio_giftstudio\/\"]}]}<\/script>\n<!-- \/ Yoast SEO plugin. -->","yoast_head_json":{"title":"GUT C\u0103r\u021bi memorie - animale s\u0103lbatice - Inspiratio","description":"GUT C\u0103r\u021bi memorie - animale s\u0103lbatice","robots":{"index":"index","follow":"follow","max-snippet":"max-snippet:-1","max-image-preview":"max-image-preview:large","max-video-preview":"max-video-preview:-1"},"canonical":"https:\/\/inspiratio.ro\/produs\/carti-memorie-animale-salbatice\/","og_locale":"en_US","og_type":"article","og_title":"GUT C\u0103r\u021bi memorie - animale s\u0103lbatice - Inspiratio","og_description":"GUT C\u0103r\u021bi memorie - animale s\u0103lbatice","og_url":"https:\/\/inspiratio.ro\/produs\/carti-memorie-animale-salbatice\/","og_site_name":"Inspiratio","article_publisher":"https:\/\/www.facebook.com\/inspiratiogiftstudio\/","article_modified_time":"2025-05-28T17:35:19+00:00","og_image":[{"width":600,"height":600,"url":"https:\/\/inspiratio.ro\/wp-content\/uploads\/2020\/11\/382.jpg","type":"image\/jpeg"}],"twitter_card":"summary_large_image","twitter_misc":{"Est. reading time":"1 minute"},"schema":{"@context":"https:\/\/schema.org","@graph":[{"@type":"WebPage","@id":"https:\/\/inspiratio.ro\/produs\/carti-memorie-animale-salbatice\/","url":"https:\/\/inspiratio.ro\/produs\/carti-memorie-animale-salbatice\/","name":"GUT C\u0103r\u021bi memorie - animale s\u0103lbatice - Inspiratio","isPartOf":{"@id":"https:\/\/inspiratio.ro\/#website"},"primaryImageOfPage":{"@id":"https:\/\/inspiratio.ro\/produs\/carti-memorie-animale-salbatice\/#primaryimage"},"image":{"@id":"https:\/\/inspiratio.ro\/produs\/carti-memorie-animale-salbatice\/#primaryimage"},"thumbnailUrl":"https:\/\/inspiratio.ro\/wp-content\/uploads\/2020\/11\/382.jpg","datePublished":"2020-11-24T12:00:10+00:00","dateModified":"2025-05-28T17:35:19+00:00","description":"GUT C\u0103r\u021bi memorie - animale s\u0103lbatice","breadcrumb":{"@id":"https:\/\/inspiratio.ro\/produs\/carti-memorie-animale-salbatice\/#breadcrumb"},"inLanguage":"en-US","potentialAction":[{"@type":"ReadAction","target":["https:\/\/inspiratio.ro\/produs\/carti-memorie-animale-salbatice\/"]}]},{"@type":"ImageObject","inLanguage":"en-US","@id":"https:\/\/inspiratio.ro\/produs\/carti-memorie-animale-salbatice\/#primaryimage","url":"https:\/\/inspiratio.ro\/wp-content\/uploads\/2020\/11\/382.jpg","contentUrl":"https:\/\/inspiratio.ro\/wp-content\/uploads\/2020\/11\/382.jpg","width":600,"height":600},{"@type":"BreadcrumbList","@id":"https:\/\/inspiratio.ro\/produs\/carti-memorie-animale-salbatice\/#breadcrumb","itemListElement":[{"@type":"ListItem","position":1,"name":"Shop","item":"https:\/\/inspiratio.ro\/magazin-cadouri\/"},{"@type":"ListItem","position":2,"name":"GUT C\u0103r\u021bi memorie &#8211; animale s\u0103lbatice"}]},{"@type":"WebSite","@id":"https:\/\/inspiratio.ro\/#website","url":"https:\/\/inspiratio.ro\/","name":"Inspiratio","description":"Las\u0103-te purtat de inspira\u021bie","publisher":{"@id":"https:\/\/inspiratio.ro\/#organization"},"potentialAction":[{"@type":"SearchAction","target":{"@type":"EntryPoint","urlTemplate":"https:\/\/inspiratio.ro\/?s={search_term_string}"},"query-input":{"@type":"PropertyValueSpecification","valueRequired":true,"valueName":"search_term_string"}}],"inLanguage":"en-US"},{"@type":"Organization","@id":"https:\/\/inspiratio.ro\/#organization","name":"Inspiratio","url":"https:\/\/inspiratio.ro\/","logo":{"@type":"ImageObject","inLanguage":"en-US","@id":"https:\/\/inspiratio.ro\/#\/schema\/logo\/image\/","url":"https:\/\/inspiratio.ro\/wp-content\/uploads\/2020\/06\/logo-inspiratio.png","contentUrl":"https:\/\/inspiratio.ro\/wp-content\/uploads\/2020\/06\/logo-inspiratio.png","width":232,"height":209,"caption":"Inspiratio"},"image":{"@id":"https:\/\/inspiratio.ro\/#\/schema\/logo\/image\/"},"sameAs":["https:\/\/www.facebook.com\/inspiratiogiftstudio\/","https:\/\/www.instagram.com\/inspiratio_giftstudio\/"]}]}},"brands":[{"id":103,"name":"Editura Gutenberg","slug":"editura-gutenberg"}],"_links":{"self":[{"href":"https:\/\/inspiratio.ro\/en\/wp-json\/wp\/v2\/product\/2599","targetHints":{"allow":["GET"]}}],"collection":[{"href":"https:\/\/inspiratio.ro\/en\/wp-json\/wp\/v2\/product"}],"about":[{"href":"https:\/\/inspiratio.ro\/en\/wp-json\/wp\/v2\/types\/product"}],"replies":[{"embeddable":true,"href":"https:\/\/inspiratio.ro\/en\/wp-json\/wp\/v2\/comments?post=2599"}],"wp:featuredmedia":[{"embeddable":true,"href":"https:\/\/inspiratio.ro\/en\/wp-json\/wp\/v2\/media\/2170"}],"wp:attachment":[{"href":"https:\/\/inspiratio.ro\/en\/wp-json\/wp\/v2\/media?parent=2599"}],"wp:term":[{"taxonomy":"pwb-brand","embeddable":true,"href":"https:\/\/inspiratio.ro\/en\/wp-json\/wp\/v2\/pwb-brand?post=2599"},{"taxonomy":"product_brand","embeddable":true,"href":"https:\/\/inspiratio.ro\/en\/wp-json\/wp\/v2\/product_brand?post=2599"},{"taxonomy":"product_cat","embeddable":true,"href":"https:\/\/inspiratio.ro\/en\/wp-json\/wp\/v2\/product_cat?post=2599"},{"taxonomy":"product_tag","embeddable":true,"href":"https:\/\/inspiratio.ro\/en\/wp-json\/wp\/v2\/product_tag?post=2599"}],"curies":[{"name":"wp","href":"https:\/\/api.w.org\/{rel}","templated":true}]}}