{"id":2584,"date":"2020-11-24T12:00:06","date_gmt":"2020-11-24T12:00:06","guid":{"rendered":"http:\/\/emiralmedia.ro\/site\/inspiratio\/produs\/maria-portretul-unei-regine\/"},"modified":"2025-07-30T16:12:52","modified_gmt":"2025-07-30T13:12:52","slug":"maria-portretul-unei-regine-principele-radu-al-romaniei","status":"publish","type":"product","link":"https:\/\/inspiratio.ro\/en\/produs\/maria-portretul-unei-regine-principele-radu-al-romaniei\/","title":{"rendered":"Maria, portretul unei regine &#8211; Principele Radu al Rom\u00e2niei"},"content":{"rendered":"<p>&#8220;Niciodat\u0103, desigur, o Regin\u0103 n-a impus mai mult \u00een afar\u0103 de rangul ei suprem. Regalitatea vitejiei \u0219i milei de oameni o face s\u0103 poarte totdeauna o coroan\u0103 nev\u0103zut\u0103, care e mai scump\u0103 dec\u00e2t toate juvaierele lumii.&#8221; &#8211; Nicolae Iorga<br \/>\n&#8220;Este un sentiment m\u0103re\u021b acela de a fi cople\u0219itor de viu \u0219i de a fi purtat mai departe pe aripile entuziasmului t\u0103u, iar ceilal\u021bi sa fie tra\u0219i dup\u0103 tine.&#8221; &#8211; Regina Maria a Romaniei<\/p>\n<p>Autor: Principele Radu al Rom\u00e2niei<\/p>\n<p>Categoria: Biografie<\/p>\n<p>Editura Curtea Veche<\/p>\n<p>An apari\u021bie: 2018<\/p>\n<p>Colec\u021bie: C\u0103r\u021bi Regale<\/p>\n<p>Edi\u021bie: Cartonat\u0103<\/p>\n<p>Format: 22 x 22 cm<\/p>\n<p>Nr. pagini: 122<\/p>\n","protected":false},"excerpt":{"rendered":"<p>CUV Maria portretul unei regine<\/p>\n","protected":false},"featured_media":2127,"comment_status":"closed","ping_status":"closed","template":"","meta":[],"pwb-brand":[101],"product_brand":[],"product_cat":[88,71],"product_tag":[],"class_list":{"0":"post-2584","1":"product","2":"type-product","3":"status-publish","4":"has-post-thumbnail","6":"pwb-brand-editura-curtea-veche","7":"product_cat-categorie-carte","8":"product_cat-carte","10":"first","11":"instock","12":"taxable","13":"shipping-taxable","14":"purchasable","15":"product-type-simple"},"yoast_head":"<!-- This site is optimized with the Yoast SEO plugin v26.9 - https:\/\/yoast.com\/product\/yoast-seo-wordpress\/ -->\n<title>CUV Maria, portretul unei regine - Principele Radu al Rom\u00e2niei - Inspiratio<\/title>\n<meta name=\"description\" content=\"CUV Maria portretul unei regine\" \/>\n<meta name=\"robots\" content=\"index, follow, max-snippet:-1, max-image-preview:large, max-video-preview:-1\" \/>\n<link rel=\"canonical\" href=\"https:\/\/inspiratio.ro\/produs\/maria-portretul-unei-regine-principele-radu-al-romaniei\/\" \/>\n<meta property=\"og:locale\" content=\"en_US\" \/>\n<meta property=\"og:type\" content=\"article\" \/>\n<meta property=\"og:title\" content=\"CUV Maria, portretul unei regine - Principele Radu al Rom\u00e2niei - Inspiratio\" \/>\n<meta property=\"og:description\" content=\"CUV Maria portretul unei regine\" \/>\n<meta property=\"og:url\" content=\"https:\/\/inspiratio.ro\/produs\/maria-portretul-unei-regine-principele-radu-al-romaniei\/\" \/>\n<meta property=\"og:site_name\" content=\"Inspiratio\" \/>\n<meta property=\"article:publisher\" content=\"https:\/\/www.facebook.com\/inspiratiogiftstudio\/\" \/>\n<meta property=\"article:modified_time\" content=\"2025-07-30T13:12:52+00:00\" \/>\n<meta property=\"og:image\" content=\"https:\/\/inspiratio.ro\/wp-content\/uploads\/2020\/11\/478.jpg\" \/>\n\t<meta property=\"og:image:width\" content=\"363\" \/>\n\t<meta property=\"og:image:height\" content=\"548\" \/>\n\t<meta property=\"og:image:type\" content=\"image\/jpeg\" \/>\n<meta name=\"twitter:card\" content=\"summary_large_image\" \/>\n<meta name=\"twitter:label1\" content=\"Est. reading time\" \/>\n\t<meta name=\"twitter:data1\" content=\"1 minute\" \/>\n<script type=\"application\/ld+json\" class=\"yoast-schema-graph\">{\"@context\":\"https:\/\/schema.org\",\"@graph\":[{\"@type\":\"WebPage\",\"@id\":\"https:\/\/inspiratio.ro\/produs\/maria-portretul-unei-regine-principele-radu-al-romaniei\/\",\"url\":\"https:\/\/inspiratio.ro\/produs\/maria-portretul-unei-regine-principele-radu-al-romaniei\/\",\"name\":\"CUV Maria, portretul unei regine - Principele Radu al Rom\u00e2niei - Inspiratio\",\"isPartOf\":{\"@id\":\"https:\/\/inspiratio.ro\/#website\"},\"primaryImageOfPage\":{\"@id\":\"https:\/\/inspiratio.ro\/produs\/maria-portretul-unei-regine-principele-radu-al-romaniei\/#primaryimage\"},\"image\":{\"@id\":\"https:\/\/inspiratio.ro\/produs\/maria-portretul-unei-regine-principele-radu-al-romaniei\/#primaryimage\"},\"thumbnailUrl\":\"https:\/\/inspiratio.ro\/wp-content\/uploads\/2020\/11\/478.jpg\",\"datePublished\":\"2020-11-24T12:00:06+00:00\",\"dateModified\":\"2025-07-30T13:12:52+00:00\",\"description\":\"CUV Maria portretul unei regine\",\"breadcrumb\":{\"@id\":\"https:\/\/inspiratio.ro\/produs\/maria-portretul-unei-regine-principele-radu-al-romaniei\/#breadcrumb\"},\"inLanguage\":\"en-US\",\"potentialAction\":[{\"@type\":\"ReadAction\",\"target\":[\"https:\/\/inspiratio.ro\/produs\/maria-portretul-unei-regine-principele-radu-al-romaniei\/\"]}]},{\"@type\":\"ImageObject\",\"inLanguage\":\"en-US\",\"@id\":\"https:\/\/inspiratio.ro\/produs\/maria-portretul-unei-regine-principele-radu-al-romaniei\/#primaryimage\",\"url\":\"https:\/\/inspiratio.ro\/wp-content\/uploads\/2020\/11\/478.jpg\",\"contentUrl\":\"https:\/\/inspiratio.ro\/wp-content\/uploads\/2020\/11\/478.jpg\",\"width\":363,\"height\":548},{\"@type\":\"BreadcrumbList\",\"@id\":\"https:\/\/inspiratio.ro\/produs\/maria-portretul-unei-regine-principele-radu-al-romaniei\/#breadcrumb\",\"itemListElement\":[{\"@type\":\"ListItem\",\"position\":1,\"name\":\"Shop\",\"item\":\"https:\/\/inspiratio.ro\/magazin-cadouri\/\"},{\"@type\":\"ListItem\",\"position\":2,\"name\":\"CUV Maria, portretul unei regine &#8211; Principele Radu al Rom\u00e2niei\"}]},{\"@type\":\"WebSite\",\"@id\":\"https:\/\/inspiratio.ro\/#website\",\"url\":\"https:\/\/inspiratio.ro\/\",\"name\":\"Inspiratio\",\"description\":\"Las\u0103-te purtat de inspira\u021bie\",\"publisher\":{\"@id\":\"https:\/\/inspiratio.ro\/#organization\"},\"potentialAction\":[{\"@type\":\"SearchAction\",\"target\":{\"@type\":\"EntryPoint\",\"urlTemplate\":\"https:\/\/inspiratio.ro\/?s={search_term_string}\"},\"query-input\":{\"@type\":\"PropertyValueSpecification\",\"valueRequired\":true,\"valueName\":\"search_term_string\"}}],\"inLanguage\":\"en-US\"},{\"@type\":\"Organization\",\"@id\":\"https:\/\/inspiratio.ro\/#organization\",\"name\":\"Inspiratio\",\"url\":\"https:\/\/inspiratio.ro\/\",\"logo\":{\"@type\":\"ImageObject\",\"inLanguage\":\"en-US\",\"@id\":\"https:\/\/inspiratio.ro\/#\/schema\/logo\/image\/\",\"url\":\"https:\/\/inspiratio.ro\/wp-content\/uploads\/2020\/06\/logo-inspiratio.png\",\"contentUrl\":\"https:\/\/inspiratio.ro\/wp-content\/uploads\/2020\/06\/logo-inspiratio.png\",\"width\":232,\"height\":209,\"caption\":\"Inspiratio\"},\"image\":{\"@id\":\"https:\/\/inspiratio.ro\/#\/schema\/logo\/image\/\"},\"sameAs\":[\"https:\/\/www.facebook.com\/inspiratiogiftstudio\/\",\"https:\/\/www.instagram.com\/inspiratio_giftstudio\/\"]}]}<\/script>\n<!-- \/ Yoast SEO plugin. -->","yoast_head_json":{"title":"CUV Maria, portretul unei regine - Principele Radu al Rom\u00e2niei - Inspiratio","description":"CUV Maria portretul unei regine","robots":{"index":"index","follow":"follow","max-snippet":"max-snippet:-1","max-image-preview":"max-image-preview:large","max-video-preview":"max-video-preview:-1"},"canonical":"https:\/\/inspiratio.ro\/produs\/maria-portretul-unei-regine-principele-radu-al-romaniei\/","og_locale":"en_US","og_type":"article","og_title":"CUV Maria, portretul unei regine - Principele Radu al Rom\u00e2niei - Inspiratio","og_description":"CUV Maria portretul unei regine","og_url":"https:\/\/inspiratio.ro\/produs\/maria-portretul-unei-regine-principele-radu-al-romaniei\/","og_site_name":"Inspiratio","article_publisher":"https:\/\/www.facebook.com\/inspiratiogiftstudio\/","article_modified_time":"2025-07-30T13:12:52+00:00","og_image":[{"width":363,"height":548,"url":"https:\/\/inspiratio.ro\/wp-content\/uploads\/2020\/11\/478.jpg","type":"image\/jpeg"}],"twitter_card":"summary_large_image","twitter_misc":{"Est. reading time":"1 minute"},"schema":{"@context":"https:\/\/schema.org","@graph":[{"@type":"WebPage","@id":"https:\/\/inspiratio.ro\/produs\/maria-portretul-unei-regine-principele-radu-al-romaniei\/","url":"https:\/\/inspiratio.ro\/produs\/maria-portretul-unei-regine-principele-radu-al-romaniei\/","name":"CUV Maria, portretul unei regine - Principele Radu al Rom\u00e2niei - Inspiratio","isPartOf":{"@id":"https:\/\/inspiratio.ro\/#website"},"primaryImageOfPage":{"@id":"https:\/\/inspiratio.ro\/produs\/maria-portretul-unei-regine-principele-radu-al-romaniei\/#primaryimage"},"image":{"@id":"https:\/\/inspiratio.ro\/produs\/maria-portretul-unei-regine-principele-radu-al-romaniei\/#primaryimage"},"thumbnailUrl":"https:\/\/inspiratio.ro\/wp-content\/uploads\/2020\/11\/478.jpg","datePublished":"2020-11-24T12:00:06+00:00","dateModified":"2025-07-30T13:12:52+00:00","description":"CUV Maria portretul unei regine","breadcrumb":{"@id":"https:\/\/inspiratio.ro\/produs\/maria-portretul-unei-regine-principele-radu-al-romaniei\/#breadcrumb"},"inLanguage":"en-US","potentialAction":[{"@type":"ReadAction","target":["https:\/\/inspiratio.ro\/produs\/maria-portretul-unei-regine-principele-radu-al-romaniei\/"]}]},{"@type":"ImageObject","inLanguage":"en-US","@id":"https:\/\/inspiratio.ro\/produs\/maria-portretul-unei-regine-principele-radu-al-romaniei\/#primaryimage","url":"https:\/\/inspiratio.ro\/wp-content\/uploads\/2020\/11\/478.jpg","contentUrl":"https:\/\/inspiratio.ro\/wp-content\/uploads\/2020\/11\/478.jpg","width":363,"height":548},{"@type":"BreadcrumbList","@id":"https:\/\/inspiratio.ro\/produs\/maria-portretul-unei-regine-principele-radu-al-romaniei\/#breadcrumb","itemListElement":[{"@type":"ListItem","position":1,"name":"Shop","item":"https:\/\/inspiratio.ro\/magazin-cadouri\/"},{"@type":"ListItem","position":2,"name":"CUV Maria, portretul unei regine &#8211; Principele Radu al Rom\u00e2niei"}]},{"@type":"WebSite","@id":"https:\/\/inspiratio.ro\/#website","url":"https:\/\/inspiratio.ro\/","name":"Inspiratio","description":"Las\u0103-te purtat de inspira\u021bie","publisher":{"@id":"https:\/\/inspiratio.ro\/#organization"},"potentialAction":[{"@type":"SearchAction","target":{"@type":"EntryPoint","urlTemplate":"https:\/\/inspiratio.ro\/?s={search_term_string}"},"query-input":{"@type":"PropertyValueSpecification","valueRequired":true,"valueName":"search_term_string"}}],"inLanguage":"en-US"},{"@type":"Organization","@id":"https:\/\/inspiratio.ro\/#organization","name":"Inspiratio","url":"https:\/\/inspiratio.ro\/","logo":{"@type":"ImageObject","inLanguage":"en-US","@id":"https:\/\/inspiratio.ro\/#\/schema\/logo\/image\/","url":"https:\/\/inspiratio.ro\/wp-content\/uploads\/2020\/06\/logo-inspiratio.png","contentUrl":"https:\/\/inspiratio.ro\/wp-content\/uploads\/2020\/06\/logo-inspiratio.png","width":232,"height":209,"caption":"Inspiratio"},"image":{"@id":"https:\/\/inspiratio.ro\/#\/schema\/logo\/image\/"},"sameAs":["https:\/\/www.facebook.com\/inspiratiogiftstudio\/","https:\/\/www.instagram.com\/inspiratio_giftstudio\/"]}]}},"brands":[{"id":101,"name":"Editura Curtea Veche","slug":"editura-curtea-veche"}],"_links":{"self":[{"href":"https:\/\/inspiratio.ro\/en\/wp-json\/wp\/v2\/product\/2584","targetHints":{"allow":["GET"]}}],"collection":[{"href":"https:\/\/inspiratio.ro\/en\/wp-json\/wp\/v2\/product"}],"about":[{"href":"https:\/\/inspiratio.ro\/en\/wp-json\/wp\/v2\/types\/product"}],"replies":[{"embeddable":true,"href":"https:\/\/inspiratio.ro\/en\/wp-json\/wp\/v2\/comments?post=2584"}],"wp:featuredmedia":[{"embeddable":true,"href":"https:\/\/inspiratio.ro\/en\/wp-json\/wp\/v2\/media\/2127"}],"wp:attachment":[{"href":"https:\/\/inspiratio.ro\/en\/wp-json\/wp\/v2\/media?parent=2584"}],"wp:term":[{"taxonomy":"pwb-brand","embeddable":true,"href":"https:\/\/inspiratio.ro\/en\/wp-json\/wp\/v2\/pwb-brand?post=2584"},{"taxonomy":"product_brand","embeddable":true,"href":"https:\/\/inspiratio.ro\/en\/wp-json\/wp\/v2\/product_brand?post=2584"},{"taxonomy":"product_cat","embeddable":true,"href":"https:\/\/inspiratio.ro\/en\/wp-json\/wp\/v2\/product_cat?post=2584"},{"taxonomy":"product_tag","embeddable":true,"href":"https:\/\/inspiratio.ro\/en\/wp-json\/wp\/v2\/product_tag?post=2584"}],"curies":[{"name":"wp","href":"https:\/\/api.w.org\/{rel}","templated":true}]}}