{"id":2582,"date":"2020-11-24T12:00:06","date_gmt":"2020-11-24T12:00:06","guid":{"rendered":"http:\/\/emiralmedia.ro\/site\/inspiratio\/produs\/cotroceniul-regal\/"},"modified":"2025-11-15T16:44:29","modified_gmt":"2025-11-15T14:44:29","slug":"cotroceniul-regal-diana-mandache","status":"publish","type":"product","link":"https:\/\/inspiratio.ro\/en\/produs\/cotroceniul-regal-diana-mandache\/","title":{"rendered":"Cotroceniul regal &#8211; Diana Mandache"},"content":{"rendered":"<p>Diana Mandache este autorul celui mai recent volum din colec\u021bia \u201cC\u0103r\u021bi regale\u201d a editurii Curtea Veche Publishing, intitulat &#8220;Cotroceniul Regal&#8221;.<\/p>\n<p>Istoria Cotrocenilor \u00eencepe cu mult\u0103 vreme \u00een urm\u0103, dar mo\u0219ia apare consemnat\u0103 \u00een hrisoavele domne\u0219ti medievale. Domnitorul \u0218erban Cantacuzino este cel care a ctitorit Cotroceniul ca re\u0219edin\u021b\u0103 princiar\u0103 \u00een secolul al XVII-lea, el ridic\u00e2nd casele, o m\u00e2n\u0103stire \u0219i o biseric\u0103, pe locul unui vechi schit, \u00een mijlocul unei p\u0103duri seculare.<\/p>\n<p>Ulterior, aici au avut re\u0219edin\u021ba Constantin Br\u00e2ncoveanu, Ioan Mavrocordat, Constantin Mavrocordat, Alexandru Ipsilanti, Alexandru Moruzi, Ioan Caragea, Tudor Vladimirescu, Barbu \u0218tirbey, Alexandru Ioan Cuza, dar \u0219i Regele Carol I, la scurt timp dup\u0103 sosirea \u00een Rom\u00e2nia.<\/p>\n<p>Abia la sf\u00e2r\u0219itul secolului al XIX-lea, s-a ridicat, pentru mo\u0219tenitorii tronului, palatul modern care se vede ast\u0103zi. Cotroceniul avea s\u0103 devin\u0103 re\u0219edin\u021ba oficial\u0103 a Regelui Ferdinand \u0219i a Reginei Maria. Aceasta este perioada istoric\u0103 de glorie, modernizare \u0219i transformare artistic\u0103 a palatului. Ulterior, Regele Carol al II-lea \u0219i Regele Mihai I au folosit temporar re\u0219edin\u021ba, anii 1940 l\u0103s\u00e2nd asupra palatului \u0219i bisericii urmele r\u0103zboiului \u0219i ale unui cutremur.<\/p>\n<p>\u00cen paginile acestei c\u0103r\u021bi, Diana Mandache arat\u0103 cum istoria modern\u0103 a Palatului Cotroceni reflect\u0103, ca \u00eentr-o oglind\u0103, istoria politic\u0103 a Rom\u00e2niei.<\/p>\n<p>Autor: Diana Mandache<\/p>\n<p>Categoria: Istoria Rom\u00e2nilor<\/p>\n<p>Editura Curtea Veche<\/p>\n<p>Anul apari\u021biei: 2015<\/p>\n<p>Colec\u021bie: C\u0103r\u021bi Regale<\/p>\n<p>Edi\u021bie: cartonat\u0103<\/p>\n<p>Format: 22 x 22 cm<\/p>\n<p>Nr. pagini: 216<\/p>\n","protected":false},"excerpt":{"rendered":"<p>Carte<\/p>\n","protected":false},"featured_media":2123,"comment_status":"closed","ping_status":"closed","template":"","meta":[],"pwb-brand":[101],"product_brand":[],"product_cat":[88,71],"product_tag":[],"class_list":{"0":"post-2582","1":"product","2":"type-product","3":"status-publish","4":"has-post-thumbnail","6":"pwb-brand-editura-curtea-veche","7":"product_cat-categorie-carte","8":"product_cat-carte","10":"first","11":"instock","12":"taxable","13":"shipping-taxable","14":"purchasable","15":"product-type-simple"},"yoast_head":"<!-- This site is optimized with the Yoast SEO plugin v26.9 - https:\/\/yoast.com\/product\/yoast-seo-wordpress\/ -->\n<title>CUV Cotroceniul regal - Diana Mandache - Inspiratio<\/title>\n<meta name=\"robots\" content=\"index, follow, max-snippet:-1, max-image-preview:large, max-video-preview:-1\" \/>\n<link rel=\"canonical\" href=\"https:\/\/inspiratio.ro\/produs\/cotroceniul-regal-diana-mandache\/\" \/>\n<meta property=\"og:locale\" content=\"en_US\" \/>\n<meta property=\"og:type\" content=\"article\" \/>\n<meta property=\"og:title\" content=\"CUV Cotroceniul regal - Diana Mandache - Inspiratio\" \/>\n<meta property=\"og:description\" content=\"Carte\" \/>\n<meta property=\"og:url\" content=\"https:\/\/inspiratio.ro\/produs\/cotroceniul-regal-diana-mandache\/\" \/>\n<meta property=\"og:site_name\" content=\"Inspiratio\" \/>\n<meta property=\"article:publisher\" content=\"https:\/\/www.facebook.com\/inspiratiogiftstudio\/\" \/>\n<meta property=\"article:modified_time\" content=\"2025-11-15T14:44:29+00:00\" \/>\n<meta property=\"og:image\" content=\"https:\/\/inspiratio.ro\/wp-content\/uploads\/2020\/11\/476.jpg\" \/>\n\t<meta property=\"og:image:width\" content=\"363\" \/>\n\t<meta property=\"og:image:height\" content=\"548\" \/>\n\t<meta property=\"og:image:type\" content=\"image\/jpeg\" \/>\n<meta name=\"twitter:card\" content=\"summary_large_image\" \/>\n<meta name=\"twitter:label1\" content=\"Est. reading time\" \/>\n\t<meta name=\"twitter:data1\" content=\"1 minute\" \/>\n<script type=\"application\/ld+json\" class=\"yoast-schema-graph\">{\"@context\":\"https:\/\/schema.org\",\"@graph\":[{\"@type\":\"WebPage\",\"@id\":\"https:\/\/inspiratio.ro\/produs\/cotroceniul-regal-diana-mandache\/\",\"url\":\"https:\/\/inspiratio.ro\/produs\/cotroceniul-regal-diana-mandache\/\",\"name\":\"CUV Cotroceniul regal - Diana Mandache - Inspiratio\",\"isPartOf\":{\"@id\":\"https:\/\/inspiratio.ro\/#website\"},\"primaryImageOfPage\":{\"@id\":\"https:\/\/inspiratio.ro\/produs\/cotroceniul-regal-diana-mandache\/#primaryimage\"},\"image\":{\"@id\":\"https:\/\/inspiratio.ro\/produs\/cotroceniul-regal-diana-mandache\/#primaryimage\"},\"thumbnailUrl\":\"https:\/\/inspiratio.ro\/wp-content\/uploads\/2020\/11\/476.jpg\",\"datePublished\":\"2020-11-24T12:00:06+00:00\",\"dateModified\":\"2025-11-15T14:44:29+00:00\",\"breadcrumb\":{\"@id\":\"https:\/\/inspiratio.ro\/produs\/cotroceniul-regal-diana-mandache\/#breadcrumb\"},\"inLanguage\":\"en-US\",\"potentialAction\":[{\"@type\":\"ReadAction\",\"target\":[\"https:\/\/inspiratio.ro\/produs\/cotroceniul-regal-diana-mandache\/\"]}]},{\"@type\":\"ImageObject\",\"inLanguage\":\"en-US\",\"@id\":\"https:\/\/inspiratio.ro\/produs\/cotroceniul-regal-diana-mandache\/#primaryimage\",\"url\":\"https:\/\/inspiratio.ro\/wp-content\/uploads\/2020\/11\/476.jpg\",\"contentUrl\":\"https:\/\/inspiratio.ro\/wp-content\/uploads\/2020\/11\/476.jpg\",\"width\":363,\"height\":548},{\"@type\":\"BreadcrumbList\",\"@id\":\"https:\/\/inspiratio.ro\/produs\/cotroceniul-regal-diana-mandache\/#breadcrumb\",\"itemListElement\":[{\"@type\":\"ListItem\",\"position\":1,\"name\":\"Shop\",\"item\":\"https:\/\/inspiratio.ro\/magazin-cadouri\/\"},{\"@type\":\"ListItem\",\"position\":2,\"name\":\"CUV Cotroceniul regal &#8211; Diana Mandache\"}]},{\"@type\":\"WebSite\",\"@id\":\"https:\/\/inspiratio.ro\/#website\",\"url\":\"https:\/\/inspiratio.ro\/\",\"name\":\"Inspiratio\",\"description\":\"Las\u0103-te purtat de inspira\u021bie\",\"publisher\":{\"@id\":\"https:\/\/inspiratio.ro\/#organization\"},\"potentialAction\":[{\"@type\":\"SearchAction\",\"target\":{\"@type\":\"EntryPoint\",\"urlTemplate\":\"https:\/\/inspiratio.ro\/?s={search_term_string}\"},\"query-input\":{\"@type\":\"PropertyValueSpecification\",\"valueRequired\":true,\"valueName\":\"search_term_string\"}}],\"inLanguage\":\"en-US\"},{\"@type\":\"Organization\",\"@id\":\"https:\/\/inspiratio.ro\/#organization\",\"name\":\"Inspiratio\",\"url\":\"https:\/\/inspiratio.ro\/\",\"logo\":{\"@type\":\"ImageObject\",\"inLanguage\":\"en-US\",\"@id\":\"https:\/\/inspiratio.ro\/#\/schema\/logo\/image\/\",\"url\":\"https:\/\/inspiratio.ro\/wp-content\/uploads\/2020\/06\/logo-inspiratio.png\",\"contentUrl\":\"https:\/\/inspiratio.ro\/wp-content\/uploads\/2020\/06\/logo-inspiratio.png\",\"width\":232,\"height\":209,\"caption\":\"Inspiratio\"},\"image\":{\"@id\":\"https:\/\/inspiratio.ro\/#\/schema\/logo\/image\/\"},\"sameAs\":[\"https:\/\/www.facebook.com\/inspiratiogiftstudio\/\",\"https:\/\/www.instagram.com\/inspiratio_giftstudio\/\"]}]}<\/script>\n<!-- \/ Yoast SEO plugin. -->","yoast_head_json":{"title":"CUV Cotroceniul regal - Diana Mandache - Inspiratio","robots":{"index":"index","follow":"follow","max-snippet":"max-snippet:-1","max-image-preview":"max-image-preview:large","max-video-preview":"max-video-preview:-1"},"canonical":"https:\/\/inspiratio.ro\/produs\/cotroceniul-regal-diana-mandache\/","og_locale":"en_US","og_type":"article","og_title":"CUV Cotroceniul regal - Diana Mandache - Inspiratio","og_description":"Carte","og_url":"https:\/\/inspiratio.ro\/produs\/cotroceniul-regal-diana-mandache\/","og_site_name":"Inspiratio","article_publisher":"https:\/\/www.facebook.com\/inspiratiogiftstudio\/","article_modified_time":"2025-11-15T14:44:29+00:00","og_image":[{"width":363,"height":548,"url":"https:\/\/inspiratio.ro\/wp-content\/uploads\/2020\/11\/476.jpg","type":"image\/jpeg"}],"twitter_card":"summary_large_image","twitter_misc":{"Est. reading time":"1 minute"},"schema":{"@context":"https:\/\/schema.org","@graph":[{"@type":"WebPage","@id":"https:\/\/inspiratio.ro\/produs\/cotroceniul-regal-diana-mandache\/","url":"https:\/\/inspiratio.ro\/produs\/cotroceniul-regal-diana-mandache\/","name":"CUV Cotroceniul regal - Diana Mandache - Inspiratio","isPartOf":{"@id":"https:\/\/inspiratio.ro\/#website"},"primaryImageOfPage":{"@id":"https:\/\/inspiratio.ro\/produs\/cotroceniul-regal-diana-mandache\/#primaryimage"},"image":{"@id":"https:\/\/inspiratio.ro\/produs\/cotroceniul-regal-diana-mandache\/#primaryimage"},"thumbnailUrl":"https:\/\/inspiratio.ro\/wp-content\/uploads\/2020\/11\/476.jpg","datePublished":"2020-11-24T12:00:06+00:00","dateModified":"2025-11-15T14:44:29+00:00","breadcrumb":{"@id":"https:\/\/inspiratio.ro\/produs\/cotroceniul-regal-diana-mandache\/#breadcrumb"},"inLanguage":"en-US","potentialAction":[{"@type":"ReadAction","target":["https:\/\/inspiratio.ro\/produs\/cotroceniul-regal-diana-mandache\/"]}]},{"@type":"ImageObject","inLanguage":"en-US","@id":"https:\/\/inspiratio.ro\/produs\/cotroceniul-regal-diana-mandache\/#primaryimage","url":"https:\/\/inspiratio.ro\/wp-content\/uploads\/2020\/11\/476.jpg","contentUrl":"https:\/\/inspiratio.ro\/wp-content\/uploads\/2020\/11\/476.jpg","width":363,"height":548},{"@type":"BreadcrumbList","@id":"https:\/\/inspiratio.ro\/produs\/cotroceniul-regal-diana-mandache\/#breadcrumb","itemListElement":[{"@type":"ListItem","position":1,"name":"Shop","item":"https:\/\/inspiratio.ro\/magazin-cadouri\/"},{"@type":"ListItem","position":2,"name":"CUV Cotroceniul regal &#8211; Diana Mandache"}]},{"@type":"WebSite","@id":"https:\/\/inspiratio.ro\/#website","url":"https:\/\/inspiratio.ro\/","name":"Inspiratio","description":"Las\u0103-te purtat de inspira\u021bie","publisher":{"@id":"https:\/\/inspiratio.ro\/#organization"},"potentialAction":[{"@type":"SearchAction","target":{"@type":"EntryPoint","urlTemplate":"https:\/\/inspiratio.ro\/?s={search_term_string}"},"query-input":{"@type":"PropertyValueSpecification","valueRequired":true,"valueName":"search_term_string"}}],"inLanguage":"en-US"},{"@type":"Organization","@id":"https:\/\/inspiratio.ro\/#organization","name":"Inspiratio","url":"https:\/\/inspiratio.ro\/","logo":{"@type":"ImageObject","inLanguage":"en-US","@id":"https:\/\/inspiratio.ro\/#\/schema\/logo\/image\/","url":"https:\/\/inspiratio.ro\/wp-content\/uploads\/2020\/06\/logo-inspiratio.png","contentUrl":"https:\/\/inspiratio.ro\/wp-content\/uploads\/2020\/06\/logo-inspiratio.png","width":232,"height":209,"caption":"Inspiratio"},"image":{"@id":"https:\/\/inspiratio.ro\/#\/schema\/logo\/image\/"},"sameAs":["https:\/\/www.facebook.com\/inspiratiogiftstudio\/","https:\/\/www.instagram.com\/inspiratio_giftstudio\/"]}]}},"brands":[{"id":101,"name":"Editura Curtea Veche","slug":"editura-curtea-veche"}],"_links":{"self":[{"href":"https:\/\/inspiratio.ro\/en\/wp-json\/wp\/v2\/product\/2582","targetHints":{"allow":["GET"]}}],"collection":[{"href":"https:\/\/inspiratio.ro\/en\/wp-json\/wp\/v2\/product"}],"about":[{"href":"https:\/\/inspiratio.ro\/en\/wp-json\/wp\/v2\/types\/product"}],"replies":[{"embeddable":true,"href":"https:\/\/inspiratio.ro\/en\/wp-json\/wp\/v2\/comments?post=2582"}],"wp:featuredmedia":[{"embeddable":true,"href":"https:\/\/inspiratio.ro\/en\/wp-json\/wp\/v2\/media\/2123"}],"wp:attachment":[{"href":"https:\/\/inspiratio.ro\/en\/wp-json\/wp\/v2\/media?parent=2582"}],"wp:term":[{"taxonomy":"pwb-brand","embeddable":true,"href":"https:\/\/inspiratio.ro\/en\/wp-json\/wp\/v2\/pwb-brand?post=2582"},{"taxonomy":"product_brand","embeddable":true,"href":"https:\/\/inspiratio.ro\/en\/wp-json\/wp\/v2\/product_brand?post=2582"},{"taxonomy":"product_cat","embeddable":true,"href":"https:\/\/inspiratio.ro\/en\/wp-json\/wp\/v2\/product_cat?post=2582"},{"taxonomy":"product_tag","embeddable":true,"href":"https:\/\/inspiratio.ro\/en\/wp-json\/wp\/v2\/product_tag?post=2582"}],"curies":[{"name":"wp","href":"https:\/\/api.w.org\/{rel}","templated":true}]}}