{"id":2581,"date":"2020-11-24T12:00:06","date_gmt":"2020-11-24T10:00:06","guid":{"rendered":"http:\/\/emiralmedia.ro\/site\/inspiratio\/produs\/castelul-bran\/"},"modified":"2025-07-30T16:13:43","modified_gmt":"2025-07-30T13:13:43","slug":"castelul-bran-diana-mandache","status":"publish","type":"product","link":"https:\/\/inspiratio.ro\/en\/produs\/castelul-bran-diana-mandache\/","title":{"rendered":"Castelul Bran &#8211; Diana Mandache"},"content":{"rendered":"<p>Cunoscut \u00een Occident datorit\u0103 literaturii fantastice, \u00een care a fost asociat cu numele s\u00e2ngerosului Dracula (identificat, f\u0103r\u0103 temei, cu Vlad \u021aepe\u0219), castelul Bran are o istorie care coboar\u0103 p\u00e2n\u0103 la \u00eenceputul secolului al XIII-lea, \u00een vremea teutonilor. Anul 1920 este un an de r\u0103scruce pentru destinul castelului: \u00een semn de ad\u00e2nc\u0103 admira\u021bie \u0219i recuno\u0219tin\u021b\u0103 pentru contribu\u021bia adus\u0103 la Marea Unire, bra\u0219ovenii i l-au d\u0103ruit Reginei Maria. Suverana va preface acest edificiu \u00eenc\u0103rcat de istorie \u00eentr-un \u00eenc\u00e2nt\u0103tor loc al aventurii spirituale, d\u00e2nd fr\u00e2u liber sim\u021b\u0103mintelor sale romantice.<\/p>\n<p>Cu ajutorul arhitectului Karel Liman, Regina a transformat interiorul castelului \u00eentr-un spa\u021biu feeric, \u00een care elementele tradi\u021bionale rom\u00e2ne\u0219ti se \u00eembinau, \u00eentr-un stil unic, fascinant, cu cele exotice. De asemenea, au fost transformate \u00eemprejurimile, care au devenit locuri de o extraordinar\u0103 frumuse\u021be, inspirat\u0103 din diferite culturi. Vizitatorii, \u0219i cei ilu\u0219tri, \u0219i cei obi\u0219nui\u021bi, au putut admira gr\u0103dini impresionante, dependin\u021be pitore\u0219ti, iar entuziasmul lor e dovedit de impresiile de c\u0103l\u0103torie sau de scrisorile pe care i le trimiteau Reginei.<\/p>\n<p>Ast\u0103zi, o vizit\u0103 la Bran \u00eenseamn\u0103 mai mult dec\u00e2t o simpl\u0103 incursiune \u00een trecutul castelului: sunt at\u00e2t de multe lucruri \u00een jur care poart\u0103 mesajul unui spirit profund, cel al Reginei! \u201eBranul, mica cetate uitat\u0103\u201c, cum \u00eel numea \u00eens\u0103\u0219i Regina Maria, \u00een r\u00e2nduri din care transpare romantismul s\u0103u at\u00e2t de caracteristic, r\u0103v\u0103\u0219it\u0103 de nostalgii \u0219i presim\u021biri lucide, \u00ee\u0219i deschide prin aceast\u0103 splendid\u0103 monografie ilustrat\u0103, elaborat\u0103 de Diana Mandache, por\u021bile unui public dornic s\u0103 afle adev\u0103rata istorie a unui simbol.<\/p>\n<p>Autor: Diana Mandache<\/p>\n<p>Categoria: Istoria Rom\u00e2nilor<\/p>\n<p>Editura Curtea Veche<\/p>\n<p>Anul apari\u021biei: 2017<\/p>\n<p>Colec\u021bie: C\u0103r\u021bi Regale<\/p>\n<p>Edi\u021bie: cartonat\u0103<\/p>\n<p>Format: 21 x 21 cm<\/p>\n<p>Nr. pagini: 158<\/p>\n","protected":false},"excerpt":{"rendered":"<p>Carte<\/p>\n","protected":false},"featured_media":2121,"comment_status":"closed","ping_status":"closed","template":"","meta":[],"pwb-brand":[101],"product_brand":[],"product_cat":[88,71],"product_tag":[],"class_list":{"0":"post-2581","1":"product","2":"type-product","3":"status-publish","4":"has-post-thumbnail","6":"pwb-brand-editura-curtea-veche","7":"product_cat-categorie-carte","8":"product_cat-carte","10":"first","11":"instock","12":"taxable","13":"shipping-taxable","14":"purchasable","15":"product-type-simple"},"yoast_head":"<!-- This site is optimized with the Yoast SEO plugin v26.9 - https:\/\/yoast.com\/product\/yoast-seo-wordpress\/ -->\n<title>CUV Castelul Bran - Diana Mandache - Inspiratio<\/title>\n<meta name=\"robots\" content=\"index, follow, max-snippet:-1, max-image-preview:large, max-video-preview:-1\" \/>\n<link rel=\"canonical\" href=\"https:\/\/inspiratio.ro\/produs\/castelul-bran-diana-mandache\/\" \/>\n<meta property=\"og:locale\" content=\"en_US\" \/>\n<meta property=\"og:type\" content=\"article\" \/>\n<meta property=\"og:title\" content=\"CUV Castelul Bran - Diana Mandache - Inspiratio\" \/>\n<meta property=\"og:description\" content=\"Carte\" \/>\n<meta property=\"og:url\" content=\"https:\/\/inspiratio.ro\/produs\/castelul-bran-diana-mandache\/\" \/>\n<meta property=\"og:site_name\" content=\"Inspiratio\" \/>\n<meta property=\"article:publisher\" content=\"https:\/\/www.facebook.com\/inspiratiogiftstudio\/\" \/>\n<meta property=\"article:modified_time\" content=\"2025-07-30T13:13:43+00:00\" \/>\n<meta property=\"og:image\" content=\"https:\/\/inspiratio.ro\/wp-content\/uploads\/2020\/11\/475.jpg\" \/>\n\t<meta property=\"og:image:width\" content=\"363\" \/>\n\t<meta property=\"og:image:height\" content=\"548\" \/>\n\t<meta property=\"og:image:type\" content=\"image\/jpeg\" \/>\n<meta name=\"twitter:card\" content=\"summary_large_image\" \/>\n<meta name=\"twitter:label1\" content=\"Est. reading time\" \/>\n\t<meta name=\"twitter:data1\" content=\"2 minutes\" \/>\n<script type=\"application\/ld+json\" class=\"yoast-schema-graph\">{\"@context\":\"https:\/\/schema.org\",\"@graph\":[{\"@type\":\"WebPage\",\"@id\":\"https:\/\/inspiratio.ro\/produs\/castelul-bran-diana-mandache\/\",\"url\":\"https:\/\/inspiratio.ro\/produs\/castelul-bran-diana-mandache\/\",\"name\":\"CUV Castelul Bran - Diana Mandache - Inspiratio\",\"isPartOf\":{\"@id\":\"https:\/\/inspiratio.ro\/#website\"},\"primaryImageOfPage\":{\"@id\":\"https:\/\/inspiratio.ro\/produs\/castelul-bran-diana-mandache\/#primaryimage\"},\"image\":{\"@id\":\"https:\/\/inspiratio.ro\/produs\/castelul-bran-diana-mandache\/#primaryimage\"},\"thumbnailUrl\":\"https:\/\/inspiratio.ro\/wp-content\/uploads\/2020\/11\/475.jpg\",\"datePublished\":\"2020-11-24T10:00:06+00:00\",\"dateModified\":\"2025-07-30T13:13:43+00:00\",\"breadcrumb\":{\"@id\":\"https:\/\/inspiratio.ro\/produs\/castelul-bran-diana-mandache\/#breadcrumb\"},\"inLanguage\":\"en-US\",\"potentialAction\":[{\"@type\":\"ReadAction\",\"target\":[\"https:\/\/inspiratio.ro\/produs\/castelul-bran-diana-mandache\/\"]}]},{\"@type\":\"ImageObject\",\"inLanguage\":\"en-US\",\"@id\":\"https:\/\/inspiratio.ro\/produs\/castelul-bran-diana-mandache\/#primaryimage\",\"url\":\"https:\/\/inspiratio.ro\/wp-content\/uploads\/2020\/11\/475.jpg\",\"contentUrl\":\"https:\/\/inspiratio.ro\/wp-content\/uploads\/2020\/11\/475.jpg\",\"width\":363,\"height\":548},{\"@type\":\"BreadcrumbList\",\"@id\":\"https:\/\/inspiratio.ro\/produs\/castelul-bran-diana-mandache\/#breadcrumb\",\"itemListElement\":[{\"@type\":\"ListItem\",\"position\":1,\"name\":\"Shop\",\"item\":\"https:\/\/inspiratio.ro\/magazin-cadouri\/\"},{\"@type\":\"ListItem\",\"position\":2,\"name\":\"CUV Castelul Bran &#8211; Diana Mandache\"}]},{\"@type\":\"WebSite\",\"@id\":\"https:\/\/inspiratio.ro\/#website\",\"url\":\"https:\/\/inspiratio.ro\/\",\"name\":\"Inspiratio\",\"description\":\"Las\u0103-te purtat de inspira\u021bie\",\"publisher\":{\"@id\":\"https:\/\/inspiratio.ro\/#organization\"},\"potentialAction\":[{\"@type\":\"SearchAction\",\"target\":{\"@type\":\"EntryPoint\",\"urlTemplate\":\"https:\/\/inspiratio.ro\/?s={search_term_string}\"},\"query-input\":{\"@type\":\"PropertyValueSpecification\",\"valueRequired\":true,\"valueName\":\"search_term_string\"}}],\"inLanguage\":\"en-US\"},{\"@type\":\"Organization\",\"@id\":\"https:\/\/inspiratio.ro\/#organization\",\"name\":\"Inspiratio\",\"url\":\"https:\/\/inspiratio.ro\/\",\"logo\":{\"@type\":\"ImageObject\",\"inLanguage\":\"en-US\",\"@id\":\"https:\/\/inspiratio.ro\/#\/schema\/logo\/image\/\",\"url\":\"https:\/\/inspiratio.ro\/wp-content\/uploads\/2020\/06\/logo-inspiratio.png\",\"contentUrl\":\"https:\/\/inspiratio.ro\/wp-content\/uploads\/2020\/06\/logo-inspiratio.png\",\"width\":232,\"height\":209,\"caption\":\"Inspiratio\"},\"image\":{\"@id\":\"https:\/\/inspiratio.ro\/#\/schema\/logo\/image\/\"},\"sameAs\":[\"https:\/\/www.facebook.com\/inspiratiogiftstudio\/\",\"https:\/\/www.instagram.com\/inspiratio_giftstudio\/\"]}]}<\/script>\n<!-- \/ Yoast SEO plugin. -->","yoast_head_json":{"title":"CUV Castelul Bran - Diana Mandache - Inspiratio","robots":{"index":"index","follow":"follow","max-snippet":"max-snippet:-1","max-image-preview":"max-image-preview:large","max-video-preview":"max-video-preview:-1"},"canonical":"https:\/\/inspiratio.ro\/produs\/castelul-bran-diana-mandache\/","og_locale":"en_US","og_type":"article","og_title":"CUV Castelul Bran - Diana Mandache - Inspiratio","og_description":"Carte","og_url":"https:\/\/inspiratio.ro\/produs\/castelul-bran-diana-mandache\/","og_site_name":"Inspiratio","article_publisher":"https:\/\/www.facebook.com\/inspiratiogiftstudio\/","article_modified_time":"2025-07-30T13:13:43+00:00","og_image":[{"width":363,"height":548,"url":"https:\/\/inspiratio.ro\/wp-content\/uploads\/2020\/11\/475.jpg","type":"image\/jpeg"}],"twitter_card":"summary_large_image","twitter_misc":{"Est. reading time":"2 minutes"},"schema":{"@context":"https:\/\/schema.org","@graph":[{"@type":"WebPage","@id":"https:\/\/inspiratio.ro\/produs\/castelul-bran-diana-mandache\/","url":"https:\/\/inspiratio.ro\/produs\/castelul-bran-diana-mandache\/","name":"CUV Castelul Bran - Diana Mandache - Inspiratio","isPartOf":{"@id":"https:\/\/inspiratio.ro\/#website"},"primaryImageOfPage":{"@id":"https:\/\/inspiratio.ro\/produs\/castelul-bran-diana-mandache\/#primaryimage"},"image":{"@id":"https:\/\/inspiratio.ro\/produs\/castelul-bran-diana-mandache\/#primaryimage"},"thumbnailUrl":"https:\/\/inspiratio.ro\/wp-content\/uploads\/2020\/11\/475.jpg","datePublished":"2020-11-24T10:00:06+00:00","dateModified":"2025-07-30T13:13:43+00:00","breadcrumb":{"@id":"https:\/\/inspiratio.ro\/produs\/castelul-bran-diana-mandache\/#breadcrumb"},"inLanguage":"en-US","potentialAction":[{"@type":"ReadAction","target":["https:\/\/inspiratio.ro\/produs\/castelul-bran-diana-mandache\/"]}]},{"@type":"ImageObject","inLanguage":"en-US","@id":"https:\/\/inspiratio.ro\/produs\/castelul-bran-diana-mandache\/#primaryimage","url":"https:\/\/inspiratio.ro\/wp-content\/uploads\/2020\/11\/475.jpg","contentUrl":"https:\/\/inspiratio.ro\/wp-content\/uploads\/2020\/11\/475.jpg","width":363,"height":548},{"@type":"BreadcrumbList","@id":"https:\/\/inspiratio.ro\/produs\/castelul-bran-diana-mandache\/#breadcrumb","itemListElement":[{"@type":"ListItem","position":1,"name":"Shop","item":"https:\/\/inspiratio.ro\/magazin-cadouri\/"},{"@type":"ListItem","position":2,"name":"CUV Castelul Bran &#8211; Diana Mandache"}]},{"@type":"WebSite","@id":"https:\/\/inspiratio.ro\/#website","url":"https:\/\/inspiratio.ro\/","name":"Inspiratio","description":"Las\u0103-te purtat de inspira\u021bie","publisher":{"@id":"https:\/\/inspiratio.ro\/#organization"},"potentialAction":[{"@type":"SearchAction","target":{"@type":"EntryPoint","urlTemplate":"https:\/\/inspiratio.ro\/?s={search_term_string}"},"query-input":{"@type":"PropertyValueSpecification","valueRequired":true,"valueName":"search_term_string"}}],"inLanguage":"en-US"},{"@type":"Organization","@id":"https:\/\/inspiratio.ro\/#organization","name":"Inspiratio","url":"https:\/\/inspiratio.ro\/","logo":{"@type":"ImageObject","inLanguage":"en-US","@id":"https:\/\/inspiratio.ro\/#\/schema\/logo\/image\/","url":"https:\/\/inspiratio.ro\/wp-content\/uploads\/2020\/06\/logo-inspiratio.png","contentUrl":"https:\/\/inspiratio.ro\/wp-content\/uploads\/2020\/06\/logo-inspiratio.png","width":232,"height":209,"caption":"Inspiratio"},"image":{"@id":"https:\/\/inspiratio.ro\/#\/schema\/logo\/image\/"},"sameAs":["https:\/\/www.facebook.com\/inspiratiogiftstudio\/","https:\/\/www.instagram.com\/inspiratio_giftstudio\/"]}]}},"brands":[{"id":101,"name":"Editura Curtea Veche","slug":"editura-curtea-veche"}],"_links":{"self":[{"href":"https:\/\/inspiratio.ro\/en\/wp-json\/wp\/v2\/product\/2581","targetHints":{"allow":["GET"]}}],"collection":[{"href":"https:\/\/inspiratio.ro\/en\/wp-json\/wp\/v2\/product"}],"about":[{"href":"https:\/\/inspiratio.ro\/en\/wp-json\/wp\/v2\/types\/product"}],"replies":[{"embeddable":true,"href":"https:\/\/inspiratio.ro\/en\/wp-json\/wp\/v2\/comments?post=2581"}],"wp:featuredmedia":[{"embeddable":true,"href":"https:\/\/inspiratio.ro\/en\/wp-json\/wp\/v2\/media\/2121"}],"wp:attachment":[{"href":"https:\/\/inspiratio.ro\/en\/wp-json\/wp\/v2\/media?parent=2581"}],"wp:term":[{"taxonomy":"pwb-brand","embeddable":true,"href":"https:\/\/inspiratio.ro\/en\/wp-json\/wp\/v2\/pwb-brand?post=2581"},{"taxonomy":"product_brand","embeddable":true,"href":"https:\/\/inspiratio.ro\/en\/wp-json\/wp\/v2\/product_brand?post=2581"},{"taxonomy":"product_cat","embeddable":true,"href":"https:\/\/inspiratio.ro\/en\/wp-json\/wp\/v2\/product_cat?post=2581"},{"taxonomy":"product_tag","embeddable":true,"href":"https:\/\/inspiratio.ro\/en\/wp-json\/wp\/v2\/product_tag?post=2581"}],"curies":[{"name":"wp","href":"https:\/\/api.w.org\/{rel}","templated":true}]}}