{"id":2486,"date":"2020-11-24T11:59:45","date_gmt":"2020-11-24T11:59:45","guid":{"rendered":"http:\/\/emiralmedia.ro\/site\/inspiratio\/produs\/brasovul-meueugen-andronic\/"},"modified":"2025-07-30T17:09:14","modified_gmt":"2025-07-30T14:09:14","slug":"brasovul-meu-eugen-andronic","status":"publish","type":"product","link":"https:\/\/inspiratio.ro\/en\/produs\/brasovul-meu-eugen-andronic\/","title":{"rendered":"Bra\u0219ovul meu &#8211; Eugen Andronic"},"content":{"rendered":"<p>Un album cu fotografii, declarate de autor profund subiective, \u201eBra\u015fovul meu&#8221; compune \u00een alb-negru imaginea unui ora\u015f v\u0103zut prin obiectivul foto, timp de aproape 14 ani.<\/p>\n<p>Tip\u0103rit \u00een condi\u0163ii de excep\u0163ie, prin tehnologia duotone frequency modulation, albumul red\u0103 \u00een peste 200 de pagini via\u0163a unui ora\u015f \u00een schimbare: cl\u0103diri vechi \u015fi noi, centru \u015fi periferie, str\u0103zi sub z\u0103pad\u0103 \u015fi maidane \u00eensorite, oameni de-ai locului \u015fi turi\u015fti \u2013 to\u0163i fac parte dintr-un ora\u015f viu, surprins deopotriv\u0103 \u00een momente de tensiune \u015fi r\u0103gaz.<\/p>\n<p>Eugen Andronic a c\u0103utat s\u0103 reflecte \u00een pagini \u201eBra\u015fovul real, cel de dincolo de poleiala s\u0103rb\u0103toreasc\u0103 sau turistic\u0103\u201d, un ora\u015f privit de autor cu nostalgie, admira\u0163ie, umor \u015fi r\u0103bdare. Cele trei grupaje de fotografii din volum \u2013 Locuri vechi, Locuri noi, Oameni vechi \u015fi noi \u2013 sunt \u00eenso\u0163ite de m\u0103rturii, impresii \u015fi amintiri semnate de Maria David, Dorin Laz\u0103r \u015fi Adriana B\u0103rbat \u015fi de un interviu cu Valer Rus, directorul Muzeului Casa Mure\u015fenilor din Bra\u015fov. Prefa\u0163a este semnat\u0103 de Bogdan B\u0103lan. Textele incluse \u00een volum sunt bilingve (rom\u00e2n\u0103 \u015fi englez\u0103).<\/p>\n<p>O carte-obiect de f\u0103cut cadou \u015fi de deschis atunci c\u00e2nd ni se face dor de Bra\u015fov \u015fi de oamenii s\u0103i, \u201eBra\u015fovul meu&#8221; apar\u0163ine de acum nu doar autorului, ci \u015fi cititorilor.<\/p>\n<p>Bilingv: RO \/ EN<\/p>\n","protected":false},"excerpt":{"rendered":"<p>Carte<\/p>\n","protected":false},"featured_media":1913,"comment_status":"closed","ping_status":"closed","template":"","meta":[],"pwb-brand":[84],"product_brand":[],"product_cat":[88,71],"product_tag":[],"class_list":{"0":"post-2486","1":"product","2":"type-product","3":"status-publish","4":"has-post-thumbnail","6":"pwb-brand-editura-vellant","7":"product_cat-categorie-carte","8":"product_cat-carte","10":"first","11":"instock","12":"taxable","13":"shipping-taxable","14":"purchasable","15":"product-type-simple"},"yoast_head":"<!-- This site is optimized with the Yoast SEO plugin v26.9 - https:\/\/yoast.com\/product\/yoast-seo-wordpress\/ -->\n<title>VEL Bra\u0219ovul meu - Eugen Andronic - Inspiratio<\/title>\n<meta name=\"description\" content=\"VEL Bra\u0219ovul meu - Eugen Andronic\" \/>\n<meta name=\"robots\" content=\"index, follow, max-snippet:-1, max-image-preview:large, max-video-preview:-1\" \/>\n<link rel=\"canonical\" href=\"https:\/\/inspiratio.ro\/produs\/brasovul-meu-eugen-andronic\/\" \/>\n<meta property=\"og:locale\" content=\"en_US\" \/>\n<meta property=\"og:type\" content=\"article\" \/>\n<meta property=\"og:title\" content=\"VEL Bra\u0219ovul meu - Eugen Andronic - Inspiratio\" \/>\n<meta property=\"og:description\" content=\"VEL Bra\u0219ovul meu - Eugen Andronic\" \/>\n<meta property=\"og:url\" content=\"https:\/\/inspiratio.ro\/produs\/brasovul-meu-eugen-andronic\/\" \/>\n<meta property=\"og:site_name\" content=\"Inspiratio\" \/>\n<meta property=\"article:publisher\" content=\"https:\/\/www.facebook.com\/inspiratiogiftstudio\/\" \/>\n<meta property=\"article:modified_time\" content=\"2025-07-30T14:09:14+00:00\" \/>\n<meta property=\"og:image\" content=\"https:\/\/inspiratio.ro\/wp-content\/uploads\/2020\/11\/361.jpg\" \/>\n\t<meta property=\"og:image:width\" content=\"599\" \/>\n\t<meta property=\"og:image:height\" content=\"600\" \/>\n\t<meta property=\"og:image:type\" content=\"image\/jpeg\" \/>\n<meta name=\"twitter:card\" content=\"summary_large_image\" \/>\n<meta name=\"twitter:label1\" content=\"Est. reading time\" \/>\n\t<meta name=\"twitter:data1\" content=\"2 minutes\" \/>\n<script type=\"application\/ld+json\" class=\"yoast-schema-graph\">{\"@context\":\"https:\/\/schema.org\",\"@graph\":[{\"@type\":\"WebPage\",\"@id\":\"https:\/\/inspiratio.ro\/produs\/brasovul-meu-eugen-andronic\/\",\"url\":\"https:\/\/inspiratio.ro\/produs\/brasovul-meu-eugen-andronic\/\",\"name\":\"VEL Bra\u0219ovul meu - Eugen Andronic - Inspiratio\",\"isPartOf\":{\"@id\":\"https:\/\/inspiratio.ro\/#website\"},\"primaryImageOfPage\":{\"@id\":\"https:\/\/inspiratio.ro\/produs\/brasovul-meu-eugen-andronic\/#primaryimage\"},\"image\":{\"@id\":\"https:\/\/inspiratio.ro\/produs\/brasovul-meu-eugen-andronic\/#primaryimage\"},\"thumbnailUrl\":\"https:\/\/inspiratio.ro\/wp-content\/uploads\/2020\/11\/361.jpg\",\"datePublished\":\"2020-11-24T11:59:45+00:00\",\"dateModified\":\"2025-07-30T14:09:14+00:00\",\"description\":\"VEL Bra\u0219ovul meu - Eugen Andronic\",\"breadcrumb\":{\"@id\":\"https:\/\/inspiratio.ro\/produs\/brasovul-meu-eugen-andronic\/#breadcrumb\"},\"inLanguage\":\"en-US\",\"potentialAction\":[{\"@type\":\"ReadAction\",\"target\":[\"https:\/\/inspiratio.ro\/produs\/brasovul-meu-eugen-andronic\/\"]}]},{\"@type\":\"ImageObject\",\"inLanguage\":\"en-US\",\"@id\":\"https:\/\/inspiratio.ro\/produs\/brasovul-meu-eugen-andronic\/#primaryimage\",\"url\":\"https:\/\/inspiratio.ro\/wp-content\/uploads\/2020\/11\/361.jpg\",\"contentUrl\":\"https:\/\/inspiratio.ro\/wp-content\/uploads\/2020\/11\/361.jpg\",\"width\":599,\"height\":600},{\"@type\":\"BreadcrumbList\",\"@id\":\"https:\/\/inspiratio.ro\/produs\/brasovul-meu-eugen-andronic\/#breadcrumb\",\"itemListElement\":[{\"@type\":\"ListItem\",\"position\":1,\"name\":\"Shop\",\"item\":\"https:\/\/inspiratio.ro\/magazin-cadouri\/\"},{\"@type\":\"ListItem\",\"position\":2,\"name\":\"VEL Bra\u0219ovul meu &#8211; Eugen Andronic\"}]},{\"@type\":\"WebSite\",\"@id\":\"https:\/\/inspiratio.ro\/#website\",\"url\":\"https:\/\/inspiratio.ro\/\",\"name\":\"Inspiratio\",\"description\":\"Las\u0103-te purtat de inspira\u021bie\",\"publisher\":{\"@id\":\"https:\/\/inspiratio.ro\/#organization\"},\"potentialAction\":[{\"@type\":\"SearchAction\",\"target\":{\"@type\":\"EntryPoint\",\"urlTemplate\":\"https:\/\/inspiratio.ro\/?s={search_term_string}\"},\"query-input\":{\"@type\":\"PropertyValueSpecification\",\"valueRequired\":true,\"valueName\":\"search_term_string\"}}],\"inLanguage\":\"en-US\"},{\"@type\":\"Organization\",\"@id\":\"https:\/\/inspiratio.ro\/#organization\",\"name\":\"Inspiratio\",\"url\":\"https:\/\/inspiratio.ro\/\",\"logo\":{\"@type\":\"ImageObject\",\"inLanguage\":\"en-US\",\"@id\":\"https:\/\/inspiratio.ro\/#\/schema\/logo\/image\/\",\"url\":\"https:\/\/inspiratio.ro\/wp-content\/uploads\/2020\/06\/logo-inspiratio.png\",\"contentUrl\":\"https:\/\/inspiratio.ro\/wp-content\/uploads\/2020\/06\/logo-inspiratio.png\",\"width\":232,\"height\":209,\"caption\":\"Inspiratio\"},\"image\":{\"@id\":\"https:\/\/inspiratio.ro\/#\/schema\/logo\/image\/\"},\"sameAs\":[\"https:\/\/www.facebook.com\/inspiratiogiftstudio\/\",\"https:\/\/www.instagram.com\/inspiratio_giftstudio\/\"]}]}<\/script>\n<!-- \/ Yoast SEO plugin. -->","yoast_head_json":{"title":"VEL Bra\u0219ovul meu - Eugen Andronic - Inspiratio","description":"VEL Bra\u0219ovul meu - Eugen Andronic","robots":{"index":"index","follow":"follow","max-snippet":"max-snippet:-1","max-image-preview":"max-image-preview:large","max-video-preview":"max-video-preview:-1"},"canonical":"https:\/\/inspiratio.ro\/produs\/brasovul-meu-eugen-andronic\/","og_locale":"en_US","og_type":"article","og_title":"VEL Bra\u0219ovul meu - Eugen Andronic - Inspiratio","og_description":"VEL Bra\u0219ovul meu - Eugen Andronic","og_url":"https:\/\/inspiratio.ro\/produs\/brasovul-meu-eugen-andronic\/","og_site_name":"Inspiratio","article_publisher":"https:\/\/www.facebook.com\/inspiratiogiftstudio\/","article_modified_time":"2025-07-30T14:09:14+00:00","og_image":[{"width":599,"height":600,"url":"https:\/\/inspiratio.ro\/wp-content\/uploads\/2020\/11\/361.jpg","type":"image\/jpeg"}],"twitter_card":"summary_large_image","twitter_misc":{"Est. reading time":"2 minutes"},"schema":{"@context":"https:\/\/schema.org","@graph":[{"@type":"WebPage","@id":"https:\/\/inspiratio.ro\/produs\/brasovul-meu-eugen-andronic\/","url":"https:\/\/inspiratio.ro\/produs\/brasovul-meu-eugen-andronic\/","name":"VEL Bra\u0219ovul meu - Eugen Andronic - Inspiratio","isPartOf":{"@id":"https:\/\/inspiratio.ro\/#website"},"primaryImageOfPage":{"@id":"https:\/\/inspiratio.ro\/produs\/brasovul-meu-eugen-andronic\/#primaryimage"},"image":{"@id":"https:\/\/inspiratio.ro\/produs\/brasovul-meu-eugen-andronic\/#primaryimage"},"thumbnailUrl":"https:\/\/inspiratio.ro\/wp-content\/uploads\/2020\/11\/361.jpg","datePublished":"2020-11-24T11:59:45+00:00","dateModified":"2025-07-30T14:09:14+00:00","description":"VEL Bra\u0219ovul meu - Eugen Andronic","breadcrumb":{"@id":"https:\/\/inspiratio.ro\/produs\/brasovul-meu-eugen-andronic\/#breadcrumb"},"inLanguage":"en-US","potentialAction":[{"@type":"ReadAction","target":["https:\/\/inspiratio.ro\/produs\/brasovul-meu-eugen-andronic\/"]}]},{"@type":"ImageObject","inLanguage":"en-US","@id":"https:\/\/inspiratio.ro\/produs\/brasovul-meu-eugen-andronic\/#primaryimage","url":"https:\/\/inspiratio.ro\/wp-content\/uploads\/2020\/11\/361.jpg","contentUrl":"https:\/\/inspiratio.ro\/wp-content\/uploads\/2020\/11\/361.jpg","width":599,"height":600},{"@type":"BreadcrumbList","@id":"https:\/\/inspiratio.ro\/produs\/brasovul-meu-eugen-andronic\/#breadcrumb","itemListElement":[{"@type":"ListItem","position":1,"name":"Shop","item":"https:\/\/inspiratio.ro\/magazin-cadouri\/"},{"@type":"ListItem","position":2,"name":"VEL Bra\u0219ovul meu &#8211; Eugen Andronic"}]},{"@type":"WebSite","@id":"https:\/\/inspiratio.ro\/#website","url":"https:\/\/inspiratio.ro\/","name":"Inspiratio","description":"Las\u0103-te purtat de inspira\u021bie","publisher":{"@id":"https:\/\/inspiratio.ro\/#organization"},"potentialAction":[{"@type":"SearchAction","target":{"@type":"EntryPoint","urlTemplate":"https:\/\/inspiratio.ro\/?s={search_term_string}"},"query-input":{"@type":"PropertyValueSpecification","valueRequired":true,"valueName":"search_term_string"}}],"inLanguage":"en-US"},{"@type":"Organization","@id":"https:\/\/inspiratio.ro\/#organization","name":"Inspiratio","url":"https:\/\/inspiratio.ro\/","logo":{"@type":"ImageObject","inLanguage":"en-US","@id":"https:\/\/inspiratio.ro\/#\/schema\/logo\/image\/","url":"https:\/\/inspiratio.ro\/wp-content\/uploads\/2020\/06\/logo-inspiratio.png","contentUrl":"https:\/\/inspiratio.ro\/wp-content\/uploads\/2020\/06\/logo-inspiratio.png","width":232,"height":209,"caption":"Inspiratio"},"image":{"@id":"https:\/\/inspiratio.ro\/#\/schema\/logo\/image\/"},"sameAs":["https:\/\/www.facebook.com\/inspiratiogiftstudio\/","https:\/\/www.instagram.com\/inspiratio_giftstudio\/"]}]}},"brands":[{"id":84,"name":"Editura Vellant","slug":"editura-vellant"}],"_links":{"self":[{"href":"https:\/\/inspiratio.ro\/en\/wp-json\/wp\/v2\/product\/2486","targetHints":{"allow":["GET"]}}],"collection":[{"href":"https:\/\/inspiratio.ro\/en\/wp-json\/wp\/v2\/product"}],"about":[{"href":"https:\/\/inspiratio.ro\/en\/wp-json\/wp\/v2\/types\/product"}],"replies":[{"embeddable":true,"href":"https:\/\/inspiratio.ro\/en\/wp-json\/wp\/v2\/comments?post=2486"}],"wp:featuredmedia":[{"embeddable":true,"href":"https:\/\/inspiratio.ro\/en\/wp-json\/wp\/v2\/media\/1913"}],"wp:attachment":[{"href":"https:\/\/inspiratio.ro\/en\/wp-json\/wp\/v2\/media?parent=2486"}],"wp:term":[{"taxonomy":"pwb-brand","embeddable":true,"href":"https:\/\/inspiratio.ro\/en\/wp-json\/wp\/v2\/pwb-brand?post=2486"},{"taxonomy":"product_brand","embeddable":true,"href":"https:\/\/inspiratio.ro\/en\/wp-json\/wp\/v2\/product_brand?post=2486"},{"taxonomy":"product_cat","embeddable":true,"href":"https:\/\/inspiratio.ro\/en\/wp-json\/wp\/v2\/product_cat?post=2486"},{"taxonomy":"product_tag","embeddable":true,"href":"https:\/\/inspiratio.ro\/en\/wp-json\/wp\/v2\/product_tag?post=2486"}],"curies":[{"name":"wp","href":"https:\/\/api.w.org\/{rel}","templated":true}]}}