{"id":2484,"date":"2020-11-24T11:59:45","date_gmt":"2020-11-24T09:59:45","guid":{"rendered":"http:\/\/emiralmedia.ro\/site\/inspiratio\/produs\/pe-dos-poezii-cu-prostii-pentru-copiicarmen-tiderle\/"},"modified":"2021-12-16T13:19:40","modified_gmt":"2021-12-16T11:19:40","slug":"pe-dos-poezii-cu-prostii-pentru-copii-carmen-tiderle","status":"publish","type":"product","link":"https:\/\/inspiratio.ro\/en\/produs\/pe-dos-poezii-cu-prostii-pentru-copii-carmen-tiderle\/","title":{"rendered":"Pe dos &#8211; poezii cu prostii pentru copii &#8211; Carmen Tiderle"},"content":{"rendered":"<p>Cum \u00eei faci pe copii s\u0103 le plac\u0103 cititul? Simplu: scrii o carte care le place. Pui la un loc pisici, elefan\u0163i, un plasture, feti\u0163e \u015fi b\u0103ie\u0163i, \u0163\u00e2n\u0163ari, spanac, un rinocer, un caca, tatuaje, pe Mo\u015f Craciun, un Happy Meal, un capc\u0103un, ni\u015fte parin\u0163i \u015fi-un p\u00e2r\u0163, \u00eei \u00eentorci cu susu-n jos \u015fi vezi ce iese. Dac\u0103 mai adaugi \u015fi rime, ies ni\u015fte poezii cu prostii pentru copii, \u00een care o pisic\u0103, \u00een loc s\u0103 creasc\u0103, se face mai mic\u0103 \u015fi devine parazit, elefantul se satur\u0103 de leg\u0103nat \u015fi gone\u015fte prin ora\u015f \u00eentr-o motociclet\u0103 cu ata\u015f, o gum\u0103 se mestec\u0103 o s\u0103pt\u0103m\u00e2n\u0103, caruselul, \u00een loc de cai \u015fi de \u015farete, e dotat cu b\u0103ie\u0163i \u015fi fete, copiii caut\u0103 elixirul fericirii, \u00een loc s\u0103-nve\u0163e tabla \u00eenmul\u0163irii, iar ursul e m\u00e2ncat de mure. Dac\u0103 mai pui \u015fi multe idei ciudate, finaluri nea\u015fteptate \u015fi cele mai \u015fmechere ilustra\u0163ii\u2026 E, uite a\u015fa, \u00eei faci pe copii s\u0103 le plac\u0103 cititul.<\/p>\n","protected":false},"excerpt":{"rendered":"<p>Carte<\/p>\n","protected":false},"featured_media":2654,"comment_status":"closed","ping_status":"closed","template":"","meta":[],"pwb-brand":[84],"product_brand":[],"product_cat":[89,88,71],"product_tag":[],"class_list":{"0":"post-2484","1":"product","2":"type-product","3":"status-publish","4":"has-post-thumbnail","6":"pwb-brand-editura-vellant","7":"product_cat-cadouri-pentru-copii","8":"product_cat-categorie-carte","9":"product_cat-carte","11":"first","12":"instock","13":"taxable","14":"shipping-taxable","15":"purchasable","16":"product-type-simple"},"yoast_head":"<!-- This site is optimized with the Yoast SEO plugin v26.9 - https:\/\/yoast.com\/product\/yoast-seo-wordpress\/ -->\n<title>VEL Pe dos - poezii cu prostii pentru copii - Carmen Tiderle - Inspiratio<\/title>\n<meta name=\"robots\" content=\"index, follow, max-snippet:-1, max-image-preview:large, max-video-preview:-1\" \/>\n<link rel=\"canonical\" href=\"https:\/\/inspiratio.ro\/produs\/pe-dos-poezii-cu-prostii-pentru-copii-carmen-tiderle\/\" \/>\n<meta property=\"og:locale\" content=\"en_US\" \/>\n<meta property=\"og:type\" content=\"article\" \/>\n<meta property=\"og:title\" content=\"VEL Pe dos - poezii cu prostii pentru copii - Carmen Tiderle - Inspiratio\" \/>\n<meta property=\"og:description\" content=\"Carte\" \/>\n<meta property=\"og:url\" content=\"https:\/\/inspiratio.ro\/produs\/pe-dos-poezii-cu-prostii-pentru-copii-carmen-tiderle\/\" \/>\n<meta property=\"og:site_name\" content=\"Inspiratio\" \/>\n<meta property=\"article:publisher\" content=\"https:\/\/www.facebook.com\/inspiratiogiftstudio\/\" \/>\n<meta property=\"article:modified_time\" content=\"2021-12-16T11:19:40+00:00\" \/>\n<meta property=\"og:image\" content=\"https:\/\/inspiratio.ro\/wp-content\/uploads\/2020\/11\/353.jpeg\" \/>\n\t<meta property=\"og:image:width\" content=\"498\" \/>\n\t<meta property=\"og:image:height\" content=\"496\" \/>\n\t<meta property=\"og:image:type\" content=\"image\/jpeg\" \/>\n<meta name=\"twitter:card\" content=\"summary_large_image\" \/>\n<meta name=\"twitter:label1\" content=\"Est. reading time\" \/>\n\t<meta name=\"twitter:data1\" content=\"1 minute\" \/>\n<script type=\"application\/ld+json\" class=\"yoast-schema-graph\">{\"@context\":\"https:\/\/schema.org\",\"@graph\":[{\"@type\":\"WebPage\",\"@id\":\"https:\/\/inspiratio.ro\/produs\/pe-dos-poezii-cu-prostii-pentru-copii-carmen-tiderle\/\",\"url\":\"https:\/\/inspiratio.ro\/produs\/pe-dos-poezii-cu-prostii-pentru-copii-carmen-tiderle\/\",\"name\":\"VEL Pe dos - poezii cu prostii pentru copii - Carmen Tiderle - Inspiratio\",\"isPartOf\":{\"@id\":\"https:\/\/inspiratio.ro\/#website\"},\"primaryImageOfPage\":{\"@id\":\"https:\/\/inspiratio.ro\/produs\/pe-dos-poezii-cu-prostii-pentru-copii-carmen-tiderle\/#primaryimage\"},\"image\":{\"@id\":\"https:\/\/inspiratio.ro\/produs\/pe-dos-poezii-cu-prostii-pentru-copii-carmen-tiderle\/#primaryimage\"},\"thumbnailUrl\":\"https:\/\/inspiratio.ro\/wp-content\/uploads\/2020\/11\/353.jpeg\",\"datePublished\":\"2020-11-24T09:59:45+00:00\",\"dateModified\":\"2021-12-16T11:19:40+00:00\",\"breadcrumb\":{\"@id\":\"https:\/\/inspiratio.ro\/produs\/pe-dos-poezii-cu-prostii-pentru-copii-carmen-tiderle\/#breadcrumb\"},\"inLanguage\":\"en-US\",\"potentialAction\":[{\"@type\":\"ReadAction\",\"target\":[\"https:\/\/inspiratio.ro\/produs\/pe-dos-poezii-cu-prostii-pentru-copii-carmen-tiderle\/\"]}]},{\"@type\":\"ImageObject\",\"inLanguage\":\"en-US\",\"@id\":\"https:\/\/inspiratio.ro\/produs\/pe-dos-poezii-cu-prostii-pentru-copii-carmen-tiderle\/#primaryimage\",\"url\":\"https:\/\/inspiratio.ro\/wp-content\/uploads\/2020\/11\/353.jpeg\",\"contentUrl\":\"https:\/\/inspiratio.ro\/wp-content\/uploads\/2020\/11\/353.jpeg\",\"width\":498,\"height\":496},{\"@type\":\"BreadcrumbList\",\"@id\":\"https:\/\/inspiratio.ro\/produs\/pe-dos-poezii-cu-prostii-pentru-copii-carmen-tiderle\/#breadcrumb\",\"itemListElement\":[{\"@type\":\"ListItem\",\"position\":1,\"name\":\"Shop\",\"item\":\"https:\/\/inspiratio.ro\/magazin-cadouri\/\"},{\"@type\":\"ListItem\",\"position\":2,\"name\":\"VEL Pe dos &#8211; poezii cu prostii pentru copii &#8211; Carmen Tiderle\"}]},{\"@type\":\"WebSite\",\"@id\":\"https:\/\/inspiratio.ro\/#website\",\"url\":\"https:\/\/inspiratio.ro\/\",\"name\":\"Inspiratio\",\"description\":\"Las\u0103-te purtat de inspira\u021bie\",\"publisher\":{\"@id\":\"https:\/\/inspiratio.ro\/#organization\"},\"potentialAction\":[{\"@type\":\"SearchAction\",\"target\":{\"@type\":\"EntryPoint\",\"urlTemplate\":\"https:\/\/inspiratio.ro\/?s={search_term_string}\"},\"query-input\":{\"@type\":\"PropertyValueSpecification\",\"valueRequired\":true,\"valueName\":\"search_term_string\"}}],\"inLanguage\":\"en-US\"},{\"@type\":\"Organization\",\"@id\":\"https:\/\/inspiratio.ro\/#organization\",\"name\":\"Inspiratio\",\"url\":\"https:\/\/inspiratio.ro\/\",\"logo\":{\"@type\":\"ImageObject\",\"inLanguage\":\"en-US\",\"@id\":\"https:\/\/inspiratio.ro\/#\/schema\/logo\/image\/\",\"url\":\"https:\/\/inspiratio.ro\/wp-content\/uploads\/2020\/06\/logo-inspiratio.png\",\"contentUrl\":\"https:\/\/inspiratio.ro\/wp-content\/uploads\/2020\/06\/logo-inspiratio.png\",\"width\":232,\"height\":209,\"caption\":\"Inspiratio\"},\"image\":{\"@id\":\"https:\/\/inspiratio.ro\/#\/schema\/logo\/image\/\"},\"sameAs\":[\"https:\/\/www.facebook.com\/inspiratiogiftstudio\/\",\"https:\/\/www.instagram.com\/inspiratio_giftstudio\/\"]}]}<\/script>\n<!-- \/ Yoast SEO plugin. -->","yoast_head_json":{"title":"VEL Pe dos - poezii cu prostii pentru copii - Carmen Tiderle - Inspiratio","robots":{"index":"index","follow":"follow","max-snippet":"max-snippet:-1","max-image-preview":"max-image-preview:large","max-video-preview":"max-video-preview:-1"},"canonical":"https:\/\/inspiratio.ro\/produs\/pe-dos-poezii-cu-prostii-pentru-copii-carmen-tiderle\/","og_locale":"en_US","og_type":"article","og_title":"VEL Pe dos - poezii cu prostii pentru copii - Carmen Tiderle - Inspiratio","og_description":"Carte","og_url":"https:\/\/inspiratio.ro\/produs\/pe-dos-poezii-cu-prostii-pentru-copii-carmen-tiderle\/","og_site_name":"Inspiratio","article_publisher":"https:\/\/www.facebook.com\/inspiratiogiftstudio\/","article_modified_time":"2021-12-16T11:19:40+00:00","og_image":[{"width":498,"height":496,"url":"https:\/\/inspiratio.ro\/wp-content\/uploads\/2020\/11\/353.jpeg","type":"image\/jpeg"}],"twitter_card":"summary_large_image","twitter_misc":{"Est. reading time":"1 minute"},"schema":{"@context":"https:\/\/schema.org","@graph":[{"@type":"WebPage","@id":"https:\/\/inspiratio.ro\/produs\/pe-dos-poezii-cu-prostii-pentru-copii-carmen-tiderle\/","url":"https:\/\/inspiratio.ro\/produs\/pe-dos-poezii-cu-prostii-pentru-copii-carmen-tiderle\/","name":"VEL Pe dos - poezii cu prostii pentru copii - Carmen Tiderle - Inspiratio","isPartOf":{"@id":"https:\/\/inspiratio.ro\/#website"},"primaryImageOfPage":{"@id":"https:\/\/inspiratio.ro\/produs\/pe-dos-poezii-cu-prostii-pentru-copii-carmen-tiderle\/#primaryimage"},"image":{"@id":"https:\/\/inspiratio.ro\/produs\/pe-dos-poezii-cu-prostii-pentru-copii-carmen-tiderle\/#primaryimage"},"thumbnailUrl":"https:\/\/inspiratio.ro\/wp-content\/uploads\/2020\/11\/353.jpeg","datePublished":"2020-11-24T09:59:45+00:00","dateModified":"2021-12-16T11:19:40+00:00","breadcrumb":{"@id":"https:\/\/inspiratio.ro\/produs\/pe-dos-poezii-cu-prostii-pentru-copii-carmen-tiderle\/#breadcrumb"},"inLanguage":"en-US","potentialAction":[{"@type":"ReadAction","target":["https:\/\/inspiratio.ro\/produs\/pe-dos-poezii-cu-prostii-pentru-copii-carmen-tiderle\/"]}]},{"@type":"ImageObject","inLanguage":"en-US","@id":"https:\/\/inspiratio.ro\/produs\/pe-dos-poezii-cu-prostii-pentru-copii-carmen-tiderle\/#primaryimage","url":"https:\/\/inspiratio.ro\/wp-content\/uploads\/2020\/11\/353.jpeg","contentUrl":"https:\/\/inspiratio.ro\/wp-content\/uploads\/2020\/11\/353.jpeg","width":498,"height":496},{"@type":"BreadcrumbList","@id":"https:\/\/inspiratio.ro\/produs\/pe-dos-poezii-cu-prostii-pentru-copii-carmen-tiderle\/#breadcrumb","itemListElement":[{"@type":"ListItem","position":1,"name":"Shop","item":"https:\/\/inspiratio.ro\/magazin-cadouri\/"},{"@type":"ListItem","position":2,"name":"VEL Pe dos &#8211; poezii cu prostii pentru copii &#8211; Carmen Tiderle"}]},{"@type":"WebSite","@id":"https:\/\/inspiratio.ro\/#website","url":"https:\/\/inspiratio.ro\/","name":"Inspiratio","description":"Las\u0103-te purtat de inspira\u021bie","publisher":{"@id":"https:\/\/inspiratio.ro\/#organization"},"potentialAction":[{"@type":"SearchAction","target":{"@type":"EntryPoint","urlTemplate":"https:\/\/inspiratio.ro\/?s={search_term_string}"},"query-input":{"@type":"PropertyValueSpecification","valueRequired":true,"valueName":"search_term_string"}}],"inLanguage":"en-US"},{"@type":"Organization","@id":"https:\/\/inspiratio.ro\/#organization","name":"Inspiratio","url":"https:\/\/inspiratio.ro\/","logo":{"@type":"ImageObject","inLanguage":"en-US","@id":"https:\/\/inspiratio.ro\/#\/schema\/logo\/image\/","url":"https:\/\/inspiratio.ro\/wp-content\/uploads\/2020\/06\/logo-inspiratio.png","contentUrl":"https:\/\/inspiratio.ro\/wp-content\/uploads\/2020\/06\/logo-inspiratio.png","width":232,"height":209,"caption":"Inspiratio"},"image":{"@id":"https:\/\/inspiratio.ro\/#\/schema\/logo\/image\/"},"sameAs":["https:\/\/www.facebook.com\/inspiratiogiftstudio\/","https:\/\/www.instagram.com\/inspiratio_giftstudio\/"]}]}},"brands":[{"id":84,"name":"Editura Vellant","slug":"editura-vellant"}],"_links":{"self":[{"href":"https:\/\/inspiratio.ro\/en\/wp-json\/wp\/v2\/product\/2484","targetHints":{"allow":["GET"]}}],"collection":[{"href":"https:\/\/inspiratio.ro\/en\/wp-json\/wp\/v2\/product"}],"about":[{"href":"https:\/\/inspiratio.ro\/en\/wp-json\/wp\/v2\/types\/product"}],"replies":[{"embeddable":true,"href":"https:\/\/inspiratio.ro\/en\/wp-json\/wp\/v2\/comments?post=2484"}],"wp:featuredmedia":[{"embeddable":true,"href":"https:\/\/inspiratio.ro\/en\/wp-json\/wp\/v2\/media\/2654"}],"wp:attachment":[{"href":"https:\/\/inspiratio.ro\/en\/wp-json\/wp\/v2\/media?parent=2484"}],"wp:term":[{"taxonomy":"pwb-brand","embeddable":true,"href":"https:\/\/inspiratio.ro\/en\/wp-json\/wp\/v2\/pwb-brand?post=2484"},{"taxonomy":"product_brand","embeddable":true,"href":"https:\/\/inspiratio.ro\/en\/wp-json\/wp\/v2\/product_brand?post=2484"},{"taxonomy":"product_cat","embeddable":true,"href":"https:\/\/inspiratio.ro\/en\/wp-json\/wp\/v2\/product_cat?post=2484"},{"taxonomy":"product_tag","embeddable":true,"href":"https:\/\/inspiratio.ro\/en\/wp-json\/wp\/v2\/product_tag?post=2484"}],"curies":[{"name":"wp","href":"https:\/\/api.w.org\/{rel}","templated":true}]}}