{"id":2439,"date":"2020-11-24T11:59:36","date_gmt":"2020-11-24T11:59:36","guid":{"rendered":"http:\/\/emiralmedia.ro\/site\/inspiratio\/produs\/bluza-tricotata-dungi-sweet-caprice\/"},"modified":"2022-02-04T22:01:05","modified_gmt":"2022-02-04T20:01:05","slug":"bluza-tricotata-dungi-sweet-caprice","status":"publish","type":"product","link":"https:\/\/inspiratio.ro\/en\/produs\/bluza-tricotata-dungi-sweet-caprice\/","title":{"rendered":"Bluz\u0103 tricotat\u0103 cu dungi Sweet Caprice"},"content":{"rendered":"<p style=\"margin-top: 0cm;\">Bluz\u0103 tricotat\u0103 fin, din bumbac \u0219i l\u00e2n\u0103 merinos extrafin\u0103.<\/p>\n<p style=\"margin-top: 0cm;\">M\u0103sur\u0103 unic\u0103, potrivit\u0103 m\u0103rimilor S-L. Se a\u0219eaz\u0103 u\u0219or oversized pentru m\u0103surile S \u0219i M.<\/p>\n<p style=\"margin-top: 0cm;\">Modelul din fotografii are 1,72 m \u00een\u0103l\u021bime \u0219i 61 de kg.<\/p>\n<p style=\"margin-top: 0cm;\">Compozi\u021bie: 70% bumbac, 30% l\u0103n\u0103 merinos extrafin\u0103.<\/p>\n<p style=\"margin-top: 0cm;\">100% natural, lucrat \u00een Rom\u00e2nia.<\/p>\n<p style=\"margin-top: 0cm;\">Aceast\u0103 bluz\u0103 se poate cur\u0103\u021ba \u00een ma\u0219ina de sp\u0103lat, \u00eempreun\u0103 cu alte produse \u00een nuan\u021be similare, aleg\u00e2nd un program de sp\u0103lare delicat\u0103.<\/p>\n","protected":false},"excerpt":{"rendered":"<p>Bluz\u0103<\/p>\n","protected":false},"featured_media":1815,"comment_status":"closed","ping_status":"closed","template":"","meta":[],"pwb-brand":[21],"product_brand":[],"product_cat":[87,17],"product_tag":[],"class_list":{"0":"post-2439","1":"product","2":"type-product","3":"status-publish","4":"has-post-thumbnail","6":"pwb-brand-verlinne","7":"product_cat-to-wear","8":"product_cat-haine-si-accesorii","9":"pa_culoare-alb-miere","10":"pa_marime-one-size","12":"first","13":"instock","14":"taxable","15":"shipping-taxable","16":"purchasable","17":"product-type-simple"},"yoast_head":"<!-- This site is optimized with the Yoast SEO plugin v26.9 - https:\/\/yoast.com\/product\/yoast-seo-wordpress\/ -->\n<title>VER Bluz\u0103 tricotat\u0103 cu dungi Sweet Caprice - Inspiratio<\/title>\n<meta name=\"robots\" content=\"index, follow, max-snippet:-1, max-image-preview:large, max-video-preview:-1\" \/>\n<link rel=\"canonical\" href=\"https:\/\/inspiratio.ro\/produs\/bluza-tricotata-dungi-sweet-caprice\/\" \/>\n<meta property=\"og:locale\" content=\"en_US\" \/>\n<meta property=\"og:type\" content=\"article\" \/>\n<meta property=\"og:title\" content=\"VER Bluz\u0103 tricotat\u0103 cu dungi Sweet Caprice - Inspiratio\" \/>\n<meta property=\"og:description\" content=\"Bluz\u0103\" \/>\n<meta property=\"og:url\" content=\"https:\/\/inspiratio.ro\/produs\/bluza-tricotata-dungi-sweet-caprice\/\" \/>\n<meta property=\"og:site_name\" content=\"Inspiratio\" \/>\n<meta property=\"article:publisher\" content=\"https:\/\/www.facebook.com\/inspiratiogiftstudio\/\" \/>\n<meta property=\"article:modified_time\" content=\"2022-02-04T20:01:05+00:00\" \/>\n<meta property=\"og:image\" content=\"https:\/\/inspiratio.ro\/wp-content\/uploads\/2020\/11\/453.jpg\" \/>\n\t<meta property=\"og:image:width\" content=\"801\" \/>\n\t<meta property=\"og:image:height\" content=\"1200\" \/>\n\t<meta property=\"og:image:type\" content=\"image\/jpeg\" \/>\n<meta name=\"twitter:card\" content=\"summary_large_image\" \/>\n<script type=\"application\/ld+json\" class=\"yoast-schema-graph\">{\"@context\":\"https:\/\/schema.org\",\"@graph\":[{\"@type\":\"WebPage\",\"@id\":\"https:\/\/inspiratio.ro\/produs\/bluza-tricotata-dungi-sweet-caprice\/\",\"url\":\"https:\/\/inspiratio.ro\/produs\/bluza-tricotata-dungi-sweet-caprice\/\",\"name\":\"VER Bluz\u0103 tricotat\u0103 cu dungi Sweet Caprice - Inspiratio\",\"isPartOf\":{\"@id\":\"https:\/\/inspiratio.ro\/#website\"},\"primaryImageOfPage\":{\"@id\":\"https:\/\/inspiratio.ro\/produs\/bluza-tricotata-dungi-sweet-caprice\/#primaryimage\"},\"image\":{\"@id\":\"https:\/\/inspiratio.ro\/produs\/bluza-tricotata-dungi-sweet-caprice\/#primaryimage\"},\"thumbnailUrl\":\"https:\/\/inspiratio.ro\/wp-content\/uploads\/2020\/11\/453.jpg\",\"datePublished\":\"2020-11-24T11:59:36+00:00\",\"dateModified\":\"2022-02-04T20:01:05+00:00\",\"breadcrumb\":{\"@id\":\"https:\/\/inspiratio.ro\/produs\/bluza-tricotata-dungi-sweet-caprice\/#breadcrumb\"},\"inLanguage\":\"en-US\",\"potentialAction\":[{\"@type\":\"ReadAction\",\"target\":[\"https:\/\/inspiratio.ro\/produs\/bluza-tricotata-dungi-sweet-caprice\/\"]}]},{\"@type\":\"ImageObject\",\"inLanguage\":\"en-US\",\"@id\":\"https:\/\/inspiratio.ro\/produs\/bluza-tricotata-dungi-sweet-caprice\/#primaryimage\",\"url\":\"https:\/\/inspiratio.ro\/wp-content\/uploads\/2020\/11\/453.jpg\",\"contentUrl\":\"https:\/\/inspiratio.ro\/wp-content\/uploads\/2020\/11\/453.jpg\",\"width\":801,\"height\":1200},{\"@type\":\"BreadcrumbList\",\"@id\":\"https:\/\/inspiratio.ro\/produs\/bluza-tricotata-dungi-sweet-caprice\/#breadcrumb\",\"itemListElement\":[{\"@type\":\"ListItem\",\"position\":1,\"name\":\"Shop\",\"item\":\"https:\/\/inspiratio.ro\/magazin-cadouri\/\"},{\"@type\":\"ListItem\",\"position\":2,\"name\":\"Bluz\u0103 tricotat\u0103 cu dungi Sweet Caprice\"}]},{\"@type\":\"WebSite\",\"@id\":\"https:\/\/inspiratio.ro\/#website\",\"url\":\"https:\/\/inspiratio.ro\/\",\"name\":\"Inspiratio\",\"description\":\"Las\u0103-te purtat de inspira\u021bie\",\"publisher\":{\"@id\":\"https:\/\/inspiratio.ro\/#organization\"},\"potentialAction\":[{\"@type\":\"SearchAction\",\"target\":{\"@type\":\"EntryPoint\",\"urlTemplate\":\"https:\/\/inspiratio.ro\/?s={search_term_string}\"},\"query-input\":{\"@type\":\"PropertyValueSpecification\",\"valueRequired\":true,\"valueName\":\"search_term_string\"}}],\"inLanguage\":\"en-US\"},{\"@type\":\"Organization\",\"@id\":\"https:\/\/inspiratio.ro\/#organization\",\"name\":\"Inspiratio\",\"url\":\"https:\/\/inspiratio.ro\/\",\"logo\":{\"@type\":\"ImageObject\",\"inLanguage\":\"en-US\",\"@id\":\"https:\/\/inspiratio.ro\/#\/schema\/logo\/image\/\",\"url\":\"https:\/\/inspiratio.ro\/wp-content\/uploads\/2020\/06\/logo-inspiratio.png\",\"contentUrl\":\"https:\/\/inspiratio.ro\/wp-content\/uploads\/2020\/06\/logo-inspiratio.png\",\"width\":232,\"height\":209,\"caption\":\"Inspiratio\"},\"image\":{\"@id\":\"https:\/\/inspiratio.ro\/#\/schema\/logo\/image\/\"},\"sameAs\":[\"https:\/\/www.facebook.com\/inspiratiogiftstudio\/\",\"https:\/\/www.instagram.com\/inspiratio_giftstudio\/\"]}]}<\/script>\n<!-- \/ Yoast SEO plugin. -->","yoast_head_json":{"title":"VER Bluz\u0103 tricotat\u0103 cu dungi Sweet Caprice - Inspiratio","robots":{"index":"index","follow":"follow","max-snippet":"max-snippet:-1","max-image-preview":"max-image-preview:large","max-video-preview":"max-video-preview:-1"},"canonical":"https:\/\/inspiratio.ro\/produs\/bluza-tricotata-dungi-sweet-caprice\/","og_locale":"en_US","og_type":"article","og_title":"VER Bluz\u0103 tricotat\u0103 cu dungi Sweet Caprice - Inspiratio","og_description":"Bluz\u0103","og_url":"https:\/\/inspiratio.ro\/produs\/bluza-tricotata-dungi-sweet-caprice\/","og_site_name":"Inspiratio","article_publisher":"https:\/\/www.facebook.com\/inspiratiogiftstudio\/","article_modified_time":"2022-02-04T20:01:05+00:00","og_image":[{"width":801,"height":1200,"url":"https:\/\/inspiratio.ro\/wp-content\/uploads\/2020\/11\/453.jpg","type":"image\/jpeg"}],"twitter_card":"summary_large_image","schema":{"@context":"https:\/\/schema.org","@graph":[{"@type":"WebPage","@id":"https:\/\/inspiratio.ro\/produs\/bluza-tricotata-dungi-sweet-caprice\/","url":"https:\/\/inspiratio.ro\/produs\/bluza-tricotata-dungi-sweet-caprice\/","name":"VER Bluz\u0103 tricotat\u0103 cu dungi Sweet Caprice - Inspiratio","isPartOf":{"@id":"https:\/\/inspiratio.ro\/#website"},"primaryImageOfPage":{"@id":"https:\/\/inspiratio.ro\/produs\/bluza-tricotata-dungi-sweet-caprice\/#primaryimage"},"image":{"@id":"https:\/\/inspiratio.ro\/produs\/bluza-tricotata-dungi-sweet-caprice\/#primaryimage"},"thumbnailUrl":"https:\/\/inspiratio.ro\/wp-content\/uploads\/2020\/11\/453.jpg","datePublished":"2020-11-24T11:59:36+00:00","dateModified":"2022-02-04T20:01:05+00:00","breadcrumb":{"@id":"https:\/\/inspiratio.ro\/produs\/bluza-tricotata-dungi-sweet-caprice\/#breadcrumb"},"inLanguage":"en-US","potentialAction":[{"@type":"ReadAction","target":["https:\/\/inspiratio.ro\/produs\/bluza-tricotata-dungi-sweet-caprice\/"]}]},{"@type":"ImageObject","inLanguage":"en-US","@id":"https:\/\/inspiratio.ro\/produs\/bluza-tricotata-dungi-sweet-caprice\/#primaryimage","url":"https:\/\/inspiratio.ro\/wp-content\/uploads\/2020\/11\/453.jpg","contentUrl":"https:\/\/inspiratio.ro\/wp-content\/uploads\/2020\/11\/453.jpg","width":801,"height":1200},{"@type":"BreadcrumbList","@id":"https:\/\/inspiratio.ro\/produs\/bluza-tricotata-dungi-sweet-caprice\/#breadcrumb","itemListElement":[{"@type":"ListItem","position":1,"name":"Shop","item":"https:\/\/inspiratio.ro\/magazin-cadouri\/"},{"@type":"ListItem","position":2,"name":"Bluz\u0103 tricotat\u0103 cu dungi Sweet Caprice"}]},{"@type":"WebSite","@id":"https:\/\/inspiratio.ro\/#website","url":"https:\/\/inspiratio.ro\/","name":"Inspiratio","description":"Las\u0103-te purtat de inspira\u021bie","publisher":{"@id":"https:\/\/inspiratio.ro\/#organization"},"potentialAction":[{"@type":"SearchAction","target":{"@type":"EntryPoint","urlTemplate":"https:\/\/inspiratio.ro\/?s={search_term_string}"},"query-input":{"@type":"PropertyValueSpecification","valueRequired":true,"valueName":"search_term_string"}}],"inLanguage":"en-US"},{"@type":"Organization","@id":"https:\/\/inspiratio.ro\/#organization","name":"Inspiratio","url":"https:\/\/inspiratio.ro\/","logo":{"@type":"ImageObject","inLanguage":"en-US","@id":"https:\/\/inspiratio.ro\/#\/schema\/logo\/image\/","url":"https:\/\/inspiratio.ro\/wp-content\/uploads\/2020\/06\/logo-inspiratio.png","contentUrl":"https:\/\/inspiratio.ro\/wp-content\/uploads\/2020\/06\/logo-inspiratio.png","width":232,"height":209,"caption":"Inspiratio"},"image":{"@id":"https:\/\/inspiratio.ro\/#\/schema\/logo\/image\/"},"sameAs":["https:\/\/www.facebook.com\/inspiratiogiftstudio\/","https:\/\/www.instagram.com\/inspiratio_giftstudio\/"]}]}},"brands":[{"id":21,"name":"Verlinne","slug":"verlinne"}],"_links":{"self":[{"href":"https:\/\/inspiratio.ro\/en\/wp-json\/wp\/v2\/product\/2439","targetHints":{"allow":["GET"]}}],"collection":[{"href":"https:\/\/inspiratio.ro\/en\/wp-json\/wp\/v2\/product"}],"about":[{"href":"https:\/\/inspiratio.ro\/en\/wp-json\/wp\/v2\/types\/product"}],"replies":[{"embeddable":true,"href":"https:\/\/inspiratio.ro\/en\/wp-json\/wp\/v2\/comments?post=2439"}],"wp:featuredmedia":[{"embeddable":true,"href":"https:\/\/inspiratio.ro\/en\/wp-json\/wp\/v2\/media\/1815"}],"wp:attachment":[{"href":"https:\/\/inspiratio.ro\/en\/wp-json\/wp\/v2\/media?parent=2439"}],"wp:term":[{"taxonomy":"pwb-brand","embeddable":true,"href":"https:\/\/inspiratio.ro\/en\/wp-json\/wp\/v2\/pwb-brand?post=2439"},{"taxonomy":"product_brand","embeddable":true,"href":"https:\/\/inspiratio.ro\/en\/wp-json\/wp\/v2\/product_brand?post=2439"},{"taxonomy":"product_cat","embeddable":true,"href":"https:\/\/inspiratio.ro\/en\/wp-json\/wp\/v2\/product_cat?post=2439"},{"taxonomy":"product_tag","embeddable":true,"href":"https:\/\/inspiratio.ro\/en\/wp-json\/wp\/v2\/product_tag?post=2439"}],"curies":[{"name":"wp","href":"https:\/\/api.w.org\/{rel}","templated":true}]}}