{"id":2402,"date":"2020-11-24T11:59:28","date_gmt":"2020-11-24T11:59:28","guid":{"rendered":"http:\/\/emiralmedia.ro\/site\/inspiratio\/produs\/die-osmanischen-teppiche-der-schwarzen-kirche\/"},"modified":"2025-07-25T12:57:38","modified_gmt":"2025-07-25T09:57:38","slug":"die-osmanischen-teppiche-der-schwarzen-kirche","status":"publish","type":"product","link":"https:\/\/inspiratio.ro\/en\/produs\/die-osmanischen-teppiche-der-schwarzen-kirche\/","title":{"rendered":"Die osmanischen Teppiche der Schwarzen Kirche"},"content":{"rendered":"<p>Fascinantul lot de covoare otomane al Bisericii Negre este renumit pe plan mondial. Aceast\u0103 nou\u0103 publica\u021bie prezint\u0103 exemple selectate pentru cele mai importante tipuri de covoare. Mai mult, ea transmite o nou\u0103 perspectiv\u0103 privind modul \u00een care au fost folosite ini\u021bial covoarele otomane \u00een cultura s\u0103seasc\u0103 \u0219i explic\u0103 de ce au supravie\u021buit aici at\u00e2tea secole. Bro\u0219ura este disponibil\u0103 \u0219i \u00een limba rom\u00e2n\u0103.<\/p>\n<p>Autori: \u00c1gnes Ziegler \u0219i Frank-Thomas Ziegler<br \/>\nBra\u0219ov, 2019<br \/>\nEditura Foton<br \/>\nDimensiune: 23\u00a0x 15 cm<br \/>\nMaterial: copert\u0103 din carton mat; filele de interior, din h\u00e2rtie semi-lucioas\u0103<br \/>\nNum\u0103r pagini: 61<\/p>\n","protected":false},"excerpt":{"rendered":"<p>Bro\u0219ur\u0103<\/p>\n","protected":false},"featured_media":1707,"comment_status":"closed","ping_status":"closed","template":"","meta":[],"pwb-brand":[81],"product_brand":[],"product_cat":[82],"product_tag":[],"class_list":{"0":"post-2402","1":"product","2":"type-product","3":"status-publish","4":"has-post-thumbnail","6":"pwb-brand-biserica-neagra","7":"product_cat-suveniruri-biserica-neagra","9":"first","10":"instock","11":"taxable","12":"shipping-taxable","13":"purchasable","14":"product-type-simple"},"yoast_head":"<!-- This site is optimized with the Yoast SEO plugin v26.9 - https:\/\/yoast.com\/product\/yoast-seo-wordpress\/ -->\n<title>BNE Die osmanischen Teppiche der Schwarzen Kirche - Inspiratio<\/title>\n<meta name=\"robots\" content=\"index, follow, max-snippet:-1, max-image-preview:large, max-video-preview:-1\" \/>\n<link rel=\"canonical\" href=\"https:\/\/inspiratio.ro\/produs\/die-osmanischen-teppiche-der-schwarzen-kirche\/\" \/>\n<meta property=\"og:locale\" content=\"en_US\" \/>\n<meta property=\"og:type\" content=\"article\" \/>\n<meta property=\"og:title\" content=\"BNE Die osmanischen Teppiche der Schwarzen Kirche - Inspiratio\" \/>\n<meta property=\"og:description\" content=\"Bro\u0219ur\u0103\" \/>\n<meta property=\"og:url\" content=\"https:\/\/inspiratio.ro\/produs\/die-osmanischen-teppiche-der-schwarzen-kirche\/\" \/>\n<meta property=\"og:site_name\" content=\"Inspiratio\" \/>\n<meta property=\"article:publisher\" content=\"https:\/\/www.facebook.com\/inspiratiogiftstudio\/\" \/>\n<meta property=\"article:modified_time\" content=\"2025-07-25T09:57:38+00:00\" \/>\n<meta property=\"og:image\" content=\"https:\/\/inspiratio.ro\/wp-content\/uploads\/2020\/11\/313.jpg\" \/>\n\t<meta property=\"og:image:width\" content=\"762\" \/>\n\t<meta property=\"og:image:height\" content=\"1120\" \/>\n\t<meta property=\"og:image:type\" content=\"image\/jpeg\" \/>\n<meta name=\"twitter:card\" content=\"summary_large_image\" \/>\n<script type=\"application\/ld+json\" class=\"yoast-schema-graph\">{\"@context\":\"https:\/\/schema.org\",\"@graph\":[{\"@type\":\"WebPage\",\"@id\":\"https:\/\/inspiratio.ro\/produs\/die-osmanischen-teppiche-der-schwarzen-kirche\/\",\"url\":\"https:\/\/inspiratio.ro\/produs\/die-osmanischen-teppiche-der-schwarzen-kirche\/\",\"name\":\"BNE Die osmanischen Teppiche der Schwarzen Kirche - Inspiratio\",\"isPartOf\":{\"@id\":\"https:\/\/inspiratio.ro\/#website\"},\"primaryImageOfPage\":{\"@id\":\"https:\/\/inspiratio.ro\/produs\/die-osmanischen-teppiche-der-schwarzen-kirche\/#primaryimage\"},\"image\":{\"@id\":\"https:\/\/inspiratio.ro\/produs\/die-osmanischen-teppiche-der-schwarzen-kirche\/#primaryimage\"},\"thumbnailUrl\":\"https:\/\/inspiratio.ro\/wp-content\/uploads\/2020\/11\/313.jpg\",\"datePublished\":\"2020-11-24T11:59:28+00:00\",\"dateModified\":\"2025-07-25T09:57:38+00:00\",\"breadcrumb\":{\"@id\":\"https:\/\/inspiratio.ro\/produs\/die-osmanischen-teppiche-der-schwarzen-kirche\/#breadcrumb\"},\"inLanguage\":\"en-US\",\"potentialAction\":[{\"@type\":\"ReadAction\",\"target\":[\"https:\/\/inspiratio.ro\/produs\/die-osmanischen-teppiche-der-schwarzen-kirche\/\"]}]},{\"@type\":\"ImageObject\",\"inLanguage\":\"en-US\",\"@id\":\"https:\/\/inspiratio.ro\/produs\/die-osmanischen-teppiche-der-schwarzen-kirche\/#primaryimage\",\"url\":\"https:\/\/inspiratio.ro\/wp-content\/uploads\/2020\/11\/313.jpg\",\"contentUrl\":\"https:\/\/inspiratio.ro\/wp-content\/uploads\/2020\/11\/313.jpg\",\"width\":762,\"height\":1120},{\"@type\":\"BreadcrumbList\",\"@id\":\"https:\/\/inspiratio.ro\/produs\/die-osmanischen-teppiche-der-schwarzen-kirche\/#breadcrumb\",\"itemListElement\":[{\"@type\":\"ListItem\",\"position\":1,\"name\":\"Shop\",\"item\":\"https:\/\/inspiratio.ro\/magazin-cadouri\/\"},{\"@type\":\"ListItem\",\"position\":2,\"name\":\"BNE Die osmanischen Teppiche der Schwarzen Kirche\"}]},{\"@type\":\"WebSite\",\"@id\":\"https:\/\/inspiratio.ro\/#website\",\"url\":\"https:\/\/inspiratio.ro\/\",\"name\":\"Inspiratio\",\"description\":\"Las\u0103-te purtat de inspira\u021bie\",\"publisher\":{\"@id\":\"https:\/\/inspiratio.ro\/#organization\"},\"potentialAction\":[{\"@type\":\"SearchAction\",\"target\":{\"@type\":\"EntryPoint\",\"urlTemplate\":\"https:\/\/inspiratio.ro\/?s={search_term_string}\"},\"query-input\":{\"@type\":\"PropertyValueSpecification\",\"valueRequired\":true,\"valueName\":\"search_term_string\"}}],\"inLanguage\":\"en-US\"},{\"@type\":\"Organization\",\"@id\":\"https:\/\/inspiratio.ro\/#organization\",\"name\":\"Inspiratio\",\"url\":\"https:\/\/inspiratio.ro\/\",\"logo\":{\"@type\":\"ImageObject\",\"inLanguage\":\"en-US\",\"@id\":\"https:\/\/inspiratio.ro\/#\/schema\/logo\/image\/\",\"url\":\"https:\/\/inspiratio.ro\/wp-content\/uploads\/2020\/06\/logo-inspiratio.png\",\"contentUrl\":\"https:\/\/inspiratio.ro\/wp-content\/uploads\/2020\/06\/logo-inspiratio.png\",\"width\":232,\"height\":209,\"caption\":\"Inspiratio\"},\"image\":{\"@id\":\"https:\/\/inspiratio.ro\/#\/schema\/logo\/image\/\"},\"sameAs\":[\"https:\/\/www.facebook.com\/inspiratiogiftstudio\/\",\"https:\/\/www.instagram.com\/inspiratio_giftstudio\/\"]}]}<\/script>\n<!-- \/ Yoast SEO plugin. -->","yoast_head_json":{"title":"BNE Die osmanischen Teppiche der Schwarzen Kirche - Inspiratio","robots":{"index":"index","follow":"follow","max-snippet":"max-snippet:-1","max-image-preview":"max-image-preview:large","max-video-preview":"max-video-preview:-1"},"canonical":"https:\/\/inspiratio.ro\/produs\/die-osmanischen-teppiche-der-schwarzen-kirche\/","og_locale":"en_US","og_type":"article","og_title":"BNE Die osmanischen Teppiche der Schwarzen Kirche - Inspiratio","og_description":"Bro\u0219ur\u0103","og_url":"https:\/\/inspiratio.ro\/produs\/die-osmanischen-teppiche-der-schwarzen-kirche\/","og_site_name":"Inspiratio","article_publisher":"https:\/\/www.facebook.com\/inspiratiogiftstudio\/","article_modified_time":"2025-07-25T09:57:38+00:00","og_image":[{"width":762,"height":1120,"url":"https:\/\/inspiratio.ro\/wp-content\/uploads\/2020\/11\/313.jpg","type":"image\/jpeg"}],"twitter_card":"summary_large_image","schema":{"@context":"https:\/\/schema.org","@graph":[{"@type":"WebPage","@id":"https:\/\/inspiratio.ro\/produs\/die-osmanischen-teppiche-der-schwarzen-kirche\/","url":"https:\/\/inspiratio.ro\/produs\/die-osmanischen-teppiche-der-schwarzen-kirche\/","name":"BNE Die osmanischen Teppiche der Schwarzen Kirche - Inspiratio","isPartOf":{"@id":"https:\/\/inspiratio.ro\/#website"},"primaryImageOfPage":{"@id":"https:\/\/inspiratio.ro\/produs\/die-osmanischen-teppiche-der-schwarzen-kirche\/#primaryimage"},"image":{"@id":"https:\/\/inspiratio.ro\/produs\/die-osmanischen-teppiche-der-schwarzen-kirche\/#primaryimage"},"thumbnailUrl":"https:\/\/inspiratio.ro\/wp-content\/uploads\/2020\/11\/313.jpg","datePublished":"2020-11-24T11:59:28+00:00","dateModified":"2025-07-25T09:57:38+00:00","breadcrumb":{"@id":"https:\/\/inspiratio.ro\/produs\/die-osmanischen-teppiche-der-schwarzen-kirche\/#breadcrumb"},"inLanguage":"en-US","potentialAction":[{"@type":"ReadAction","target":["https:\/\/inspiratio.ro\/produs\/die-osmanischen-teppiche-der-schwarzen-kirche\/"]}]},{"@type":"ImageObject","inLanguage":"en-US","@id":"https:\/\/inspiratio.ro\/produs\/die-osmanischen-teppiche-der-schwarzen-kirche\/#primaryimage","url":"https:\/\/inspiratio.ro\/wp-content\/uploads\/2020\/11\/313.jpg","contentUrl":"https:\/\/inspiratio.ro\/wp-content\/uploads\/2020\/11\/313.jpg","width":762,"height":1120},{"@type":"BreadcrumbList","@id":"https:\/\/inspiratio.ro\/produs\/die-osmanischen-teppiche-der-schwarzen-kirche\/#breadcrumb","itemListElement":[{"@type":"ListItem","position":1,"name":"Shop","item":"https:\/\/inspiratio.ro\/magazin-cadouri\/"},{"@type":"ListItem","position":2,"name":"BNE Die osmanischen Teppiche der Schwarzen Kirche"}]},{"@type":"WebSite","@id":"https:\/\/inspiratio.ro\/#website","url":"https:\/\/inspiratio.ro\/","name":"Inspiratio","description":"Las\u0103-te purtat de inspira\u021bie","publisher":{"@id":"https:\/\/inspiratio.ro\/#organization"},"potentialAction":[{"@type":"SearchAction","target":{"@type":"EntryPoint","urlTemplate":"https:\/\/inspiratio.ro\/?s={search_term_string}"},"query-input":{"@type":"PropertyValueSpecification","valueRequired":true,"valueName":"search_term_string"}}],"inLanguage":"en-US"},{"@type":"Organization","@id":"https:\/\/inspiratio.ro\/#organization","name":"Inspiratio","url":"https:\/\/inspiratio.ro\/","logo":{"@type":"ImageObject","inLanguage":"en-US","@id":"https:\/\/inspiratio.ro\/#\/schema\/logo\/image\/","url":"https:\/\/inspiratio.ro\/wp-content\/uploads\/2020\/06\/logo-inspiratio.png","contentUrl":"https:\/\/inspiratio.ro\/wp-content\/uploads\/2020\/06\/logo-inspiratio.png","width":232,"height":209,"caption":"Inspiratio"},"image":{"@id":"https:\/\/inspiratio.ro\/#\/schema\/logo\/image\/"},"sameAs":["https:\/\/www.facebook.com\/inspiratiogiftstudio\/","https:\/\/www.instagram.com\/inspiratio_giftstudio\/"]}]}},"brands":[{"id":81,"name":"Biserica Neagr\u0103","slug":"biserica-neagra"}],"_links":{"self":[{"href":"https:\/\/inspiratio.ro\/en\/wp-json\/wp\/v2\/product\/2402","targetHints":{"allow":["GET"]}}],"collection":[{"href":"https:\/\/inspiratio.ro\/en\/wp-json\/wp\/v2\/product"}],"about":[{"href":"https:\/\/inspiratio.ro\/en\/wp-json\/wp\/v2\/types\/product"}],"replies":[{"embeddable":true,"href":"https:\/\/inspiratio.ro\/en\/wp-json\/wp\/v2\/comments?post=2402"}],"wp:featuredmedia":[{"embeddable":true,"href":"https:\/\/inspiratio.ro\/en\/wp-json\/wp\/v2\/media\/1707"}],"wp:attachment":[{"href":"https:\/\/inspiratio.ro\/en\/wp-json\/wp\/v2\/media?parent=2402"}],"wp:term":[{"taxonomy":"pwb-brand","embeddable":true,"href":"https:\/\/inspiratio.ro\/en\/wp-json\/wp\/v2\/pwb-brand?post=2402"},{"taxonomy":"product_brand","embeddable":true,"href":"https:\/\/inspiratio.ro\/en\/wp-json\/wp\/v2\/product_brand?post=2402"},{"taxonomy":"product_cat","embeddable":true,"href":"https:\/\/inspiratio.ro\/en\/wp-json\/wp\/v2\/product_cat?post=2402"},{"taxonomy":"product_tag","embeddable":true,"href":"https:\/\/inspiratio.ro\/en\/wp-json\/wp\/v2\/product_tag?post=2402"}],"curies":[{"name":"wp","href":"https:\/\/api.w.org\/{rel}","templated":true}]}}