{"id":2308,"date":"2020-11-24T11:59:06","date_gmt":"2020-11-24T09:59:06","guid":{"rendered":"http:\/\/emiralmedia.ro\/site\/inspiratio\/produs\/set-penite-calligraphy-selection\/"},"modified":"2023-09-05T13:18:35","modified_gmt":"2023-09-05T10:18:35","slug":"set-penite-calligraphy-selection","status":"publish","type":"product","link":"https:\/\/inspiratio.ro\/en\/produs\/set-penite-calligraphy-selection\/","title":{"rendered":"Set peni\u021be Calligraphy Selection"},"content":{"rendered":"<p>Peni\u021be profesionale pentru scris caligrafic \u00een diverse stiluri, precum foundational, italic, scroll, copperplate \u0219i scris modern. Con\u021bine un toc universal \u0219i o selec\u021bie de 10 peni\u021be, inclusiv un toc cu peni\u021b\u0103 special\u0103 tip witch, pentru scrierea pe suprafe\u021be neregulate sau h\u00e2rtie cu textur\u0103. Setul include \u0219i 2 rezervoare, care se ata\u0219eaz\u0103 sub peni\u021b\u0103 \u0219i v\u0103 ajut\u0103 s\u0103 scrie\u021bi mai mult p\u00e2n\u0103 la urm\u0103toarea \u00eenc\u0103rcare cu cerneal\u0103 a acesteia.<\/p>\n<p>\u00cen completare, cutia transparent\u0103 pentru p\u0103strarea instrumentelor de scris include \u0219i un magnet, cu ajutorul c\u0103ruia pute\u021bi scoate u\u0219or peni\u021ba din compartimentul s\u0103u, f\u0103r\u0103 a le r\u0103sturna pe toate celelalte.<\/p>\n<p>Peni\u021bele William Mitchell sunt recunoscute pentru calitatea lor superioar\u0103; cerneala se aplic\u0103 uniform \u0219i complet, foarte durabil\u0103 \u00een timp.<\/p>\n<p>V\u00e2rful peni\u021belor este protejat de oxidare cu o pelicul\u0103 de lac, care se \u00eendep\u0103rteaz\u0103 \u00eenainte de prima utilizare prin scufundarea rapid\u0103 \u00een ap\u0103 clocotit\u0103.<\/p>\n<p>Setul con\u021bine:<\/p>\n<p>1 x peni\u021b\u0103 roundhand, #1 (3.0 mm)<br \/>\n1 x peni\u021b\u0103 roundhand, #2 (1,9 mm)<br \/>\n1 x peni\u021b\u0103 roundhand, #3 (1,2 mm)<br \/>\n1 x peni\u021b\u0103 roundhand, #4 (0,8 mm)<br \/>\n1 x peni\u021b\u0103 roundhand, #5 (0,6 mm)<br \/>\n1 x peni\u021b\u0103 Scroll, #10<br \/>\n1 x peni\u021b\u0103 Scroll, #20<br \/>\n1 x peni\u021b\u0103 Scroll, #30<br \/>\n1 x peni\u021b\u0103 Post Office<br \/>\n1 x peni\u021b\u0103 Elbow Copperplate<br \/>\n2 x rezervor peni\u021b\u0103<br \/>\n1 x toc universal (compatibil cu peni\u021bele roundhand, script, poster, italic, scroll \u0219i copperplate elbow)<br \/>\n1 x magnet peni\u021be<\/p>\n","protected":false},"excerpt":{"rendered":"<p>Set toc cu peni\u021be<\/p>\n","protected":false},"featured_media":2722,"comment_status":"closed","ping_status":"closed","template":"","meta":[],"pwb-brand":[60],"product_brand":[],"product_cat":[55,85],"product_tag":[],"class_list":{"0":"post-2308","1":"product","2":"type-product","3":"status-publish","4":"has-post-thumbnail","6":"pwb-brand-pictor-shop","7":"product_cat-hobby-and-travel","8":"product_cat-papetarie","10":"first","11":"instock","12":"taxable","13":"shipping-taxable","14":"purchasable","15":"product-type-simple"},"yoast_head":"<!-- This site is optimized with the Yoast SEO plugin v26.9 - https:\/\/yoast.com\/product\/yoast-seo-wordpress\/ -->\n<title>PIC Set peni\u021be Calligraphy Selection - Inspiratio<\/title>\n<meta name=\"robots\" content=\"index, follow, max-snippet:-1, max-image-preview:large, max-video-preview:-1\" \/>\n<link rel=\"canonical\" href=\"https:\/\/inspiratio.ro\/produs\/set-penite-calligraphy-selection\/\" \/>\n<meta property=\"og:locale\" content=\"en_US\" \/>\n<meta property=\"og:type\" content=\"article\" \/>\n<meta property=\"og:title\" content=\"PIC Set peni\u021be Calligraphy Selection - Inspiratio\" \/>\n<meta property=\"og:description\" content=\"Set toc cu peni\u021be\" \/>\n<meta property=\"og:url\" content=\"https:\/\/inspiratio.ro\/produs\/set-penite-calligraphy-selection\/\" \/>\n<meta property=\"og:site_name\" content=\"Inspiratio\" \/>\n<meta property=\"article:publisher\" content=\"https:\/\/www.facebook.com\/inspiratiogiftstudio\/\" \/>\n<meta property=\"article:modified_time\" content=\"2023-09-05T10:18:35+00:00\" \/>\n<meta property=\"og:image\" content=\"https:\/\/inspiratio.ro\/wp-content\/uploads\/2020\/11\/177.jpg\" \/>\n\t<meta property=\"og:image:width\" content=\"458\" \/>\n\t<meta property=\"og:image:height\" content=\"458\" \/>\n\t<meta property=\"og:image:type\" content=\"image\/jpeg\" \/>\n<meta name=\"twitter:card\" content=\"summary_large_image\" \/>\n<meta name=\"twitter:label1\" content=\"Est. reading time\" \/>\n\t<meta name=\"twitter:data1\" content=\"1 minute\" \/>\n<script type=\"application\/ld+json\" class=\"yoast-schema-graph\">{\"@context\":\"https:\/\/schema.org\",\"@graph\":[{\"@type\":\"WebPage\",\"@id\":\"https:\/\/inspiratio.ro\/produs\/set-penite-calligraphy-selection\/\",\"url\":\"https:\/\/inspiratio.ro\/produs\/set-penite-calligraphy-selection\/\",\"name\":\"PIC Set peni\u021be Calligraphy Selection - Inspiratio\",\"isPartOf\":{\"@id\":\"https:\/\/inspiratio.ro\/#website\"},\"primaryImageOfPage\":{\"@id\":\"https:\/\/inspiratio.ro\/produs\/set-penite-calligraphy-selection\/#primaryimage\"},\"image\":{\"@id\":\"https:\/\/inspiratio.ro\/produs\/set-penite-calligraphy-selection\/#primaryimage\"},\"thumbnailUrl\":\"https:\/\/inspiratio.ro\/wp-content\/uploads\/2020\/11\/177.jpg\",\"datePublished\":\"2020-11-24T09:59:06+00:00\",\"dateModified\":\"2023-09-05T10:18:35+00:00\",\"breadcrumb\":{\"@id\":\"https:\/\/inspiratio.ro\/produs\/set-penite-calligraphy-selection\/#breadcrumb\"},\"inLanguage\":\"en-US\",\"potentialAction\":[{\"@type\":\"ReadAction\",\"target\":[\"https:\/\/inspiratio.ro\/produs\/set-penite-calligraphy-selection\/\"]}]},{\"@type\":\"ImageObject\",\"inLanguage\":\"en-US\",\"@id\":\"https:\/\/inspiratio.ro\/produs\/set-penite-calligraphy-selection\/#primaryimage\",\"url\":\"https:\/\/inspiratio.ro\/wp-content\/uploads\/2020\/11\/177.jpg\",\"contentUrl\":\"https:\/\/inspiratio.ro\/wp-content\/uploads\/2020\/11\/177.jpg\",\"width\":458,\"height\":458},{\"@type\":\"BreadcrumbList\",\"@id\":\"https:\/\/inspiratio.ro\/produs\/set-penite-calligraphy-selection\/#breadcrumb\",\"itemListElement\":[{\"@type\":\"ListItem\",\"position\":1,\"name\":\"Shop\",\"item\":\"https:\/\/inspiratio.ro\/magazin-cadouri\/\"},{\"@type\":\"ListItem\",\"position\":2,\"name\":\"PIC Set peni\u021be Calligraphy Selection\"}]},{\"@type\":\"WebSite\",\"@id\":\"https:\/\/inspiratio.ro\/#website\",\"url\":\"https:\/\/inspiratio.ro\/\",\"name\":\"Inspiratio\",\"description\":\"Las\u0103-te purtat de inspira\u021bie\",\"publisher\":{\"@id\":\"https:\/\/inspiratio.ro\/#organization\"},\"potentialAction\":[{\"@type\":\"SearchAction\",\"target\":{\"@type\":\"EntryPoint\",\"urlTemplate\":\"https:\/\/inspiratio.ro\/?s={search_term_string}\"},\"query-input\":{\"@type\":\"PropertyValueSpecification\",\"valueRequired\":true,\"valueName\":\"search_term_string\"}}],\"inLanguage\":\"en-US\"},{\"@type\":\"Organization\",\"@id\":\"https:\/\/inspiratio.ro\/#organization\",\"name\":\"Inspiratio\",\"url\":\"https:\/\/inspiratio.ro\/\",\"logo\":{\"@type\":\"ImageObject\",\"inLanguage\":\"en-US\",\"@id\":\"https:\/\/inspiratio.ro\/#\/schema\/logo\/image\/\",\"url\":\"https:\/\/inspiratio.ro\/wp-content\/uploads\/2020\/06\/logo-inspiratio.png\",\"contentUrl\":\"https:\/\/inspiratio.ro\/wp-content\/uploads\/2020\/06\/logo-inspiratio.png\",\"width\":232,\"height\":209,\"caption\":\"Inspiratio\"},\"image\":{\"@id\":\"https:\/\/inspiratio.ro\/#\/schema\/logo\/image\/\"},\"sameAs\":[\"https:\/\/www.facebook.com\/inspiratiogiftstudio\/\",\"https:\/\/www.instagram.com\/inspiratio_giftstudio\/\"]}]}<\/script>\n<!-- \/ Yoast SEO plugin. -->","yoast_head_json":{"title":"PIC Set peni\u021be Calligraphy Selection - Inspiratio","robots":{"index":"index","follow":"follow","max-snippet":"max-snippet:-1","max-image-preview":"max-image-preview:large","max-video-preview":"max-video-preview:-1"},"canonical":"https:\/\/inspiratio.ro\/produs\/set-penite-calligraphy-selection\/","og_locale":"en_US","og_type":"article","og_title":"PIC Set peni\u021be Calligraphy Selection - Inspiratio","og_description":"Set toc cu peni\u021be","og_url":"https:\/\/inspiratio.ro\/produs\/set-penite-calligraphy-selection\/","og_site_name":"Inspiratio","article_publisher":"https:\/\/www.facebook.com\/inspiratiogiftstudio\/","article_modified_time":"2023-09-05T10:18:35+00:00","og_image":[{"width":458,"height":458,"url":"https:\/\/inspiratio.ro\/wp-content\/uploads\/2020\/11\/177.jpg","type":"image\/jpeg"}],"twitter_card":"summary_large_image","twitter_misc":{"Est. reading time":"1 minute"},"schema":{"@context":"https:\/\/schema.org","@graph":[{"@type":"WebPage","@id":"https:\/\/inspiratio.ro\/produs\/set-penite-calligraphy-selection\/","url":"https:\/\/inspiratio.ro\/produs\/set-penite-calligraphy-selection\/","name":"PIC Set peni\u021be Calligraphy Selection - Inspiratio","isPartOf":{"@id":"https:\/\/inspiratio.ro\/#website"},"primaryImageOfPage":{"@id":"https:\/\/inspiratio.ro\/produs\/set-penite-calligraphy-selection\/#primaryimage"},"image":{"@id":"https:\/\/inspiratio.ro\/produs\/set-penite-calligraphy-selection\/#primaryimage"},"thumbnailUrl":"https:\/\/inspiratio.ro\/wp-content\/uploads\/2020\/11\/177.jpg","datePublished":"2020-11-24T09:59:06+00:00","dateModified":"2023-09-05T10:18:35+00:00","breadcrumb":{"@id":"https:\/\/inspiratio.ro\/produs\/set-penite-calligraphy-selection\/#breadcrumb"},"inLanguage":"en-US","potentialAction":[{"@type":"ReadAction","target":["https:\/\/inspiratio.ro\/produs\/set-penite-calligraphy-selection\/"]}]},{"@type":"ImageObject","inLanguage":"en-US","@id":"https:\/\/inspiratio.ro\/produs\/set-penite-calligraphy-selection\/#primaryimage","url":"https:\/\/inspiratio.ro\/wp-content\/uploads\/2020\/11\/177.jpg","contentUrl":"https:\/\/inspiratio.ro\/wp-content\/uploads\/2020\/11\/177.jpg","width":458,"height":458},{"@type":"BreadcrumbList","@id":"https:\/\/inspiratio.ro\/produs\/set-penite-calligraphy-selection\/#breadcrumb","itemListElement":[{"@type":"ListItem","position":1,"name":"Shop","item":"https:\/\/inspiratio.ro\/magazin-cadouri\/"},{"@type":"ListItem","position":2,"name":"PIC Set peni\u021be Calligraphy Selection"}]},{"@type":"WebSite","@id":"https:\/\/inspiratio.ro\/#website","url":"https:\/\/inspiratio.ro\/","name":"Inspiratio","description":"Las\u0103-te purtat de inspira\u021bie","publisher":{"@id":"https:\/\/inspiratio.ro\/#organization"},"potentialAction":[{"@type":"SearchAction","target":{"@type":"EntryPoint","urlTemplate":"https:\/\/inspiratio.ro\/?s={search_term_string}"},"query-input":{"@type":"PropertyValueSpecification","valueRequired":true,"valueName":"search_term_string"}}],"inLanguage":"en-US"},{"@type":"Organization","@id":"https:\/\/inspiratio.ro\/#organization","name":"Inspiratio","url":"https:\/\/inspiratio.ro\/","logo":{"@type":"ImageObject","inLanguage":"en-US","@id":"https:\/\/inspiratio.ro\/#\/schema\/logo\/image\/","url":"https:\/\/inspiratio.ro\/wp-content\/uploads\/2020\/06\/logo-inspiratio.png","contentUrl":"https:\/\/inspiratio.ro\/wp-content\/uploads\/2020\/06\/logo-inspiratio.png","width":232,"height":209,"caption":"Inspiratio"},"image":{"@id":"https:\/\/inspiratio.ro\/#\/schema\/logo\/image\/"},"sameAs":["https:\/\/www.facebook.com\/inspiratiogiftstudio\/","https:\/\/www.instagram.com\/inspiratio_giftstudio\/"]}]}},"brands":[{"id":60,"name":"Pictor Shop","slug":"pictor-shop"}],"_links":{"self":[{"href":"https:\/\/inspiratio.ro\/en\/wp-json\/wp\/v2\/product\/2308","targetHints":{"allow":["GET"]}}],"collection":[{"href":"https:\/\/inspiratio.ro\/en\/wp-json\/wp\/v2\/product"}],"about":[{"href":"https:\/\/inspiratio.ro\/en\/wp-json\/wp\/v2\/types\/product"}],"replies":[{"embeddable":true,"href":"https:\/\/inspiratio.ro\/en\/wp-json\/wp\/v2\/comments?post=2308"}],"wp:featuredmedia":[{"embeddable":true,"href":"https:\/\/inspiratio.ro\/en\/wp-json\/wp\/v2\/media\/2722"}],"wp:attachment":[{"href":"https:\/\/inspiratio.ro\/en\/wp-json\/wp\/v2\/media?parent=2308"}],"wp:term":[{"taxonomy":"pwb-brand","embeddable":true,"href":"https:\/\/inspiratio.ro\/en\/wp-json\/wp\/v2\/pwb-brand?post=2308"},{"taxonomy":"product_brand","embeddable":true,"href":"https:\/\/inspiratio.ro\/en\/wp-json\/wp\/v2\/product_brand?post=2308"},{"taxonomy":"product_cat","embeddable":true,"href":"https:\/\/inspiratio.ro\/en\/wp-json\/wp\/v2\/product_cat?post=2308"},{"taxonomy":"product_tag","embeddable":true,"href":"https:\/\/inspiratio.ro\/en\/wp-json\/wp\/v2\/product_tag?post=2308"}],"curies":[{"name":"wp","href":"https:\/\/api.w.org\/{rel}","templated":true}]}}