{"id":2302,"date":"2020-11-24T11:59:06","date_gmt":"2020-11-24T09:59:06","guid":{"rendered":"http:\/\/emiralmedia.ro\/site\/inspiratio\/produs\/transilvania-16x16\/"},"modified":"2026-02-19T14:41:34","modified_gmt":"2026-02-19T12:41:34","slug":"transilvania-16x16-cm-mariana-pascaru-florin-andreescu","status":"publish","type":"product","link":"https:\/\/inspiratio.ro\/en\/produs\/transilvania-16x16-cm-mariana-pascaru-florin-andreescu\/","title":{"rendered":"Transilvania 16 x 16 cm &#8211; Mariana Pascaru, Florin Andreescu"},"content":{"rendered":"<div id=\"short_description_block\">\n<div id=\"short_description_content\" class=\"rte align_justify\">\n<p class=\"western\">Minialbumul\u00a0<strong>Transilvania<\/strong>, din colec\u021bia<span lang=\"ro-ro\" xml:lang=\"ro-ro\"><a href=\"https:\/\/www.adlibri.ro\/79-albume-romania-florin-andreescu\">\u201eC\u0103l\u0103tor prin \u021bara mea\u201d<\/a><\/span><span lang=\"ro-ro\" xml:lang=\"ro-ro\">,\u00a0<\/span>ne poart\u0103 \u00eentr-o c\u0103l\u0103torie fotografic\u0103 prin\u00a0ora\u0219ele cl\u0103dite dup\u0103 model german,\u00a0satele cu cet\u0103\u021bi de tip \u021b\u0103r\u0103nesc \u0219i locurile care probeaz\u0103 frumuse\u021bea inepuizabil\u0103 a naturii \u0219i completeaz\u0103 misterioasa istorie a P\u0103m\u00e2ntului.<\/p>\n<p align=\"justify\">Situat\u0103 \u00een inima Rom\u00e2niei, \u00een cercul de piatr\u0103 al Mun\u021bilor Carpa\u021bi, Transilvania fascineaz\u0103 datorit\u0103 istoriei sale tumultuoase, cucere\u0219te prin mozaicul peisajelor sale culturale, care oglindesc situarea sa la grani\u021ba dintre civiliza\u021biile vest-europene \u0219i est-europene, \u0219i surprinde prin capacitatea de a-\u0219i modela viitorul asum\u00e2ndu-\u0219i trecutul.<\/p>\n<p align=\"justify\">Teritoriul actual al Transilvaniei a fost ini\u021bial parte a statului carpato-dun\u0103rean Dacia, iar dup\u0103 anul 106, parte a provinciei romane cu acela\u0219i nume \u0219i nucleu al form\u0103rii poporului rom\u00e2n \u015fi al limbii rom\u00e2ne.<\/p>\n<\/div>\n<table class=\"table-data-sheet\">\n<tbody>\n<tr class=\"odd\">\n<td>Fotografii<\/td>\n<td>Florin Andreescu<\/td>\n<\/tr>\n<tr class=\"even\">\n<td>Text<\/td>\n<td>Dana Ciolc\u0103<\/td>\n<\/tr>\n<tr class=\"odd\">\n<td>Text \u00een limba<\/td>\n<td>Rom\u00e2n\u0103-Englez\u0103<\/td>\n<\/tr>\n<tr class=\"even\">\n<td>Traducere<\/td>\n<td>Alistair Ian Blyth<\/td>\n<\/tr>\n<tr class=\"odd\">\n<td>Caracteristici tehnice<\/td>\n<td>16 x 16 cm, 64 pag, 150g\/mp<\/td>\n<\/tr>\n<tr class=\"even\">\n<td>Copert\u0103<\/td>\n<td>Plastifiat\u0103<\/td>\n<\/tr>\n<tr class=\"odd\">\n<td>ISBN<\/td>\n<td>978-606-051-025-3<\/td>\n<\/tr>\n<\/tbody>\n<\/table>\n<\/div>\n","protected":false},"excerpt":{"rendered":"<p>Carte<\/p>\n","protected":false},"featured_media":1457,"comment_status":"closed","ping_status":"closed","template":"","meta":[],"pwb-brand":[57],"product_brand":[260],"product_cat":[88,71,55],"product_tag":[],"class_list":{"0":"post-2302","1":"product","2":"type-product","3":"status-publish","4":"has-post-thumbnail","6":"pwb-brand-ad-libri","7":"product_brand-ad-libri","8":"product_cat-categorie-carte","9":"product_cat-carte","10":"product_cat-hobby-and-travel","12":"first","13":"instock","14":"taxable","15":"shipping-taxable","16":"purchasable","17":"product-type-simple"},"yoast_head":"<!-- This site is optimized with the Yoast SEO plugin v26.9 - https:\/\/yoast.com\/product\/yoast-seo-wordpress\/ -->\n<title>ADL Transilvania 16 x 16 cm - Mariana Pascaru, Florin Andreescu - Inspiratio<\/title>\n<meta name=\"description\" content=\"transilvania-16x16-cm-mariana-pascaru-florin-andreescu\" \/>\n<meta name=\"robots\" content=\"index, follow, max-snippet:-1, max-image-preview:large, max-video-preview:-1\" \/>\n<link rel=\"canonical\" href=\"https:\/\/inspiratio.ro\/produs\/transilvania-16x16-cm-mariana-pascaru-florin-andreescu\/\" \/>\n<meta property=\"og:locale\" content=\"en_US\" \/>\n<meta property=\"og:type\" content=\"article\" \/>\n<meta property=\"og:title\" content=\"ADL Transilvania 16 x 16 cm - Mariana Pascaru, Florin Andreescu - Inspiratio\" \/>\n<meta property=\"og:description\" content=\"transilvania-16x16-cm-mariana-pascaru-florin-andreescu\" \/>\n<meta property=\"og:url\" content=\"https:\/\/inspiratio.ro\/produs\/transilvania-16x16-cm-mariana-pascaru-florin-andreescu\/\" \/>\n<meta property=\"og:site_name\" content=\"Inspiratio\" \/>\n<meta property=\"article:publisher\" content=\"https:\/\/www.facebook.com\/inspiratiogiftstudio\/\" \/>\n<meta property=\"article:modified_time\" content=\"2026-02-19T12:41:34+00:00\" \/>\n<meta property=\"og:image\" content=\"https:\/\/inspiratio.ro\/wp-content\/uploads\/2020\/11\/53.jpg\" \/>\n\t<meta property=\"og:image:width\" content=\"600\" \/>\n\t<meta property=\"og:image:height\" content=\"600\" \/>\n\t<meta property=\"og:image:type\" content=\"image\/jpeg\" \/>\n<meta name=\"twitter:card\" content=\"summary_large_image\" \/>\n<meta name=\"twitter:label1\" content=\"Est. reading time\" \/>\n\t<meta name=\"twitter:data1\" content=\"1 minute\" \/>\n<script type=\"application\/ld+json\" class=\"yoast-schema-graph\">{\"@context\":\"https:\/\/schema.org\",\"@graph\":[{\"@type\":\"WebPage\",\"@id\":\"https:\/\/inspiratio.ro\/produs\/transilvania-16x16-cm-mariana-pascaru-florin-andreescu\/\",\"url\":\"https:\/\/inspiratio.ro\/produs\/transilvania-16x16-cm-mariana-pascaru-florin-andreescu\/\",\"name\":\"ADL Transilvania 16 x 16 cm - Mariana Pascaru, Florin Andreescu - Inspiratio\",\"isPartOf\":{\"@id\":\"https:\/\/inspiratio.ro\/#website\"},\"primaryImageOfPage\":{\"@id\":\"https:\/\/inspiratio.ro\/produs\/transilvania-16x16-cm-mariana-pascaru-florin-andreescu\/#primaryimage\"},\"image\":{\"@id\":\"https:\/\/inspiratio.ro\/produs\/transilvania-16x16-cm-mariana-pascaru-florin-andreescu\/#primaryimage\"},\"thumbnailUrl\":\"https:\/\/inspiratio.ro\/wp-content\/uploads\/2020\/11\/53.jpg\",\"datePublished\":\"2020-11-24T09:59:06+00:00\",\"dateModified\":\"2026-02-19T12:41:34+00:00\",\"description\":\"transilvania-16x16-cm-mariana-pascaru-florin-andreescu\",\"breadcrumb\":{\"@id\":\"https:\/\/inspiratio.ro\/produs\/transilvania-16x16-cm-mariana-pascaru-florin-andreescu\/#breadcrumb\"},\"inLanguage\":\"en-US\",\"potentialAction\":[{\"@type\":\"ReadAction\",\"target\":[\"https:\/\/inspiratio.ro\/produs\/transilvania-16x16-cm-mariana-pascaru-florin-andreescu\/\"]}]},{\"@type\":\"ImageObject\",\"inLanguage\":\"en-US\",\"@id\":\"https:\/\/inspiratio.ro\/produs\/transilvania-16x16-cm-mariana-pascaru-florin-andreescu\/#primaryimage\",\"url\":\"https:\/\/inspiratio.ro\/wp-content\/uploads\/2020\/11\/53.jpg\",\"contentUrl\":\"https:\/\/inspiratio.ro\/wp-content\/uploads\/2020\/11\/53.jpg\",\"width\":600,\"height\":600},{\"@type\":\"BreadcrumbList\",\"@id\":\"https:\/\/inspiratio.ro\/produs\/transilvania-16x16-cm-mariana-pascaru-florin-andreescu\/#breadcrumb\",\"itemListElement\":[{\"@type\":\"ListItem\",\"position\":1,\"name\":\"Shop\",\"item\":\"https:\/\/inspiratio.ro\/magazin-cadouri\/\"},{\"@type\":\"ListItem\",\"position\":2,\"name\":\"ADL Transilvania 16 x 16 cm &#8211; Mariana Pascaru, Florin Andreescu\"}]},{\"@type\":\"WebSite\",\"@id\":\"https:\/\/inspiratio.ro\/#website\",\"url\":\"https:\/\/inspiratio.ro\/\",\"name\":\"Inspiratio\",\"description\":\"Las\u0103-te purtat de inspira\u021bie\",\"publisher\":{\"@id\":\"https:\/\/inspiratio.ro\/#organization\"},\"potentialAction\":[{\"@type\":\"SearchAction\",\"target\":{\"@type\":\"EntryPoint\",\"urlTemplate\":\"https:\/\/inspiratio.ro\/?s={search_term_string}\"},\"query-input\":{\"@type\":\"PropertyValueSpecification\",\"valueRequired\":true,\"valueName\":\"search_term_string\"}}],\"inLanguage\":\"en-US\"},{\"@type\":\"Organization\",\"@id\":\"https:\/\/inspiratio.ro\/#organization\",\"name\":\"Inspiratio\",\"url\":\"https:\/\/inspiratio.ro\/\",\"logo\":{\"@type\":\"ImageObject\",\"inLanguage\":\"en-US\",\"@id\":\"https:\/\/inspiratio.ro\/#\/schema\/logo\/image\/\",\"url\":\"https:\/\/inspiratio.ro\/wp-content\/uploads\/2020\/06\/logo-inspiratio.png\",\"contentUrl\":\"https:\/\/inspiratio.ro\/wp-content\/uploads\/2020\/06\/logo-inspiratio.png\",\"width\":232,\"height\":209,\"caption\":\"Inspiratio\"},\"image\":{\"@id\":\"https:\/\/inspiratio.ro\/#\/schema\/logo\/image\/\"},\"sameAs\":[\"https:\/\/www.facebook.com\/inspiratiogiftstudio\/\",\"https:\/\/www.instagram.com\/inspiratio_giftstudio\/\"]}]}<\/script>\n<!-- \/ Yoast SEO plugin. -->","yoast_head_json":{"title":"ADL Transilvania 16 x 16 cm - Mariana Pascaru, Florin Andreescu - Inspiratio","description":"transilvania-16x16-cm-mariana-pascaru-florin-andreescu","robots":{"index":"index","follow":"follow","max-snippet":"max-snippet:-1","max-image-preview":"max-image-preview:large","max-video-preview":"max-video-preview:-1"},"canonical":"https:\/\/inspiratio.ro\/produs\/transilvania-16x16-cm-mariana-pascaru-florin-andreescu\/","og_locale":"en_US","og_type":"article","og_title":"ADL Transilvania 16 x 16 cm - Mariana Pascaru, Florin Andreescu - Inspiratio","og_description":"transilvania-16x16-cm-mariana-pascaru-florin-andreescu","og_url":"https:\/\/inspiratio.ro\/produs\/transilvania-16x16-cm-mariana-pascaru-florin-andreescu\/","og_site_name":"Inspiratio","article_publisher":"https:\/\/www.facebook.com\/inspiratiogiftstudio\/","article_modified_time":"2026-02-19T12:41:34+00:00","og_image":[{"width":600,"height":600,"url":"https:\/\/inspiratio.ro\/wp-content\/uploads\/2020\/11\/53.jpg","type":"image\/jpeg"}],"twitter_card":"summary_large_image","twitter_misc":{"Est. reading time":"1 minute"},"schema":{"@context":"https:\/\/schema.org","@graph":[{"@type":"WebPage","@id":"https:\/\/inspiratio.ro\/produs\/transilvania-16x16-cm-mariana-pascaru-florin-andreescu\/","url":"https:\/\/inspiratio.ro\/produs\/transilvania-16x16-cm-mariana-pascaru-florin-andreescu\/","name":"ADL Transilvania 16 x 16 cm - Mariana Pascaru, Florin Andreescu - Inspiratio","isPartOf":{"@id":"https:\/\/inspiratio.ro\/#website"},"primaryImageOfPage":{"@id":"https:\/\/inspiratio.ro\/produs\/transilvania-16x16-cm-mariana-pascaru-florin-andreescu\/#primaryimage"},"image":{"@id":"https:\/\/inspiratio.ro\/produs\/transilvania-16x16-cm-mariana-pascaru-florin-andreescu\/#primaryimage"},"thumbnailUrl":"https:\/\/inspiratio.ro\/wp-content\/uploads\/2020\/11\/53.jpg","datePublished":"2020-11-24T09:59:06+00:00","dateModified":"2026-02-19T12:41:34+00:00","description":"transilvania-16x16-cm-mariana-pascaru-florin-andreescu","breadcrumb":{"@id":"https:\/\/inspiratio.ro\/produs\/transilvania-16x16-cm-mariana-pascaru-florin-andreescu\/#breadcrumb"},"inLanguage":"en-US","potentialAction":[{"@type":"ReadAction","target":["https:\/\/inspiratio.ro\/produs\/transilvania-16x16-cm-mariana-pascaru-florin-andreescu\/"]}]},{"@type":"ImageObject","inLanguage":"en-US","@id":"https:\/\/inspiratio.ro\/produs\/transilvania-16x16-cm-mariana-pascaru-florin-andreescu\/#primaryimage","url":"https:\/\/inspiratio.ro\/wp-content\/uploads\/2020\/11\/53.jpg","contentUrl":"https:\/\/inspiratio.ro\/wp-content\/uploads\/2020\/11\/53.jpg","width":600,"height":600},{"@type":"BreadcrumbList","@id":"https:\/\/inspiratio.ro\/produs\/transilvania-16x16-cm-mariana-pascaru-florin-andreescu\/#breadcrumb","itemListElement":[{"@type":"ListItem","position":1,"name":"Shop","item":"https:\/\/inspiratio.ro\/magazin-cadouri\/"},{"@type":"ListItem","position":2,"name":"ADL Transilvania 16 x 16 cm &#8211; Mariana Pascaru, Florin Andreescu"}]},{"@type":"WebSite","@id":"https:\/\/inspiratio.ro\/#website","url":"https:\/\/inspiratio.ro\/","name":"Inspiratio","description":"Las\u0103-te purtat de inspira\u021bie","publisher":{"@id":"https:\/\/inspiratio.ro\/#organization"},"potentialAction":[{"@type":"SearchAction","target":{"@type":"EntryPoint","urlTemplate":"https:\/\/inspiratio.ro\/?s={search_term_string}"},"query-input":{"@type":"PropertyValueSpecification","valueRequired":true,"valueName":"search_term_string"}}],"inLanguage":"en-US"},{"@type":"Organization","@id":"https:\/\/inspiratio.ro\/#organization","name":"Inspiratio","url":"https:\/\/inspiratio.ro\/","logo":{"@type":"ImageObject","inLanguage":"en-US","@id":"https:\/\/inspiratio.ro\/#\/schema\/logo\/image\/","url":"https:\/\/inspiratio.ro\/wp-content\/uploads\/2020\/06\/logo-inspiratio.png","contentUrl":"https:\/\/inspiratio.ro\/wp-content\/uploads\/2020\/06\/logo-inspiratio.png","width":232,"height":209,"caption":"Inspiratio"},"image":{"@id":"https:\/\/inspiratio.ro\/#\/schema\/logo\/image\/"},"sameAs":["https:\/\/www.facebook.com\/inspiratiogiftstudio\/","https:\/\/www.instagram.com\/inspiratio_giftstudio\/"]}]}},"brands":[{"id":57,"name":"Ad Libri","slug":"ad-libri"}],"_links":{"self":[{"href":"https:\/\/inspiratio.ro\/en\/wp-json\/wp\/v2\/product\/2302","targetHints":{"allow":["GET"]}}],"collection":[{"href":"https:\/\/inspiratio.ro\/en\/wp-json\/wp\/v2\/product"}],"about":[{"href":"https:\/\/inspiratio.ro\/en\/wp-json\/wp\/v2\/types\/product"}],"replies":[{"embeddable":true,"href":"https:\/\/inspiratio.ro\/en\/wp-json\/wp\/v2\/comments?post=2302"}],"wp:featuredmedia":[{"embeddable":true,"href":"https:\/\/inspiratio.ro\/en\/wp-json\/wp\/v2\/media\/1457"}],"wp:attachment":[{"href":"https:\/\/inspiratio.ro\/en\/wp-json\/wp\/v2\/media?parent=2302"}],"wp:term":[{"taxonomy":"pwb-brand","embeddable":true,"href":"https:\/\/inspiratio.ro\/en\/wp-json\/wp\/v2\/pwb-brand?post=2302"},{"taxonomy":"product_brand","embeddable":true,"href":"https:\/\/inspiratio.ro\/en\/wp-json\/wp\/v2\/product_brand?post=2302"},{"taxonomy":"product_cat","embeddable":true,"href":"https:\/\/inspiratio.ro\/en\/wp-json\/wp\/v2\/product_cat?post=2302"},{"taxonomy":"product_tag","embeddable":true,"href":"https:\/\/inspiratio.ro\/en\/wp-json\/wp\/v2\/product_tag?post=2302"}],"curies":[{"name":"wp","href":"https:\/\/api.w.org\/{rel}","templated":true}]}}