{"id":2301,"date":"2020-11-24T11:59:06","date_gmt":"2020-11-24T11:59:06","guid":{"rendered":"http:\/\/emiralmedia.ro\/site\/inspiratio\/produs\/brasov-cetatea-coroanei\/"},"modified":"2026-02-19T14:33:17","modified_gmt":"2026-02-19T12:33:17","slug":"brasov-cetatea-coroanei-florin-andreescu","status":"publish","type":"product","link":"https:\/\/inspiratio.ro\/en\/produs\/brasov-cetatea-coroanei-florin-andreescu\/","title":{"rendered":"Album Bra\u0219ov \u2013 Cetatea Coroanei &#8211; Florin Andreescu"},"content":{"rendered":"<div id=\"short_description_block\">\n<div id=\"short_description_content\" class=\"rte align_justify\">\n<p class=\"western\">Albumul\u00a0<strong>Bra\u0219ovul<\/strong>\u00a0<strong>\u2013 Cetatea Coroanei<\/strong>, din colec\u021bia\u00a0<a href=\"https:\/\/www.adlibri.ro\/89-albume-zoom-romania-florin-andreescu\">Zoom Rom\u00e2nia<\/a>, v\u0103 invit\u0103 s\u0103 descoperi\u021bi acest ora\u0219 transilv\u0103nean, atestat de mai bine de 780 de ani, care dispune de toate elementele unei destina\u021bii turistice de succes.<\/p>\n<\/div>\n<\/div>\n<div id=\"oosHook\">Statisticile arat\u0103 c\u0103 ora\u0219ul atrage anual mai mul\u021bi vizitatori dec\u00e2t oricare alt\u0103 regiune rom\u00e2neasc\u0103. O plimbare pe animata strad\u0103 a Republicii ori prin Pia\u021ba Sfatului, la orice or\u0103, fie diminea\u021ba, fie seara, v\u0103 va dovedi c\u0103 acestea nu sunt vorbe \u00een v\u00e2nt. Toat\u0103 lumea admir\u0103 dispunerea tipic s\u0103seasc\u0103 a caselor \u0219i arhitectura veche, cu elemente gotice, renascentiste \u0219i baroce, profit\u00e2nd din plin de amplasarea mai mult dec\u00e2t minunat\u0103 a ora\u0219ului la poalele unor dealuri \u00eemp\u0103durite \u0219i ale muntelui T\u00e2mpa, pe ale c\u0103ror v\u00e2rfuri au fost amenajate belvederi.<\/div>\n<div><\/div>\n<section class=\"page-product-box\">\n<div class=\"rte\">\n<table class=\"table-data-sheet\">\n<tbody>\n<tr class=\"odd\">\n<td>Fotografii<\/td>\n<td>Florin Andreescu<\/td>\n<\/tr>\n<tr class=\"even\">\n<td>Text<\/td>\n<td>Mariana Pascaru<\/td>\n<\/tr>\n<tr class=\"odd\">\n<td>Text \u00een limba<\/td>\n<td>Rom\u00e2n\u0103-Englez\u0103-Spaniol\u0103<\/td>\n<\/tr>\n<tr class=\"even\">\n<td>Traducere<\/td>\n<td>Alistair Ian Blyth (englez\u0103) \u0219i Lucia M\u0103nu\u0219 (spaniol\u0103)<\/td>\n<\/tr>\n<tr class=\"odd\">\n<td>Caracteristici tehnice<\/td>\n<td>27 x 21 cm, 80 pag, 150g\/mp<\/td>\n<\/tr>\n<tr class=\"even\">\n<td>Copert\u0103<\/td>\n<td>Cartonat\u0103<\/td>\n<\/tr>\n<tr class=\"odd\">\n<td>ISBN<\/td>\n<td>978-606-8050-08-9<\/td>\n<\/tr>\n<\/tbody>\n<\/table>\n<\/div>\n<\/section>\n","protected":false},"excerpt":{"rendered":"<p>Carte<\/p>\n","protected":false},"featured_media":1455,"comment_status":"closed","ping_status":"closed","template":"","meta":[],"pwb-brand":[57],"product_brand":[260],"product_cat":[88,71,55,63],"product_tag":[],"class_list":{"0":"post-2301","1":"product","2":"type-product","3":"status-publish","4":"has-post-thumbnail","6":"pwb-brand-ad-libri","7":"product_brand-ad-libri","8":"product_cat-categorie-carte","9":"product_cat-carte","10":"product_cat-hobby-and-travel","11":"product_cat-suveniruri-transilvania","13":"first","14":"instock","15":"taxable","16":"shipping-taxable","17":"purchasable","18":"product-type-simple"},"yoast_head":"<!-- This site is optimized with the Yoast SEO plugin v26.9 - https:\/\/yoast.com\/product\/yoast-seo-wordpress\/ -->\n<title>ADL Album Bra\u0219ov \u2013 Cetatea Coroanei - Florin Andreescu - Inspiratio<\/title>\n<meta name=\"description\" content=\"ADL Album Bra\u0219ov \u2013 Cetatea Coroanei - Florin Andreescu\" \/>\n<meta name=\"robots\" content=\"index, follow, max-snippet:-1, max-image-preview:large, max-video-preview:-1\" \/>\n<link rel=\"canonical\" href=\"https:\/\/inspiratio.ro\/produs\/brasov-cetatea-coroanei-florin-andreescu\/\" \/>\n<meta property=\"og:locale\" content=\"en_US\" \/>\n<meta property=\"og:type\" content=\"article\" \/>\n<meta property=\"og:title\" content=\"ADL Album Bra\u0219ov \u2013 Cetatea Coroanei - Florin Andreescu - Inspiratio\" \/>\n<meta property=\"og:description\" content=\"ADL Album Bra\u0219ov \u2013 Cetatea Coroanei - Florin Andreescu\" \/>\n<meta property=\"og:url\" content=\"https:\/\/inspiratio.ro\/produs\/brasov-cetatea-coroanei-florin-andreescu\/\" \/>\n<meta property=\"og:site_name\" content=\"Inspiratio\" \/>\n<meta property=\"article:publisher\" content=\"https:\/\/www.facebook.com\/inspiratiogiftstudio\/\" \/>\n<meta property=\"article:modified_time\" content=\"2026-02-19T12:33:17+00:00\" \/>\n<meta property=\"og:image\" content=\"https:\/\/inspiratio.ro\/wp-content\/uploads\/2020\/11\/52.jpg\" \/>\n\t<meta property=\"og:image:width\" content=\"800\" \/>\n\t<meta property=\"og:image:height\" content=\"800\" \/>\n\t<meta property=\"og:image:type\" content=\"image\/png\" \/>\n<meta name=\"twitter:card\" content=\"summary_large_image\" \/>\n<meta name=\"twitter:label1\" content=\"Est. reading time\" \/>\n\t<meta name=\"twitter:data1\" content=\"2 minutes\" \/>\n<script type=\"application\/ld+json\" class=\"yoast-schema-graph\">{\"@context\":\"https:\/\/schema.org\",\"@graph\":[{\"@type\":\"WebPage\",\"@id\":\"https:\/\/inspiratio.ro\/produs\/brasov-cetatea-coroanei-florin-andreescu\/\",\"url\":\"https:\/\/inspiratio.ro\/produs\/brasov-cetatea-coroanei-florin-andreescu\/\",\"name\":\"ADL Album Bra\u0219ov \u2013 Cetatea Coroanei - Florin Andreescu - Inspiratio\",\"isPartOf\":{\"@id\":\"https:\/\/inspiratio.ro\/#website\"},\"primaryImageOfPage\":{\"@id\":\"https:\/\/inspiratio.ro\/produs\/brasov-cetatea-coroanei-florin-andreescu\/#primaryimage\"},\"image\":{\"@id\":\"https:\/\/inspiratio.ro\/produs\/brasov-cetatea-coroanei-florin-andreescu\/#primaryimage\"},\"thumbnailUrl\":\"https:\/\/inspiratio.ro\/wp-content\/uploads\/2020\/11\/52.jpg\",\"datePublished\":\"2020-11-24T11:59:06+00:00\",\"dateModified\":\"2026-02-19T12:33:17+00:00\",\"description\":\"ADL Album Bra\u0219ov \u2013 Cetatea Coroanei - Florin Andreescu\",\"breadcrumb\":{\"@id\":\"https:\/\/inspiratio.ro\/produs\/brasov-cetatea-coroanei-florin-andreescu\/#breadcrumb\"},\"inLanguage\":\"en-US\",\"potentialAction\":[{\"@type\":\"ReadAction\",\"target\":[\"https:\/\/inspiratio.ro\/produs\/brasov-cetatea-coroanei-florin-andreescu\/\"]}]},{\"@type\":\"ImageObject\",\"inLanguage\":\"en-US\",\"@id\":\"https:\/\/inspiratio.ro\/produs\/brasov-cetatea-coroanei-florin-andreescu\/#primaryimage\",\"url\":\"https:\/\/inspiratio.ro\/wp-content\/uploads\/2020\/11\/52.jpg\",\"contentUrl\":\"https:\/\/inspiratio.ro\/wp-content\/uploads\/2020\/11\/52.jpg\",\"width\":800,\"height\":800},{\"@type\":\"BreadcrumbList\",\"@id\":\"https:\/\/inspiratio.ro\/produs\/brasov-cetatea-coroanei-florin-andreescu\/#breadcrumb\",\"itemListElement\":[{\"@type\":\"ListItem\",\"position\":1,\"name\":\"Shop\",\"item\":\"https:\/\/inspiratio.ro\/magazin-cadouri\/\"},{\"@type\":\"ListItem\",\"position\":2,\"name\":\"ADL Album Bra\u0219ov \u2013 Cetatea Coroanei &#8211; Florin Andreescu\"}]},{\"@type\":\"WebSite\",\"@id\":\"https:\/\/inspiratio.ro\/#website\",\"url\":\"https:\/\/inspiratio.ro\/\",\"name\":\"Inspiratio\",\"description\":\"Las\u0103-te purtat de inspira\u021bie\",\"publisher\":{\"@id\":\"https:\/\/inspiratio.ro\/#organization\"},\"potentialAction\":[{\"@type\":\"SearchAction\",\"target\":{\"@type\":\"EntryPoint\",\"urlTemplate\":\"https:\/\/inspiratio.ro\/?s={search_term_string}\"},\"query-input\":{\"@type\":\"PropertyValueSpecification\",\"valueRequired\":true,\"valueName\":\"search_term_string\"}}],\"inLanguage\":\"en-US\"},{\"@type\":\"Organization\",\"@id\":\"https:\/\/inspiratio.ro\/#organization\",\"name\":\"Inspiratio\",\"url\":\"https:\/\/inspiratio.ro\/\",\"logo\":{\"@type\":\"ImageObject\",\"inLanguage\":\"en-US\",\"@id\":\"https:\/\/inspiratio.ro\/#\/schema\/logo\/image\/\",\"url\":\"https:\/\/inspiratio.ro\/wp-content\/uploads\/2020\/06\/logo-inspiratio.png\",\"contentUrl\":\"https:\/\/inspiratio.ro\/wp-content\/uploads\/2020\/06\/logo-inspiratio.png\",\"width\":232,\"height\":209,\"caption\":\"Inspiratio\"},\"image\":{\"@id\":\"https:\/\/inspiratio.ro\/#\/schema\/logo\/image\/\"},\"sameAs\":[\"https:\/\/www.facebook.com\/inspiratiogiftstudio\/\",\"https:\/\/www.instagram.com\/inspiratio_giftstudio\/\"]}]}<\/script>\n<!-- \/ Yoast SEO plugin. -->","yoast_head_json":{"title":"ADL Album Bra\u0219ov \u2013 Cetatea Coroanei - Florin Andreescu - Inspiratio","description":"ADL Album Bra\u0219ov \u2013 Cetatea Coroanei - Florin Andreescu","robots":{"index":"index","follow":"follow","max-snippet":"max-snippet:-1","max-image-preview":"max-image-preview:large","max-video-preview":"max-video-preview:-1"},"canonical":"https:\/\/inspiratio.ro\/produs\/brasov-cetatea-coroanei-florin-andreescu\/","og_locale":"en_US","og_type":"article","og_title":"ADL Album Bra\u0219ov \u2013 Cetatea Coroanei - Florin Andreescu - Inspiratio","og_description":"ADL Album Bra\u0219ov \u2013 Cetatea Coroanei - Florin Andreescu","og_url":"https:\/\/inspiratio.ro\/produs\/brasov-cetatea-coroanei-florin-andreescu\/","og_site_name":"Inspiratio","article_publisher":"https:\/\/www.facebook.com\/inspiratiogiftstudio\/","article_modified_time":"2026-02-19T12:33:17+00:00","og_image":[{"width":800,"height":800,"url":"https:\/\/inspiratio.ro\/wp-content\/uploads\/2020\/11\/52.jpg","type":"image\/png"}],"twitter_card":"summary_large_image","twitter_misc":{"Est. reading time":"2 minutes"},"schema":{"@context":"https:\/\/schema.org","@graph":[{"@type":"WebPage","@id":"https:\/\/inspiratio.ro\/produs\/brasov-cetatea-coroanei-florin-andreescu\/","url":"https:\/\/inspiratio.ro\/produs\/brasov-cetatea-coroanei-florin-andreescu\/","name":"ADL Album Bra\u0219ov \u2013 Cetatea Coroanei - Florin Andreescu - Inspiratio","isPartOf":{"@id":"https:\/\/inspiratio.ro\/#website"},"primaryImageOfPage":{"@id":"https:\/\/inspiratio.ro\/produs\/brasov-cetatea-coroanei-florin-andreescu\/#primaryimage"},"image":{"@id":"https:\/\/inspiratio.ro\/produs\/brasov-cetatea-coroanei-florin-andreescu\/#primaryimage"},"thumbnailUrl":"https:\/\/inspiratio.ro\/wp-content\/uploads\/2020\/11\/52.jpg","datePublished":"2020-11-24T11:59:06+00:00","dateModified":"2026-02-19T12:33:17+00:00","description":"ADL Album Bra\u0219ov \u2013 Cetatea Coroanei - Florin Andreescu","breadcrumb":{"@id":"https:\/\/inspiratio.ro\/produs\/brasov-cetatea-coroanei-florin-andreescu\/#breadcrumb"},"inLanguage":"en-US","potentialAction":[{"@type":"ReadAction","target":["https:\/\/inspiratio.ro\/produs\/brasov-cetatea-coroanei-florin-andreescu\/"]}]},{"@type":"ImageObject","inLanguage":"en-US","@id":"https:\/\/inspiratio.ro\/produs\/brasov-cetatea-coroanei-florin-andreescu\/#primaryimage","url":"https:\/\/inspiratio.ro\/wp-content\/uploads\/2020\/11\/52.jpg","contentUrl":"https:\/\/inspiratio.ro\/wp-content\/uploads\/2020\/11\/52.jpg","width":800,"height":800},{"@type":"BreadcrumbList","@id":"https:\/\/inspiratio.ro\/produs\/brasov-cetatea-coroanei-florin-andreescu\/#breadcrumb","itemListElement":[{"@type":"ListItem","position":1,"name":"Shop","item":"https:\/\/inspiratio.ro\/magazin-cadouri\/"},{"@type":"ListItem","position":2,"name":"ADL Album Bra\u0219ov \u2013 Cetatea Coroanei &#8211; Florin Andreescu"}]},{"@type":"WebSite","@id":"https:\/\/inspiratio.ro\/#website","url":"https:\/\/inspiratio.ro\/","name":"Inspiratio","description":"Las\u0103-te purtat de inspira\u021bie","publisher":{"@id":"https:\/\/inspiratio.ro\/#organization"},"potentialAction":[{"@type":"SearchAction","target":{"@type":"EntryPoint","urlTemplate":"https:\/\/inspiratio.ro\/?s={search_term_string}"},"query-input":{"@type":"PropertyValueSpecification","valueRequired":true,"valueName":"search_term_string"}}],"inLanguage":"en-US"},{"@type":"Organization","@id":"https:\/\/inspiratio.ro\/#organization","name":"Inspiratio","url":"https:\/\/inspiratio.ro\/","logo":{"@type":"ImageObject","inLanguage":"en-US","@id":"https:\/\/inspiratio.ro\/#\/schema\/logo\/image\/","url":"https:\/\/inspiratio.ro\/wp-content\/uploads\/2020\/06\/logo-inspiratio.png","contentUrl":"https:\/\/inspiratio.ro\/wp-content\/uploads\/2020\/06\/logo-inspiratio.png","width":232,"height":209,"caption":"Inspiratio"},"image":{"@id":"https:\/\/inspiratio.ro\/#\/schema\/logo\/image\/"},"sameAs":["https:\/\/www.facebook.com\/inspiratiogiftstudio\/","https:\/\/www.instagram.com\/inspiratio_giftstudio\/"]}]}},"brands":[{"id":57,"name":"Ad Libri","slug":"ad-libri"}],"_links":{"self":[{"href":"https:\/\/inspiratio.ro\/en\/wp-json\/wp\/v2\/product\/2301","targetHints":{"allow":["GET"]}}],"collection":[{"href":"https:\/\/inspiratio.ro\/en\/wp-json\/wp\/v2\/product"}],"about":[{"href":"https:\/\/inspiratio.ro\/en\/wp-json\/wp\/v2\/types\/product"}],"replies":[{"embeddable":true,"href":"https:\/\/inspiratio.ro\/en\/wp-json\/wp\/v2\/comments?post=2301"}],"wp:featuredmedia":[{"embeddable":true,"href":"https:\/\/inspiratio.ro\/en\/wp-json\/wp\/v2\/media\/1455"}],"wp:attachment":[{"href":"https:\/\/inspiratio.ro\/en\/wp-json\/wp\/v2\/media?parent=2301"}],"wp:term":[{"taxonomy":"pwb-brand","embeddable":true,"href":"https:\/\/inspiratio.ro\/en\/wp-json\/wp\/v2\/pwb-brand?post=2301"},{"taxonomy":"product_brand","embeddable":true,"href":"https:\/\/inspiratio.ro\/en\/wp-json\/wp\/v2\/product_brand?post=2301"},{"taxonomy":"product_cat","embeddable":true,"href":"https:\/\/inspiratio.ro\/en\/wp-json\/wp\/v2\/product_cat?post=2301"},{"taxonomy":"product_tag","embeddable":true,"href":"https:\/\/inspiratio.ro\/en\/wp-json\/wp\/v2\/product_tag?post=2301"}],"curies":[{"name":"wp","href":"https:\/\/api.w.org\/{rel}","templated":true}]}}