{"id":2296,"date":"2020-11-24T11:59:06","date_gmt":"2020-11-24T09:59:06","guid":{"rendered":"http:\/\/emiralmedia.ro\/site\/inspiratio\/produs\/romania-suvenir-franceza\/"},"modified":"2026-02-19T14:15:37","modified_gmt":"2026-02-19T12:15:37","slug":"romania-suvenir-lb-franceza-florin-andreescu","status":"publish","type":"product","link":"https:\/\/inspiratio.ro\/en\/produs\/romania-suvenir-lb-franceza-florin-andreescu\/","title":{"rendered":"Rom\u00e2nia SUVENIR &#8211; francez\u0103 II"},"content":{"rendered":"<section class=\"page-product-box\">\n<div class=\"rte\">\n<p lang=\"ro-ro\" xml:lang=\"ro-ro\" align=\"justify\">Certains voyageurs sont attir\u00e9s en Roumanie par la renomm\u00e9e des monuments d\u2019architecture figurant sur la liste du patrimoine mondial de l\u2019Unesco. D\u2019autres souhaitent visiter le palais du Parlement, le deuxi\u00e8me plus grand b\u00e2timent administratif du monde. Beaucoup de voyageurs visitent la Roumanie pour voir ses merveilles naturelles : le delta du Danube et les Carpates, avec leurs sommets majestueux, leurs cascades et leurs grottes, mais aussi les collines et vallons idylliques, sis aux pieds des montagnes, recelant entre eux des villages o\u00f9 les gens continuent de mener une vie simple, et o\u00f9 les coutumes anciennes n\u2019ont pas \u00e9t\u00e9 perdues. Roumanie est aujourd\u2019hui une destination de plus en plus appr\u00e9ci\u00e9e; beaucoup de ceux qui y viennent d\u00e9couvrent un pays unique et surprenant, qui vaut la peine d\u2019\u00eatre visit\u00e9 plus d\u2019une fois.<\/p>\n<\/div>\n<table class=\"table-data-sheet\">\n<tbody>\n<tr class=\"odd\">\n<td>Fotografii<\/td>\n<td>Florin Andreescu<\/td>\n<\/tr>\n<tr class=\"even\">\n<td>Text<\/td>\n<td>Dana Ciolc\u0103<\/td>\n<\/tr>\n<tr class=\"odd\">\n<td>Text \u00een limba<\/td>\n<td>Francez\u0103<\/td>\n<\/tr>\n<tr class=\"even\">\n<td>Traducere<\/td>\n<td>Ligia Liliana Mih\u0103iescu<\/td>\n<\/tr>\n<tr class=\"odd\">\n<td>Caracteristici tehnice<\/td>\n<td>19 x 15 cm, 128 pag, 150 g\/mp<\/td>\n<\/tr>\n<tr class=\"even\">\n<td>Copert\u0103<\/td>\n<td>Cartonat\u0103, cu supracopert\u0103<\/td>\n<\/tr>\n<tr class=\"odd\">\n<td>ISBN<\/td>\n<td>978-606-051-012-3<\/td>\n<\/tr>\n<\/tbody>\n<\/table>\n<\/section>\n","protected":false},"excerpt":{"rendered":"<p>Carte<\/p>\n","protected":false},"featured_media":10377,"comment_status":"closed","ping_status":"closed","template":"","meta":[],"pwb-brand":[57],"product_brand":[260],"product_cat":[88,71,55],"product_tag":[],"class_list":{"0":"post-2296","1":"product","2":"type-product","3":"status-publish","4":"has-post-thumbnail","6":"pwb-brand-ad-libri","7":"product_brand-ad-libri","8":"product_cat-categorie-carte","9":"product_cat-carte","10":"product_cat-hobby-and-travel","12":"first","13":"outofstock","14":"taxable","15":"shipping-taxable","16":"purchasable","17":"product-type-simple"},"yoast_head":"<!-- This site is optimized with the Yoast SEO plugin v26.9 - https:\/\/yoast.com\/product\/yoast-seo-wordpress\/ -->\n<title>ADL Rom\u00e2nia SUVENIR - francez\u0103 II - Inspiratio<\/title>\n<meta name=\"description\" content=\"ADL Rom\u00e2nia SUVENIR - francez\u0103 II\" \/>\n<meta name=\"robots\" content=\"index, follow, max-snippet:-1, max-image-preview:large, max-video-preview:-1\" \/>\n<link rel=\"canonical\" href=\"https:\/\/inspiratio.ro\/produs\/romania-suvenir-lb-franceza-florin-andreescu\/\" \/>\n<meta property=\"og:locale\" content=\"en_US\" \/>\n<meta property=\"og:type\" content=\"article\" \/>\n<meta property=\"og:title\" content=\"ADL Rom\u00e2nia SUVENIR - francez\u0103 II - Inspiratio\" \/>\n<meta property=\"og:description\" content=\"ADL Rom\u00e2nia SUVENIR - francez\u0103 II\" \/>\n<meta property=\"og:url\" content=\"https:\/\/inspiratio.ro\/produs\/romania-suvenir-lb-franceza-florin-andreescu\/\" \/>\n<meta property=\"og:site_name\" content=\"Inspiratio\" \/>\n<meta property=\"article:publisher\" content=\"https:\/\/www.facebook.com\/inspiratiogiftstudio\/\" \/>\n<meta property=\"article:modified_time\" content=\"2026-02-19T12:15:37+00:00\" \/>\n<meta property=\"og:image\" content=\"https:\/\/inspiratio.ro\/wp-content\/uploads\/2020\/11\/album-romania-souvenir-limba-franceza.jpg\" \/>\n\t<meta property=\"og:image:width\" content=\"800\" \/>\n\t<meta property=\"og:image:height\" content=\"800\" \/>\n\t<meta property=\"og:image:type\" content=\"image\/jpeg\" \/>\n<meta name=\"twitter:card\" content=\"summary_large_image\" \/>\n<meta name=\"twitter:label1\" content=\"Est. reading time\" \/>\n\t<meta name=\"twitter:data1\" content=\"2 minutes\" \/>\n<script type=\"application\/ld+json\" class=\"yoast-schema-graph\">{\"@context\":\"https:\/\/schema.org\",\"@graph\":[{\"@type\":\"WebPage\",\"@id\":\"https:\/\/inspiratio.ro\/produs\/romania-suvenir-lb-franceza-florin-andreescu\/\",\"url\":\"https:\/\/inspiratio.ro\/produs\/romania-suvenir-lb-franceza-florin-andreescu\/\",\"name\":\"ADL Rom\u00e2nia SUVENIR - francez\u0103 II - Inspiratio\",\"isPartOf\":{\"@id\":\"https:\/\/inspiratio.ro\/#website\"},\"primaryImageOfPage\":{\"@id\":\"https:\/\/inspiratio.ro\/produs\/romania-suvenir-lb-franceza-florin-andreescu\/#primaryimage\"},\"image\":{\"@id\":\"https:\/\/inspiratio.ro\/produs\/romania-suvenir-lb-franceza-florin-andreescu\/#primaryimage\"},\"thumbnailUrl\":\"https:\/\/inspiratio.ro\/wp-content\/uploads\/2020\/11\/album-romania-souvenir-limba-franceza.jpg\",\"datePublished\":\"2020-11-24T09:59:06+00:00\",\"dateModified\":\"2026-02-19T12:15:37+00:00\",\"description\":\"ADL Rom\u00e2nia SUVENIR - francez\u0103 II\",\"breadcrumb\":{\"@id\":\"https:\/\/inspiratio.ro\/produs\/romania-suvenir-lb-franceza-florin-andreescu\/#breadcrumb\"},\"inLanguage\":\"en-US\",\"potentialAction\":[{\"@type\":\"ReadAction\",\"target\":[\"https:\/\/inspiratio.ro\/produs\/romania-suvenir-lb-franceza-florin-andreescu\/\"]}]},{\"@type\":\"ImageObject\",\"inLanguage\":\"en-US\",\"@id\":\"https:\/\/inspiratio.ro\/produs\/romania-suvenir-lb-franceza-florin-andreescu\/#primaryimage\",\"url\":\"https:\/\/inspiratio.ro\/wp-content\/uploads\/2020\/11\/album-romania-souvenir-limba-franceza.jpg\",\"contentUrl\":\"https:\/\/inspiratio.ro\/wp-content\/uploads\/2020\/11\/album-romania-souvenir-limba-franceza.jpg\",\"width\":800,\"height\":800},{\"@type\":\"BreadcrumbList\",\"@id\":\"https:\/\/inspiratio.ro\/produs\/romania-suvenir-lb-franceza-florin-andreescu\/#breadcrumb\",\"itemListElement\":[{\"@type\":\"ListItem\",\"position\":1,\"name\":\"Shop\",\"item\":\"https:\/\/inspiratio.ro\/magazin-cadouri\/\"},{\"@type\":\"ListItem\",\"position\":2,\"name\":\"ADL Rom\u00e2nia SUVENIR &#8211; francez\u0103 II\"}]},{\"@type\":\"WebSite\",\"@id\":\"https:\/\/inspiratio.ro\/#website\",\"url\":\"https:\/\/inspiratio.ro\/\",\"name\":\"Inspiratio\",\"description\":\"Las\u0103-te purtat de inspira\u021bie\",\"publisher\":{\"@id\":\"https:\/\/inspiratio.ro\/#organization\"},\"potentialAction\":[{\"@type\":\"SearchAction\",\"target\":{\"@type\":\"EntryPoint\",\"urlTemplate\":\"https:\/\/inspiratio.ro\/?s={search_term_string}\"},\"query-input\":{\"@type\":\"PropertyValueSpecification\",\"valueRequired\":true,\"valueName\":\"search_term_string\"}}],\"inLanguage\":\"en-US\"},{\"@type\":\"Organization\",\"@id\":\"https:\/\/inspiratio.ro\/#organization\",\"name\":\"Inspiratio\",\"url\":\"https:\/\/inspiratio.ro\/\",\"logo\":{\"@type\":\"ImageObject\",\"inLanguage\":\"en-US\",\"@id\":\"https:\/\/inspiratio.ro\/#\/schema\/logo\/image\/\",\"url\":\"https:\/\/inspiratio.ro\/wp-content\/uploads\/2020\/06\/logo-inspiratio.png\",\"contentUrl\":\"https:\/\/inspiratio.ro\/wp-content\/uploads\/2020\/06\/logo-inspiratio.png\",\"width\":232,\"height\":209,\"caption\":\"Inspiratio\"},\"image\":{\"@id\":\"https:\/\/inspiratio.ro\/#\/schema\/logo\/image\/\"},\"sameAs\":[\"https:\/\/www.facebook.com\/inspiratiogiftstudio\/\",\"https:\/\/www.instagram.com\/inspiratio_giftstudio\/\"]}]}<\/script>\n<!-- \/ Yoast SEO plugin. -->","yoast_head_json":{"title":"ADL Rom\u00e2nia SUVENIR - francez\u0103 II - Inspiratio","description":"ADL Rom\u00e2nia SUVENIR - francez\u0103 II","robots":{"index":"index","follow":"follow","max-snippet":"max-snippet:-1","max-image-preview":"max-image-preview:large","max-video-preview":"max-video-preview:-1"},"canonical":"https:\/\/inspiratio.ro\/produs\/romania-suvenir-lb-franceza-florin-andreescu\/","og_locale":"en_US","og_type":"article","og_title":"ADL Rom\u00e2nia SUVENIR - francez\u0103 II - Inspiratio","og_description":"ADL Rom\u00e2nia SUVENIR - francez\u0103 II","og_url":"https:\/\/inspiratio.ro\/produs\/romania-suvenir-lb-franceza-florin-andreescu\/","og_site_name":"Inspiratio","article_publisher":"https:\/\/www.facebook.com\/inspiratiogiftstudio\/","article_modified_time":"2026-02-19T12:15:37+00:00","og_image":[{"width":800,"height":800,"url":"https:\/\/inspiratio.ro\/wp-content\/uploads\/2020\/11\/album-romania-souvenir-limba-franceza.jpg","type":"image\/jpeg"}],"twitter_card":"summary_large_image","twitter_misc":{"Est. reading time":"2 minutes"},"schema":{"@context":"https:\/\/schema.org","@graph":[{"@type":"WebPage","@id":"https:\/\/inspiratio.ro\/produs\/romania-suvenir-lb-franceza-florin-andreescu\/","url":"https:\/\/inspiratio.ro\/produs\/romania-suvenir-lb-franceza-florin-andreescu\/","name":"ADL Rom\u00e2nia SUVENIR - francez\u0103 II - Inspiratio","isPartOf":{"@id":"https:\/\/inspiratio.ro\/#website"},"primaryImageOfPage":{"@id":"https:\/\/inspiratio.ro\/produs\/romania-suvenir-lb-franceza-florin-andreescu\/#primaryimage"},"image":{"@id":"https:\/\/inspiratio.ro\/produs\/romania-suvenir-lb-franceza-florin-andreescu\/#primaryimage"},"thumbnailUrl":"https:\/\/inspiratio.ro\/wp-content\/uploads\/2020\/11\/album-romania-souvenir-limba-franceza.jpg","datePublished":"2020-11-24T09:59:06+00:00","dateModified":"2026-02-19T12:15:37+00:00","description":"ADL Rom\u00e2nia SUVENIR - francez\u0103 II","breadcrumb":{"@id":"https:\/\/inspiratio.ro\/produs\/romania-suvenir-lb-franceza-florin-andreescu\/#breadcrumb"},"inLanguage":"en-US","potentialAction":[{"@type":"ReadAction","target":["https:\/\/inspiratio.ro\/produs\/romania-suvenir-lb-franceza-florin-andreescu\/"]}]},{"@type":"ImageObject","inLanguage":"en-US","@id":"https:\/\/inspiratio.ro\/produs\/romania-suvenir-lb-franceza-florin-andreescu\/#primaryimage","url":"https:\/\/inspiratio.ro\/wp-content\/uploads\/2020\/11\/album-romania-souvenir-limba-franceza.jpg","contentUrl":"https:\/\/inspiratio.ro\/wp-content\/uploads\/2020\/11\/album-romania-souvenir-limba-franceza.jpg","width":800,"height":800},{"@type":"BreadcrumbList","@id":"https:\/\/inspiratio.ro\/produs\/romania-suvenir-lb-franceza-florin-andreescu\/#breadcrumb","itemListElement":[{"@type":"ListItem","position":1,"name":"Shop","item":"https:\/\/inspiratio.ro\/magazin-cadouri\/"},{"@type":"ListItem","position":2,"name":"ADL Rom\u00e2nia SUVENIR &#8211; francez\u0103 II"}]},{"@type":"WebSite","@id":"https:\/\/inspiratio.ro\/#website","url":"https:\/\/inspiratio.ro\/","name":"Inspiratio","description":"Las\u0103-te purtat de inspira\u021bie","publisher":{"@id":"https:\/\/inspiratio.ro\/#organization"},"potentialAction":[{"@type":"SearchAction","target":{"@type":"EntryPoint","urlTemplate":"https:\/\/inspiratio.ro\/?s={search_term_string}"},"query-input":{"@type":"PropertyValueSpecification","valueRequired":true,"valueName":"search_term_string"}}],"inLanguage":"en-US"},{"@type":"Organization","@id":"https:\/\/inspiratio.ro\/#organization","name":"Inspiratio","url":"https:\/\/inspiratio.ro\/","logo":{"@type":"ImageObject","inLanguage":"en-US","@id":"https:\/\/inspiratio.ro\/#\/schema\/logo\/image\/","url":"https:\/\/inspiratio.ro\/wp-content\/uploads\/2020\/06\/logo-inspiratio.png","contentUrl":"https:\/\/inspiratio.ro\/wp-content\/uploads\/2020\/06\/logo-inspiratio.png","width":232,"height":209,"caption":"Inspiratio"},"image":{"@id":"https:\/\/inspiratio.ro\/#\/schema\/logo\/image\/"},"sameAs":["https:\/\/www.facebook.com\/inspiratiogiftstudio\/","https:\/\/www.instagram.com\/inspiratio_giftstudio\/"]}]}},"brands":[{"id":57,"name":"Ad Libri","slug":"ad-libri"}],"_links":{"self":[{"href":"https:\/\/inspiratio.ro\/en\/wp-json\/wp\/v2\/product\/2296","targetHints":{"allow":["GET"]}}],"collection":[{"href":"https:\/\/inspiratio.ro\/en\/wp-json\/wp\/v2\/product"}],"about":[{"href":"https:\/\/inspiratio.ro\/en\/wp-json\/wp\/v2\/types\/product"}],"replies":[{"embeddable":true,"href":"https:\/\/inspiratio.ro\/en\/wp-json\/wp\/v2\/comments?post=2296"}],"wp:featuredmedia":[{"embeddable":true,"href":"https:\/\/inspiratio.ro\/en\/wp-json\/wp\/v2\/media\/10377"}],"wp:attachment":[{"href":"https:\/\/inspiratio.ro\/en\/wp-json\/wp\/v2\/media?parent=2296"}],"wp:term":[{"taxonomy":"pwb-brand","embeddable":true,"href":"https:\/\/inspiratio.ro\/en\/wp-json\/wp\/v2\/pwb-brand?post=2296"},{"taxonomy":"product_brand","embeddable":true,"href":"https:\/\/inspiratio.ro\/en\/wp-json\/wp\/v2\/product_brand?post=2296"},{"taxonomy":"product_cat","embeddable":true,"href":"https:\/\/inspiratio.ro\/en\/wp-json\/wp\/v2\/product_cat?post=2296"},{"taxonomy":"product_tag","embeddable":true,"href":"https:\/\/inspiratio.ro\/en\/wp-json\/wp\/v2\/product_tag?post=2296"}],"curies":[{"name":"wp","href":"https:\/\/api.w.org\/{rel}","templated":true}]}}