{"id":2293,"date":"2020-11-24T11:59:06","date_gmt":"2020-11-24T09:59:06","guid":{"rendered":"http:\/\/emiralmedia.ro\/site\/inspiratio\/produs\/harta-transilvania-de-sud-tara-bisericilor-fortificate\/"},"modified":"2026-02-19T18:16:51","modified_gmt":"2026-02-19T16:16:51","slug":"harta-transilvania-de-sud-tara-bisericilor-fortificate","status":"publish","type":"product","link":"https:\/\/inspiratio.ro\/en\/produs\/harta-transilvania-de-sud-tara-bisericilor-fortificate\/","title":{"rendered":"Hart\u0103 Transilvania de Sud &#8211; \u021aara bisericilor fortificate"},"content":{"rendered":"<p>\u201ePentru cei care nu au scrutat zarea din turnuri-clopotni\u0163\u0103 (ex: Viscri); pentru cei care nu au cutreierat prin culoare \u015fi cur\u0163i interioare, re\u00eenviind pagini de istorie (ex: Prejmer); pentru cei care nu au v\u0103zut me\u015fte\u015fugita \u00eencuietoare de la Biertan (premiat\u0103 la Paris, \u00een 1910); pentru cei care nu \u015ftiu de \u00eenchisoarea so\u0163ilor sau de turnul slaninii&#8230;&#8221;.<\/p>\n<p>Harta panoramic\u0103 a Transilvaniei de Sud &#8211; \u0162ara Bisericilor Fortificate lanseaz\u0103 o invita\u0163ie &#8220;avizat\u0103&#8221;, deschiz\u00e2nd o perspectiv\u0103 larg\u0103 c\u0103tre istoria, cultura \u015fi relieful acestor locuri.<\/p>\n","protected":false},"excerpt":{"rendered":"<p>Hart\u0103<\/p>\n","protected":false},"featured_media":10488,"comment_status":"closed","ping_status":"closed","template":"","meta":[],"pwb-brand":[91],"product_brand":[272],"product_cat":[55,85,63],"product_tag":[],"class_list":{"0":"post-2293","1":"product","2":"type-product","3":"status-publish","4":"has-post-thumbnail","6":"pwb-brand-muntii-nostri","7":"product_brand-muntii-nostri","8":"product_cat-hobby-and-travel","9":"product_cat-papetarie","10":"product_cat-suveniruri-transilvania","12":"first","13":"instock","14":"taxable","15":"shipping-taxable","16":"purchasable","17":"product-type-simple"},"yoast_head":"<!-- This site is optimized with the Yoast SEO plugin v26.9 - https:\/\/yoast.com\/product\/yoast-seo-wordpress\/ -->\n<title>MUN Hart\u0103 Transilvania de Sud - \u021aara bisericilor fortificate - Inspiratio<\/title>\n<meta name=\"description\" content=\"MUN Hart\u0103 Transilvania de Sud - \u021aara bisericilor fortificate\" \/>\n<meta name=\"robots\" content=\"index, follow, max-snippet:-1, max-image-preview:large, max-video-preview:-1\" \/>\n<link rel=\"canonical\" href=\"https:\/\/inspiratio.ro\/produs\/harta-transilvania-de-sud-tara-bisericilor-fortificate\/\" \/>\n<meta property=\"og:locale\" content=\"en_US\" \/>\n<meta property=\"og:type\" content=\"article\" \/>\n<meta property=\"og:title\" content=\"MUN Hart\u0103 Transilvania de Sud - \u021aara bisericilor fortificate - Inspiratio\" \/>\n<meta property=\"og:description\" content=\"MUN Hart\u0103 Transilvania de Sud - \u021aara bisericilor fortificate\" \/>\n<meta property=\"og:url\" content=\"https:\/\/inspiratio.ro\/produs\/harta-transilvania-de-sud-tara-bisericilor-fortificate\/\" \/>\n<meta property=\"og:site_name\" content=\"Inspiratio\" \/>\n<meta property=\"article:publisher\" content=\"https:\/\/www.facebook.com\/inspiratiogiftstudio\/\" \/>\n<meta property=\"article:modified_time\" content=\"2026-02-19T16:16:51+00:00\" \/>\n<meta property=\"og:image\" content=\"https:\/\/inspiratio.ro\/wp-content\/uploads\/2020\/11\/harta_turistic___Panorama_Transilvaniei_de_Sud___ara_Bisericilor.webp\" \/>\n\t<meta property=\"og:image:width\" content=\"440\" \/>\n\t<meta property=\"og:image:height\" content=\"553\" \/>\n\t<meta property=\"og:image:type\" content=\"image\/webp\" \/>\n<meta name=\"twitter:card\" content=\"summary_large_image\" \/>\n<meta name=\"twitter:label1\" content=\"Est. reading time\" \/>\n\t<meta name=\"twitter:data1\" content=\"1 minute\" \/>\n<script type=\"application\/ld+json\" class=\"yoast-schema-graph\">{\"@context\":\"https:\/\/schema.org\",\"@graph\":[{\"@type\":\"WebPage\",\"@id\":\"https:\/\/inspiratio.ro\/produs\/harta-transilvania-de-sud-tara-bisericilor-fortificate\/\",\"url\":\"https:\/\/inspiratio.ro\/produs\/harta-transilvania-de-sud-tara-bisericilor-fortificate\/\",\"name\":\"MUN Hart\u0103 Transilvania de Sud - \u021aara bisericilor fortificate - Inspiratio\",\"isPartOf\":{\"@id\":\"https:\/\/inspiratio.ro\/#website\"},\"primaryImageOfPage\":{\"@id\":\"https:\/\/inspiratio.ro\/produs\/harta-transilvania-de-sud-tara-bisericilor-fortificate\/#primaryimage\"},\"image\":{\"@id\":\"https:\/\/inspiratio.ro\/produs\/harta-transilvania-de-sud-tara-bisericilor-fortificate\/#primaryimage\"},\"thumbnailUrl\":\"https:\/\/inspiratio.ro\/wp-content\/uploads\/2020\/11\/harta_turistic___Panorama_Transilvaniei_de_Sud___ara_Bisericilor.webp\",\"datePublished\":\"2020-11-24T09:59:06+00:00\",\"dateModified\":\"2026-02-19T16:16:51+00:00\",\"description\":\"MUN Hart\u0103 Transilvania de Sud - \u021aara bisericilor fortificate\",\"breadcrumb\":{\"@id\":\"https:\/\/inspiratio.ro\/produs\/harta-transilvania-de-sud-tara-bisericilor-fortificate\/#breadcrumb\"},\"inLanguage\":\"en-US\",\"potentialAction\":[{\"@type\":\"ReadAction\",\"target\":[\"https:\/\/inspiratio.ro\/produs\/harta-transilvania-de-sud-tara-bisericilor-fortificate\/\"]}]},{\"@type\":\"ImageObject\",\"inLanguage\":\"en-US\",\"@id\":\"https:\/\/inspiratio.ro\/produs\/harta-transilvania-de-sud-tara-bisericilor-fortificate\/#primaryimage\",\"url\":\"https:\/\/inspiratio.ro\/wp-content\/uploads\/2020\/11\/harta_turistic___Panorama_Transilvaniei_de_Sud___ara_Bisericilor.webp\",\"contentUrl\":\"https:\/\/inspiratio.ro\/wp-content\/uploads\/2020\/11\/harta_turistic___Panorama_Transilvaniei_de_Sud___ara_Bisericilor.webp\",\"width\":440,\"height\":553},{\"@type\":\"BreadcrumbList\",\"@id\":\"https:\/\/inspiratio.ro\/produs\/harta-transilvania-de-sud-tara-bisericilor-fortificate\/#breadcrumb\",\"itemListElement\":[{\"@type\":\"ListItem\",\"position\":1,\"name\":\"Shop\",\"item\":\"https:\/\/inspiratio.ro\/magazin-cadouri\/\"},{\"@type\":\"ListItem\",\"position\":2,\"name\":\"MUN Hart\u0103 Transilvania de Sud &#8211; \u021aara bisericilor fortificate\"}]},{\"@type\":\"WebSite\",\"@id\":\"https:\/\/inspiratio.ro\/#website\",\"url\":\"https:\/\/inspiratio.ro\/\",\"name\":\"Inspiratio\",\"description\":\"Las\u0103-te purtat de inspira\u021bie\",\"publisher\":{\"@id\":\"https:\/\/inspiratio.ro\/#organization\"},\"potentialAction\":[{\"@type\":\"SearchAction\",\"target\":{\"@type\":\"EntryPoint\",\"urlTemplate\":\"https:\/\/inspiratio.ro\/?s={search_term_string}\"},\"query-input\":{\"@type\":\"PropertyValueSpecification\",\"valueRequired\":true,\"valueName\":\"search_term_string\"}}],\"inLanguage\":\"en-US\"},{\"@type\":\"Organization\",\"@id\":\"https:\/\/inspiratio.ro\/#organization\",\"name\":\"Inspiratio\",\"url\":\"https:\/\/inspiratio.ro\/\",\"logo\":{\"@type\":\"ImageObject\",\"inLanguage\":\"en-US\",\"@id\":\"https:\/\/inspiratio.ro\/#\/schema\/logo\/image\/\",\"url\":\"https:\/\/inspiratio.ro\/wp-content\/uploads\/2020\/06\/logo-inspiratio.png\",\"contentUrl\":\"https:\/\/inspiratio.ro\/wp-content\/uploads\/2020\/06\/logo-inspiratio.png\",\"width\":232,\"height\":209,\"caption\":\"Inspiratio\"},\"image\":{\"@id\":\"https:\/\/inspiratio.ro\/#\/schema\/logo\/image\/\"},\"sameAs\":[\"https:\/\/www.facebook.com\/inspiratiogiftstudio\/\",\"https:\/\/www.instagram.com\/inspiratio_giftstudio\/\"]}]}<\/script>\n<!-- \/ Yoast SEO plugin. -->","yoast_head_json":{"title":"MUN Hart\u0103 Transilvania de Sud - \u021aara bisericilor fortificate - Inspiratio","description":"MUN Hart\u0103 Transilvania de Sud - \u021aara bisericilor fortificate","robots":{"index":"index","follow":"follow","max-snippet":"max-snippet:-1","max-image-preview":"max-image-preview:large","max-video-preview":"max-video-preview:-1"},"canonical":"https:\/\/inspiratio.ro\/produs\/harta-transilvania-de-sud-tara-bisericilor-fortificate\/","og_locale":"en_US","og_type":"article","og_title":"MUN Hart\u0103 Transilvania de Sud - \u021aara bisericilor fortificate - Inspiratio","og_description":"MUN Hart\u0103 Transilvania de Sud - \u021aara bisericilor fortificate","og_url":"https:\/\/inspiratio.ro\/produs\/harta-transilvania-de-sud-tara-bisericilor-fortificate\/","og_site_name":"Inspiratio","article_publisher":"https:\/\/www.facebook.com\/inspiratiogiftstudio\/","article_modified_time":"2026-02-19T16:16:51+00:00","og_image":[{"width":440,"height":553,"url":"https:\/\/inspiratio.ro\/wp-content\/uploads\/2020\/11\/harta_turistic___Panorama_Transilvaniei_de_Sud___ara_Bisericilor.webp","type":"image\/webp"}],"twitter_card":"summary_large_image","twitter_misc":{"Est. reading time":"1 minute"},"schema":{"@context":"https:\/\/schema.org","@graph":[{"@type":"WebPage","@id":"https:\/\/inspiratio.ro\/produs\/harta-transilvania-de-sud-tara-bisericilor-fortificate\/","url":"https:\/\/inspiratio.ro\/produs\/harta-transilvania-de-sud-tara-bisericilor-fortificate\/","name":"MUN Hart\u0103 Transilvania de Sud - \u021aara bisericilor fortificate - Inspiratio","isPartOf":{"@id":"https:\/\/inspiratio.ro\/#website"},"primaryImageOfPage":{"@id":"https:\/\/inspiratio.ro\/produs\/harta-transilvania-de-sud-tara-bisericilor-fortificate\/#primaryimage"},"image":{"@id":"https:\/\/inspiratio.ro\/produs\/harta-transilvania-de-sud-tara-bisericilor-fortificate\/#primaryimage"},"thumbnailUrl":"https:\/\/inspiratio.ro\/wp-content\/uploads\/2020\/11\/harta_turistic___Panorama_Transilvaniei_de_Sud___ara_Bisericilor.webp","datePublished":"2020-11-24T09:59:06+00:00","dateModified":"2026-02-19T16:16:51+00:00","description":"MUN Hart\u0103 Transilvania de Sud - \u021aara bisericilor fortificate","breadcrumb":{"@id":"https:\/\/inspiratio.ro\/produs\/harta-transilvania-de-sud-tara-bisericilor-fortificate\/#breadcrumb"},"inLanguage":"en-US","potentialAction":[{"@type":"ReadAction","target":["https:\/\/inspiratio.ro\/produs\/harta-transilvania-de-sud-tara-bisericilor-fortificate\/"]}]},{"@type":"ImageObject","inLanguage":"en-US","@id":"https:\/\/inspiratio.ro\/produs\/harta-transilvania-de-sud-tara-bisericilor-fortificate\/#primaryimage","url":"https:\/\/inspiratio.ro\/wp-content\/uploads\/2020\/11\/harta_turistic___Panorama_Transilvaniei_de_Sud___ara_Bisericilor.webp","contentUrl":"https:\/\/inspiratio.ro\/wp-content\/uploads\/2020\/11\/harta_turistic___Panorama_Transilvaniei_de_Sud___ara_Bisericilor.webp","width":440,"height":553},{"@type":"BreadcrumbList","@id":"https:\/\/inspiratio.ro\/produs\/harta-transilvania-de-sud-tara-bisericilor-fortificate\/#breadcrumb","itemListElement":[{"@type":"ListItem","position":1,"name":"Shop","item":"https:\/\/inspiratio.ro\/magazin-cadouri\/"},{"@type":"ListItem","position":2,"name":"MUN Hart\u0103 Transilvania de Sud &#8211; \u021aara bisericilor fortificate"}]},{"@type":"WebSite","@id":"https:\/\/inspiratio.ro\/#website","url":"https:\/\/inspiratio.ro\/","name":"Inspiratio","description":"Las\u0103-te purtat de inspira\u021bie","publisher":{"@id":"https:\/\/inspiratio.ro\/#organization"},"potentialAction":[{"@type":"SearchAction","target":{"@type":"EntryPoint","urlTemplate":"https:\/\/inspiratio.ro\/?s={search_term_string}"},"query-input":{"@type":"PropertyValueSpecification","valueRequired":true,"valueName":"search_term_string"}}],"inLanguage":"en-US"},{"@type":"Organization","@id":"https:\/\/inspiratio.ro\/#organization","name":"Inspiratio","url":"https:\/\/inspiratio.ro\/","logo":{"@type":"ImageObject","inLanguage":"en-US","@id":"https:\/\/inspiratio.ro\/#\/schema\/logo\/image\/","url":"https:\/\/inspiratio.ro\/wp-content\/uploads\/2020\/06\/logo-inspiratio.png","contentUrl":"https:\/\/inspiratio.ro\/wp-content\/uploads\/2020\/06\/logo-inspiratio.png","width":232,"height":209,"caption":"Inspiratio"},"image":{"@id":"https:\/\/inspiratio.ro\/#\/schema\/logo\/image\/"},"sameAs":["https:\/\/www.facebook.com\/inspiratiogiftstudio\/","https:\/\/www.instagram.com\/inspiratio_giftstudio\/"]}]}},"brands":[{"id":91,"name":"Muntii nostri","slug":"muntii-nostri"}],"_links":{"self":[{"href":"https:\/\/inspiratio.ro\/en\/wp-json\/wp\/v2\/product\/2293","targetHints":{"allow":["GET"]}}],"collection":[{"href":"https:\/\/inspiratio.ro\/en\/wp-json\/wp\/v2\/product"}],"about":[{"href":"https:\/\/inspiratio.ro\/en\/wp-json\/wp\/v2\/types\/product"}],"replies":[{"embeddable":true,"href":"https:\/\/inspiratio.ro\/en\/wp-json\/wp\/v2\/comments?post=2293"}],"wp:featuredmedia":[{"embeddable":true,"href":"https:\/\/inspiratio.ro\/en\/wp-json\/wp\/v2\/media\/10488"}],"wp:attachment":[{"href":"https:\/\/inspiratio.ro\/en\/wp-json\/wp\/v2\/media?parent=2293"}],"wp:term":[{"taxonomy":"pwb-brand","embeddable":true,"href":"https:\/\/inspiratio.ro\/en\/wp-json\/wp\/v2\/pwb-brand?post=2293"},{"taxonomy":"product_brand","embeddable":true,"href":"https:\/\/inspiratio.ro\/en\/wp-json\/wp\/v2\/product_brand?post=2293"},{"taxonomy":"product_cat","embeddable":true,"href":"https:\/\/inspiratio.ro\/en\/wp-json\/wp\/v2\/product_cat?post=2293"},{"taxonomy":"product_tag","embeddable":true,"href":"https:\/\/inspiratio.ro\/en\/wp-json\/wp\/v2\/product_tag?post=2293"}],"curies":[{"name":"wp","href":"https:\/\/api.w.org\/{rel}","templated":true}]}}