{"id":2288,"date":"2020-11-24T11:59:02","date_gmt":"2020-11-24T11:59:02","guid":{"rendered":"http:\/\/emiralmedia.ro\/site\/inspiratio\/produs\/trasee-cicloturistice-in-imprejurimile-brasovului\/"},"modified":"2026-02-19T18:26:09","modified_gmt":"2026-02-19T16:26:09","slug":"trasee-cicloturistice-in-imprejurimile-brasovului","status":"publish","type":"product","link":"https:\/\/inspiratio.ro\/en\/produs\/trasee-cicloturistice-in-imprejurimile-brasovului\/","title":{"rendered":"Trasee cu bicicleta \u00een \u00eemprejurimile Bra\u0219ovului"},"content":{"rendered":"<p>Harta de cicloturism din \u00eemprejurimile Bra\u015fovului poart\u0103 indicativul MB03, ceea ce \u00eenseamn\u0103 c\u0103 este al treilea num\u0103r din seria \u201eH\u0103r\u0163i Cicloturistice\u201d.<\/p>\n<p>Harta a fost editat\u0103 folosind cele mai actuale tehnici de cartografiere \u015fi este tip\u0103rit\u0103 pe h\u00e2rtie rezistent\u0103 la umiditate. Este u\u015for de citit \u015fi simplu de utilizat, datorit\u0103 stilurilor de reprezentare cartografice, specifice firmei Schubert &amp; Franzke, \u015fi datorit\u0103 structur\u0103rii practice a informa\u0163iilor. Totul este la \u00eendeman\u0103, exact acolo unde este necesar, fiind util\u0103 at\u00e2t pasiona\u0163ilor de cicloturism, c\u00e2t \u0219i profesioni\u0219tilor.<\/p>\n<p>Toate traseele au fost parcurse pe teren cu GPS-ul. Acestea sunt descrise \u00een detaliu, \u00een limbile rom\u00e2n\u0103 \u015fi englez\u0103, unele trasee av\u00e2nd ata\u015fate imagini reprezentative. Fiecare traseu are o caset\u0103 tehnic\u0103, con\u0163in\u00e2nd: ruta traseului verificat pe teren, profilul cu punctele de reper mai importante, date referitoare la dificultate, lungime, urcu\u015f total, cobor\u00e2re total\u0103 etc. Harta con\u0163ine \u015fi un caroiaj UTM, un sistem de coordonate metric, fiind util \u00een m\u0103surarea rapid\u0103 a distan\u0163elor pe hart\u0103. Umbrirea \u015fi curbele de nivel scot \u00een eviden\u0163\u0103 relieful, u\u015fur\u00e2nd orientarea.<\/p>\n<p>S\u0103 v\u0103 bucura\u0163i de aceast\u0103 hart\u0103 sus, pe culmile \u00eensorite ale mun\u0163ilor.<\/p>\n","protected":false},"excerpt":{"rendered":"<p>Hart\u0103 trasee cicloturistice<\/p>\n","protected":false},"featured_media":10494,"comment_status":"closed","ping_status":"closed","template":"","meta":[],"pwb-brand":[91],"product_brand":[],"product_cat":[55],"product_tag":[],"class_list":{"0":"post-2288","1":"product","2":"type-product","3":"status-publish","4":"has-post-thumbnail","6":"pwb-brand-muntii-nostri","7":"product_cat-hobby-and-travel","9":"first","10":"instock","11":"taxable","12":"shipping-taxable","13":"purchasable","14":"product-type-simple"},"yoast_head":"<!-- This site is optimized with the Yoast SEO plugin v26.9 - https:\/\/yoast.com\/product\/yoast-seo-wordpress\/ -->\n<title>MUN Trasee cu bicicleta \u00een \u00eemprejurimile Bra\u0219ovului - Inspiratio<\/title>\n<meta name=\"description\" content=\"MUN Trasee cu bicicleta \u00een \u00eemprejurimile Bra\u0219ovului\" \/>\n<meta name=\"robots\" content=\"index, follow, max-snippet:-1, max-image-preview:large, max-video-preview:-1\" \/>\n<link rel=\"canonical\" href=\"https:\/\/inspiratio.ro\/produs\/trasee-cicloturistice-in-imprejurimile-brasovului\/\" \/>\n<meta property=\"og:locale\" content=\"en_US\" \/>\n<meta property=\"og:type\" content=\"article\" \/>\n<meta property=\"og:title\" content=\"MUN Trasee cu bicicleta \u00een \u00eemprejurimile Bra\u0219ovului - Inspiratio\" \/>\n<meta property=\"og:description\" content=\"MUN Trasee cu bicicleta \u00een \u00eemprejurimile Bra\u0219ovului\" \/>\n<meta property=\"og:url\" content=\"https:\/\/inspiratio.ro\/produs\/trasee-cicloturistice-in-imprejurimile-brasovului\/\" \/>\n<meta property=\"og:site_name\" content=\"Inspiratio\" \/>\n<meta property=\"article:publisher\" content=\"https:\/\/www.facebook.com\/inspiratiogiftstudio\/\" \/>\n<meta property=\"article:modified_time\" content=\"2026-02-19T16:26:09+00:00\" \/>\n<meta property=\"og:image\" content=\"https:\/\/inspiratio.ro\/wp-content\/uploads\/2020\/11\/Trasee-cicloturistice-in-imprejurimile-Brasovului-MB03-Schubert-Franzke-Cartographia-9786069405161.jpg.webp\" \/>\n\t<meta property=\"og:image:width\" content=\"440\" \/>\n\t<meta property=\"og:image:height\" content=\"553\" \/>\n\t<meta property=\"og:image:type\" content=\"image\/webp\" \/>\n<meta name=\"twitter:card\" content=\"summary_large_image\" \/>\n<meta name=\"twitter:label1\" content=\"Est. reading time\" \/>\n\t<meta name=\"twitter:data1\" content=\"2 minutes\" \/>\n<script type=\"application\/ld+json\" class=\"yoast-schema-graph\">{\"@context\":\"https:\/\/schema.org\",\"@graph\":[{\"@type\":\"WebPage\",\"@id\":\"https:\/\/inspiratio.ro\/produs\/trasee-cicloturistice-in-imprejurimile-brasovului\/\",\"url\":\"https:\/\/inspiratio.ro\/produs\/trasee-cicloturistice-in-imprejurimile-brasovului\/\",\"name\":\"MUN Trasee cu bicicleta \u00een \u00eemprejurimile Bra\u0219ovului - Inspiratio\",\"isPartOf\":{\"@id\":\"https:\/\/inspiratio.ro\/#website\"},\"primaryImageOfPage\":{\"@id\":\"https:\/\/inspiratio.ro\/produs\/trasee-cicloturistice-in-imprejurimile-brasovului\/#primaryimage\"},\"image\":{\"@id\":\"https:\/\/inspiratio.ro\/produs\/trasee-cicloturistice-in-imprejurimile-brasovului\/#primaryimage\"},\"thumbnailUrl\":\"https:\/\/inspiratio.ro\/wp-content\/uploads\/2020\/11\/Trasee-cicloturistice-in-imprejurimile-Brasovului-MB03-Schubert-Franzke-Cartographia-9786069405161.jpg.webp\",\"datePublished\":\"2020-11-24T11:59:02+00:00\",\"dateModified\":\"2026-02-19T16:26:09+00:00\",\"description\":\"MUN Trasee cu bicicleta \u00een \u00eemprejurimile Bra\u0219ovului\",\"breadcrumb\":{\"@id\":\"https:\/\/inspiratio.ro\/produs\/trasee-cicloturistice-in-imprejurimile-brasovului\/#breadcrumb\"},\"inLanguage\":\"en-US\",\"potentialAction\":[{\"@type\":\"ReadAction\",\"target\":[\"https:\/\/inspiratio.ro\/produs\/trasee-cicloturistice-in-imprejurimile-brasovului\/\"]}]},{\"@type\":\"ImageObject\",\"inLanguage\":\"en-US\",\"@id\":\"https:\/\/inspiratio.ro\/produs\/trasee-cicloturistice-in-imprejurimile-brasovului\/#primaryimage\",\"url\":\"https:\/\/inspiratio.ro\/wp-content\/uploads\/2020\/11\/Trasee-cicloturistice-in-imprejurimile-Brasovului-MB03-Schubert-Franzke-Cartographia-9786069405161.jpg.webp\",\"contentUrl\":\"https:\/\/inspiratio.ro\/wp-content\/uploads\/2020\/11\/Trasee-cicloturistice-in-imprejurimile-Brasovului-MB03-Schubert-Franzke-Cartographia-9786069405161.jpg.webp\",\"width\":440,\"height\":553},{\"@type\":\"BreadcrumbList\",\"@id\":\"https:\/\/inspiratio.ro\/produs\/trasee-cicloturistice-in-imprejurimile-brasovului\/#breadcrumb\",\"itemListElement\":[{\"@type\":\"ListItem\",\"position\":1,\"name\":\"Shop\",\"item\":\"https:\/\/inspiratio.ro\/magazin-cadouri\/\"},{\"@type\":\"ListItem\",\"position\":2,\"name\":\"MUN Trasee cu bicicleta \u00een \u00eemprejurimile Bra\u0219ovului\"}]},{\"@type\":\"WebSite\",\"@id\":\"https:\/\/inspiratio.ro\/#website\",\"url\":\"https:\/\/inspiratio.ro\/\",\"name\":\"Inspiratio\",\"description\":\"Las\u0103-te purtat de inspira\u021bie\",\"publisher\":{\"@id\":\"https:\/\/inspiratio.ro\/#organization\"},\"potentialAction\":[{\"@type\":\"SearchAction\",\"target\":{\"@type\":\"EntryPoint\",\"urlTemplate\":\"https:\/\/inspiratio.ro\/?s={search_term_string}\"},\"query-input\":{\"@type\":\"PropertyValueSpecification\",\"valueRequired\":true,\"valueName\":\"search_term_string\"}}],\"inLanguage\":\"en-US\"},{\"@type\":\"Organization\",\"@id\":\"https:\/\/inspiratio.ro\/#organization\",\"name\":\"Inspiratio\",\"url\":\"https:\/\/inspiratio.ro\/\",\"logo\":{\"@type\":\"ImageObject\",\"inLanguage\":\"en-US\",\"@id\":\"https:\/\/inspiratio.ro\/#\/schema\/logo\/image\/\",\"url\":\"https:\/\/inspiratio.ro\/wp-content\/uploads\/2020\/06\/logo-inspiratio.png\",\"contentUrl\":\"https:\/\/inspiratio.ro\/wp-content\/uploads\/2020\/06\/logo-inspiratio.png\",\"width\":232,\"height\":209,\"caption\":\"Inspiratio\"},\"image\":{\"@id\":\"https:\/\/inspiratio.ro\/#\/schema\/logo\/image\/\"},\"sameAs\":[\"https:\/\/www.facebook.com\/inspiratiogiftstudio\/\",\"https:\/\/www.instagram.com\/inspiratio_giftstudio\/\"]}]}<\/script>\n<!-- \/ Yoast SEO plugin. -->","yoast_head_json":{"title":"MUN Trasee cu bicicleta \u00een \u00eemprejurimile Bra\u0219ovului - Inspiratio","description":"MUN Trasee cu bicicleta \u00een \u00eemprejurimile Bra\u0219ovului","robots":{"index":"index","follow":"follow","max-snippet":"max-snippet:-1","max-image-preview":"max-image-preview:large","max-video-preview":"max-video-preview:-1"},"canonical":"https:\/\/inspiratio.ro\/produs\/trasee-cicloturistice-in-imprejurimile-brasovului\/","og_locale":"en_US","og_type":"article","og_title":"MUN Trasee cu bicicleta \u00een \u00eemprejurimile Bra\u0219ovului - Inspiratio","og_description":"MUN Trasee cu bicicleta \u00een \u00eemprejurimile Bra\u0219ovului","og_url":"https:\/\/inspiratio.ro\/produs\/trasee-cicloturistice-in-imprejurimile-brasovului\/","og_site_name":"Inspiratio","article_publisher":"https:\/\/www.facebook.com\/inspiratiogiftstudio\/","article_modified_time":"2026-02-19T16:26:09+00:00","og_image":[{"width":440,"height":553,"url":"https:\/\/inspiratio.ro\/wp-content\/uploads\/2020\/11\/Trasee-cicloturistice-in-imprejurimile-Brasovului-MB03-Schubert-Franzke-Cartographia-9786069405161.jpg.webp","type":"image\/webp"}],"twitter_card":"summary_large_image","twitter_misc":{"Est. reading time":"2 minutes"},"schema":{"@context":"https:\/\/schema.org","@graph":[{"@type":"WebPage","@id":"https:\/\/inspiratio.ro\/produs\/trasee-cicloturistice-in-imprejurimile-brasovului\/","url":"https:\/\/inspiratio.ro\/produs\/trasee-cicloturistice-in-imprejurimile-brasovului\/","name":"MUN Trasee cu bicicleta \u00een \u00eemprejurimile Bra\u0219ovului - Inspiratio","isPartOf":{"@id":"https:\/\/inspiratio.ro\/#website"},"primaryImageOfPage":{"@id":"https:\/\/inspiratio.ro\/produs\/trasee-cicloturistice-in-imprejurimile-brasovului\/#primaryimage"},"image":{"@id":"https:\/\/inspiratio.ro\/produs\/trasee-cicloturistice-in-imprejurimile-brasovului\/#primaryimage"},"thumbnailUrl":"https:\/\/inspiratio.ro\/wp-content\/uploads\/2020\/11\/Trasee-cicloturistice-in-imprejurimile-Brasovului-MB03-Schubert-Franzke-Cartographia-9786069405161.jpg.webp","datePublished":"2020-11-24T11:59:02+00:00","dateModified":"2026-02-19T16:26:09+00:00","description":"MUN Trasee cu bicicleta \u00een \u00eemprejurimile Bra\u0219ovului","breadcrumb":{"@id":"https:\/\/inspiratio.ro\/produs\/trasee-cicloturistice-in-imprejurimile-brasovului\/#breadcrumb"},"inLanguage":"en-US","potentialAction":[{"@type":"ReadAction","target":["https:\/\/inspiratio.ro\/produs\/trasee-cicloturistice-in-imprejurimile-brasovului\/"]}]},{"@type":"ImageObject","inLanguage":"en-US","@id":"https:\/\/inspiratio.ro\/produs\/trasee-cicloturistice-in-imprejurimile-brasovului\/#primaryimage","url":"https:\/\/inspiratio.ro\/wp-content\/uploads\/2020\/11\/Trasee-cicloturistice-in-imprejurimile-Brasovului-MB03-Schubert-Franzke-Cartographia-9786069405161.jpg.webp","contentUrl":"https:\/\/inspiratio.ro\/wp-content\/uploads\/2020\/11\/Trasee-cicloturistice-in-imprejurimile-Brasovului-MB03-Schubert-Franzke-Cartographia-9786069405161.jpg.webp","width":440,"height":553},{"@type":"BreadcrumbList","@id":"https:\/\/inspiratio.ro\/produs\/trasee-cicloturistice-in-imprejurimile-brasovului\/#breadcrumb","itemListElement":[{"@type":"ListItem","position":1,"name":"Shop","item":"https:\/\/inspiratio.ro\/magazin-cadouri\/"},{"@type":"ListItem","position":2,"name":"MUN Trasee cu bicicleta \u00een \u00eemprejurimile Bra\u0219ovului"}]},{"@type":"WebSite","@id":"https:\/\/inspiratio.ro\/#website","url":"https:\/\/inspiratio.ro\/","name":"Inspiratio","description":"Las\u0103-te purtat de inspira\u021bie","publisher":{"@id":"https:\/\/inspiratio.ro\/#organization"},"potentialAction":[{"@type":"SearchAction","target":{"@type":"EntryPoint","urlTemplate":"https:\/\/inspiratio.ro\/?s={search_term_string}"},"query-input":{"@type":"PropertyValueSpecification","valueRequired":true,"valueName":"search_term_string"}}],"inLanguage":"en-US"},{"@type":"Organization","@id":"https:\/\/inspiratio.ro\/#organization","name":"Inspiratio","url":"https:\/\/inspiratio.ro\/","logo":{"@type":"ImageObject","inLanguage":"en-US","@id":"https:\/\/inspiratio.ro\/#\/schema\/logo\/image\/","url":"https:\/\/inspiratio.ro\/wp-content\/uploads\/2020\/06\/logo-inspiratio.png","contentUrl":"https:\/\/inspiratio.ro\/wp-content\/uploads\/2020\/06\/logo-inspiratio.png","width":232,"height":209,"caption":"Inspiratio"},"image":{"@id":"https:\/\/inspiratio.ro\/#\/schema\/logo\/image\/"},"sameAs":["https:\/\/www.facebook.com\/inspiratiogiftstudio\/","https:\/\/www.instagram.com\/inspiratio_giftstudio\/"]}]}},"brands":[{"id":91,"name":"Muntii nostri","slug":"muntii-nostri"}],"_links":{"self":[{"href":"https:\/\/inspiratio.ro\/en\/wp-json\/wp\/v2\/product\/2288","targetHints":{"allow":["GET"]}}],"collection":[{"href":"https:\/\/inspiratio.ro\/en\/wp-json\/wp\/v2\/product"}],"about":[{"href":"https:\/\/inspiratio.ro\/en\/wp-json\/wp\/v2\/types\/product"}],"replies":[{"embeddable":true,"href":"https:\/\/inspiratio.ro\/en\/wp-json\/wp\/v2\/comments?post=2288"}],"wp:featuredmedia":[{"embeddable":true,"href":"https:\/\/inspiratio.ro\/en\/wp-json\/wp\/v2\/media\/10494"}],"wp:attachment":[{"href":"https:\/\/inspiratio.ro\/en\/wp-json\/wp\/v2\/media?parent=2288"}],"wp:term":[{"taxonomy":"pwb-brand","embeddable":true,"href":"https:\/\/inspiratio.ro\/en\/wp-json\/wp\/v2\/pwb-brand?post=2288"},{"taxonomy":"product_brand","embeddable":true,"href":"https:\/\/inspiratio.ro\/en\/wp-json\/wp\/v2\/product_brand?post=2288"},{"taxonomy":"product_cat","embeddable":true,"href":"https:\/\/inspiratio.ro\/en\/wp-json\/wp\/v2\/product_cat?post=2288"},{"taxonomy":"product_tag","embeddable":true,"href":"https:\/\/inspiratio.ro\/en\/wp-json\/wp\/v2\/product_tag?post=2288"}],"curies":[{"name":"wp","href":"https:\/\/api.w.org\/{rel}","templated":true}]}}