{"id":2270,"date":"2020-11-24T11:59:02","date_gmt":"2020-11-24T09:59:02","guid":{"rendered":"http:\/\/emiralmedia.ro\/site\/inspiratio\/produs\/rochie-din-in-oh-happy-day\/"},"modified":"2023-09-05T13:21:38","modified_gmt":"2023-09-05T10:21:38","slug":"rochie-din-in-oh-happy-day","status":"publish","type":"product","link":"https:\/\/inspiratio.ro\/en\/produs\/rochie-din-in-oh-happy-day\/","title":{"rendered":"Rochie din in  Oh Happy Day"},"content":{"rendered":"<p>Rochie din in european de cea mai bun\u0103 calitate, de culoare bej, cu un design minimalist, oversized. \u021aes\u0103tura este destul de dens\u0103 \u0219i groas\u0103, iar rochia \u00ee\u0219i p\u0103streaz\u0103 \u021binuta.<\/p>\n<p>Articol disponibil \u00een m\u0103rimile XS, S, M, L, XL, XXL. V\u0103 rug\u0103m s\u0103 men\u021biona\u021bi \u00een c\u00e2mpul de observa\u021bii al comenzii m\u0103rimea dorit\u0103. Livrarea se va face \u00een func\u021bie de disponibilitate.<span class=\"gmail_default\">\u00a0<\/span>Ve\u021bi fi contactat \u00een cel mai scurt timp posibil de un reprezentant Inspiratio gift studio, pentru confirmarea stocului.<\/p>\n<p>Circumferin\u021ba rochiei \u00een jurul bustului este:<\/p>\n<p style=\"margin: 0cm; line-height: 150%;\">XS: 96 cm<br \/>\nS : 100 cm<br \/>\nM : 104 cm<\/p>\n<p style=\"margin: 0cm; line-height: 150%;\">L : 108 cm<\/p>\n<p style=\"margin: 0cm; line-height: 150%;\">XL: 112 cm<\/p>\n<p style=\"line-height: 150%; margin: 0cm 0cm 12.0pt 0cm;\">XXL: 116 cm<\/p>\n<p style=\"margin: 0cm; line-height: 150%;\">Modelul are \u00een\u0103l\u021bimea de 1.72 m \u0219i poart\u0103 m\u0103sura S.<\/p>\n","protected":false},"excerpt":{"rendered":"<p>Rochie<\/p>\n","protected":false},"featured_media":1362,"comment_status":"closed","ping_status":"closed","template":"","meta":[],"pwb-brand":[21],"product_brand":[],"product_cat":[87,17],"product_tag":[],"class_list":{"0":"post-2270","1":"product","2":"type-product","3":"status-publish","4":"has-post-thumbnail","6":"pwb-brand-verlinne","7":"product_cat-to-wear","8":"product_cat-haine-si-accesorii","9":"pa_culoare-negru","10":"pa_marime-xl","12":"first","13":"instock","14":"taxable","15":"shipping-taxable","16":"purchasable","17":"product-type-simple"},"yoast_head":"<!-- This site is optimized with the Yoast SEO plugin v26.9 - https:\/\/yoast.com\/product\/yoast-seo-wordpress\/ -->\n<title>VER Rochie din in Oh Happy Day - Inspiratio<\/title>\n<meta name=\"robots\" content=\"index, follow, max-snippet:-1, max-image-preview:large, max-video-preview:-1\" \/>\n<link rel=\"canonical\" href=\"https:\/\/inspiratio.ro\/produs\/rochie-din-in-oh-happy-day\/\" \/>\n<meta property=\"og:locale\" content=\"en_US\" \/>\n<meta property=\"og:type\" content=\"article\" \/>\n<meta property=\"og:title\" content=\"VER Rochie din in Oh Happy Day - Inspiratio\" \/>\n<meta property=\"og:description\" content=\"Rochie\" \/>\n<meta property=\"og:url\" content=\"https:\/\/inspiratio.ro\/produs\/rochie-din-in-oh-happy-day\/\" \/>\n<meta property=\"og:site_name\" content=\"Inspiratio\" \/>\n<meta property=\"article:publisher\" content=\"https:\/\/www.facebook.com\/inspiratiogiftstudio\/\" \/>\n<meta property=\"article:modified_time\" content=\"2023-09-05T10:21:38+00:00\" \/>\n<meta property=\"og:image\" content=\"https:\/\/inspiratio.ro\/wp-content\/uploads\/2020\/11\/450.jpg\" \/>\n\t<meta property=\"og:image:width\" content=\"801\" \/>\n\t<meta property=\"og:image:height\" content=\"1200\" \/>\n\t<meta property=\"og:image:type\" content=\"image\/jpeg\" \/>\n<meta name=\"twitter:card\" content=\"summary_large_image\" \/>\n<meta name=\"twitter:label1\" content=\"Est. reading time\" \/>\n\t<meta name=\"twitter:data1\" content=\"1 minute\" \/>\n<script type=\"application\/ld+json\" class=\"yoast-schema-graph\">{\"@context\":\"https:\/\/schema.org\",\"@graph\":[{\"@type\":\"WebPage\",\"@id\":\"https:\/\/inspiratio.ro\/produs\/rochie-din-in-oh-happy-day\/\",\"url\":\"https:\/\/inspiratio.ro\/produs\/rochie-din-in-oh-happy-day\/\",\"name\":\"VER Rochie din in Oh Happy Day - Inspiratio\",\"isPartOf\":{\"@id\":\"https:\/\/inspiratio.ro\/#website\"},\"primaryImageOfPage\":{\"@id\":\"https:\/\/inspiratio.ro\/produs\/rochie-din-in-oh-happy-day\/#primaryimage\"},\"image\":{\"@id\":\"https:\/\/inspiratio.ro\/produs\/rochie-din-in-oh-happy-day\/#primaryimage\"},\"thumbnailUrl\":\"https:\/\/inspiratio.ro\/wp-content\/uploads\/2020\/11\/450.jpg\",\"datePublished\":\"2020-11-24T09:59:02+00:00\",\"dateModified\":\"2023-09-05T10:21:38+00:00\",\"breadcrumb\":{\"@id\":\"https:\/\/inspiratio.ro\/produs\/rochie-din-in-oh-happy-day\/#breadcrumb\"},\"inLanguage\":\"en-US\",\"potentialAction\":[{\"@type\":\"ReadAction\",\"target\":[\"https:\/\/inspiratio.ro\/produs\/rochie-din-in-oh-happy-day\/\"]}]},{\"@type\":\"ImageObject\",\"inLanguage\":\"en-US\",\"@id\":\"https:\/\/inspiratio.ro\/produs\/rochie-din-in-oh-happy-day\/#primaryimage\",\"url\":\"https:\/\/inspiratio.ro\/wp-content\/uploads\/2020\/11\/450.jpg\",\"contentUrl\":\"https:\/\/inspiratio.ro\/wp-content\/uploads\/2020\/11\/450.jpg\",\"width\":801,\"height\":1200},{\"@type\":\"BreadcrumbList\",\"@id\":\"https:\/\/inspiratio.ro\/produs\/rochie-din-in-oh-happy-day\/#breadcrumb\",\"itemListElement\":[{\"@type\":\"ListItem\",\"position\":1,\"name\":\"Shop\",\"item\":\"https:\/\/inspiratio.ro\/magazin-cadouri\/\"},{\"@type\":\"ListItem\",\"position\":2,\"name\":\"VER Rochie din in Oh Happy Day\"}]},{\"@type\":\"WebSite\",\"@id\":\"https:\/\/inspiratio.ro\/#website\",\"url\":\"https:\/\/inspiratio.ro\/\",\"name\":\"Inspiratio\",\"description\":\"Las\u0103-te purtat de inspira\u021bie\",\"publisher\":{\"@id\":\"https:\/\/inspiratio.ro\/#organization\"},\"potentialAction\":[{\"@type\":\"SearchAction\",\"target\":{\"@type\":\"EntryPoint\",\"urlTemplate\":\"https:\/\/inspiratio.ro\/?s={search_term_string}\"},\"query-input\":{\"@type\":\"PropertyValueSpecification\",\"valueRequired\":true,\"valueName\":\"search_term_string\"}}],\"inLanguage\":\"en-US\"},{\"@type\":\"Organization\",\"@id\":\"https:\/\/inspiratio.ro\/#organization\",\"name\":\"Inspiratio\",\"url\":\"https:\/\/inspiratio.ro\/\",\"logo\":{\"@type\":\"ImageObject\",\"inLanguage\":\"en-US\",\"@id\":\"https:\/\/inspiratio.ro\/#\/schema\/logo\/image\/\",\"url\":\"https:\/\/inspiratio.ro\/wp-content\/uploads\/2020\/06\/logo-inspiratio.png\",\"contentUrl\":\"https:\/\/inspiratio.ro\/wp-content\/uploads\/2020\/06\/logo-inspiratio.png\",\"width\":232,\"height\":209,\"caption\":\"Inspiratio\"},\"image\":{\"@id\":\"https:\/\/inspiratio.ro\/#\/schema\/logo\/image\/\"},\"sameAs\":[\"https:\/\/www.facebook.com\/inspiratiogiftstudio\/\",\"https:\/\/www.instagram.com\/inspiratio_giftstudio\/\"]}]}<\/script>\n<!-- \/ Yoast SEO plugin. -->","yoast_head_json":{"title":"VER Rochie din in Oh Happy Day - Inspiratio","robots":{"index":"index","follow":"follow","max-snippet":"max-snippet:-1","max-image-preview":"max-image-preview:large","max-video-preview":"max-video-preview:-1"},"canonical":"https:\/\/inspiratio.ro\/produs\/rochie-din-in-oh-happy-day\/","og_locale":"en_US","og_type":"article","og_title":"VER Rochie din in Oh Happy Day - Inspiratio","og_description":"Rochie","og_url":"https:\/\/inspiratio.ro\/produs\/rochie-din-in-oh-happy-day\/","og_site_name":"Inspiratio","article_publisher":"https:\/\/www.facebook.com\/inspiratiogiftstudio\/","article_modified_time":"2023-09-05T10:21:38+00:00","og_image":[{"width":801,"height":1200,"url":"https:\/\/inspiratio.ro\/wp-content\/uploads\/2020\/11\/450.jpg","type":"image\/jpeg"}],"twitter_card":"summary_large_image","twitter_misc":{"Est. reading time":"1 minute"},"schema":{"@context":"https:\/\/schema.org","@graph":[{"@type":"WebPage","@id":"https:\/\/inspiratio.ro\/produs\/rochie-din-in-oh-happy-day\/","url":"https:\/\/inspiratio.ro\/produs\/rochie-din-in-oh-happy-day\/","name":"VER Rochie din in Oh Happy Day - Inspiratio","isPartOf":{"@id":"https:\/\/inspiratio.ro\/#website"},"primaryImageOfPage":{"@id":"https:\/\/inspiratio.ro\/produs\/rochie-din-in-oh-happy-day\/#primaryimage"},"image":{"@id":"https:\/\/inspiratio.ro\/produs\/rochie-din-in-oh-happy-day\/#primaryimage"},"thumbnailUrl":"https:\/\/inspiratio.ro\/wp-content\/uploads\/2020\/11\/450.jpg","datePublished":"2020-11-24T09:59:02+00:00","dateModified":"2023-09-05T10:21:38+00:00","breadcrumb":{"@id":"https:\/\/inspiratio.ro\/produs\/rochie-din-in-oh-happy-day\/#breadcrumb"},"inLanguage":"en-US","potentialAction":[{"@type":"ReadAction","target":["https:\/\/inspiratio.ro\/produs\/rochie-din-in-oh-happy-day\/"]}]},{"@type":"ImageObject","inLanguage":"en-US","@id":"https:\/\/inspiratio.ro\/produs\/rochie-din-in-oh-happy-day\/#primaryimage","url":"https:\/\/inspiratio.ro\/wp-content\/uploads\/2020\/11\/450.jpg","contentUrl":"https:\/\/inspiratio.ro\/wp-content\/uploads\/2020\/11\/450.jpg","width":801,"height":1200},{"@type":"BreadcrumbList","@id":"https:\/\/inspiratio.ro\/produs\/rochie-din-in-oh-happy-day\/#breadcrumb","itemListElement":[{"@type":"ListItem","position":1,"name":"Shop","item":"https:\/\/inspiratio.ro\/magazin-cadouri\/"},{"@type":"ListItem","position":2,"name":"VER Rochie din in Oh Happy Day"}]},{"@type":"WebSite","@id":"https:\/\/inspiratio.ro\/#website","url":"https:\/\/inspiratio.ro\/","name":"Inspiratio","description":"Las\u0103-te purtat de inspira\u021bie","publisher":{"@id":"https:\/\/inspiratio.ro\/#organization"},"potentialAction":[{"@type":"SearchAction","target":{"@type":"EntryPoint","urlTemplate":"https:\/\/inspiratio.ro\/?s={search_term_string}"},"query-input":{"@type":"PropertyValueSpecification","valueRequired":true,"valueName":"search_term_string"}}],"inLanguage":"en-US"},{"@type":"Organization","@id":"https:\/\/inspiratio.ro\/#organization","name":"Inspiratio","url":"https:\/\/inspiratio.ro\/","logo":{"@type":"ImageObject","inLanguage":"en-US","@id":"https:\/\/inspiratio.ro\/#\/schema\/logo\/image\/","url":"https:\/\/inspiratio.ro\/wp-content\/uploads\/2020\/06\/logo-inspiratio.png","contentUrl":"https:\/\/inspiratio.ro\/wp-content\/uploads\/2020\/06\/logo-inspiratio.png","width":232,"height":209,"caption":"Inspiratio"},"image":{"@id":"https:\/\/inspiratio.ro\/#\/schema\/logo\/image\/"},"sameAs":["https:\/\/www.facebook.com\/inspiratiogiftstudio\/","https:\/\/www.instagram.com\/inspiratio_giftstudio\/"]}]}},"brands":[{"id":21,"name":"Verlinne","slug":"verlinne"}],"_links":{"self":[{"href":"https:\/\/inspiratio.ro\/en\/wp-json\/wp\/v2\/product\/2270","targetHints":{"allow":["GET"]}}],"collection":[{"href":"https:\/\/inspiratio.ro\/en\/wp-json\/wp\/v2\/product"}],"about":[{"href":"https:\/\/inspiratio.ro\/en\/wp-json\/wp\/v2\/types\/product"}],"replies":[{"embeddable":true,"href":"https:\/\/inspiratio.ro\/en\/wp-json\/wp\/v2\/comments?post=2270"}],"wp:featuredmedia":[{"embeddable":true,"href":"https:\/\/inspiratio.ro\/en\/wp-json\/wp\/v2\/media\/1362"}],"wp:attachment":[{"href":"https:\/\/inspiratio.ro\/en\/wp-json\/wp\/v2\/media?parent=2270"}],"wp:term":[{"taxonomy":"pwb-brand","embeddable":true,"href":"https:\/\/inspiratio.ro\/en\/wp-json\/wp\/v2\/pwb-brand?post=2270"},{"taxonomy":"product_brand","embeddable":true,"href":"https:\/\/inspiratio.ro\/en\/wp-json\/wp\/v2\/product_brand?post=2270"},{"taxonomy":"product_cat","embeddable":true,"href":"https:\/\/inspiratio.ro\/en\/wp-json\/wp\/v2\/product_cat?post=2270"},{"taxonomy":"product_tag","embeddable":true,"href":"https:\/\/inspiratio.ro\/en\/wp-json\/wp\/v2\/product_tag?post=2270"}],"curies":[{"name":"wp","href":"https:\/\/api.w.org\/{rel}","templated":true}]}}