{"id":11170,"date":"2026-04-30T19:03:16","date_gmt":"2026-04-30T16:03:16","guid":{"rendered":"https:\/\/inspiratio.ro\/?post_type=product&#038;p=11170"},"modified":"2026-04-30T19:07:34","modified_gmt":"2026-04-30T16:07:34","slug":"sor-titirez-cvadruplu","status":"publish","type":"product","link":"https:\/\/inspiratio.ro\/en\/produs\/sor-titirez-cvadruplu\/","title":{"rendered":"Titirez cvadruplu"},"content":{"rendered":"<h3>\u00a0Titirez cvadruplu<\/h3>\n<p>Produs sculpatat \u0219i pictat manual, de Manesa Wood Art, din lemn de paltin.<\/p>\n<p>Manesa Wood Art, se dore\u0219te a fi un centru de crea\u021bie artistic\u0103 \u00een lemn \u0219i promovarea artei tradi\u021bionale. Vor fi realizate obiecte din lemn cu rol de folosin\u021b\u0103, de joac\u0103, dar \u0219i ornamentale cu design specific.<br \/>\nUnicitatea produselor const\u0103 \u00een \u00eembinarea artei tradi\u021bionale cu cea contemporan\u0103, \u00een mod creativ, folosind crest\u0103turile \u00een lemn, strunjirea pe strung de lemn, traforaj, \u0219lefuirea lemnului.<br \/>\nSe inten\u021bioneaz\u0103\u00a0 a se realiza produse de calitate, ceea ce \u00eenseamn\u0103:<br \/>\n\u2013 produsele au valoare cultural\u0103 \u0219i traditional\u0103;<br \/>\n\u2013 sunt create manual cu mult entuziasm;<br \/>\n\u2013 fiecare obiect este unic.<\/p>\n<hr \/>\n<p>La INSPIRATIO stocurile sunt mereu reduse pentru c\u0103 lucr\u0103m cu artizani \u0219i designeri care manufactureaz\u0103 fiecare produs \u00een parte.<\/p>\n<p>Av\u00e2nd \u00een vedere diversitatea modelelor \u0219i culorilor disponibile \u00een magazin, v\u0103 rug\u0103m s\u0103 ne contacta\u021bi telefonic\/Whatsapp pentru a v\u0103 putea sprijini \u00een alegerea produsului dorit.<\/p>\n<p>&nbsp;<\/p>\n","protected":false},"excerpt":{"rendered":"<p>\u00a0Titirez cvadruplu Produs sculpatat \u0219i pictat manual, de Manesa Wood Art, din lemn de paltin. Manesa Wood Art, se dore\u0219te a fi un centru de crea\u021bie artistic\u0103 \u00een lemn \u0219i promovarea artei tradi\u021bionale. Vor fi realizate obiecte din lemn cu rol de folosin\u021b\u0103, de joac\u0103, dar \u0219i ornamentale cu design specific. Unicitatea produselor const\u0103 \u00een [&hellip;]<\/p>\n","protected":false},"featured_media":11107,"comment_status":"open","ping_status":"closed","template":"","meta":[],"pwb-brand":[143],"product_brand":[284],"product_cat":[89,86],"product_tag":[],"class_list":{"0":"post-11170","1":"product","2":"type-product","3":"status-publish","4":"has-post-thumbnail","6":"pwb-brand-manesa-wood-art","7":"product_brand-manesa-wood-art","8":"product_cat-cadouri-pentru-copii","9":"product_cat-arta","11":"first","12":"outofstock","13":"taxable","14":"shipping-taxable","15":"purchasable","16":"product-type-simple"},"yoast_head":"<!-- This site is optimized with the Yoast SEO plugin v26.9 - https:\/\/yoast.com\/product\/yoast-seo-wordpress\/ -->\n<title>SOR Titirez cvadruplu - Inspiratio<\/title>\n<meta name=\"description\" content=\"SOR Titirez cvadruplu\" \/>\n<meta name=\"robots\" content=\"index, follow, max-snippet:-1, max-image-preview:large, max-video-preview:-1\" \/>\n<link rel=\"canonical\" href=\"https:\/\/inspiratio.ro\/produs\/sor-titirez-cvadruplu\/\" \/>\n<meta property=\"og:locale\" content=\"en_US\" \/>\n<meta property=\"og:type\" content=\"article\" \/>\n<meta property=\"og:title\" content=\"SOR Titirez cvadruplu - Inspiratio\" \/>\n<meta property=\"og:description\" content=\"SOR Titirez cvadruplu\" \/>\n<meta property=\"og:url\" content=\"https:\/\/inspiratio.ro\/produs\/sor-titirez-cvadruplu\/\" \/>\n<meta property=\"og:site_name\" content=\"Inspiratio\" \/>\n<meta property=\"article:publisher\" content=\"https:\/\/www.facebook.com\/inspiratiogiftstudio\/\" \/>\n<meta property=\"article:modified_time\" content=\"2026-04-30T16:07:34+00:00\" \/>\n<meta property=\"og:image\" content=\"https:\/\/inspiratio.ro\/wp-content\/uploads\/2022\/03\/b40251d9-ef05-4d03-bfe3-726c4a513e02.jpeg\" \/>\n\t<meta property=\"og:image:width\" content=\"774\" \/>\n\t<meta property=\"og:image:height\" content=\"516\" \/>\n\t<meta property=\"og:image:type\" content=\"image\/jpeg\" \/>\n<meta name=\"twitter:card\" content=\"summary_large_image\" \/>\n<meta name=\"twitter:label1\" content=\"Est. reading time\" \/>\n\t<meta name=\"twitter:data1\" content=\"2 minutes\" \/>\n<script type=\"application\/ld+json\" class=\"yoast-schema-graph\">{\"@context\":\"https:\/\/schema.org\",\"@graph\":[{\"@type\":\"WebPage\",\"@id\":\"https:\/\/inspiratio.ro\/produs\/sor-titirez-cvadruplu\/\",\"url\":\"https:\/\/inspiratio.ro\/produs\/sor-titirez-cvadruplu\/\",\"name\":\"SOR Titirez cvadruplu - Inspiratio\",\"isPartOf\":{\"@id\":\"https:\/\/inspiratio.ro\/#website\"},\"primaryImageOfPage\":{\"@id\":\"https:\/\/inspiratio.ro\/produs\/sor-titirez-cvadruplu\/#primaryimage\"},\"image\":{\"@id\":\"https:\/\/inspiratio.ro\/produs\/sor-titirez-cvadruplu\/#primaryimage\"},\"thumbnailUrl\":\"https:\/\/inspiratio.ro\/wp-content\/uploads\/2022\/03\/b40251d9-ef05-4d03-bfe3-726c4a513e02.jpeg\",\"datePublished\":\"2026-04-30T16:03:16+00:00\",\"dateModified\":\"2026-04-30T16:07:34+00:00\",\"description\":\"SOR Titirez cvadruplu\",\"breadcrumb\":{\"@id\":\"https:\/\/inspiratio.ro\/produs\/sor-titirez-cvadruplu\/#breadcrumb\"},\"inLanguage\":\"en-US\",\"potentialAction\":[{\"@type\":\"ReadAction\",\"target\":[\"https:\/\/inspiratio.ro\/produs\/sor-titirez-cvadruplu\/\"]}]},{\"@type\":\"ImageObject\",\"inLanguage\":\"en-US\",\"@id\":\"https:\/\/inspiratio.ro\/produs\/sor-titirez-cvadruplu\/#primaryimage\",\"url\":\"https:\/\/inspiratio.ro\/wp-content\/uploads\/2022\/03\/b40251d9-ef05-4d03-bfe3-726c4a513e02.jpeg\",\"contentUrl\":\"https:\/\/inspiratio.ro\/wp-content\/uploads\/2022\/03\/b40251d9-ef05-4d03-bfe3-726c4a513e02.jpeg\",\"width\":774,\"height\":516},{\"@type\":\"BreadcrumbList\",\"@id\":\"https:\/\/inspiratio.ro\/produs\/sor-titirez-cvadruplu\/#breadcrumb\",\"itemListElement\":[{\"@type\":\"ListItem\",\"position\":1,\"name\":\"Shop\",\"item\":\"https:\/\/inspiratio.ro\/magazin-cadouri\/\"},{\"@type\":\"ListItem\",\"position\":2,\"name\":\"SOR Titirez cvadruplu\"}]},{\"@type\":\"WebSite\",\"@id\":\"https:\/\/inspiratio.ro\/#website\",\"url\":\"https:\/\/inspiratio.ro\/\",\"name\":\"Inspiratio\",\"description\":\"Las\u0103-te purtat de inspira\u021bie\",\"publisher\":{\"@id\":\"https:\/\/inspiratio.ro\/#organization\"},\"potentialAction\":[{\"@type\":\"SearchAction\",\"target\":{\"@type\":\"EntryPoint\",\"urlTemplate\":\"https:\/\/inspiratio.ro\/?s={search_term_string}\"},\"query-input\":{\"@type\":\"PropertyValueSpecification\",\"valueRequired\":true,\"valueName\":\"search_term_string\"}}],\"inLanguage\":\"en-US\"},{\"@type\":\"Organization\",\"@id\":\"https:\/\/inspiratio.ro\/#organization\",\"name\":\"Inspiratio\",\"url\":\"https:\/\/inspiratio.ro\/\",\"logo\":{\"@type\":\"ImageObject\",\"inLanguage\":\"en-US\",\"@id\":\"https:\/\/inspiratio.ro\/#\/schema\/logo\/image\/\",\"url\":\"https:\/\/inspiratio.ro\/wp-content\/uploads\/2020\/06\/logo-inspiratio.png\",\"contentUrl\":\"https:\/\/inspiratio.ro\/wp-content\/uploads\/2020\/06\/logo-inspiratio.png\",\"width\":232,\"height\":209,\"caption\":\"Inspiratio\"},\"image\":{\"@id\":\"https:\/\/inspiratio.ro\/#\/schema\/logo\/image\/\"},\"sameAs\":[\"https:\/\/www.facebook.com\/inspiratiogiftstudio\/\",\"https:\/\/www.instagram.com\/inspiratio_giftstudio\/\"]}]}<\/script>\n<!-- \/ Yoast SEO plugin. -->","yoast_head_json":{"title":"SOR Titirez cvadruplu - Inspiratio","description":"SOR Titirez cvadruplu","robots":{"index":"index","follow":"follow","max-snippet":"max-snippet:-1","max-image-preview":"max-image-preview:large","max-video-preview":"max-video-preview:-1"},"canonical":"https:\/\/inspiratio.ro\/produs\/sor-titirez-cvadruplu\/","og_locale":"en_US","og_type":"article","og_title":"SOR Titirez cvadruplu - Inspiratio","og_description":"SOR Titirez cvadruplu","og_url":"https:\/\/inspiratio.ro\/produs\/sor-titirez-cvadruplu\/","og_site_name":"Inspiratio","article_publisher":"https:\/\/www.facebook.com\/inspiratiogiftstudio\/","article_modified_time":"2026-04-30T16:07:34+00:00","og_image":[{"width":774,"height":516,"url":"https:\/\/inspiratio.ro\/wp-content\/uploads\/2022\/03\/b40251d9-ef05-4d03-bfe3-726c4a513e02.jpeg","type":"image\/jpeg"}],"twitter_card":"summary_large_image","twitter_misc":{"Est. reading time":"2 minutes"},"schema":{"@context":"https:\/\/schema.org","@graph":[{"@type":"WebPage","@id":"https:\/\/inspiratio.ro\/produs\/sor-titirez-cvadruplu\/","url":"https:\/\/inspiratio.ro\/produs\/sor-titirez-cvadruplu\/","name":"SOR Titirez cvadruplu - Inspiratio","isPartOf":{"@id":"https:\/\/inspiratio.ro\/#website"},"primaryImageOfPage":{"@id":"https:\/\/inspiratio.ro\/produs\/sor-titirez-cvadruplu\/#primaryimage"},"image":{"@id":"https:\/\/inspiratio.ro\/produs\/sor-titirez-cvadruplu\/#primaryimage"},"thumbnailUrl":"https:\/\/inspiratio.ro\/wp-content\/uploads\/2022\/03\/b40251d9-ef05-4d03-bfe3-726c4a513e02.jpeg","datePublished":"2026-04-30T16:03:16+00:00","dateModified":"2026-04-30T16:07:34+00:00","description":"SOR Titirez cvadruplu","breadcrumb":{"@id":"https:\/\/inspiratio.ro\/produs\/sor-titirez-cvadruplu\/#breadcrumb"},"inLanguage":"en-US","potentialAction":[{"@type":"ReadAction","target":["https:\/\/inspiratio.ro\/produs\/sor-titirez-cvadruplu\/"]}]},{"@type":"ImageObject","inLanguage":"en-US","@id":"https:\/\/inspiratio.ro\/produs\/sor-titirez-cvadruplu\/#primaryimage","url":"https:\/\/inspiratio.ro\/wp-content\/uploads\/2022\/03\/b40251d9-ef05-4d03-bfe3-726c4a513e02.jpeg","contentUrl":"https:\/\/inspiratio.ro\/wp-content\/uploads\/2022\/03\/b40251d9-ef05-4d03-bfe3-726c4a513e02.jpeg","width":774,"height":516},{"@type":"BreadcrumbList","@id":"https:\/\/inspiratio.ro\/produs\/sor-titirez-cvadruplu\/#breadcrumb","itemListElement":[{"@type":"ListItem","position":1,"name":"Shop","item":"https:\/\/inspiratio.ro\/magazin-cadouri\/"},{"@type":"ListItem","position":2,"name":"SOR Titirez cvadruplu"}]},{"@type":"WebSite","@id":"https:\/\/inspiratio.ro\/#website","url":"https:\/\/inspiratio.ro\/","name":"Inspiratio","description":"Las\u0103-te purtat de inspira\u021bie","publisher":{"@id":"https:\/\/inspiratio.ro\/#organization"},"potentialAction":[{"@type":"SearchAction","target":{"@type":"EntryPoint","urlTemplate":"https:\/\/inspiratio.ro\/?s={search_term_string}"},"query-input":{"@type":"PropertyValueSpecification","valueRequired":true,"valueName":"search_term_string"}}],"inLanguage":"en-US"},{"@type":"Organization","@id":"https:\/\/inspiratio.ro\/#organization","name":"Inspiratio","url":"https:\/\/inspiratio.ro\/","logo":{"@type":"ImageObject","inLanguage":"en-US","@id":"https:\/\/inspiratio.ro\/#\/schema\/logo\/image\/","url":"https:\/\/inspiratio.ro\/wp-content\/uploads\/2020\/06\/logo-inspiratio.png","contentUrl":"https:\/\/inspiratio.ro\/wp-content\/uploads\/2020\/06\/logo-inspiratio.png","width":232,"height":209,"caption":"Inspiratio"},"image":{"@id":"https:\/\/inspiratio.ro\/#\/schema\/logo\/image\/"},"sameAs":["https:\/\/www.facebook.com\/inspiratiogiftstudio\/","https:\/\/www.instagram.com\/inspiratio_giftstudio\/"]}]}},"brands":[{"id":143,"name":"Manesa Wood Art","slug":"manesa-wood-art"}],"_links":{"self":[{"href":"https:\/\/inspiratio.ro\/en\/wp-json\/wp\/v2\/product\/11170","targetHints":{"allow":["GET"]}}],"collection":[{"href":"https:\/\/inspiratio.ro\/en\/wp-json\/wp\/v2\/product"}],"about":[{"href":"https:\/\/inspiratio.ro\/en\/wp-json\/wp\/v2\/types\/product"}],"replies":[{"embeddable":true,"href":"https:\/\/inspiratio.ro\/en\/wp-json\/wp\/v2\/comments?post=11170"}],"wp:featuredmedia":[{"embeddable":true,"href":"https:\/\/inspiratio.ro\/en\/wp-json\/wp\/v2\/media\/11107"}],"wp:attachment":[{"href":"https:\/\/inspiratio.ro\/en\/wp-json\/wp\/v2\/media?parent=11170"}],"wp:term":[{"taxonomy":"pwb-brand","embeddable":true,"href":"https:\/\/inspiratio.ro\/en\/wp-json\/wp\/v2\/pwb-brand?post=11170"},{"taxonomy":"product_brand","embeddable":true,"href":"https:\/\/inspiratio.ro\/en\/wp-json\/wp\/v2\/product_brand?post=11170"},{"taxonomy":"product_cat","embeddable":true,"href":"https:\/\/inspiratio.ro\/en\/wp-json\/wp\/v2\/product_cat?post=11170"},{"taxonomy":"product_tag","embeddable":true,"href":"https:\/\/inspiratio.ro\/en\/wp-json\/wp\/v2\/product_tag?post=11170"}],"curies":[{"name":"wp","href":"https:\/\/api.w.org\/{rel}","templated":true}]}}