{"id":10828,"date":"2026-04-29T11:52:25","date_gmt":"2026-04-29T08:52:25","guid":{"rendered":"https:\/\/inspiratio.ro\/?post_type=product&#038;p=10828"},"modified":"2026-04-29T11:56:38","modified_gmt":"2026-04-29T08:56:38","slug":"arr-the-mystery-of-the-dead-mans-hand","status":"publish","type":"product","link":"https:\/\/inspiratio.ro\/en\/produs\/arr-the-mystery-of-the-dead-mans-hand\/","title":{"rendered":"The Mystery of the Dead Mans Hand"},"content":{"rendered":"<div class=\"tab_product block\">\n<div class=\"tab-content clearfix\">\n<div id=\"prductdesc\" class=\"tab-pane active\">\n<div class=\"rte panel-inner\">\n<h3>Murder Mystery\u00a0Games<\/h3>\n<p>Jocurile Murder Mystery\u00a0sunt experien\u021be de divertisment care implic\u0103 rezolvarea unui\u00a0mister al unei crime. Aceste jocuri sunt adesea organizate sub forma unor evenimente sau petreceri, unde participan\u021bii \u00ee\u0219i asum\u0103 roluri de detectivi sau suspec\u021bi \u0219i \u00eencearc\u0103 s\u0103 dezlege cine este criminalul.<\/p>\n<p>&nbsp;<\/p>\n<h3>Dead Man&#8217;s Hand<\/h3>\n<p>Dead Man\u2019s Hand este un mini joc cu crime misterioase.<\/p>\n<p>Imagineaz\u0103-\u021bi c\u0103 e\u0219ti prins \u00eentr-un joc ilicit de poker \u0219i \u00eentr-un furt de diamante pe fluviul Mississippi, iar aceste evenimente conduc la o moarte suspect\u0103. \u0218ase pasageri \u0219i-au \u00eencercat norocul la masa de joc, dar cine sunt ei, ce arm\u0103 poart\u0103 fiecare, ce trecut criminal ascund \u0219i ce m\u00e2n\u0103 au primit \u00een acea noapte fatal\u0103? Preg\u0103te\u0219te-\u021bi abilit\u0103\u021bile de detectiv, adun\u0103 indicii, rezolv\u0103 puzzle-uri \u0219i g\u0103se\u0219te vinovatul \u00eenainte s\u0103 fug\u0103 de pe vapor!<\/p>\n<p>Acest joc este perfect pentru iubitorii de enigme \u0219i aventuri.<\/p>\n<p>Po\u021bi s\u0103 dezlegi misterul \u0219i s\u0103 g\u0103se\u0219ti criminalul \u00eenainte s\u0103 scape?<\/p>\n<p>Jocul presupune cunoasterea limbii engleze (nivel mediu), implica parcurgerea si intelegerea unor texte in limba engleza.<\/p>\n<p><img loading=\"lazy\" decoding=\"async\" src=\"https:\/\/www.professorpuzzle.ro\/img\/cms\/10274_DeadMansHand_Art_2_WEB.jpg\" alt=\"\" width=\"400\" height=\"267\" \/><\/p>\n<div class=\"trans-verified-button-small\" dir=\"ltr\">Varsta recomandata:\u00a0+12 ani<\/div>\n<div class=\"trans-verified-button-small\" dir=\"ltr\">\n<div class=\"trans-verified-button-small\" dir=\"ltr\">Numar jucatori:\u00a0unul sau mai multi jucatori<\/div>\n<div class=\"trans-verified-button-small\" dir=\"ltr\">Durata:\u00a0+60\u00a0 minute<\/div>\n<div class=\"trans-verified-button-small\" dir=\"ltr\"><\/div>\n<\/div>\n<div class=\"trans-verified-button-small\" dir=\"ltr\">Dimensiune: 13x9x2 cm<\/div>\n<\/div>\n<\/div>\n<\/div>\n<\/div>\n","protected":false},"excerpt":{"rendered":"<p>Murder Mystery\u00a0Games Jocurile Murder Mystery\u00a0sunt experien\u021be de divertisment care implic\u0103 rezolvarea unui\u00a0mister al unei crime. Aceste jocuri sunt adesea organizate sub forma unor evenimente sau petreceri, unde participan\u021bii \u00ee\u0219i asum\u0103 roluri de detectivi sau suspec\u021bi \u0219i \u00eencearc\u0103 s\u0103 dezlege cine este criminalul. &nbsp; Dead Man&#8217;s Hand Dead Man\u2019s Hand este un mini joc cu crime [&hellip;]<\/p>\n","protected":false},"featured_media":10829,"comment_status":"open","ping_status":"closed","template":"","meta":[],"pwb-brand":[282],"product_brand":[281],"product_cat":[89,55],"product_tag":[],"class_list":{"0":"post-10828","1":"product","2":"type-product","3":"status-publish","4":"has-post-thumbnail","6":"pwb-brand-professor-puzzle","7":"product_brand-professor-puzzle","8":"product_cat-cadouri-pentru-copii","9":"product_cat-hobby-and-travel","11":"first","12":"instock","13":"taxable","14":"shipping-taxable","15":"purchasable","16":"product-type-simple"},"yoast_head":"<!-- This site is optimized with the Yoast SEO plugin v26.9 - https:\/\/yoast.com\/product\/yoast-seo-wordpress\/ -->\n<title>ARR The Mystery of the Dead Mans Hand - Inspiratio<\/title>\n<meta name=\"description\" content=\"ARR The Mystery of the Dead Mans Hand\" \/>\n<meta name=\"robots\" content=\"index, follow, max-snippet:-1, max-image-preview:large, max-video-preview:-1\" \/>\n<link rel=\"canonical\" href=\"https:\/\/inspiratio.ro\/produs\/arr-the-mystery-of-the-dead-mans-hand\/\" \/>\n<meta property=\"og:locale\" content=\"en_US\" \/>\n<meta property=\"og:type\" content=\"article\" \/>\n<meta property=\"og:title\" content=\"ARR The Mystery of the Dead Mans Hand - Inspiratio\" \/>\n<meta property=\"og:description\" content=\"ARR The Mystery of the Dead Mans Hand\" \/>\n<meta property=\"og:url\" content=\"https:\/\/inspiratio.ro\/produs\/arr-the-mystery-of-the-dead-mans-hand\/\" \/>\n<meta property=\"og:site_name\" content=\"Inspiratio\" \/>\n<meta property=\"article:publisher\" content=\"https:\/\/www.facebook.com\/inspiratiogiftstudio\/\" \/>\n<meta property=\"article:modified_time\" content=\"2026-04-29T08:56:38+00:00\" \/>\n<meta property=\"og:image\" content=\"https:\/\/inspiratio.ro\/wp-content\/uploads\/2026\/04\/2572-thickbox_default.jpg\" \/>\n\t<meta property=\"og:image:width\" content=\"800\" \/>\n\t<meta property=\"og:image:height\" content=\"800\" \/>\n\t<meta property=\"og:image:type\" content=\"image\/jpeg\" \/>\n<meta name=\"twitter:card\" content=\"summary_large_image\" \/>\n<meta name=\"twitter:label1\" content=\"Est. reading time\" \/>\n\t<meta name=\"twitter:data1\" content=\"2 minutes\" \/>\n<script type=\"application\/ld+json\" class=\"yoast-schema-graph\">{\"@context\":\"https:\/\/schema.org\",\"@graph\":[{\"@type\":\"WebPage\",\"@id\":\"https:\/\/inspiratio.ro\/produs\/arr-the-mystery-of-the-dead-mans-hand\/\",\"url\":\"https:\/\/inspiratio.ro\/produs\/arr-the-mystery-of-the-dead-mans-hand\/\",\"name\":\"ARR The Mystery of the Dead Mans Hand - Inspiratio\",\"isPartOf\":{\"@id\":\"https:\/\/inspiratio.ro\/#website\"},\"primaryImageOfPage\":{\"@id\":\"https:\/\/inspiratio.ro\/produs\/arr-the-mystery-of-the-dead-mans-hand\/#primaryimage\"},\"image\":{\"@id\":\"https:\/\/inspiratio.ro\/produs\/arr-the-mystery-of-the-dead-mans-hand\/#primaryimage\"},\"thumbnailUrl\":\"https:\/\/inspiratio.ro\/wp-content\/uploads\/2026\/04\/2572-thickbox_default.jpg\",\"datePublished\":\"2026-04-29T08:52:25+00:00\",\"dateModified\":\"2026-04-29T08:56:38+00:00\",\"description\":\"ARR The Mystery of the Dead Mans Hand\",\"breadcrumb\":{\"@id\":\"https:\/\/inspiratio.ro\/produs\/arr-the-mystery-of-the-dead-mans-hand\/#breadcrumb\"},\"inLanguage\":\"en-US\",\"potentialAction\":[{\"@type\":\"ReadAction\",\"target\":[\"https:\/\/inspiratio.ro\/produs\/arr-the-mystery-of-the-dead-mans-hand\/\"]}]},{\"@type\":\"ImageObject\",\"inLanguage\":\"en-US\",\"@id\":\"https:\/\/inspiratio.ro\/produs\/arr-the-mystery-of-the-dead-mans-hand\/#primaryimage\",\"url\":\"https:\/\/inspiratio.ro\/wp-content\/uploads\/2026\/04\/2572-thickbox_default.jpg\",\"contentUrl\":\"https:\/\/inspiratio.ro\/wp-content\/uploads\/2026\/04\/2572-thickbox_default.jpg\",\"width\":800,\"height\":800},{\"@type\":\"BreadcrumbList\",\"@id\":\"https:\/\/inspiratio.ro\/produs\/arr-the-mystery-of-the-dead-mans-hand\/#breadcrumb\",\"itemListElement\":[{\"@type\":\"ListItem\",\"position\":1,\"name\":\"Shop\",\"item\":\"https:\/\/inspiratio.ro\/magazin-cadouri\/\"},{\"@type\":\"ListItem\",\"position\":2,\"name\":\"ARR The Mystery of the Dead Mans Hand\"}]},{\"@type\":\"WebSite\",\"@id\":\"https:\/\/inspiratio.ro\/#website\",\"url\":\"https:\/\/inspiratio.ro\/\",\"name\":\"Inspiratio\",\"description\":\"Las\u0103-te purtat de inspira\u021bie\",\"publisher\":{\"@id\":\"https:\/\/inspiratio.ro\/#organization\"},\"potentialAction\":[{\"@type\":\"SearchAction\",\"target\":{\"@type\":\"EntryPoint\",\"urlTemplate\":\"https:\/\/inspiratio.ro\/?s={search_term_string}\"},\"query-input\":{\"@type\":\"PropertyValueSpecification\",\"valueRequired\":true,\"valueName\":\"search_term_string\"}}],\"inLanguage\":\"en-US\"},{\"@type\":\"Organization\",\"@id\":\"https:\/\/inspiratio.ro\/#organization\",\"name\":\"Inspiratio\",\"url\":\"https:\/\/inspiratio.ro\/\",\"logo\":{\"@type\":\"ImageObject\",\"inLanguage\":\"en-US\",\"@id\":\"https:\/\/inspiratio.ro\/#\/schema\/logo\/image\/\",\"url\":\"https:\/\/inspiratio.ro\/wp-content\/uploads\/2020\/06\/logo-inspiratio.png\",\"contentUrl\":\"https:\/\/inspiratio.ro\/wp-content\/uploads\/2020\/06\/logo-inspiratio.png\",\"width\":232,\"height\":209,\"caption\":\"Inspiratio\"},\"image\":{\"@id\":\"https:\/\/inspiratio.ro\/#\/schema\/logo\/image\/\"},\"sameAs\":[\"https:\/\/www.facebook.com\/inspiratiogiftstudio\/\",\"https:\/\/www.instagram.com\/inspiratio_giftstudio\/\"]}]}<\/script>\n<!-- \/ Yoast SEO plugin. -->","yoast_head_json":{"title":"ARR The Mystery of the Dead Mans Hand - Inspiratio","description":"ARR The Mystery of the Dead Mans Hand","robots":{"index":"index","follow":"follow","max-snippet":"max-snippet:-1","max-image-preview":"max-image-preview:large","max-video-preview":"max-video-preview:-1"},"canonical":"https:\/\/inspiratio.ro\/produs\/arr-the-mystery-of-the-dead-mans-hand\/","og_locale":"en_US","og_type":"article","og_title":"ARR The Mystery of the Dead Mans Hand - Inspiratio","og_description":"ARR The Mystery of the Dead Mans Hand","og_url":"https:\/\/inspiratio.ro\/produs\/arr-the-mystery-of-the-dead-mans-hand\/","og_site_name":"Inspiratio","article_publisher":"https:\/\/www.facebook.com\/inspiratiogiftstudio\/","article_modified_time":"2026-04-29T08:56:38+00:00","og_image":[{"width":800,"height":800,"url":"https:\/\/inspiratio.ro\/wp-content\/uploads\/2026\/04\/2572-thickbox_default.jpg","type":"image\/jpeg"}],"twitter_card":"summary_large_image","twitter_misc":{"Est. reading time":"2 minutes"},"schema":{"@context":"https:\/\/schema.org","@graph":[{"@type":"WebPage","@id":"https:\/\/inspiratio.ro\/produs\/arr-the-mystery-of-the-dead-mans-hand\/","url":"https:\/\/inspiratio.ro\/produs\/arr-the-mystery-of-the-dead-mans-hand\/","name":"ARR The Mystery of the Dead Mans Hand - Inspiratio","isPartOf":{"@id":"https:\/\/inspiratio.ro\/#website"},"primaryImageOfPage":{"@id":"https:\/\/inspiratio.ro\/produs\/arr-the-mystery-of-the-dead-mans-hand\/#primaryimage"},"image":{"@id":"https:\/\/inspiratio.ro\/produs\/arr-the-mystery-of-the-dead-mans-hand\/#primaryimage"},"thumbnailUrl":"https:\/\/inspiratio.ro\/wp-content\/uploads\/2026\/04\/2572-thickbox_default.jpg","datePublished":"2026-04-29T08:52:25+00:00","dateModified":"2026-04-29T08:56:38+00:00","description":"ARR The Mystery of the Dead Mans Hand","breadcrumb":{"@id":"https:\/\/inspiratio.ro\/produs\/arr-the-mystery-of-the-dead-mans-hand\/#breadcrumb"},"inLanguage":"en-US","potentialAction":[{"@type":"ReadAction","target":["https:\/\/inspiratio.ro\/produs\/arr-the-mystery-of-the-dead-mans-hand\/"]}]},{"@type":"ImageObject","inLanguage":"en-US","@id":"https:\/\/inspiratio.ro\/produs\/arr-the-mystery-of-the-dead-mans-hand\/#primaryimage","url":"https:\/\/inspiratio.ro\/wp-content\/uploads\/2026\/04\/2572-thickbox_default.jpg","contentUrl":"https:\/\/inspiratio.ro\/wp-content\/uploads\/2026\/04\/2572-thickbox_default.jpg","width":800,"height":800},{"@type":"BreadcrumbList","@id":"https:\/\/inspiratio.ro\/produs\/arr-the-mystery-of-the-dead-mans-hand\/#breadcrumb","itemListElement":[{"@type":"ListItem","position":1,"name":"Shop","item":"https:\/\/inspiratio.ro\/magazin-cadouri\/"},{"@type":"ListItem","position":2,"name":"ARR The Mystery of the Dead Mans Hand"}]},{"@type":"WebSite","@id":"https:\/\/inspiratio.ro\/#website","url":"https:\/\/inspiratio.ro\/","name":"Inspiratio","description":"Las\u0103-te purtat de inspira\u021bie","publisher":{"@id":"https:\/\/inspiratio.ro\/#organization"},"potentialAction":[{"@type":"SearchAction","target":{"@type":"EntryPoint","urlTemplate":"https:\/\/inspiratio.ro\/?s={search_term_string}"},"query-input":{"@type":"PropertyValueSpecification","valueRequired":true,"valueName":"search_term_string"}}],"inLanguage":"en-US"},{"@type":"Organization","@id":"https:\/\/inspiratio.ro\/#organization","name":"Inspiratio","url":"https:\/\/inspiratio.ro\/","logo":{"@type":"ImageObject","inLanguage":"en-US","@id":"https:\/\/inspiratio.ro\/#\/schema\/logo\/image\/","url":"https:\/\/inspiratio.ro\/wp-content\/uploads\/2020\/06\/logo-inspiratio.png","contentUrl":"https:\/\/inspiratio.ro\/wp-content\/uploads\/2020\/06\/logo-inspiratio.png","width":232,"height":209,"caption":"Inspiratio"},"image":{"@id":"https:\/\/inspiratio.ro\/#\/schema\/logo\/image\/"},"sameAs":["https:\/\/www.facebook.com\/inspiratiogiftstudio\/","https:\/\/www.instagram.com\/inspiratio_giftstudio\/"]}]}},"brands":[{"id":282,"name":"Professor PUZZLE","slug":"professor-puzzle"}],"_links":{"self":[{"href":"https:\/\/inspiratio.ro\/en\/wp-json\/wp\/v2\/product\/10828","targetHints":{"allow":["GET"]}}],"collection":[{"href":"https:\/\/inspiratio.ro\/en\/wp-json\/wp\/v2\/product"}],"about":[{"href":"https:\/\/inspiratio.ro\/en\/wp-json\/wp\/v2\/types\/product"}],"replies":[{"embeddable":true,"href":"https:\/\/inspiratio.ro\/en\/wp-json\/wp\/v2\/comments?post=10828"}],"wp:featuredmedia":[{"embeddable":true,"href":"https:\/\/inspiratio.ro\/en\/wp-json\/wp\/v2\/media\/10829"}],"wp:attachment":[{"href":"https:\/\/inspiratio.ro\/en\/wp-json\/wp\/v2\/media?parent=10828"}],"wp:term":[{"taxonomy":"pwb-brand","embeddable":true,"href":"https:\/\/inspiratio.ro\/en\/wp-json\/wp\/v2\/pwb-brand?post=10828"},{"taxonomy":"product_brand","embeddable":true,"href":"https:\/\/inspiratio.ro\/en\/wp-json\/wp\/v2\/product_brand?post=10828"},{"taxonomy":"product_cat","embeddable":true,"href":"https:\/\/inspiratio.ro\/en\/wp-json\/wp\/v2\/product_cat?post=10828"},{"taxonomy":"product_tag","embeddable":true,"href":"https:\/\/inspiratio.ro\/en\/wp-json\/wp\/v2\/product_tag?post=10828"}],"curies":[{"name":"wp","href":"https:\/\/api.w.org\/{rel}","templated":true}]}}