{"id":10794,"date":"2026-04-29T10:56:43","date_gmt":"2026-04-29T07:56:43","guid":{"rendered":"https:\/\/inspiratio.ro\/?post_type=product&#038;p=10794"},"modified":"2026-04-29T11:02:33","modified_gmt":"2026-04-29T08:02:33","slug":"mat-overdose-parfum-solid-5g","status":"publish","type":"product","link":"https:\/\/inspiratio.ro\/en\/produs\/mat-overdose-parfum-solid-5g\/","title":{"rendered":"Overdose &#8211; parfum solid 5g"},"content":{"rendered":"<div class=\"ProductMeta__Description\">\n<div class=\"Rte\">\n<p>C\u2088H\u2081\u2080N\u2084O\u2082 este formula chimic\u0103 a cofeinei \u2014 dar ceea ce ne r\u0103m\u00e2ne \u00een memorie e mirosul.<\/p>\n<p>Am\u0103reala rotund\u0103 a boabelor proasp\u0103t r\u00e2\u0219nite, c\u0103ldura ce se ridic\u0103 dintr-o cea\u0219c\u0103 aburind\u0103, lini\u0219tea pe care o aduce f\u0103r\u0103 s\u0103 cear\u0103 nimic \u00een schimb.<\/p>\n<p>Pentru acest parfum solid, am ales un absolut de cafea de cea mai bun\u0103 calitate, extras din boabe pr\u0103jite premium.<\/p>\n<p>L-am \u00eembl\u00e2nzit cu vanilie natural\u0103, tutun catifelat, un strop de piper negru \u0219i accente florale de trandafir \u0219i frangipani. A rezultat o compozi\u021bie cald\u0103, texturat\u0103, care pare \u00een acela\u0219i timp familiar\u0103 \u0219i discret fascinant\u0103.<\/p>\n<p>Intens\u0103, dar niciodat\u0103 aspr\u0103. Cald\u0103, dar f\u0103r\u0103 s\u0103 devin\u0103 dulce.<\/p>\n<p>Un ritual t\u0103cut, purtat pe piele.<\/p>\n<h4><span class=\"accordion__toggle h6\">Ingrediente<\/span><\/h4>\n<div class=\"accordion__content prose\">\n<p>Acest parfum realizat din cear\u0103 de albine \u0219i uleiuri 100% naturale vine sub form\u0103 solid\u0103.<\/p>\n<p>Triglicerid caprilic\/capric, Cera alba, Parfum (Natural), Vanilin\u0103, Acetat de linalil, Ulei\/extract de floare de trandafir, Limonen, Linalol.<\/p>\n<p>100% NATURAL. F\u0102R\u0102 PETROCHIMICALE. F\u0102R\u0102 AROME SINTETICE.<\/p>\n<h4><span class=\"accordion__toggle h6\">Cum s\u0103 folose\u0219ti<\/span><\/h4>\n<div class=\"accordion__content prose\">\n<p>Folosind v\u00e2rful degetului, freac\u0103 u\u0219or suprafa\u021ba parfumului solid. C\u0103ldura pielii tale va \u00eenmuia parfumul, f\u0103c\u00e2ndu-l mai u\u0219or de aplicat. Aplic\u0103 parfumul pe punctele tale de puls. Aceste zone includ \u00eencheieturile m\u00e2inilor, \u00een spatele urechilor, baza g\u00e2tului, interiorul coatelor \u0219i \u00een spatele genunchilor. Punctele de puls sunt zone unde vasele de s\u00e2nge sunt aproape de piele, ceea ce ajut\u0103 la difuzarea parfumului.<\/p>\n<\/div>\n<\/div>\n<\/div>\n<\/div>\n","protected":false},"excerpt":{"rendered":"<p>C\u2088H\u2081\u2080N\u2084O\u2082 este formula chimic\u0103 a cofeinei \u2014 dar ceea ce ne r\u0103m\u00e2ne \u00een memorie e mirosul. Am\u0103reala rotund\u0103 a boabelor proasp\u0103t r\u00e2\u0219nite, c\u0103ldura ce se ridic\u0103 dintr-o cea\u0219c\u0103 aburind\u0103, lini\u0219tea pe care o aduce f\u0103r\u0103 s\u0103 cear\u0103 nimic \u00een schimb. Pentru acest parfum solid, am ales un absolut de cafea de cea mai bun\u0103 calitate, [&hellip;]<\/p>\n","protected":false},"featured_media":10795,"comment_status":"closed","ping_status":"closed","template":"","meta":[],"pwb-brand":[211],"product_brand":[262],"product_cat":[77],"product_tag":[],"class_list":{"0":"post-10794","1":"product","2":"type-product","3":"status-publish","4":"has-post-thumbnail","6":"pwb-brand-matca-naturals","7":"product_brand-matca-naturals","8":"product_cat-cosmetice-naturale","10":"first","11":"outofstock","12":"taxable","13":"shipping-taxable","14":"purchasable","15":"product-type-simple"},"yoast_head":"<!-- This site is optimized with the Yoast SEO plugin v26.9 - https:\/\/yoast.com\/product\/yoast-seo-wordpress\/ -->\n<title>MAT Overdose - parfum solid 5g - Inspiratio<\/title>\n<meta name=\"description\" content=\"MAT Overdose - parfum solid 5g\" \/>\n<meta name=\"robots\" content=\"index, follow, max-snippet:-1, max-image-preview:large, max-video-preview:-1\" \/>\n<link rel=\"canonical\" href=\"https:\/\/inspiratio.ro\/produs\/mat-overdose-parfum-solid-5g\/\" \/>\n<meta property=\"og:locale\" content=\"en_US\" \/>\n<meta property=\"og:type\" content=\"article\" \/>\n<meta property=\"og:title\" content=\"MAT Overdose - parfum solid 5g - Inspiratio\" \/>\n<meta property=\"og:description\" content=\"MAT Overdose - parfum solid 5g\" \/>\n<meta property=\"og:url\" content=\"https:\/\/inspiratio.ro\/produs\/mat-overdose-parfum-solid-5g\/\" \/>\n<meta property=\"og:site_name\" content=\"Inspiratio\" \/>\n<meta property=\"article:publisher\" content=\"https:\/\/www.facebook.com\/inspiratiogiftstudio\/\" \/>\n<meta property=\"article:modified_time\" content=\"2026-04-29T08:02:33+00:00\" \/>\n<meta property=\"og:image\" content=\"https:\/\/inspiratio.ro\/wp-content\/uploads\/2026\/04\/overdose.webp\" \/>\n\t<meta property=\"og:image:width\" content=\"1000\" \/>\n\t<meta property=\"og:image:height\" content=\"1167\" \/>\n\t<meta property=\"og:image:type\" content=\"image\/webp\" \/>\n<meta name=\"twitter:card\" content=\"summary_large_image\" \/>\n<meta name=\"twitter:label1\" content=\"Est. reading time\" \/>\n\t<meta name=\"twitter:data1\" content=\"2 minutes\" \/>\n<script type=\"application\/ld+json\" class=\"yoast-schema-graph\">{\"@context\":\"https:\/\/schema.org\",\"@graph\":[{\"@type\":\"WebPage\",\"@id\":\"https:\/\/inspiratio.ro\/produs\/mat-overdose-parfum-solid-5g\/\",\"url\":\"https:\/\/inspiratio.ro\/produs\/mat-overdose-parfum-solid-5g\/\",\"name\":\"MAT Overdose - parfum solid 5g - Inspiratio\",\"isPartOf\":{\"@id\":\"https:\/\/inspiratio.ro\/#website\"},\"primaryImageOfPage\":{\"@id\":\"https:\/\/inspiratio.ro\/produs\/mat-overdose-parfum-solid-5g\/#primaryimage\"},\"image\":{\"@id\":\"https:\/\/inspiratio.ro\/produs\/mat-overdose-parfum-solid-5g\/#primaryimage\"},\"thumbnailUrl\":\"https:\/\/inspiratio.ro\/wp-content\/uploads\/2026\/04\/overdose.webp\",\"datePublished\":\"2026-04-29T07:56:43+00:00\",\"dateModified\":\"2026-04-29T08:02:33+00:00\",\"description\":\"MAT Overdose - parfum solid 5g\",\"breadcrumb\":{\"@id\":\"https:\/\/inspiratio.ro\/produs\/mat-overdose-parfum-solid-5g\/#breadcrumb\"},\"inLanguage\":\"en-US\",\"potentialAction\":[{\"@type\":\"ReadAction\",\"target\":[\"https:\/\/inspiratio.ro\/produs\/mat-overdose-parfum-solid-5g\/\"]}]},{\"@type\":\"ImageObject\",\"inLanguage\":\"en-US\",\"@id\":\"https:\/\/inspiratio.ro\/produs\/mat-overdose-parfum-solid-5g\/#primaryimage\",\"url\":\"https:\/\/inspiratio.ro\/wp-content\/uploads\/2026\/04\/overdose.webp\",\"contentUrl\":\"https:\/\/inspiratio.ro\/wp-content\/uploads\/2026\/04\/overdose.webp\",\"width\":1000,\"height\":1167},{\"@type\":\"BreadcrumbList\",\"@id\":\"https:\/\/inspiratio.ro\/produs\/mat-overdose-parfum-solid-5g\/#breadcrumb\",\"itemListElement\":[{\"@type\":\"ListItem\",\"position\":1,\"name\":\"Shop\",\"item\":\"https:\/\/inspiratio.ro\/magazin-cadouri\/\"},{\"@type\":\"ListItem\",\"position\":2,\"name\":\"MAT Overdose &#8211; parfum solid 5g\"}]},{\"@type\":\"WebSite\",\"@id\":\"https:\/\/inspiratio.ro\/#website\",\"url\":\"https:\/\/inspiratio.ro\/\",\"name\":\"Inspiratio\",\"description\":\"Las\u0103-te purtat de inspira\u021bie\",\"publisher\":{\"@id\":\"https:\/\/inspiratio.ro\/#organization\"},\"potentialAction\":[{\"@type\":\"SearchAction\",\"target\":{\"@type\":\"EntryPoint\",\"urlTemplate\":\"https:\/\/inspiratio.ro\/?s={search_term_string}\"},\"query-input\":{\"@type\":\"PropertyValueSpecification\",\"valueRequired\":true,\"valueName\":\"search_term_string\"}}],\"inLanguage\":\"en-US\"},{\"@type\":\"Organization\",\"@id\":\"https:\/\/inspiratio.ro\/#organization\",\"name\":\"Inspiratio\",\"url\":\"https:\/\/inspiratio.ro\/\",\"logo\":{\"@type\":\"ImageObject\",\"inLanguage\":\"en-US\",\"@id\":\"https:\/\/inspiratio.ro\/#\/schema\/logo\/image\/\",\"url\":\"https:\/\/inspiratio.ro\/wp-content\/uploads\/2020\/06\/logo-inspiratio.png\",\"contentUrl\":\"https:\/\/inspiratio.ro\/wp-content\/uploads\/2020\/06\/logo-inspiratio.png\",\"width\":232,\"height\":209,\"caption\":\"Inspiratio\"},\"image\":{\"@id\":\"https:\/\/inspiratio.ro\/#\/schema\/logo\/image\/\"},\"sameAs\":[\"https:\/\/www.facebook.com\/inspiratiogiftstudio\/\",\"https:\/\/www.instagram.com\/inspiratio_giftstudio\/\"]}]}<\/script>\n<!-- \/ Yoast SEO plugin. -->","yoast_head_json":{"title":"MAT Overdose - parfum solid 5g - Inspiratio","description":"MAT Overdose - parfum solid 5g","robots":{"index":"index","follow":"follow","max-snippet":"max-snippet:-1","max-image-preview":"max-image-preview:large","max-video-preview":"max-video-preview:-1"},"canonical":"https:\/\/inspiratio.ro\/produs\/mat-overdose-parfum-solid-5g\/","og_locale":"en_US","og_type":"article","og_title":"MAT Overdose - parfum solid 5g - Inspiratio","og_description":"MAT Overdose - parfum solid 5g","og_url":"https:\/\/inspiratio.ro\/produs\/mat-overdose-parfum-solid-5g\/","og_site_name":"Inspiratio","article_publisher":"https:\/\/www.facebook.com\/inspiratiogiftstudio\/","article_modified_time":"2026-04-29T08:02:33+00:00","og_image":[{"width":1000,"height":1167,"url":"https:\/\/inspiratio.ro\/wp-content\/uploads\/2026\/04\/overdose.webp","type":"image\/webp"}],"twitter_card":"summary_large_image","twitter_misc":{"Est. reading time":"2 minutes"},"schema":{"@context":"https:\/\/schema.org","@graph":[{"@type":"WebPage","@id":"https:\/\/inspiratio.ro\/produs\/mat-overdose-parfum-solid-5g\/","url":"https:\/\/inspiratio.ro\/produs\/mat-overdose-parfum-solid-5g\/","name":"MAT Overdose - parfum solid 5g - Inspiratio","isPartOf":{"@id":"https:\/\/inspiratio.ro\/#website"},"primaryImageOfPage":{"@id":"https:\/\/inspiratio.ro\/produs\/mat-overdose-parfum-solid-5g\/#primaryimage"},"image":{"@id":"https:\/\/inspiratio.ro\/produs\/mat-overdose-parfum-solid-5g\/#primaryimage"},"thumbnailUrl":"https:\/\/inspiratio.ro\/wp-content\/uploads\/2026\/04\/overdose.webp","datePublished":"2026-04-29T07:56:43+00:00","dateModified":"2026-04-29T08:02:33+00:00","description":"MAT Overdose - parfum solid 5g","breadcrumb":{"@id":"https:\/\/inspiratio.ro\/produs\/mat-overdose-parfum-solid-5g\/#breadcrumb"},"inLanguage":"en-US","potentialAction":[{"@type":"ReadAction","target":["https:\/\/inspiratio.ro\/produs\/mat-overdose-parfum-solid-5g\/"]}]},{"@type":"ImageObject","inLanguage":"en-US","@id":"https:\/\/inspiratio.ro\/produs\/mat-overdose-parfum-solid-5g\/#primaryimage","url":"https:\/\/inspiratio.ro\/wp-content\/uploads\/2026\/04\/overdose.webp","contentUrl":"https:\/\/inspiratio.ro\/wp-content\/uploads\/2026\/04\/overdose.webp","width":1000,"height":1167},{"@type":"BreadcrumbList","@id":"https:\/\/inspiratio.ro\/produs\/mat-overdose-parfum-solid-5g\/#breadcrumb","itemListElement":[{"@type":"ListItem","position":1,"name":"Shop","item":"https:\/\/inspiratio.ro\/magazin-cadouri\/"},{"@type":"ListItem","position":2,"name":"MAT Overdose &#8211; parfum solid 5g"}]},{"@type":"WebSite","@id":"https:\/\/inspiratio.ro\/#website","url":"https:\/\/inspiratio.ro\/","name":"Inspiratio","description":"Las\u0103-te purtat de inspira\u021bie","publisher":{"@id":"https:\/\/inspiratio.ro\/#organization"},"potentialAction":[{"@type":"SearchAction","target":{"@type":"EntryPoint","urlTemplate":"https:\/\/inspiratio.ro\/?s={search_term_string}"},"query-input":{"@type":"PropertyValueSpecification","valueRequired":true,"valueName":"search_term_string"}}],"inLanguage":"en-US"},{"@type":"Organization","@id":"https:\/\/inspiratio.ro\/#organization","name":"Inspiratio","url":"https:\/\/inspiratio.ro\/","logo":{"@type":"ImageObject","inLanguage":"en-US","@id":"https:\/\/inspiratio.ro\/#\/schema\/logo\/image\/","url":"https:\/\/inspiratio.ro\/wp-content\/uploads\/2020\/06\/logo-inspiratio.png","contentUrl":"https:\/\/inspiratio.ro\/wp-content\/uploads\/2020\/06\/logo-inspiratio.png","width":232,"height":209,"caption":"Inspiratio"},"image":{"@id":"https:\/\/inspiratio.ro\/#\/schema\/logo\/image\/"},"sameAs":["https:\/\/www.facebook.com\/inspiratiogiftstudio\/","https:\/\/www.instagram.com\/inspiratio_giftstudio\/"]}]}},"brands":[{"id":211,"name":"MATCA NATURALS","slug":"matca-naturals"}],"_links":{"self":[{"href":"https:\/\/inspiratio.ro\/en\/wp-json\/wp\/v2\/product\/10794","targetHints":{"allow":["GET"]}}],"collection":[{"href":"https:\/\/inspiratio.ro\/en\/wp-json\/wp\/v2\/product"}],"about":[{"href":"https:\/\/inspiratio.ro\/en\/wp-json\/wp\/v2\/types\/product"}],"replies":[{"embeddable":true,"href":"https:\/\/inspiratio.ro\/en\/wp-json\/wp\/v2\/comments?post=10794"}],"wp:featuredmedia":[{"embeddable":true,"href":"https:\/\/inspiratio.ro\/en\/wp-json\/wp\/v2\/media\/10795"}],"wp:attachment":[{"href":"https:\/\/inspiratio.ro\/en\/wp-json\/wp\/v2\/media?parent=10794"}],"wp:term":[{"taxonomy":"pwb-brand","embeddable":true,"href":"https:\/\/inspiratio.ro\/en\/wp-json\/wp\/v2\/pwb-brand?post=10794"},{"taxonomy":"product_brand","embeddable":true,"href":"https:\/\/inspiratio.ro\/en\/wp-json\/wp\/v2\/product_brand?post=10794"},{"taxonomy":"product_cat","embeddable":true,"href":"https:\/\/inspiratio.ro\/en\/wp-json\/wp\/v2\/product_cat?post=10794"},{"taxonomy":"product_tag","embeddable":true,"href":"https:\/\/inspiratio.ro\/en\/wp-json\/wp\/v2\/product_tag?post=10794"}],"curies":[{"name":"wp","href":"https:\/\/api.w.org\/{rel}","templated":true}]}}