{"id":10789,"date":"2026-04-29T10:47:48","date_gmt":"2026-04-29T07:47:48","guid":{"rendered":"https:\/\/inspiratio.ro\/?post_type=product&#038;p=10789"},"modified":"2026-04-29T10:55:43","modified_gmt":"2026-04-29T07:55:43","slug":"mat-floralith-parfum-solid-5g","status":"publish","type":"product","link":"https:\/\/inspiratio.ro\/en\/produs\/mat-floralith-parfum-solid-5g\/","title":{"rendered":"Floralith &#8211; parfum solid 5g"},"content":{"rendered":"<p>Un parfum u\u0219or, revigorant \u0219i delicat \u2014 perfect pentru var\u0103. Note florale \u0219i tonuri proaspete te poart\u0103 \u00eentr-o gr\u0103din\u0103 \u00eenflorit\u0103, r\u0103coroas\u0103, \u00een lumina bl\u00e2nd\u0103 a dimine\u021bii.<\/p>\n<h4><span class=\"accordion__toggle h6\">Ingrediente<\/span><\/h4>\n<div class=\"accordion__content prose\">\n<p>Acest parfum realizat din cear\u0103 de albine \u0219i uleiuri 100% naturale vine sub form\u0103 solid\u0103.<\/p>\n<p>INGREDIENTE (INCI): Cera alba, triglicerid caprilic\/capric, Parfum (Natural), Ulei de Lavandula Hybrida, Hexil cinnamal, Tetrametil acetiloctahidronaftalene, Limonen, Acetil cedren, Citronelol, Linalol, Acetat de linalil, Ulei de coaj\u0103 de Citrus aurantium bergamia, Ulei de Pogostemon cablin, Acetat de geranil, Terpineol, Geraniol, Hidroxicitronelal, Ulei de Juniperus virginiana, beta-Cariofilen, Citral, Pinen, Alcool benzilic, C\u0103mfor, Terpinolen, alfa-Terpinen, Farnesol, Cumarina.<\/p>\n<p>100% NATURAL. F\u0102R\u0102 PETROCHIMICALE. F\u0102R\u0102 AROME SINTETICE.<\/p>\n<h4><span class=\"accordion__toggle h6\">Cum s\u0103 folose\u0219ti<\/span><\/h4>\n<div class=\"accordion__content prose\">\n<p>Folosind v\u00e2rful degetului, freac\u0103 u\u0219or suprafa\u021ba parfumului solid. C\u0103ldura pielii tale va \u00eenmuia parfumul, f\u0103c\u00e2ndu-l mai u\u0219or de aplicat. Aplic\u0103 parfumul pe punctele tale de puls. Aceste zone includ \u00eencheieturile m\u00e2inilor, \u00een spatele urechilor, baza g\u00e2tului, interiorul coatelor \u0219i \u00een spatele genunchilor. Punctele de puls sunt zone unde vasele de s\u00e2nge sunt aproape de piele, ceea ce ajut\u0103 la difuzarea parfumului.<\/p>\n<\/div>\n<\/div>\n","protected":false},"excerpt":{"rendered":"<p>Un parfum u\u0219or, revigorant \u0219i delicat \u2014 perfect pentru var\u0103. Note florale \u0219i tonuri proaspete te poart\u0103 \u00eentr-o gr\u0103din\u0103 \u00eenflorit\u0103, r\u0103coroas\u0103, \u00een lumina bl\u00e2nd\u0103 a dimine\u021bii. Ingrediente Acest parfum realizat din cear\u0103 de albine \u0219i uleiuri 100% naturale vine sub form\u0103 solid\u0103. INGREDIENTE (INCI): Cera alba, triglicerid caprilic\/capric, Parfum (Natural), Ulei de Lavandula Hybrida, Hexil [&hellip;]<\/p>\n","protected":false},"featured_media":10790,"comment_status":"closed","ping_status":"closed","template":"","meta":[],"pwb-brand":[211],"product_brand":[262],"product_cat":[77],"product_tag":[],"class_list":{"0":"post-10789","1":"product","2":"type-product","3":"status-publish","4":"has-post-thumbnail","6":"pwb-brand-matca-naturals","7":"product_brand-matca-naturals","8":"product_cat-cosmetice-naturale","10":"first","11":"instock","12":"taxable","13":"shipping-taxable","14":"purchasable","15":"product-type-simple"},"yoast_head":"<!-- This site is optimized with the Yoast SEO plugin v26.9 - https:\/\/yoast.com\/product\/yoast-seo-wordpress\/ -->\n<title>MAT Floralith - parfum solid 5g - Inspiratio<\/title>\n<meta name=\"description\" content=\"MAT Floralith - parfum solid 5g\" \/>\n<meta name=\"robots\" content=\"index, follow, max-snippet:-1, max-image-preview:large, max-video-preview:-1\" \/>\n<link rel=\"canonical\" href=\"https:\/\/inspiratio.ro\/produs\/mat-floralith-parfum-solid-5g\/\" \/>\n<meta property=\"og:locale\" content=\"en_US\" \/>\n<meta property=\"og:type\" content=\"article\" \/>\n<meta property=\"og:title\" content=\"MAT Floralith - parfum solid 5g - Inspiratio\" \/>\n<meta property=\"og:description\" content=\"MAT Floralith - parfum solid 5g\" \/>\n<meta property=\"og:url\" content=\"https:\/\/inspiratio.ro\/produs\/mat-floralith-parfum-solid-5g\/\" \/>\n<meta property=\"og:site_name\" content=\"Inspiratio\" \/>\n<meta property=\"article:publisher\" content=\"https:\/\/www.facebook.com\/inspiratiogiftstudio\/\" \/>\n<meta property=\"article:modified_time\" content=\"2026-04-29T07:55:43+00:00\" \/>\n<meta property=\"og:image\" content=\"https:\/\/inspiratio.ro\/wp-content\/uploads\/2026\/04\/floralith_45eed2b5-dd6e-4ad8-ae8c-d924bc2485a7.webp\" \/>\n\t<meta property=\"og:image:width\" content=\"1000\" \/>\n\t<meta property=\"og:image:height\" content=\"1167\" \/>\n\t<meta property=\"og:image:type\" content=\"image\/webp\" \/>\n<meta name=\"twitter:card\" content=\"summary_large_image\" \/>\n<meta name=\"twitter:label1\" content=\"Est. reading time\" \/>\n\t<meta name=\"twitter:data1\" content=\"2 minutes\" \/>\n<script type=\"application\/ld+json\" class=\"yoast-schema-graph\">{\"@context\":\"https:\/\/schema.org\",\"@graph\":[{\"@type\":\"WebPage\",\"@id\":\"https:\/\/inspiratio.ro\/produs\/mat-floralith-parfum-solid-5g\/\",\"url\":\"https:\/\/inspiratio.ro\/produs\/mat-floralith-parfum-solid-5g\/\",\"name\":\"MAT Floralith - parfum solid 5g - Inspiratio\",\"isPartOf\":{\"@id\":\"https:\/\/inspiratio.ro\/#website\"},\"primaryImageOfPage\":{\"@id\":\"https:\/\/inspiratio.ro\/produs\/mat-floralith-parfum-solid-5g\/#primaryimage\"},\"image\":{\"@id\":\"https:\/\/inspiratio.ro\/produs\/mat-floralith-parfum-solid-5g\/#primaryimage\"},\"thumbnailUrl\":\"https:\/\/inspiratio.ro\/wp-content\/uploads\/2026\/04\/floralith_45eed2b5-dd6e-4ad8-ae8c-d924bc2485a7.webp\",\"datePublished\":\"2026-04-29T07:47:48+00:00\",\"dateModified\":\"2026-04-29T07:55:43+00:00\",\"description\":\"MAT Floralith - parfum solid 5g\",\"breadcrumb\":{\"@id\":\"https:\/\/inspiratio.ro\/produs\/mat-floralith-parfum-solid-5g\/#breadcrumb\"},\"inLanguage\":\"en-US\",\"potentialAction\":[{\"@type\":\"ReadAction\",\"target\":[\"https:\/\/inspiratio.ro\/produs\/mat-floralith-parfum-solid-5g\/\"]}]},{\"@type\":\"ImageObject\",\"inLanguage\":\"en-US\",\"@id\":\"https:\/\/inspiratio.ro\/produs\/mat-floralith-parfum-solid-5g\/#primaryimage\",\"url\":\"https:\/\/inspiratio.ro\/wp-content\/uploads\/2026\/04\/floralith_45eed2b5-dd6e-4ad8-ae8c-d924bc2485a7.webp\",\"contentUrl\":\"https:\/\/inspiratio.ro\/wp-content\/uploads\/2026\/04\/floralith_45eed2b5-dd6e-4ad8-ae8c-d924bc2485a7.webp\",\"width\":1000,\"height\":1167},{\"@type\":\"BreadcrumbList\",\"@id\":\"https:\/\/inspiratio.ro\/produs\/mat-floralith-parfum-solid-5g\/#breadcrumb\",\"itemListElement\":[{\"@type\":\"ListItem\",\"position\":1,\"name\":\"Shop\",\"item\":\"https:\/\/inspiratio.ro\/magazin-cadouri\/\"},{\"@type\":\"ListItem\",\"position\":2,\"name\":\"MAT Floralith &#8211; parfum solid 5g\"}]},{\"@type\":\"WebSite\",\"@id\":\"https:\/\/inspiratio.ro\/#website\",\"url\":\"https:\/\/inspiratio.ro\/\",\"name\":\"Inspiratio\",\"description\":\"Las\u0103-te purtat de inspira\u021bie\",\"publisher\":{\"@id\":\"https:\/\/inspiratio.ro\/#organization\"},\"potentialAction\":[{\"@type\":\"SearchAction\",\"target\":{\"@type\":\"EntryPoint\",\"urlTemplate\":\"https:\/\/inspiratio.ro\/?s={search_term_string}\"},\"query-input\":{\"@type\":\"PropertyValueSpecification\",\"valueRequired\":true,\"valueName\":\"search_term_string\"}}],\"inLanguage\":\"en-US\"},{\"@type\":\"Organization\",\"@id\":\"https:\/\/inspiratio.ro\/#organization\",\"name\":\"Inspiratio\",\"url\":\"https:\/\/inspiratio.ro\/\",\"logo\":{\"@type\":\"ImageObject\",\"inLanguage\":\"en-US\",\"@id\":\"https:\/\/inspiratio.ro\/#\/schema\/logo\/image\/\",\"url\":\"https:\/\/inspiratio.ro\/wp-content\/uploads\/2020\/06\/logo-inspiratio.png\",\"contentUrl\":\"https:\/\/inspiratio.ro\/wp-content\/uploads\/2020\/06\/logo-inspiratio.png\",\"width\":232,\"height\":209,\"caption\":\"Inspiratio\"},\"image\":{\"@id\":\"https:\/\/inspiratio.ro\/#\/schema\/logo\/image\/\"},\"sameAs\":[\"https:\/\/www.facebook.com\/inspiratiogiftstudio\/\",\"https:\/\/www.instagram.com\/inspiratio_giftstudio\/\"]}]}<\/script>\n<!-- \/ Yoast SEO plugin. -->","yoast_head_json":{"title":"MAT Floralith - parfum solid 5g - Inspiratio","description":"MAT Floralith - parfum solid 5g","robots":{"index":"index","follow":"follow","max-snippet":"max-snippet:-1","max-image-preview":"max-image-preview:large","max-video-preview":"max-video-preview:-1"},"canonical":"https:\/\/inspiratio.ro\/produs\/mat-floralith-parfum-solid-5g\/","og_locale":"en_US","og_type":"article","og_title":"MAT Floralith - parfum solid 5g - Inspiratio","og_description":"MAT Floralith - parfum solid 5g","og_url":"https:\/\/inspiratio.ro\/produs\/mat-floralith-parfum-solid-5g\/","og_site_name":"Inspiratio","article_publisher":"https:\/\/www.facebook.com\/inspiratiogiftstudio\/","article_modified_time":"2026-04-29T07:55:43+00:00","og_image":[{"width":1000,"height":1167,"url":"https:\/\/inspiratio.ro\/wp-content\/uploads\/2026\/04\/floralith_45eed2b5-dd6e-4ad8-ae8c-d924bc2485a7.webp","type":"image\/webp"}],"twitter_card":"summary_large_image","twitter_misc":{"Est. reading time":"2 minutes"},"schema":{"@context":"https:\/\/schema.org","@graph":[{"@type":"WebPage","@id":"https:\/\/inspiratio.ro\/produs\/mat-floralith-parfum-solid-5g\/","url":"https:\/\/inspiratio.ro\/produs\/mat-floralith-parfum-solid-5g\/","name":"MAT Floralith - parfum solid 5g - Inspiratio","isPartOf":{"@id":"https:\/\/inspiratio.ro\/#website"},"primaryImageOfPage":{"@id":"https:\/\/inspiratio.ro\/produs\/mat-floralith-parfum-solid-5g\/#primaryimage"},"image":{"@id":"https:\/\/inspiratio.ro\/produs\/mat-floralith-parfum-solid-5g\/#primaryimage"},"thumbnailUrl":"https:\/\/inspiratio.ro\/wp-content\/uploads\/2026\/04\/floralith_45eed2b5-dd6e-4ad8-ae8c-d924bc2485a7.webp","datePublished":"2026-04-29T07:47:48+00:00","dateModified":"2026-04-29T07:55:43+00:00","description":"MAT Floralith - parfum solid 5g","breadcrumb":{"@id":"https:\/\/inspiratio.ro\/produs\/mat-floralith-parfum-solid-5g\/#breadcrumb"},"inLanguage":"en-US","potentialAction":[{"@type":"ReadAction","target":["https:\/\/inspiratio.ro\/produs\/mat-floralith-parfum-solid-5g\/"]}]},{"@type":"ImageObject","inLanguage":"en-US","@id":"https:\/\/inspiratio.ro\/produs\/mat-floralith-parfum-solid-5g\/#primaryimage","url":"https:\/\/inspiratio.ro\/wp-content\/uploads\/2026\/04\/floralith_45eed2b5-dd6e-4ad8-ae8c-d924bc2485a7.webp","contentUrl":"https:\/\/inspiratio.ro\/wp-content\/uploads\/2026\/04\/floralith_45eed2b5-dd6e-4ad8-ae8c-d924bc2485a7.webp","width":1000,"height":1167},{"@type":"BreadcrumbList","@id":"https:\/\/inspiratio.ro\/produs\/mat-floralith-parfum-solid-5g\/#breadcrumb","itemListElement":[{"@type":"ListItem","position":1,"name":"Shop","item":"https:\/\/inspiratio.ro\/magazin-cadouri\/"},{"@type":"ListItem","position":2,"name":"MAT Floralith &#8211; parfum solid 5g"}]},{"@type":"WebSite","@id":"https:\/\/inspiratio.ro\/#website","url":"https:\/\/inspiratio.ro\/","name":"Inspiratio","description":"Las\u0103-te purtat de inspira\u021bie","publisher":{"@id":"https:\/\/inspiratio.ro\/#organization"},"potentialAction":[{"@type":"SearchAction","target":{"@type":"EntryPoint","urlTemplate":"https:\/\/inspiratio.ro\/?s={search_term_string}"},"query-input":{"@type":"PropertyValueSpecification","valueRequired":true,"valueName":"search_term_string"}}],"inLanguage":"en-US"},{"@type":"Organization","@id":"https:\/\/inspiratio.ro\/#organization","name":"Inspiratio","url":"https:\/\/inspiratio.ro\/","logo":{"@type":"ImageObject","inLanguage":"en-US","@id":"https:\/\/inspiratio.ro\/#\/schema\/logo\/image\/","url":"https:\/\/inspiratio.ro\/wp-content\/uploads\/2020\/06\/logo-inspiratio.png","contentUrl":"https:\/\/inspiratio.ro\/wp-content\/uploads\/2020\/06\/logo-inspiratio.png","width":232,"height":209,"caption":"Inspiratio"},"image":{"@id":"https:\/\/inspiratio.ro\/#\/schema\/logo\/image\/"},"sameAs":["https:\/\/www.facebook.com\/inspiratiogiftstudio\/","https:\/\/www.instagram.com\/inspiratio_giftstudio\/"]}]}},"brands":[{"id":211,"name":"MATCA NATURALS","slug":"matca-naturals"}],"_links":{"self":[{"href":"https:\/\/inspiratio.ro\/en\/wp-json\/wp\/v2\/product\/10789","targetHints":{"allow":["GET"]}}],"collection":[{"href":"https:\/\/inspiratio.ro\/en\/wp-json\/wp\/v2\/product"}],"about":[{"href":"https:\/\/inspiratio.ro\/en\/wp-json\/wp\/v2\/types\/product"}],"replies":[{"embeddable":true,"href":"https:\/\/inspiratio.ro\/en\/wp-json\/wp\/v2\/comments?post=10789"}],"wp:featuredmedia":[{"embeddable":true,"href":"https:\/\/inspiratio.ro\/en\/wp-json\/wp\/v2\/media\/10790"}],"wp:attachment":[{"href":"https:\/\/inspiratio.ro\/en\/wp-json\/wp\/v2\/media?parent=10789"}],"wp:term":[{"taxonomy":"pwb-brand","embeddable":true,"href":"https:\/\/inspiratio.ro\/en\/wp-json\/wp\/v2\/pwb-brand?post=10789"},{"taxonomy":"product_brand","embeddable":true,"href":"https:\/\/inspiratio.ro\/en\/wp-json\/wp\/v2\/product_brand?post=10789"},{"taxonomy":"product_cat","embeddable":true,"href":"https:\/\/inspiratio.ro\/en\/wp-json\/wp\/v2\/product_cat?post=10789"},{"taxonomy":"product_tag","embeddable":true,"href":"https:\/\/inspiratio.ro\/en\/wp-json\/wp\/v2\/product_tag?post=10789"}],"curies":[{"name":"wp","href":"https:\/\/api.w.org\/{rel}","templated":true}]}}