{"id":10737,"date":"2026-03-25T17:17:07","date_gmt":"2026-03-25T15:17:07","guid":{"rendered":"https:\/\/inspiratio.ro\/?post_type=product&#038;p=10737"},"modified":"2026-03-25T17:32:04","modified_gmt":"2026-03-25T15:32:04","slug":"fim-pudra-de-zmeura-80g","status":"publish","type":"product","link":"https:\/\/inspiratio.ro\/en\/produs\/fim-pudra-de-zmeura-80g\/","title":{"rendered":"Pudr\u0103 de zmeur\u0103 la borcan, 80g"},"content":{"rendered":"<div class=\"shopify-section\">\n<p style=\"font-weight: 400;\"><b><strong>Mod de utilizare:<\/strong><\/b><\/p>\n<p style=\"font-weight: 400;\">\ud83c\udf53\u00a0<b><strong>Smoothie-uri \u0219i cocktailuri<\/strong><\/b>\u00a0\u2013 Adaug\u0103 pudra de zmeur\u0103 \u00een b\u0103uturile tale preferate pentru un gust intens, natural \u0219i delicios.<\/p>\n<p style=\"font-weight: 400;\">\ud83c\udf82\u00a0<b><strong>Decora\u021biuni pentru cofet\u0103rie<\/strong><\/b>\u00a0\u2013 Perfect\u0103 pentru ornarea deserturilor, oferind at\u00e2t o culoare vibrant\u0103, c\u00e2t \u0219i o arom\u0103 autentic\u0103 de zmeur\u0103.<\/p>\n<p style=\"font-weight: 400;\">\ud83e\udd57\u00a0<b><strong>Re\u021bete s\u0103n\u0103toase<\/strong><\/b>\u00a0\u2013 Ideal\u0103 pentru \u00eembog\u0103\u021birea preparatelor nutritive, de la iaurturi \u0219i cereale p\u00e2n\u0103 la deserturi f\u0103r\u0103 zah\u0103r.<\/p>\n<p style=\"font-weight: 400;\"><b><strong>Ingrediente:<\/strong><\/b><\/p>\n<p style=\"font-weight: 400;\">100% pudra de zmeura (Rubus idaeus) uscata si macinata din agricultura ecologica.<\/p>\n<p style=\"font-weight: 400;\"><strong>Declaratie nutritionala valori medii pentru 100g:<\/strong><\/p>\n<ul>\n<li><span style=\"font-size: 13px;\">Valoare energetica 1574J\/376Kcal\u00a0<\/span><\/li>\n<li><span style=\"font-size: 13px;\">Grasimi 4.0g<\/span><\/li>\n<li><span style=\"font-size: 13px;\">din care acizi grasi saturati 0.07g<\/span><\/li>\n<li><span style=\"font-size: 13px;\">Glucide 36.0g<\/span><\/li>\n<li><span style=\"font-size: 13px;\">din care zaharuri\u00a029.0g<\/span><\/li>\n<li><span style=\"font-size: 13px;\">Fibre 42.0g<\/span><\/li>\n<li><span style=\"font-size: 13px;\">Proteine 9g<\/span><\/li>\n<li><span style=\"font-size: 13px;\">Saruri\/ sodiu 0.02g<\/span><\/li>\n<\/ul>\n<\/div>\n","protected":false},"excerpt":{"rendered":"<p>Mod de utilizare: \ud83c\udf53\u00a0Smoothie-uri \u0219i cocktailuri\u00a0\u2013 Adaug\u0103 pudra de zmeur\u0103 \u00een b\u0103uturile tale preferate pentru un gust intens, natural \u0219i delicios. \ud83c\udf82\u00a0Decora\u021biuni pentru cofet\u0103rie\u00a0\u2013 Perfect\u0103 pentru ornarea deserturilor, oferind at\u00e2t o culoare vibrant\u0103, c\u00e2t \u0219i o arom\u0103 autentic\u0103 de zmeur\u0103. \ud83e\udd57\u00a0Re\u021bete s\u0103n\u0103toase\u00a0\u2013 Ideal\u0103 pentru \u00eembog\u0103\u021birea preparatelor nutritive, de la iaurturi \u0219i cereale p\u00e2n\u0103 la deserturi [&hellip;]<\/p>\n","protected":false},"featured_media":10739,"comment_status":"closed","ping_status":"closed","template":"","meta":[],"pwb-brand":[269],"product_brand":[270],"product_cat":[117],"product_tag":[],"class_list":{"0":"post-10737","1":"product","2":"type-product","3":"status-publish","4":"has-post-thumbnail","6":"pwb-brand-transylvanias-finest-foods","7":"product_brand-transylvanias-finest-foods","8":"product_cat-specialitati-gourmet","10":"first","11":"instock","12":"taxable","13":"shipping-taxable","14":"purchasable","15":"product-type-simple"},"yoast_head":"<!-- This site is optimized with the Yoast SEO plugin v26.9 - https:\/\/yoast.com\/product\/yoast-seo-wordpress\/ -->\n<title>FIM Pudr\u0103 de zmeur\u0103 la borcan, 80g - Inspiratio<\/title>\n<meta name=\"description\" content=\"FIM Pudra de zmeura 80g\" \/>\n<meta name=\"robots\" content=\"index, follow, max-snippet:-1, max-image-preview:large, max-video-preview:-1\" \/>\n<link rel=\"canonical\" href=\"https:\/\/inspiratio.ro\/produs\/fim-pudra-de-zmeura-80g\/\" \/>\n<meta property=\"og:locale\" content=\"en_US\" \/>\n<meta property=\"og:type\" content=\"article\" \/>\n<meta property=\"og:title\" content=\"FIM Pudr\u0103 de zmeur\u0103 la borcan, 80g - Inspiratio\" \/>\n<meta property=\"og:description\" content=\"FIM Pudra de zmeura 80g\" \/>\n<meta property=\"og:url\" content=\"https:\/\/inspiratio.ro\/produs\/fim-pudra-de-zmeura-80g\/\" \/>\n<meta property=\"og:site_name\" content=\"Inspiratio\" \/>\n<meta property=\"article:publisher\" content=\"https:\/\/www.facebook.com\/inspiratiogiftstudio\/\" \/>\n<meta property=\"article:modified_time\" content=\"2026-03-25T15:32:04+00:00\" \/>\n<meta property=\"og:image\" content=\"https:\/\/inspiratio.ro\/wp-content\/uploads\/2026\/03\/94_Pudra-de-zmeura_cantitate-neta_80-gr_web_900x.webp\" \/>\n\t<meta property=\"og:image:width\" content=\"600\" \/>\n\t<meta property=\"og:image:height\" content=\"686\" \/>\n\t<meta property=\"og:image:type\" content=\"image\/webp\" \/>\n<meta name=\"twitter:card\" content=\"summary_large_image\" \/>\n<meta name=\"twitter:label1\" content=\"Est. reading time\" \/>\n\t<meta name=\"twitter:data1\" content=\"1 minute\" \/>\n<script type=\"application\/ld+json\" class=\"yoast-schema-graph\">{\"@context\":\"https:\/\/schema.org\",\"@graph\":[{\"@type\":\"WebPage\",\"@id\":\"https:\/\/inspiratio.ro\/produs\/fim-pudra-de-zmeura-80g\/\",\"url\":\"https:\/\/inspiratio.ro\/produs\/fim-pudra-de-zmeura-80g\/\",\"name\":\"FIM Pudr\u0103 de zmeur\u0103 la borcan, 80g - Inspiratio\",\"isPartOf\":{\"@id\":\"https:\/\/inspiratio.ro\/#website\"},\"primaryImageOfPage\":{\"@id\":\"https:\/\/inspiratio.ro\/produs\/fim-pudra-de-zmeura-80g\/#primaryimage\"},\"image\":{\"@id\":\"https:\/\/inspiratio.ro\/produs\/fim-pudra-de-zmeura-80g\/#primaryimage\"},\"thumbnailUrl\":\"https:\/\/inspiratio.ro\/wp-content\/uploads\/2026\/03\/94_Pudra-de-zmeura_cantitate-neta_80-gr_web_900x.webp\",\"datePublished\":\"2026-03-25T15:17:07+00:00\",\"dateModified\":\"2026-03-25T15:32:04+00:00\",\"description\":\"FIM Pudra de zmeura 80g\",\"breadcrumb\":{\"@id\":\"https:\/\/inspiratio.ro\/produs\/fim-pudra-de-zmeura-80g\/#breadcrumb\"},\"inLanguage\":\"en-US\",\"potentialAction\":[{\"@type\":\"ReadAction\",\"target\":[\"https:\/\/inspiratio.ro\/produs\/fim-pudra-de-zmeura-80g\/\"]}]},{\"@type\":\"ImageObject\",\"inLanguage\":\"en-US\",\"@id\":\"https:\/\/inspiratio.ro\/produs\/fim-pudra-de-zmeura-80g\/#primaryimage\",\"url\":\"https:\/\/inspiratio.ro\/wp-content\/uploads\/2026\/03\/94_Pudra-de-zmeura_cantitate-neta_80-gr_web_900x.webp\",\"contentUrl\":\"https:\/\/inspiratio.ro\/wp-content\/uploads\/2026\/03\/94_Pudra-de-zmeura_cantitate-neta_80-gr_web_900x.webp\",\"width\":600,\"height\":686},{\"@type\":\"BreadcrumbList\",\"@id\":\"https:\/\/inspiratio.ro\/produs\/fim-pudra-de-zmeura-80g\/#breadcrumb\",\"itemListElement\":[{\"@type\":\"ListItem\",\"position\":1,\"name\":\"Shop\",\"item\":\"https:\/\/inspiratio.ro\/magazin-cadouri\/\"},{\"@type\":\"ListItem\",\"position\":2,\"name\":\"FIM Pudr\u0103 de zmeur\u0103 la borcan, 80g\"}]},{\"@type\":\"WebSite\",\"@id\":\"https:\/\/inspiratio.ro\/#website\",\"url\":\"https:\/\/inspiratio.ro\/\",\"name\":\"Inspiratio\",\"description\":\"Las\u0103-te purtat de inspira\u021bie\",\"publisher\":{\"@id\":\"https:\/\/inspiratio.ro\/#organization\"},\"potentialAction\":[{\"@type\":\"SearchAction\",\"target\":{\"@type\":\"EntryPoint\",\"urlTemplate\":\"https:\/\/inspiratio.ro\/?s={search_term_string}\"},\"query-input\":{\"@type\":\"PropertyValueSpecification\",\"valueRequired\":true,\"valueName\":\"search_term_string\"}}],\"inLanguage\":\"en-US\"},{\"@type\":\"Organization\",\"@id\":\"https:\/\/inspiratio.ro\/#organization\",\"name\":\"Inspiratio\",\"url\":\"https:\/\/inspiratio.ro\/\",\"logo\":{\"@type\":\"ImageObject\",\"inLanguage\":\"en-US\",\"@id\":\"https:\/\/inspiratio.ro\/#\/schema\/logo\/image\/\",\"url\":\"https:\/\/inspiratio.ro\/wp-content\/uploads\/2020\/06\/logo-inspiratio.png\",\"contentUrl\":\"https:\/\/inspiratio.ro\/wp-content\/uploads\/2020\/06\/logo-inspiratio.png\",\"width\":232,\"height\":209,\"caption\":\"Inspiratio\"},\"image\":{\"@id\":\"https:\/\/inspiratio.ro\/#\/schema\/logo\/image\/\"},\"sameAs\":[\"https:\/\/www.facebook.com\/inspiratiogiftstudio\/\",\"https:\/\/www.instagram.com\/inspiratio_giftstudio\/\"]}]}<\/script>\n<!-- \/ Yoast SEO plugin. -->","yoast_head_json":{"title":"FIM Pudr\u0103 de zmeur\u0103 la borcan, 80g - Inspiratio","description":"FIM Pudra de zmeura 80g","robots":{"index":"index","follow":"follow","max-snippet":"max-snippet:-1","max-image-preview":"max-image-preview:large","max-video-preview":"max-video-preview:-1"},"canonical":"https:\/\/inspiratio.ro\/produs\/fim-pudra-de-zmeura-80g\/","og_locale":"en_US","og_type":"article","og_title":"FIM Pudr\u0103 de zmeur\u0103 la borcan, 80g - Inspiratio","og_description":"FIM Pudra de zmeura 80g","og_url":"https:\/\/inspiratio.ro\/produs\/fim-pudra-de-zmeura-80g\/","og_site_name":"Inspiratio","article_publisher":"https:\/\/www.facebook.com\/inspiratiogiftstudio\/","article_modified_time":"2026-03-25T15:32:04+00:00","og_image":[{"width":600,"height":686,"url":"https:\/\/inspiratio.ro\/wp-content\/uploads\/2026\/03\/94_Pudra-de-zmeura_cantitate-neta_80-gr_web_900x.webp","type":"image\/webp"}],"twitter_card":"summary_large_image","twitter_misc":{"Est. reading time":"1 minute"},"schema":{"@context":"https:\/\/schema.org","@graph":[{"@type":"WebPage","@id":"https:\/\/inspiratio.ro\/produs\/fim-pudra-de-zmeura-80g\/","url":"https:\/\/inspiratio.ro\/produs\/fim-pudra-de-zmeura-80g\/","name":"FIM Pudr\u0103 de zmeur\u0103 la borcan, 80g - Inspiratio","isPartOf":{"@id":"https:\/\/inspiratio.ro\/#website"},"primaryImageOfPage":{"@id":"https:\/\/inspiratio.ro\/produs\/fim-pudra-de-zmeura-80g\/#primaryimage"},"image":{"@id":"https:\/\/inspiratio.ro\/produs\/fim-pudra-de-zmeura-80g\/#primaryimage"},"thumbnailUrl":"https:\/\/inspiratio.ro\/wp-content\/uploads\/2026\/03\/94_Pudra-de-zmeura_cantitate-neta_80-gr_web_900x.webp","datePublished":"2026-03-25T15:17:07+00:00","dateModified":"2026-03-25T15:32:04+00:00","description":"FIM Pudra de zmeura 80g","breadcrumb":{"@id":"https:\/\/inspiratio.ro\/produs\/fim-pudra-de-zmeura-80g\/#breadcrumb"},"inLanguage":"en-US","potentialAction":[{"@type":"ReadAction","target":["https:\/\/inspiratio.ro\/produs\/fim-pudra-de-zmeura-80g\/"]}]},{"@type":"ImageObject","inLanguage":"en-US","@id":"https:\/\/inspiratio.ro\/produs\/fim-pudra-de-zmeura-80g\/#primaryimage","url":"https:\/\/inspiratio.ro\/wp-content\/uploads\/2026\/03\/94_Pudra-de-zmeura_cantitate-neta_80-gr_web_900x.webp","contentUrl":"https:\/\/inspiratio.ro\/wp-content\/uploads\/2026\/03\/94_Pudra-de-zmeura_cantitate-neta_80-gr_web_900x.webp","width":600,"height":686},{"@type":"BreadcrumbList","@id":"https:\/\/inspiratio.ro\/produs\/fim-pudra-de-zmeura-80g\/#breadcrumb","itemListElement":[{"@type":"ListItem","position":1,"name":"Shop","item":"https:\/\/inspiratio.ro\/magazin-cadouri\/"},{"@type":"ListItem","position":2,"name":"FIM Pudr\u0103 de zmeur\u0103 la borcan, 80g"}]},{"@type":"WebSite","@id":"https:\/\/inspiratio.ro\/#website","url":"https:\/\/inspiratio.ro\/","name":"Inspiratio","description":"Las\u0103-te purtat de inspira\u021bie","publisher":{"@id":"https:\/\/inspiratio.ro\/#organization"},"potentialAction":[{"@type":"SearchAction","target":{"@type":"EntryPoint","urlTemplate":"https:\/\/inspiratio.ro\/?s={search_term_string}"},"query-input":{"@type":"PropertyValueSpecification","valueRequired":true,"valueName":"search_term_string"}}],"inLanguage":"en-US"},{"@type":"Organization","@id":"https:\/\/inspiratio.ro\/#organization","name":"Inspiratio","url":"https:\/\/inspiratio.ro\/","logo":{"@type":"ImageObject","inLanguage":"en-US","@id":"https:\/\/inspiratio.ro\/#\/schema\/logo\/image\/","url":"https:\/\/inspiratio.ro\/wp-content\/uploads\/2020\/06\/logo-inspiratio.png","contentUrl":"https:\/\/inspiratio.ro\/wp-content\/uploads\/2020\/06\/logo-inspiratio.png","width":232,"height":209,"caption":"Inspiratio"},"image":{"@id":"https:\/\/inspiratio.ro\/#\/schema\/logo\/image\/"},"sameAs":["https:\/\/www.facebook.com\/inspiratiogiftstudio\/","https:\/\/www.instagram.com\/inspiratio_giftstudio\/"]}]}},"brands":[{"id":269,"name":"Transylvania's Finest Foods","slug":"transylvanias-finest-foods"}],"_links":{"self":[{"href":"https:\/\/inspiratio.ro\/en\/wp-json\/wp\/v2\/product\/10737","targetHints":{"allow":["GET"]}}],"collection":[{"href":"https:\/\/inspiratio.ro\/en\/wp-json\/wp\/v2\/product"}],"about":[{"href":"https:\/\/inspiratio.ro\/en\/wp-json\/wp\/v2\/types\/product"}],"replies":[{"embeddable":true,"href":"https:\/\/inspiratio.ro\/en\/wp-json\/wp\/v2\/comments?post=10737"}],"wp:featuredmedia":[{"embeddable":true,"href":"https:\/\/inspiratio.ro\/en\/wp-json\/wp\/v2\/media\/10739"}],"wp:attachment":[{"href":"https:\/\/inspiratio.ro\/en\/wp-json\/wp\/v2\/media?parent=10737"}],"wp:term":[{"taxonomy":"pwb-brand","embeddable":true,"href":"https:\/\/inspiratio.ro\/en\/wp-json\/wp\/v2\/pwb-brand?post=10737"},{"taxonomy":"product_brand","embeddable":true,"href":"https:\/\/inspiratio.ro\/en\/wp-json\/wp\/v2\/product_brand?post=10737"},{"taxonomy":"product_cat","embeddable":true,"href":"https:\/\/inspiratio.ro\/en\/wp-json\/wp\/v2\/product_cat?post=10737"},{"taxonomy":"product_tag","embeddable":true,"href":"https:\/\/inspiratio.ro\/en\/wp-json\/wp\/v2\/product_tag?post=10737"}],"curies":[{"name":"wp","href":"https:\/\/api.w.org\/{rel}","templated":true}]}}